{"id":7657,"date":"2020-12-08T13:47:48","date_gmt":"2020-12-08T12:47:48","guid":{"rendered":"http:\/\/onlinelotto365.net\/?page_id=7657"},"modified":"2021-01-05T13:29:40","modified_gmt":"2021-01-05T12:29:40","slug":"eurojackpot","status":"publish","type":"page","link":"https:\/\/onlinelotto365.com\/es\/numeros-ganadores\/eurojackpot\/","title":{"rendered":"Compruebe los n\u00fameros ganadores del Eurojackpot aqu\u00ed"},"content":{"rendered":"<p>Hay muchas <a href=\"https:\/\/onlinelotto365.com\/es\/news\/como-jugar-loteria-internacional\">diferentes loter\u00edas internacionales<\/a> disponibles a trav\u00e9s de nuestra p\u00e1gina web, lo que significa que encontrar los n\u00fameros y los resultados podr\u00eda ser dif\u00edcil para algunos. Y cuando se trata de encontrar los n\u00fameros en otro lugar, las cosas pueden empeorar a\u00fan m\u00e1s. Probablemente no encontrar\u00e1s los n\u00fameros de la Eurojackpot en tu peri\u00f3dico local y tambi\u00e9n pueden ser dif\u00edciles de encontrar en la televisi\u00f3n. Especialmente porque a menudo no se transmiten en directo.<\/p>\n<p>Tambi\u00e9n puede revisar el sitio web de la loter\u00eda Eurojackpot, que le da una transmisi\u00f3n en vivo de los resultados y el sorteo. Este proceso puede ser muy divertido, y definitivamente te permite saber si has ganado mucho m\u00e1s r\u00e1pido. Pero no siempre es posible y va a requerir que tengas el tiempo adecuado.<\/p>\n<p>Si est\u00e1s buscando n\u00fameros despu\u00e9s del sorteo, siempre puedes consultar en YouTube para ver si el sorteo est\u00e1 disponible o si alguien tiene un video con los n\u00fameros ganadores.<br \/>\n<a href=\"https:\/\/redfoxlotto.com\/es\/jugar\/eurojackpot\/?ref=a8564250a2&amp;medium=ol365\" target=\"_blank\" rel=\"noopener noreferrer\"><img decoding=\"async\" class=\"aligncenter\" src=\"https:\/\/redfoxlotto.com\/image?size=8&amp;lottery=eurojackpot\" alt=\"eurojackpot\" \/><\/a><\/p>\n<p>La manera m\u00e1s f\u00e1cil para que usted <strong>encuentre los n\u00fameros ganadores, e incluso ver todos los premios y resultados,<\/strong> es visitar nuestra p\u00e1gina web en la <a href=\"https:\/\/onlinelotto365.com\/es\/numeros-ganadores\">p\u00e1gina de resultados de la loter\u00eda<\/a>. Va a ofrecer todos los n\u00fameros ganadores del Eurojackpot y todos los dem\u00e1s juegos que tenemos disponibles.<\/p>\n<h2>C\u00f3mo averiguar si su boleto en l\u00ednea ha ganado<\/h2>\n<p><strong><img loading=\"lazy\" decoding=\"async\" class=\"alignright wp-image-3653\" src=\"https:\/\/onlinelotto365.com\/wp-content\/uploads\/2020\/11\/online_lottery-144-300x300.jpg\" alt=\"N\u00fameros ganadores del Eurojackpot\" width=\"114\" height=\"115\" srcset=\"https:\/\/onlinelotto365.com\/wp-content\/uploads\/2020\/11\/online_lottery-144-300x300.jpg 300w, https:\/\/onlinelotto365.com\/wp-content\/uploads\/2020\/11\/online_lottery-144-100x100.jpg 100w, https:\/\/onlinelotto365.com\/wp-content\/uploads\/2020\/11\/online_lottery-144-150x150.jpg 150w, https:\/\/onlinelotto365.com\/wp-content\/uploads\/2020\/11\/online_lottery-144.jpg 320w\" sizes=\"auto, (max-width: 114px) 100vw, 114px\" \/>\u00bfCompr\u00f3 un billete para el Eurojackpot?<\/strong> Si lo hizo ni siquiera tiene que ir a la p\u00e1gina de resultados. Todo lo que tiene que hacer es ir a su cuenta y podr\u00e1 ver los n\u00fameros ganadores justo al lado de su billete. Incluso podr\u00e1s ver qu\u00e9 n\u00fameros han sido emparejados y cu\u00e1les no y ver cu\u00e1nto has ganado como resultado. Si ha ganado menos de 2500 euros, recibir\u00e1 el dinero depositado en su cuenta inmediatamente, tan pronto como se confirmen los n\u00fameros de la loter\u00eda.<\/p>\n<h2>Archivo de resultados del Eurojackpot<\/h2>\n<p>Nuestra p\u00e1gina web le mostrar\u00e1 los resultados de <strong>last Eurojackpot<\/strong> pero tambi\u00e9n le dar\u00e1 muchas opciones para comprobar los dibujos m\u00e1s antiguos. Esto puede ser utilizado para comprobar los billetes m\u00e1s antiguos o si usted est\u00e1 buscando los mejores n\u00fameros para probar la pr\u00f3xima vez que compre un billete. De hecho, es una de las estrategias de loter\u00eda m\u00e1s populares que la gente usa.<\/p>\n<h2>Mi boleto ha ganado, \u00bfqu\u00e9 pasa despu\u00e9s?<\/h2>\n<p>Ya hemos hablado de premios que son menos de 2500 euros. Se depositan inmediatamente en su cuenta y luego puede elegir entre comprar m\u00e1s boletos o retirar parte o todo el dinero. S\u00f3lo tienes que asegurarte de que tienes al menos 10 euros en tu cuenta para poder retirarlo al m\u00e9todo que elijas.<\/p>\n<p>Puedes elegir entre retirar en tu cuenta bancaria o en tu tarjeta de cr\u00e9dito, pero tambi\u00e9n hacemos que este proceso sea f\u00e1cil. Queremos que puedas obtener tu dinero, pero tenemos que seguir algunos pasos para que ese dinero llegue a tu cuenta. Despu\u00e9s de todo, hay regulaciones estrictas sobre la transferencia de dinero en l\u00ednea.<\/p>\n","protected":false},"excerpt":{"rendered":"<p>Hay muchas diferentes loter\u00edas internacionales disponibles a trav\u00e9s de nuestra p\u00e1gina web, lo que significa que encontrar los n\u00fameros y los resultados podr\u00eda ser dif\u00edcil para algunos. Y cuando se trata de encontrar los n\u00fameros en otro lugar, las cosas pueden empeorar a\u00fan m\u00e1s. Probablemente no encontrar\u00e1s los n\u00fameros de la Eurojackpot en tu peri\u00f3dico [&hellip;]<\/p>\n","protected":false},"author":1,"featured_media":0,"parent":3801,"menu_order":4,"comment_status":"closed","ping_status":"closed","template":"","meta":{"_et_pb_use_builder":"","_et_pb_old_content":"","_et_gb_content_width":"","exclude_from_search":false,"footnotes":""},"class_list":["post-7657","page","type-page","status-publish","hentry"],"yoast_head":"<!-- This site is optimized with the Yoast SEO plugin v23.4 - https:\/\/yoast.com\/wordpress\/plugins\/seo\/ -->\n<title>N\u00fameros ganadores del Eurojackpot | Compruebe los resultados del sorteo y las ganancias del Eurojackpot aqu\u00ed<\/title>\n<meta name=\"description\" content=\"Publicamos los resultados del Eurojackpot y los n\u00fameros ganadores, adem\u00e1s de un archivo de los sorteos anteriores.\" \/>\n<meta name=\"robots\" content=\"index, follow, max-snippet:-1, max-image-preview:large, max-video-preview:-1\" \/>\n<link rel=\"canonical\" href=\"https:\/\/onlinelotto365.com\/es\/numeros-ganadores\/eurojackpot\/\" \/>\n<meta property=\"og:locale\" content=\"es_ES\" \/>\n<meta property=\"og:type\" content=\"article\" \/>\n<meta property=\"og:title\" content=\"N\u00fameros ganadores del Eurojackpot | Compruebe los resultados del sorteo y las ganancias del Eurojackpot aqu\u00ed\" \/>\n<meta property=\"og:description\" content=\"Publicamos los resultados del Eurojackpot y los n\u00fameros ganadores, adem\u00e1s de un archivo de los sorteos anteriores.\" \/>\n<meta property=\"og:url\" content=\"https:\/\/onlinelotto365.com\/es\/numeros-ganadores\/eurojackpot\/\" \/>\n<meta property=\"og:site_name\" content=\"OnlineLotto365\" \/>\n<meta property=\"article:modified_time\" content=\"2021-01-05T12:29:40+00:00\" \/>\n<meta property=\"og:image\" content=\"https:\/\/redfoxlotto.com\/image?size=8&amp;lottery=eurojackpot\" \/>\n<meta name=\"twitter:card\" content=\"summary_large_image\" \/>\n<meta name=\"twitter:label1\" content=\"Tiempo de lectura\" \/>\n\t<meta name=\"twitter:data1\" content=\"3 minutos\" \/>\n<script type=\"application\/ld+json\" class=\"yoast-schema-graph\">{\"@context\":\"https:\/\/schema.org\",\"@graph\":[{\"@type\":\"WebPage\",\"@id\":\"https:\/\/onlinelotto365.com\/es\/numeros-ganadores\/eurojackpot\/\",\"url\":\"https:\/\/onlinelotto365.com\/es\/numeros-ganadores\/eurojackpot\/\",\"name\":\"N\u00fameros ganadores del Eurojackpot | Compruebe los resultados del sorteo y las ganancias del Eurojackpot aqu\u00ed\",\"isPartOf\":{\"@id\":\"https:\/\/onlinelotto365.com\/es\/#website\"},\"primaryImageOfPage\":{\"@id\":\"https:\/\/onlinelotto365.com\/es\/numeros-ganadores\/eurojackpot\/#primaryimage\"},\"image\":{\"@id\":\"https:\/\/onlinelotto365.com\/es\/numeros-ganadores\/eurojackpot\/#primaryimage\"},\"thumbnailUrl\":\"https:\/\/redfoxlotto.com\/image?size=8&amp;lottery=eurojackpot\",\"datePublished\":\"2020-12-08T12:47:48+00:00\",\"dateModified\":\"2021-01-05T12:29:40+00:00\",\"description\":\"Publicamos los resultados del Eurojackpot y los n\u00fameros ganadores, adem\u00e1s de un archivo de los sorteos anteriores.\",\"breadcrumb\":{\"@id\":\"https:\/\/onlinelotto365.com\/es\/numeros-ganadores\/eurojackpot\/#breadcrumb\"},\"inLanguage\":\"es\",\"potentialAction\":[{\"@type\":\"ReadAction\",\"target\":[\"https:\/\/onlinelotto365.com\/es\/numeros-ganadores\/eurojackpot\/\"]}]},{\"@type\":\"ImageObject\",\"inLanguage\":\"es\",\"@id\":\"https:\/\/onlinelotto365.com\/es\/numeros-ganadores\/eurojackpot\/#primaryimage\",\"url\":\"https:\/\/redfoxlotto.com\/image?size=8&amp;lottery=eurojackpot\",\"contentUrl\":\"https:\/\/redfoxlotto.com\/image?size=8&amp;lottery=eurojackpot\"},{\"@type\":\"BreadcrumbList\",\"@id\":\"https:\/\/onlinelotto365.com\/es\/numeros-ganadores\/eurojackpot\/#breadcrumb\",\"itemListElement\":[{\"@type\":\"ListItem\",\"position\":1,\"name\":\"Home\",\"item\":\"https:\/\/onlinelotto365.com\/es\/\"},{\"@type\":\"ListItem\",\"position\":2,\"name\":\"Encuentra los n\u00fameros ganadores y los resultados de los \u00faltimos sorteos de la loter\u00eda\",\"item\":\"https:\/\/onlinelotto365.com\/es\/winning-numbers\/\"},{\"@type\":\"ListItem\",\"position\":3,\"name\":\"Compruebe los n\u00fameros ganadores del Eurojackpot aqu\u00ed\"}]},{\"@type\":\"WebSite\",\"@id\":\"https:\/\/onlinelotto365.com\/es\/#website\",\"url\":\"https:\/\/onlinelotto365.com\/es\/\",\"name\":\"OnlineLotto365\",\"description\":\"\",\"potentialAction\":[{\"@type\":\"SearchAction\",\"target\":{\"@type\":\"EntryPoint\",\"urlTemplate\":\"https:\/\/onlinelotto365.com\/es\/?s={search_term_string}\"},\"query-input\":{\"@type\":\"PropertyValueSpecification\",\"valueRequired\":true,\"valueName\":\"search_term_string\"}}],\"inLanguage\":\"es\"}]}<\/script>\n<!-- \/ Yoast SEO plugin. -->","yoast_head_json":{"title":"N\u00fameros ganadores del Eurojackpot | Compruebe los resultados del sorteo y las ganancias del Eurojackpot aqu\u00ed","description":"Publicamos los resultados del Eurojackpot y los n\u00fameros ganadores, adem\u00e1s de un archivo de los sorteos anteriores.","robots":{"index":"index","follow":"follow","max-snippet":"max-snippet:-1","max-image-preview":"max-image-preview:large","max-video-preview":"max-video-preview:-1"},"canonical":"https:\/\/onlinelotto365.com\/es\/numeros-ganadores\/eurojackpot\/","og_locale":"es_ES","og_type":"article","og_title":"N\u00fameros ganadores del Eurojackpot | Compruebe los resultados del sorteo y las ganancias del Eurojackpot aqu\u00ed","og_description":"Publicamos los resultados del Eurojackpot y los n\u00fameros ganadores, adem\u00e1s de un archivo de los sorteos anteriores.","og_url":"https:\/\/onlinelotto365.com\/es\/numeros-ganadores\/eurojackpot\/","og_site_name":"OnlineLotto365","article_modified_time":"2021-01-05T12:29:40+00:00","og_image":[{"url":"https:\/\/redfoxlotto.com\/image?size=8&amp;lottery=eurojackpot"}],"twitter_card":"summary_large_image","twitter_misc":{"Tiempo de lectura":"3 minutos"},"schema":{"@context":"https:\/\/schema.org","@graph":[{"@type":"WebPage","@id":"https:\/\/onlinelotto365.com\/es\/numeros-ganadores\/eurojackpot\/","url":"https:\/\/onlinelotto365.com\/es\/numeros-ganadores\/eurojackpot\/","name":"N\u00fameros ganadores del Eurojackpot | Compruebe los resultados del sorteo y las ganancias del Eurojackpot aqu\u00ed","isPartOf":{"@id":"https:\/\/onlinelotto365.com\/es\/#website"},"primaryImageOfPage":{"@id":"https:\/\/onlinelotto365.com\/es\/numeros-ganadores\/eurojackpot\/#primaryimage"},"image":{"@id":"https:\/\/onlinelotto365.com\/es\/numeros-ganadores\/eurojackpot\/#primaryimage"},"thumbnailUrl":"https:\/\/redfoxlotto.com\/image?size=8&amp;lottery=eurojackpot","datePublished":"2020-12-08T12:47:48+00:00","dateModified":"2021-01-05T12:29:40+00:00","description":"Publicamos los resultados del Eurojackpot y los n\u00fameros ganadores, adem\u00e1s de un archivo de los sorteos anteriores.","breadcrumb":{"@id":"https:\/\/onlinelotto365.com\/es\/numeros-ganadores\/eurojackpot\/#breadcrumb"},"inLanguage":"es","potentialAction":[{"@type":"ReadAction","target":["https:\/\/onlinelotto365.com\/es\/numeros-ganadores\/eurojackpot\/"]}]},{"@type":"ImageObject","inLanguage":"es","@id":"https:\/\/onlinelotto365.com\/es\/numeros-ganadores\/eurojackpot\/#primaryimage","url":"https:\/\/redfoxlotto.com\/image?size=8&amp;lottery=eurojackpot","contentUrl":"https:\/\/redfoxlotto.com\/image?size=8&amp;lottery=eurojackpot"},{"@type":"BreadcrumbList","@id":"https:\/\/onlinelotto365.com\/es\/numeros-ganadores\/eurojackpot\/#breadcrumb","itemListElement":[{"@type":"ListItem","position":1,"name":"Home","item":"https:\/\/onlinelotto365.com\/es\/"},{"@type":"ListItem","position":2,"name":"Encuentra los n\u00fameros ganadores y los resultados de los \u00faltimos sorteos de la loter\u00eda","item":"https:\/\/onlinelotto365.com\/es\/winning-numbers\/"},{"@type":"ListItem","position":3,"name":"Compruebe los n\u00fameros ganadores del Eurojackpot aqu\u00ed"}]},{"@type":"WebSite","@id":"https:\/\/onlinelotto365.com\/es\/#website","url":"https:\/\/onlinelotto365.com\/es\/","name":"OnlineLotto365","description":"","potentialAction":[{"@type":"SearchAction","target":{"@type":"EntryPoint","urlTemplate":"https:\/\/onlinelotto365.com\/es\/?s={search_term_string}"},"query-input":{"@type":"PropertyValueSpecification","valueRequired":true,"valueName":"search_term_string"}}],"inLanguage":"es"}]}},"_links":{"self":[{"href":"https:\/\/onlinelotto365.com\/es\/wp-json\/wp\/v2\/pages\/7657","targetHints":{"allow":["GET"]}}],"collection":[{"href":"https:\/\/onlinelotto365.com\/es\/wp-json\/wp\/v2\/pages"}],"about":[{"href":"https:\/\/onlinelotto365.com\/es\/wp-json\/wp\/v2\/types\/page"}],"author":[{"embeddable":true,"href":"https:\/\/onlinelotto365.com\/es\/wp-json\/wp\/v2\/users\/1"}],"replies":[{"embeddable":true,"href":"https:\/\/onlinelotto365.com\/es\/wp-json\/wp\/v2\/comments?post=7657"}],"version-history":[{"count":0,"href":"https:\/\/onlinelotto365.com\/es\/wp-json\/wp\/v2\/pages\/7657\/revisions"}],"up":[{"embeddable":true,"href":"https:\/\/onlinelotto365.com\/es\/wp-json\/wp\/v2\/pages\/3801"}],"wp:attachment":[{"href":"https:\/\/onlinelotto365.com\/es\/wp-json\/wp\/v2\/media?parent=7657"}],"curies":[{"name":"wp","href":"https:\/\/api.w.org\/{rel}","templated":true}]}}