{"id":7832,"date":"2020-12-08T14:32:58","date_gmt":"2020-12-08T13:32:58","guid":{"rendered":"http:\/\/onlinelotto365.net\/?page_id=7832"},"modified":"2021-01-05T13:38:34","modified_gmt":"2021-01-05T12:38:34","slug":"superenalotto","status":"publish","type":"page","link":"https:\/\/onlinelotto365.com\/es\/numeros-ganadores\/superenalotto\/","title":{"rendered":"Mira los n\u00fameros ganadores de la Superenalotto aqu\u00ed"},"content":{"rendered":"<p>Ofrecemos un mont\u00f3n de diferentes juegos de loter\u00eda internacional en nuestro sitio web, pero queremos asegurarnos de que encontrar los resultados no sea un problema. Claro, puede ver los resultados en la televisi\u00f3n, si tiene la suerte de encontrar los resultados de los sorteos en las noticias. O podr\u00edas encontrarlos en el peri\u00f3dico si vives en una zona donde los juegos son locales. Pero eso tambi\u00e9n puede ser dif\u00edcil.<\/p>\n<p>Tambi\u00e9n puedes revisar el sitio web de Superenalotto para<a href=\"https:\/\/onlinelotto365.com\/es\/news\/lotto-en-vivo\"> encontrar una transmisi\u00f3n en<\/a> vivo del proceso de dibujo si se ofrece. Esto puede ser divertido para los juegos que lo ofrecen y puede darte un momento emocionante de ver si tus n\u00fameros son los que han ganado, pero no todos los juegos de loter\u00eda realmente ofrecen esta opci\u00f3n.<\/p>\n<p>Despu\u00e9s del sorteo, a veces puedes encontrar <strong>los n\u00fameros y dibujos ganadores de la Superenalotto<\/strong> <a href=\"https:\/\/youtube.com\">en YouTube<\/a> si sabes c\u00f3mo hacer tu investigaci\u00f3n y d\u00f3nde buscar. Pero eso puede llevar tiempo.<br \/>\n<a href=\"https:\/\/redfoxlotto.com\/es\/jugar\/superenalotto\/?ref=a8564250a2&amp;medium=ol365\" target=\"_blank\" rel=\"noopener noreferrer\"><img decoding=\"async\" class=\"aligncenter\" src=\"https:\/\/redfoxlotto.com\/image?size=8&amp;lottery=superenalotto\" alt=\"superenalotto\" \/><\/a><\/p>\n<p>La mejor manera de hacerlo es simplemente ir a nuestra <a href=\"https:\/\/onlinelotto365.com\/es\/numeros-ganadores\">p\u00e1gina de resultados de la loter\u00eda<\/a> y ver todos los n\u00fameros de cada uno de los <a href=\"http:\/\/onlinelotto365.com\/es\">diferentes juegos<\/a> de loter\u00eda. Eso incluye el Superenalotto y mucho m\u00e1s.<\/p>\n<h2>C\u00f3mo averiguar si su boleto en l\u00ednea ha ganado<img loading=\"lazy\" decoding=\"async\" class=\"alignright size-full wp-image-3634\" src=\"https:\/\/onlinelotto365.com\/wp-content\/uploads\/2020\/11\/online_lottery-136.jpg\" alt=\"superenalotto winning numbers\" width=\"297\" height=\"101\" \/><\/h2>\n<p>Para aquellos que compraron un billete para la Superenalotto con nuestro sitio, pueden revisar f\u00e1cilmente su cuenta para saber los n\u00fameros ganadores. Ser\u00e1 mucho m\u00e1s f\u00e1cil de lo que piensas y lo mejor es que ni siquiera tienes que comparar los n\u00fameros.<\/p>\n<p>Nos encargamos de esa parte por ti. De hecho, le mostramos <strong>qu\u00e9 n\u00fameros tiene que coinciden con los n\u00fameros ganadores resalt\u00e1ndolos.<\/strong> Luego, ponemos cualquier dinero que ganes hasta 2500 euros directamente en tu cuenta. No tienes que preocuparte de reclamarlo o asegurarte de que verificas algo. Lo hacemos todo para que puedas disfrutar de tus ganancias.<\/p>\n<h2>Archivo de resultados de Superenalotto<\/h2>\n<p>Cualquier p\u00e1gina de nuestro sitio web que muestre los n\u00fameros ganadores de la Superenalotto tambi\u00e9n le mostrar\u00e1 c\u00f3mo puede <strong>volver a los resultados anteriores para<\/strong> comprobar los sorteos anteriores. Esto puede ayudarte a elegir los n\u00fameros correctos que quieres jugar cuando llegue el momento del pr\u00f3ximo sorteo. Es una de las formas m\u00e1s populares de elegir los n\u00fameros.<\/p>\n<h2>Mi boleto ha ganado, \u00bfqu\u00e9 pasa despu\u00e9s?<\/h2>\n<p>Cualquier premio que sea inferior a 2500 euros ser\u00e1 inmediatamente puesto en su cuenta de jugador. De esta manera, puede retirarlo (cualquier cantidad superior a 10 euros) o puede utilizarlo para comprar boletos adicionales. Tenga en cuenta que puede retirar fondos a una tarjeta de cr\u00e9dito o d\u00e9bito o puede retirarlos a una cuenta bancaria. En cualquier cuenta en la que quieras sacar el dinero tendr\u00e1s que haber usado ya para poner dinero tambi\u00e9n. As\u00ed es como ayudamos a protegerte y tambi\u00e9n como cumplimos con las normas contra el lavado de dinero y m\u00e1s.<\/p>\n","protected":false},"excerpt":{"rendered":"<p>Ofrecemos un mont\u00f3n de diferentes juegos de loter\u00eda internacional en nuestro sitio web, pero queremos asegurarnos de que encontrar los resultados no sea un problema. Claro, puede ver los resultados en la televisi\u00f3n, si tiene la suerte de encontrar los resultados de los sorteos en las noticias. O podr\u00edas encontrarlos en el peri\u00f3dico si vives [&hellip;]<\/p>\n","protected":false},"author":1,"featured_media":0,"parent":3801,"menu_order":5,"comment_status":"closed","ping_status":"closed","template":"superenalotto-results.php","meta":{"_et_pb_use_builder":"","_et_pb_old_content":"","_et_gb_content_width":"","exclude_from_search":false,"footnotes":""},"class_list":["post-7832","page","type-page","status-publish","hentry"],"yoast_head":"<!-- This site is optimized with the Yoast SEO plugin v23.4 - https:\/\/yoast.com\/wordpress\/plugins\/seo\/ -->\n<title>Los \u00faltimos n\u00fameros ganadores de Superenalotto<\/title>\n<meta name=\"description\" content=\"\u00bfQuieres saber los n\u00fameros ganadores de la Superenalotto? Encuentra los resultados y m\u00e1s aqu\u00ed!\" \/>\n<meta name=\"robots\" content=\"index, follow, max-snippet:-1, max-image-preview:large, max-video-preview:-1\" \/>\n<link rel=\"canonical\" href=\"https:\/\/onlinelotto365.com\/es\/numeros-ganadores\/superenalotto\/\" \/>\n<meta property=\"og:locale\" content=\"es_ES\" \/>\n<meta property=\"og:type\" content=\"article\" \/>\n<meta property=\"og:title\" content=\"Los \u00faltimos n\u00fameros ganadores de Superenalotto\" \/>\n<meta property=\"og:description\" content=\"\u00bfQuieres saber los n\u00fameros ganadores de la Superenalotto? Encuentra los resultados y m\u00e1s aqu\u00ed!\" \/>\n<meta property=\"og:url\" content=\"https:\/\/onlinelotto365.com\/es\/numeros-ganadores\/superenalotto\/\" \/>\n<meta property=\"og:site_name\" content=\"OnlineLotto365\" \/>\n<meta property=\"article:modified_time\" content=\"2021-01-05T12:38:34+00:00\" \/>\n<meta property=\"og:image\" content=\"https:\/\/redfoxlotto.com\/image?size=8&amp;lottery=superenalotto\" \/>\n<meta name=\"twitter:card\" content=\"summary_large_image\" \/>\n<meta name=\"twitter:label1\" content=\"Tiempo de lectura\" \/>\n\t<meta name=\"twitter:data1\" content=\"3 minutos\" \/>\n<script type=\"application\/ld+json\" class=\"yoast-schema-graph\">{\"@context\":\"https:\/\/schema.org\",\"@graph\":[{\"@type\":\"WebPage\",\"@id\":\"https:\/\/onlinelotto365.com\/es\/numeros-ganadores\/superenalotto\/\",\"url\":\"https:\/\/onlinelotto365.com\/es\/numeros-ganadores\/superenalotto\/\",\"name\":\"Los \u00faltimos n\u00fameros ganadores de Superenalotto\",\"isPartOf\":{\"@id\":\"https:\/\/onlinelotto365.com\/es\/#website\"},\"primaryImageOfPage\":{\"@id\":\"https:\/\/onlinelotto365.com\/es\/numeros-ganadores\/superenalotto\/#primaryimage\"},\"image\":{\"@id\":\"https:\/\/onlinelotto365.com\/es\/numeros-ganadores\/superenalotto\/#primaryimage\"},\"thumbnailUrl\":\"https:\/\/redfoxlotto.com\/image?size=8&amp;lottery=superenalotto\",\"datePublished\":\"2020-12-08T13:32:58+00:00\",\"dateModified\":\"2021-01-05T12:38:34+00:00\",\"description\":\"\u00bfQuieres saber los n\u00fameros ganadores de la Superenalotto? Encuentra los resultados y m\u00e1s aqu\u00ed!\",\"breadcrumb\":{\"@id\":\"https:\/\/onlinelotto365.com\/es\/numeros-ganadores\/superenalotto\/#breadcrumb\"},\"inLanguage\":\"es\",\"potentialAction\":[{\"@type\":\"ReadAction\",\"target\":[\"https:\/\/onlinelotto365.com\/es\/numeros-ganadores\/superenalotto\/\"]}]},{\"@type\":\"ImageObject\",\"inLanguage\":\"es\",\"@id\":\"https:\/\/onlinelotto365.com\/es\/numeros-ganadores\/superenalotto\/#primaryimage\",\"url\":\"https:\/\/redfoxlotto.com\/image?size=8&amp;lottery=superenalotto\",\"contentUrl\":\"https:\/\/redfoxlotto.com\/image?size=8&amp;lottery=superenalotto\"},{\"@type\":\"BreadcrumbList\",\"@id\":\"https:\/\/onlinelotto365.com\/es\/numeros-ganadores\/superenalotto\/#breadcrumb\",\"itemListElement\":[{\"@type\":\"ListItem\",\"position\":1,\"name\":\"Home\",\"item\":\"https:\/\/onlinelotto365.com\/es\/\"},{\"@type\":\"ListItem\",\"position\":2,\"name\":\"Encuentra los n\u00fameros ganadores y los resultados de los \u00faltimos sorteos de la loter\u00eda\",\"item\":\"https:\/\/onlinelotto365.com\/es\/winning-numbers\/\"},{\"@type\":\"ListItem\",\"position\":3,\"name\":\"Mira los n\u00fameros ganadores de la Superenalotto aqu\u00ed\"}]},{\"@type\":\"WebSite\",\"@id\":\"https:\/\/onlinelotto365.com\/es\/#website\",\"url\":\"https:\/\/onlinelotto365.com\/es\/\",\"name\":\"OnlineLotto365\",\"description\":\"\",\"potentialAction\":[{\"@type\":\"SearchAction\",\"target\":{\"@type\":\"EntryPoint\",\"urlTemplate\":\"https:\/\/onlinelotto365.com\/es\/?s={search_term_string}\"},\"query-input\":{\"@type\":\"PropertyValueSpecification\",\"valueRequired\":true,\"valueName\":\"search_term_string\"}}],\"inLanguage\":\"es\"}]}<\/script>\n<!-- \/ Yoast SEO plugin. -->","yoast_head_json":{"title":"Los \u00faltimos n\u00fameros ganadores de Superenalotto","description":"\u00bfQuieres saber los n\u00fameros ganadores de la Superenalotto? Encuentra los resultados y m\u00e1s aqu\u00ed!","robots":{"index":"index","follow":"follow","max-snippet":"max-snippet:-1","max-image-preview":"max-image-preview:large","max-video-preview":"max-video-preview:-1"},"canonical":"https:\/\/onlinelotto365.com\/es\/numeros-ganadores\/superenalotto\/","og_locale":"es_ES","og_type":"article","og_title":"Los \u00faltimos n\u00fameros ganadores de Superenalotto","og_description":"\u00bfQuieres saber los n\u00fameros ganadores de la Superenalotto? Encuentra los resultados y m\u00e1s aqu\u00ed!","og_url":"https:\/\/onlinelotto365.com\/es\/numeros-ganadores\/superenalotto\/","og_site_name":"OnlineLotto365","article_modified_time":"2021-01-05T12:38:34+00:00","og_image":[{"url":"https:\/\/redfoxlotto.com\/image?size=8&amp;lottery=superenalotto"}],"twitter_card":"summary_large_image","twitter_misc":{"Tiempo de lectura":"3 minutos"},"schema":{"@context":"https:\/\/schema.org","@graph":[{"@type":"WebPage","@id":"https:\/\/onlinelotto365.com\/es\/numeros-ganadores\/superenalotto\/","url":"https:\/\/onlinelotto365.com\/es\/numeros-ganadores\/superenalotto\/","name":"Los \u00faltimos n\u00fameros ganadores de Superenalotto","isPartOf":{"@id":"https:\/\/onlinelotto365.com\/es\/#website"},"primaryImageOfPage":{"@id":"https:\/\/onlinelotto365.com\/es\/numeros-ganadores\/superenalotto\/#primaryimage"},"image":{"@id":"https:\/\/onlinelotto365.com\/es\/numeros-ganadores\/superenalotto\/#primaryimage"},"thumbnailUrl":"https:\/\/redfoxlotto.com\/image?size=8&amp;lottery=superenalotto","datePublished":"2020-12-08T13:32:58+00:00","dateModified":"2021-01-05T12:38:34+00:00","description":"\u00bfQuieres saber los n\u00fameros ganadores de la Superenalotto? Encuentra los resultados y m\u00e1s aqu\u00ed!","breadcrumb":{"@id":"https:\/\/onlinelotto365.com\/es\/numeros-ganadores\/superenalotto\/#breadcrumb"},"inLanguage":"es","potentialAction":[{"@type":"ReadAction","target":["https:\/\/onlinelotto365.com\/es\/numeros-ganadores\/superenalotto\/"]}]},{"@type":"ImageObject","inLanguage":"es","@id":"https:\/\/onlinelotto365.com\/es\/numeros-ganadores\/superenalotto\/#primaryimage","url":"https:\/\/redfoxlotto.com\/image?size=8&amp;lottery=superenalotto","contentUrl":"https:\/\/redfoxlotto.com\/image?size=8&amp;lottery=superenalotto"},{"@type":"BreadcrumbList","@id":"https:\/\/onlinelotto365.com\/es\/numeros-ganadores\/superenalotto\/#breadcrumb","itemListElement":[{"@type":"ListItem","position":1,"name":"Home","item":"https:\/\/onlinelotto365.com\/es\/"},{"@type":"ListItem","position":2,"name":"Encuentra los n\u00fameros ganadores y los resultados de los \u00faltimos sorteos de la loter\u00eda","item":"https:\/\/onlinelotto365.com\/es\/winning-numbers\/"},{"@type":"ListItem","position":3,"name":"Mira los n\u00fameros ganadores de la Superenalotto aqu\u00ed"}]},{"@type":"WebSite","@id":"https:\/\/onlinelotto365.com\/es\/#website","url":"https:\/\/onlinelotto365.com\/es\/","name":"OnlineLotto365","description":"","potentialAction":[{"@type":"SearchAction","target":{"@type":"EntryPoint","urlTemplate":"https:\/\/onlinelotto365.com\/es\/?s={search_term_string}"},"query-input":{"@type":"PropertyValueSpecification","valueRequired":true,"valueName":"search_term_string"}}],"inLanguage":"es"}]}},"_links":{"self":[{"href":"https:\/\/onlinelotto365.com\/es\/wp-json\/wp\/v2\/pages\/7832","targetHints":{"allow":["GET"]}}],"collection":[{"href":"https:\/\/onlinelotto365.com\/es\/wp-json\/wp\/v2\/pages"}],"about":[{"href":"https:\/\/onlinelotto365.com\/es\/wp-json\/wp\/v2\/types\/page"}],"author":[{"embeddable":true,"href":"https:\/\/onlinelotto365.com\/es\/wp-json\/wp\/v2\/users\/1"}],"replies":[{"embeddable":true,"href":"https:\/\/onlinelotto365.com\/es\/wp-json\/wp\/v2\/comments?post=7832"}],"version-history":[{"count":0,"href":"https:\/\/onlinelotto365.com\/es\/wp-json\/wp\/v2\/pages\/7832\/revisions"}],"up":[{"embeddable":true,"href":"https:\/\/onlinelotto365.com\/es\/wp-json\/wp\/v2\/pages\/3801"}],"wp:attachment":[{"href":"https:\/\/onlinelotto365.com\/es\/wp-json\/wp\/v2\/media?parent=7832"}],"curies":[{"name":"wp","href":"https:\/\/api.w.org\/{rel}","templated":true}]}}