{"id":7842,"date":"2020-12-08T14:35:17","date_gmt":"2020-12-08T13:35:17","guid":{"rendered":"http:\/\/onlinelotto365.net\/?page_id=7842"},"modified":"2021-01-05T13:38:47","modified_gmt":"2021-01-05T12:38:47","slug":"el-gordo","status":"publish","type":"page","link":"https:\/\/onlinelotto365.com\/es\/numeros-ganadores\/el-gordo\/","title":{"rendered":"Compruebe los resultados y las ganancias de El Gordo aqu\u00ed"},"content":{"rendered":"<p>Sabemos que ofrecemos un mont\u00f3n de diferentes <a href=\"http:\/\/onlinelotto365.com\/es\">loter\u00edas internacionales<\/a> y puede ser un poco confuso tratar de averiguar los n\u00fameros ganadores. Mucha gente busca en los peri\u00f3dicos los n\u00fameros ganadores de sus juegos favoritos, pero a menos que vivas en el \u00e1rea, encontrar los n\u00fameros de <strong>El Gordo puede ser dif\u00edcil.<\/strong> Lo mismo sucede al tratar de ver el sorteo o ver los n\u00fameros ganadores en la televisi\u00f3n.<\/p>\n<p>Otra opci\u00f3n es mirar la p\u00e1gina web oficial de El Gordo y ver si ofrecen un <a href=\"https:\/\/onlinelotto365.com\/es\/news\/lotto-en-vivo\"><strong>transmisi\u00f3n en vivo del proceso de sorteo<\/strong><\/a>. Para los juegos que lo hacen, esta puede ser una oportunidad divertida e interesante para cualquiera.<\/p>\n<p>Pero hay muchos juegos que no ofrecen esto. En cambio, tendr\u00edas que esperar hasta que el sorteo termine y se haya informado de todo para ver los resultados.<br \/>\nFinalmente, si el dibujo ya ha terminado, puedes ir a YouTube y encontrar el dibujo de El Gordo all\u00ed. Pero esta es otra \u00e1rea en la que puede que no tengas \u00e9xito. Puede que no haya nada disponible para tu dibujo.<br \/>\n<a href=\"https:\/\/redfoxlotto.com\/es\/jugar\/el-gordo-primitiva\/?ref=a8564250a2&amp;medium=ol365\" target=\"_blank\" rel=\"noopener noreferrer\"><img decoding=\"async\" class=\"aligncenter\" src=\"https:\/\/redfoxlotto.com\/image?size=8&amp;lottery=el-gordo-primitiva\" alt=\"el gordo\" \/><\/a><br \/>\nSin embargo, una de las mejores y m\u00e1s f\u00e1ciles maneras de encontrar los n\u00fameros ganadores es con nuestro sitio web. Revise nuestras p\u00e1ginas de n\u00fameros ganadores y resultados para encontrar los resultados de El Gordo y cualquier otro juego de loter\u00eda que tengamos disponible.<\/p>\n<h2>C\u00f3mo saber si su boleto en l\u00ednea ha ganado<img loading=\"lazy\" decoding=\"async\" class=\"alignright wp-image-3573\" src=\"https:\/\/onlinelotto365.com\/wp-content\/uploads\/2020\/11\/online_lottery-96-300x212.jpg\" alt=\"El Gordo results\" width=\"166\" height=\"117\" srcset=\"https:\/\/onlinelotto365.com\/wp-content\/uploads\/2020\/11\/online_lottery-96-300x212.jpg 300w, https:\/\/onlinelotto365.com\/wp-content\/uploads\/2020\/11\/online_lottery-96.jpg 320w\" sizes=\"auto, (max-width: 166px) 100vw, 166px\" \/><\/h2>\n<p>La mejor parte es que ni siquiera tienes que ir a la p\u00e1gina de resultados de la loter\u00eda. Puede ir directamente a su cuenta si ha comprado billetes. Desde all\u00ed, podr\u00e1 ver no s\u00f3lo los n\u00fameros ganadores sino tambi\u00e9n c\u00f3mo se alinean sus n\u00fameros. Puedes ver los n\u00fameros comparados y luego puedes ver cu\u00e1l coincide y cu\u00e1nto has ganado realmente. Si has ganado menos de 2500 euros no tienes que hacer nada porque las ganancias estar\u00e1n en tu cuenta.<\/p>\n<h2>Archivo de resultados de El Gordo<\/h2>\n<p>Si quieres buscar n\u00fameros antiguos y ver cu\u00e1les eran, puedes hacer esto tambi\u00e9n. De hecho, cualquier p\u00e1gina de nuestro sitio web donde pueda ver los \u00faltimos resultados de El Gordo tambi\u00e9n le permitir\u00e1 comprobar algunos de los n\u00fameros m\u00e1s antiguos. Esto hace que sea m\u00e1s f\u00e1cil para ti averiguar qu\u00e9 n\u00fameros quieres jugar la pr\u00f3xima vez.<\/p>\n<h2>Mi boleto ha ganado, \u00bfqu\u00e9 pasa ahora?<\/h2>\n<p>Si usted gana, le ser\u00e1 f\u00e1cil obtener su dinero porque lo depositamos directamente en su cuenta tan pronto como los resultados sean certificados. Si es menos de 2500 euros tendr\u00e1 el dinero as\u00ed de r\u00e1pido. Luego, si es m\u00e1s de 10 euros, puedes retirar el dinero a tu cuenta.<br \/>\nO puedes dejar el dinero en tu cuenta de jugador y usarlo para <a href=\"https:\/\/onlinelotto365.com\/es\/compra-boletos\">comprar m\u00e1s boletos para juegos adicionales<\/a>. S\u00f3lo tenga en cuenta que para retirar su dinero se requerir\u00e1 alguna documentaci\u00f3n para cumplir con las regulaciones federales. Tambi\u00e9n necesita usar un m\u00e9todo que ya haya usado para un dep\u00f3sito.<\/p>\n","protected":false},"excerpt":{"rendered":"<p>Sabemos que ofrecemos un mont\u00f3n de diferentes loter\u00edas internacionales y puede ser un poco confuso tratar de averiguar los n\u00fameros ganadores. Mucha gente busca en los peri\u00f3dicos los n\u00fameros ganadores de sus juegos favoritos, pero a menos que vivas en el \u00e1rea, encontrar los n\u00fameros de El Gordo puede ser dif\u00edcil. Lo mismo sucede al [&hellip;]<\/p>\n","protected":false},"author":1,"featured_media":0,"parent":3801,"menu_order":6,"comment_status":"closed","ping_status":"closed","template":"el-gordo-results.php","meta":{"_et_pb_use_builder":"","_et_pb_old_content":"","_et_gb_content_width":"","exclude_from_search":false,"footnotes":""},"class_list":["post-7842","page","type-page","status-publish","hentry"],"yoast_head":"<!-- This site is optimized with the Yoast SEO plugin v23.4 - https:\/\/yoast.com\/wordpress\/plugins\/seo\/ -->\n<title>N\u00fameros ganadores de El Gordo | Resultados del sorteo de El Gordo y premios<\/title>\n<meta name=\"description\" content=\"N\u00fameros ganadores, resultados, premios de El Gordo y muchas otras loter\u00edas, siempre actualizados en nuestra p\u00e1gina web\" \/>\n<meta name=\"robots\" content=\"index, follow, max-snippet:-1, max-image-preview:large, max-video-preview:-1\" \/>\n<link rel=\"canonical\" href=\"https:\/\/onlinelotto365.com\/es\/numeros-ganadores\/el-gordo\/\" \/>\n<meta property=\"og:locale\" content=\"es_ES\" \/>\n<meta property=\"og:type\" content=\"article\" \/>\n<meta property=\"og:title\" content=\"N\u00fameros ganadores de El Gordo | Resultados del sorteo de El Gordo y premios\" \/>\n<meta property=\"og:description\" content=\"N\u00fameros ganadores, resultados, premios de El Gordo y muchas otras loter\u00edas, siempre actualizados en nuestra p\u00e1gina web\" \/>\n<meta property=\"og:url\" content=\"https:\/\/onlinelotto365.com\/es\/numeros-ganadores\/el-gordo\/\" \/>\n<meta property=\"og:site_name\" content=\"OnlineLotto365\" \/>\n<meta property=\"article:modified_time\" content=\"2021-01-05T12:38:47+00:00\" \/>\n<meta property=\"og:image\" content=\"https:\/\/redfoxlotto.com\/image?size=8&amp;lottery=el-gordo-primitiva\" \/>\n<meta name=\"twitter:card\" content=\"summary_large_image\" \/>\n<meta name=\"twitter:label1\" content=\"Tiempo de lectura\" \/>\n\t<meta name=\"twitter:data1\" content=\"3 minutos\" \/>\n<script type=\"application\/ld+json\" class=\"yoast-schema-graph\">{\"@context\":\"https:\/\/schema.org\",\"@graph\":[{\"@type\":\"WebPage\",\"@id\":\"https:\/\/onlinelotto365.com\/es\/numeros-ganadores\/el-gordo\/\",\"url\":\"https:\/\/onlinelotto365.com\/es\/numeros-ganadores\/el-gordo\/\",\"name\":\"N\u00fameros ganadores de El Gordo | Resultados del sorteo de El Gordo y premios\",\"isPartOf\":{\"@id\":\"https:\/\/onlinelotto365.com\/es\/#website\"},\"primaryImageOfPage\":{\"@id\":\"https:\/\/onlinelotto365.com\/es\/numeros-ganadores\/el-gordo\/#primaryimage\"},\"image\":{\"@id\":\"https:\/\/onlinelotto365.com\/es\/numeros-ganadores\/el-gordo\/#primaryimage\"},\"thumbnailUrl\":\"https:\/\/redfoxlotto.com\/image?size=8&amp;lottery=el-gordo-primitiva\",\"datePublished\":\"2020-12-08T13:35:17+00:00\",\"dateModified\":\"2021-01-05T12:38:47+00:00\",\"description\":\"N\u00fameros ganadores, resultados, premios de El Gordo y muchas otras loter\u00edas, siempre actualizados en nuestra p\u00e1gina web\",\"breadcrumb\":{\"@id\":\"https:\/\/onlinelotto365.com\/es\/numeros-ganadores\/el-gordo\/#breadcrumb\"},\"inLanguage\":\"es\",\"potentialAction\":[{\"@type\":\"ReadAction\",\"target\":[\"https:\/\/onlinelotto365.com\/es\/numeros-ganadores\/el-gordo\/\"]}]},{\"@type\":\"ImageObject\",\"inLanguage\":\"es\",\"@id\":\"https:\/\/onlinelotto365.com\/es\/numeros-ganadores\/el-gordo\/#primaryimage\",\"url\":\"https:\/\/redfoxlotto.com\/image?size=8&amp;lottery=el-gordo-primitiva\",\"contentUrl\":\"https:\/\/redfoxlotto.com\/image?size=8&amp;lottery=el-gordo-primitiva\"},{\"@type\":\"BreadcrumbList\",\"@id\":\"https:\/\/onlinelotto365.com\/es\/numeros-ganadores\/el-gordo\/#breadcrumb\",\"itemListElement\":[{\"@type\":\"ListItem\",\"position\":1,\"name\":\"Home\",\"item\":\"https:\/\/onlinelotto365.com\/es\/\"},{\"@type\":\"ListItem\",\"position\":2,\"name\":\"Encuentra los n\u00fameros ganadores y los resultados de los \u00faltimos sorteos de la loter\u00eda\",\"item\":\"https:\/\/onlinelotto365.com\/es\/winning-numbers\/\"},{\"@type\":\"ListItem\",\"position\":3,\"name\":\"Compruebe los resultados y las ganancias de El Gordo aqu\u00ed\"}]},{\"@type\":\"WebSite\",\"@id\":\"https:\/\/onlinelotto365.com\/es\/#website\",\"url\":\"https:\/\/onlinelotto365.com\/es\/\",\"name\":\"OnlineLotto365\",\"description\":\"\",\"potentialAction\":[{\"@type\":\"SearchAction\",\"target\":{\"@type\":\"EntryPoint\",\"urlTemplate\":\"https:\/\/onlinelotto365.com\/es\/?s={search_term_string}\"},\"query-input\":{\"@type\":\"PropertyValueSpecification\",\"valueRequired\":true,\"valueName\":\"search_term_string\"}}],\"inLanguage\":\"es\"}]}<\/script>\n<!-- \/ Yoast SEO plugin. -->","yoast_head_json":{"title":"N\u00fameros ganadores de El Gordo | Resultados del sorteo de El Gordo y premios","description":"N\u00fameros ganadores, resultados, premios de El Gordo y muchas otras loter\u00edas, siempre actualizados en nuestra p\u00e1gina web","robots":{"index":"index","follow":"follow","max-snippet":"max-snippet:-1","max-image-preview":"max-image-preview:large","max-video-preview":"max-video-preview:-1"},"canonical":"https:\/\/onlinelotto365.com\/es\/numeros-ganadores\/el-gordo\/","og_locale":"es_ES","og_type":"article","og_title":"N\u00fameros ganadores de El Gordo | Resultados del sorteo de El Gordo y premios","og_description":"N\u00fameros ganadores, resultados, premios de El Gordo y muchas otras loter\u00edas, siempre actualizados en nuestra p\u00e1gina web","og_url":"https:\/\/onlinelotto365.com\/es\/numeros-ganadores\/el-gordo\/","og_site_name":"OnlineLotto365","article_modified_time":"2021-01-05T12:38:47+00:00","og_image":[{"url":"https:\/\/redfoxlotto.com\/image?size=8&amp;lottery=el-gordo-primitiva"}],"twitter_card":"summary_large_image","twitter_misc":{"Tiempo de lectura":"3 minutos"},"schema":{"@context":"https:\/\/schema.org","@graph":[{"@type":"WebPage","@id":"https:\/\/onlinelotto365.com\/es\/numeros-ganadores\/el-gordo\/","url":"https:\/\/onlinelotto365.com\/es\/numeros-ganadores\/el-gordo\/","name":"N\u00fameros ganadores de El Gordo | Resultados del sorteo de El Gordo y premios","isPartOf":{"@id":"https:\/\/onlinelotto365.com\/es\/#website"},"primaryImageOfPage":{"@id":"https:\/\/onlinelotto365.com\/es\/numeros-ganadores\/el-gordo\/#primaryimage"},"image":{"@id":"https:\/\/onlinelotto365.com\/es\/numeros-ganadores\/el-gordo\/#primaryimage"},"thumbnailUrl":"https:\/\/redfoxlotto.com\/image?size=8&amp;lottery=el-gordo-primitiva","datePublished":"2020-12-08T13:35:17+00:00","dateModified":"2021-01-05T12:38:47+00:00","description":"N\u00fameros ganadores, resultados, premios de El Gordo y muchas otras loter\u00edas, siempre actualizados en nuestra p\u00e1gina web","breadcrumb":{"@id":"https:\/\/onlinelotto365.com\/es\/numeros-ganadores\/el-gordo\/#breadcrumb"},"inLanguage":"es","potentialAction":[{"@type":"ReadAction","target":["https:\/\/onlinelotto365.com\/es\/numeros-ganadores\/el-gordo\/"]}]},{"@type":"ImageObject","inLanguage":"es","@id":"https:\/\/onlinelotto365.com\/es\/numeros-ganadores\/el-gordo\/#primaryimage","url":"https:\/\/redfoxlotto.com\/image?size=8&amp;lottery=el-gordo-primitiva","contentUrl":"https:\/\/redfoxlotto.com\/image?size=8&amp;lottery=el-gordo-primitiva"},{"@type":"BreadcrumbList","@id":"https:\/\/onlinelotto365.com\/es\/numeros-ganadores\/el-gordo\/#breadcrumb","itemListElement":[{"@type":"ListItem","position":1,"name":"Home","item":"https:\/\/onlinelotto365.com\/es\/"},{"@type":"ListItem","position":2,"name":"Encuentra los n\u00fameros ganadores y los resultados de los \u00faltimos sorteos de la loter\u00eda","item":"https:\/\/onlinelotto365.com\/es\/winning-numbers\/"},{"@type":"ListItem","position":3,"name":"Compruebe los resultados y las ganancias de El Gordo aqu\u00ed"}]},{"@type":"WebSite","@id":"https:\/\/onlinelotto365.com\/es\/#website","url":"https:\/\/onlinelotto365.com\/es\/","name":"OnlineLotto365","description":"","potentialAction":[{"@type":"SearchAction","target":{"@type":"EntryPoint","urlTemplate":"https:\/\/onlinelotto365.com\/es\/?s={search_term_string}"},"query-input":{"@type":"PropertyValueSpecification","valueRequired":true,"valueName":"search_term_string"}}],"inLanguage":"es"}]}},"_links":{"self":[{"href":"https:\/\/onlinelotto365.com\/es\/wp-json\/wp\/v2\/pages\/7842","targetHints":{"allow":["GET"]}}],"collection":[{"href":"https:\/\/onlinelotto365.com\/es\/wp-json\/wp\/v2\/pages"}],"about":[{"href":"https:\/\/onlinelotto365.com\/es\/wp-json\/wp\/v2\/types\/page"}],"author":[{"embeddable":true,"href":"https:\/\/onlinelotto365.com\/es\/wp-json\/wp\/v2\/users\/1"}],"replies":[{"embeddable":true,"href":"https:\/\/onlinelotto365.com\/es\/wp-json\/wp\/v2\/comments?post=7842"}],"version-history":[{"count":0,"href":"https:\/\/onlinelotto365.com\/es\/wp-json\/wp\/v2\/pages\/7842\/revisions"}],"up":[{"embeddable":true,"href":"https:\/\/onlinelotto365.com\/es\/wp-json\/wp\/v2\/pages\/3801"}],"wp:attachment":[{"href":"https:\/\/onlinelotto365.com\/es\/wp-json\/wp\/v2\/media?parent=7842"}],"curies":[{"name":"wp","href":"https:\/\/api.w.org\/{rel}","templated":true}]}}