{"id":7899,"date":"2020-12-08T14:38:01","date_gmt":"2020-12-08T13:38:01","guid":{"rendered":"http:\/\/onlinelotto365.net\/?page_id=7899"},"modified":"2021-01-05T13:39:13","modified_gmt":"2021-01-05T12:39:13","slug":"bonoloto","status":"publish","type":"page","link":"https:\/\/onlinelotto365.com\/es\/numeros-ganadores\/bonoloto\/","title":{"rendered":"Los resultados del espa\u00f1ol Bonoloto"},"content":{"rendered":"<p>Los juegos de loter\u00eda internacional pueden ser muy divertidos, pero hay que saber c\u00f3mo comprobar los n\u00fameros ganadores. Una forma de <strong>ver los n\u00fameros ganadores de BonoLoto<\/strong> es ir al peri\u00f3dico. Pero s\u00f3lo los peri\u00f3dicos locales generalmente van a tener los resultados que buscas.<\/p>\n<p>Otra opci\u00f3n es buscar en las estaciones de televisi\u00f3n, pero puede que tampoco encuentres all\u00ed la informaci\u00f3n que buscas. Tienes que vivir en el \u00e1rea correcta y saber cu\u00e1ndo buscar <a href=\"https:\/\/onlinelotto365.com\/es\/news\/comprueba-el-billete-de-loteria-en-linea\">los n\u00fameros.<\/a><\/p>\n<p>A continuaci\u00f3n, puedes mirar el sitio web oficial de BonoLoto para ver si ofrecen un dibujo en vivo en l\u00ednea. Para los juegos que lo hacen puede ser excitante para cualquiera porque puedes quedar atrapado en el momento de mirar los n\u00fameros que vienen inmediatamente. Pero ten en cuenta que no todos los <a href=\"http:\/\/onlinelotto365.com\/es\">juegos<\/a> de loter\u00eda ofrecen esta opci\u00f3n.<\/p>\n<p>Por \u00faltimo, puedes echar un vistazo a YouTube para ver si alguien ha publicado un v\u00eddeo en directo del sorteo o si ha grabado los n\u00fameros ganadores de alguna otra manera para compartir el sorteo de BonoLoto.<br \/>\n<a href=\"https:\/\/redfoxlotto.com\/es\/jugar\/bonoloto\/?ref=a8564250a2&amp;medium=ol365\" target=\"_blank\" rel=\"noopener noreferrer\"><img decoding=\"async\" class=\"aligncenter\" src=\"https:\/\/redfoxlotto.com\/image?size=8&amp;lottery=bonoloto\" alt=\"BonoLoto\" \/><\/a><\/p>\n<p>Sin embargo, la manera m\u00e1s conveniente de obtener los n\u00fameros ganadores es definitivamente revisando nuestro sitio web. <strong>Le daremos todos los n\u00fameros ganadores de BonoLoto as\u00ed como cualquier otro juego<\/strong> que tengamos disponible en nuestro sitio web para que pueda seguir el rastro en un solo lugar.<\/p>\n<h2>C\u00f3mo saber si su billete online ha ganado<img loading=\"lazy\" decoding=\"async\" class=\"alignright wp-image-3651\" src=\"https:\/\/onlinelotto365.com\/wp-content\/uploads\/2020\/11\/online_lottery-79-300x292.jpg\" alt=\"bonoloto winning numbers\" width=\"148\" height=\"145\" srcset=\"https:\/\/onlinelotto365.com\/wp-content\/uploads\/2020\/11\/online_lottery-79-300x292.jpg 300w, https:\/\/onlinelotto365.com\/wp-content\/uploads\/2020\/11\/online_lottery-79.jpg 320w\" sizes=\"auto, (max-width: 148px) 100vw, 148px\" \/><\/h2>\n<p>Para los que ya han <a href=\"https:\/\/onlinelotto365.com\/es\/news\/comprueba-el-billete-de-loteria-en-linea\">comprado un billete para BonoLoto<\/a>, pueden ir directamente a su cuenta. Entra y ve a la p\u00e1gina con tus entradas. Una vez all\u00ed podr\u00e1s ver los resultados de cualquiera de los partidos para los que hayas comprado entradas. Eso har\u00e1 que sea mucho m\u00e1s f\u00e1cil para ti <strong>ver qu\u00e9 n\u00fameros tienes que han coincidido<\/strong> y cu\u00e1les no. Tambi\u00e9n podr\u00e1 obtener su dinero de inmediato si ha ganado menos de 2500 euros. Eso es porque estas cantidades se depositan directamente en tu cuenta sin que tengas que hacer nada en absoluto.<\/p>\n<h2>Archivo de resultados de BonoLoto<\/h2>\n<p>Si buscas n\u00fameros antiguos para el BonoLoto no tienes que buscar muy lejos. Eso es porque nos hemos encargado de todo por ti. Incluso hemos puesto todos los n\u00fameros antiguos en el mismo lugar que los \u00faltimos n\u00fameros, as\u00ed que no tienes que preocuparte por intentar localizarlos. Eso es porque sabemos lo importante que es para ti ser capaz de encontrar esos n\u00fameros cuando los quieras.<\/p>\n<h2>Mi boleto ha ganado, \u00bfqu\u00e9 pasa ahora?<\/h2>\n<p>Ya hemos hablado de que si ganas algunos de los peque\u00f1os premios de cualquier juego de loter\u00eda no tienes que preocuparte por conseguir tu dinero. Eso es porque nosotros nos encargamos de que se deposite directamente en su cuenta por usted. Cualquier cantidad inferior a 2500 euros se a\u00f1adir\u00e1 autom\u00e1ticamente a su cuenta para que est\u00e9 listo cuando lo desee.<br \/>\nEso definitivamente ser\u00e1 conveniente para ti y te ayudar\u00e1 a empezar a usar ese dinero. Eso es porque puedes usarlo para comprar m\u00e1s entradas cuando quieras. Si es m\u00e1s de 10 euros, puedes incluso retirar el dinero a cualquier cuenta que hayas usado en nuestro sitio antes.<\/p>\n","protected":false},"excerpt":{"rendered":"<p>Los juegos de loter\u00eda internacional pueden ser muy divertidos, pero hay que saber c\u00f3mo comprobar los n\u00fameros ganadores. Una forma de ver los n\u00fameros ganadores de BonoLoto es ir al peri\u00f3dico. Pero s\u00f3lo los peri\u00f3dicos locales generalmente van a tener los resultados que buscas. Otra opci\u00f3n es buscar en las estaciones de televisi\u00f3n, pero puede [&hellip;]<\/p>\n","protected":false},"author":1,"featured_media":0,"parent":3801,"menu_order":8,"comment_status":"closed","ping_status":"closed","template":"template-rightsidebar.php","meta":{"_et_pb_use_builder":"","_et_pb_old_content":"","_et_gb_content_width":"","exclude_from_search":false,"footnotes":""},"class_list":["post-7899","page","type-page","status-publish","hentry"],"yoast_head":"<!-- This site is optimized with the Yoast SEO plugin v23.4 - https:\/\/yoast.com\/wordpress\/plugins\/seo\/ -->\n<title>Resultados y premios para el BonoLoto espa\u00f1ol<\/title>\n<meta name=\"description\" content=\"Vea aqu\u00ed para saber si sus boletos de Bonoloto han ganado\" \/>\n<meta name=\"robots\" content=\"index, follow, max-snippet:-1, max-image-preview:large, max-video-preview:-1\" \/>\n<link rel=\"canonical\" href=\"https:\/\/onlinelotto365.com\/es\/numeros-ganadores\/bonoloto\/\" \/>\n<meta property=\"og:locale\" content=\"es_ES\" \/>\n<meta property=\"og:type\" content=\"article\" \/>\n<meta property=\"og:title\" content=\"Resultados y premios para el BonoLoto espa\u00f1ol\" \/>\n<meta property=\"og:description\" content=\"Vea aqu\u00ed para saber si sus boletos de Bonoloto han ganado\" \/>\n<meta property=\"og:url\" content=\"https:\/\/onlinelotto365.com\/es\/numeros-ganadores\/bonoloto\/\" \/>\n<meta property=\"og:site_name\" content=\"OnlineLotto365\" \/>\n<meta property=\"article:modified_time\" content=\"2021-01-05T12:39:13+00:00\" \/>\n<meta property=\"og:image\" content=\"https:\/\/redfoxlotto.com\/image?size=8&amp;lottery=bonoloto\" \/>\n<meta name=\"twitter:card\" content=\"summary_large_image\" \/>\n<meta name=\"twitter:label1\" content=\"Tiempo de lectura\" \/>\n\t<meta name=\"twitter:data1\" content=\"3 minutos\" \/>\n<script type=\"application\/ld+json\" class=\"yoast-schema-graph\">{\"@context\":\"https:\/\/schema.org\",\"@graph\":[{\"@type\":\"WebPage\",\"@id\":\"https:\/\/onlinelotto365.com\/es\/numeros-ganadores\/bonoloto\/\",\"url\":\"https:\/\/onlinelotto365.com\/es\/numeros-ganadores\/bonoloto\/\",\"name\":\"Resultados y premios para el BonoLoto espa\u00f1ol\",\"isPartOf\":{\"@id\":\"https:\/\/onlinelotto365.com\/es\/#website\"},\"primaryImageOfPage\":{\"@id\":\"https:\/\/onlinelotto365.com\/es\/numeros-ganadores\/bonoloto\/#primaryimage\"},\"image\":{\"@id\":\"https:\/\/onlinelotto365.com\/es\/numeros-ganadores\/bonoloto\/#primaryimage\"},\"thumbnailUrl\":\"https:\/\/redfoxlotto.com\/image?size=8&amp;lottery=bonoloto\",\"datePublished\":\"2020-12-08T13:38:01+00:00\",\"dateModified\":\"2021-01-05T12:39:13+00:00\",\"description\":\"Vea aqu\u00ed para saber si sus boletos de Bonoloto han ganado\",\"breadcrumb\":{\"@id\":\"https:\/\/onlinelotto365.com\/es\/numeros-ganadores\/bonoloto\/#breadcrumb\"},\"inLanguage\":\"es\",\"potentialAction\":[{\"@type\":\"ReadAction\",\"target\":[\"https:\/\/onlinelotto365.com\/es\/numeros-ganadores\/bonoloto\/\"]}]},{\"@type\":\"ImageObject\",\"inLanguage\":\"es\",\"@id\":\"https:\/\/onlinelotto365.com\/es\/numeros-ganadores\/bonoloto\/#primaryimage\",\"url\":\"https:\/\/redfoxlotto.com\/image?size=8&amp;lottery=bonoloto\",\"contentUrl\":\"https:\/\/redfoxlotto.com\/image?size=8&amp;lottery=bonoloto\"},{\"@type\":\"BreadcrumbList\",\"@id\":\"https:\/\/onlinelotto365.com\/es\/numeros-ganadores\/bonoloto\/#breadcrumb\",\"itemListElement\":[{\"@type\":\"ListItem\",\"position\":1,\"name\":\"Home\",\"item\":\"https:\/\/onlinelotto365.com\/es\/\"},{\"@type\":\"ListItem\",\"position\":2,\"name\":\"Encuentra los n\u00fameros ganadores y los resultados de los \u00faltimos sorteos de la loter\u00eda\",\"item\":\"https:\/\/onlinelotto365.com\/es\/winning-numbers\/\"},{\"@type\":\"ListItem\",\"position\":3,\"name\":\"Los resultados del espa\u00f1ol Bonoloto\"}]},{\"@type\":\"WebSite\",\"@id\":\"https:\/\/onlinelotto365.com\/es\/#website\",\"url\":\"https:\/\/onlinelotto365.com\/es\/\",\"name\":\"OnlineLotto365\",\"description\":\"\",\"potentialAction\":[{\"@type\":\"SearchAction\",\"target\":{\"@type\":\"EntryPoint\",\"urlTemplate\":\"https:\/\/onlinelotto365.com\/es\/?s={search_term_string}\"},\"query-input\":{\"@type\":\"PropertyValueSpecification\",\"valueRequired\":true,\"valueName\":\"search_term_string\"}}],\"inLanguage\":\"es\"}]}<\/script>\n<!-- \/ Yoast SEO plugin. -->","yoast_head_json":{"title":"Resultados y premios para el BonoLoto espa\u00f1ol","description":"Vea aqu\u00ed para saber si sus boletos de Bonoloto han ganado","robots":{"index":"index","follow":"follow","max-snippet":"max-snippet:-1","max-image-preview":"max-image-preview:large","max-video-preview":"max-video-preview:-1"},"canonical":"https:\/\/onlinelotto365.com\/es\/numeros-ganadores\/bonoloto\/","og_locale":"es_ES","og_type":"article","og_title":"Resultados y premios para el BonoLoto espa\u00f1ol","og_description":"Vea aqu\u00ed para saber si sus boletos de Bonoloto han ganado","og_url":"https:\/\/onlinelotto365.com\/es\/numeros-ganadores\/bonoloto\/","og_site_name":"OnlineLotto365","article_modified_time":"2021-01-05T12:39:13+00:00","og_image":[{"url":"https:\/\/redfoxlotto.com\/image?size=8&amp;lottery=bonoloto"}],"twitter_card":"summary_large_image","twitter_misc":{"Tiempo de lectura":"3 minutos"},"schema":{"@context":"https:\/\/schema.org","@graph":[{"@type":"WebPage","@id":"https:\/\/onlinelotto365.com\/es\/numeros-ganadores\/bonoloto\/","url":"https:\/\/onlinelotto365.com\/es\/numeros-ganadores\/bonoloto\/","name":"Resultados y premios para el BonoLoto espa\u00f1ol","isPartOf":{"@id":"https:\/\/onlinelotto365.com\/es\/#website"},"primaryImageOfPage":{"@id":"https:\/\/onlinelotto365.com\/es\/numeros-ganadores\/bonoloto\/#primaryimage"},"image":{"@id":"https:\/\/onlinelotto365.com\/es\/numeros-ganadores\/bonoloto\/#primaryimage"},"thumbnailUrl":"https:\/\/redfoxlotto.com\/image?size=8&amp;lottery=bonoloto","datePublished":"2020-12-08T13:38:01+00:00","dateModified":"2021-01-05T12:39:13+00:00","description":"Vea aqu\u00ed para saber si sus boletos de Bonoloto han ganado","breadcrumb":{"@id":"https:\/\/onlinelotto365.com\/es\/numeros-ganadores\/bonoloto\/#breadcrumb"},"inLanguage":"es","potentialAction":[{"@type":"ReadAction","target":["https:\/\/onlinelotto365.com\/es\/numeros-ganadores\/bonoloto\/"]}]},{"@type":"ImageObject","inLanguage":"es","@id":"https:\/\/onlinelotto365.com\/es\/numeros-ganadores\/bonoloto\/#primaryimage","url":"https:\/\/redfoxlotto.com\/image?size=8&amp;lottery=bonoloto","contentUrl":"https:\/\/redfoxlotto.com\/image?size=8&amp;lottery=bonoloto"},{"@type":"BreadcrumbList","@id":"https:\/\/onlinelotto365.com\/es\/numeros-ganadores\/bonoloto\/#breadcrumb","itemListElement":[{"@type":"ListItem","position":1,"name":"Home","item":"https:\/\/onlinelotto365.com\/es\/"},{"@type":"ListItem","position":2,"name":"Encuentra los n\u00fameros ganadores y los resultados de los \u00faltimos sorteos de la loter\u00eda","item":"https:\/\/onlinelotto365.com\/es\/winning-numbers\/"},{"@type":"ListItem","position":3,"name":"Los resultados del espa\u00f1ol Bonoloto"}]},{"@type":"WebSite","@id":"https:\/\/onlinelotto365.com\/es\/#website","url":"https:\/\/onlinelotto365.com\/es\/","name":"OnlineLotto365","description":"","potentialAction":[{"@type":"SearchAction","target":{"@type":"EntryPoint","urlTemplate":"https:\/\/onlinelotto365.com\/es\/?s={search_term_string}"},"query-input":{"@type":"PropertyValueSpecification","valueRequired":true,"valueName":"search_term_string"}}],"inLanguage":"es"}]}},"_links":{"self":[{"href":"https:\/\/onlinelotto365.com\/es\/wp-json\/wp\/v2\/pages\/7899","targetHints":{"allow":["GET"]}}],"collection":[{"href":"https:\/\/onlinelotto365.com\/es\/wp-json\/wp\/v2\/pages"}],"about":[{"href":"https:\/\/onlinelotto365.com\/es\/wp-json\/wp\/v2\/types\/page"}],"author":[{"embeddable":true,"href":"https:\/\/onlinelotto365.com\/es\/wp-json\/wp\/v2\/users\/1"}],"replies":[{"embeddable":true,"href":"https:\/\/onlinelotto365.com\/es\/wp-json\/wp\/v2\/comments?post=7899"}],"version-history":[{"count":0,"href":"https:\/\/onlinelotto365.com\/es\/wp-json\/wp\/v2\/pages\/7899\/revisions"}],"up":[{"embeddable":true,"href":"https:\/\/onlinelotto365.com\/es\/wp-json\/wp\/v2\/pages\/3801"}],"wp:attachment":[{"href":"https:\/\/onlinelotto365.com\/es\/wp-json\/wp\/v2\/media?parent=7899"}],"curies":[{"name":"wp","href":"https:\/\/api.w.org\/{rel}","templated":true}]}}