{"id":7942,"date":"2020-12-08T14:42:51","date_gmt":"2020-12-08T13:42:51","guid":{"rendered":"http:\/\/onlinelotto365.net\/?page_id=7942"},"modified":"2021-01-05T13:40:43","modified_gmt":"2021-01-05T12:40:43","slug":"uk-lottery","status":"publish","type":"page","link":"https:\/\/onlinelotto365.com\/es\/numeros-ganadores\/uk-lottery\/","title":{"rendered":"Los resultados de la loter\u00eda del Reino Unido"},"content":{"rendered":"<p>Hay muchos juegos internacionales diferentes ah\u00ed fuera y ofrecemos un mont\u00f3n de ellos. Eso puede significar que lo pasas mal <a href=\"https:\/\/onlinelotto365.com\/es\/numeros-ganadores\"><strong>encontrar los resultados<\/strong><\/a> despu\u00e9s del dibujo. Para algunos, quieren mirar en el peri\u00f3dico, pero su peri\u00f3dico local <strong>puede no tener los resultados de la Loter\u00eda del Reino Unido.<\/strong> Por otro lado, las estaciones de televisi\u00f3n pueden no tener esos resultados tampoco, o podr\u00eda tomar tiempo encontrar el canal correcto que los tenga.<\/p>\n<p>Otra opci\u00f3n es mirar el sitio web oficial de la Loter\u00eda del Reino Unido, que puede tener una <a href=\"https:\/\/onlinelotto365.com\/es\/news\/lotto-en-vivo\">transmisi\u00f3n en vivo del proceso<\/a> de sorteo. Pero no todos los juegos de loter\u00eda ofrecen este tipo de sistema de transmisi\u00f3n en vivo e incluso cuando lo hacen tienes que estar all\u00ed en el momento adecuado. Entonces, \u00bfqu\u00e9 manera puede usar para encontrar los resultados de la Loter\u00eda del Reino Unido?<br \/>\nOtra opci\u00f3n es buscar en YouTube el \u00faltimo sorteo de la Loter\u00eda del Reino Unido si ya ha terminado. A veces la gente sube la grabaci\u00f3n o publica los n\u00fameros ganadores de alguna manera.<br \/>\n<a href=\"https:\/\/redfoxlotto.com\/es\/jugar\/lotto-uk\/?ref=a8564250a2&amp;medium=ol365\" target=\"_blank\" rel=\"noopener noreferrer\"><img decoding=\"async\" class=\"aligncenter\" src=\"https:\/\/redfoxlotto.com\/image?size=8&amp;lottery=lotto-uk\" alt=\"uk lottery\" \/><\/a><\/p>\n<p>Sin embargo, el m\u00e9todo m\u00e1s f\u00e1cil para que usted obtenga los n\u00fameros ganadores es revisar nuestro sitio web. Nuestra p\u00e1gina de resultados de la loter\u00eda le mostrar\u00e1 los resultados y premios de la Loter\u00eda del Reino Unido, as\u00ed como de todos los dem\u00e1s juegos de loter\u00eda que tenemos disponibles.<\/p>\n<h2>C\u00f3mo saber si su billete en l\u00ednea ha ganado<\/h2>\n<p><img loading=\"lazy\" decoding=\"async\" class=\"alignright wp-image-3550\" src=\"https:\/\/onlinelotto365.com\/wp-content\/uploads\/2020\/11\/online_lottery-108-300x232.jpg\" alt=\"uk lottery results\" width=\"146\" height=\"113\" srcset=\"https:\/\/onlinelotto365.com\/wp-content\/uploads\/2020\/11\/online_lottery-108-300x232.jpg 300w, https:\/\/onlinelotto365.com\/wp-content\/uploads\/2020\/11\/online_lottery-108.jpg 320w\" sizes=\"auto, (max-width: 146px) 100vw, 146px\" \/> Lo que es a\u00fan mejor para ti es que puedes comprobar la p\u00e1gina de tu cuenta si ya has comprado entradas. En la p\u00e1gina de su cuenta, le mostraremos los n\u00fameros ganadores de cualquier boleto que tenga y los compararemos con su propio boleto. Incluso destacaremos los n\u00fameros que coinciden.<br \/>\nY, si gana menos de 2500 euros, no tiene que hacer nada porque el dinero ya se pondr\u00e1 directamente en su cuenta de jugador tan pronto como se verifiquen los resultados. Eso le facilita comprar m\u00e1s boletos para el pr\u00f3ximo sorteo.<\/p>\n<h2>Archivo de resultados de la Loter\u00eda del Reino Unido<\/h2>\n<p>Cada una de las p\u00e1ginas de nuestro sitio web que muestran los n\u00fameros ganadores actuales <strong>tambi\u00e9n le mostrar\u00e1 los resultados de la antigua Loter\u00eda<\/strong> del Reino Unido. Podr\u00e1 comprobar los sorteos anteriores para ver si hay billetes viejos o para averiguar los n\u00fameros que quiere jugar la pr\u00f3xima vez. Despu\u00e9s de todo, a mucha gente le gusta comprobar los n\u00fameros antiguos para elegir los suyos.<\/p>\n<h2>Mi boleto ha ganado, \u00bfqu\u00e9 pasa ahora?<\/h2>\n<p>Si tienes un boleto ganador y tienes derecho a menos de 2500 euros no tienes que hacer nada en absoluto. Nosotros nos encargamos de todo por usted y nos aseguraremos de que reciba sus ganancias directamente en su cuenta. Si quiere usar ese dinero puede usarlo para comprar a\u00fan m\u00e1s boletos. Si no lo hace, puede retirar el dinero siempre y cuando tenga al menos 10 euros disponibles. Ese dinero debe ser retirado con un m\u00e9todo de pago que ya haya sido utilizado en nuestro sitio y es posible que tenga que verificar su identidad para cumplir con las regulaciones federales.<\/p>\n","protected":false},"excerpt":{"rendered":"<p>Hay muchos juegos internacionales diferentes ah\u00ed fuera y ofrecemos un mont\u00f3n de ellos. Eso puede significar que lo pasas mal encontrar los resultados despu\u00e9s del dibujo. Para algunos, quieren mirar en el peri\u00f3dico, pero su peri\u00f3dico local puede no tener los resultados de la Loter\u00eda del Reino Unido. Por otro lado, las estaciones de televisi\u00f3n [&hellip;]<\/p>\n","protected":false},"author":1,"featured_media":0,"parent":3801,"menu_order":9,"comment_status":"closed","ping_status":"closed","template":"lotto-uk-results.php","meta":{"_et_pb_use_builder":"","_et_pb_old_content":"","_et_gb_content_width":"","exclude_from_search":false,"footnotes":""},"class_list":["post-7942","page","type-page","status-publish","hentry"],"yoast_head":"<!-- This site is optimized with the Yoast SEO plugin v23.4 - https:\/\/yoast.com\/wordpress\/plugins\/seo\/ -->\n<title>Resultados, n\u00fameros ganadores de la Loter\u00eda del Reino Unido<\/title>\n<meta name=\"description\" content=\"Justo despu\u00e9s del sorteo, vea los resultados y los n\u00fameros de la loter\u00eda del Reino Unido aqu\u00ed\" \/>\n<meta name=\"robots\" content=\"index, follow, max-snippet:-1, max-image-preview:large, max-video-preview:-1\" \/>\n<link rel=\"canonical\" href=\"https:\/\/onlinelotto365.com\/es\/numeros-ganadores\/uk-lottery\/\" \/>\n<meta property=\"og:locale\" content=\"es_ES\" \/>\n<meta property=\"og:type\" content=\"article\" \/>\n<meta property=\"og:title\" content=\"Resultados, n\u00fameros ganadores de la Loter\u00eda del Reino Unido\" \/>\n<meta property=\"og:description\" content=\"Justo despu\u00e9s del sorteo, vea los resultados y los n\u00fameros de la loter\u00eda del Reino Unido aqu\u00ed\" \/>\n<meta property=\"og:url\" content=\"https:\/\/onlinelotto365.com\/es\/numeros-ganadores\/uk-lottery\/\" \/>\n<meta property=\"og:site_name\" content=\"OnlineLotto365\" \/>\n<meta property=\"article:modified_time\" content=\"2021-01-05T12:40:43+00:00\" \/>\n<meta property=\"og:image\" content=\"https:\/\/redfoxlotto.com\/image?size=8&amp;lottery=lotto-uk\" \/>\n<meta name=\"twitter:card\" content=\"summary_large_image\" \/>\n<meta name=\"twitter:label1\" content=\"Tiempo de lectura\" \/>\n\t<meta name=\"twitter:data1\" content=\"3 minutos\" \/>\n<script type=\"application\/ld+json\" class=\"yoast-schema-graph\">{\"@context\":\"https:\/\/schema.org\",\"@graph\":[{\"@type\":\"WebPage\",\"@id\":\"https:\/\/onlinelotto365.com\/es\/numeros-ganadores\/uk-lottery\/\",\"url\":\"https:\/\/onlinelotto365.com\/es\/numeros-ganadores\/uk-lottery\/\",\"name\":\"Resultados, n\u00fameros ganadores de la Loter\u00eda del Reino Unido\",\"isPartOf\":{\"@id\":\"https:\/\/onlinelotto365.com\/es\/#website\"},\"primaryImageOfPage\":{\"@id\":\"https:\/\/onlinelotto365.com\/es\/numeros-ganadores\/uk-lottery\/#primaryimage\"},\"image\":{\"@id\":\"https:\/\/onlinelotto365.com\/es\/numeros-ganadores\/uk-lottery\/#primaryimage\"},\"thumbnailUrl\":\"https:\/\/redfoxlotto.com\/image?size=8&amp;lottery=lotto-uk\",\"datePublished\":\"2020-12-08T13:42:51+00:00\",\"dateModified\":\"2021-01-05T12:40:43+00:00\",\"description\":\"Justo despu\u00e9s del sorteo, vea los resultados y los n\u00fameros de la loter\u00eda del Reino Unido aqu\u00ed\",\"breadcrumb\":{\"@id\":\"https:\/\/onlinelotto365.com\/es\/numeros-ganadores\/uk-lottery\/#breadcrumb\"},\"inLanguage\":\"es\",\"potentialAction\":[{\"@type\":\"ReadAction\",\"target\":[\"https:\/\/onlinelotto365.com\/es\/numeros-ganadores\/uk-lottery\/\"]}]},{\"@type\":\"ImageObject\",\"inLanguage\":\"es\",\"@id\":\"https:\/\/onlinelotto365.com\/es\/numeros-ganadores\/uk-lottery\/#primaryimage\",\"url\":\"https:\/\/redfoxlotto.com\/image?size=8&amp;lottery=lotto-uk\",\"contentUrl\":\"https:\/\/redfoxlotto.com\/image?size=8&amp;lottery=lotto-uk\"},{\"@type\":\"BreadcrumbList\",\"@id\":\"https:\/\/onlinelotto365.com\/es\/numeros-ganadores\/uk-lottery\/#breadcrumb\",\"itemListElement\":[{\"@type\":\"ListItem\",\"position\":1,\"name\":\"Home\",\"item\":\"https:\/\/onlinelotto365.com\/es\/\"},{\"@type\":\"ListItem\",\"position\":2,\"name\":\"Encuentra los n\u00fameros ganadores y los resultados de los \u00faltimos sorteos de la loter\u00eda\",\"item\":\"https:\/\/onlinelotto365.com\/es\/winning-numbers\/\"},{\"@type\":\"ListItem\",\"position\":3,\"name\":\"Los resultados de la loter\u00eda del Reino Unido\"}]},{\"@type\":\"WebSite\",\"@id\":\"https:\/\/onlinelotto365.com\/es\/#website\",\"url\":\"https:\/\/onlinelotto365.com\/es\/\",\"name\":\"OnlineLotto365\",\"description\":\"\",\"potentialAction\":[{\"@type\":\"SearchAction\",\"target\":{\"@type\":\"EntryPoint\",\"urlTemplate\":\"https:\/\/onlinelotto365.com\/es\/?s={search_term_string}\"},\"query-input\":{\"@type\":\"PropertyValueSpecification\",\"valueRequired\":true,\"valueName\":\"search_term_string\"}}],\"inLanguage\":\"es\"}]}<\/script>\n<!-- \/ Yoast SEO plugin. -->","yoast_head_json":{"title":"Resultados, n\u00fameros ganadores de la Loter\u00eda del Reino Unido","description":"Justo despu\u00e9s del sorteo, vea los resultados y los n\u00fameros de la loter\u00eda del Reino Unido aqu\u00ed","robots":{"index":"index","follow":"follow","max-snippet":"max-snippet:-1","max-image-preview":"max-image-preview:large","max-video-preview":"max-video-preview:-1"},"canonical":"https:\/\/onlinelotto365.com\/es\/numeros-ganadores\/uk-lottery\/","og_locale":"es_ES","og_type":"article","og_title":"Resultados, n\u00fameros ganadores de la Loter\u00eda del Reino Unido","og_description":"Justo despu\u00e9s del sorteo, vea los resultados y los n\u00fameros de la loter\u00eda del Reino Unido aqu\u00ed","og_url":"https:\/\/onlinelotto365.com\/es\/numeros-ganadores\/uk-lottery\/","og_site_name":"OnlineLotto365","article_modified_time":"2021-01-05T12:40:43+00:00","og_image":[{"url":"https:\/\/redfoxlotto.com\/image?size=8&amp;lottery=lotto-uk"}],"twitter_card":"summary_large_image","twitter_misc":{"Tiempo de lectura":"3 minutos"},"schema":{"@context":"https:\/\/schema.org","@graph":[{"@type":"WebPage","@id":"https:\/\/onlinelotto365.com\/es\/numeros-ganadores\/uk-lottery\/","url":"https:\/\/onlinelotto365.com\/es\/numeros-ganadores\/uk-lottery\/","name":"Resultados, n\u00fameros ganadores de la Loter\u00eda del Reino Unido","isPartOf":{"@id":"https:\/\/onlinelotto365.com\/es\/#website"},"primaryImageOfPage":{"@id":"https:\/\/onlinelotto365.com\/es\/numeros-ganadores\/uk-lottery\/#primaryimage"},"image":{"@id":"https:\/\/onlinelotto365.com\/es\/numeros-ganadores\/uk-lottery\/#primaryimage"},"thumbnailUrl":"https:\/\/redfoxlotto.com\/image?size=8&amp;lottery=lotto-uk","datePublished":"2020-12-08T13:42:51+00:00","dateModified":"2021-01-05T12:40:43+00:00","description":"Justo despu\u00e9s del sorteo, vea los resultados y los n\u00fameros de la loter\u00eda del Reino Unido aqu\u00ed","breadcrumb":{"@id":"https:\/\/onlinelotto365.com\/es\/numeros-ganadores\/uk-lottery\/#breadcrumb"},"inLanguage":"es","potentialAction":[{"@type":"ReadAction","target":["https:\/\/onlinelotto365.com\/es\/numeros-ganadores\/uk-lottery\/"]}]},{"@type":"ImageObject","inLanguage":"es","@id":"https:\/\/onlinelotto365.com\/es\/numeros-ganadores\/uk-lottery\/#primaryimage","url":"https:\/\/redfoxlotto.com\/image?size=8&amp;lottery=lotto-uk","contentUrl":"https:\/\/redfoxlotto.com\/image?size=8&amp;lottery=lotto-uk"},{"@type":"BreadcrumbList","@id":"https:\/\/onlinelotto365.com\/es\/numeros-ganadores\/uk-lottery\/#breadcrumb","itemListElement":[{"@type":"ListItem","position":1,"name":"Home","item":"https:\/\/onlinelotto365.com\/es\/"},{"@type":"ListItem","position":2,"name":"Encuentra los n\u00fameros ganadores y los resultados de los \u00faltimos sorteos de la loter\u00eda","item":"https:\/\/onlinelotto365.com\/es\/winning-numbers\/"},{"@type":"ListItem","position":3,"name":"Los resultados de la loter\u00eda del Reino Unido"}]},{"@type":"WebSite","@id":"https:\/\/onlinelotto365.com\/es\/#website","url":"https:\/\/onlinelotto365.com\/es\/","name":"OnlineLotto365","description":"","potentialAction":[{"@type":"SearchAction","target":{"@type":"EntryPoint","urlTemplate":"https:\/\/onlinelotto365.com\/es\/?s={search_term_string}"},"query-input":{"@type":"PropertyValueSpecification","valueRequired":true,"valueName":"search_term_string"}}],"inLanguage":"es"}]}},"_links":{"self":[{"href":"https:\/\/onlinelotto365.com\/es\/wp-json\/wp\/v2\/pages\/7942","targetHints":{"allow":["GET"]}}],"collection":[{"href":"https:\/\/onlinelotto365.com\/es\/wp-json\/wp\/v2\/pages"}],"about":[{"href":"https:\/\/onlinelotto365.com\/es\/wp-json\/wp\/v2\/types\/page"}],"author":[{"embeddable":true,"href":"https:\/\/onlinelotto365.com\/es\/wp-json\/wp\/v2\/users\/1"}],"replies":[{"embeddable":true,"href":"https:\/\/onlinelotto365.com\/es\/wp-json\/wp\/v2\/comments?post=7942"}],"version-history":[{"count":0,"href":"https:\/\/onlinelotto365.com\/es\/wp-json\/wp\/v2\/pages\/7942\/revisions"}],"up":[{"embeddable":true,"href":"https:\/\/onlinelotto365.com\/es\/wp-json\/wp\/v2\/pages\/3801"}],"wp:attachment":[{"href":"https:\/\/onlinelotto365.com\/es\/wp-json\/wp\/v2\/media?parent=7942"}],"curies":[{"name":"wp","href":"https:\/\/api.w.org\/{rel}","templated":true}]}}