{"id":7974,"date":"2020-12-08T14:46:24","date_gmt":"2020-12-08T13:46:24","guid":{"rendered":"http:\/\/onlinelotto365.net\/?page_id=7974"},"modified":"2021-01-05T13:40:53","modified_gmt":"2021-01-05T12:40:53","slug":"set-for-life","status":"publish","type":"page","link":"https:\/\/onlinelotto365.com\/es\/numeros-ganadores\/set-for-life\/","title":{"rendered":"Los resultados del sorteo del Set para la vida"},"content":{"rendered":"<p>Los juegos de loter\u00eda internacional pueden ser muy divertidos, pero requieren un poco de esfuerzo para encontrar los n\u00fameros ganadores. <strong>Los n\u00fameros de Set for Life pueden no estar disponibles en su peri\u00f3dico local<\/strong>. Eso es porque puede que no est\u00e9s en el \u00e1rea correcta.<\/p>\n<p>Lo mismo es cierto para ver los resultados en la televisi\u00f3n. Si no est\u00e1s en el \u00e1rea correcta tendr\u00e1s que hacer una gran b\u00fasqueda para encontrar un canal que muestre los resultados.<br \/>\nTambi\u00e9n puedes mirar el sitio web oficial de Set for Life para ver si tienen una <strong>transmisi\u00f3n en vivo de los n\u00fameros<\/strong> ganadores. Si lo tienen, tal vez quieras comprobarlo porque ver el sorteo en vivo es una de las opciones m\u00e1s emocionantes. Por otro lado, no todos los juegos de loter\u00eda ofrecen esta opci\u00f3n y puede que no la encuentres.<\/p>\n<p>Otro lugar para buscar es en YouTube. A veces se pueden encontrar videos de sorteos all\u00ed despu\u00e9s de que el sorteo se ha realizado y puede ser capaz de encontrar los n\u00fameros ganadores.<br \/>\n<a href=\"https:\/\/redfoxlotto.com\/es\/jugar\/set-for-life-uk\/?ref=a8564250a2&amp;medium=ol365\" target=\"_blank\" rel=\"noopener noreferrer\"><img decoding=\"async\" class=\"aligncenter\" src=\"https:\/\/redfoxlotto.com\/image?size=8&amp;lottery=set-for-life-uk\" alt=\"set for life\" \/><\/a><\/p>\n<p><strong>La forma m\u00e1s conveniente de encontrar los n\u00fameros ganadores de Set for Life es ir a nuestra p\u00e1gina web.<\/strong> Tenemos todos los n\u00fameros ganadores disponibles para cualquiera de los juegos que tenemos disponibles. As\u00ed que puedes encontrar Set for Life y mucho m\u00e1s.<\/p>\n<h2>C\u00f3mo saber si su boleto en l\u00ednea ha ganado<\/h2>\n<p>Se pone a\u00fan mejor si <a href=\"https:\/\/onlinelotto365.com\/es\/compra-boletos\">ya has comprado entradas<\/a> para Set for Life con nosotros. Eso es porque hacemos a\u00fan m\u00e1s f\u00e1cil comprobar las entradas que ya tienes. Puede revisar la p\u00e1gina donde se almacenan todos sus boletos y encontrar\u00e1 no s\u00f3lo los n\u00fameros de sus boletos sino tambi\u00e9n los n\u00fameros del boleto ganador. Incluso nos encargaremos de hacerle saber qu\u00e9 n\u00fameros coinciden codific\u00e1ndolos por colores. De esa manera no tienes que mirar las opciones por ti mismo. Entonces, si la cantidad ganadora es menor de 2500 euros no tendr\u00e1 que preocuparse porque tendremos el dinero en su cuenta de inmediato.<\/p>\n<h2>Archivo de resultados de Set for life<\/h2>\n<p>Para aquellos que quieran echar un vistazo a los viejos n\u00fameros de Set for Life, pueden hacerlo f\u00e1cilmente. Tenemos los n\u00fameros de archivo disponibles en cualquier lugar donde est\u00e9n los \u00faltimos resultados. De esta manera puedes ver qu\u00e9 n\u00fameros son los m\u00e1s sorteados y cu\u00e1les pueden ser los debidos para otro sorteo.<\/p>\n<h2>Mi boleto ha ganado, \u00bfqu\u00e9 pasa ahora?<\/h2>\n<p><img loading=\"lazy\" decoding=\"async\" class=\"alignright wp-image-3543\" src=\"https:\/\/onlinelotto365.com\/wp-content\/uploads\/2020\/11\/online_lottery-3-300x300.jpg\" alt=\"set for life winning numbers\" width=\"187\" height=\"187\" srcset=\"https:\/\/onlinelotto365.com\/wp-content\/uploads\/2020\/11\/online_lottery-3-300x300.jpg 300w, https:\/\/onlinelotto365.com\/wp-content\/uploads\/2020\/11\/online_lottery-3-100x100.jpg 100w, https:\/\/onlinelotto365.com\/wp-content\/uploads\/2020\/11\/online_lottery-3-150x150.jpg 150w, https:\/\/onlinelotto365.com\/wp-content\/uploads\/2020\/11\/online_lottery-3.jpg 320w\" sizes=\"auto, (max-width: 187px) 100vw, 187px\" \/> Si usted gana en su billete de loter\u00eda con Set for Life todo lo que tiene que hacer es esperar y ver qu\u00e9 pasa. Eso es porque nosotros nos encargaremos de la mayor\u00eda de las cosas por usted. Puede esperar cualquier cantidad que sea menor de 2500 euros porque lo pondremos inmediatamente en su cuenta tan pronto como los n\u00fameros ganadores hayan sido verificados.<\/p>\n<p>Entonces, si tienes al menos 10 euros en tu cuenta, tendr\u00e1s la opci\u00f3n de retirar el dinero a tu cuenta bancaria. S\u00f3lo tienes que asegurarte de que usas una cuenta que ya has usado con nuestro sistema antes. Y tendr\u00e1s que verificar tu identidad e informaci\u00f3n para nuestro procesador de pagos. Este es un proceso simple que se puede hacer con s\u00f3lo unos pocos formularios y antes de que te des cuenta tu dinero estar\u00e1 disponible.<\/p>\n","protected":false},"excerpt":{"rendered":"<p>Los juegos de loter\u00eda internacional pueden ser muy divertidos, pero requieren un poco de esfuerzo para encontrar los n\u00fameros ganadores. Los n\u00fameros de Set for Life pueden no estar disponibles en su peri\u00f3dico local. Eso es porque puede que no est\u00e9s en el \u00e1rea correcta. Lo mismo es cierto para ver los resultados en la [&hellip;]<\/p>\n","protected":false},"author":1,"featured_media":0,"parent":3801,"menu_order":10,"comment_status":"closed","ping_status":"closed","template":"set-for-life-results.php","meta":{"_et_pb_use_builder":"","_et_pb_old_content":"","_et_gb_content_width":"","exclude_from_search":false,"footnotes":""},"class_list":["post-7974","page","type-page","status-publish","hentry"],"yoast_head":"<!-- This site is optimized with the Yoast SEO plugin v23.4 - https:\/\/yoast.com\/wordpress\/plugins\/seo\/ -->\n<title>Los \u00faltimos n\u00fameros ganadores y los pagos de Set for life<\/title>\n<meta name=\"description\" content=\"\u00bfJugaste a la loter\u00eda Set for life? Tenemos los \u00faltimos n\u00fameros ganadores y los anteriores.\" \/>\n<meta name=\"robots\" content=\"index, follow, max-snippet:-1, max-image-preview:large, max-video-preview:-1\" \/>\n<link rel=\"canonical\" href=\"https:\/\/onlinelotto365.com\/es\/numeros-ganadores\/set-for-life\/\" \/>\n<meta property=\"og:locale\" content=\"es_ES\" \/>\n<meta property=\"og:type\" content=\"article\" \/>\n<meta property=\"og:title\" content=\"Los \u00faltimos n\u00fameros ganadores y los pagos de Set for life\" \/>\n<meta property=\"og:description\" content=\"\u00bfJugaste a la loter\u00eda Set for life? Tenemos los \u00faltimos n\u00fameros ganadores y los anteriores.\" \/>\n<meta property=\"og:url\" content=\"https:\/\/onlinelotto365.com\/es\/numeros-ganadores\/set-for-life\/\" \/>\n<meta property=\"og:site_name\" content=\"OnlineLotto365\" \/>\n<meta property=\"article:modified_time\" content=\"2021-01-05T12:40:53+00:00\" \/>\n<meta property=\"og:image\" content=\"https:\/\/redfoxlotto.com\/image?size=8&amp;lottery=set-for-life-uk\" \/>\n<meta name=\"twitter:card\" content=\"summary_large_image\" \/>\n<meta name=\"twitter:label1\" content=\"Tiempo de lectura\" \/>\n\t<meta name=\"twitter:data1\" content=\"3 minutos\" \/>\n<script type=\"application\/ld+json\" class=\"yoast-schema-graph\">{\"@context\":\"https:\/\/schema.org\",\"@graph\":[{\"@type\":\"WebPage\",\"@id\":\"https:\/\/onlinelotto365.com\/es\/numeros-ganadores\/set-for-life\/\",\"url\":\"https:\/\/onlinelotto365.com\/es\/numeros-ganadores\/set-for-life\/\",\"name\":\"Los \u00faltimos n\u00fameros ganadores y los pagos de Set for life\",\"isPartOf\":{\"@id\":\"https:\/\/onlinelotto365.com\/es\/#website\"},\"primaryImageOfPage\":{\"@id\":\"https:\/\/onlinelotto365.com\/es\/numeros-ganadores\/set-for-life\/#primaryimage\"},\"image\":{\"@id\":\"https:\/\/onlinelotto365.com\/es\/numeros-ganadores\/set-for-life\/#primaryimage\"},\"thumbnailUrl\":\"https:\/\/redfoxlotto.com\/image?size=8&amp;lottery=set-for-life-uk\",\"datePublished\":\"2020-12-08T13:46:24+00:00\",\"dateModified\":\"2021-01-05T12:40:53+00:00\",\"description\":\"\u00bfJugaste a la loter\u00eda Set for life? Tenemos los \u00faltimos n\u00fameros ganadores y los anteriores.\",\"breadcrumb\":{\"@id\":\"https:\/\/onlinelotto365.com\/es\/numeros-ganadores\/set-for-life\/#breadcrumb\"},\"inLanguage\":\"es\",\"potentialAction\":[{\"@type\":\"ReadAction\",\"target\":[\"https:\/\/onlinelotto365.com\/es\/numeros-ganadores\/set-for-life\/\"]}]},{\"@type\":\"ImageObject\",\"inLanguage\":\"es\",\"@id\":\"https:\/\/onlinelotto365.com\/es\/numeros-ganadores\/set-for-life\/#primaryimage\",\"url\":\"https:\/\/redfoxlotto.com\/image?size=8&amp;lottery=set-for-life-uk\",\"contentUrl\":\"https:\/\/redfoxlotto.com\/image?size=8&amp;lottery=set-for-life-uk\"},{\"@type\":\"BreadcrumbList\",\"@id\":\"https:\/\/onlinelotto365.com\/es\/numeros-ganadores\/set-for-life\/#breadcrumb\",\"itemListElement\":[{\"@type\":\"ListItem\",\"position\":1,\"name\":\"Home\",\"item\":\"https:\/\/onlinelotto365.com\/es\/\"},{\"@type\":\"ListItem\",\"position\":2,\"name\":\"Encuentra los n\u00fameros ganadores y los resultados de los \u00faltimos sorteos de la loter\u00eda\",\"item\":\"https:\/\/onlinelotto365.com\/es\/winning-numbers\/\"},{\"@type\":\"ListItem\",\"position\":3,\"name\":\"Los resultados del sorteo del Set para la vida\"}]},{\"@type\":\"WebSite\",\"@id\":\"https:\/\/onlinelotto365.com\/es\/#website\",\"url\":\"https:\/\/onlinelotto365.com\/es\/\",\"name\":\"OnlineLotto365\",\"description\":\"\",\"potentialAction\":[{\"@type\":\"SearchAction\",\"target\":{\"@type\":\"EntryPoint\",\"urlTemplate\":\"https:\/\/onlinelotto365.com\/es\/?s={search_term_string}\"},\"query-input\":{\"@type\":\"PropertyValueSpecification\",\"valueRequired\":true,\"valueName\":\"search_term_string\"}}],\"inLanguage\":\"es\"}]}<\/script>\n<!-- \/ Yoast SEO plugin. -->","yoast_head_json":{"title":"Los \u00faltimos n\u00fameros ganadores y los pagos de Set for life","description":"\u00bfJugaste a la loter\u00eda Set for life? Tenemos los \u00faltimos n\u00fameros ganadores y los anteriores.","robots":{"index":"index","follow":"follow","max-snippet":"max-snippet:-1","max-image-preview":"max-image-preview:large","max-video-preview":"max-video-preview:-1"},"canonical":"https:\/\/onlinelotto365.com\/es\/numeros-ganadores\/set-for-life\/","og_locale":"es_ES","og_type":"article","og_title":"Los \u00faltimos n\u00fameros ganadores y los pagos de Set for life","og_description":"\u00bfJugaste a la loter\u00eda Set for life? Tenemos los \u00faltimos n\u00fameros ganadores y los anteriores.","og_url":"https:\/\/onlinelotto365.com\/es\/numeros-ganadores\/set-for-life\/","og_site_name":"OnlineLotto365","article_modified_time":"2021-01-05T12:40:53+00:00","og_image":[{"url":"https:\/\/redfoxlotto.com\/image?size=8&amp;lottery=set-for-life-uk"}],"twitter_card":"summary_large_image","twitter_misc":{"Tiempo de lectura":"3 minutos"},"schema":{"@context":"https:\/\/schema.org","@graph":[{"@type":"WebPage","@id":"https:\/\/onlinelotto365.com\/es\/numeros-ganadores\/set-for-life\/","url":"https:\/\/onlinelotto365.com\/es\/numeros-ganadores\/set-for-life\/","name":"Los \u00faltimos n\u00fameros ganadores y los pagos de Set for life","isPartOf":{"@id":"https:\/\/onlinelotto365.com\/es\/#website"},"primaryImageOfPage":{"@id":"https:\/\/onlinelotto365.com\/es\/numeros-ganadores\/set-for-life\/#primaryimage"},"image":{"@id":"https:\/\/onlinelotto365.com\/es\/numeros-ganadores\/set-for-life\/#primaryimage"},"thumbnailUrl":"https:\/\/redfoxlotto.com\/image?size=8&amp;lottery=set-for-life-uk","datePublished":"2020-12-08T13:46:24+00:00","dateModified":"2021-01-05T12:40:53+00:00","description":"\u00bfJugaste a la loter\u00eda Set for life? Tenemos los \u00faltimos n\u00fameros ganadores y los anteriores.","breadcrumb":{"@id":"https:\/\/onlinelotto365.com\/es\/numeros-ganadores\/set-for-life\/#breadcrumb"},"inLanguage":"es","potentialAction":[{"@type":"ReadAction","target":["https:\/\/onlinelotto365.com\/es\/numeros-ganadores\/set-for-life\/"]}]},{"@type":"ImageObject","inLanguage":"es","@id":"https:\/\/onlinelotto365.com\/es\/numeros-ganadores\/set-for-life\/#primaryimage","url":"https:\/\/redfoxlotto.com\/image?size=8&amp;lottery=set-for-life-uk","contentUrl":"https:\/\/redfoxlotto.com\/image?size=8&amp;lottery=set-for-life-uk"},{"@type":"BreadcrumbList","@id":"https:\/\/onlinelotto365.com\/es\/numeros-ganadores\/set-for-life\/#breadcrumb","itemListElement":[{"@type":"ListItem","position":1,"name":"Home","item":"https:\/\/onlinelotto365.com\/es\/"},{"@type":"ListItem","position":2,"name":"Encuentra los n\u00fameros ganadores y los resultados de los \u00faltimos sorteos de la loter\u00eda","item":"https:\/\/onlinelotto365.com\/es\/winning-numbers\/"},{"@type":"ListItem","position":3,"name":"Los resultados del sorteo del Set para la vida"}]},{"@type":"WebSite","@id":"https:\/\/onlinelotto365.com\/es\/#website","url":"https:\/\/onlinelotto365.com\/es\/","name":"OnlineLotto365","description":"","potentialAction":[{"@type":"SearchAction","target":{"@type":"EntryPoint","urlTemplate":"https:\/\/onlinelotto365.com\/es\/?s={search_term_string}"},"query-input":{"@type":"PropertyValueSpecification","valueRequired":true,"valueName":"search_term_string"}}],"inLanguage":"es"}]}},"_links":{"self":[{"href":"https:\/\/onlinelotto365.com\/es\/wp-json\/wp\/v2\/pages\/7974","targetHints":{"allow":["GET"]}}],"collection":[{"href":"https:\/\/onlinelotto365.com\/es\/wp-json\/wp\/v2\/pages"}],"about":[{"href":"https:\/\/onlinelotto365.com\/es\/wp-json\/wp\/v2\/types\/page"}],"author":[{"embeddable":true,"href":"https:\/\/onlinelotto365.com\/es\/wp-json\/wp\/v2\/users\/1"}],"replies":[{"embeddable":true,"href":"https:\/\/onlinelotto365.com\/es\/wp-json\/wp\/v2\/comments?post=7974"}],"version-history":[{"count":0,"href":"https:\/\/onlinelotto365.com\/es\/wp-json\/wp\/v2\/pages\/7974\/revisions"}],"up":[{"embeddable":true,"href":"https:\/\/onlinelotto365.com\/es\/wp-json\/wp\/v2\/pages\/3801"}],"wp:attachment":[{"href":"https:\/\/onlinelotto365.com\/es\/wp-json\/wp\/v2\/media?parent=7974"}],"curies":[{"name":"wp","href":"https:\/\/api.w.org\/{rel}","templated":true}]}}