{"id":8009,"date":"2020-12-08T14:50:23","date_gmt":"2020-12-08T13:50:23","guid":{"rendered":"http:\/\/onlinelotto365.net\/?page_id=8009"},"modified":"2021-01-05T13:41:02","modified_gmt":"2021-01-05T12:41:02","slug":"german-lotto-6aus49","status":"publish","type":"page","link":"https:\/\/onlinelotto365.com\/es\/numeros-ganadores\/german-lotto-6aus49\/","title":{"rendered":"Vea los n\u00fameros ganadores de la Loter\u00eda Alemana aqu\u00ed"},"content":{"rendered":"<p>Los juegos de loter\u00eda internacional pueden ser un poco m\u00e1s dif\u00edciles de rastrear porque puede que no vivas en la misma zona en la que se sortean. Puede que no puedas comprobar los resultados de la Loter\u00eda Alemana en tu peri\u00f3dico local. Y tal vez tampoco pueda <strong>encontrar esos n\u00fameros<\/strong> ganadores de la Loter\u00eda Alemana en la televisi\u00f3n. Si los encuentra en cualquiera de los dos lugares, tendr\u00e1 que hacer una investigaci\u00f3n decente para llegar all\u00ed.<\/p>\n<p>Tambi\u00e9n puedes pensar en ir a la p\u00e1gina web de la Loter\u00eda Alemana. A veces estos sitios web oficiales ofrecen sorteos en vivo para que puedas ver los resultados a medida que llegan. Sin embargo, no todos los juegos tienen esta opci\u00f3n, y puede que te encuentres sin la posibilidad de encontrar tus resultados incluso en el sitio oficial.<\/p>\n<p>Tambi\u00e9n puede echar un vistazo a YouTube para ver si alguien ha subido un v\u00eddeo del dibujo en vivo o incluso un v\u00eddeo con los resultados en alg\u00fan momento despu\u00e9s de que el dibujo haya tenido lugar.<br \/>\n<a href=\"https:\/\/redfoxlotto.com\/es\/jugar\/lotto-6aus49\/?ref=a8564250a2&amp;medium=ol365\" target=\"_blank\" rel=\"noopener noreferrer\"><img decoding=\"async\" class=\"aligncenter\" src=\"https:\/\/redfoxlotto.com\/image?size=8&amp;lottery=lotto-6aus49\" alt=\"German Lotto 6aus49\" \/><\/a><\/p>\n<p>Sin embargo, la forma m\u00e1s f\u00e1cil de <a href=\"https:\/\/onlinelotto365.com\/es\/numeros-ganadores\">obtener los resultados que<\/a> busca es echar un vistazo a nuestro sitio web. Te ayudaremos a encontrar los resultados de la Loter\u00eda Alemana en nuestra p\u00e1gina de resultados. All\u00ed es donde compartimos los n\u00fameros ganadores de todos los juegos de loter\u00eda que encontrar\u00e1 disponibles en nuestro sitio.<\/p>\n<h2>C\u00f3mo saber si su billete en l\u00ednea ha ganado<img loading=\"lazy\" decoding=\"async\" class=\"alignright size-medium wp-image-3593\" src=\"https:\/\/onlinelotto365.com\/wp-content\/uploads\/2020\/11\/online_lottery-39-300x150.jpg\" alt=\"german lotto winning numbers\" width=\"300\" height=\"150\" srcset=\"https:\/\/onlinelotto365.com\/wp-content\/uploads\/2020\/11\/online_lottery-39-300x150.jpg 300w, https:\/\/onlinelotto365.com\/wp-content\/uploads\/2020\/11\/online_lottery-39.jpg 490w\" sizes=\"auto, (max-width: 300px) 100vw, 300px\" \/><\/h2>\n<p>Para aquellos que nos compraron billetes para la Loter\u00eda Alemana, ver\u00e1n que es a\u00fan m\u00e1s f\u00e1cil obtener los resultados. Eso es porque todo lo que tienes que hacer es echar un vistazo a la p\u00e1gina de tu cuenta. Cuando est\u00e9 all\u00ed podr\u00e1 ver los billetes que ha comprado para cualquiera de los juegos que tenemos disponibles. Entonces, podr\u00e1s echar un vistazo a los n\u00fameros ganadores en el mismo lugar.<br \/>\nIncluso resaltaremos cualquiera de los n\u00fameros que coincidan para que sepas lo que has ganado. Y si ganas menos de 2500 euros nos encargaremos de a\u00f1adirlo a tu cuenta tan pronto como los n\u00fameros hayan sido verificados oficialmente por el juego. Es as\u00ed de f\u00e1cil para ti.<\/p>\n<h2>Archivo de resultados de la Loter\u00eda Alemana<\/h2>\n<p>Las p\u00e1ginas de nuestro sitio web que tienen <strong>los \u00faltimos n\u00fameros de la Loter\u00eda<\/strong> Alemana tambi\u00e9n le mostrar\u00e1n <strong>todos los n\u00fameros antiguos de nuestro archivo<\/strong>. Eso es porque sabemos que mucha gente quiere saber los n\u00fameros antiguos para ayudarles a elegir los n\u00fameros que quieren usar para sus pr\u00f3ximos boletos. Los ponemos en cualquier p\u00e1gina que muestre los nuevos n\u00fameros.<\/p>\n<h2>Mi boleto ha ganado, \u00bfqu\u00e9 pasa despu\u00e9s?<\/h2>\n<p>Si ha ganado la Loter\u00eda de Alemania y su billete ganador vale menos de 2500 euros, nos encargaremos de poner el dinero en su cuenta tan pronto como los n\u00fameros ganadores hayan sido verificados. Eso significa que no tiene que hacer nada. Si el billete ganador tiene un valor superior a 2500 euros tendr\u00e1 que rellenar un formulario, pero a\u00fan as\u00ed le ayudaremos con el proceso. Luego, si tiene al menos 10 euros en su cuenta, tendr\u00e1 la opci\u00f3n de retirar el dinero en cualquier cuenta bancaria o de tarjeta de cr\u00e9dito que ya haya utilizado con nuestro sitio. Si a\u00fan no has usado la cuenta con nosotros no podr\u00e1s retirar el dinero en ella.<\/p>\n","protected":false},"excerpt":{"rendered":"<p>Los juegos de loter\u00eda internacional pueden ser un poco m\u00e1s dif\u00edciles de rastrear porque puede que no vivas en la misma zona en la que se sortean. Puede que no puedas comprobar los resultados de la Loter\u00eda Alemana en tu peri\u00f3dico local. Y tal vez tampoco pueda encontrar esos n\u00fameros ganadores de la Loter\u00eda Alemana [&hellip;]<\/p>\n","protected":false},"author":1,"featured_media":0,"parent":3801,"menu_order":11,"comment_status":"closed","ping_status":"closed","template":"lotto-german-results.php","meta":{"_et_pb_use_builder":"","_et_pb_old_content":"","_et_gb_content_width":"","exclude_from_search":false,"footnotes":""},"class_list":["post-8009","page","type-page","status-publish","hentry"],"yoast_head":"<!-- This site is optimized with the Yoast SEO plugin v23.4 - https:\/\/yoast.com\/wordpress\/plugins\/seo\/ -->\n<title>N\u00fameros ganadores de la Loter\u00eda Alemana | Resultados de los sorteos y cantidades ganadas de la Loter\u00eda Alemana<\/title>\n<meta name=\"description\" content=\"Si quieres encontrar los n\u00fameros ganadores de la Loter\u00eda Alemana 6aus49, \u00a1mira aqu\u00ed!\" \/>\n<meta name=\"robots\" content=\"index, follow, max-snippet:-1, max-image-preview:large, max-video-preview:-1\" \/>\n<link rel=\"canonical\" href=\"https:\/\/onlinelotto365.com\/es\/numeros-ganadores\/german-lotto-6aus49\/\" \/>\n<meta property=\"og:locale\" content=\"es_ES\" \/>\n<meta property=\"og:type\" content=\"article\" \/>\n<meta property=\"og:title\" content=\"N\u00fameros ganadores de la Loter\u00eda Alemana | Resultados de los sorteos y cantidades ganadas de la Loter\u00eda Alemana\" \/>\n<meta property=\"og:description\" content=\"Si quieres encontrar los n\u00fameros ganadores de la Loter\u00eda Alemana 6aus49, \u00a1mira aqu\u00ed!\" \/>\n<meta property=\"og:url\" content=\"https:\/\/onlinelotto365.com\/es\/numeros-ganadores\/german-lotto-6aus49\/\" \/>\n<meta property=\"og:site_name\" content=\"OnlineLotto365\" \/>\n<meta property=\"article:modified_time\" content=\"2021-01-05T12:41:02+00:00\" \/>\n<meta property=\"og:image\" content=\"https:\/\/redfoxlotto.com\/image?size=8&amp;lottery=lotto-6aus49\" \/>\n<meta name=\"twitter:card\" content=\"summary_large_image\" \/>\n<meta name=\"twitter:label1\" content=\"Tiempo de lectura\" \/>\n\t<meta name=\"twitter:data1\" content=\"3 minutos\" \/>\n<script type=\"application\/ld+json\" class=\"yoast-schema-graph\">{\"@context\":\"https:\/\/schema.org\",\"@graph\":[{\"@type\":\"WebPage\",\"@id\":\"https:\/\/onlinelotto365.com\/es\/numeros-ganadores\/german-lotto-6aus49\/\",\"url\":\"https:\/\/onlinelotto365.com\/es\/numeros-ganadores\/german-lotto-6aus49\/\",\"name\":\"N\u00fameros ganadores de la Loter\u00eda Alemana | Resultados de los sorteos y cantidades ganadas de la Loter\u00eda Alemana\",\"isPartOf\":{\"@id\":\"https:\/\/onlinelotto365.com\/es\/#website\"},\"primaryImageOfPage\":{\"@id\":\"https:\/\/onlinelotto365.com\/es\/numeros-ganadores\/german-lotto-6aus49\/#primaryimage\"},\"image\":{\"@id\":\"https:\/\/onlinelotto365.com\/es\/numeros-ganadores\/german-lotto-6aus49\/#primaryimage\"},\"thumbnailUrl\":\"https:\/\/redfoxlotto.com\/image?size=8&amp;lottery=lotto-6aus49\",\"datePublished\":\"2020-12-08T13:50:23+00:00\",\"dateModified\":\"2021-01-05T12:41:02+00:00\",\"description\":\"Si quieres encontrar los n\u00fameros ganadores de la Loter\u00eda Alemana 6aus49, \u00a1mira aqu\u00ed!\",\"breadcrumb\":{\"@id\":\"https:\/\/onlinelotto365.com\/es\/numeros-ganadores\/german-lotto-6aus49\/#breadcrumb\"},\"inLanguage\":\"es\",\"potentialAction\":[{\"@type\":\"ReadAction\",\"target\":[\"https:\/\/onlinelotto365.com\/es\/numeros-ganadores\/german-lotto-6aus49\/\"]}]},{\"@type\":\"ImageObject\",\"inLanguage\":\"es\",\"@id\":\"https:\/\/onlinelotto365.com\/es\/numeros-ganadores\/german-lotto-6aus49\/#primaryimage\",\"url\":\"https:\/\/redfoxlotto.com\/image?size=8&amp;lottery=lotto-6aus49\",\"contentUrl\":\"https:\/\/redfoxlotto.com\/image?size=8&amp;lottery=lotto-6aus49\"},{\"@type\":\"BreadcrumbList\",\"@id\":\"https:\/\/onlinelotto365.com\/es\/numeros-ganadores\/german-lotto-6aus49\/#breadcrumb\",\"itemListElement\":[{\"@type\":\"ListItem\",\"position\":1,\"name\":\"Home\",\"item\":\"https:\/\/onlinelotto365.com\/es\/\"},{\"@type\":\"ListItem\",\"position\":2,\"name\":\"Encuentra los n\u00fameros ganadores y los resultados de los \u00faltimos sorteos de la loter\u00eda\",\"item\":\"https:\/\/onlinelotto365.com\/es\/winning-numbers\/\"},{\"@type\":\"ListItem\",\"position\":3,\"name\":\"Vea los n\u00fameros ganadores de la Loter\u00eda Alemana aqu\u00ed\"}]},{\"@type\":\"WebSite\",\"@id\":\"https:\/\/onlinelotto365.com\/es\/#website\",\"url\":\"https:\/\/onlinelotto365.com\/es\/\",\"name\":\"OnlineLotto365\",\"description\":\"\",\"potentialAction\":[{\"@type\":\"SearchAction\",\"target\":{\"@type\":\"EntryPoint\",\"urlTemplate\":\"https:\/\/onlinelotto365.com\/es\/?s={search_term_string}\"},\"query-input\":{\"@type\":\"PropertyValueSpecification\",\"valueRequired\":true,\"valueName\":\"search_term_string\"}}],\"inLanguage\":\"es\"}]}<\/script>\n<!-- \/ Yoast SEO plugin. -->","yoast_head_json":{"title":"N\u00fameros ganadores de la Loter\u00eda Alemana | Resultados de los sorteos y cantidades ganadas de la Loter\u00eda Alemana","description":"Si quieres encontrar los n\u00fameros ganadores de la Loter\u00eda Alemana 6aus49, \u00a1mira aqu\u00ed!","robots":{"index":"index","follow":"follow","max-snippet":"max-snippet:-1","max-image-preview":"max-image-preview:large","max-video-preview":"max-video-preview:-1"},"canonical":"https:\/\/onlinelotto365.com\/es\/numeros-ganadores\/german-lotto-6aus49\/","og_locale":"es_ES","og_type":"article","og_title":"N\u00fameros ganadores de la Loter\u00eda Alemana | Resultados de los sorteos y cantidades ganadas de la Loter\u00eda Alemana","og_description":"Si quieres encontrar los n\u00fameros ganadores de la Loter\u00eda Alemana 6aus49, \u00a1mira aqu\u00ed!","og_url":"https:\/\/onlinelotto365.com\/es\/numeros-ganadores\/german-lotto-6aus49\/","og_site_name":"OnlineLotto365","article_modified_time":"2021-01-05T12:41:02+00:00","og_image":[{"url":"https:\/\/redfoxlotto.com\/image?size=8&amp;lottery=lotto-6aus49"}],"twitter_card":"summary_large_image","twitter_misc":{"Tiempo de lectura":"3 minutos"},"schema":{"@context":"https:\/\/schema.org","@graph":[{"@type":"WebPage","@id":"https:\/\/onlinelotto365.com\/es\/numeros-ganadores\/german-lotto-6aus49\/","url":"https:\/\/onlinelotto365.com\/es\/numeros-ganadores\/german-lotto-6aus49\/","name":"N\u00fameros ganadores de la Loter\u00eda Alemana | Resultados de los sorteos y cantidades ganadas de la Loter\u00eda Alemana","isPartOf":{"@id":"https:\/\/onlinelotto365.com\/es\/#website"},"primaryImageOfPage":{"@id":"https:\/\/onlinelotto365.com\/es\/numeros-ganadores\/german-lotto-6aus49\/#primaryimage"},"image":{"@id":"https:\/\/onlinelotto365.com\/es\/numeros-ganadores\/german-lotto-6aus49\/#primaryimage"},"thumbnailUrl":"https:\/\/redfoxlotto.com\/image?size=8&amp;lottery=lotto-6aus49","datePublished":"2020-12-08T13:50:23+00:00","dateModified":"2021-01-05T12:41:02+00:00","description":"Si quieres encontrar los n\u00fameros ganadores de la Loter\u00eda Alemana 6aus49, \u00a1mira aqu\u00ed!","breadcrumb":{"@id":"https:\/\/onlinelotto365.com\/es\/numeros-ganadores\/german-lotto-6aus49\/#breadcrumb"},"inLanguage":"es","potentialAction":[{"@type":"ReadAction","target":["https:\/\/onlinelotto365.com\/es\/numeros-ganadores\/german-lotto-6aus49\/"]}]},{"@type":"ImageObject","inLanguage":"es","@id":"https:\/\/onlinelotto365.com\/es\/numeros-ganadores\/german-lotto-6aus49\/#primaryimage","url":"https:\/\/redfoxlotto.com\/image?size=8&amp;lottery=lotto-6aus49","contentUrl":"https:\/\/redfoxlotto.com\/image?size=8&amp;lottery=lotto-6aus49"},{"@type":"BreadcrumbList","@id":"https:\/\/onlinelotto365.com\/es\/numeros-ganadores\/german-lotto-6aus49\/#breadcrumb","itemListElement":[{"@type":"ListItem","position":1,"name":"Home","item":"https:\/\/onlinelotto365.com\/es\/"},{"@type":"ListItem","position":2,"name":"Encuentra los n\u00fameros ganadores y los resultados de los \u00faltimos sorteos de la loter\u00eda","item":"https:\/\/onlinelotto365.com\/es\/winning-numbers\/"},{"@type":"ListItem","position":3,"name":"Vea los n\u00fameros ganadores de la Loter\u00eda Alemana aqu\u00ed"}]},{"@type":"WebSite","@id":"https:\/\/onlinelotto365.com\/es\/#website","url":"https:\/\/onlinelotto365.com\/es\/","name":"OnlineLotto365","description":"","potentialAction":[{"@type":"SearchAction","target":{"@type":"EntryPoint","urlTemplate":"https:\/\/onlinelotto365.com\/es\/?s={search_term_string}"},"query-input":{"@type":"PropertyValueSpecification","valueRequired":true,"valueName":"search_term_string"}}],"inLanguage":"es"}]}},"_links":{"self":[{"href":"https:\/\/onlinelotto365.com\/es\/wp-json\/wp\/v2\/pages\/8009","targetHints":{"allow":["GET"]}}],"collection":[{"href":"https:\/\/onlinelotto365.com\/es\/wp-json\/wp\/v2\/pages"}],"about":[{"href":"https:\/\/onlinelotto365.com\/es\/wp-json\/wp\/v2\/types\/page"}],"author":[{"embeddable":true,"href":"https:\/\/onlinelotto365.com\/es\/wp-json\/wp\/v2\/users\/1"}],"replies":[{"embeddable":true,"href":"https:\/\/onlinelotto365.com\/es\/wp-json\/wp\/v2\/comments?post=8009"}],"version-history":[{"count":0,"href":"https:\/\/onlinelotto365.com\/es\/wp-json\/wp\/v2\/pages\/8009\/revisions"}],"up":[{"embeddable":true,"href":"https:\/\/onlinelotto365.com\/es\/wp-json\/wp\/v2\/pages\/3801"}],"wp:attachment":[{"href":"https:\/\/onlinelotto365.com\/es\/wp-json\/wp\/v2\/media?parent=8009"}],"curies":[{"name":"wp","href":"https:\/\/api.w.org\/{rel}","templated":true}]}}