{"id":8034,"date":"2020-12-08T14:53:24","date_gmt":"2020-12-08T13:53:24","guid":{"rendered":"http:\/\/onlinelotto365.net\/?page_id=8034"},"modified":"2021-01-05T13:41:14","modified_gmt":"2021-01-05T12:41:14","slug":"mega-sena","status":"publish","type":"page","link":"https:\/\/onlinelotto365.com\/es\/numeros-ganadores\/mega-sena\/","title":{"rendered":"Mega-Sena de Brasil &#8211; \u00faltimos n\u00fameros ganadores"},"content":{"rendered":"<p>Hay un mont\u00f3n de juegos diferentes por ah\u00ed y quieres asegurarte de que eres capaz de encontrar los n\u00fameros ganadores tan pronto como sea posible. Bueno, es posible de varias maneras diferentes, si sabes d\u00f3nde buscar. Los n\u00fameros ganadores a veces est\u00e1n disponibles en el peri\u00f3dico si vives en un \u00e1rea donde es un juego local. Esto puede significar que <strong>los resultados de la Mega-Sena no est\u00e1n disponibles en su \u00e1rea<\/strong>. Adem\u00e1s, algunas \u00e1reas muestran los n\u00fameros ganadores en la televisi\u00f3n, lo que s\u00f3lo suceder\u00e1 si vives en ciertas \u00e1reas.<\/p>\n<p>Otra opci\u00f3n es mirar en el sitio web de la loter\u00eda Mega-Sena para ver si tienen una <a href=\"https:\/\/onlinelotto365.com\/es\/news\/lotto-en-vivo\">transmisi\u00f3n en vivo<\/a> cuando se sortea el juego. No todos los juegos hacen esto, pero para los que lo hacen puede ser una experiencia emocionante para cualquiera que lo est\u00e9 viendo. Especialmente si eres un ganador y est\u00e1s viendo el sorteo de tus n\u00fameros.<\/p>\n<p>Tambi\u00e9n hay la opci\u00f3n de ir a YouTube. A veces la gente sube videos en vivo del dibujo en l\u00ednea y es posible que puedas ver el \u00faltimo dibujo de la Mega Sena.<br \/>\n<a href=\"https:\/\/redfoxlotto.com\/es\/jugar\/mega-sena\/?ref=a8564250a2&amp;medium=ol365\" target=\"_blank\" rel=\"noopener noreferrer\"><img decoding=\"async\" class=\"aligncenter\" src=\"https:\/\/redfoxlotto.com\/image?size=8&amp;lottery=mega-sena\" alt=\"mega-sena\" \/><\/a><\/p>\n<p>Sin embargo, la forma m\u00e1s f\u00e1cil de <a href=\"https:\/\/onlinelotto365.com\/es\/numeros-ganadores\">conseguir los n\u00fameros<\/a> ganadores ser\u00e1 visitando nuestra p\u00e1gina web. Podemos darte acceso a todos los n\u00fameros ganadores de la Mega Sena, as\u00ed como a cualquier otro juego que quieras que tengamos disponible. Eso hace que sea m\u00e1s f\u00e1cil para usted encontrar los resultados que desea.<\/p>\n<h2>C\u00f3mo saber si su boleto en l\u00ednea ha ganado<\/h2>\n<p><img loading=\"lazy\" decoding=\"async\" class=\"alignright wp-image-3640\" src=\"https:\/\/onlinelotto365.com\/wp-content\/uploads\/2020\/11\/lottery_balls1-300x160.jpg\" alt=\"mega-sena results\" width=\"249\" height=\"133\" srcset=\"https:\/\/onlinelotto365.com\/wp-content\/uploads\/2020\/11\/lottery_balls1-300x160.jpg 300w, https:\/\/onlinelotto365.com\/wp-content\/uploads\/2020\/11\/lottery_balls1.jpg 472w\" sizes=\"auto, (max-width: 249px) 100vw, 249px\" \/> Lo que es a\u00fan mejor es que puedes entrar directamente en tu cuenta y encontrar los resultados de cualquier juego para el que hayas comprado entradas tambi\u00e9n. S\u00f3lo tiene que ir a la secci\u00f3n del sitio web que tiene sus boletos almacenados y puede encontrar los n\u00fameros ganadores que se aplican a esos boletos.<\/p>\n<p>Entonces puedes incluso ver cu\u00e1les son los n\u00fameros ganadores que coinciden con tus n\u00fameros actuales para que puedas ver cu\u00e1nto has ganado ya. Si es menos de 2500 euros, nos encargaremos de que ese dinero llegue directamente a tu cuenta para que puedas empezar a gastarlo o retirarlo a tu propia cuenta. Todo lo que tienes que hacer es asegurarte de que retiras el dinero a una cuenta que ya has usado con nosotros.<\/p>\n<h2>Archivo de resultados de la Mega-Sena<\/h2>\n<p>Para aquellos que quieran tener acceso a n\u00fameros antiguos para el Mega-Sena, querr\u00e1n echar un vistazo a las p\u00e1ginas web que ya ofrecen los \u00faltimos n\u00fameros. Tambi\u00e9n puedes encontrar todos los n\u00fameros antiguos disponibles all\u00ed, as\u00ed que no tienes que preocuparte por perderte la mejor informaci\u00f3n para elegir tu pr\u00f3ximo conjunto de n\u00fameros.<\/p>\n","protected":false},"excerpt":{"rendered":"<p>Hay un mont\u00f3n de juegos diferentes por ah\u00ed y quieres asegurarte de que eres capaz de encontrar los n\u00fameros ganadores tan pronto como sea posible. Bueno, es posible de varias maneras diferentes, si sabes d\u00f3nde buscar. Los n\u00fameros ganadores a veces est\u00e1n disponibles en el peri\u00f3dico si vives en un \u00e1rea donde es un juego [&hellip;]<\/p>\n","protected":false},"author":1,"featured_media":0,"parent":3801,"menu_order":12,"comment_status":"closed","ping_status":"closed","template":"megasena-results.php","meta":{"_et_pb_use_builder":"","_et_pb_old_content":"","_et_gb_content_width":"","exclude_from_search":false,"footnotes":""},"class_list":["post-8034","page","type-page","status-publish","hentry"],"yoast_head":"<!-- This site is optimized with the Yoast SEO plugin v23.4 - https:\/\/yoast.com\/wordpress\/plugins\/seo\/ -->\n<title>\u00daltimos resultados del sorteo y premios para Mega-Sena<\/title>\n<meta name=\"description\" content=\"Los resultados de Mega-Sena Brasil y muchas otras loter\u00edas mundiales se encuentran aqu\u00ed\" \/>\n<meta name=\"robots\" content=\"index, follow, max-snippet:-1, max-image-preview:large, max-video-preview:-1\" \/>\n<link rel=\"canonical\" href=\"https:\/\/onlinelotto365.com\/es\/numeros-ganadores\/mega-sena\/\" \/>\n<meta property=\"og:locale\" content=\"es_ES\" \/>\n<meta property=\"og:type\" content=\"article\" \/>\n<meta property=\"og:title\" content=\"\u00daltimos resultados del sorteo y premios para Mega-Sena\" \/>\n<meta property=\"og:description\" content=\"Los resultados de Mega-Sena Brasil y muchas otras loter\u00edas mundiales se encuentran aqu\u00ed\" \/>\n<meta property=\"og:url\" content=\"https:\/\/onlinelotto365.com\/es\/numeros-ganadores\/mega-sena\/\" \/>\n<meta property=\"og:site_name\" content=\"OnlineLotto365\" \/>\n<meta property=\"article:modified_time\" content=\"2021-01-05T12:41:14+00:00\" \/>\n<meta property=\"og:image\" content=\"https:\/\/redfoxlotto.com\/image?size=8&amp;lottery=mega-sena\" \/>\n<meta name=\"twitter:card\" content=\"summary_large_image\" \/>\n<meta name=\"twitter:label1\" content=\"Tiempo de lectura\" \/>\n\t<meta name=\"twitter:data1\" content=\"2 minutos\" \/>\n<script type=\"application\/ld+json\" class=\"yoast-schema-graph\">{\"@context\":\"https:\/\/schema.org\",\"@graph\":[{\"@type\":\"WebPage\",\"@id\":\"https:\/\/onlinelotto365.com\/es\/numeros-ganadores\/mega-sena\/\",\"url\":\"https:\/\/onlinelotto365.com\/es\/numeros-ganadores\/mega-sena\/\",\"name\":\"\u00daltimos resultados del sorteo y premios para Mega-Sena\",\"isPartOf\":{\"@id\":\"https:\/\/onlinelotto365.com\/es\/#website\"},\"primaryImageOfPage\":{\"@id\":\"https:\/\/onlinelotto365.com\/es\/numeros-ganadores\/mega-sena\/#primaryimage\"},\"image\":{\"@id\":\"https:\/\/onlinelotto365.com\/es\/numeros-ganadores\/mega-sena\/#primaryimage\"},\"thumbnailUrl\":\"https:\/\/redfoxlotto.com\/image?size=8&amp;lottery=mega-sena\",\"datePublished\":\"2020-12-08T13:53:24+00:00\",\"dateModified\":\"2021-01-05T12:41:14+00:00\",\"description\":\"Los resultados de Mega-Sena Brasil y muchas otras loter\u00edas mundiales se encuentran aqu\u00ed\",\"breadcrumb\":{\"@id\":\"https:\/\/onlinelotto365.com\/es\/numeros-ganadores\/mega-sena\/#breadcrumb\"},\"inLanguage\":\"es\",\"potentialAction\":[{\"@type\":\"ReadAction\",\"target\":[\"https:\/\/onlinelotto365.com\/es\/numeros-ganadores\/mega-sena\/\"]}]},{\"@type\":\"ImageObject\",\"inLanguage\":\"es\",\"@id\":\"https:\/\/onlinelotto365.com\/es\/numeros-ganadores\/mega-sena\/#primaryimage\",\"url\":\"https:\/\/redfoxlotto.com\/image?size=8&amp;lottery=mega-sena\",\"contentUrl\":\"https:\/\/redfoxlotto.com\/image?size=8&amp;lottery=mega-sena\"},{\"@type\":\"BreadcrumbList\",\"@id\":\"https:\/\/onlinelotto365.com\/es\/numeros-ganadores\/mega-sena\/#breadcrumb\",\"itemListElement\":[{\"@type\":\"ListItem\",\"position\":1,\"name\":\"Home\",\"item\":\"https:\/\/onlinelotto365.com\/es\/\"},{\"@type\":\"ListItem\",\"position\":2,\"name\":\"Encuentra los n\u00fameros ganadores y los resultados de los \u00faltimos sorteos de la loter\u00eda\",\"item\":\"https:\/\/onlinelotto365.com\/es\/winning-numbers\/\"},{\"@type\":\"ListItem\",\"position\":3,\"name\":\"Mega-Sena de Brasil &#8211; \u00faltimos n\u00fameros ganadores\"}]},{\"@type\":\"WebSite\",\"@id\":\"https:\/\/onlinelotto365.com\/es\/#website\",\"url\":\"https:\/\/onlinelotto365.com\/es\/\",\"name\":\"OnlineLotto365\",\"description\":\"\",\"potentialAction\":[{\"@type\":\"SearchAction\",\"target\":{\"@type\":\"EntryPoint\",\"urlTemplate\":\"https:\/\/onlinelotto365.com\/es\/?s={search_term_string}\"},\"query-input\":{\"@type\":\"PropertyValueSpecification\",\"valueRequired\":true,\"valueName\":\"search_term_string\"}}],\"inLanguage\":\"es\"}]}<\/script>\n<!-- \/ Yoast SEO plugin. -->","yoast_head_json":{"title":"\u00daltimos resultados del sorteo y premios para Mega-Sena","description":"Los resultados de Mega-Sena Brasil y muchas otras loter\u00edas mundiales se encuentran aqu\u00ed","robots":{"index":"index","follow":"follow","max-snippet":"max-snippet:-1","max-image-preview":"max-image-preview:large","max-video-preview":"max-video-preview:-1"},"canonical":"https:\/\/onlinelotto365.com\/es\/numeros-ganadores\/mega-sena\/","og_locale":"es_ES","og_type":"article","og_title":"\u00daltimos resultados del sorteo y premios para Mega-Sena","og_description":"Los resultados de Mega-Sena Brasil y muchas otras loter\u00edas mundiales se encuentran aqu\u00ed","og_url":"https:\/\/onlinelotto365.com\/es\/numeros-ganadores\/mega-sena\/","og_site_name":"OnlineLotto365","article_modified_time":"2021-01-05T12:41:14+00:00","og_image":[{"url":"https:\/\/redfoxlotto.com\/image?size=8&amp;lottery=mega-sena"}],"twitter_card":"summary_large_image","twitter_misc":{"Tiempo de lectura":"2 minutos"},"schema":{"@context":"https:\/\/schema.org","@graph":[{"@type":"WebPage","@id":"https:\/\/onlinelotto365.com\/es\/numeros-ganadores\/mega-sena\/","url":"https:\/\/onlinelotto365.com\/es\/numeros-ganadores\/mega-sena\/","name":"\u00daltimos resultados del sorteo y premios para Mega-Sena","isPartOf":{"@id":"https:\/\/onlinelotto365.com\/es\/#website"},"primaryImageOfPage":{"@id":"https:\/\/onlinelotto365.com\/es\/numeros-ganadores\/mega-sena\/#primaryimage"},"image":{"@id":"https:\/\/onlinelotto365.com\/es\/numeros-ganadores\/mega-sena\/#primaryimage"},"thumbnailUrl":"https:\/\/redfoxlotto.com\/image?size=8&amp;lottery=mega-sena","datePublished":"2020-12-08T13:53:24+00:00","dateModified":"2021-01-05T12:41:14+00:00","description":"Los resultados de Mega-Sena Brasil y muchas otras loter\u00edas mundiales se encuentran aqu\u00ed","breadcrumb":{"@id":"https:\/\/onlinelotto365.com\/es\/numeros-ganadores\/mega-sena\/#breadcrumb"},"inLanguage":"es","potentialAction":[{"@type":"ReadAction","target":["https:\/\/onlinelotto365.com\/es\/numeros-ganadores\/mega-sena\/"]}]},{"@type":"ImageObject","inLanguage":"es","@id":"https:\/\/onlinelotto365.com\/es\/numeros-ganadores\/mega-sena\/#primaryimage","url":"https:\/\/redfoxlotto.com\/image?size=8&amp;lottery=mega-sena","contentUrl":"https:\/\/redfoxlotto.com\/image?size=8&amp;lottery=mega-sena"},{"@type":"BreadcrumbList","@id":"https:\/\/onlinelotto365.com\/es\/numeros-ganadores\/mega-sena\/#breadcrumb","itemListElement":[{"@type":"ListItem","position":1,"name":"Home","item":"https:\/\/onlinelotto365.com\/es\/"},{"@type":"ListItem","position":2,"name":"Encuentra los n\u00fameros ganadores y los resultados de los \u00faltimos sorteos de la loter\u00eda","item":"https:\/\/onlinelotto365.com\/es\/winning-numbers\/"},{"@type":"ListItem","position":3,"name":"Mega-Sena de Brasil &#8211; \u00faltimos n\u00fameros ganadores"}]},{"@type":"WebSite","@id":"https:\/\/onlinelotto365.com\/es\/#website","url":"https:\/\/onlinelotto365.com\/es\/","name":"OnlineLotto365","description":"","potentialAction":[{"@type":"SearchAction","target":{"@type":"EntryPoint","urlTemplate":"https:\/\/onlinelotto365.com\/es\/?s={search_term_string}"},"query-input":{"@type":"PropertyValueSpecification","valueRequired":true,"valueName":"search_term_string"}}],"inLanguage":"es"}]}},"_links":{"self":[{"href":"https:\/\/onlinelotto365.com\/es\/wp-json\/wp\/v2\/pages\/8034","targetHints":{"allow":["GET"]}}],"collection":[{"href":"https:\/\/onlinelotto365.com\/es\/wp-json\/wp\/v2\/pages"}],"about":[{"href":"https:\/\/onlinelotto365.com\/es\/wp-json\/wp\/v2\/types\/page"}],"author":[{"embeddable":true,"href":"https:\/\/onlinelotto365.com\/es\/wp-json\/wp\/v2\/users\/1"}],"replies":[{"embeddable":true,"href":"https:\/\/onlinelotto365.com\/es\/wp-json\/wp\/v2\/comments?post=8034"}],"version-history":[{"count":0,"href":"https:\/\/onlinelotto365.com\/es\/wp-json\/wp\/v2\/pages\/8034\/revisions"}],"up":[{"embeddable":true,"href":"https:\/\/onlinelotto365.com\/es\/wp-json\/wp\/v2\/pages\/3801"}],"wp:attachment":[{"href":"https:\/\/onlinelotto365.com\/es\/wp-json\/wp\/v2\/media?parent=8034"}],"curies":[{"name":"wp","href":"https:\/\/api.w.org\/{rel}","templated":true}]}}