{"id":80417,"date":"2022-11-17T12:54:02","date_gmt":"2022-11-17T11:54:02","guid":{"rendered":"https:\/\/onlinelotto365.com\/?page_id=80417"},"modified":"2022-11-17T12:54:02","modified_gmt":"2022-11-17T11:54:02","slug":"set-for-life-2","status":"publish","type":"page","link":"https:\/\/onlinelotto365.com\/es\/compra-boletos\/set-for-life-2\/","title":{"rendered":"C\u00f3mo comprar entradas para Set for life en l\u00ednea"},"content":{"rendered":"<p>Si quieres comprar tus entradas para Set for Life ahora vas a tener que saber c\u00f3mo hacerlo. Si vives en Espa\u00f1a, te ser\u00e1 f\u00e1cil y probablemente ya sabr\u00e1s c\u00f3mo conseguir los boletos. \u00bfPero qu\u00e9 pasa con los jugadores de loter\u00eda de otros pa\u00edses, como por ejemplo de Australia? Bueno, es un proceso muy sencillo y podemos hacer que empieces en poco tiempo. S\u00f3lo tienes que seguir los pasos que te indicamos a continuaci\u00f3n. A partir de ah\u00ed, podr\u00e1s conseguir los billetes que quieras para el pr\u00f3ximo sorteo.<br \/>\n<a href=\"https:\/\/redfoxlotto.com\/play\/set-for-life-uk\/?ref=a8564250a2&amp;medium=ol365\" target=\"_blank\" rel=\"noopener noreferrer\"><img decoding=\"async\" class=\"aligncenter\" src=\"https:\/\/redfoxlotto.com\/image?size=8&amp;lottery=set-for-life-uk\" alt=\"&quot;Set\" \/><\/a><\/p>\n<ul>\n<li>Vaya a la p\u00e1gina de la loter\u00eda Set for Life y elija la cantidad de billetes que desea y seleccione los n\u00fameros que desea para cada uno de esos billetes<\/li>\n<li>Escoja boletos adicionales para Set for Life u otros juegos de loter\u00eda para llenar su carrito<\/li>\n<li>Elija la opci\u00f3n de pagar ahora<\/li>\n<li>Siga las instrucciones para ingresar a su cuenta o para crear una nueva cuenta<\/li>\n<li>Complete el proceso de verificaci\u00f3n entrando en su cuenta y haciendo clic en el enlace de su correo electr\u00f3nico<\/li>\n<li>Compruebe la carpeta de correo no deseado si el correo electr\u00f3nico no aparece en su bandeja de entrada para asegurarse de que lo ha recibido<\/li>\n<li>Una vez que hayas verificado tu cuenta, entra en la cesta de la compra del sitio web<\/li>\n<li>Elija su m\u00e9todo de pago preferido y siga el proceso de pago<\/li>\n<\/ul>\n<h2>C\u00f3mo pagar en l\u00ednea su entrada para Set for life<\/h2>\n<p>A la hora de pagar tus entradas ver\u00e1s que no s\u00f3lo es f\u00e1cil sino que es completamente seguro y te ofrece muchas opciones.<br \/>\nElija pagar sus entradas de la siguiente manera:<\/p>\n<p>Realizando una compra directa con el m\u00e9todo de pago elegido<br \/>\nIngresando dinero en su cuenta y utiliz\u00e1ndolo para realizar la compra<\/p>\n<p>Aseg\u00farese de que si elige ingresar dinero en su cuenta, tambi\u00e9n ponga un poco m\u00e1s para que su elecci\u00f3n de pago se lleve a cabo.<\/p>\n<h2>M\u00e1s informaci\u00f3n sobre Set for life<\/h2>\n<ul>\n<li>Pa\u00eds: Espa\u00f1a<\/li>\n<li>Rango de n\u00fameros principales: 45<\/li>\n<li>Usted elige: 5<\/li>\n<li>Rango de n\u00fameros extra: 10<\/li>\n<li>Usted elige: 1<\/li>\n<li>D\u00edas y horas del sorteo: Lunes, jueves, 20:00 GMT, 21:00 CET<\/li>\n<li>Bote m\u00ednimo:<\/li>\n<li>Bote m\u00e1ximo:<\/li>\n<li>Probabilidad de ganar el bote: 1 en 15339390<\/li>\n<li>Probabilidad de ganar el nivel 2 1 en 1704377<\/li>\n<li>Probabilidad de ganar en cualquier nivel: 1 en 12,4<\/li>\n<li>N\u00famero de niveles de premios: 8<\/li>\n<\/ul>\n<h2>Ventajas de comprar boletos de Set for life en l\u00ednea<\/h2>\n<ul>\n<li>No tiene que salir de casa para comprar sus boletos<\/li>\n<li>No est\u00e1 limitado a jugar a las loter\u00edas de Australia<\/li>\n<li>Elija entre una gama de diferentes loter\u00edas de todo el mundo<\/li>\n<li>Elija los juegos con los botes m\u00e1s altos para aumentar sus posibilidades<\/li>\n<li>Utilice el saldo de su cuenta para comprar los boletos que desee<\/li>\n<li>Lleve un control de sus boletos en todo momento<\/li>\n<li>Reciba una notificaci\u00f3n si su boleto resulta ganador<\/li>\n<li>No se preocupe por elegir las opciones de boletos con quick picks<\/li>\n<\/ul>\n<h2>\u00bfEs legal comprar entradas de Set for life en l\u00ednea?<\/h2>\n<p>No tiene que preocuparse por la legalidad de comprar sus entradas en l\u00ednea o de la forma tradicional. Puedes sentarte y relajarte y confiar en que nosotros nos vamos a encargar de seguir todas las regulaciones del pa\u00eds del que provienen estos juegos. Lo \u00fanico que tienes que hacer es comprar un boleto y te garantizamos que si tienes derecho a un premio, incluido el bote, lo vas a conseguir.<br \/>\nDebe tener al menos 18 a\u00f1os de edad para poder utilizar nuestro sitio web.<\/p>\n<h2>\u00bfC\u00f3mo me pagan si gano Set for life online?<\/h2>\n<p>Usted quiere que se le pague cada c\u00e9ntimo que se le debe cuando gana algo y eso es exactamente lo que hacemos. Nos aseguramos de que siempre recibas todo el dinero sin comisiones y sin cargos sobre tus ganancias.<br \/>\nLa \u00fanica vez que tienes que pagar algo es si decides hacer una transferencia bancaria. Si el banco nos cobra dinero, lo que puede ocurrir con las transferencias internacionales, entonces cargamos la comisi\u00f3n en su cuenta. Esta es la \u00fanica raz\u00f3n por la que descontamos algo de sus ganancias.<br \/>\nY si ganas, recibir\u00e1s tu dinero de una de las dos formas posibles:<\/p>\n<ul>\n<li>Cualquier cantidad inferior a 2500 euros es f\u00e1cil porque nuestro equipo de soporte pondr\u00e1 el dinero directamente en su cuenta por usted<\/li>\n<li>Cualquier cantidad superior a 2.500 euros seguir\u00e1 siendo f\u00e1cil para usted porque nuestro equipo de asistencia le ayudar\u00e1 en el proceso. Te enviaremos el formulario de reclamaci\u00f3n para que lo rellenes y nos digas si quieres que el dinero se transfiera a tu banco o se env\u00ede en forma de cheque.<\/li>\n<\/ul>\n","protected":false},"excerpt":{"rendered":"<p>Si quieres comprar tus entradas para Set for Life ahora vas a tener que saber c\u00f3mo hacerlo. Si vives en Espa\u00f1a, te ser\u00e1 f\u00e1cil y probablemente ya sabr\u00e1s c\u00f3mo conseguir los boletos. \u00bfPero qu\u00e9 pasa con los jugadores de loter\u00eda de otros pa\u00edses, como por ejemplo de Australia? Bueno, es un proceso muy sencillo y [&hellip;]<\/p>\n","protected":false},"author":1,"featured_media":0,"parent":3811,"menu_order":10,"comment_status":"closed","ping_status":"closed","template":"set-for-life-info.php","meta":{"_et_pb_use_builder":"","_et_pb_old_content":"","_et_gb_content_width":"","exclude_from_search":false,"footnotes":""},"class_list":["post-80417","page","type-page","status-publish","hentry"],"yoast_head":"<!-- This site is optimized with the Yoast SEO plugin v23.4 - https:\/\/yoast.com\/wordpress\/plugins\/seo\/ -->\n<title>Comprar entradas para Set for life online desde Australia | Informaci\u00f3n sobre la loter\u00eda Set for life, c\u00f3mo comprar entradas<\/title>\n<meta name=\"description\" content=\"La loter\u00eda Set for life se puede ganar desde Australia - compre los billetes online aqu\u00ed\" \/>\n<meta name=\"robots\" content=\"index, follow, max-snippet:-1, max-image-preview:large, max-video-preview:-1\" \/>\n<link rel=\"canonical\" href=\"https:\/\/onlinelotto365.com\/es\/compra-boletos\/set-for-life-2\/\" \/>\n<meta property=\"og:locale\" content=\"es_ES\" \/>\n<meta property=\"og:type\" content=\"article\" \/>\n<meta property=\"og:title\" content=\"Comprar entradas para Set for life online desde Australia | Informaci\u00f3n sobre la loter\u00eda Set for life, c\u00f3mo comprar entradas\" \/>\n<meta property=\"og:description\" content=\"La loter\u00eda Set for life se puede ganar desde Australia - compre los billetes online aqu\u00ed\" \/>\n<meta property=\"og:url\" content=\"https:\/\/onlinelotto365.com\/es\/compra-boletos\/set-for-life-2\/\" \/>\n<meta property=\"og:site_name\" content=\"OnlineLotto365\" \/>\n<meta property=\"og:image\" content=\"https:\/\/redfoxlotto.com\/image?size=8&amp;lottery=set-for-life-uk\" \/>\n<meta name=\"twitter:card\" content=\"summary_large_image\" \/>\n<meta name=\"twitter:label1\" content=\"Tiempo de lectura\" \/>\n\t<meta name=\"twitter:data1\" content=\"4 minutos\" \/>\n<script type=\"application\/ld+json\" class=\"yoast-schema-graph\">{\"@context\":\"https:\/\/schema.org\",\"@graph\":[{\"@type\":\"WebPage\",\"@id\":\"https:\/\/onlinelotto365.com\/es\/compra-boletos\/set-for-life-2\/\",\"url\":\"https:\/\/onlinelotto365.com\/es\/compra-boletos\/set-for-life-2\/\",\"name\":\"Comprar entradas para Set for life online desde Australia | Informaci\u00f3n sobre la loter\u00eda Set for life, c\u00f3mo comprar entradas\",\"isPartOf\":{\"@id\":\"https:\/\/onlinelotto365.com\/es\/#website\"},\"primaryImageOfPage\":{\"@id\":\"https:\/\/onlinelotto365.com\/es\/compra-boletos\/set-for-life-2\/#primaryimage\"},\"image\":{\"@id\":\"https:\/\/onlinelotto365.com\/es\/compra-boletos\/set-for-life-2\/#primaryimage\"},\"thumbnailUrl\":\"https:\/\/redfoxlotto.com\/image?size=8&amp;lottery=set-for-life-uk\",\"datePublished\":\"2022-11-17T11:54:02+00:00\",\"dateModified\":\"2022-11-17T11:54:02+00:00\",\"description\":\"La loter\u00eda Set for life se puede ganar desde Australia - compre los billetes online aqu\u00ed\",\"breadcrumb\":{\"@id\":\"https:\/\/onlinelotto365.com\/es\/compra-boletos\/set-for-life-2\/#breadcrumb\"},\"inLanguage\":\"es\",\"potentialAction\":[{\"@type\":\"ReadAction\",\"target\":[\"https:\/\/onlinelotto365.com\/es\/compra-boletos\/set-for-life-2\/\"]}]},{\"@type\":\"ImageObject\",\"inLanguage\":\"es\",\"@id\":\"https:\/\/onlinelotto365.com\/es\/compra-boletos\/set-for-life-2\/#primaryimage\",\"url\":\"https:\/\/redfoxlotto.com\/image?size=8&amp;lottery=set-for-life-uk\",\"contentUrl\":\"https:\/\/redfoxlotto.com\/image?size=8&amp;lottery=set-for-life-uk\"},{\"@type\":\"BreadcrumbList\",\"@id\":\"https:\/\/onlinelotto365.com\/es\/compra-boletos\/set-for-life-2\/#breadcrumb\",\"itemListElement\":[{\"@type\":\"ListItem\",\"position\":1,\"name\":\"Home\",\"item\":\"https:\/\/onlinelotto365.com\/es\/\"},{\"@type\":\"ListItem\",\"position\":2,\"name\":\"Por qu\u00e9 tiene m\u00e1s sentido comprar billetes de loter\u00eda en l\u00ednea\",\"item\":\"https:\/\/onlinelotto365.com\/es\/compra-boletos\/\"},{\"@type\":\"ListItem\",\"position\":3,\"name\":\"C\u00f3mo comprar entradas para Set for life en l\u00ednea\"}]},{\"@type\":\"WebSite\",\"@id\":\"https:\/\/onlinelotto365.com\/es\/#website\",\"url\":\"https:\/\/onlinelotto365.com\/es\/\",\"name\":\"OnlineLotto365\",\"description\":\"\",\"potentialAction\":[{\"@type\":\"SearchAction\",\"target\":{\"@type\":\"EntryPoint\",\"urlTemplate\":\"https:\/\/onlinelotto365.com\/es\/?s={search_term_string}\"},\"query-input\":{\"@type\":\"PropertyValueSpecification\",\"valueRequired\":true,\"valueName\":\"search_term_string\"}}],\"inLanguage\":\"es\"}]}<\/script>\n<!-- \/ Yoast SEO plugin. -->","yoast_head_json":{"title":"Comprar entradas para Set for life online desde Australia | Informaci\u00f3n sobre la loter\u00eda Set for life, c\u00f3mo comprar entradas","description":"La loter\u00eda Set for life se puede ganar desde Australia - compre los billetes online aqu\u00ed","robots":{"index":"index","follow":"follow","max-snippet":"max-snippet:-1","max-image-preview":"max-image-preview:large","max-video-preview":"max-video-preview:-1"},"canonical":"https:\/\/onlinelotto365.com\/es\/compra-boletos\/set-for-life-2\/","og_locale":"es_ES","og_type":"article","og_title":"Comprar entradas para Set for life online desde Australia | Informaci\u00f3n sobre la loter\u00eda Set for life, c\u00f3mo comprar entradas","og_description":"La loter\u00eda Set for life se puede ganar desde Australia - compre los billetes online aqu\u00ed","og_url":"https:\/\/onlinelotto365.com\/es\/compra-boletos\/set-for-life-2\/","og_site_name":"OnlineLotto365","og_image":[{"url":"https:\/\/redfoxlotto.com\/image?size=8&amp;lottery=set-for-life-uk"}],"twitter_card":"summary_large_image","twitter_misc":{"Tiempo de lectura":"4 minutos"},"schema":{"@context":"https:\/\/schema.org","@graph":[{"@type":"WebPage","@id":"https:\/\/onlinelotto365.com\/es\/compra-boletos\/set-for-life-2\/","url":"https:\/\/onlinelotto365.com\/es\/compra-boletos\/set-for-life-2\/","name":"Comprar entradas para Set for life online desde Australia | Informaci\u00f3n sobre la loter\u00eda Set for life, c\u00f3mo comprar entradas","isPartOf":{"@id":"https:\/\/onlinelotto365.com\/es\/#website"},"primaryImageOfPage":{"@id":"https:\/\/onlinelotto365.com\/es\/compra-boletos\/set-for-life-2\/#primaryimage"},"image":{"@id":"https:\/\/onlinelotto365.com\/es\/compra-boletos\/set-for-life-2\/#primaryimage"},"thumbnailUrl":"https:\/\/redfoxlotto.com\/image?size=8&amp;lottery=set-for-life-uk","datePublished":"2022-11-17T11:54:02+00:00","dateModified":"2022-11-17T11:54:02+00:00","description":"La loter\u00eda Set for life se puede ganar desde Australia - compre los billetes online aqu\u00ed","breadcrumb":{"@id":"https:\/\/onlinelotto365.com\/es\/compra-boletos\/set-for-life-2\/#breadcrumb"},"inLanguage":"es","potentialAction":[{"@type":"ReadAction","target":["https:\/\/onlinelotto365.com\/es\/compra-boletos\/set-for-life-2\/"]}]},{"@type":"ImageObject","inLanguage":"es","@id":"https:\/\/onlinelotto365.com\/es\/compra-boletos\/set-for-life-2\/#primaryimage","url":"https:\/\/redfoxlotto.com\/image?size=8&amp;lottery=set-for-life-uk","contentUrl":"https:\/\/redfoxlotto.com\/image?size=8&amp;lottery=set-for-life-uk"},{"@type":"BreadcrumbList","@id":"https:\/\/onlinelotto365.com\/es\/compra-boletos\/set-for-life-2\/#breadcrumb","itemListElement":[{"@type":"ListItem","position":1,"name":"Home","item":"https:\/\/onlinelotto365.com\/es\/"},{"@type":"ListItem","position":2,"name":"Por qu\u00e9 tiene m\u00e1s sentido comprar billetes de loter\u00eda en l\u00ednea","item":"https:\/\/onlinelotto365.com\/es\/compra-boletos\/"},{"@type":"ListItem","position":3,"name":"C\u00f3mo comprar entradas para Set for life en l\u00ednea"}]},{"@type":"WebSite","@id":"https:\/\/onlinelotto365.com\/es\/#website","url":"https:\/\/onlinelotto365.com\/es\/","name":"OnlineLotto365","description":"","potentialAction":[{"@type":"SearchAction","target":{"@type":"EntryPoint","urlTemplate":"https:\/\/onlinelotto365.com\/es\/?s={search_term_string}"},"query-input":{"@type":"PropertyValueSpecification","valueRequired":true,"valueName":"search_term_string"}}],"inLanguage":"es"}]}},"_links":{"self":[{"href":"https:\/\/onlinelotto365.com\/es\/wp-json\/wp\/v2\/pages\/80417","targetHints":{"allow":["GET"]}}],"collection":[{"href":"https:\/\/onlinelotto365.com\/es\/wp-json\/wp\/v2\/pages"}],"about":[{"href":"https:\/\/onlinelotto365.com\/es\/wp-json\/wp\/v2\/types\/page"}],"author":[{"embeddable":true,"href":"https:\/\/onlinelotto365.com\/es\/wp-json\/wp\/v2\/users\/1"}],"replies":[{"embeddable":true,"href":"https:\/\/onlinelotto365.com\/es\/wp-json\/wp\/v2\/comments?post=80417"}],"version-history":[{"count":0,"href":"https:\/\/onlinelotto365.com\/es\/wp-json\/wp\/v2\/pages\/80417\/revisions"}],"up":[{"embeddable":true,"href":"https:\/\/onlinelotto365.com\/es\/wp-json\/wp\/v2\/pages\/3811"}],"wp:attachment":[{"href":"https:\/\/onlinelotto365.com\/es\/wp-json\/wp\/v2\/media?parent=80417"}],"curies":[{"name":"wp","href":"https:\/\/api.w.org\/{rel}","templated":true}]}}