{"id":8060,"date":"2020-12-08T14:56:58","date_gmt":"2020-12-08T13:56:58","guid":{"rendered":"http:\/\/onlinelotto365.net\/?page_id=8060"},"modified":"2021-01-05T13:41:42","modified_gmt":"2021-01-05T12:41:42","slug":"powerball-australia","status":"publish","type":"page","link":"https:\/\/onlinelotto365.com\/es\/numeros-ganadores\/powerball-australia\/","title":{"rendered":"Powerball Australia &#8211; \u00faltimos y anteriores n\u00fameros ganadores, resultados"},"content":{"rendered":"<p>Con las loter\u00edas internacionales, puede intentar comprobar los resultados en el peri\u00f3dico, pero es poco probable <strong>que encuentre los n\u00fameros ganadores de Powerball Australia en su peri\u00f3dico local<\/strong>. Puede que tampoco los encuentre en ninguno de sus canales de televisi\u00f3n locales. Si lo haces, te va a llevar alg\u00fan tiempo y esfuerzo conseguir el canal correcto.<\/p>\n<p>Otra opci\u00f3n es revisar el sitio web de Powerball Australia para ver si ofrecen una opci\u00f3n de sorteo en vivo. Si lo hacen, usted podr\u00e1 observar y disfrutar plenamente de ver sus n\u00fameros sorteados en vivo. Pero no todos los juegos ofrecen esta opci\u00f3n y puede que te pierdas la experiencia por completo.<br \/>\nTambi\u00e9n puedes mirar en YouTube para ver si hay una grabaci\u00f3n <a href=\"https:\/\/onlinelotto365.com\/es\/news\/lotto-en-vivo\">del<\/a> sorteo en vivo de Powerball Australia. Esta podr\u00eda ser una buena manera de encontrar los resultados despu\u00e9s de que se haya hecho el sorteo.<br \/>\n<a href=\"https:\/\/redfoxlotto.com\/es\/jugar\/powerball-au\/?ref=a8564250a2&amp;medium=ol365\" target=\"_blank\" rel=\"noopener noreferrer\"><img decoding=\"async\" class=\"aligncenter\" src=\"https:\/\/redfoxlotto.com\/image?size=8&amp;lottery=powerball-au\" alt=\"Powerball Australia\" \/><\/a><\/p>\n<p>Sin embargo, la mejor manera de encontrar los resultados de la Powerball Australia, es revisar nuestro sitio web. Podr\u00e1s encontrar los resultados de este y cualquier otro juego que tengamos disponible, as\u00ed que no tienes que preocuparte por perderte nada en absoluto.<\/p>\n<h2>C\u00f3mo saber si su boleto en l\u00ednea ha ganado<\/h2>\n<p>\u00bfY si ya has comprado tus propios billetes para el Powerball Australia? Bueno, entonces es a\u00fan m\u00e1s f\u00e1cil para usted para comprobar los n\u00fameros ganadores. En lugar de revisar la p\u00e1gina de resultados de la loter\u00eda, puede revisar la p\u00e1gina de billetes de su cuenta. Esto le permitir\u00e1 ver los n\u00fameros ganadores comparados con los suyos, lo que ser\u00e1 a\u00fan mejor para sus necesidades.<\/p>\n<p>Puedes buscar cualquier n\u00famero de tu boleto que est\u00e9 resaltado, lo que significa que coinciden con los n\u00fameros ganadores. Entonces, puedes ver cu\u00e1nto has ganado. Y si es menos de 2500 euros se le acreditar\u00e1 en su cuenta as\u00ed de f\u00e1cil.<\/p>\n<h2>Archivo de resultados de Powerball Australia<\/h2>\n<p>En nuestro sitio web, le facilitamos no s\u00f3lo los n\u00fameros <a href=\"https:\/\/onlinelotto365.com\/es\/numeros-ganadores\">actuales<\/a> de la loter\u00eda de Powerball Australia y m\u00e1s, sino tambi\u00e9n los n\u00fameros antiguos. Una de las formas m\u00e1s populares en que la gente elige sus n\u00fameros es mirando algunos de los m\u00e1s antiguos, por lo que nos aseguramos de que pueda encontrar esos n\u00fameros en cualquier p\u00e1gina en la que ofrezcamos los n\u00fameros ganadores actuales.<\/p>\n<h2>Mi boleto ha ganado, \u00bfqu\u00e9 pasa despu\u00e9s?<\/h2>\n<p>Si su billete es ganador, s\u00f3lo tiene que sentarse y dejar que le ayudemos a conseguir el dinero al que tiene derecho. Si ha ganado menos de 2500 euros lo acreditaremos a su cuenta de jugador tan pronto como los resultados sean verificados. Entonces podr\u00e1 retirar el dinero siempre y cuando haya 10 euros en su cuenta.<\/p>\n","protected":false},"excerpt":{"rendered":"<p>Con las loter\u00edas internacionales, puede intentar comprobar los resultados en el peri\u00f3dico, pero es poco probable que encuentre los n\u00fameros ganadores de Powerball Australia en su peri\u00f3dico local. Puede que tampoco los encuentre en ninguno de sus canales de televisi\u00f3n locales. Si lo haces, te va a llevar alg\u00fan tiempo y esfuerzo conseguir el canal [&hellip;]<\/p>\n","protected":false},"author":1,"featured_media":0,"parent":3801,"menu_order":13,"comment_status":"closed","ping_status":"closed","template":"powerball-au-results.php","meta":{"_et_pb_use_builder":"","_et_pb_old_content":"","_et_gb_content_width":"","exclude_from_search":false,"footnotes":""},"class_list":["post-8060","page","type-page","status-publish","hentry"],"yoast_head":"<!-- This site is optimized with the Yoast SEO plugin v23.4 - https:\/\/yoast.com\/wordpress\/plugins\/seo\/ -->\n<title>\u00daltimos y pasados resultados del sorteo y n\u00fameros ganadores de Powerball Australia<\/title>\n<meta name=\"description\" content=\"Publicamos los n\u00fameros ganadores de Powerball Australia justo despu\u00e9s del sorteo\" \/>\n<meta name=\"robots\" content=\"index, follow, max-snippet:-1, max-image-preview:large, max-video-preview:-1\" \/>\n<link rel=\"canonical\" href=\"https:\/\/onlinelotto365.com\/es\/numeros-ganadores\/powerball-australia\/\" \/>\n<meta property=\"og:locale\" content=\"es_ES\" \/>\n<meta property=\"og:type\" content=\"article\" \/>\n<meta property=\"og:title\" content=\"\u00daltimos y pasados resultados del sorteo y n\u00fameros ganadores de Powerball Australia\" \/>\n<meta property=\"og:description\" content=\"Publicamos los n\u00fameros ganadores de Powerball Australia justo despu\u00e9s del sorteo\" \/>\n<meta property=\"og:url\" content=\"https:\/\/onlinelotto365.com\/es\/numeros-ganadores\/powerball-australia\/\" \/>\n<meta property=\"og:site_name\" content=\"OnlineLotto365\" \/>\n<meta property=\"article:modified_time\" content=\"2021-01-05T12:41:42+00:00\" \/>\n<meta property=\"og:image\" content=\"https:\/\/redfoxlotto.com\/image?size=8&amp;lottery=powerball-au\" \/>\n<meta name=\"twitter:card\" content=\"summary_large_image\" \/>\n<meta name=\"twitter:label1\" content=\"Tiempo de lectura\" \/>\n\t<meta name=\"twitter:data1\" content=\"2 minutos\" \/>\n<script type=\"application\/ld+json\" class=\"yoast-schema-graph\">{\"@context\":\"https:\/\/schema.org\",\"@graph\":[{\"@type\":\"WebPage\",\"@id\":\"https:\/\/onlinelotto365.com\/es\/numeros-ganadores\/powerball-australia\/\",\"url\":\"https:\/\/onlinelotto365.com\/es\/numeros-ganadores\/powerball-australia\/\",\"name\":\"\u00daltimos y pasados resultados del sorteo y n\u00fameros ganadores de Powerball Australia\",\"isPartOf\":{\"@id\":\"https:\/\/onlinelotto365.com\/es\/#website\"},\"primaryImageOfPage\":{\"@id\":\"https:\/\/onlinelotto365.com\/es\/numeros-ganadores\/powerball-australia\/#primaryimage\"},\"image\":{\"@id\":\"https:\/\/onlinelotto365.com\/es\/numeros-ganadores\/powerball-australia\/#primaryimage\"},\"thumbnailUrl\":\"https:\/\/redfoxlotto.com\/image?size=8&amp;lottery=powerball-au\",\"datePublished\":\"2020-12-08T13:56:58+00:00\",\"dateModified\":\"2021-01-05T12:41:42+00:00\",\"description\":\"Publicamos los n\u00fameros ganadores de Powerball Australia justo despu\u00e9s del sorteo\",\"breadcrumb\":{\"@id\":\"https:\/\/onlinelotto365.com\/es\/numeros-ganadores\/powerball-australia\/#breadcrumb\"},\"inLanguage\":\"es\",\"potentialAction\":[{\"@type\":\"ReadAction\",\"target\":[\"https:\/\/onlinelotto365.com\/es\/numeros-ganadores\/powerball-australia\/\"]}]},{\"@type\":\"ImageObject\",\"inLanguage\":\"es\",\"@id\":\"https:\/\/onlinelotto365.com\/es\/numeros-ganadores\/powerball-australia\/#primaryimage\",\"url\":\"https:\/\/redfoxlotto.com\/image?size=8&amp;lottery=powerball-au\",\"contentUrl\":\"https:\/\/redfoxlotto.com\/image?size=8&amp;lottery=powerball-au\"},{\"@type\":\"BreadcrumbList\",\"@id\":\"https:\/\/onlinelotto365.com\/es\/numeros-ganadores\/powerball-australia\/#breadcrumb\",\"itemListElement\":[{\"@type\":\"ListItem\",\"position\":1,\"name\":\"Home\",\"item\":\"https:\/\/onlinelotto365.com\/es\/\"},{\"@type\":\"ListItem\",\"position\":2,\"name\":\"Encuentra los n\u00fameros ganadores y los resultados de los \u00faltimos sorteos de la loter\u00eda\",\"item\":\"https:\/\/onlinelotto365.com\/es\/winning-numbers\/\"},{\"@type\":\"ListItem\",\"position\":3,\"name\":\"Powerball Australia &#8211; \u00faltimos y anteriores n\u00fameros ganadores, resultados\"}]},{\"@type\":\"WebSite\",\"@id\":\"https:\/\/onlinelotto365.com\/es\/#website\",\"url\":\"https:\/\/onlinelotto365.com\/es\/\",\"name\":\"OnlineLotto365\",\"description\":\"\",\"potentialAction\":[{\"@type\":\"SearchAction\",\"target\":{\"@type\":\"EntryPoint\",\"urlTemplate\":\"https:\/\/onlinelotto365.com\/es\/?s={search_term_string}\"},\"query-input\":{\"@type\":\"PropertyValueSpecification\",\"valueRequired\":true,\"valueName\":\"search_term_string\"}}],\"inLanguage\":\"es\"}]}<\/script>\n<!-- \/ Yoast SEO plugin. -->","yoast_head_json":{"title":"\u00daltimos y pasados resultados del sorteo y n\u00fameros ganadores de Powerball Australia","description":"Publicamos los n\u00fameros ganadores de Powerball Australia justo despu\u00e9s del sorteo","robots":{"index":"index","follow":"follow","max-snippet":"max-snippet:-1","max-image-preview":"max-image-preview:large","max-video-preview":"max-video-preview:-1"},"canonical":"https:\/\/onlinelotto365.com\/es\/numeros-ganadores\/powerball-australia\/","og_locale":"es_ES","og_type":"article","og_title":"\u00daltimos y pasados resultados del sorteo y n\u00fameros ganadores de Powerball Australia","og_description":"Publicamos los n\u00fameros ganadores de Powerball Australia justo despu\u00e9s del sorteo","og_url":"https:\/\/onlinelotto365.com\/es\/numeros-ganadores\/powerball-australia\/","og_site_name":"OnlineLotto365","article_modified_time":"2021-01-05T12:41:42+00:00","og_image":[{"url":"https:\/\/redfoxlotto.com\/image?size=8&amp;lottery=powerball-au"}],"twitter_card":"summary_large_image","twitter_misc":{"Tiempo de lectura":"2 minutos"},"schema":{"@context":"https:\/\/schema.org","@graph":[{"@type":"WebPage","@id":"https:\/\/onlinelotto365.com\/es\/numeros-ganadores\/powerball-australia\/","url":"https:\/\/onlinelotto365.com\/es\/numeros-ganadores\/powerball-australia\/","name":"\u00daltimos y pasados resultados del sorteo y n\u00fameros ganadores de Powerball Australia","isPartOf":{"@id":"https:\/\/onlinelotto365.com\/es\/#website"},"primaryImageOfPage":{"@id":"https:\/\/onlinelotto365.com\/es\/numeros-ganadores\/powerball-australia\/#primaryimage"},"image":{"@id":"https:\/\/onlinelotto365.com\/es\/numeros-ganadores\/powerball-australia\/#primaryimage"},"thumbnailUrl":"https:\/\/redfoxlotto.com\/image?size=8&amp;lottery=powerball-au","datePublished":"2020-12-08T13:56:58+00:00","dateModified":"2021-01-05T12:41:42+00:00","description":"Publicamos los n\u00fameros ganadores de Powerball Australia justo despu\u00e9s del sorteo","breadcrumb":{"@id":"https:\/\/onlinelotto365.com\/es\/numeros-ganadores\/powerball-australia\/#breadcrumb"},"inLanguage":"es","potentialAction":[{"@type":"ReadAction","target":["https:\/\/onlinelotto365.com\/es\/numeros-ganadores\/powerball-australia\/"]}]},{"@type":"ImageObject","inLanguage":"es","@id":"https:\/\/onlinelotto365.com\/es\/numeros-ganadores\/powerball-australia\/#primaryimage","url":"https:\/\/redfoxlotto.com\/image?size=8&amp;lottery=powerball-au","contentUrl":"https:\/\/redfoxlotto.com\/image?size=8&amp;lottery=powerball-au"},{"@type":"BreadcrumbList","@id":"https:\/\/onlinelotto365.com\/es\/numeros-ganadores\/powerball-australia\/#breadcrumb","itemListElement":[{"@type":"ListItem","position":1,"name":"Home","item":"https:\/\/onlinelotto365.com\/es\/"},{"@type":"ListItem","position":2,"name":"Encuentra los n\u00fameros ganadores y los resultados de los \u00faltimos sorteos de la loter\u00eda","item":"https:\/\/onlinelotto365.com\/es\/winning-numbers\/"},{"@type":"ListItem","position":3,"name":"Powerball Australia &#8211; \u00faltimos y anteriores n\u00fameros ganadores, resultados"}]},{"@type":"WebSite","@id":"https:\/\/onlinelotto365.com\/es\/#website","url":"https:\/\/onlinelotto365.com\/es\/","name":"OnlineLotto365","description":"","potentialAction":[{"@type":"SearchAction","target":{"@type":"EntryPoint","urlTemplate":"https:\/\/onlinelotto365.com\/es\/?s={search_term_string}"},"query-input":{"@type":"PropertyValueSpecification","valueRequired":true,"valueName":"search_term_string"}}],"inLanguage":"es"}]}},"_links":{"self":[{"href":"https:\/\/onlinelotto365.com\/es\/wp-json\/wp\/v2\/pages\/8060","targetHints":{"allow":["GET"]}}],"collection":[{"href":"https:\/\/onlinelotto365.com\/es\/wp-json\/wp\/v2\/pages"}],"about":[{"href":"https:\/\/onlinelotto365.com\/es\/wp-json\/wp\/v2\/types\/page"}],"author":[{"embeddable":true,"href":"https:\/\/onlinelotto365.com\/es\/wp-json\/wp\/v2\/users\/1"}],"replies":[{"embeddable":true,"href":"https:\/\/onlinelotto365.com\/es\/wp-json\/wp\/v2\/comments?post=8060"}],"version-history":[{"count":0,"href":"https:\/\/onlinelotto365.com\/es\/wp-json\/wp\/v2\/pages\/8060\/revisions"}],"up":[{"embeddable":true,"href":"https:\/\/onlinelotto365.com\/es\/wp-json\/wp\/v2\/pages\/3801"}],"wp:attachment":[{"href":"https:\/\/onlinelotto365.com\/es\/wp-json\/wp\/v2\/media?parent=8060"}],"curies":[{"name":"wp","href":"https:\/\/api.w.org\/{rel}","templated":true}]}}