{"id":8094,"date":"2020-12-08T14:59:39","date_gmt":"2020-12-08T13:59:39","guid":{"rendered":"http:\/\/onlinelotto365.net\/?page_id=8094"},"modified":"2021-01-05T13:41:53","modified_gmt":"2021-01-05T12:41:53","slug":"oz-lotto","status":"publish","type":"page","link":"https:\/\/onlinelotto365.com\/es\/numeros-ganadores\/oz-lotto\/","title":{"rendered":"Los n\u00fameros ganadores de la Oz Lotto"},"content":{"rendered":"<p>Hay muchas opciones de loter\u00eda internacional disponibles en nuestra p\u00e1gina web y cuando juegas a estos juegos quieres asegurarte de que puedes comprobar los n\u00fameros ganadores. Una forma es por un peri\u00f3dico, pero <strong>encontrar los resultados de la Loter\u00eda de Oz en el peri\u00f3dico puede ser dif\u00edcil<\/strong>. Otra opci\u00f3n es por televisi\u00f3n, pero encontrar el canal correcto para ver el sorteo o ver los resultados tambi\u00e9n puede ser una situaci\u00f3n dif\u00edcil para la mayor\u00eda de la gente.<\/p>\n<p>A continuaci\u00f3n, puede consultar el sitio web oficial de la Loter\u00eda de Oz y ver si puede obtener los resultados all\u00ed. Algunos juegos te permitir\u00e1n ver el sorteo en vivo en su sitio web. Pero ten en cuenta que esto no es posible con todos los juegos de loter\u00eda y te puedes encontrar sin esa oportunidad.<\/p>\n<p>Despu\u00e9s de que el sorteo se haya realizado, a veces se puede hacer una b\u00fasqueda en YouTube para obtener los <strong>resultados del \u00faltimo sorteo de la Loter\u00eda de Oz.<\/strong> Estos tampoco est\u00e1n siempre disponibles, pero a veces alguien publica un video del sorteo o los n\u00fameros en vivo.<br \/>\n<a href=\"https:\/\/redfoxlotto.com\/es\/jugar\/oz-lotto\/?ref=a8564250a2&amp;medium=ol365\" target=\"_blank\" rel=\"noopener noreferrer\"><img decoding=\"async\" class=\"aligncenter\" src=\"https:\/\/redfoxlotto.com\/image?size=8&amp;lottery=oz-lotto\" alt=\"Oz Lotto\" \/><\/a><\/p>\n<p>Sin embargo, lo mejor que puede hacer, si quiere obtener los \u00faltimos n\u00fameros ganadores, es visitar nuestro sitio web y nuestra p\u00e1gina de resultados de la loter\u00eda. Ah\u00ed es donde ponemos los resultados de <a href=\"https:\/\/onlinelotto365.com\/es\/compra-boletos\">cada juego de loter\u00eda que puede comprar en nuestro sitio<\/a> web para que sepa d\u00f3nde buscar.<\/p>\n<h2>C\u00f3mo saber si su billete en l\u00ednea ha ganado<img loading=\"lazy\" decoding=\"async\" class=\"alignright wp-image-3624\" src=\"https:\/\/onlinelotto365.com\/wp-content\/uploads\/2020\/11\/online_lottery-74-200x300.jpg\" alt=\"oz lotto winning numbers\" width=\"123\" height=\"185\" srcset=\"https:\/\/onlinelotto365.com\/wp-content\/uploads\/2020\/11\/online_lottery-74-200x300.jpg 200w, https:\/\/onlinelotto365.com\/wp-content\/uploads\/2020\/11\/online_lottery-74.jpg 320w\" sizes=\"auto, (max-width: 123px) 100vw, 123px\" \/><\/h2>\n<p>Para aquellos que hayan comprado boletos para cualquiera de los juegos que ofrecemos, pueden ingresar a su cuenta e ir a la p\u00e1gina donde se almacenan sus boletos. Esta p\u00e1gina les dar\u00e1 toda la informaci\u00f3n que necesiten. Podr\u00e1 ver sus billetes de loter\u00eda as\u00ed como los n\u00fameros ganadores.<br \/>\nSi tiene la suerte de acertar alg\u00fan n\u00famero, tambi\u00e9n ver\u00e1 los n\u00fameros que coinciden resaltados en su pantalla. Y podr\u00e1s comprobar la cantidad de n\u00fameros coincidentes y el premio que has ganado. Si es menos de 2500 euros, puede mirar en su cuenta y encontrarlos en su cuenta de jugador tan pronto como se verifiquen los resultados.<\/p>\n<h2>Archivo de resultados de la Loter\u00eda Oz<\/h2>\n<p>Para aquellos que quieran ver n\u00fameros antiguos de la Oz Lotto u <a href=\"http:\/\/onlinelotto365.com\/es\">otros juegos de<\/a> loter\u00eda, pueden encontrar f\u00e1cilmente los archivos vinculados a cualquier p\u00e1gina donde se muestren los n\u00fameros actuales. Esto hace que sea m\u00e1s f\u00e1cil para ti encontrar los n\u00fameros que est\u00e1s buscando para ayudarte con futuras elecciones.<\/p>\n<h2>Mi boleto ha ganado, \u00bfqu\u00e9 pasa ahora?<\/h2>\n<p>Ya hemos hablado de c\u00f3mo puedes ganar si tu boleto coincide con los n\u00fameros ganadores, pero vamos a mirar un poco m\u00e1s de cerca tambi\u00e9n. Si tiene un billete que vale menos de 2500 euros, encontrar\u00e1 el dinero a\u00f1adido autom\u00e1ticamente a su cuenta tan pronto como los n\u00fameros ganadores hayan sido verificados.<\/p>\n<p>Entonces, si tiene al menos 10 euros en su cuenta, puede retirar ese dinero usando cualquier m\u00e9todo de pago que ya haya utilizado en su cuenta. S\u00f3lo tienes que rellenar un par de formularios para verificar tu identidad y el dinero estar\u00e1 en tu cuenta en un abrir y cerrar de ojos. O puedes dejarlo donde est\u00e1 y usarlo para comprar m\u00e1s boletos despu\u00e9s.<\/p>\n","protected":false},"excerpt":{"rendered":"<p>Hay muchas opciones de loter\u00eda internacional disponibles en nuestra p\u00e1gina web y cuando juegas a estos juegos quieres asegurarte de que puedes comprobar los n\u00fameros ganadores. Una forma es por un peri\u00f3dico, pero encontrar los resultados de la Loter\u00eda de Oz en el peri\u00f3dico puede ser dif\u00edcil. Otra opci\u00f3n es por televisi\u00f3n, pero encontrar el [&hellip;]<\/p>\n","protected":false},"author":1,"featured_media":0,"parent":3801,"menu_order":14,"comment_status":"closed","ping_status":"closed","template":"template-rightsidebar.php","meta":{"_et_pb_use_builder":"","_et_pb_old_content":"","_et_gb_content_width":"","exclude_from_search":false,"footnotes":""},"class_list":["post-8094","page","type-page","status-publish","hentry"],"yoast_head":"<!-- This site is optimized with the Yoast SEO plugin v23.4 - https:\/\/yoast.com\/wordpress\/plugins\/seo\/ -->\n<title>Resultados del sorteo de la Loter\u00eda de Oz y premios<\/title>\n<meta name=\"description\" content=\"\u00bfBuscando los resultados del sorteo de la Loter\u00eda de Oz? Aqu\u00ed est\u00e1n los n\u00fameros ganadores\" \/>\n<meta name=\"robots\" content=\"index, follow, max-snippet:-1, max-image-preview:large, max-video-preview:-1\" \/>\n<link rel=\"canonical\" href=\"https:\/\/onlinelotto365.com\/es\/numeros-ganadores\/oz-lotto\/\" \/>\n<meta property=\"og:locale\" content=\"es_ES\" \/>\n<meta property=\"og:type\" content=\"article\" \/>\n<meta property=\"og:title\" content=\"Resultados del sorteo de la Loter\u00eda de Oz y premios\" \/>\n<meta property=\"og:description\" content=\"\u00bfBuscando los resultados del sorteo de la Loter\u00eda de Oz? Aqu\u00ed est\u00e1n los n\u00fameros ganadores\" \/>\n<meta property=\"og:url\" content=\"https:\/\/onlinelotto365.com\/es\/numeros-ganadores\/oz-lotto\/\" \/>\n<meta property=\"og:site_name\" content=\"OnlineLotto365\" \/>\n<meta property=\"article:modified_time\" content=\"2021-01-05T12:41:53+00:00\" \/>\n<meta property=\"og:image\" content=\"https:\/\/redfoxlotto.com\/image?size=8&amp;lottery=oz-lotto\" \/>\n<meta name=\"twitter:card\" content=\"summary_large_image\" \/>\n<meta name=\"twitter:label1\" content=\"Tiempo de lectura\" \/>\n\t<meta name=\"twitter:data1\" content=\"3 minutos\" \/>\n<script type=\"application\/ld+json\" class=\"yoast-schema-graph\">{\"@context\":\"https:\/\/schema.org\",\"@graph\":[{\"@type\":\"WebPage\",\"@id\":\"https:\/\/onlinelotto365.com\/es\/numeros-ganadores\/oz-lotto\/\",\"url\":\"https:\/\/onlinelotto365.com\/es\/numeros-ganadores\/oz-lotto\/\",\"name\":\"Resultados del sorteo de la Loter\u00eda de Oz y premios\",\"isPartOf\":{\"@id\":\"https:\/\/onlinelotto365.com\/es\/#website\"},\"primaryImageOfPage\":{\"@id\":\"https:\/\/onlinelotto365.com\/es\/numeros-ganadores\/oz-lotto\/#primaryimage\"},\"image\":{\"@id\":\"https:\/\/onlinelotto365.com\/es\/numeros-ganadores\/oz-lotto\/#primaryimage\"},\"thumbnailUrl\":\"https:\/\/redfoxlotto.com\/image?size=8&amp;lottery=oz-lotto\",\"datePublished\":\"2020-12-08T13:59:39+00:00\",\"dateModified\":\"2021-01-05T12:41:53+00:00\",\"description\":\"\u00bfBuscando los resultados del sorteo de la Loter\u00eda de Oz? Aqu\u00ed est\u00e1n los n\u00fameros ganadores\",\"breadcrumb\":{\"@id\":\"https:\/\/onlinelotto365.com\/es\/numeros-ganadores\/oz-lotto\/#breadcrumb\"},\"inLanguage\":\"es\",\"potentialAction\":[{\"@type\":\"ReadAction\",\"target\":[\"https:\/\/onlinelotto365.com\/es\/numeros-ganadores\/oz-lotto\/\"]}]},{\"@type\":\"ImageObject\",\"inLanguage\":\"es\",\"@id\":\"https:\/\/onlinelotto365.com\/es\/numeros-ganadores\/oz-lotto\/#primaryimage\",\"url\":\"https:\/\/redfoxlotto.com\/image?size=8&amp;lottery=oz-lotto\",\"contentUrl\":\"https:\/\/redfoxlotto.com\/image?size=8&amp;lottery=oz-lotto\"},{\"@type\":\"BreadcrumbList\",\"@id\":\"https:\/\/onlinelotto365.com\/es\/numeros-ganadores\/oz-lotto\/#breadcrumb\",\"itemListElement\":[{\"@type\":\"ListItem\",\"position\":1,\"name\":\"Home\",\"item\":\"https:\/\/onlinelotto365.com\/es\/\"},{\"@type\":\"ListItem\",\"position\":2,\"name\":\"Encuentra los n\u00fameros ganadores y los resultados de los \u00faltimos sorteos de la loter\u00eda\",\"item\":\"https:\/\/onlinelotto365.com\/es\/winning-numbers\/\"},{\"@type\":\"ListItem\",\"position\":3,\"name\":\"Los n\u00fameros ganadores de la Oz Lotto\"}]},{\"@type\":\"WebSite\",\"@id\":\"https:\/\/onlinelotto365.com\/es\/#website\",\"url\":\"https:\/\/onlinelotto365.com\/es\/\",\"name\":\"OnlineLotto365\",\"description\":\"\",\"potentialAction\":[{\"@type\":\"SearchAction\",\"target\":{\"@type\":\"EntryPoint\",\"urlTemplate\":\"https:\/\/onlinelotto365.com\/es\/?s={search_term_string}\"},\"query-input\":{\"@type\":\"PropertyValueSpecification\",\"valueRequired\":true,\"valueName\":\"search_term_string\"}}],\"inLanguage\":\"es\"}]}<\/script>\n<!-- \/ Yoast SEO plugin. -->","yoast_head_json":{"title":"Resultados del sorteo de la Loter\u00eda de Oz y premios","description":"\u00bfBuscando los resultados del sorteo de la Loter\u00eda de Oz? Aqu\u00ed est\u00e1n los n\u00fameros ganadores","robots":{"index":"index","follow":"follow","max-snippet":"max-snippet:-1","max-image-preview":"max-image-preview:large","max-video-preview":"max-video-preview:-1"},"canonical":"https:\/\/onlinelotto365.com\/es\/numeros-ganadores\/oz-lotto\/","og_locale":"es_ES","og_type":"article","og_title":"Resultados del sorteo de la Loter\u00eda de Oz y premios","og_description":"\u00bfBuscando los resultados del sorteo de la Loter\u00eda de Oz? Aqu\u00ed est\u00e1n los n\u00fameros ganadores","og_url":"https:\/\/onlinelotto365.com\/es\/numeros-ganadores\/oz-lotto\/","og_site_name":"OnlineLotto365","article_modified_time":"2021-01-05T12:41:53+00:00","og_image":[{"url":"https:\/\/redfoxlotto.com\/image?size=8&amp;lottery=oz-lotto"}],"twitter_card":"summary_large_image","twitter_misc":{"Tiempo de lectura":"3 minutos"},"schema":{"@context":"https:\/\/schema.org","@graph":[{"@type":"WebPage","@id":"https:\/\/onlinelotto365.com\/es\/numeros-ganadores\/oz-lotto\/","url":"https:\/\/onlinelotto365.com\/es\/numeros-ganadores\/oz-lotto\/","name":"Resultados del sorteo de la Loter\u00eda de Oz y premios","isPartOf":{"@id":"https:\/\/onlinelotto365.com\/es\/#website"},"primaryImageOfPage":{"@id":"https:\/\/onlinelotto365.com\/es\/numeros-ganadores\/oz-lotto\/#primaryimage"},"image":{"@id":"https:\/\/onlinelotto365.com\/es\/numeros-ganadores\/oz-lotto\/#primaryimage"},"thumbnailUrl":"https:\/\/redfoxlotto.com\/image?size=8&amp;lottery=oz-lotto","datePublished":"2020-12-08T13:59:39+00:00","dateModified":"2021-01-05T12:41:53+00:00","description":"\u00bfBuscando los resultados del sorteo de la Loter\u00eda de Oz? Aqu\u00ed est\u00e1n los n\u00fameros ganadores","breadcrumb":{"@id":"https:\/\/onlinelotto365.com\/es\/numeros-ganadores\/oz-lotto\/#breadcrumb"},"inLanguage":"es","potentialAction":[{"@type":"ReadAction","target":["https:\/\/onlinelotto365.com\/es\/numeros-ganadores\/oz-lotto\/"]}]},{"@type":"ImageObject","inLanguage":"es","@id":"https:\/\/onlinelotto365.com\/es\/numeros-ganadores\/oz-lotto\/#primaryimage","url":"https:\/\/redfoxlotto.com\/image?size=8&amp;lottery=oz-lotto","contentUrl":"https:\/\/redfoxlotto.com\/image?size=8&amp;lottery=oz-lotto"},{"@type":"BreadcrumbList","@id":"https:\/\/onlinelotto365.com\/es\/numeros-ganadores\/oz-lotto\/#breadcrumb","itemListElement":[{"@type":"ListItem","position":1,"name":"Home","item":"https:\/\/onlinelotto365.com\/es\/"},{"@type":"ListItem","position":2,"name":"Encuentra los n\u00fameros ganadores y los resultados de los \u00faltimos sorteos de la loter\u00eda","item":"https:\/\/onlinelotto365.com\/es\/winning-numbers\/"},{"@type":"ListItem","position":3,"name":"Los n\u00fameros ganadores de la Oz Lotto"}]},{"@type":"WebSite","@id":"https:\/\/onlinelotto365.com\/es\/#website","url":"https:\/\/onlinelotto365.com\/es\/","name":"OnlineLotto365","description":"","potentialAction":[{"@type":"SearchAction","target":{"@type":"EntryPoint","urlTemplate":"https:\/\/onlinelotto365.com\/es\/?s={search_term_string}"},"query-input":{"@type":"PropertyValueSpecification","valueRequired":true,"valueName":"search_term_string"}}],"inLanguage":"es"}]}},"_links":{"self":[{"href":"https:\/\/onlinelotto365.com\/es\/wp-json\/wp\/v2\/pages\/8094","targetHints":{"allow":["GET"]}}],"collection":[{"href":"https:\/\/onlinelotto365.com\/es\/wp-json\/wp\/v2\/pages"}],"about":[{"href":"https:\/\/onlinelotto365.com\/es\/wp-json\/wp\/v2\/types\/page"}],"author":[{"embeddable":true,"href":"https:\/\/onlinelotto365.com\/es\/wp-json\/wp\/v2\/users\/1"}],"replies":[{"embeddable":true,"href":"https:\/\/onlinelotto365.com\/es\/wp-json\/wp\/v2\/comments?post=8094"}],"version-history":[{"count":0,"href":"https:\/\/onlinelotto365.com\/es\/wp-json\/wp\/v2\/pages\/8094\/revisions"}],"up":[{"embeddable":true,"href":"https:\/\/onlinelotto365.com\/es\/wp-json\/wp\/v2\/pages\/3801"}],"wp:attachment":[{"href":"https:\/\/onlinelotto365.com\/es\/wp-json\/wp\/v2\/media?parent=8094"}],"curies":[{"name":"wp","href":"https:\/\/api.w.org\/{rel}","templated":true}]}}