{"id":8121,"date":"2020-12-08T15:02:28","date_gmt":"2020-12-08T14:02:28","guid":{"rendered":"http:\/\/onlinelotto365.net\/?page_id=8121"},"modified":"2021-01-05T13:42:17","modified_gmt":"2021-01-05T12:42:17","slug":"saturday-lotto-australia","status":"publish","type":"page","link":"https:\/\/onlinelotto365.com\/es\/numeros-ganadores\/saturday-lotto-australia\/","title":{"rendered":"Compruebe los n\u00fameros y cantidades ganadores de la loter\u00eda del s\u00e1bado en Australia"},"content":{"rendered":"<p>Hay un mont\u00f3n de <a href=\"http:\/\/onlinelotto365.com\/es\">diferentes juegos internacionales disponibles en nuestra<\/a> p\u00e1gina web y sabemos que quieres ser capaz de <strong>conseguir los n\u00fameros ganadores lo m\u00e1s r\u00e1pido posible<\/strong>. El peri\u00f3dico generalmente no es un <strong>buen lugar para encontrar los n\u00fameros ganadores de la Loter\u00eda Austr<\/strong>aliana de los s\u00e1bados. Tampoco es muy bueno mirar los canales de televisi\u00f3n y esperar encontrar el correcto para este juego. Entonces, \u00bfa d\u00f3nde vas para obtener tus resultados?<\/p>\n<p>El sitio web de la loter\u00eda es un lugar para buscar. Algunos juegos de loter\u00eda ofrecen retransmisiones en directo de sus sorteos, pero la Loter\u00eda de Australia de los s\u00e1bados puede que no sea uno de ellos. Tienes que revisar el sitio web para estar seguro y luego tienes que asegurarte de que est\u00e1s viendo en el momento adecuado si ofrecen el sorteo en vivo.<br \/>\nPor \u00faltimo, si el sorteo ya se ha completado puede <strong>hacer una b\u00fasqueda en YouTube<\/strong> para encontrar los resultados que alguien ya ha publicado. Es posible que tengan un video del dibujo en vivo para presentarlo.<br \/>\n<a href=\"https:\/\/redfoxlotto.com\/es\/jugar\/saturday-lotto-au\/?ref=a8564250a2&amp;medium=ol365\" target=\"_blank\" rel=\"noopener noreferrer\"><img decoding=\"async\" class=\"aligncenter\" src=\"https:\/\/redfoxlotto.com\/image?size=8&amp;lottery=saturday-lotto-au\" alt=\"Saturday Lotto Australia\" \/><\/a><\/p>\n<p>Sin embargo, la forma m\u00e1s f\u00e1cil de obtener los resultados que busca es volver a nuestra p\u00e1gina web. All\u00ed encontrar\u00e1 todos los n\u00fameros de la Loter\u00eda de Australia de los s\u00e1bados, as\u00ed como cualquier otro juego que quiera jugar. Los <a href=\"https:\/\/onlinelotto365.com\/es\/numeros-ganadores\">n\u00fameros est\u00e1n disponibles en nuestra p\u00e1gina de resultados de la loter\u00eda<\/a> y son f\u00e1ciles de encontrar.<\/p>\n<h2>C\u00f3mo saber si su billete en l\u00ednea ha ganado<\/h2>\n<p><img loading=\"lazy\" decoding=\"async\" class=\"alignright wp-image-3649\" src=\"https:\/\/onlinelotto365.com\/wp-content\/uploads\/2020\/11\/online_lottery-90-300x225.jpg\" alt=\"winning numbers saturday lotto australia\" width=\"207\" height=\"155\" srcset=\"https:\/\/onlinelotto365.com\/wp-content\/uploads\/2020\/11\/online_lottery-90-300x225.jpg 300w, https:\/\/onlinelotto365.com\/wp-content\/uploads\/2020\/11\/online_lottery-90.jpg 320w\" sizes=\"auto, (max-width: 207px) 100vw, 207px\" \/> Cualquiera que ya haya <a href=\"https:\/\/onlinelotto365.com\/es\/compra-boletos\">comprado<\/a> billetes para la Loter\u00eda de Australia de los s\u00e1bados en nuestra p\u00e1gina web lo tendr\u00e1 a\u00fan m\u00e1s f\u00e1cil porque puede entrar en su cuenta. Ingresar y ver la p\u00e1gina donde se almacenan los billetes. Encontrar\u00e1 no s\u00f3lo los n\u00fameros de sus boletos sino tambi\u00e9n los n\u00fameros ganadores de cualquier juego que haya jugado.<\/p>\n<p>Desde all\u00ed, puede buscar cerillas, que le marcaremos en diferentes colores. De esa manera puedes ver cu\u00e1nto has ganado y puedes ver d\u00f3nde est\u00e1 el dinero en tu cuenta. Si es menos de 2500 euros ya lo hemos puesto en la cuenta para que no tengas que hacer nada.<\/p>\n<h2>Archivo de resultados de la Loter\u00eda de Australia del s\u00e1bado<\/h2>\n<p>Para aquellos que quieran buscar n\u00fameros antiguos para la Loter\u00eda de Australia de los s\u00e1bados, no tienen que preocuparse por nada. Nos aseguramos de que los archivos sean f\u00e1ciles de encontrar, adjunt\u00e1ndolos a cualquier p\u00e1gina en la que mostremos los resultados actuales de la loter\u00eda. De esa manera usted puede revisar cualquier n\u00famero que desee, incluso de hace mucho tiempo.<\/p>\n<h2>Mi billete ha ganado, \u00bfqu\u00e9 pasa despu\u00e9s?<\/h2>\n<p>Ya hemos hablado de las ganancias que puede obtener de sus billetes de loter\u00eda. Si esas ganancias son menos de 2500 euros no tiene que hacer nada para reclamarlas. Pondremos el dinero en su cuenta de jugador por usted de inmediato. Si las ganancias son m\u00e1s de 2500 euros le ayudaremos en el proceso de reclamarlas.<\/p>\n<p>Tenga en cuenta tambi\u00e9n que puede retirar cualquier dinero de su cuenta siempre que haya al menos 10 euros. Todo lo que tienes que hacer es elegir un m\u00e9todo de pago que hayas usado en la cuenta antes y rellenar unos cuantos formularios de verificaci\u00f3n para nuestro procesador de pagos.<\/p>\n","protected":false},"excerpt":{"rendered":"<p>Hay un mont\u00f3n de diferentes juegos internacionales disponibles en nuestra p\u00e1gina web y sabemos que quieres ser capaz de conseguir los n\u00fameros ganadores lo m\u00e1s r\u00e1pido posible. El peri\u00f3dico generalmente no es un buen lugar para encontrar los n\u00fameros ganadores de la Loter\u00eda Australiana de los s\u00e1bados. Tampoco es muy bueno mirar los canales de [&hellip;]<\/p>\n","protected":false},"author":1,"featured_media":0,"parent":3801,"menu_order":15,"comment_status":"closed","ping_status":"closed","template":"saturday-lotto-results.php","meta":{"_et_pb_use_builder":"","_et_pb_old_content":"","_et_gb_content_width":"","exclude_from_search":false,"footnotes":""},"class_list":["post-8121","page","type-page","status-publish","hentry"],"yoast_head":"<!-- This site is optimized with the Yoast SEO plugin v23.4 - https:\/\/yoast.com\/wordpress\/plugins\/seo\/ -->\n<title>Compruebe los n\u00fameros y cantidades ganadores de la loter\u00eda del s\u00e1bado en Australia.<\/title>\n<meta name=\"description\" content=\"Resultados del sorteo, n\u00fameros ganadores de la loter\u00eda del s\u00e1bado en Australia, m\u00e1s el archivo de resultados\" \/>\n<meta name=\"robots\" content=\"index, follow, max-snippet:-1, max-image-preview:large, max-video-preview:-1\" \/>\n<link rel=\"canonical\" href=\"https:\/\/onlinelotto365.com\/es\/numeros-ganadores\/saturday-lotto-australia\/\" \/>\n<meta property=\"og:locale\" content=\"es_ES\" \/>\n<meta property=\"og:type\" content=\"article\" \/>\n<meta property=\"og:title\" content=\"Compruebe los n\u00fameros y cantidades ganadores de la loter\u00eda del s\u00e1bado en Australia.\" \/>\n<meta property=\"og:description\" content=\"Resultados del sorteo, n\u00fameros ganadores de la loter\u00eda del s\u00e1bado en Australia, m\u00e1s el archivo de resultados\" \/>\n<meta property=\"og:url\" content=\"https:\/\/onlinelotto365.com\/es\/numeros-ganadores\/saturday-lotto-australia\/\" \/>\n<meta property=\"og:site_name\" content=\"OnlineLotto365\" \/>\n<meta property=\"article:modified_time\" content=\"2021-01-05T12:42:17+00:00\" \/>\n<meta property=\"og:image\" content=\"https:\/\/redfoxlotto.com\/image?size=8&amp;lottery=saturday-lotto-au\" \/>\n<meta name=\"twitter:card\" content=\"summary_large_image\" \/>\n<meta name=\"twitter:label1\" content=\"Tiempo de lectura\" \/>\n\t<meta name=\"twitter:data1\" content=\"3 minutos\" \/>\n<script type=\"application\/ld+json\" class=\"yoast-schema-graph\">{\"@context\":\"https:\/\/schema.org\",\"@graph\":[{\"@type\":\"WebPage\",\"@id\":\"https:\/\/onlinelotto365.com\/es\/numeros-ganadores\/saturday-lotto-australia\/\",\"url\":\"https:\/\/onlinelotto365.com\/es\/numeros-ganadores\/saturday-lotto-australia\/\",\"name\":\"Compruebe los n\u00fameros y cantidades ganadores de la loter\u00eda del s\u00e1bado en Australia.\",\"isPartOf\":{\"@id\":\"https:\/\/onlinelotto365.com\/es\/#website\"},\"primaryImageOfPage\":{\"@id\":\"https:\/\/onlinelotto365.com\/es\/numeros-ganadores\/saturday-lotto-australia\/#primaryimage\"},\"image\":{\"@id\":\"https:\/\/onlinelotto365.com\/es\/numeros-ganadores\/saturday-lotto-australia\/#primaryimage\"},\"thumbnailUrl\":\"https:\/\/redfoxlotto.com\/image?size=8&amp;lottery=saturday-lotto-au\",\"datePublished\":\"2020-12-08T14:02:28+00:00\",\"dateModified\":\"2021-01-05T12:42:17+00:00\",\"description\":\"Resultados del sorteo, n\u00fameros ganadores de la loter\u00eda del s\u00e1bado en Australia, m\u00e1s el archivo de resultados\",\"breadcrumb\":{\"@id\":\"https:\/\/onlinelotto365.com\/es\/numeros-ganadores\/saturday-lotto-australia\/#breadcrumb\"},\"inLanguage\":\"es\",\"potentialAction\":[{\"@type\":\"ReadAction\",\"target\":[\"https:\/\/onlinelotto365.com\/es\/numeros-ganadores\/saturday-lotto-australia\/\"]}]},{\"@type\":\"ImageObject\",\"inLanguage\":\"es\",\"@id\":\"https:\/\/onlinelotto365.com\/es\/numeros-ganadores\/saturday-lotto-australia\/#primaryimage\",\"url\":\"https:\/\/redfoxlotto.com\/image?size=8&amp;lottery=saturday-lotto-au\",\"contentUrl\":\"https:\/\/redfoxlotto.com\/image?size=8&amp;lottery=saturday-lotto-au\"},{\"@type\":\"BreadcrumbList\",\"@id\":\"https:\/\/onlinelotto365.com\/es\/numeros-ganadores\/saturday-lotto-australia\/#breadcrumb\",\"itemListElement\":[{\"@type\":\"ListItem\",\"position\":1,\"name\":\"Home\",\"item\":\"https:\/\/onlinelotto365.com\/es\/\"},{\"@type\":\"ListItem\",\"position\":2,\"name\":\"Encuentra los n\u00fameros ganadores y los resultados de los \u00faltimos sorteos de la loter\u00eda\",\"item\":\"https:\/\/onlinelotto365.com\/es\/winning-numbers\/\"},{\"@type\":\"ListItem\",\"position\":3,\"name\":\"Compruebe los n\u00fameros y cantidades ganadores de la loter\u00eda del s\u00e1bado en Australia\"}]},{\"@type\":\"WebSite\",\"@id\":\"https:\/\/onlinelotto365.com\/es\/#website\",\"url\":\"https:\/\/onlinelotto365.com\/es\/\",\"name\":\"OnlineLotto365\",\"description\":\"\",\"potentialAction\":[{\"@type\":\"SearchAction\",\"target\":{\"@type\":\"EntryPoint\",\"urlTemplate\":\"https:\/\/onlinelotto365.com\/es\/?s={search_term_string}\"},\"query-input\":{\"@type\":\"PropertyValueSpecification\",\"valueRequired\":true,\"valueName\":\"search_term_string\"}}],\"inLanguage\":\"es\"}]}<\/script>\n<!-- \/ Yoast SEO plugin. -->","yoast_head_json":{"title":"Compruebe los n\u00fameros y cantidades ganadores de la loter\u00eda del s\u00e1bado en Australia.","description":"Resultados del sorteo, n\u00fameros ganadores de la loter\u00eda del s\u00e1bado en Australia, m\u00e1s el archivo de resultados","robots":{"index":"index","follow":"follow","max-snippet":"max-snippet:-1","max-image-preview":"max-image-preview:large","max-video-preview":"max-video-preview:-1"},"canonical":"https:\/\/onlinelotto365.com\/es\/numeros-ganadores\/saturday-lotto-australia\/","og_locale":"es_ES","og_type":"article","og_title":"Compruebe los n\u00fameros y cantidades ganadores de la loter\u00eda del s\u00e1bado en Australia.","og_description":"Resultados del sorteo, n\u00fameros ganadores de la loter\u00eda del s\u00e1bado en Australia, m\u00e1s el archivo de resultados","og_url":"https:\/\/onlinelotto365.com\/es\/numeros-ganadores\/saturday-lotto-australia\/","og_site_name":"OnlineLotto365","article_modified_time":"2021-01-05T12:42:17+00:00","og_image":[{"url":"https:\/\/redfoxlotto.com\/image?size=8&amp;lottery=saturday-lotto-au"}],"twitter_card":"summary_large_image","twitter_misc":{"Tiempo de lectura":"3 minutos"},"schema":{"@context":"https:\/\/schema.org","@graph":[{"@type":"WebPage","@id":"https:\/\/onlinelotto365.com\/es\/numeros-ganadores\/saturday-lotto-australia\/","url":"https:\/\/onlinelotto365.com\/es\/numeros-ganadores\/saturday-lotto-australia\/","name":"Compruebe los n\u00fameros y cantidades ganadores de la loter\u00eda del s\u00e1bado en Australia.","isPartOf":{"@id":"https:\/\/onlinelotto365.com\/es\/#website"},"primaryImageOfPage":{"@id":"https:\/\/onlinelotto365.com\/es\/numeros-ganadores\/saturday-lotto-australia\/#primaryimage"},"image":{"@id":"https:\/\/onlinelotto365.com\/es\/numeros-ganadores\/saturday-lotto-australia\/#primaryimage"},"thumbnailUrl":"https:\/\/redfoxlotto.com\/image?size=8&amp;lottery=saturday-lotto-au","datePublished":"2020-12-08T14:02:28+00:00","dateModified":"2021-01-05T12:42:17+00:00","description":"Resultados del sorteo, n\u00fameros ganadores de la loter\u00eda del s\u00e1bado en Australia, m\u00e1s el archivo de resultados","breadcrumb":{"@id":"https:\/\/onlinelotto365.com\/es\/numeros-ganadores\/saturday-lotto-australia\/#breadcrumb"},"inLanguage":"es","potentialAction":[{"@type":"ReadAction","target":["https:\/\/onlinelotto365.com\/es\/numeros-ganadores\/saturday-lotto-australia\/"]}]},{"@type":"ImageObject","inLanguage":"es","@id":"https:\/\/onlinelotto365.com\/es\/numeros-ganadores\/saturday-lotto-australia\/#primaryimage","url":"https:\/\/redfoxlotto.com\/image?size=8&amp;lottery=saturday-lotto-au","contentUrl":"https:\/\/redfoxlotto.com\/image?size=8&amp;lottery=saturday-lotto-au"},{"@type":"BreadcrumbList","@id":"https:\/\/onlinelotto365.com\/es\/numeros-ganadores\/saturday-lotto-australia\/#breadcrumb","itemListElement":[{"@type":"ListItem","position":1,"name":"Home","item":"https:\/\/onlinelotto365.com\/es\/"},{"@type":"ListItem","position":2,"name":"Encuentra los n\u00fameros ganadores y los resultados de los \u00faltimos sorteos de la loter\u00eda","item":"https:\/\/onlinelotto365.com\/es\/winning-numbers\/"},{"@type":"ListItem","position":3,"name":"Compruebe los n\u00fameros y cantidades ganadores de la loter\u00eda del s\u00e1bado en Australia"}]},{"@type":"WebSite","@id":"https:\/\/onlinelotto365.com\/es\/#website","url":"https:\/\/onlinelotto365.com\/es\/","name":"OnlineLotto365","description":"","potentialAction":[{"@type":"SearchAction","target":{"@type":"EntryPoint","urlTemplate":"https:\/\/onlinelotto365.com\/es\/?s={search_term_string}"},"query-input":{"@type":"PropertyValueSpecification","valueRequired":true,"valueName":"search_term_string"}}],"inLanguage":"es"}]}},"_links":{"self":[{"href":"https:\/\/onlinelotto365.com\/es\/wp-json\/wp\/v2\/pages\/8121","targetHints":{"allow":["GET"]}}],"collection":[{"href":"https:\/\/onlinelotto365.com\/es\/wp-json\/wp\/v2\/pages"}],"about":[{"href":"https:\/\/onlinelotto365.com\/es\/wp-json\/wp\/v2\/types\/page"}],"author":[{"embeddable":true,"href":"https:\/\/onlinelotto365.com\/es\/wp-json\/wp\/v2\/users\/1"}],"replies":[{"embeddable":true,"href":"https:\/\/onlinelotto365.com\/es\/wp-json\/wp\/v2\/comments?post=8121"}],"version-history":[{"count":0,"href":"https:\/\/onlinelotto365.com\/es\/wp-json\/wp\/v2\/pages\/8121\/revisions"}],"up":[{"embeddable":true,"href":"https:\/\/onlinelotto365.com\/es\/wp-json\/wp\/v2\/pages\/3801"}],"wp:attachment":[{"href":"https:\/\/onlinelotto365.com\/es\/wp-json\/wp\/v2\/media?parent=8121"}],"curies":[{"name":"wp","href":"https:\/\/api.w.org\/{rel}","templated":true}]}}