{"id":8147,"date":"2020-12-08T15:05:17","date_gmt":"2020-12-08T14:05:17","guid":{"rendered":"http:\/\/onlinelotto365.net\/?page_id=8147"},"modified":"2021-01-05T13:42:30","modified_gmt":"2021-01-05T12:42:30","slug":"mon-wed-lotto","status":"publish","type":"page","link":"https:\/\/onlinelotto365.com\/es\/numeros-ganadores\/mon-wed-lotto\/","title":{"rendered":"Todos los resultados de la Loter\u00eda de Mon &amp; Wed Australia"},"content":{"rendered":"<p>Hay un mont\u00f3n de juegos internacionales diferentes que puedes jugar cuando se trata de la loter\u00eda. Y quieres ser capaz de obtener los resultados de ellos tan r\u00e1pido como puedas. Una forma de hacerlo es buscar un peri\u00f3dico que ofrezca <strong>los n\u00fameros ganadores de la loter\u00eda australiana Mon &amp; Wed Lotto.<\/strong> Pero esos pueden ser dif\u00edciles de encontrar. Otra opci\u00f3n es la televisi\u00f3n, pero esos canales tambi\u00e9n pueden ser dif\u00edciles. \u00bfY qu\u00e9 pasa si no quieres investigar mucho?<\/p>\n<p>Mira la p\u00e1gina web de la Loter\u00eda de Australia de Mon &amp; Wed para ver si ofrecen sorteos en vivo. Los sorteos en vivo de cualquier juego pueden ser muy divertidos porque te dan mucha emoci\u00f3n instant\u00e1nea mientras los ves. Pero no todos los juegos ofrecen este tipo de sorteos. Tendr\u00edas que asegurarte de que la loter\u00eda Mon &amp; Wed Lotto sea una de las que lo tiene disponible.<\/p>\n<p>A continuaci\u00f3n, puedes elegir revisar en YouTube para ver si los resultados se pueden encontrar all\u00ed. Te sorprender\u00e1 ver c\u00f3mo algunas personas publican los resultados de los dibujos o incluso videos en vivo de los dibujos de casi cualquier juego.<br \/>\n<a href=\"https:\/\/redfoxlotto.com\/es\/jugar\/monday-wednesday-lotto-au\/?ref=a8564250a2&amp;medium=ol365\" target=\"_blank\" rel=\"noopener noreferrer\"><img decoding=\"async\" class=\"aligncenter\" src=\"https:\/\/redfoxlotto.com\/image?size=8&amp;lottery=monday-wednesday-lotto-au\" alt=\"Mon &amp; Wed Lotto Australia\" \/><\/a><\/p>\n<p>Sin embargo, la opci\u00f3n m\u00e1s f\u00e1cil para usted ser\u00e1 visitar nuestra p\u00e1gina web. Ofrecemos todos los n\u00fameros ganadores y las cantidades de los premios de cada juego que puede comprar en nuestra p\u00e1gina web. Eso hace que sea mucho m\u00e1s f\u00e1cil para usted obtener resultados en un solo lugar y tan r\u00e1pido como quiera.<\/p>\n<h2>C\u00f3mo saber si su boleto en l\u00ednea ha ganado<\/h2>\n<p><img loading=\"lazy\" decoding=\"async\" class=\"alignright wp-image-3542\" src=\"https:\/\/onlinelotto365.com\/wp-content\/uploads\/2020\/11\/online_lottery-154-300x200.jpg\" alt=\"Mon &amp; Wed Lotto winning numbers\" width=\"197\" height=\"131\" srcset=\"https:\/\/onlinelotto365.com\/wp-content\/uploads\/2020\/11\/online_lottery-154-300x200.jpg 300w, https:\/\/onlinelotto365.com\/wp-content\/uploads\/2020\/11\/online_lottery-154.jpg 320w\" sizes=\"auto, (max-width: 197px) 100vw, 197px\" \/> La mejor noticia es que si ha comprado un billete de la loter\u00eda Mon &amp; Wed Australia con nosotros puede ir <strong>directamente a su cuenta de jugador para obtener los resultados.<\/strong> Encontrar\u00e1 los billetes que ha comprado all\u00ed as\u00ed como los n\u00fameros ganadores de cualquier juego que haya elegido jugar.<\/p>\n<p>Podr\u00e1 ver los n\u00fameros que ha elegido que coinciden con los n\u00fameros sorteados y cualquier dinero que haya ganado y que sea inferior a 2500 euros se a\u00f1adir\u00e1 autom\u00e1ticamente a su cuenta. \u00bfQu\u00e9 podr\u00eda ser m\u00e1s f\u00e1cil que eso?<\/p>\n<h2>Archivo de resultados de la Loter\u00eda de Mon &amp; Wed Australia<\/h2>\n<p>Cualquier p\u00e1gina de nuestro sitio web que muestre los \u00faltimos resultados de la Loter\u00eda de Mon &amp; Wed Australia tambi\u00e9n mostrar\u00e1 los n\u00fameros m\u00e1s antiguos que tal vez desee consultar. Esto puede ayudarte a la hora de elegir los n\u00fameros que quieres jugar la pr\u00f3xima vez que compres un billete.<\/p>\n<h2>Mi billete ha ganado, \u00bfqu\u00e9 pasa despu\u00e9s?<\/h2>\n<p>Si ha ganado en su billete, s\u00f3lo tiene que ver a cu\u00e1nto tiene derecho. Si es menos de 2500 euros nos encargaremos de confirmarlo y de ingresarlo en su cuenta lo antes posible. Luego, si tienes al menos 10 euros en tu cuenta, puedes retirarlo a cualquier m\u00e9todo de pago que hayas utilizado anteriormente con tu cuenta. S\u00f3lo tienes que ocuparte de unos pocos documentos que permitir\u00e1n a nuestro procesador de pagos saber qui\u00e9n eres y que tienes derecho al dinero. Si tienes menos de 10 euros o eliges dejar el dinero en tu cuenta puedes usarlo <a href=\"https:\/\/onlinelotto365.com\/es\/compra-boletos\">para comprar m\u00e1s billetes <\/a><\/p>\n","protected":false},"excerpt":{"rendered":"<p>Hay un mont\u00f3n de juegos internacionales diferentes que puedes jugar cuando se trata de la loter\u00eda. Y quieres ser capaz de obtener los resultados de ellos tan r\u00e1pido como puedas. Una forma de hacerlo es buscar un peri\u00f3dico que ofrezca los n\u00fameros ganadores de la loter\u00eda australiana Mon &amp; Wed Lotto. Pero esos pueden ser [&hellip;]<\/p>\n","protected":false},"author":1,"featured_media":0,"parent":3801,"menu_order":16,"comment_status":"closed","ping_status":"closed","template":"template-rightsidebar.php","meta":{"_et_pb_use_builder":"","_et_pb_old_content":"","_et_gb_content_width":"","exclude_from_search":false,"footnotes":""},"class_list":["post-8147","page","type-page","status-publish","hentry"],"yoast_head":"<!-- This site is optimized with the Yoast SEO plugin v23.4 - https:\/\/yoast.com\/wordpress\/plugins\/seo\/ -->\n<title>Los n\u00fameros ganadores de la loter\u00eda de Mon &amp; Wed Lotto Australia<\/title>\n<meta name=\"description\" content=\"Nuestro sitio le trae los \u00faltimos n\u00fameros y cantidades ganadas en la loter\u00eda de Mon &amp; Wed.\" \/>\n<meta name=\"robots\" content=\"index, follow, max-snippet:-1, max-image-preview:large, max-video-preview:-1\" \/>\n<link rel=\"canonical\" href=\"https:\/\/onlinelotto365.com\/es\/numeros-ganadores\/mon-wed-lotto\/\" \/>\n<meta property=\"og:locale\" content=\"es_ES\" \/>\n<meta property=\"og:type\" content=\"article\" \/>\n<meta property=\"og:title\" content=\"Los n\u00fameros ganadores de la loter\u00eda de Mon &amp; Wed Lotto Australia\" \/>\n<meta property=\"og:description\" content=\"Nuestro sitio le trae los \u00faltimos n\u00fameros y cantidades ganadas en la loter\u00eda de Mon &amp; Wed.\" \/>\n<meta property=\"og:url\" content=\"https:\/\/onlinelotto365.com\/es\/numeros-ganadores\/mon-wed-lotto\/\" \/>\n<meta property=\"og:site_name\" content=\"OnlineLotto365\" \/>\n<meta property=\"article:modified_time\" content=\"2021-01-05T12:42:30+00:00\" \/>\n<meta property=\"og:image\" content=\"https:\/\/redfoxlotto.com\/image?size=8&amp;lottery=monday-wednesday-lotto-au\" \/>\n<meta name=\"twitter:card\" content=\"summary_large_image\" \/>\n<meta name=\"twitter:label1\" content=\"Tiempo de lectura\" \/>\n\t<meta name=\"twitter:data1\" content=\"3 minutos\" \/>\n<script type=\"application\/ld+json\" class=\"yoast-schema-graph\">{\"@context\":\"https:\/\/schema.org\",\"@graph\":[{\"@type\":\"WebPage\",\"@id\":\"https:\/\/onlinelotto365.com\/es\/numeros-ganadores\/mon-wed-lotto\/\",\"url\":\"https:\/\/onlinelotto365.com\/es\/numeros-ganadores\/mon-wed-lotto\/\",\"name\":\"Los n\u00fameros ganadores de la loter\u00eda de Mon & Wed Lotto Australia\",\"isPartOf\":{\"@id\":\"https:\/\/onlinelotto365.com\/es\/#website\"},\"primaryImageOfPage\":{\"@id\":\"https:\/\/onlinelotto365.com\/es\/numeros-ganadores\/mon-wed-lotto\/#primaryimage\"},\"image\":{\"@id\":\"https:\/\/onlinelotto365.com\/es\/numeros-ganadores\/mon-wed-lotto\/#primaryimage\"},\"thumbnailUrl\":\"https:\/\/redfoxlotto.com\/image?size=8&amp;lottery=monday-wednesday-lotto-au\",\"datePublished\":\"2020-12-08T14:05:17+00:00\",\"dateModified\":\"2021-01-05T12:42:30+00:00\",\"description\":\"Nuestro sitio le trae los \u00faltimos n\u00fameros y cantidades ganadas en la loter\u00eda de Mon & Wed.\",\"breadcrumb\":{\"@id\":\"https:\/\/onlinelotto365.com\/es\/numeros-ganadores\/mon-wed-lotto\/#breadcrumb\"},\"inLanguage\":\"es\",\"potentialAction\":[{\"@type\":\"ReadAction\",\"target\":[\"https:\/\/onlinelotto365.com\/es\/numeros-ganadores\/mon-wed-lotto\/\"]}]},{\"@type\":\"ImageObject\",\"inLanguage\":\"es\",\"@id\":\"https:\/\/onlinelotto365.com\/es\/numeros-ganadores\/mon-wed-lotto\/#primaryimage\",\"url\":\"https:\/\/redfoxlotto.com\/image?size=8&amp;lottery=monday-wednesday-lotto-au\",\"contentUrl\":\"https:\/\/redfoxlotto.com\/image?size=8&amp;lottery=monday-wednesday-lotto-au\"},{\"@type\":\"BreadcrumbList\",\"@id\":\"https:\/\/onlinelotto365.com\/es\/numeros-ganadores\/mon-wed-lotto\/#breadcrumb\",\"itemListElement\":[{\"@type\":\"ListItem\",\"position\":1,\"name\":\"Home\",\"item\":\"https:\/\/onlinelotto365.com\/es\/\"},{\"@type\":\"ListItem\",\"position\":2,\"name\":\"Encuentra los n\u00fameros ganadores y los resultados de los \u00faltimos sorteos de la loter\u00eda\",\"item\":\"https:\/\/onlinelotto365.com\/es\/winning-numbers\/\"},{\"@type\":\"ListItem\",\"position\":3,\"name\":\"Todos los resultados de la Loter\u00eda de Mon &amp; Wed Australia\"}]},{\"@type\":\"WebSite\",\"@id\":\"https:\/\/onlinelotto365.com\/es\/#website\",\"url\":\"https:\/\/onlinelotto365.com\/es\/\",\"name\":\"OnlineLotto365\",\"description\":\"\",\"potentialAction\":[{\"@type\":\"SearchAction\",\"target\":{\"@type\":\"EntryPoint\",\"urlTemplate\":\"https:\/\/onlinelotto365.com\/es\/?s={search_term_string}\"},\"query-input\":{\"@type\":\"PropertyValueSpecification\",\"valueRequired\":true,\"valueName\":\"search_term_string\"}}],\"inLanguage\":\"es\"}]}<\/script>\n<!-- \/ Yoast SEO plugin. -->","yoast_head_json":{"title":"Los n\u00fameros ganadores de la loter\u00eda de Mon & Wed Lotto Australia","description":"Nuestro sitio le trae los \u00faltimos n\u00fameros y cantidades ganadas en la loter\u00eda de Mon & Wed.","robots":{"index":"index","follow":"follow","max-snippet":"max-snippet:-1","max-image-preview":"max-image-preview:large","max-video-preview":"max-video-preview:-1"},"canonical":"https:\/\/onlinelotto365.com\/es\/numeros-ganadores\/mon-wed-lotto\/","og_locale":"es_ES","og_type":"article","og_title":"Los n\u00fameros ganadores de la loter\u00eda de Mon & Wed Lotto Australia","og_description":"Nuestro sitio le trae los \u00faltimos n\u00fameros y cantidades ganadas en la loter\u00eda de Mon & Wed.","og_url":"https:\/\/onlinelotto365.com\/es\/numeros-ganadores\/mon-wed-lotto\/","og_site_name":"OnlineLotto365","article_modified_time":"2021-01-05T12:42:30+00:00","og_image":[{"url":"https:\/\/redfoxlotto.com\/image?size=8&amp;lottery=monday-wednesday-lotto-au"}],"twitter_card":"summary_large_image","twitter_misc":{"Tiempo de lectura":"3 minutos"},"schema":{"@context":"https:\/\/schema.org","@graph":[{"@type":"WebPage","@id":"https:\/\/onlinelotto365.com\/es\/numeros-ganadores\/mon-wed-lotto\/","url":"https:\/\/onlinelotto365.com\/es\/numeros-ganadores\/mon-wed-lotto\/","name":"Los n\u00fameros ganadores de la loter\u00eda de Mon & Wed Lotto Australia","isPartOf":{"@id":"https:\/\/onlinelotto365.com\/es\/#website"},"primaryImageOfPage":{"@id":"https:\/\/onlinelotto365.com\/es\/numeros-ganadores\/mon-wed-lotto\/#primaryimage"},"image":{"@id":"https:\/\/onlinelotto365.com\/es\/numeros-ganadores\/mon-wed-lotto\/#primaryimage"},"thumbnailUrl":"https:\/\/redfoxlotto.com\/image?size=8&amp;lottery=monday-wednesday-lotto-au","datePublished":"2020-12-08T14:05:17+00:00","dateModified":"2021-01-05T12:42:30+00:00","description":"Nuestro sitio le trae los \u00faltimos n\u00fameros y cantidades ganadas en la loter\u00eda de Mon & Wed.","breadcrumb":{"@id":"https:\/\/onlinelotto365.com\/es\/numeros-ganadores\/mon-wed-lotto\/#breadcrumb"},"inLanguage":"es","potentialAction":[{"@type":"ReadAction","target":["https:\/\/onlinelotto365.com\/es\/numeros-ganadores\/mon-wed-lotto\/"]}]},{"@type":"ImageObject","inLanguage":"es","@id":"https:\/\/onlinelotto365.com\/es\/numeros-ganadores\/mon-wed-lotto\/#primaryimage","url":"https:\/\/redfoxlotto.com\/image?size=8&amp;lottery=monday-wednesday-lotto-au","contentUrl":"https:\/\/redfoxlotto.com\/image?size=8&amp;lottery=monday-wednesday-lotto-au"},{"@type":"BreadcrumbList","@id":"https:\/\/onlinelotto365.com\/es\/numeros-ganadores\/mon-wed-lotto\/#breadcrumb","itemListElement":[{"@type":"ListItem","position":1,"name":"Home","item":"https:\/\/onlinelotto365.com\/es\/"},{"@type":"ListItem","position":2,"name":"Encuentra los n\u00fameros ganadores y los resultados de los \u00faltimos sorteos de la loter\u00eda","item":"https:\/\/onlinelotto365.com\/es\/winning-numbers\/"},{"@type":"ListItem","position":3,"name":"Todos los resultados de la Loter\u00eda de Mon &amp; Wed Australia"}]},{"@type":"WebSite","@id":"https:\/\/onlinelotto365.com\/es\/#website","url":"https:\/\/onlinelotto365.com\/es\/","name":"OnlineLotto365","description":"","potentialAction":[{"@type":"SearchAction","target":{"@type":"EntryPoint","urlTemplate":"https:\/\/onlinelotto365.com\/es\/?s={search_term_string}"},"query-input":{"@type":"PropertyValueSpecification","valueRequired":true,"valueName":"search_term_string"}}],"inLanguage":"es"}]}},"_links":{"self":[{"href":"https:\/\/onlinelotto365.com\/es\/wp-json\/wp\/v2\/pages\/8147","targetHints":{"allow":["GET"]}}],"collection":[{"href":"https:\/\/onlinelotto365.com\/es\/wp-json\/wp\/v2\/pages"}],"about":[{"href":"https:\/\/onlinelotto365.com\/es\/wp-json\/wp\/v2\/types\/page"}],"author":[{"embeddable":true,"href":"https:\/\/onlinelotto365.com\/es\/wp-json\/wp\/v2\/users\/1"}],"replies":[{"embeddable":true,"href":"https:\/\/onlinelotto365.com\/es\/wp-json\/wp\/v2\/comments?post=8147"}],"version-history":[{"count":0,"href":"https:\/\/onlinelotto365.com\/es\/wp-json\/wp\/v2\/pages\/8147\/revisions"}],"up":[{"embeddable":true,"href":"https:\/\/onlinelotto365.com\/es\/wp-json\/wp\/v2\/pages\/3801"}],"wp:attachment":[{"href":"https:\/\/onlinelotto365.com\/es\/wp-json\/wp\/v2\/media?parent=8147"}],"curies":[{"name":"wp","href":"https:\/\/api.w.org\/{rel}","templated":true}]}}