{"id":84231,"date":"2023-09-28T08:54:57","date_gmt":"2023-09-28T07:54:57","guid":{"rendered":"https:\/\/onlinelotto365.com\/numeros-ganadores\/compruebe-los-numeros-ganadores-de-eurojackpot-aqui"},"modified":"2023-09-28T08:54:57","modified_gmt":"2023-09-28T07:54:57","slug":"compruebe-los-numeros-ganadores-de-eurojackpot-aqui","status":"publish","type":"page","link":"https:\/\/onlinelotto365.com\/es\/numeros-ganadores\/compruebe-los-numeros-ganadores-de-eurojackpot-aqui\/","title":{"rendered":"Compruebe los n\u00fameros ganadores de Eurojackpot aqu\u00ed"},"content":{"rendered":"<p>Hay muchas loter\u00edas internacionales diferentes disponibles en nuestro sitio web, lo que significa que encontrar los n\u00fameros y los resultados puede ser dif\u00edcil para algunos. Y cuando se trata de encontrar los n\u00fameros en otro sitio, las cosas pueden ser a\u00fan peores. Probablemente no encontrar\u00e1 los resultados de Eurojackpot en su peri\u00f3dico local y tambi\u00e9n pueden ser dif\u00edciles de encontrar en la televisi\u00f3n. Sobre todo porque a menudo no se retransmiten en directo.<\/p>\n<p>Tambi\u00e9n puedes consultar la p\u00e1gina web de la loter\u00eda Eurojackpot, que te da acceso a una retransmisi\u00f3n en directo de los resultados y del sorteo. Esto puede ser muy divertido y te permite saber si has ganado mucho m\u00e1s r\u00e1pido. Pero esto no siempre es posible y necesitar\u00e1s tener el timing adecuado.<\/p>\n<p>Si busca los n\u00fameros despu\u00e9s del sorteo, siempre puede consultar en YouTube si el sorteo est\u00e1 disponible o si alguien tiene un v\u00eddeo con los n\u00fameros ganadores.<\/p>\n<p>La forma m\u00e1s f\u00e1cil de encontrar los n\u00fameros ganadores, e incluso de ver todos los premios y resultados, es visitar nuestra p\u00e1gina web en la p\u00e1gina de resultados de loter\u00eda en nuestra p\u00e1gina de resultados de loter\u00eda. All\u00ed encontrar\u00e1 todos los n\u00fameros ganadores del Eurojackpot y de todos los dem\u00e1s juegos que ofrecemos.<\/p>\n<h2>C\u00f3mo saber si ha ganado<\/h2>\n<p><img decoding=\"async\" class=\"aligncenter\" src=\"https:\/\/redfoxlotto.com\/image?size=8&amp;lottery=eurojackpot\" alt=\"eurojackpot\" \/><br \/>\n\u00bfHa comprado un billete para el Eurojackpot? Si es as\u00ed, no necesita ir a la p\u00e1gina de resultados. Simplemente vaya a su cuenta y ver\u00e1 los n\u00fameros ganadores justo al lado de su boleto. Incluso podr\u00e1 ver qu\u00e9 n\u00fameros eran correctos y cu\u00e1les no y ver cu\u00e1nto ha ganado como resultado. Si ha ganado menos de 2.500 euros, el dinero se ingresar\u00e1 en su cuenta inmediatamente, en cuanto se confirmen los n\u00fameros de la loter\u00eda.<\/p>\n<p>Nuestra p\u00e1gina web le mostrar\u00e1 los resultados del \u00faltimo Eurojackpot pero tambi\u00e9n le dar\u00e1 muchas opciones para comprobar sorteos m\u00e1s antiguos. As\u00ed podr\u00e1 comprobar boletos m\u00e1s antiguos o si est\u00e1 buscando los mejores n\u00fameros para probar la pr\u00f3xima vez que compre un boleto. De hecho, esta es una de las estrategias de loter\u00eda m\u00e1s populares que la gente utiliza.<\/p>\n<h2>Mi boleto ha ganado, \u00bfqu\u00e9 pasa despu\u00e9s?<\/h2>\n<p><img loading=\"lazy\" decoding=\"async\" class=\"alignright wp-image-25127\" src=\"https:\/\/onlinelotto365.com\/wp-content\/uploads\/2021\/01\/lottery_balls1-300x160-1.jpg\" alt=\"Eurojackpot winning numbers\" width=\"265\" height=\"142\" \/><br \/>\nYa hemos hablado de los premios inferiores a 2.500 euros. Esos premios se depositan inmediatamente en su cuenta y despu\u00e9s puede elegir entre comprar m\u00e1s boletos o retirar todo o parte del dinero. Todo lo que tiene que hacer es asegurarse de que tiene al menos 10 euros en su cuenta para poder retirarlos por el m\u00e9todo que elija.<\/p>\n<p>Puede elegir retirar el dinero a su cuenta bancaria o tarjeta de cr\u00e9dito, y nosotros tambi\u00e9n se lo ponemos f\u00e1cil. Queremos que pueda recibir su dinero, pero tenemos que tomar algunas medidas para que el dinero llegue a su cuenta. Despu\u00e9s de todo, las transferencias de dinero en l\u00ednea est\u00e1n sujetas a estrictas regulaciones.<\/p>\n","protected":false},"excerpt":{"rendered":"<p>Hay muchas loter\u00edas internacionales diferentes disponibles en nuestro sitio web, lo que significa que encontrar los n\u00fameros y los resultados puede ser dif\u00edcil para algunos. Y cuando se trata de encontrar los n\u00fameros en otro sitio, las cosas pueden ser a\u00fan peores. Probablemente no encontrar\u00e1 los resultados de Eurojackpot en su peri\u00f3dico local y tambi\u00e9n [&hellip;]<\/p>\n","protected":false},"author":1,"featured_media":0,"parent":3801,"menu_order":4,"comment_status":"closed","ping_status":"closed","template":"eurojackpot-results.php","meta":{"_et_pb_use_builder":"","_et_pb_old_content":"","_et_gb_content_width":"","exclude_from_search":false,"footnotes":""},"class_list":["post-84231","page","type-page","status-publish","hentry"],"yoast_head":"<!-- This site is optimized with the Yoast SEO plugin v23.4 - https:\/\/yoast.com\/wordpress\/plugins\/seo\/ -->\n<title>N\u00fameros ganadores Eurojackpot | Compruebe los resultados de los sorteos y las ganancias de Eurojackpot aqu\u00ed<\/title>\n<meta name=\"description\" content=\"Publicamos los resultados y n\u00fameros ganadores de Eurojackpot, adem\u00e1s de un archivo de sorteos anteriores\" \/>\n<meta name=\"robots\" content=\"index, follow, max-snippet:-1, max-image-preview:large, max-video-preview:-1\" \/>\n<link rel=\"canonical\" href=\"https:\/\/onlinelotto365.com\/es\/numeros-ganadores\/compruebe-los-numeros-ganadores-de-eurojackpot-aqui\/\" \/>\n<meta property=\"og:locale\" content=\"es_ES\" \/>\n<meta property=\"og:type\" content=\"article\" \/>\n<meta property=\"og:title\" content=\"N\u00fameros ganadores Eurojackpot | Compruebe los resultados de los sorteos y las ganancias de Eurojackpot aqu\u00ed\" \/>\n<meta property=\"og:description\" content=\"Publicamos los resultados y n\u00fameros ganadores de Eurojackpot, adem\u00e1s de un archivo de sorteos anteriores\" \/>\n<meta property=\"og:url\" content=\"https:\/\/onlinelotto365.com\/es\/numeros-ganadores\/compruebe-los-numeros-ganadores-de-eurojackpot-aqui\/\" \/>\n<meta property=\"og:site_name\" content=\"OnlineLotto365\" \/>\n<meta property=\"og:image\" content=\"https:\/\/redfoxlotto.com\/image?size=8&amp;lottery=eurojackpot\" \/>\n<meta name=\"twitter:card\" content=\"summary_large_image\" \/>\n<meta name=\"twitter:label1\" content=\"Tiempo de lectura\" \/>\n\t<meta name=\"twitter:data1\" content=\"3 minutos\" \/>\n<script type=\"application\/ld+json\" class=\"yoast-schema-graph\">{\"@context\":\"https:\/\/schema.org\",\"@graph\":[{\"@type\":\"WebPage\",\"@id\":\"https:\/\/onlinelotto365.com\/es\/numeros-ganadores\/compruebe-los-numeros-ganadores-de-eurojackpot-aqui\/\",\"url\":\"https:\/\/onlinelotto365.com\/es\/numeros-ganadores\/compruebe-los-numeros-ganadores-de-eurojackpot-aqui\/\",\"name\":\"N\u00fameros ganadores Eurojackpot | Compruebe los resultados de los sorteos y las ganancias de Eurojackpot aqu\u00ed\",\"isPartOf\":{\"@id\":\"https:\/\/onlinelotto365.com\/es\/#website\"},\"primaryImageOfPage\":{\"@id\":\"https:\/\/onlinelotto365.com\/es\/numeros-ganadores\/compruebe-los-numeros-ganadores-de-eurojackpot-aqui\/#primaryimage\"},\"image\":{\"@id\":\"https:\/\/onlinelotto365.com\/es\/numeros-ganadores\/compruebe-los-numeros-ganadores-de-eurojackpot-aqui\/#primaryimage\"},\"thumbnailUrl\":\"https:\/\/redfoxlotto.com\/image?size=8&amp;lottery=eurojackpot\",\"datePublished\":\"2023-09-28T07:54:57+00:00\",\"dateModified\":\"2023-09-28T07:54:57+00:00\",\"description\":\"Publicamos los resultados y n\u00fameros ganadores de Eurojackpot, adem\u00e1s de un archivo de sorteos anteriores\",\"breadcrumb\":{\"@id\":\"https:\/\/onlinelotto365.com\/es\/numeros-ganadores\/compruebe-los-numeros-ganadores-de-eurojackpot-aqui\/#breadcrumb\"},\"inLanguage\":\"es\",\"potentialAction\":[{\"@type\":\"ReadAction\",\"target\":[\"https:\/\/onlinelotto365.com\/es\/numeros-ganadores\/compruebe-los-numeros-ganadores-de-eurojackpot-aqui\/\"]}]},{\"@type\":\"ImageObject\",\"inLanguage\":\"es\",\"@id\":\"https:\/\/onlinelotto365.com\/es\/numeros-ganadores\/compruebe-los-numeros-ganadores-de-eurojackpot-aqui\/#primaryimage\",\"url\":\"https:\/\/redfoxlotto.com\/image?size=8&amp;lottery=eurojackpot\",\"contentUrl\":\"https:\/\/redfoxlotto.com\/image?size=8&amp;lottery=eurojackpot\"},{\"@type\":\"BreadcrumbList\",\"@id\":\"https:\/\/onlinelotto365.com\/es\/numeros-ganadores\/compruebe-los-numeros-ganadores-de-eurojackpot-aqui\/#breadcrumb\",\"itemListElement\":[{\"@type\":\"ListItem\",\"position\":1,\"name\":\"Home\",\"item\":\"https:\/\/onlinelotto365.com\/es\/\"},{\"@type\":\"ListItem\",\"position\":2,\"name\":\"Encuentra los n\u00fameros ganadores y los resultados de los \u00faltimos sorteos de la loter\u00eda\",\"item\":\"https:\/\/onlinelotto365.com\/es\/winning-numbers\/\"},{\"@type\":\"ListItem\",\"position\":3,\"name\":\"Compruebe los n\u00fameros ganadores de Eurojackpot aqu\u00ed\"}]},{\"@type\":\"WebSite\",\"@id\":\"https:\/\/onlinelotto365.com\/es\/#website\",\"url\":\"https:\/\/onlinelotto365.com\/es\/\",\"name\":\"OnlineLotto365\",\"description\":\"\",\"potentialAction\":[{\"@type\":\"SearchAction\",\"target\":{\"@type\":\"EntryPoint\",\"urlTemplate\":\"https:\/\/onlinelotto365.com\/es\/?s={search_term_string}\"},\"query-input\":{\"@type\":\"PropertyValueSpecification\",\"valueRequired\":true,\"valueName\":\"search_term_string\"}}],\"inLanguage\":\"es\"}]}<\/script>\n<!-- \/ Yoast SEO plugin. -->","yoast_head_json":{"title":"N\u00fameros ganadores Eurojackpot | Compruebe los resultados de los sorteos y las ganancias de Eurojackpot aqu\u00ed","description":"Publicamos los resultados y n\u00fameros ganadores de Eurojackpot, adem\u00e1s de un archivo de sorteos anteriores","robots":{"index":"index","follow":"follow","max-snippet":"max-snippet:-1","max-image-preview":"max-image-preview:large","max-video-preview":"max-video-preview:-1"},"canonical":"https:\/\/onlinelotto365.com\/es\/numeros-ganadores\/compruebe-los-numeros-ganadores-de-eurojackpot-aqui\/","og_locale":"es_ES","og_type":"article","og_title":"N\u00fameros ganadores Eurojackpot | Compruebe los resultados de los sorteos y las ganancias de Eurojackpot aqu\u00ed","og_description":"Publicamos los resultados y n\u00fameros ganadores de Eurojackpot, adem\u00e1s de un archivo de sorteos anteriores","og_url":"https:\/\/onlinelotto365.com\/es\/numeros-ganadores\/compruebe-los-numeros-ganadores-de-eurojackpot-aqui\/","og_site_name":"OnlineLotto365","og_image":[{"url":"https:\/\/redfoxlotto.com\/image?size=8&amp;lottery=eurojackpot"}],"twitter_card":"summary_large_image","twitter_misc":{"Tiempo de lectura":"3 minutos"},"schema":{"@context":"https:\/\/schema.org","@graph":[{"@type":"WebPage","@id":"https:\/\/onlinelotto365.com\/es\/numeros-ganadores\/compruebe-los-numeros-ganadores-de-eurojackpot-aqui\/","url":"https:\/\/onlinelotto365.com\/es\/numeros-ganadores\/compruebe-los-numeros-ganadores-de-eurojackpot-aqui\/","name":"N\u00fameros ganadores Eurojackpot | Compruebe los resultados de los sorteos y las ganancias de Eurojackpot aqu\u00ed","isPartOf":{"@id":"https:\/\/onlinelotto365.com\/es\/#website"},"primaryImageOfPage":{"@id":"https:\/\/onlinelotto365.com\/es\/numeros-ganadores\/compruebe-los-numeros-ganadores-de-eurojackpot-aqui\/#primaryimage"},"image":{"@id":"https:\/\/onlinelotto365.com\/es\/numeros-ganadores\/compruebe-los-numeros-ganadores-de-eurojackpot-aqui\/#primaryimage"},"thumbnailUrl":"https:\/\/redfoxlotto.com\/image?size=8&amp;lottery=eurojackpot","datePublished":"2023-09-28T07:54:57+00:00","dateModified":"2023-09-28T07:54:57+00:00","description":"Publicamos los resultados y n\u00fameros ganadores de Eurojackpot, adem\u00e1s de un archivo de sorteos anteriores","breadcrumb":{"@id":"https:\/\/onlinelotto365.com\/es\/numeros-ganadores\/compruebe-los-numeros-ganadores-de-eurojackpot-aqui\/#breadcrumb"},"inLanguage":"es","potentialAction":[{"@type":"ReadAction","target":["https:\/\/onlinelotto365.com\/es\/numeros-ganadores\/compruebe-los-numeros-ganadores-de-eurojackpot-aqui\/"]}]},{"@type":"ImageObject","inLanguage":"es","@id":"https:\/\/onlinelotto365.com\/es\/numeros-ganadores\/compruebe-los-numeros-ganadores-de-eurojackpot-aqui\/#primaryimage","url":"https:\/\/redfoxlotto.com\/image?size=8&amp;lottery=eurojackpot","contentUrl":"https:\/\/redfoxlotto.com\/image?size=8&amp;lottery=eurojackpot"},{"@type":"BreadcrumbList","@id":"https:\/\/onlinelotto365.com\/es\/numeros-ganadores\/compruebe-los-numeros-ganadores-de-eurojackpot-aqui\/#breadcrumb","itemListElement":[{"@type":"ListItem","position":1,"name":"Home","item":"https:\/\/onlinelotto365.com\/es\/"},{"@type":"ListItem","position":2,"name":"Encuentra los n\u00fameros ganadores y los resultados de los \u00faltimos sorteos de la loter\u00eda","item":"https:\/\/onlinelotto365.com\/es\/winning-numbers\/"},{"@type":"ListItem","position":3,"name":"Compruebe los n\u00fameros ganadores de Eurojackpot aqu\u00ed"}]},{"@type":"WebSite","@id":"https:\/\/onlinelotto365.com\/es\/#website","url":"https:\/\/onlinelotto365.com\/es\/","name":"OnlineLotto365","description":"","potentialAction":[{"@type":"SearchAction","target":{"@type":"EntryPoint","urlTemplate":"https:\/\/onlinelotto365.com\/es\/?s={search_term_string}"},"query-input":{"@type":"PropertyValueSpecification","valueRequired":true,"valueName":"search_term_string"}}],"inLanguage":"es"}]}},"_links":{"self":[{"href":"https:\/\/onlinelotto365.com\/es\/wp-json\/wp\/v2\/pages\/84231","targetHints":{"allow":["GET"]}}],"collection":[{"href":"https:\/\/onlinelotto365.com\/es\/wp-json\/wp\/v2\/pages"}],"about":[{"href":"https:\/\/onlinelotto365.com\/es\/wp-json\/wp\/v2\/types\/page"}],"author":[{"embeddable":true,"href":"https:\/\/onlinelotto365.com\/es\/wp-json\/wp\/v2\/users\/1"}],"replies":[{"embeddable":true,"href":"https:\/\/onlinelotto365.com\/es\/wp-json\/wp\/v2\/comments?post=84231"}],"version-history":[{"count":0,"href":"https:\/\/onlinelotto365.com\/es\/wp-json\/wp\/v2\/pages\/84231\/revisions"}],"up":[{"embeddable":true,"href":"https:\/\/onlinelotto365.com\/es\/wp-json\/wp\/v2\/pages\/3801"}],"wp:attachment":[{"href":"https:\/\/onlinelotto365.com\/es\/wp-json\/wp\/v2\/media?parent=84231"}],"curies":[{"name":"wp","href":"https:\/\/api.w.org\/{rel}","templated":true}]}}