{"id":84454,"date":"2023-10-03T13:16:31","date_gmt":"2023-10-03T12:16:31","guid":{"rendered":"https:\/\/onlinelotto365.com\/faq"},"modified":"2023-10-03T13:16:31","modified_gmt":"2023-10-03T12:16:31","slug":"faq","status":"publish","type":"page","link":"https:\/\/onlinelotto365.com\/es\/faq\/","title":{"rendered":"FAQ"},"content":{"rendered":"<h1>Loter\u00eda en l\u00ednea FAQ<\/h1>\n<p>Aqu\u00ed encontrar\u00e1 las respuestas a las preguntas m\u00e1s frecuentes sobre el funcionamiento del servicio de loter\u00eda en l\u00ednea.<\/p>\n<p>\u00bfC\u00f3mo adquiero mis billetes?<\/p>\n<p>A continuaci\u00f3n, uno de nuestros agentes in situ compra el billete en su nombre y por su cuenta. A continuaci\u00f3n, el billete se escanea y se carga en su cuenta de cliente. Le enviaremos un correo electr\u00f3nico cuando gane, y nuestro servicio incluye el env\u00edo de sus ganancias (consulte m\u00e1s abajo para m\u00e1s detalles). usted tambi\u00e9n gana.<\/p>\n<p>\u00bfCu\u00e1les son las ventajas de jugar a loter\u00edas internacionales en l\u00ednea a trav\u00e9s de nosotros?<\/p>\n<ul>\n<li>puede elegir entre muchas loter\u00edas y siempre hay un gran bote esperando<\/li>\n<li>recibe un billete real<\/li>\n<li>puede jugar desde cualquier lugar<\/li>\n<li>puede pagar c\u00f3modamente en l\u00ednea, tenemos varias opciones, incluida la tarjeta de cr\u00e9dito<\/li>\n<li>sus ganancias menores de hasta 2500 euros se abonar\u00e1n inmediatamente en su cuenta de jugador<\/li>\n<li>para ganancias superiores a 2500 euros, gestionaremos su pago directamente desde la loter\u00eda, sin coste alguno<\/li>\n<\/ul>\n<p>\u00bfQui\u00e9n puede jugar a las loter\u00edas?<\/p>\n<p>Cualquiera puede jugar &#8211; pero tiene que ser mayor de 18 a\u00f1os para jugar a la loter\u00eda.<\/p>\n<p>\u00bfPuedo jugar a la loter\u00eda desde un pa\u00eds extranjero?<\/p>\n<p>S\u00ed. No importa en qu\u00e9 pa\u00eds viva, puede participar en todas las loter\u00edas que aparecen en nuestro sitio web.<\/p>\n<p>\u00bfPuedo decidir mis propios n\u00fameros de loter\u00eda?<\/p>\n<p>S\u00ed. Puede elegir los n\u00fameros manualmente o puede utilizar la funci\u00f3n \u00abQuick Pick\u00bb y generar n\u00fameros al azar.<\/p>\n<p>\u00bfC\u00f3mo recibir\u00e9 mi billete de loter\u00eda?<\/p>\n<p>Una vez efectuado el pago, recibir\u00e1 un correo electr\u00f3nico con la confirmaci\u00f3n de la compra. Los n\u00fameros que haya seleccionado estar\u00e1n visibles en su cuenta. Obviamente, el proceso de compra y escaneado lleva un tiempo, pero 2 \u00f3 3 horas despu\u00e9s, podr\u00e1 encontrar el billete escaneado tras acceder a su cuenta.<\/p>\n<p>\u00bfC\u00f3mo puedo pagar mis billetes de loter\u00eda?<\/p>\n<p>Tenemos varias opciones de pago para usted, incluyendo pago con tarjeta de cr\u00e9dito, transferencia bancaria instant\u00e1nea, varias criptodivisas y m\u00e1s.<br \/>\nTambi\u00e9n puede depositar dinero en su cuenta de jugador primero, y luego utilizar su nuevo saldo para comprar boletos en cualquier momento que desee. Tener saldo hace que el proceso de pago sea mucho m\u00e1s r\u00e1pido.<\/p>\n<p>\u00bfCobran comisi\u00f3n si gano?<\/p>\n<p>No, no cobramos comisi\u00f3n. Todas sus ganancias se pagar\u00e1n \u00edntegramente, sin cobrar ninguna comisi\u00f3n, excepto las comisiones por transferencia bancaria en algunos casos.<\/p>\n<p>\u00bfC\u00f3mo puedo saber si he ganado?<\/p>\n<p>En primer lugar, le enviaremos un correo electr\u00f3nico inform\u00e1ndole de su premio. Adem\u00e1s, siempre puede entrar en su cuenta y consultar la secci\u00f3n \u00abMis boletos\u00bb y comprobar all\u00ed el estado de sus boletos. Puede encontrar actualizaciones con los n\u00fameros ganadores de todas las loter\u00edas en nuestra p\u00e1gina web.<\/p>\n<p>\u00bfC\u00f3mo me pagan si gano?<\/p>\n<p>Si gana un premio de hasta 2500 euros, se abonar\u00e1 instant\u00e1neamente en su cuenta de jugador. Para premios superiores, le enviaremos por correo electr\u00f3nico un formulario de reclamaci\u00f3n. Deber\u00e1 identificarse y facilitar algunos datos b\u00e1sicos, como la forma en que desea cobrar. A continuaci\u00f3n, presentaremos su reclamaci\u00f3n a la empresa de loter\u00eda. La empresa de loter\u00eda le pagar\u00e1 directamente.<br \/>\nSi lo prefiere, tambi\u00e9n puede recoger su billete en una de las oficinas de nuestros agentes y presentarlo a la loter\u00eda en persona.<\/p>\n<p>\u00bfSu servicio es realmente legal?<\/p>\n<p>S\u00ed, absolutamente. Es como estar de vacaciones en el pa\u00eds de la loter\u00eda, y usted mismo compra un billete. Si ese billete resultara premiado, usted tendr\u00eda el mismo derecho a reclamar las ganancias que cualquier otra persona.<\/p>\n<p>\u00bfC\u00f3mo s\u00e9 que se est\u00e1 comprando un billete de loter\u00eda en mi nombre?<\/p>\n<p>Una vez que haya pagado su billete de loter\u00eda, recibir\u00e1 primero una confirmaci\u00f3n de pago. Un poco m\u00e1s tarde, podr\u00e1 ver su billete escaneado en el \u00e1rea de clientes de nuestra p\u00e1gina web.<\/p>\n","protected":false},"excerpt":{"rendered":"<p>Loter\u00eda en l\u00ednea FAQ Aqu\u00ed encontrar\u00e1 las respuestas a las preguntas m\u00e1s frecuentes sobre el funcionamiento del servicio de loter\u00eda en l\u00ednea. \u00bfC\u00f3mo adquiero mis billetes? A continuaci\u00f3n, uno de nuestros agentes in situ compra el billete en su nombre y por su cuenta. A continuaci\u00f3n, el billete se escanea y se carga en su [&hellip;]<\/p>\n","protected":false},"author":1,"featured_media":0,"parent":0,"menu_order":50,"comment_status":"closed","ping_status":"closed","template":"","meta":{"_et_pb_use_builder":"","_et_pb_old_content":"","_et_gb_content_width":"","exclude_from_search":false,"footnotes":""},"class_list":["post-84454","page","type-page","status-publish","hentry"],"yoast_head":"<!-- This site is optimized with the Yoast SEO plugin v23.4 - https:\/\/yoast.com\/wordpress\/plugins\/seo\/ -->\n<title>Respuestas a las preguntas m\u00e1s frecuentes sobre nuestro servicio de loter\u00eda en l\u00ednea<\/title>\n<meta name=\"description\" content=\"\u00bfQuiere saber m\u00e1s sobre c\u00f3mo funciona nuestro servicio de mensajer\u00eda de billetes de loter\u00eda en l\u00ednea? Encuentre aqu\u00ed las respuestas a las preguntas m\u00e1s frecuentes\" \/>\n<meta name=\"robots\" content=\"index, follow, max-snippet:-1, max-image-preview:large, max-video-preview:-1\" \/>\n<link rel=\"canonical\" href=\"https:\/\/onlinelotto365.com\/es\/faq\/\" \/>\n<meta property=\"og:locale\" content=\"es_ES\" \/>\n<meta property=\"og:type\" content=\"article\" \/>\n<meta property=\"og:title\" content=\"Respuestas a las preguntas m\u00e1s frecuentes sobre nuestro servicio de loter\u00eda en l\u00ednea\" \/>\n<meta property=\"og:description\" content=\"\u00bfQuiere saber m\u00e1s sobre c\u00f3mo funciona nuestro servicio de mensajer\u00eda de billetes de loter\u00eda en l\u00ednea? Encuentre aqu\u00ed las respuestas a las preguntas m\u00e1s frecuentes\" \/>\n<meta property=\"og:url\" content=\"https:\/\/onlinelotto365.com\/es\/faq\/\" \/>\n<meta property=\"og:site_name\" content=\"OnlineLotto365\" \/>\n<meta name=\"twitter:card\" content=\"summary_large_image\" \/>\n<meta name=\"twitter:label1\" content=\"Tiempo de lectura\" \/>\n\t<meta name=\"twitter:data1\" content=\"3 minutos\" \/>\n<script type=\"application\/ld+json\" class=\"yoast-schema-graph\">{\"@context\":\"https:\/\/schema.org\",\"@graph\":[{\"@type\":\"WebPage\",\"@id\":\"https:\/\/onlinelotto365.com\/es\/faq\/\",\"url\":\"https:\/\/onlinelotto365.com\/es\/faq\/\",\"name\":\"Respuestas a las preguntas m\u00e1s frecuentes sobre nuestro servicio de loter\u00eda en l\u00ednea\",\"isPartOf\":{\"@id\":\"https:\/\/onlinelotto365.com\/es\/#website\"},\"datePublished\":\"2023-10-03T12:16:31+00:00\",\"dateModified\":\"2023-10-03T12:16:31+00:00\",\"description\":\"\u00bfQuiere saber m\u00e1s sobre c\u00f3mo funciona nuestro servicio de mensajer\u00eda de billetes de loter\u00eda en l\u00ednea? Encuentre aqu\u00ed las respuestas a las preguntas m\u00e1s frecuentes\",\"breadcrumb\":{\"@id\":\"https:\/\/onlinelotto365.com\/es\/faq\/#breadcrumb\"},\"inLanguage\":\"es\",\"potentialAction\":[{\"@type\":\"ReadAction\",\"target\":[\"https:\/\/onlinelotto365.com\/es\/faq\/\"]}]},{\"@type\":\"BreadcrumbList\",\"@id\":\"https:\/\/onlinelotto365.com\/es\/faq\/#breadcrumb\",\"itemListElement\":[{\"@type\":\"ListItem\",\"position\":1,\"name\":\"Home\",\"item\":\"https:\/\/onlinelotto365.com\/es\/\"},{\"@type\":\"ListItem\",\"position\":2,\"name\":\"FAQ\"}]},{\"@type\":\"WebSite\",\"@id\":\"https:\/\/onlinelotto365.com\/es\/#website\",\"url\":\"https:\/\/onlinelotto365.com\/es\/\",\"name\":\"OnlineLotto365\",\"description\":\"\",\"potentialAction\":[{\"@type\":\"SearchAction\",\"target\":{\"@type\":\"EntryPoint\",\"urlTemplate\":\"https:\/\/onlinelotto365.com\/es\/?s={search_term_string}\"},\"query-input\":{\"@type\":\"PropertyValueSpecification\",\"valueRequired\":true,\"valueName\":\"search_term_string\"}}],\"inLanguage\":\"es\"}]}<\/script>\n<!-- \/ Yoast SEO plugin. -->","yoast_head_json":{"title":"Respuestas a las preguntas m\u00e1s frecuentes sobre nuestro servicio de loter\u00eda en l\u00ednea","description":"\u00bfQuiere saber m\u00e1s sobre c\u00f3mo funciona nuestro servicio de mensajer\u00eda de billetes de loter\u00eda en l\u00ednea? Encuentre aqu\u00ed las respuestas a las preguntas m\u00e1s frecuentes","robots":{"index":"index","follow":"follow","max-snippet":"max-snippet:-1","max-image-preview":"max-image-preview:large","max-video-preview":"max-video-preview:-1"},"canonical":"https:\/\/onlinelotto365.com\/es\/faq\/","og_locale":"es_ES","og_type":"article","og_title":"Respuestas a las preguntas m\u00e1s frecuentes sobre nuestro servicio de loter\u00eda en l\u00ednea","og_description":"\u00bfQuiere saber m\u00e1s sobre c\u00f3mo funciona nuestro servicio de mensajer\u00eda de billetes de loter\u00eda en l\u00ednea? Encuentre aqu\u00ed las respuestas a las preguntas m\u00e1s frecuentes","og_url":"https:\/\/onlinelotto365.com\/es\/faq\/","og_site_name":"OnlineLotto365","twitter_card":"summary_large_image","twitter_misc":{"Tiempo de lectura":"3 minutos"},"schema":{"@context":"https:\/\/schema.org","@graph":[{"@type":"WebPage","@id":"https:\/\/onlinelotto365.com\/es\/faq\/","url":"https:\/\/onlinelotto365.com\/es\/faq\/","name":"Respuestas a las preguntas m\u00e1s frecuentes sobre nuestro servicio de loter\u00eda en l\u00ednea","isPartOf":{"@id":"https:\/\/onlinelotto365.com\/es\/#website"},"datePublished":"2023-10-03T12:16:31+00:00","dateModified":"2023-10-03T12:16:31+00:00","description":"\u00bfQuiere saber m\u00e1s sobre c\u00f3mo funciona nuestro servicio de mensajer\u00eda de billetes de loter\u00eda en l\u00ednea? Encuentre aqu\u00ed las respuestas a las preguntas m\u00e1s frecuentes","breadcrumb":{"@id":"https:\/\/onlinelotto365.com\/es\/faq\/#breadcrumb"},"inLanguage":"es","potentialAction":[{"@type":"ReadAction","target":["https:\/\/onlinelotto365.com\/es\/faq\/"]}]},{"@type":"BreadcrumbList","@id":"https:\/\/onlinelotto365.com\/es\/faq\/#breadcrumb","itemListElement":[{"@type":"ListItem","position":1,"name":"Home","item":"https:\/\/onlinelotto365.com\/es\/"},{"@type":"ListItem","position":2,"name":"FAQ"}]},{"@type":"WebSite","@id":"https:\/\/onlinelotto365.com\/es\/#website","url":"https:\/\/onlinelotto365.com\/es\/","name":"OnlineLotto365","description":"","potentialAction":[{"@type":"SearchAction","target":{"@type":"EntryPoint","urlTemplate":"https:\/\/onlinelotto365.com\/es\/?s={search_term_string}"},"query-input":{"@type":"PropertyValueSpecification","valueRequired":true,"valueName":"search_term_string"}}],"inLanguage":"es"}]}},"_links":{"self":[{"href":"https:\/\/onlinelotto365.com\/es\/wp-json\/wp\/v2\/pages\/84454","targetHints":{"allow":["GET"]}}],"collection":[{"href":"https:\/\/onlinelotto365.com\/es\/wp-json\/wp\/v2\/pages"}],"about":[{"href":"https:\/\/onlinelotto365.com\/es\/wp-json\/wp\/v2\/types\/page"}],"author":[{"embeddable":true,"href":"https:\/\/onlinelotto365.com\/es\/wp-json\/wp\/v2\/users\/1"}],"replies":[{"embeddable":true,"href":"https:\/\/onlinelotto365.com\/es\/wp-json\/wp\/v2\/comments?post=84454"}],"version-history":[{"count":0,"href":"https:\/\/onlinelotto365.com\/es\/wp-json\/wp\/v2\/pages\/84454\/revisions"}],"wp:attachment":[{"href":"https:\/\/onlinelotto365.com\/es\/wp-json\/wp\/v2\/media?parent=84454"}],"curies":[{"name":"wp","href":"https:\/\/api.w.org\/{rel}","templated":true}]}}