{"id":10162,"date":"2020-12-16T11:18:06","date_gmt":"2020-12-16T10:18:06","guid":{"rendered":"http:\/\/onlinelotto365.net\/?page_id=10162"},"modified":"2021-03-04T09:26:39","modified_gmt":"2021-03-04T08:26:39","slug":"euromillions","status":"publish","type":"page","link":"https:\/\/onlinelotto365.com\/et\/mangida\/euromillions\/","title":{"rendered":"Saa oma Euromillions Lotto piletid internetist"},"content":{"rendered":"<h2>Euromillions On \u00dcks Maailma Suurimaid Loteriisid<\/h2>\n<p>Euromillions algas 2004. aastal \u00fchise pingutusena rahvuslike loteriioperaatorite vahel Prantsusmaal, Hispaanias ja Suurbritannias. Kokku v\u00f5ttis \u00fcle k\u00fcmne aasta, et leppida riikide vahel kokku n\u00f5usolek, ning kord kui see alustati, oli loterii kindlasti v\u00e4ga organiseeritud, mis on j\u00e4\u00e4nud ka nii senini.<\/p>\n<p>Plaan oli pakkuda loterii m\u00e4ngijatele nendes kolmes riigis v\u00f5imalust m\u00e4ngida palju suuremate peav\u00f5itude nimel kui eelnevalt oli saadaval. Kuna suured peav\u00f5idud aitavad luua suuremat p\u00f5nevust, siis on eeldus, et sellest uuest lotost saab t\u00f5eline hitt ja see aitab luua igal n\u00e4dalal fantastilisi peav\u00f5ite. Ning just nii ka juhtus.<br \/>\n<a href=\"https:\/\/redfoxlotto.com\/play\/euromillions\/?ref=a8564250a2&amp;medium=ol365\" target=\"_blank\" rel=\"noopener noreferrer\"><img loading=\"lazy\" decoding=\"async\" class=\"aligncenter\" src=\"https:\/\/redfoxlotto.com\/image?size=8&amp;lottery=euromillions\" alt=\"Euromillions\" width=\"720\" height=\"90\" \/><\/a><\/p>\n<h2>Lisateave Euromillionide kohta<\/h2>\n<ul>\n<li>Loterii toimub kus: erinevad Euroopa riigid<\/li>\n<li>Mitu p\u00f5hinumbrit valida: 50<\/li>\n<li>Peate valima: 5<\/li>\n<li>Mitu lisanumbrit valida: 12<\/li>\n<li>Peate valima: 2<\/li>\n<li>P\u00e4evade ja tundide joonistamine: teisip\u00e4ev, reede 19:30 GMT &#8211; 20:30 Kesk-Euroopa<\/li>\n<li>Minimaalne jackpot: 17 miljonit eurot<\/li>\n<li>Jackpoti maksimaalne summa: 190 miljonit eurot<\/li>\n<li>V\u00f5imalik arvude kombinatsioon jackpoti v\u00f5idu saamiseks: 1 186 450 880-st<\/li>\n<li>V\u00f5imalik numbrikombinatsioon teise astme v\u00f5idu jaoks: 1 2.118.760-st<\/li>\n<li>V\u00f5imalus v\u00f5ita mis tahes astmel: 1 12,98-st<\/li>\n<li>Mitu auhinnataset: 13<\/li>\n<li>Euromiljonide spetsiaalsed loosimised: kolm korda aastas on jackpot 140 miljonit eurot<\/li>\n<\/ul>\n<p>Loterii edu kasvades lisandus juurde veelgi rohkem riike ning t\u00e4nap\u00e4eval on kokku \u00fcheksa erinevat riiki, kes v\u00f5tavad sellest osa. Euromillions peav\u00f5idud on alati maailma k\u00f5ige suuremate peav\u00f5itude seas, mis algab alates 15. miljonist eurost ning see kasvab sealt edasi.<\/p>\n<p>Kord kui peav\u00f5it k\u00fc\u00fcndib 190 miljoni euroni, suletakse selle kasv ning j\u00e4rgnevad lisav\u00f5idu summad kantakse teistele v\u00f5itudele \u00fcle. Tundub, et loterii organiseerijad peavad seda peav\u00f5itu piisavalt suureks, ning see on kindlasti piisavas koguses raha, et rahuldada meist iga\u00fchte. Nende m\u00f5tlemine sellel hetkel on see, et nad on \u00fcles ehitanud piisavalt p\u00f5nevust selle peav\u00f5idu kohta ning n\u00fc\u00fcd v\u00f5ivad nad teha sama ka teiste peav\u00f5itudega.<\/p>\n<h2>Sa Ei Pea Enam Elama \u00dcheski Nendest Riikidest Et M\u00e4ngida<\/h2>\n<p><img loading=\"lazy\" decoding=\"async\" class=\"alignright wp-image-1873\" style=\"font-size: 16px; font-weight: inherit;\" src=\"https:\/\/onlinelotto365.com\/wp-content\/uploads\/2020\/11\/online_lottery-167-300x197.jpg\" alt=\"M\u00e4ngige Euromillions internetis\" width=\"282\" height=\"185\" \/><\/p>\n<p>Kuna Euromillions lotot pakuti ajalooliselt \u00fcheksas valitud Euroopa riigis, siis enamus meist on j\u00e4etud sellest v\u00e4lja ning meil pole olnud v\u00f5imalust osta Euromillions Lotto piletit. Tegelikult pole olnud selle loterii m\u00e4ngimine olnud meie jaoks isegi variant, v\u00e4hemalt mitte kuni siiani.<\/p>\n<p>Nutikad loterii m\u00e4ngijad, need meist kes teavad, saavad n\u00fc\u00fcd aru, et loteriimaailma f\u00fc\u00fcsilised piirid ei eksisteeri enam. M\u00f5nes m\u00f5ttes nad siiski eksisteerivad, sest Sa pead siiski ostma oma loterii piletid f\u00fc\u00fcsiliselt ise, et m\u00e4ngida Euromillions loteriid v\u00f5i teisi loteriisid maailmast. Loomulikult ei hakka Sa reisima kaks korda n\u00e4dalas, et osta oma pileteid, sest see v\u00f5taks rumalas koguses aega ja raha.<\/p>\n<p>Sa v\u00f5id palgata kellegi, kes elab riikides, kust tahad osta loterii pileteid, kuid see v\u00f5tab rohkem teadmisi ja pingutust kui paljud inimesed on valmis ette v\u00f5tma. Seega kuidas siis osta Euromillions pileteid?<\/p>\n<p>Vastus on lihtsalt osta Euromillions pilet internetist, otse Sinu kodust, ning v\u00f5imaldada hinnatud ja usaldatud teenusel hoolitseda k\u00f5ikide Su vajaduste eest, mille hulka kuulub ka Sinu nimel piletite ostmine, e-mail sinu sk\u00e4nnitud koopiaga, Sinu piletite hoidmine turvalisena, Sinu v\u00f5idunumbrite kontrollimine ja v\u00f5idu puhul m\u00e4rguande saatmine, ning v\u00f5idusummade v\u00e4lja v\u00f5tmine.<\/p>\n<p>Selle uue teenuse nimi on RedFoxLotto, ning inimeste unistus v\u00f5imalusest osta oma loterii piletid internetist ja lasta neil k\u00f5ige eest hoolt kanda, mis on n\u00fc\u00fcd saanud reaalsuseks. Mitte ainult v\u00f5id Sa osta mugavalt Euromillions pileteid, vaid samuti v\u00f5id osta pileteid teistele populaarseimatele loteriidele \u00fcle maailma.<\/p>\n<p><a href=\"https:\/\/redfoxlotto.com\/?ref=A8564250A2&amp;medium=ol365\">Kl\u00f5psa siia, et k\u00fclastada nende kodulehte ja osta oma Euromillions piletid!\u00a0<\/a><\/p>\n<h2>Kuidas Euromillions Loto Toimib<\/h2>\n<p>Sellel loto \u00fcritusel on kokku 13 erinevat auhinna kategooriat, alates ainult kahe numbri sobitamisest viiest, kuni k\u00f5igi 5 numbri pluss \u00f5nnenumbrite sobitamiseni ning peav\u00f5idu v\u00f5itmiseni. Lisaks \u00fclisuurtele peav\u00f5itudele pakub Euromillions vastupidiselt teistele suurtele lotodele samuti oma m\u00e4ngijatele ka suuremat v\u00f5imalust v\u00f5ita teisi v\u00f5idusummasid.<\/p>\n<p>Loosimine toimub kaks korda n\u00e4dalas, teisip\u00e4eviti ja reedeti, kell 9 Inglismaa aja j\u00e4rgi. RedFoxLotto kasutab selle jaoks ja ka muude loteriide jaoks mahaloendust, mis annab Sulle alati hea \u00fclevaate kui palju aega on j\u00e4\u00e4nud j\u00e4rgmise loosini. M\u00e4ngijad valivad 5 numbrit mis v\u00f5ivad olla 1 kuni 50, ning lisaks 2 \u00f5nnenumbrit alates 1 kuni 11 numbrini. Just nagu lotom\u00fc\u00fcjad, pakub RedFoxLotto v\u00f5imalust valida oma numbrid ise v\u00f5i lasta arvutil valida juhuslikud numbrid Sinu eest.<\/p>\n<p>Sa v\u00f5id m\u00e4ngida nii mitmeid pileteid igale m\u00e4ngule kui soovid. Seej\u00e4rel v\u00f5id k\u00fclastada RedFoxLotto kodulehte, et kontrollida oma pileteid, v\u00f5i kui soovid, siis v\u00f5id lihtsalt oodata e-maili RedFoxLotto teenuselt kui oled midagi v\u00f5itnud. S\u00f5ltuvalt v\u00f5idusummast, v\u00f5ivad nad anda n\u00f5u ja soovitusi kuidas v\u00f5idusummat v\u00e4lja v\u00f5tta.<\/p>\n<h2>N\u00fc\u00fcd Kui Sul On Teadmised, On Sul N\u00fc\u00fcd V\u00f5im<\/h2>\n<p>Enam pole suured loteriid nagu n\u00e4iteks Euromillions, meie jaoks v\u00e4ljaspool v\u00f5imalust, sest nad ei asu meie riigis. N\u00fc\u00fcd on meil v\u00f5imalus osta loterii pileteid kust iganes soovime, ja keegi ei saa meid peatada. Internet on meie ees t\u00f5epoolest kogu maailma avanud, ja see kehtib n\u00fc\u00fcd ka loteriide puhul. Enam ei ole vaja meil midagi oodata.<\/p>\n<p>Seega n\u00fc\u00fcd kui meie ees on avanenud nii palju loterii p\u00f5nevust, ja meil pole enam p\u00f5hjust keelata endale loterii l\u00f5bu, mida see endas hoiab.<\/p>\n","protected":false},"excerpt":{"rendered":"<p>Euromillions On \u00dcks Maailma Suurimaid Loteriisid Euromillions algas 2004. aastal \u00fchise pingutusena rahvuslike loteriioperaatorite vahel Prantsusmaal, Hispaanias ja Suurbritannias. Kokku v\u00f5ttis \u00fcle k\u00fcmne aasta, et leppida riikide vahel kokku n\u00f5usolek, ning kord kui see alustati, oli loterii kindlasti v\u00e4ga organiseeritud, mis on j\u00e4\u00e4nud ka nii senini. Plaan oli pakkuda loterii m\u00e4ngijatele nendes kolmes riigis v\u00f5imalust [&hellip;]<\/p>\n","protected":false},"author":1,"featured_media":0,"parent":5015,"menu_order":3,"comment_status":"closed","ping_status":"closed","template":"euromillions.php","meta":{"_et_pb_use_builder":"","_et_pb_old_content":"","_et_gb_content_width":"","exclude_from_search":false,"footnotes":""},"class_list":["post-10162","page","type-page","status-publish","hentry"],"yoast_head":"<!-- This site is optimized with the Yoast SEO plugin v23.4 - https:\/\/yoast.com\/wordpress\/plugins\/seo\/ -->\n<title>Euromillions Loto Internetis | Euromillions piletid rahvusvahelise internetip\u00f5hise teenuse kaudu<\/title>\n<meta name=\"description\" content=\"Saa internetipilet Euromillions Lottole, isegi v\u00e4ljaspool Euroopat asudes. V\u00f5ta osa \u00fclemaailmsetest loterii peav\u00f5itudest!\" \/>\n<meta name=\"robots\" content=\"index, follow, max-snippet:-1, max-image-preview:large, max-video-preview:-1\" \/>\n<link rel=\"canonical\" href=\"https:\/\/onlinelotto365.com\/et\/mangida\/euromillions\/\" \/>\n<meta property=\"og:locale\" content=\"et_EE\" \/>\n<meta property=\"og:type\" content=\"article\" \/>\n<meta property=\"og:title\" content=\"Euromillions Loto Internetis | Euromillions piletid rahvusvahelise internetip\u00f5hise teenuse kaudu\" \/>\n<meta property=\"og:description\" content=\"Saa internetipilet Euromillions Lottole, isegi v\u00e4ljaspool Euroopat asudes. V\u00f5ta osa \u00fclemaailmsetest loterii peav\u00f5itudest!\" \/>\n<meta property=\"og:url\" content=\"https:\/\/onlinelotto365.com\/et\/mangida\/euromillions\/\" \/>\n<meta property=\"og:site_name\" content=\"OnlineLotto365\" \/>\n<meta property=\"article:modified_time\" content=\"2021-03-04T08:26:39+00:00\" \/>\n<meta property=\"og:image\" content=\"https:\/\/redfoxlotto.com\/image?size=8&amp;lottery=euromillions\" \/>\n<meta name=\"twitter:card\" content=\"summary_large_image\" \/>\n<meta name=\"twitter:label1\" content=\"Est. reading time\" \/>\n\t<meta name=\"twitter:data1\" content=\"4 minutit\" \/>\n<script type=\"application\/ld+json\" class=\"yoast-schema-graph\">{\"@context\":\"https:\/\/schema.org\",\"@graph\":[{\"@type\":\"WebPage\",\"@id\":\"https:\/\/onlinelotto365.com\/et\/mangida\/euromillions\/\",\"url\":\"https:\/\/onlinelotto365.com\/et\/mangida\/euromillions\/\",\"name\":\"Euromillions Loto Internetis | Euromillions piletid rahvusvahelise internetip\u00f5hise teenuse kaudu\",\"isPartOf\":{\"@id\":\"https:\/\/onlinelotto365.com\/et\/#website\"},\"primaryImageOfPage\":{\"@id\":\"https:\/\/onlinelotto365.com\/et\/mangida\/euromillions\/#primaryimage\"},\"image\":{\"@id\":\"https:\/\/onlinelotto365.com\/et\/mangida\/euromillions\/#primaryimage\"},\"thumbnailUrl\":\"https:\/\/redfoxlotto.com\/image?size=8&amp;lottery=euromillions\",\"datePublished\":\"2020-12-16T10:18:06+00:00\",\"dateModified\":\"2021-03-04T08:26:39+00:00\",\"description\":\"Saa internetipilet Euromillions Lottole, isegi v\u00e4ljaspool Euroopat asudes. V\u00f5ta osa \u00fclemaailmsetest loterii peav\u00f5itudest!\",\"breadcrumb\":{\"@id\":\"https:\/\/onlinelotto365.com\/et\/mangida\/euromillions\/#breadcrumb\"},\"inLanguage\":\"et\",\"potentialAction\":[{\"@type\":\"ReadAction\",\"target\":[\"https:\/\/onlinelotto365.com\/et\/mangida\/euromillions\/\"]}]},{\"@type\":\"ImageObject\",\"inLanguage\":\"et\",\"@id\":\"https:\/\/onlinelotto365.com\/et\/mangida\/euromillions\/#primaryimage\",\"url\":\"https:\/\/redfoxlotto.com\/image?size=8&amp;lottery=euromillions\",\"contentUrl\":\"https:\/\/redfoxlotto.com\/image?size=8&amp;lottery=euromillions\"},{\"@type\":\"BreadcrumbList\",\"@id\":\"https:\/\/onlinelotto365.com\/et\/mangida\/euromillions\/#breadcrumb\",\"itemListElement\":[{\"@type\":\"ListItem\",\"position\":1,\"name\":\"Home\",\"item\":\"https:\/\/onlinelotto365.com\/et\/\"},{\"@type\":\"ListItem\",\"position\":2,\"name\":\"K\u00f5ik, mida sa pead teadma oma v\u00f5imaluste kohta, et m\u00e4ngida parimaid loteriisid internetis\",\"item\":\"https:\/\/onlinelotto365.com\/et\/mangida\/\"},{\"@type\":\"ListItem\",\"position\":3,\"name\":\"Saa oma Euromillions Lotto piletid internetist\"}]},{\"@type\":\"WebSite\",\"@id\":\"https:\/\/onlinelotto365.com\/et\/#website\",\"url\":\"https:\/\/onlinelotto365.com\/et\/\",\"name\":\"OnlineLotto365\",\"description\":\"\",\"potentialAction\":[{\"@type\":\"SearchAction\",\"target\":{\"@type\":\"EntryPoint\",\"urlTemplate\":\"https:\/\/onlinelotto365.com\/et\/?s={search_term_string}\"},\"query-input\":{\"@type\":\"PropertyValueSpecification\",\"valueRequired\":true,\"valueName\":\"search_term_string\"}}],\"inLanguage\":\"et\"}]}<\/script>\n<!-- \/ Yoast SEO plugin. -->","yoast_head_json":{"title":"Euromillions Loto Internetis | Euromillions piletid rahvusvahelise internetip\u00f5hise teenuse kaudu","description":"Saa internetipilet Euromillions Lottole, isegi v\u00e4ljaspool Euroopat asudes. V\u00f5ta osa \u00fclemaailmsetest loterii peav\u00f5itudest!","robots":{"index":"index","follow":"follow","max-snippet":"max-snippet:-1","max-image-preview":"max-image-preview:large","max-video-preview":"max-video-preview:-1"},"canonical":"https:\/\/onlinelotto365.com\/et\/mangida\/euromillions\/","og_locale":"et_EE","og_type":"article","og_title":"Euromillions Loto Internetis | Euromillions piletid rahvusvahelise internetip\u00f5hise teenuse kaudu","og_description":"Saa internetipilet Euromillions Lottole, isegi v\u00e4ljaspool Euroopat asudes. V\u00f5ta osa \u00fclemaailmsetest loterii peav\u00f5itudest!","og_url":"https:\/\/onlinelotto365.com\/et\/mangida\/euromillions\/","og_site_name":"OnlineLotto365","article_modified_time":"2021-03-04T08:26:39+00:00","og_image":[{"url":"https:\/\/redfoxlotto.com\/image?size=8&amp;lottery=euromillions"}],"twitter_card":"summary_large_image","twitter_misc":{"Est. reading time":"4 minutit"},"schema":{"@context":"https:\/\/schema.org","@graph":[{"@type":"WebPage","@id":"https:\/\/onlinelotto365.com\/et\/mangida\/euromillions\/","url":"https:\/\/onlinelotto365.com\/et\/mangida\/euromillions\/","name":"Euromillions Loto Internetis | Euromillions piletid rahvusvahelise internetip\u00f5hise teenuse kaudu","isPartOf":{"@id":"https:\/\/onlinelotto365.com\/et\/#website"},"primaryImageOfPage":{"@id":"https:\/\/onlinelotto365.com\/et\/mangida\/euromillions\/#primaryimage"},"image":{"@id":"https:\/\/onlinelotto365.com\/et\/mangida\/euromillions\/#primaryimage"},"thumbnailUrl":"https:\/\/redfoxlotto.com\/image?size=8&amp;lottery=euromillions","datePublished":"2020-12-16T10:18:06+00:00","dateModified":"2021-03-04T08:26:39+00:00","description":"Saa internetipilet Euromillions Lottole, isegi v\u00e4ljaspool Euroopat asudes. V\u00f5ta osa \u00fclemaailmsetest loterii peav\u00f5itudest!","breadcrumb":{"@id":"https:\/\/onlinelotto365.com\/et\/mangida\/euromillions\/#breadcrumb"},"inLanguage":"et","potentialAction":[{"@type":"ReadAction","target":["https:\/\/onlinelotto365.com\/et\/mangida\/euromillions\/"]}]},{"@type":"ImageObject","inLanguage":"et","@id":"https:\/\/onlinelotto365.com\/et\/mangida\/euromillions\/#primaryimage","url":"https:\/\/redfoxlotto.com\/image?size=8&amp;lottery=euromillions","contentUrl":"https:\/\/redfoxlotto.com\/image?size=8&amp;lottery=euromillions"},{"@type":"BreadcrumbList","@id":"https:\/\/onlinelotto365.com\/et\/mangida\/euromillions\/#breadcrumb","itemListElement":[{"@type":"ListItem","position":1,"name":"Home","item":"https:\/\/onlinelotto365.com\/et\/"},{"@type":"ListItem","position":2,"name":"K\u00f5ik, mida sa pead teadma oma v\u00f5imaluste kohta, et m\u00e4ngida parimaid loteriisid internetis","item":"https:\/\/onlinelotto365.com\/et\/mangida\/"},{"@type":"ListItem","position":3,"name":"Saa oma Euromillions Lotto piletid internetist"}]},{"@type":"WebSite","@id":"https:\/\/onlinelotto365.com\/et\/#website","url":"https:\/\/onlinelotto365.com\/et\/","name":"OnlineLotto365","description":"","potentialAction":[{"@type":"SearchAction","target":{"@type":"EntryPoint","urlTemplate":"https:\/\/onlinelotto365.com\/et\/?s={search_term_string}"},"query-input":{"@type":"PropertyValueSpecification","valueRequired":true,"valueName":"search_term_string"}}],"inLanguage":"et"}]}},"_links":{"self":[{"href":"https:\/\/onlinelotto365.com\/et\/wp-json\/wp\/v2\/pages\/10162","targetHints":{"allow":["GET"]}}],"collection":[{"href":"https:\/\/onlinelotto365.com\/et\/wp-json\/wp\/v2\/pages"}],"about":[{"href":"https:\/\/onlinelotto365.com\/et\/wp-json\/wp\/v2\/types\/page"}],"author":[{"embeddable":true,"href":"https:\/\/onlinelotto365.com\/et\/wp-json\/wp\/v2\/users\/1"}],"replies":[{"embeddable":true,"href":"https:\/\/onlinelotto365.com\/et\/wp-json\/wp\/v2\/comments?post=10162"}],"version-history":[{"count":0,"href":"https:\/\/onlinelotto365.com\/et\/wp-json\/wp\/v2\/pages\/10162\/revisions"}],"up":[{"embeddable":true,"href":"https:\/\/onlinelotto365.com\/et\/wp-json\/wp\/v2\/pages\/5015"}],"wp:attachment":[{"href":"https:\/\/onlinelotto365.com\/et\/wp-json\/wp\/v2\/media?parent=10162"}],"curies":[{"name":"wp","href":"https:\/\/api.w.org\/{rel}","templated":true}]}}