{"id":10165,"date":"2020-12-16T11:20:46","date_gmt":"2020-12-16T10:20:46","guid":{"rendered":"http:\/\/onlinelotto365.net\/?page_id=10165"},"modified":"2022-11-07T11:36:32","modified_gmt":"2022-11-07T10:36:32","slug":"eurojackpot","status":"publish","type":"page","link":"https:\/\/onlinelotto365.com\/et\/mangida\/eurojackpot\/","title":{"rendered":"M\u00e4ngi Eurojackpotit online-piletiga"},"content":{"rendered":"<h2>Eurojackpoti kohta<\/h2>\n<p>See Euroopa loterii loodi mitmete Euroopa loteriide asutuste koost\u00f6\u00f6s. Praegu saate m\u00e4ngida Eurojackpot&#8217;i piletitega, mis on saadaval teie kohalikus loteriipoes, kui elate \u00fches osalevas riigis. Need riigid on Horvaatia, T\u0161ehhi Vabariik, Taani, Eesti, Soome, Saksamaa, Ukraina, Island, Itaalia, L\u00e4ti, Leedu, Norra, Poola, Bulgaaria, Sloveenia, Hispaania, Rootsi ja Madalmaad.<\/p>\n<p><a href=\"https:\/\/redfoxlotto.com\/play\/eurojackpot\/?ref=a8564250a2&amp;medium=ol365\" target=\"_blank\" rel=\"noopener noreferrer\"><img decoding=\"async\" class=\"aligncenter\" src=\"https:\/\/redfoxlotto.com\/image?size=8&amp;lottery=eurojackpot\" alt=\"Eurojackpot\" \/><\/a><\/p>\n<p>Kui elate riigis, mis ei ole nimekirjas, on teie ainus v\u00f5imalus m\u00e4ngida Eurojackpot&#8217;i internetis. Kui olete selle v\u00f5imaluse avastanud, n\u00e4ete, et v\u00f5imalusi on palju rohkem. Meie veebisait ei tee Eurojackpot&#8217;i online m\u00e4ngimist Eestist mitte ainult lihtsaks. Me anname teile juurdep\u00e4\u00e4su ka teistele maailmatasemel loteriidele, millel on suured jackpotid.<\/p>\n<ul>\n<li>Riik: mitmesugused Euroopa riigid, vt. eespool<\/li>\n<li>Peamine numbrite valik: 50<\/li>\n<li>Te peate valima: 5<\/li>\n<li>Lisanumbrite vahemik: 10<\/li>\n<li>Sa pead valima: 2<\/li>\n<li>P\u00e4evad, loosimise tunnid: 21:00 Kesk-Euroopa aja j\u00e4rgi &#8211; 21:00 Kesk-Euroopa aja j\u00e4rgi.<\/li>\n<li>Jackpot algab kell: 10 miljonit eurot<\/li>\n<li>Jackpoti \u00fclempiir on: 90 miljonit eurot<\/li>\n<li>T\u00f5en\u00e4osus v\u00f5ita jackpot: 1:135600640.<\/li>\n<li>V\u00f5imalus v\u00f5ita teine auhind: 1:2118760<\/li>\n<li>V\u00f5imalus v\u00f5ita \u00fcksk\u00f5ik milline auhind: 1:26,39<\/li>\n<li>Auhinnakategooriate arv: 12<\/li>\n<\/ul>\n<h2>Eurojackpoti parimad omadused<\/h2>\n<p>K\u00f5igepealt m\u00e4rkate, et jackpot algab alati v\u00e4hemalt 10 miljoni euro suuruse summaga. Kuid te peaksite t\u00e4hele panema ka seda, et teine auhinnaklass on samuti \u00fcsna atraktiivne ja sellel on palju paremad koefitsiendid. Teise auhinna v\u00f5itmiseks tuleb sul \u00f5igesti m\u00e4rkida k\u00f5ik 5 p\u00f5hinumbrit ja lisaks \u00fcks kahest lisanumbrist. Selle t\u00f5en\u00e4osus on umbes 1:2 miljonit ja selle auhinna v\u00f5itmine annab sulle tavaliselt 100 000 kuni 500 000 euro suuruse v\u00e4ljamakse. See on kindlasti piisavalt hea p\u00f5hjus, et m\u00e4ngida Eurojackpot&#8217;i internetis Eestist.<\/p>\n<p>Kuid peamine p\u00f5hjus, miks peaksite Eurojackpotil alati silma peal hoidma, on see, mis juhtub, kui jackpot j\u00f5uab 90 miljoni euroni, mis juhtub tavaliselt paar korda aastas. Niipea, kui jackpot on \u00fcletanud 40 miljoni euro piiri, kipub see \u00fcsna kiiresti kasvama, sest Eurojackpotis m\u00e4ngib rohkem inimesi ja pileteid m\u00fc\u00fcakse rohkem. Mis juhtub siis, kui see saavutab 90 miljoni euro suuruse \u00fclempiiri?<\/p>\n<p>Sel hetkel ei suurenda k\u00f5ik m\u00e4ngijate poolt kulutatud lisaraha jackpotit. Selle asemel l\u00e4hevad need vahendid \u00fcle teise auhinnakategooriasse. Nii et j\u00e4rgmise loosimisega ei saa te mitte ainult m\u00e4ngida Eurojackpot online 90 miljoni euro suuruse jackpoti nimel, vaid te v\u00f5ite oodata ka palju suuremat v\u00e4ljamakset, kui te v\u00f5idate teises kategoorias. Ja seni, kuni 90 miljoni euro suurune jackpot ei ole l\u00f5hutud, v\u00f5ib teise astme auhind olla v\u00f5idetud, kuid iga loosimisega lisandub uut raha.<\/p>\n<h2>Kuidas kontrollida Eurojackpoti tulemusi<\/h2>\n<p>Kontrolli tulemusi kas m\u00f5nes osaleva riigi ametlikus loteriiveebis v\u00f5i mugavamalt meie veebisaidil, kust leiad maailma k\u00f5ige suurejoonelisemate loteriide v\u00e4rskeimad tulemused. Ja muidugi, lisaks sellele, et saate Eurojackpot&#8217;i m\u00e4ngida Eestist online, on teil ka v\u00f5imalus lihtsalt valida loterii, millel on hetkel k\u00f5rgeim jackpot, ja m\u00e4ngida seda loteriid internetis.<\/p>\n<h2>Sa m\u00e4ngisid Eurojackpotit internetis ja v\u00f5itsid &#8211; mis saab edasi?<\/h2>\n<p>Kui oled teada saanud, et oled Eurojackpotis midagi v\u00f5itnud, saadetakse sulle ka meilt teade. Me teavitame alati oma v\u00f5itjaid, nii et ei ole mingit v\u00f5imalust, et sa j\u00e4\u00e4ksid v\u00f5idust ilma. Ja k\u00f5igi v\u00e4iksemate v\u00f5itude puhul (kuni 2500 eurot v\u00f5i v\u00e4hem) leiad v\u00f5idetud raha juba oma m\u00e4ngukontolt. Raha on teie k\u00e4sutuses v\u00e4ljamaksmiseks varsti p\u00e4rast loosimist. Loomulikult v\u00f5id ka loobuda v\u00e4ljamaksetest v\u00f5i taotleda oma saldo osalise summa v\u00e4ljamaksmist. Mis iganes teie saldo p\u00e4rast seda on, saate seej\u00e4rel kasutada online-loto m\u00e4ngimiseks ja uute piletite ostmiseks.<\/p>\n","protected":false},"excerpt":{"rendered":"<p>Eurojackpoti kohta See Euroopa loterii loodi mitmete Euroopa loteriide asutuste koost\u00f6\u00f6s. Praegu saate m\u00e4ngida Eurojackpot&#8217;i piletitega, mis on saadaval teie kohalikus loteriipoes, kui elate \u00fches osalevas riigis. Need riigid on Horvaatia, T\u0161ehhi Vabariik, Taani, Eesti, Soome, Saksamaa, Ukraina, Island, Itaalia, L\u00e4ti, Leedu, Norra, Poola, Bulgaaria, Sloveenia, Hispaania, Rootsi ja Madalmaad. Kui elate riigis, mis ei [&hellip;]<\/p>\n","protected":false},"author":1,"featured_media":0,"parent":5015,"menu_order":4,"comment_status":"closed","ping_status":"closed","template":"eurojackpot.php","meta":{"_et_pb_use_builder":"","_et_pb_old_content":"","_et_gb_content_width":"","exclude_from_search":false,"footnotes":""},"class_list":["post-10165","page","type-page","status-publish","hentry"],"yoast_head":"<!-- This site is optimized with the Yoast SEO plugin v23.4 - https:\/\/yoast.com\/wordpress\/plugins\/seo\/ -->\n<title>Eurojackpot Eesti elanikele | M\u00e4ngi Eurojackpot&#039;i online siin<\/title>\n<meta name=\"description\" content=\"Seaduslik ja lihtne viis m\u00e4ngida Eurojackpot&#039;i internetis ja Eestist l\u00e4htuvalt\" \/>\n<meta name=\"robots\" content=\"index, follow, max-snippet:-1, max-image-preview:large, max-video-preview:-1\" \/>\n<link rel=\"canonical\" href=\"https:\/\/onlinelotto365.com\/et\/mangida\/eurojackpot\/\" \/>\n<meta property=\"og:locale\" content=\"et_EE\" \/>\n<meta property=\"og:type\" content=\"article\" \/>\n<meta property=\"og:title\" content=\"Eurojackpot Eesti elanikele | M\u00e4ngi Eurojackpot&#039;i online siin\" \/>\n<meta property=\"og:description\" content=\"Seaduslik ja lihtne viis m\u00e4ngida Eurojackpot&#039;i internetis ja Eestist l\u00e4htuvalt\" \/>\n<meta property=\"og:url\" content=\"https:\/\/onlinelotto365.com\/et\/mangida\/eurojackpot\/\" \/>\n<meta property=\"og:site_name\" content=\"OnlineLotto365\" \/>\n<meta property=\"article:modified_time\" content=\"2022-11-07T10:36:32+00:00\" \/>\n<meta property=\"og:image\" content=\"https:\/\/redfoxlotto.com\/image?size=8&amp;lottery=eurojackpot\" \/>\n<meta name=\"twitter:card\" content=\"summary_large_image\" \/>\n<meta name=\"twitter:label1\" content=\"Est. reading time\" \/>\n\t<meta name=\"twitter:data1\" content=\"3 minutit\" \/>\n<script type=\"application\/ld+json\" class=\"yoast-schema-graph\">{\"@context\":\"https:\/\/schema.org\",\"@graph\":[{\"@type\":\"WebPage\",\"@id\":\"https:\/\/onlinelotto365.com\/et\/mangida\/eurojackpot\/\",\"url\":\"https:\/\/onlinelotto365.com\/et\/mangida\/eurojackpot\/\",\"name\":\"Eurojackpot Eesti elanikele | M\u00e4ngi Eurojackpot'i online siin\",\"isPartOf\":{\"@id\":\"https:\/\/onlinelotto365.com\/et\/#website\"},\"primaryImageOfPage\":{\"@id\":\"https:\/\/onlinelotto365.com\/et\/mangida\/eurojackpot\/#primaryimage\"},\"image\":{\"@id\":\"https:\/\/onlinelotto365.com\/et\/mangida\/eurojackpot\/#primaryimage\"},\"thumbnailUrl\":\"https:\/\/redfoxlotto.com\/image?size=8&amp;lottery=eurojackpot\",\"datePublished\":\"2020-12-16T10:20:46+00:00\",\"dateModified\":\"2022-11-07T10:36:32+00:00\",\"description\":\"Seaduslik ja lihtne viis m\u00e4ngida Eurojackpot'i internetis ja Eestist l\u00e4htuvalt\",\"breadcrumb\":{\"@id\":\"https:\/\/onlinelotto365.com\/et\/mangida\/eurojackpot\/#breadcrumb\"},\"inLanguage\":\"et\",\"potentialAction\":[{\"@type\":\"ReadAction\",\"target\":[\"https:\/\/onlinelotto365.com\/et\/mangida\/eurojackpot\/\"]}]},{\"@type\":\"ImageObject\",\"inLanguage\":\"et\",\"@id\":\"https:\/\/onlinelotto365.com\/et\/mangida\/eurojackpot\/#primaryimage\",\"url\":\"https:\/\/redfoxlotto.com\/image?size=8&amp;lottery=eurojackpot\",\"contentUrl\":\"https:\/\/redfoxlotto.com\/image?size=8&amp;lottery=eurojackpot\"},{\"@type\":\"BreadcrumbList\",\"@id\":\"https:\/\/onlinelotto365.com\/et\/mangida\/eurojackpot\/#breadcrumb\",\"itemListElement\":[{\"@type\":\"ListItem\",\"position\":1,\"name\":\"Home\",\"item\":\"https:\/\/onlinelotto365.com\/et\/\"},{\"@type\":\"ListItem\",\"position\":2,\"name\":\"K\u00f5ik, mida sa pead teadma oma v\u00f5imaluste kohta, et m\u00e4ngida parimaid loteriisid internetis\",\"item\":\"https:\/\/onlinelotto365.com\/et\/mangida\/\"},{\"@type\":\"ListItem\",\"position\":3,\"name\":\"M\u00e4ngi Eurojackpotit online-piletiga\"}]},{\"@type\":\"WebSite\",\"@id\":\"https:\/\/onlinelotto365.com\/et\/#website\",\"url\":\"https:\/\/onlinelotto365.com\/et\/\",\"name\":\"OnlineLotto365\",\"description\":\"\",\"potentialAction\":[{\"@type\":\"SearchAction\",\"target\":{\"@type\":\"EntryPoint\",\"urlTemplate\":\"https:\/\/onlinelotto365.com\/et\/?s={search_term_string}\"},\"query-input\":{\"@type\":\"PropertyValueSpecification\",\"valueRequired\":true,\"valueName\":\"search_term_string\"}}],\"inLanguage\":\"et\"}]}<\/script>\n<!-- \/ Yoast SEO plugin. -->","yoast_head_json":{"title":"Eurojackpot Eesti elanikele | M\u00e4ngi Eurojackpot'i online siin","description":"Seaduslik ja lihtne viis m\u00e4ngida Eurojackpot'i internetis ja Eestist l\u00e4htuvalt","robots":{"index":"index","follow":"follow","max-snippet":"max-snippet:-1","max-image-preview":"max-image-preview:large","max-video-preview":"max-video-preview:-1"},"canonical":"https:\/\/onlinelotto365.com\/et\/mangida\/eurojackpot\/","og_locale":"et_EE","og_type":"article","og_title":"Eurojackpot Eesti elanikele | M\u00e4ngi Eurojackpot'i online siin","og_description":"Seaduslik ja lihtne viis m\u00e4ngida Eurojackpot'i internetis ja Eestist l\u00e4htuvalt","og_url":"https:\/\/onlinelotto365.com\/et\/mangida\/eurojackpot\/","og_site_name":"OnlineLotto365","article_modified_time":"2022-11-07T10:36:32+00:00","og_image":[{"url":"https:\/\/redfoxlotto.com\/image?size=8&amp;lottery=eurojackpot"}],"twitter_card":"summary_large_image","twitter_misc":{"Est. reading time":"3 minutit"},"schema":{"@context":"https:\/\/schema.org","@graph":[{"@type":"WebPage","@id":"https:\/\/onlinelotto365.com\/et\/mangida\/eurojackpot\/","url":"https:\/\/onlinelotto365.com\/et\/mangida\/eurojackpot\/","name":"Eurojackpot Eesti elanikele | M\u00e4ngi Eurojackpot'i online siin","isPartOf":{"@id":"https:\/\/onlinelotto365.com\/et\/#website"},"primaryImageOfPage":{"@id":"https:\/\/onlinelotto365.com\/et\/mangida\/eurojackpot\/#primaryimage"},"image":{"@id":"https:\/\/onlinelotto365.com\/et\/mangida\/eurojackpot\/#primaryimage"},"thumbnailUrl":"https:\/\/redfoxlotto.com\/image?size=8&amp;lottery=eurojackpot","datePublished":"2020-12-16T10:20:46+00:00","dateModified":"2022-11-07T10:36:32+00:00","description":"Seaduslik ja lihtne viis m\u00e4ngida Eurojackpot'i internetis ja Eestist l\u00e4htuvalt","breadcrumb":{"@id":"https:\/\/onlinelotto365.com\/et\/mangida\/eurojackpot\/#breadcrumb"},"inLanguage":"et","potentialAction":[{"@type":"ReadAction","target":["https:\/\/onlinelotto365.com\/et\/mangida\/eurojackpot\/"]}]},{"@type":"ImageObject","inLanguage":"et","@id":"https:\/\/onlinelotto365.com\/et\/mangida\/eurojackpot\/#primaryimage","url":"https:\/\/redfoxlotto.com\/image?size=8&amp;lottery=eurojackpot","contentUrl":"https:\/\/redfoxlotto.com\/image?size=8&amp;lottery=eurojackpot"},{"@type":"BreadcrumbList","@id":"https:\/\/onlinelotto365.com\/et\/mangida\/eurojackpot\/#breadcrumb","itemListElement":[{"@type":"ListItem","position":1,"name":"Home","item":"https:\/\/onlinelotto365.com\/et\/"},{"@type":"ListItem","position":2,"name":"K\u00f5ik, mida sa pead teadma oma v\u00f5imaluste kohta, et m\u00e4ngida parimaid loteriisid internetis","item":"https:\/\/onlinelotto365.com\/et\/mangida\/"},{"@type":"ListItem","position":3,"name":"M\u00e4ngi Eurojackpotit online-piletiga"}]},{"@type":"WebSite","@id":"https:\/\/onlinelotto365.com\/et\/#website","url":"https:\/\/onlinelotto365.com\/et\/","name":"OnlineLotto365","description":"","potentialAction":[{"@type":"SearchAction","target":{"@type":"EntryPoint","urlTemplate":"https:\/\/onlinelotto365.com\/et\/?s={search_term_string}"},"query-input":{"@type":"PropertyValueSpecification","valueRequired":true,"valueName":"search_term_string"}}],"inLanguage":"et"}]}},"_links":{"self":[{"href":"https:\/\/onlinelotto365.com\/et\/wp-json\/wp\/v2\/pages\/10165","targetHints":{"allow":["GET"]}}],"collection":[{"href":"https:\/\/onlinelotto365.com\/et\/wp-json\/wp\/v2\/pages"}],"about":[{"href":"https:\/\/onlinelotto365.com\/et\/wp-json\/wp\/v2\/types\/page"}],"author":[{"embeddable":true,"href":"https:\/\/onlinelotto365.com\/et\/wp-json\/wp\/v2\/users\/1"}],"replies":[{"embeddable":true,"href":"https:\/\/onlinelotto365.com\/et\/wp-json\/wp\/v2\/comments?post=10165"}],"version-history":[{"count":0,"href":"https:\/\/onlinelotto365.com\/et\/wp-json\/wp\/v2\/pages\/10165\/revisions"}],"up":[{"embeddable":true,"href":"https:\/\/onlinelotto365.com\/et\/wp-json\/wp\/v2\/pages\/5015"}],"wp:attachment":[{"href":"https:\/\/onlinelotto365.com\/et\/wp-json\/wp\/v2\/media?parent=10165"}],"curies":[{"name":"wp","href":"https:\/\/api.w.org\/{rel}","templated":true}]}}