{"id":10169,"date":"2020-12-16T11:23:26","date_gmt":"2020-12-16T10:23:26","guid":{"rendered":"http:\/\/onlinelotto365.net\/?page_id=10169"},"modified":"2022-11-08T14:30:52","modified_gmt":"2022-11-08T13:30:52","slug":"el-gordo","status":"publish","type":"page","link":"https:\/\/onlinelotto365.com\/et\/mangida\/el-gordo\/","title":{"rendered":"Kuidas saavad Eesti elanikud El Gordos osaleda?"},"content":{"rendered":"<p>Kui te elate Hispaanias, siis ei pea ma teile \u00fctlema, kui p\u00f5nev on El Gordo Lotto. Kuid enamik lotom\u00e4ngijaid ei ela seal ja enamik ei ole kunagi kuulnud Hispaania suurimast loteriist. Kuni viimase ajani ei olnud see \u00fcldse oluline, sest seda ei saanud niikuinii m\u00e4ngida, sest Hispaania oli ainus koht, kus sai pileteid osta.<\/p>\n<p>T\u00e4nap\u00e4eval saab interneti v\u00f5luv\u00e4e abil \u00fcle 150 000 m\u00e4ngija rohkem kui 140 riigist, sealhulgas \u00dchendkuningriigist, nautida El Gordo m\u00e4ngimist internetis. Piletite ostmiseks tuleb n\u00fc\u00fcd vaid teada, kust neid internetis osta. Siinkohal oleme meie siin, et teid aidata.<\/p>\n<p>Meie uus suurep\u00e4rane teenus ei v\u00f5imalda teil mitte ainult osta El Gordo Loto pileteid internetis, vaid te saate osta pileteid ka k\u00f5igi teiste maailma suurimate loteriide pileteid. Me teeme selle k\u00f5ik sinu jaoks uskumatult lihtsaks ja paari l\u00fchikese minuti jooksul saad lisaks k\u00f5ikidele teistele suurtele loteriipiletitele, mida soovid, v\u00f5tta endale nii palju pileteid, kui soovid, et need l\u00e4heksid j\u00e4rgmisele loosimisele.<\/p>\n<p>Seega on meie veebiteenuse kaudu loterii m\u00e4ngimise p\u00f5nevus kasvanud eepilistesse m\u00f5\u00f5tmetesse. V\u00f5tke, kui palju teile praegu loterii meeldib, ja korrutage see k\u00fcmme v\u00f5i kaksk\u00fcmmend korda ning kujutage ette, milline see oleks. Siis registreerige lihtsalt konto siin ja olge valmis, et see k\u00f5ik teoks teha.<\/p>\n<h2>El Gordo t\u00e4hendab Suurt<\/h2>\n<p>El Gordo jackpotid on k\u00f5ik suured, mis on midagi, mida k\u00f5ik loteriim\u00e4ngijad absoluutselt armastavad. M\u00f6\u00f6das on p\u00e4evad, mil pidid \u00fcsna kaua ootama, lootes, et sinu lemmikloterii jackpot kasvab ja kasvab, kuni see l\u00f5puks nii tohutult suureks muutub, et inimesed kukuvad pileteid ostma. N\u00fc\u00fcd on \u00fcle maailma palju loteriisid, mis algavad tohutute jackpotidega ja muutuvad ainult \u00fcha tohutumaks. See loterii on kindlasti \u00fcks neist. N\u00e4iteks on k\u00e4esoleva artikli kirjutamise ajal praegune jackpot 23 miljonit eurot.<\/p>\n<p>Lisaks, kui teile meeldivad sellised suured jackpotid, nagu me k\u00f5ik kindlasti armastame, on teie jaoks veel palju rohkem, kust see tuli, ja m\u00f5ned isegi palju suuremad jackpotid. Siiski ei tasu m\u00e4ngida ainult \u00fchte, vaid soovite m\u00e4ngida v\u00e4hemalt mitut sellist loteriid, ja El Gordo on kindlasti \u00fcks neist, mida tasub m\u00e4ngida.<\/p>\n<p><a href=\"https:\/\/redfoxlotto.com\/play\/el-gordo-primitiva\/?ref=a8564250a2&amp;medium=ol365\" target=\"_blank\" rel=\"noopener noreferrer\"><img decoding=\"async\" class=\"aligncenter\" src=\"https:\/\/redfoxlotto.com\/image?size=8&amp;lottery=el-gordo-primitiva\" alt=\"el gordo la primitiva\" \/><\/a><\/p>\n<h2>El Gordo kohta<\/h2>\n<ul>\n<li>Riik: Hispaania<\/li>\n<li><span style=\"font-size: 16px;\"> P\u00f5hinumbrivahemik: 54 <\/span><\/li>\n<li>Valite: 5<\/li>\n<li>Lisanumbrite vahemik: puudub<\/li>\n<li>Valite: pole \u00fchtegi<\/li>\n<li>P\u00e4evade ja tundide joonistamine: p\u00fchap\u00e4ev, 21.30 Kesk-Euroopa aja j\u00e4rgi, 21.30 Kesk-Euroopa aeg<\/li>\n<li>Minimaalne jackpot: 4 miljonit eurot<\/li>\n<li>Jackpot on maksimaalselt piiratud: maksimaalset pole<\/li>\n<li>Jackpoti v\u00f5itmise t\u00f5en\u00e4osus: 1 31,625,100-st<\/li>\n<li>2. astme v\u00f5idu t\u00f5en\u00e4osus: 1 3.513.900-s<\/li>\n<li>V\u00f5itmise t\u00f5en\u00e4osus mis tahes astmel: 1 6,16-st<\/li>\n<li>El Gordo eri\u00fcritused: j\u00f5ulupakkumine<\/li>\n<\/ul>\n<p>Nagu paljudel suurtel loteriidel, on loosimisel kaks osa. Esimene h\u00f5lmab 5 numbri valimist 54 numbri hulgast. Kui see \u00f5nnestub, ootab sind juba v\u00e4ga suur auhind. Seej\u00e4rel, kui teil on nii 5 numbrit kui ka v\u00f5tmenumber vahemikus 1-9, olete teinud seda ja tabanud suure jackpot&#8217;i.<\/p>\n<p>El Gordo puhul on kokku 9 erinevat auhinnakategooriat, alustades lihtsalt kriitilise numbri kokkulangemisest vahemikus 1 ja 9 vahel kuni suure auhinnani. Nii et kuigi me k\u00f5ik tahame t\u00f5esti v\u00f5ita jackpotid, on kindlasti tore, kui v\u00f5idad mis tahes suuruses auhinna ja Hispaania populaarseim loterii annab sulle selleks isegi parema v\u00f5imaluse kui m\u00f5ned teised loteriid.<\/p>\n<p>Samuti on erinevalt m\u00f5nest riigist Hispaanias loteriiv\u00f5idud maksuvabad. S\u00f5ltuvalt sellest, kus te elate, peate v\u00f5i ei pea oma v\u00f5idud valitsusele deklareerima, kuid m\u00f5nes kohas peetakse loteriiv\u00f5itudega makse kinni, kuigi loteriiv\u00f5idud v\u00f5ivad olla teie riigis maksuvabad. Kuigi te v\u00f5ite selle raha tagasi saada, on see ebamugavus, mille p\u00e4rast te El Gordo puhul muretsema ei pea.<\/p>\n<p>Kuid isegi riikides, kus seda tehakse, piisab teil jackpot&#8217;i tabamisel maksude kinnipidamisega v\u00f5i ilma selleta ettemaksuga saadud rahast kindlasti niikuinii pikaks ajaks, nii et see ei peaks teid tegelikult muretsema. Samuti ei tohiks te oma miljonite k\u00e4ttesaamiseks Hispaaniasse s\u00f5ita. T\u00f5en\u00e4oliselt hakkate te palju rohkem reisima ja v\u00f5ite selle reisiga alustada oma karj\u00e4\u00e4ri jet setterina.<\/p>\n<h2>Miks j\u00e4tta El Gordo vahele, sest n\u00fc\u00fcd ei pea sa seda tegema?<\/h2>\n<p>Aastaid on sul olnud hea vabandus mitte m\u00e4ngida El Gordo lotot, sest sa elad Eestis ja mitte Hispaanias. See ei ole aga \u00f5nneks enam nii. Kes teab, kui palju raha oleksite v\u00f5inud v\u00f5ita, kui oleksite seda ja k\u00f5iki teisi maailma suurimaid loteriisid kogu aeg m\u00e4nginud?<\/p>\n<p>Noh, sa ei pea enam selle \u00fcle m\u00f5tlema, sest n\u00fc\u00fcd toome El Gordo otse sinu koju, sinna, kus sa praegu istud. Ma tean, et sa armastad loteriid m\u00e4ngida, muidu sa ei loeks seda. Miks mitte hellitada ennast El Gordo loteriipiletiga kohe praegu? Samal ajal, kui sa seda teed, miks sa ei vaata k\u00f5ike muud, mida meil on sulle pakkuda?<\/p>\n<h2>Kuidas kontrollida El Gordo tulemusi<\/h2>\n<p>V\u00f5id tulla tagasi siia, et kontrollida v\u00f5idunumbreid ja v\u00f5rrelda neid oma El Gordo piletitega. N\u00e4itame sulle viimased v\u00f5idunumbrid k\u00f5rvuti sinu enda pileti numbritega. Loomulikult n\u00e4ed ka, kui palju sa v\u00f5itsid, kui sa v\u00f5itsid.<\/p>\n<p>Meie teenuse osaks on ka teie v\u00f5idu saamine teie kontole. See, kuidas sulle makstakse, s\u00f5ltub sellest, kui palju sa v\u00f5itsid. Me ei v\u00f5ta selle teenuse eest sinu v\u00f5idust raha maha.<\/p>\n","protected":false},"excerpt":{"rendered":"<p>Kui te elate Hispaanias, siis ei pea ma teile \u00fctlema, kui p\u00f5nev on El Gordo Lotto. Kuid enamik lotom\u00e4ngijaid ei ela seal ja enamik ei ole kunagi kuulnud Hispaania suurimast loteriist. Kuni viimase ajani ei olnud see \u00fcldse oluline, sest seda ei saanud niikuinii m\u00e4ngida, sest Hispaania oli ainus koht, kus sai pileteid osta. T\u00e4nap\u00e4eval [&hellip;]<\/p>\n","protected":false},"author":1,"featured_media":0,"parent":5015,"menu_order":6,"comment_status":"closed","ping_status":"closed","template":"el-gordo.php","meta":{"_et_pb_use_builder":"","_et_pb_old_content":"","_et_gb_content_width":"","exclude_from_search":false,"footnotes":""},"class_list":["post-10169","page","type-page","status-publish","hentry"],"yoast_head":"<!-- This site is optimized with the Yoast SEO plugin v23.4 - https:\/\/yoast.com\/wordpress\/plugins\/seo\/ -->\n<title>El Gordo online m\u00e4ngimine Eestist | Kas ma saan osaleda El Gordos, kui ma elan Eestis?<\/title>\n<meta name=\"description\" content=\"M\u00e4ngi El Gordo Lottot siin - Hispaania suurim loterii, mis on internetis k\u00e4ttesaadav igast riigist.\" \/>\n<meta name=\"robots\" content=\"index, follow, max-snippet:-1, max-image-preview:large, max-video-preview:-1\" \/>\n<link rel=\"canonical\" href=\"https:\/\/onlinelotto365.com\/et\/mangida\/el-gordo\/\" \/>\n<meta property=\"og:locale\" content=\"et_EE\" \/>\n<meta property=\"og:type\" content=\"article\" \/>\n<meta property=\"og:title\" content=\"El Gordo online m\u00e4ngimine Eestist | Kas ma saan osaleda El Gordos, kui ma elan Eestis?\" \/>\n<meta property=\"og:description\" content=\"M\u00e4ngi El Gordo Lottot siin - Hispaania suurim loterii, mis on internetis k\u00e4ttesaadav igast riigist.\" \/>\n<meta property=\"og:url\" content=\"https:\/\/onlinelotto365.com\/et\/mangida\/el-gordo\/\" \/>\n<meta property=\"og:site_name\" content=\"OnlineLotto365\" \/>\n<meta property=\"article:modified_time\" content=\"2022-11-08T13:30:52+00:00\" \/>\n<meta property=\"og:image\" content=\"https:\/\/redfoxlotto.com\/image?size=8&amp;lottery=el-gordo-primitiva\" \/>\n<meta name=\"twitter:card\" content=\"summary_large_image\" \/>\n<meta name=\"twitter:label1\" content=\"Est. reading time\" \/>\n\t<meta name=\"twitter:data1\" content=\"4 minutit\" \/>\n<script type=\"application\/ld+json\" class=\"yoast-schema-graph\">{\"@context\":\"https:\/\/schema.org\",\"@graph\":[{\"@type\":\"WebPage\",\"@id\":\"https:\/\/onlinelotto365.com\/et\/mangida\/el-gordo\/\",\"url\":\"https:\/\/onlinelotto365.com\/et\/mangida\/el-gordo\/\",\"name\":\"El Gordo online m\u00e4ngimine Eestist | Kas ma saan osaleda El Gordos, kui ma elan Eestis?\",\"isPartOf\":{\"@id\":\"https:\/\/onlinelotto365.com\/et\/#website\"},\"primaryImageOfPage\":{\"@id\":\"https:\/\/onlinelotto365.com\/et\/mangida\/el-gordo\/#primaryimage\"},\"image\":{\"@id\":\"https:\/\/onlinelotto365.com\/et\/mangida\/el-gordo\/#primaryimage\"},\"thumbnailUrl\":\"https:\/\/redfoxlotto.com\/image?size=8&amp;lottery=el-gordo-primitiva\",\"datePublished\":\"2020-12-16T10:23:26+00:00\",\"dateModified\":\"2022-11-08T13:30:52+00:00\",\"description\":\"M\u00e4ngi El Gordo Lottot siin - Hispaania suurim loterii, mis on internetis k\u00e4ttesaadav igast riigist.\",\"breadcrumb\":{\"@id\":\"https:\/\/onlinelotto365.com\/et\/mangida\/el-gordo\/#breadcrumb\"},\"inLanguage\":\"et\",\"potentialAction\":[{\"@type\":\"ReadAction\",\"target\":[\"https:\/\/onlinelotto365.com\/et\/mangida\/el-gordo\/\"]}]},{\"@type\":\"ImageObject\",\"inLanguage\":\"et\",\"@id\":\"https:\/\/onlinelotto365.com\/et\/mangida\/el-gordo\/#primaryimage\",\"url\":\"https:\/\/redfoxlotto.com\/image?size=8&amp;lottery=el-gordo-primitiva\",\"contentUrl\":\"https:\/\/redfoxlotto.com\/image?size=8&amp;lottery=el-gordo-primitiva\"},{\"@type\":\"BreadcrumbList\",\"@id\":\"https:\/\/onlinelotto365.com\/et\/mangida\/el-gordo\/#breadcrumb\",\"itemListElement\":[{\"@type\":\"ListItem\",\"position\":1,\"name\":\"Home\",\"item\":\"https:\/\/onlinelotto365.com\/et\/\"},{\"@type\":\"ListItem\",\"position\":2,\"name\":\"K\u00f5ik, mida sa pead teadma oma v\u00f5imaluste kohta, et m\u00e4ngida parimaid loteriisid internetis\",\"item\":\"https:\/\/onlinelotto365.com\/et\/mangida\/\"},{\"@type\":\"ListItem\",\"position\":3,\"name\":\"Kuidas saavad Eesti elanikud El Gordos osaleda?\"}]},{\"@type\":\"WebSite\",\"@id\":\"https:\/\/onlinelotto365.com\/et\/#website\",\"url\":\"https:\/\/onlinelotto365.com\/et\/\",\"name\":\"OnlineLotto365\",\"description\":\"\",\"potentialAction\":[{\"@type\":\"SearchAction\",\"target\":{\"@type\":\"EntryPoint\",\"urlTemplate\":\"https:\/\/onlinelotto365.com\/et\/?s={search_term_string}\"},\"query-input\":{\"@type\":\"PropertyValueSpecification\",\"valueRequired\":true,\"valueName\":\"search_term_string\"}}],\"inLanguage\":\"et\"}]}<\/script>\n<!-- \/ Yoast SEO plugin. -->","yoast_head_json":{"title":"El Gordo online m\u00e4ngimine Eestist | Kas ma saan osaleda El Gordos, kui ma elan Eestis?","description":"M\u00e4ngi El Gordo Lottot siin - Hispaania suurim loterii, mis on internetis k\u00e4ttesaadav igast riigist.","robots":{"index":"index","follow":"follow","max-snippet":"max-snippet:-1","max-image-preview":"max-image-preview:large","max-video-preview":"max-video-preview:-1"},"canonical":"https:\/\/onlinelotto365.com\/et\/mangida\/el-gordo\/","og_locale":"et_EE","og_type":"article","og_title":"El Gordo online m\u00e4ngimine Eestist | Kas ma saan osaleda El Gordos, kui ma elan Eestis?","og_description":"M\u00e4ngi El Gordo Lottot siin - Hispaania suurim loterii, mis on internetis k\u00e4ttesaadav igast riigist.","og_url":"https:\/\/onlinelotto365.com\/et\/mangida\/el-gordo\/","og_site_name":"OnlineLotto365","article_modified_time":"2022-11-08T13:30:52+00:00","og_image":[{"url":"https:\/\/redfoxlotto.com\/image?size=8&amp;lottery=el-gordo-primitiva"}],"twitter_card":"summary_large_image","twitter_misc":{"Est. reading time":"4 minutit"},"schema":{"@context":"https:\/\/schema.org","@graph":[{"@type":"WebPage","@id":"https:\/\/onlinelotto365.com\/et\/mangida\/el-gordo\/","url":"https:\/\/onlinelotto365.com\/et\/mangida\/el-gordo\/","name":"El Gordo online m\u00e4ngimine Eestist | Kas ma saan osaleda El Gordos, kui ma elan Eestis?","isPartOf":{"@id":"https:\/\/onlinelotto365.com\/et\/#website"},"primaryImageOfPage":{"@id":"https:\/\/onlinelotto365.com\/et\/mangida\/el-gordo\/#primaryimage"},"image":{"@id":"https:\/\/onlinelotto365.com\/et\/mangida\/el-gordo\/#primaryimage"},"thumbnailUrl":"https:\/\/redfoxlotto.com\/image?size=8&amp;lottery=el-gordo-primitiva","datePublished":"2020-12-16T10:23:26+00:00","dateModified":"2022-11-08T13:30:52+00:00","description":"M\u00e4ngi El Gordo Lottot siin - Hispaania suurim loterii, mis on internetis k\u00e4ttesaadav igast riigist.","breadcrumb":{"@id":"https:\/\/onlinelotto365.com\/et\/mangida\/el-gordo\/#breadcrumb"},"inLanguage":"et","potentialAction":[{"@type":"ReadAction","target":["https:\/\/onlinelotto365.com\/et\/mangida\/el-gordo\/"]}]},{"@type":"ImageObject","inLanguage":"et","@id":"https:\/\/onlinelotto365.com\/et\/mangida\/el-gordo\/#primaryimage","url":"https:\/\/redfoxlotto.com\/image?size=8&amp;lottery=el-gordo-primitiva","contentUrl":"https:\/\/redfoxlotto.com\/image?size=8&amp;lottery=el-gordo-primitiva"},{"@type":"BreadcrumbList","@id":"https:\/\/onlinelotto365.com\/et\/mangida\/el-gordo\/#breadcrumb","itemListElement":[{"@type":"ListItem","position":1,"name":"Home","item":"https:\/\/onlinelotto365.com\/et\/"},{"@type":"ListItem","position":2,"name":"K\u00f5ik, mida sa pead teadma oma v\u00f5imaluste kohta, et m\u00e4ngida parimaid loteriisid internetis","item":"https:\/\/onlinelotto365.com\/et\/mangida\/"},{"@type":"ListItem","position":3,"name":"Kuidas saavad Eesti elanikud El Gordos osaleda?"}]},{"@type":"WebSite","@id":"https:\/\/onlinelotto365.com\/et\/#website","url":"https:\/\/onlinelotto365.com\/et\/","name":"OnlineLotto365","description":"","potentialAction":[{"@type":"SearchAction","target":{"@type":"EntryPoint","urlTemplate":"https:\/\/onlinelotto365.com\/et\/?s={search_term_string}"},"query-input":{"@type":"PropertyValueSpecification","valueRequired":true,"valueName":"search_term_string"}}],"inLanguage":"et"}]}},"_links":{"self":[{"href":"https:\/\/onlinelotto365.com\/et\/wp-json\/wp\/v2\/pages\/10169","targetHints":{"allow":["GET"]}}],"collection":[{"href":"https:\/\/onlinelotto365.com\/et\/wp-json\/wp\/v2\/pages"}],"about":[{"href":"https:\/\/onlinelotto365.com\/et\/wp-json\/wp\/v2\/types\/page"}],"author":[{"embeddable":true,"href":"https:\/\/onlinelotto365.com\/et\/wp-json\/wp\/v2\/users\/1"}],"replies":[{"embeddable":true,"href":"https:\/\/onlinelotto365.com\/et\/wp-json\/wp\/v2\/comments?post=10169"}],"version-history":[{"count":0,"href":"https:\/\/onlinelotto365.com\/et\/wp-json\/wp\/v2\/pages\/10169\/revisions"}],"up":[{"embeddable":true,"href":"https:\/\/onlinelotto365.com\/et\/wp-json\/wp\/v2\/pages\/5015"}],"wp:attachment":[{"href":"https:\/\/onlinelotto365.com\/et\/wp-json\/wp\/v2\/media?parent=10169"}],"curies":[{"name":"wp","href":"https:\/\/api.w.org\/{rel}","templated":true}]}}