{"id":10202,"date":"2020-12-16T11:40:49","date_gmt":"2020-12-16T10:40:49","guid":{"rendered":"http:\/\/onlinelotto365.net\/?page_id=10202"},"modified":"2022-11-10T09:11:06","modified_gmt":"2022-11-10T08:11:06","slug":"powerball","status":"publish","type":"page","link":"https:\/\/onlinelotto365.com\/et\/pileteid-ostma\/powerball\/","title":{"rendered":"Kuidas osta Powerballi pileteid Eestist online"},"content":{"rendered":"<p>Ilmselt on internet see, mis v\u00f5imaldab teil saada pileti nendele suurtele USA loteriidele internetis. Te ei pea elama USAs, et osaleda ja saada v\u00f5imalus v\u00f5ita neid uskumatuid jackpoteid. V\u00f5ite osta pileti Eestist, kasutades meie veebiteenust.<\/p>\n<p>Saate k\u00f5igepealt registreerida meie juures konto ja seej\u00e4rel valida \u00fcksk\u00f5ik millise meie loteriide hulgast ning valida oma numbrid. V\u00f5i v\u00f5ite esmalt lihtsalt vaadata loteriid ja luua piletid oma numbritega. Kui olete oma valikuga rahul, saate teha kassasse. Sel hetkel palutakse teil luua konto.<\/p>\n<p>M\u00f5lemal juhul peate p\u00e4rast uue konto registreerimist kontrollima oma e-postkasti. Saate kinnitava e-kirja, milles on link. Kl\u00f5psake sellele lingile, et oma e-posti aadressi kinnitada. Kui olete selle teinud, on teie konto aktiveeritud. Kui te ei leia e-kirja, kontrollige palun oma r\u00e4mpsposti kausta. Kui olete e-kirja leidnud, on oluline, et m\u00e4rkige see kui &#8220;mitte r\u00e4mpspost&#8221; v\u00f5i &#8220;mitte r\u00e4mpspost&#8221;. See tagab, et meie tulevased e-kirjad ei satuks teie r\u00e4mpsposti kausta. Kujutage ette, et j\u00e4\u00e4te v\u00f5idust ilma, sest ei saanud selle kohta e-kirja!<br \/>\n<a href=\"https:\/\/redfoxlotto.com\/play\/powerball\/?ref=a8564250a2&amp;medium=ol365\" target=\"_blank\" rel=\"noopener noreferrer\"><img loading=\"lazy\" decoding=\"async\" class=\"aligncenter\" src=\"https:\/\/redfoxlotto.com\/image?size=8&amp;lottery=powerball\" alt=\"powerball\" width=\"793\" height=\"98\" \/><\/a><\/p>\n<h2><strong>Kuidas maksta oma Powerballi pileti eest internetis<\/strong><\/h2>\n<p>Soovitud online loteriipiletite eest tasumiseks on kaks v\u00f5imalust.<\/p>\n<ul>\n<li>Esiteks saate teha sissemakse oma kontole. Seej\u00e4rel saate osta nii palju pileteid, kui soovite, ja kasutada nende eest tasumiseks oma saldot.<\/li>\n<li>Teiseks, valite k\u00f5igepealt piletid ja seej\u00e4rel maksate tellimuse summa eest.<\/li>\n<\/ul>\n<p>Teie k\u00e4sutuses on mitu maksev\u00f5imalust ja need on k\u00f5ik turvaliselt kr\u00fcpteeritud. K\u00f5ige populaarsemad meetodid on krediitkaart ja Bitcoin.<\/p>\n<h2>Rohkem infot Powerballi kohta<\/h2>\n<ul>\n<li>Loterii toimub kus: USA<\/li>\n<li>Mitu p\u00f5hinumbrit on v\u00f5imalik valida: 69<\/li>\n<li>Sa pead valima: 5<\/li>\n<li>Mitu lisanumbrit tuleb valida: 26<\/li>\n<li>Te peate valima: 1<\/li>\n<li>Loosige p\u00e4evad, tunnid: Kolmap\u00e4ev, laup\u00e4ev, 21:00 EST, +1 p\u00e4ev 3:00 CET<\/li>\n<li>Minimaalne jackpot: 40 miljonit dollarit<\/li>\n<li>Maksimaalne jackpoti summa: ei ole<\/li>\n<li>V\u00f5imalik numbrikombinatsioon jackpoti v\u00f5itmiseks: 1: 175.223.510<\/li>\n<li>V\u00f5imalik numbrikombinatsioon 2. taseme v\u00f5idu saamiseks: 1:5.006.386<\/li>\n<li>T\u00f5en\u00e4osus v\u00f5ita \u00fcksk\u00f5ik millisel tasemel: 1:24,87<\/li>\n<li>Mitu auhinnatasandit: 9<\/li>\n<\/ul>\n<p>Alles veidi aega tagasi, 13. veebruaril 2016, v\u00f5itsid kolm \u00f5nnelikku m\u00e4ngijat USA ajaloo suurima loterii jackpot&#8217;i. Uskumatu jackpoti suurus oli kokku 1,5 miljardit USA dollarit, mist\u00f5ttu lotof\u00e4nnid \u00fcle kogu USA veetsid tundide kaupa j\u00e4rjekorras seistes pileti eest. Aga kuidas on lood Eesti lotom\u00e4ngijatega? Kas nad j\u00e4id Powerballi pileti saamisest k\u00f5rvale, kui nad ei viibinud sel ajal tegelikult USAs? Ei, ei olnud &#8211; kui nad oleksid teadnud, et Powerballi v\u00f5i Mega Millions&#8217;i loto saab tegelikult m\u00e4ngida ka Eestist!<\/p>\n<h2>Powerballi piletite ostmise eelised internetis<\/h2>\n<p><img loading=\"lazy\" decoding=\"async\" class=\"size-medium wp-image-1356 alignright\" src=\"https:\/\/onlinelotto365.com\/wp-content\/uploads\/2020\/11\/online_lottery-117-300x217.jpg\" alt=\"m\u00e4ngida Powerballi internetis\" width=\"300\" height=\"217\" \/><br \/>\nSelle online loteriipiletite kullerteenuse kaudu saate osta pileteid enam kui 20 suurima loteriiga sellel planeedil. Isegi kui elad Eestis, saad valida ka teistes riikides loositud loteriid. Loomulikult, kui te ei ela Eestis, kuid soovite saada piletit Eesti loteriile, siis ka seda saate teha internetis!<\/p>\n<h2>Kas Powerballi piletite ostmine internetis on seaduslik?<\/h2>\n<p>Oluline on teada, et tegemist on seadusliku ja usaldusv\u00e4\u00e4rse piletim\u00fc\u00fcgiteenusega. Ostes loto pileti internetis, saad lepingu loteriiga ise &#8211; mis tagab, et raha, mille v\u00f5idad, tuleb neilt!<\/p>\n<h2>Kuidas mulle makstakse raha, kui ma v\u00f5in Powerballi internetis v\u00f5ita?<\/h2>\n<p>Kui sa v\u00f5idad, s\u00f5ltub v\u00e4ljamaksmise kord sellest, kui suure summa sa v\u00f5itsid. V\u00e4iksemad summad, mis j\u00e4\u00e4vad alla 2500 euro, kantakse teie veebikontole. V\u00f5ite selle raha kas v\u00e4lja maksta v\u00f5i kasutada seda selleks, et osta rohkem online-loto pileteid. Kui peaksite v\u00f5itma suurema summa, siis saadame teile vormi, mille peate t\u00e4itma ja meile tagasi saatma. Seej\u00e4rel saadame vormi loteriikomisjonile ja nad maksavad teile v\u00e4lja. See teenus on teile tasuta.<\/p>\n<p>Kui v\u00f5idate Powerballi jackpot&#8217;i oma online-piletiga, peate tegema valiku. Te v\u00f5ite saada kas \u00fchekordse v\u00e4ljamakse, mis on v\u00e4iksem kui tegelik jackpot, v\u00f5i teile makstakse v\u00e4lja 30 aastase osamaksena pluss intressid.<\/p>\n","protected":false},"excerpt":{"rendered":"<p>Ilmselt on internet see, mis v\u00f5imaldab teil saada pileti nendele suurtele USA loteriidele internetis. Te ei pea elama USAs, et osaleda ja saada v\u00f5imalus v\u00f5ita neid uskumatuid jackpoteid. V\u00f5ite osta pileti Eestist, kasutades meie veebiteenust. Saate k\u00f5igepealt registreerida meie juures konto ja seej\u00e4rel valida \u00fcksk\u00f5ik millise meie loteriide hulgast ning valida oma numbrid. V\u00f5i v\u00f5ite [&hellip;]<\/p>\n","protected":false},"author":1,"featured_media":0,"parent":5573,"menu_order":0,"comment_status":"closed","ping_status":"closed","template":"powerball-usa-info.php","meta":{"_et_pb_use_builder":"","_et_pb_old_content":"","_et_gb_content_width":"","exclude_from_search":false,"footnotes":""},"class_list":["post-10202","page","type-page","status-publish","hentry"],"yoast_head":"<!-- This site is optimized with the Yoast SEO plugin v23.4 - https:\/\/yoast.com\/wordpress\/plugins\/seo\/ -->\n<title>Osta Powerball pileteid Eestist online | Powerballist, kuidas osta pileteid online<\/title>\n<meta name=\"description\" content=\"Kuulsa Powerballi loteriipiletite ostmine on n\u00fc\u00fcd lihtne, saada neid internetist Eestist ja mujaltki\" \/>\n<meta name=\"robots\" content=\"index, follow, max-snippet:-1, max-image-preview:large, max-video-preview:-1\" \/>\n<link rel=\"canonical\" href=\"https:\/\/onlinelotto365.com\/et\/pileteid-ostma\/powerball\/\" \/>\n<meta property=\"og:locale\" content=\"et_EE\" \/>\n<meta property=\"og:type\" content=\"article\" \/>\n<meta property=\"og:title\" content=\"Osta Powerball pileteid Eestist online | Powerballist, kuidas osta pileteid online\" \/>\n<meta property=\"og:description\" content=\"Kuulsa Powerballi loteriipiletite ostmine on n\u00fc\u00fcd lihtne, saada neid internetist Eestist ja mujaltki\" \/>\n<meta property=\"og:url\" content=\"https:\/\/onlinelotto365.com\/et\/pileteid-ostma\/powerball\/\" \/>\n<meta property=\"og:site_name\" content=\"OnlineLotto365\" \/>\n<meta property=\"article:modified_time\" content=\"2022-11-10T08:11:06+00:00\" \/>\n<meta property=\"og:image\" content=\"https:\/\/redfoxlotto.com\/image?size=8&amp;lottery=powerball\" \/>\n<meta name=\"twitter:card\" content=\"summary_large_image\" \/>\n<meta name=\"twitter:label1\" content=\"Est. reading time\" \/>\n\t<meta name=\"twitter:data1\" content=\"3 minutit\" \/>\n<script type=\"application\/ld+json\" class=\"yoast-schema-graph\">{\"@context\":\"https:\/\/schema.org\",\"@graph\":[{\"@type\":\"WebPage\",\"@id\":\"https:\/\/onlinelotto365.com\/et\/pileteid-ostma\/powerball\/\",\"url\":\"https:\/\/onlinelotto365.com\/et\/pileteid-ostma\/powerball\/\",\"name\":\"Osta Powerball pileteid Eestist online | Powerballist, kuidas osta pileteid online\",\"isPartOf\":{\"@id\":\"https:\/\/onlinelotto365.com\/et\/#website\"},\"primaryImageOfPage\":{\"@id\":\"https:\/\/onlinelotto365.com\/et\/pileteid-ostma\/powerball\/#primaryimage\"},\"image\":{\"@id\":\"https:\/\/onlinelotto365.com\/et\/pileteid-ostma\/powerball\/#primaryimage\"},\"thumbnailUrl\":\"https:\/\/redfoxlotto.com\/image?size=8&amp;lottery=powerball\",\"datePublished\":\"2020-12-16T10:40:49+00:00\",\"dateModified\":\"2022-11-10T08:11:06+00:00\",\"description\":\"Kuulsa Powerballi loteriipiletite ostmine on n\u00fc\u00fcd lihtne, saada neid internetist Eestist ja mujaltki\",\"breadcrumb\":{\"@id\":\"https:\/\/onlinelotto365.com\/et\/pileteid-ostma\/powerball\/#breadcrumb\"},\"inLanguage\":\"et\",\"potentialAction\":[{\"@type\":\"ReadAction\",\"target\":[\"https:\/\/onlinelotto365.com\/et\/pileteid-ostma\/powerball\/\"]}]},{\"@type\":\"ImageObject\",\"inLanguage\":\"et\",\"@id\":\"https:\/\/onlinelotto365.com\/et\/pileteid-ostma\/powerball\/#primaryimage\",\"url\":\"https:\/\/redfoxlotto.com\/image?size=8&amp;lottery=powerball\",\"contentUrl\":\"https:\/\/redfoxlotto.com\/image?size=8&amp;lottery=powerball\"},{\"@type\":\"BreadcrumbList\",\"@id\":\"https:\/\/onlinelotto365.com\/et\/pileteid-ostma\/powerball\/#breadcrumb\",\"itemListElement\":[{\"@type\":\"ListItem\",\"position\":1,\"name\":\"Home\",\"item\":\"https:\/\/onlinelotto365.com\/et\/\"},{\"@type\":\"ListItem\",\"position\":2,\"name\":\"Osta Loto Pileteid Internetis\",\"item\":\"https:\/\/onlinelotto365.com\/et\/pileteid-ostma\/\"},{\"@type\":\"ListItem\",\"position\":3,\"name\":\"Kuidas osta Powerballi pileteid Eestist online\"}]},{\"@type\":\"WebSite\",\"@id\":\"https:\/\/onlinelotto365.com\/et\/#website\",\"url\":\"https:\/\/onlinelotto365.com\/et\/\",\"name\":\"OnlineLotto365\",\"description\":\"\",\"potentialAction\":[{\"@type\":\"SearchAction\",\"target\":{\"@type\":\"EntryPoint\",\"urlTemplate\":\"https:\/\/onlinelotto365.com\/et\/?s={search_term_string}\"},\"query-input\":{\"@type\":\"PropertyValueSpecification\",\"valueRequired\":true,\"valueName\":\"search_term_string\"}}],\"inLanguage\":\"et\"}]}<\/script>\n<!-- \/ Yoast SEO plugin. -->","yoast_head_json":{"title":"Osta Powerball pileteid Eestist online | Powerballist, kuidas osta pileteid online","description":"Kuulsa Powerballi loteriipiletite ostmine on n\u00fc\u00fcd lihtne, saada neid internetist Eestist ja mujaltki","robots":{"index":"index","follow":"follow","max-snippet":"max-snippet:-1","max-image-preview":"max-image-preview:large","max-video-preview":"max-video-preview:-1"},"canonical":"https:\/\/onlinelotto365.com\/et\/pileteid-ostma\/powerball\/","og_locale":"et_EE","og_type":"article","og_title":"Osta Powerball pileteid Eestist online | Powerballist, kuidas osta pileteid online","og_description":"Kuulsa Powerballi loteriipiletite ostmine on n\u00fc\u00fcd lihtne, saada neid internetist Eestist ja mujaltki","og_url":"https:\/\/onlinelotto365.com\/et\/pileteid-ostma\/powerball\/","og_site_name":"OnlineLotto365","article_modified_time":"2022-11-10T08:11:06+00:00","og_image":[{"url":"https:\/\/redfoxlotto.com\/image?size=8&amp;lottery=powerball"}],"twitter_card":"summary_large_image","twitter_misc":{"Est. reading time":"3 minutit"},"schema":{"@context":"https:\/\/schema.org","@graph":[{"@type":"WebPage","@id":"https:\/\/onlinelotto365.com\/et\/pileteid-ostma\/powerball\/","url":"https:\/\/onlinelotto365.com\/et\/pileteid-ostma\/powerball\/","name":"Osta Powerball pileteid Eestist online | Powerballist, kuidas osta pileteid online","isPartOf":{"@id":"https:\/\/onlinelotto365.com\/et\/#website"},"primaryImageOfPage":{"@id":"https:\/\/onlinelotto365.com\/et\/pileteid-ostma\/powerball\/#primaryimage"},"image":{"@id":"https:\/\/onlinelotto365.com\/et\/pileteid-ostma\/powerball\/#primaryimage"},"thumbnailUrl":"https:\/\/redfoxlotto.com\/image?size=8&amp;lottery=powerball","datePublished":"2020-12-16T10:40:49+00:00","dateModified":"2022-11-10T08:11:06+00:00","description":"Kuulsa Powerballi loteriipiletite ostmine on n\u00fc\u00fcd lihtne, saada neid internetist Eestist ja mujaltki","breadcrumb":{"@id":"https:\/\/onlinelotto365.com\/et\/pileteid-ostma\/powerball\/#breadcrumb"},"inLanguage":"et","potentialAction":[{"@type":"ReadAction","target":["https:\/\/onlinelotto365.com\/et\/pileteid-ostma\/powerball\/"]}]},{"@type":"ImageObject","inLanguage":"et","@id":"https:\/\/onlinelotto365.com\/et\/pileteid-ostma\/powerball\/#primaryimage","url":"https:\/\/redfoxlotto.com\/image?size=8&amp;lottery=powerball","contentUrl":"https:\/\/redfoxlotto.com\/image?size=8&amp;lottery=powerball"},{"@type":"BreadcrumbList","@id":"https:\/\/onlinelotto365.com\/et\/pileteid-ostma\/powerball\/#breadcrumb","itemListElement":[{"@type":"ListItem","position":1,"name":"Home","item":"https:\/\/onlinelotto365.com\/et\/"},{"@type":"ListItem","position":2,"name":"Osta Loto Pileteid Internetis","item":"https:\/\/onlinelotto365.com\/et\/pileteid-ostma\/"},{"@type":"ListItem","position":3,"name":"Kuidas osta Powerballi pileteid Eestist online"}]},{"@type":"WebSite","@id":"https:\/\/onlinelotto365.com\/et\/#website","url":"https:\/\/onlinelotto365.com\/et\/","name":"OnlineLotto365","description":"","potentialAction":[{"@type":"SearchAction","target":{"@type":"EntryPoint","urlTemplate":"https:\/\/onlinelotto365.com\/et\/?s={search_term_string}"},"query-input":{"@type":"PropertyValueSpecification","valueRequired":true,"valueName":"search_term_string"}}],"inLanguage":"et"}]}},"_links":{"self":[{"href":"https:\/\/onlinelotto365.com\/et\/wp-json\/wp\/v2\/pages\/10202","targetHints":{"allow":["GET"]}}],"collection":[{"href":"https:\/\/onlinelotto365.com\/et\/wp-json\/wp\/v2\/pages"}],"about":[{"href":"https:\/\/onlinelotto365.com\/et\/wp-json\/wp\/v2\/types\/page"}],"author":[{"embeddable":true,"href":"https:\/\/onlinelotto365.com\/et\/wp-json\/wp\/v2\/users\/1"}],"replies":[{"embeddable":true,"href":"https:\/\/onlinelotto365.com\/et\/wp-json\/wp\/v2\/comments?post=10202"}],"version-history":[{"count":0,"href":"https:\/\/onlinelotto365.com\/et\/wp-json\/wp\/v2\/pages\/10202\/revisions"}],"up":[{"embeddable":true,"href":"https:\/\/onlinelotto365.com\/et\/wp-json\/wp\/v2\/pages\/5573"}],"wp:attachment":[{"href":"https:\/\/onlinelotto365.com\/et\/wp-json\/wp\/v2\/media?parent=10202"}],"curies":[{"name":"wp","href":"https:\/\/api.w.org\/{rel}","templated":true}]}}