{"id":10204,"date":"2020-12-16T13:56:14","date_gmt":"2020-12-16T12:56:14","guid":{"rendered":"http:\/\/onlinelotto365.net\/?page_id=10204"},"modified":"2021-03-04T09:52:56","modified_gmt":"2021-03-04T08:52:56","slug":"mega-millions","status":"publish","type":"page","link":"https:\/\/onlinelotto365.com\/et\/pileteid-ostma\/mega-millions\/","title":{"rendered":"Mega Millions Lotto Online"},"content":{"rendered":"<h2>Nad Ei Kutsu Seda Mega Millions Nimega Ilma Asjata<\/h2>\n<p>Mega Millions v\u00f5ib alustada v\u00e4iksema minimaalse peav\u00f5iduga kui selle USA loterii \u00f5de Powerball, kuid selle m\u00e4ngu peav\u00f5it v\u00f5ib kasvada \u00fclisuureks, ja see v\u00f5ib olla oma nime v\u00e4\u00e4rne ja seega v\u00f5rreldav paljude teiste maailma mega loteriidega.<\/p>\n<p>Mega Millions on tegelikult seadnud Ameerika suurima peav\u00f5idu rekordi, kus \u00f5nnelikud v\u00f5itjad jagasid kokku 1,6 miljardi suuruse peav\u00f5idu. Mega Millions on maksnud v\u00e4lja kolm Ameerika ajaloo suurimat peav\u00f5itu.<\/p>\n<p><a href=\"https:\/\/redfoxlotto.com\/et\/?ref=A8564250A2&amp;campaign=ol\" target=\"_blank\" rel=\"noopener\"><span style=\"text-decoration: underline;\">See on link lehek\u00fcljele, kust Sul on v\u00f5imalik osta Mega Millions pileteid interenti teel!<\/span><\/a><\/p>\n<h2>Mega Millions formaat<\/h2>\n<p>Mega Millions m\u00e4ngul on kaks loosi n\u00e4dalas, teisip\u00e4eval ja reedel. Just nagu ka Powerball m\u00e4nguga, saavad m\u00e4ngijad valida 5 peanumbrit, kuid 59 numbri asemel mida saad Powerball loteriis valida, on Mega Millions m\u00e4ngus ainult 56 palli, mis t\u00e4hendab, et Sul on suuremad v\u00f5imalused saada 5 v\u00f5idunumbrit.<\/p>\n<p><a href=\"https:\/\/redfoxlotto.com\/play\/mega-millions\/?ref=a8564250a2&amp;medium=ol365\" target=\"_blank\" rel=\"noopener noreferrer\"><img decoding=\"async\" class=\"aligncenter\" src=\"https:\/\/redfoxlotto.com\/image?size=8&amp;lottery=mega-millions\" alt=\"mega millions\" \/><\/a><\/p>\n<h2>Mega miljonite kohta<\/h2>\n<ul>\n<li>Loterii toimub kus: USA<\/li>\n<li>Mitu p\u00f5hinumbrit valida: 70<\/li>\n<li>Peate valima: 5<\/li>\n<li>Mitu lisanumbrit valida: 25<\/li>\n<li>Peate valima: 1<\/li>\n<li>P\u00e4evade ja tundide joonistamine: teisip\u00e4ev, reede, 21:00 EST, +1 p\u00e4ev 3:00 CET<\/li>\n<li>Minimaalne jackpot: 40 miljonit dollarit<\/li>\n<li>Jackpoti maksimaalne summa: puudub<\/li>\n<li>V\u00f5imalik arvude kombinatsioon jackpotiv\u00f5idu saavutamiseks: 1 175,711,536-st<\/li>\n<li>V\u00f5imalik numbrikombinatsioon teise astme v\u00f5idu jaoks: 1 punktis 3.819.816<\/li>\n<li>V\u00f5idu t\u00f5en\u00e4osus mis tahes astmel: 1 24,12-st<\/li>\n<li>Mitu auhinnataset: 9<\/li>\n<\/ul>\n<p>Ka selles loteriis on lisapall, mida kutsutakse Mega Ball-iks, kus Sul on v\u00f5imalik valida 46 numbri seast. Kui Sa oled valinud 5 v\u00f5idunumbrit tavaliste numbrite seast ja lisaks ka Mega Ball-i, siis oled v\u00f5itnud \u00fclisuure peav\u00f5idu, mis on alati Mega Millions m\u00e4ngus v\u00f5itjale pakutud.<\/p>\n<p>Nagu k\u00f5ikide teiste loteriide puhul, siis peav\u00f5idu v\u00f5itja puudumisel kasvab peav\u00f5it seni, kuni keegi v\u00f5idab. See ainult lisab p\u00f5nevusele, lisaks on loterii v\u00e4\u00e4rtus kasvamas iga kord kui peav\u00f5it suureneb. M\u00e4ngimise hind on sama, kuid mida rohkem raha on saadaval, seda parem on pakkumine Sinu jaoks. Kui peav\u00f5it on kasvanud v\u00e4ga suureks, siis seisavad Inimesed j\u00e4rjekordades, et osta oma Powerball piletid.<\/p>\n<p>J\u00e4relikult on see \u00fcks p\u00f5hjustest, miks nii paljud inimesed m\u00e4ngivad rohkem, kui peav\u00f5idud on k\u00fc\u00fcndinud lakke. Teiseks p\u00f5hjuseks on loomulikult see, et suuremate m\u00e4ngusummade puhul on loomulikult p\u00f5nevam m\u00e4ngida. Seega teevad Mega Millions ja Powerball loteriid kindlaks, et isegi nende v\u00e4ikseimad peav\u00f5idud on suured, et m\u00e4ngijad ei peaks kunagi ootama m\u00e4ngur\u00f5\u00f5mu mida pakuvad suured loteriim\u00e4ngud.<\/p>\n<h2>N\u00fc\u00fcd V\u00f5id Sa Osta Mega Millions Lotto Pileteid Internetist<\/h2>\n<p><img loading=\"lazy\" decoding=\"async\" class=\" wp-image-1785 alignright\" src=\"https:\/\/onlinelotto365.com\/wp-content\/uploads\/2020\/11\/online_lottery-159-300x300.jpg\" alt=\"osta megamiljoneid internetis\" width=\"204\" height=\"204\" \/><\/p>\n<p>Enam ei pea sa v\u00f5tma ette seiklusi, et osta Mega Millions loto pileteid. T\u00e4nu interneti poolt pakutavatele mugavustele, v\u00f5id Sa lihtsalt osta nii mitu piletit kui soovid kohe praegu ja iga kell oma arvutist.<\/p>\n<p>Sa ei pea isegi enam elama Ameerikas, sest n\u00fc\u00fcd on v\u00f5imalik inimestel \u00fcle maailma kasutada selle suurep\u00e4rase teenuse eeliseid. P\u00e4rast aastaid ainult kohalike loteriide pakkumist m\u00e4ngijatele ning t\u00e4nu sellele, et internet on meie ees avanud kogu maailma, on kindlasti aeg, et see juhtuks.<\/p>\n<p>RedFoxLotto pakub samuti piletite ostmise v\u00f5imalust mitte ainult Mega Millions m\u00e4ngule, vaid samuti k\u00f5ikidele teistele suurimatele loteriidele maailmas. Sa pead ainult looma endale tasuta konto nendega ning valima, milliseid loteriim\u00e4nge soovid m\u00e4ngida, valima oma numbrid v\u00f5i laskma arvutil need Sinu eest valida, maksma piletite eest kasutades nende mugavaid makseteenuseid, ja sa oledki valmis m\u00e4ngima.<\/p>\n<p>Kui Sa oled ostnud oma piletid oma valitud loterii m\u00e4ngule v\u00f5i m\u00e4ngudele, ostab RedFoxLotto Sinu jaoks piletid, millel on Sinu nimi kirjas, ja hoiab neid Sinu jaoks turvalisena, saates Sulle nende sk\u00e4nni e-maili teel.<\/p>\n<p>Sa ei pea isegi j\u00e4lgima nende loosimisi, sest nad annavad Sulle kohe teada, kas oled v\u00f5itnud ja mis on Su v\u00f5idusumma.<\/p>\n<p>Kord kui oled v\u00f5itnud, pakub RedFoxLotto samuti tuge rahasumma v\u00e4lja v\u00f5tmisel. Kui tegu on v\u00e4iksema summaga, siis saadavad nad lihtsalt raha otse Sinu kontole nendega. Suuremate auhindade puhul aitavad nad Sul t\u00e4ita paberimajanduse ning \u00fclisuurte v\u00f5idusummade puhul v\u00f5ib olla vajalik, et Sa reisiksid kohale, et oma auhind k\u00e4tte saada isiklikult, kuid ma olen kindel, et Sul pole ilmselt midagi selle vastu.<\/p>\n","protected":false},"excerpt":{"rendered":"<p>Nad Ei Kutsu Seda Mega Millions Nimega Ilma Asjata Mega Millions v\u00f5ib alustada v\u00e4iksema minimaalse peav\u00f5iduga kui selle USA loterii \u00f5de Powerball, kuid selle m\u00e4ngu peav\u00f5it v\u00f5ib kasvada \u00fclisuureks, ja see v\u00f5ib olla oma nime v\u00e4\u00e4rne ja seega v\u00f5rreldav paljude teiste maailma mega loteriidega. Mega Millions on tegelikult seadnud Ameerika suurima peav\u00f5idu rekordi, kus \u00f5nnelikud [&hellip;]<\/p>\n","protected":false},"author":1,"featured_media":0,"parent":5573,"menu_order":2,"comment_status":"closed","ping_status":"closed","template":"megamillion-info.php","meta":{"_et_pb_use_builder":"","_et_pb_old_content":"","_et_gb_content_width":"","exclude_from_search":false,"footnotes":""},"class_list":["post-10204","page","type-page","status-publish","hentry"],"yoast_head":"<!-- This site is optimized with the Yoast SEO plugin v23.4 - https:\/\/yoast.com\/wordpress\/plugins\/seo\/ -->\n<title>Mega Millions Lotto Online | Osta Mega Millions pilet kohe<\/title>\n<meta name=\"description\" content=\"Mega Millions Lotto on n\u00fc\u00fcd Eesti elanike jaoks haarav - ostke legaalseid Mega Millions veebipileteid siit\" \/>\n<meta name=\"robots\" content=\"index, follow, max-snippet:-1, max-image-preview:large, max-video-preview:-1\" \/>\n<link rel=\"canonical\" href=\"https:\/\/onlinelotto365.com\/et\/pileteid-ostma\/mega-millions\/\" \/>\n<meta property=\"og:locale\" content=\"et_EE\" \/>\n<meta property=\"og:type\" content=\"article\" \/>\n<meta property=\"og:title\" content=\"Mega Millions Lotto Online | Osta Mega Millions pilet kohe\" \/>\n<meta property=\"og:description\" content=\"Mega Millions Lotto on n\u00fc\u00fcd Eesti elanike jaoks haarav - ostke legaalseid Mega Millions veebipileteid siit\" \/>\n<meta property=\"og:url\" content=\"https:\/\/onlinelotto365.com\/et\/pileteid-ostma\/mega-millions\/\" \/>\n<meta property=\"og:site_name\" content=\"OnlineLotto365\" \/>\n<meta property=\"article:modified_time\" content=\"2021-03-04T08:52:56+00:00\" \/>\n<meta property=\"og:image\" content=\"https:\/\/redfoxlotto.com\/image?size=8&amp;lottery=mega-millions\" \/>\n<meta name=\"twitter:card\" content=\"summary_large_image\" \/>\n<meta name=\"twitter:label1\" content=\"Est. reading time\" \/>\n\t<meta name=\"twitter:data1\" content=\"4 minutit\" \/>\n<script type=\"application\/ld+json\" class=\"yoast-schema-graph\">{\"@context\":\"https:\/\/schema.org\",\"@graph\":[{\"@type\":\"WebPage\",\"@id\":\"https:\/\/onlinelotto365.com\/et\/pileteid-ostma\/mega-millions\/\",\"url\":\"https:\/\/onlinelotto365.com\/et\/pileteid-ostma\/mega-millions\/\",\"name\":\"Mega Millions Lotto Online | Osta Mega Millions pilet kohe\",\"isPartOf\":{\"@id\":\"https:\/\/onlinelotto365.com\/et\/#website\"},\"primaryImageOfPage\":{\"@id\":\"https:\/\/onlinelotto365.com\/et\/pileteid-ostma\/mega-millions\/#primaryimage\"},\"image\":{\"@id\":\"https:\/\/onlinelotto365.com\/et\/pileteid-ostma\/mega-millions\/#primaryimage\"},\"thumbnailUrl\":\"https:\/\/redfoxlotto.com\/image?size=8&amp;lottery=mega-millions\",\"datePublished\":\"2020-12-16T12:56:14+00:00\",\"dateModified\":\"2021-03-04T08:52:56+00:00\",\"description\":\"Mega Millions Lotto on n\u00fc\u00fcd Eesti elanike jaoks haarav - ostke legaalseid Mega Millions veebipileteid siit\",\"breadcrumb\":{\"@id\":\"https:\/\/onlinelotto365.com\/et\/pileteid-ostma\/mega-millions\/#breadcrumb\"},\"inLanguage\":\"et\",\"potentialAction\":[{\"@type\":\"ReadAction\",\"target\":[\"https:\/\/onlinelotto365.com\/et\/pileteid-ostma\/mega-millions\/\"]}]},{\"@type\":\"ImageObject\",\"inLanguage\":\"et\",\"@id\":\"https:\/\/onlinelotto365.com\/et\/pileteid-ostma\/mega-millions\/#primaryimage\",\"url\":\"https:\/\/redfoxlotto.com\/image?size=8&amp;lottery=mega-millions\",\"contentUrl\":\"https:\/\/redfoxlotto.com\/image?size=8&amp;lottery=mega-millions\"},{\"@type\":\"BreadcrumbList\",\"@id\":\"https:\/\/onlinelotto365.com\/et\/pileteid-ostma\/mega-millions\/#breadcrumb\",\"itemListElement\":[{\"@type\":\"ListItem\",\"position\":1,\"name\":\"Home\",\"item\":\"https:\/\/onlinelotto365.com\/et\/\"},{\"@type\":\"ListItem\",\"position\":2,\"name\":\"Osta Loto Pileteid Internetis\",\"item\":\"https:\/\/onlinelotto365.com\/et\/pileteid-ostma\/\"},{\"@type\":\"ListItem\",\"position\":3,\"name\":\"Mega Millions Lotto Online\"}]},{\"@type\":\"WebSite\",\"@id\":\"https:\/\/onlinelotto365.com\/et\/#website\",\"url\":\"https:\/\/onlinelotto365.com\/et\/\",\"name\":\"OnlineLotto365\",\"description\":\"\",\"potentialAction\":[{\"@type\":\"SearchAction\",\"target\":{\"@type\":\"EntryPoint\",\"urlTemplate\":\"https:\/\/onlinelotto365.com\/et\/?s={search_term_string}\"},\"query-input\":{\"@type\":\"PropertyValueSpecification\",\"valueRequired\":true,\"valueName\":\"search_term_string\"}}],\"inLanguage\":\"et\"}]}<\/script>\n<!-- \/ Yoast SEO plugin. -->","yoast_head_json":{"title":"Mega Millions Lotto Online | Osta Mega Millions pilet kohe","description":"Mega Millions Lotto on n\u00fc\u00fcd Eesti elanike jaoks haarav - ostke legaalseid Mega Millions veebipileteid siit","robots":{"index":"index","follow":"follow","max-snippet":"max-snippet:-1","max-image-preview":"max-image-preview:large","max-video-preview":"max-video-preview:-1"},"canonical":"https:\/\/onlinelotto365.com\/et\/pileteid-ostma\/mega-millions\/","og_locale":"et_EE","og_type":"article","og_title":"Mega Millions Lotto Online | Osta Mega Millions pilet kohe","og_description":"Mega Millions Lotto on n\u00fc\u00fcd Eesti elanike jaoks haarav - ostke legaalseid Mega Millions veebipileteid siit","og_url":"https:\/\/onlinelotto365.com\/et\/pileteid-ostma\/mega-millions\/","og_site_name":"OnlineLotto365","article_modified_time":"2021-03-04T08:52:56+00:00","og_image":[{"url":"https:\/\/redfoxlotto.com\/image?size=8&amp;lottery=mega-millions"}],"twitter_card":"summary_large_image","twitter_misc":{"Est. reading time":"4 minutit"},"schema":{"@context":"https:\/\/schema.org","@graph":[{"@type":"WebPage","@id":"https:\/\/onlinelotto365.com\/et\/pileteid-ostma\/mega-millions\/","url":"https:\/\/onlinelotto365.com\/et\/pileteid-ostma\/mega-millions\/","name":"Mega Millions Lotto Online | Osta Mega Millions pilet kohe","isPartOf":{"@id":"https:\/\/onlinelotto365.com\/et\/#website"},"primaryImageOfPage":{"@id":"https:\/\/onlinelotto365.com\/et\/pileteid-ostma\/mega-millions\/#primaryimage"},"image":{"@id":"https:\/\/onlinelotto365.com\/et\/pileteid-ostma\/mega-millions\/#primaryimage"},"thumbnailUrl":"https:\/\/redfoxlotto.com\/image?size=8&amp;lottery=mega-millions","datePublished":"2020-12-16T12:56:14+00:00","dateModified":"2021-03-04T08:52:56+00:00","description":"Mega Millions Lotto on n\u00fc\u00fcd Eesti elanike jaoks haarav - ostke legaalseid Mega Millions veebipileteid siit","breadcrumb":{"@id":"https:\/\/onlinelotto365.com\/et\/pileteid-ostma\/mega-millions\/#breadcrumb"},"inLanguage":"et","potentialAction":[{"@type":"ReadAction","target":["https:\/\/onlinelotto365.com\/et\/pileteid-ostma\/mega-millions\/"]}]},{"@type":"ImageObject","inLanguage":"et","@id":"https:\/\/onlinelotto365.com\/et\/pileteid-ostma\/mega-millions\/#primaryimage","url":"https:\/\/redfoxlotto.com\/image?size=8&amp;lottery=mega-millions","contentUrl":"https:\/\/redfoxlotto.com\/image?size=8&amp;lottery=mega-millions"},{"@type":"BreadcrumbList","@id":"https:\/\/onlinelotto365.com\/et\/pileteid-ostma\/mega-millions\/#breadcrumb","itemListElement":[{"@type":"ListItem","position":1,"name":"Home","item":"https:\/\/onlinelotto365.com\/et\/"},{"@type":"ListItem","position":2,"name":"Osta Loto Pileteid Internetis","item":"https:\/\/onlinelotto365.com\/et\/pileteid-ostma\/"},{"@type":"ListItem","position":3,"name":"Mega Millions Lotto Online"}]},{"@type":"WebSite","@id":"https:\/\/onlinelotto365.com\/et\/#website","url":"https:\/\/onlinelotto365.com\/et\/","name":"OnlineLotto365","description":"","potentialAction":[{"@type":"SearchAction","target":{"@type":"EntryPoint","urlTemplate":"https:\/\/onlinelotto365.com\/et\/?s={search_term_string}"},"query-input":{"@type":"PropertyValueSpecification","valueRequired":true,"valueName":"search_term_string"}}],"inLanguage":"et"}]}},"_links":{"self":[{"href":"https:\/\/onlinelotto365.com\/et\/wp-json\/wp\/v2\/pages\/10204","targetHints":{"allow":["GET"]}}],"collection":[{"href":"https:\/\/onlinelotto365.com\/et\/wp-json\/wp\/v2\/pages"}],"about":[{"href":"https:\/\/onlinelotto365.com\/et\/wp-json\/wp\/v2\/types\/page"}],"author":[{"embeddable":true,"href":"https:\/\/onlinelotto365.com\/et\/wp-json\/wp\/v2\/users\/1"}],"replies":[{"embeddable":true,"href":"https:\/\/onlinelotto365.com\/et\/wp-json\/wp\/v2\/comments?post=10204"}],"version-history":[{"count":0,"href":"https:\/\/onlinelotto365.com\/et\/wp-json\/wp\/v2\/pages\/10204\/revisions"}],"up":[{"embeddable":true,"href":"https:\/\/onlinelotto365.com\/et\/wp-json\/wp\/v2\/pages\/5573"}],"wp:attachment":[{"href":"https:\/\/onlinelotto365.com\/et\/wp-json\/wp\/v2\/media?parent=10204"}],"curies":[{"name":"wp","href":"https:\/\/api.w.org\/{rel}","templated":true}]}}