{"id":4476,"date":"2020-11-30T12:00:53","date_gmt":"2020-11-30T11:00:53","guid":{"rendered":"http:\/\/onlinelotto365.net\/tere-tulemast-saidile-onlinelotto365"},"modified":"2023-10-04T09:12:53","modified_gmt":"2023-10-04T08:12:53","slug":"home","status":"publish","type":"page","link":"https:\/\/onlinelotto365.com\/et\/","title":{"rendered":"Tere tulemast OnlineLotto365!"},"content":{"rendered":"<p>Kuni viimase ajani oli meil loto f\u00e4nnidel v\u00f5imalik m\u00e4ngida loteriid ainult oma enda riigis v\u00f5i asukohas. Me kuulsime nendes suurtest p\u00f5nevatest jackpot-idest mujal, kus m\u00e4ngiti k\u00fcmnete v\u00f5i isegi sadade miljonite dollarite v\u00f5i eurode peale, ning me soovisime, et elaksime nendes kohtades, kus oleks v\u00f5imalik osta pileteid nendele suurtele loteriidele.<\/p>\n<p>Ma tean, et Sa soovid, et saaksid sellest suurep\u00e4rasest tegevusest osa v\u00f5tta sama palju kordi kui mina. Kuid meil pole olnud v\u00f5imalik m\u00e4ngida, veel v\u00e4hem v\u00f5ita.<br \/>\n<a href=\"https:\/\/redfoxlotto.com\/?ref=a8564250a2&amp;medium=ol365\" target=\"_blank\" rel=\"noopener noreferrer\"><img loading=\"lazy\" decoding=\"async\" class=\"aligncenter\" src=\"https:\/\/redfoxlotto.com\/image?size=8&amp;lottery=mega-millions\" alt=\"Mega Millions\" width=\"728\" height=\"90\" \/><\/a><br \/>\nNoh, n\u00fc\u00fcd hakkab k\u00f5ik muutuma. N\u00fc\u00fcd pole meie interneti lotopileti teenuse kaudu absoluutselt mingit erinevust kas elad riigis, kus loterii toimub v\u00f5i mitte.<\/p>\n<h2>Telli n\u00fc\u00fcd lotopiletid internetist<\/h2>\n<p>See pole nagu vanasti, ja nagu me teame on internet avanud hoopis uue maailma, kus absoluutselt k\u00f5ik on internetist k\u00e4ttesaadav. Seega miks mitte saada ligip\u00e4\u00e4s igale suuremale loto jackpotile maailmas? See on idee, mille aeg on kindlasti k\u00e4es, ja n\u00fc\u00fcd on ootamine m\u00f6\u00f6das.<\/p>\n<p>Me oleme teinud interneti ligip\u00e4\u00e4su k\u00f5igele sellele v\u00f5imalikult lihtsaks. Ainus, mida pead tegema, on kl\u00f5psama \u00fchel loteriidel, et saada kohene ligip\u00e4\u00e4s nii paljudele suurtele jackpot-idele. Seej\u00e4rel on Sul ainult vaja j\u00e4rgida lihtsaid juhiseid, mis on Sulle pakutud, valida oma numbrid ja osta pilet.<\/p>\n<h2>Turvaline maksmine interneti loto eest<\/h2>\n<p>See suurep\u00e4rane uus teenus pakub mitmeid k\u00e4ep\u00e4raseid interneti maksemeetodeid 100% turvalise n\u00fc\u00fcdisaekse makset\u00f6\u00f6tleja kaudu. Kui oled ostnud oma piletid \u00e4ra, siis saadavad nad Sulle e-maili kinnituse ja Sa n\u00e4ed oma piletid kliendikontol. Me pakume ka tasuta tuge oma v\u00f5idusummade k\u00e4ttesaamisel, midagi mis Sul on l\u00e4heb vaja kuna Sa ei ela riigis, kus see loterii toimub. Siinpuhul pole vaja millegi \u00fcle muretseda, sest meil on k\u00f5ik t\u00e4iesti kontrolli all klientide jaoks.<\/p>\n<h2>Mida suurem jackpot, seda suuremad v\u00f5iduv\u00f5imalused Sul on<\/h2>\n<p><img loading=\"lazy\" decoding=\"async\" class=\" wp-image-1840 alignright\" src=\"https:\/\/onlinelotto365.com\/wp-content\/uploads\/2023\/10\/online_lottery-164-300x250-1.jpg\" alt=\"loto interneti teenus \" width=\"250\" height=\"200\" \/><br \/>\nPole mingi saladus, et loterii m\u00e4ngimise v\u00e4\u00e4rtus t\u00f5useb siis, kui ka jackpotid t\u00f5usevad. Seega kui Sa oled omadega j\u00e4nnis ootamas suurt lotot oma riigis, mis kasvaks v\u00e4ga suureks, siis ootad sa enamus ajast. Kindlasti on siiski ka v\u00e4ga l\u00f5bus m\u00e4ngida v\u00e4iksemate jackpot-idega, kuid pole absoluutselt mitte midagi sarnast kui suurte lotode m\u00e4ngimine internetis. See pole mitte ainult palju l\u00f5busam, kujutades ennast ette v\u00f5itmas suuri auhindu mida me n\u00e4eme teiste pealt, kuid nende suurte loteriide v\u00f5iduv\u00f5imalused on samuti palju paremad.<\/p>\n<p>N\u00fc\u00fcd on Sul ligip\u00e4\u00e4s k\u00f5ikidele suurtele m\u00e4ngudele, sealhulgas ka U.S. Powerball ja Mega Millions, Hispaania El Gordo, Itaalia Superenalotto, EuroMillions, Eurojackpot ja British Lottery, erinevad Austraalia loteriid ja palju palju muud.<\/p>\n<p>Isegi kui Sa oled ainult p\u00f5gus loto f\u00e4nn, siis milleks piirata ennast ainult nendele m\u00e4ngudele, mida saad osta poest, kui Sa saaksid laiendada oma silmapiiri ning h\u00f5lmata kogu maailma l\u00e4bi selle suurep\u00e4rase interneti teenuse? Veelkord, nad pakuvad seda k\u00f5ike meile tasu eest, kuid nad ei v\u00e4henda midagi meie v\u00f5idusummadest.<\/p>\n<h2>Ajaloo suurimad palgap\u00e4evad<\/h2>\n<p><img loading=\"lazy\" decoding=\"async\" class=\" wp-image-1840 alignright\" src=\"https:\/\/onlinelotto365.com\/wp-content\/uploads\/2021\/02\/international-lottery.jpg\" alt=\"rahvusvahelised loteriid \" width=\"250\" height=\"200\" \/><br \/>\nSiin on nimekiri suurimatest jackpot-idest viimaste aastate jooksul. Pole mingi \u00fcllatus, et nad on k\u00f5ik aset v\u00f5tnud USA-s. Suured USA loteriid Powerball ja Mega Millions loovad \u00fclisuuri v\u00e4ljamakseid regulaarselt. Seega pole mingi \u00fcllatus, et enamus interneti oste on Powerball ja Mega Millions piletite jaoks.<\/p>\n<ul>\n<li>$ 1568 miljonit, Powerball jackpot v\u00f5ideti 13. jaanuaril 2016.a. See jackpot jagadi 3 v\u00f5itja vahel.<\/li>\n<li>$ 1537 miljonit, Mega Millions jackpot v\u00f5ideti \u00fcksikm\u00e4ngija poolt 23. oktoobril 2018.a.<\/li>\n<li>$ 1000 miljonit, Mega Millions jackpot v\u00f5ideti \u00fcksikm\u00e4ngija poolt 22. jaanuaril 2021.a.<\/li>\n<li>$ 768 miljonit, v\u00f5ideti Powerball m\u00e4ngus 27. m\u00e4rtsil 2019.a.<\/li>\n<li>$ 758 miljonit, v\u00f5ideti Powerball m\u00e4ngus \u00fcksikm\u00e4ngija poolt 2017.a. augustis<\/li>\n<li>$ 730 miljonit, v\u00f5ideti Powerball m\u00e4ngus \u00fcksikm\u00e4ngija poolt 20. jaanuaril 2021.a.<\/li>\n<li>$ 687 miljonit, jagati kahe Powerball v\u00f5itja vahel 27. oktoobril 2018.a.<\/li>\n<li>$ 656 miljonit, Mega Millions jackpot jagati kolme v\u00f5itja vahel 2016.a. m\u00e4rtsis<\/li>\n<\/ul>\n<p>N\u00fc\u00fcd on Sul v\u00f5imalus v\u00f5ita suurelt \u00fches nendes loteriides. Ole valmis olema paljastatud parimatele m\u00e4ngudele, mida maailm pakub ja mis veelgi olulisem, paranda oma v\u00f5iduv\u00f5imalusi varanduse v\u00f5itmiseks internetis!<\/p>\n<h2>Loto evolutsioon<\/h2>\n<p>Ajalooliselt tundub, et esimesed loteriid toimusid Hiinas, ja isegi olid need loteriid kasutatud avalike projektide finantseerimiseks. Isegi Suur Hiina M\u00fc\u00fcr v\u00f5is olla \u00fcks nendest projektidest. Sajandite jooksul on loteriid enamalt jaolt olnud sanktsioneeritud ning juhitud riikide ja valitsuste poolt raha kogumiseks.<\/p>\n<h2>Loterii t\u00e4nap\u00e4eval<\/h2>\n<p>Kuna internet on teinud enamus asju meie jaoks lihtsamaks, siis on enamus rahvuslikke loteriisid hakanud pakkuma pileti ostmist internetis. Kuid loto pileti ostmine internetis rahvuslike loteriide veebisaitide poolt on vastava loterii riigi poolt piiratud. See piirang on n\u00fc\u00fcdseks eemaldatud loterii evolutsiooni j\u00e4rgmises sammus.<\/p>\n<h2>Rohkem loterii valikuid annab Sulle paremad v\u00f5iduv\u00f5imalused<\/h2>\n<p>Meie taolise interneti teenuse idee, mis v\u00f5imaldab loto f\u00e4nnidel v\u00f5tta osa loteriidest muudest riikidest oli arengus loogiline j\u00e4rgmine samm. N\u00fc\u00fcd on lotom\u00e4ngijatel v\u00f5imalik valida mitmete loteriide seast. Panustades hetke suurimate jackpot-ide peale on neil v\u00f5imalik parandada oma v\u00f5iduv\u00f5imalusi m\u00e4rgatavalt. Loteriide jaoks nagu n\u00e4iteks Mega Millions, Powerball ja Euromillions, kasvab internetist ostetud loteriipiletite protsent m\u00e4ngijate poolt \u00fcle maailma iga kuu.<\/p>\n","protected":false},"excerpt":{"rendered":"<p>Kuni viimase ajani oli meil loto f\u00e4nnidel v\u00f5imalik m\u00e4ngida loteriid ainult oma enda riigis v\u00f5i asukohas. Me kuulsime nendes suurtest p\u00f5nevatest jackpot-idest mujal, kus m\u00e4ngiti k\u00fcmnete v\u00f5i isegi sadade miljonite dollarite v\u00f5i eurode peale, ning me soovisime, et elaksime nendes kohtades, kus oleks v\u00f5imalik osta pileteid nendele suurtele loteriidele. Ma tean, et Sa soovid, et [&hellip;]<\/p>\n","protected":false},"author":1,"featured_media":0,"parent":0,"menu_order":1,"comment_status":"closed","ping_status":"closed","template":"lotto.php","meta":{"_et_pb_use_builder":"","_et_pb_old_content":"","_et_gb_content_width":"","exclude_from_search":false,"footnotes":""},"class_list":["post-4476","page","type-page","status-publish","hentry"],"yoast_head":"<!-- This site is optimized with the Yoast SEO plugin v23.4 - https:\/\/yoast.com\/wordpress\/plugins\/seo\/ -->\n<title>Loto Internetis | K\u00f5ik maailma loterii jackpotid k\u00e4ttesaadaval internetis<\/title>\n<meta name=\"description\" content=\"Interneti lotopileti teenus iga rahvusvahelise jackpot-i jaoks. Osta piletid mistahes loteriile maailmas, hoolimata kus elad\" \/>\n<meta name=\"robots\" content=\"index, follow, max-snippet:-1, max-image-preview:large, max-video-preview:-1\" \/>\n<link rel=\"canonical\" href=\"https:\/\/onlinelotto365.com\/et\/\" \/>\n<meta property=\"og:locale\" content=\"et_EE\" \/>\n<meta property=\"og:type\" content=\"article\" \/>\n<meta property=\"og:title\" content=\"Loto Internetis | K\u00f5ik maailma loterii jackpotid k\u00e4ttesaadaval internetis\" \/>\n<meta property=\"og:description\" content=\"Interneti lotopileti teenus iga rahvusvahelise jackpot-i jaoks. Osta piletid mistahes loteriile maailmas, hoolimata kus elad\" \/>\n<meta property=\"og:url\" content=\"https:\/\/onlinelotto365.com\/et\/\" \/>\n<meta property=\"og:site_name\" content=\"OnlineLotto365\" \/>\n<meta property=\"article:modified_time\" content=\"2023-10-04T08:12:53+00:00\" \/>\n<meta property=\"og:image\" content=\"https:\/\/redfoxlotto.com\/image?size=8&amp;lottery=mega-millions\" \/>\n<meta name=\"twitter:card\" content=\"summary_large_image\" \/>\n<meta name=\"twitter:label1\" content=\"Est. reading time\" \/>\n\t<meta name=\"twitter:data1\" content=\"4 minutit\" \/>\n<script type=\"application\/ld+json\" class=\"yoast-schema-graph\">{\"@context\":\"https:\/\/schema.org\",\"@graph\":[{\"@type\":\"WebPage\",\"@id\":\"https:\/\/onlinelotto365.com\/et\/\",\"url\":\"https:\/\/onlinelotto365.com\/et\/\",\"name\":\"Loto Internetis | K\u00f5ik maailma loterii jackpotid k\u00e4ttesaadaval internetis\",\"isPartOf\":{\"@id\":\"https:\/\/onlinelotto365.com\/et\/#website\"},\"primaryImageOfPage\":{\"@id\":\"https:\/\/onlinelotto365.com\/et\/#primaryimage\"},\"image\":{\"@id\":\"https:\/\/onlinelotto365.com\/et\/#primaryimage\"},\"thumbnailUrl\":\"https:\/\/redfoxlotto.com\/image?size=8&amp;lottery=mega-millions\",\"datePublished\":\"2020-11-30T11:00:53+00:00\",\"dateModified\":\"2023-10-04T08:12:53+00:00\",\"description\":\"Interneti lotopileti teenus iga rahvusvahelise jackpot-i jaoks. Osta piletid mistahes loteriile maailmas, hoolimata kus elad\",\"breadcrumb\":{\"@id\":\"https:\/\/onlinelotto365.com\/et\/#breadcrumb\"},\"inLanguage\":\"et\",\"potentialAction\":[{\"@type\":\"ReadAction\",\"target\":[\"https:\/\/onlinelotto365.com\/et\/\"]}]},{\"@type\":\"ImageObject\",\"inLanguage\":\"et\",\"@id\":\"https:\/\/onlinelotto365.com\/et\/#primaryimage\",\"url\":\"https:\/\/redfoxlotto.com\/image?size=8&amp;lottery=mega-millions\",\"contentUrl\":\"https:\/\/redfoxlotto.com\/image?size=8&amp;lottery=mega-millions\"},{\"@type\":\"BreadcrumbList\",\"@id\":\"https:\/\/onlinelotto365.com\/et\/#breadcrumb\",\"itemListElement\":[{\"@type\":\"ListItem\",\"position\":1,\"name\":\"Home\",\"item\":\"https:\/\/onlinelotto365.com\/et\/\"},{\"@type\":\"ListItem\",\"position\":2,\"name\":\"Tere tulemast OnlineLotto365!\"}]},{\"@type\":\"WebSite\",\"@id\":\"https:\/\/onlinelotto365.com\/et\/#website\",\"url\":\"https:\/\/onlinelotto365.com\/et\/\",\"name\":\"OnlineLotto365\",\"description\":\"\",\"potentialAction\":[{\"@type\":\"SearchAction\",\"target\":{\"@type\":\"EntryPoint\",\"urlTemplate\":\"https:\/\/onlinelotto365.com\/et\/?s={search_term_string}\"},\"query-input\":{\"@type\":\"PropertyValueSpecification\",\"valueRequired\":true,\"valueName\":\"search_term_string\"}}],\"inLanguage\":\"et\"}]}<\/script>\n<!-- \/ Yoast SEO plugin. -->","yoast_head_json":{"title":"Loto Internetis | K\u00f5ik maailma loterii jackpotid k\u00e4ttesaadaval internetis","description":"Interneti lotopileti teenus iga rahvusvahelise jackpot-i jaoks. Osta piletid mistahes loteriile maailmas, hoolimata kus elad","robots":{"index":"index","follow":"follow","max-snippet":"max-snippet:-1","max-image-preview":"max-image-preview:large","max-video-preview":"max-video-preview:-1"},"canonical":"https:\/\/onlinelotto365.com\/et\/","og_locale":"et_EE","og_type":"article","og_title":"Loto Internetis | K\u00f5ik maailma loterii jackpotid k\u00e4ttesaadaval internetis","og_description":"Interneti lotopileti teenus iga rahvusvahelise jackpot-i jaoks. Osta piletid mistahes loteriile maailmas, hoolimata kus elad","og_url":"https:\/\/onlinelotto365.com\/et\/","og_site_name":"OnlineLotto365","article_modified_time":"2023-10-04T08:12:53+00:00","og_image":[{"url":"https:\/\/redfoxlotto.com\/image?size=8&amp;lottery=mega-millions"}],"twitter_card":"summary_large_image","twitter_misc":{"Est. reading time":"4 minutit"},"schema":{"@context":"https:\/\/schema.org","@graph":[{"@type":"WebPage","@id":"https:\/\/onlinelotto365.com\/et\/","url":"https:\/\/onlinelotto365.com\/et\/","name":"Loto Internetis | K\u00f5ik maailma loterii jackpotid k\u00e4ttesaadaval internetis","isPartOf":{"@id":"https:\/\/onlinelotto365.com\/et\/#website"},"primaryImageOfPage":{"@id":"https:\/\/onlinelotto365.com\/et\/#primaryimage"},"image":{"@id":"https:\/\/onlinelotto365.com\/et\/#primaryimage"},"thumbnailUrl":"https:\/\/redfoxlotto.com\/image?size=8&amp;lottery=mega-millions","datePublished":"2020-11-30T11:00:53+00:00","dateModified":"2023-10-04T08:12:53+00:00","description":"Interneti lotopileti teenus iga rahvusvahelise jackpot-i jaoks. Osta piletid mistahes loteriile maailmas, hoolimata kus elad","breadcrumb":{"@id":"https:\/\/onlinelotto365.com\/et\/#breadcrumb"},"inLanguage":"et","potentialAction":[{"@type":"ReadAction","target":["https:\/\/onlinelotto365.com\/et\/"]}]},{"@type":"ImageObject","inLanguage":"et","@id":"https:\/\/onlinelotto365.com\/et\/#primaryimage","url":"https:\/\/redfoxlotto.com\/image?size=8&amp;lottery=mega-millions","contentUrl":"https:\/\/redfoxlotto.com\/image?size=8&amp;lottery=mega-millions"},{"@type":"BreadcrumbList","@id":"https:\/\/onlinelotto365.com\/et\/#breadcrumb","itemListElement":[{"@type":"ListItem","position":1,"name":"Home","item":"https:\/\/onlinelotto365.com\/et\/"},{"@type":"ListItem","position":2,"name":"Tere tulemast OnlineLotto365!"}]},{"@type":"WebSite","@id":"https:\/\/onlinelotto365.com\/et\/#website","url":"https:\/\/onlinelotto365.com\/et\/","name":"OnlineLotto365","description":"","potentialAction":[{"@type":"SearchAction","target":{"@type":"EntryPoint","urlTemplate":"https:\/\/onlinelotto365.com\/et\/?s={search_term_string}"},"query-input":{"@type":"PropertyValueSpecification","valueRequired":true,"valueName":"search_term_string"}}],"inLanguage":"et"}]}},"_links":{"self":[{"href":"https:\/\/onlinelotto365.com\/et\/wp-json\/wp\/v2\/pages\/4476","targetHints":{"allow":["GET"]}}],"collection":[{"href":"https:\/\/onlinelotto365.com\/et\/wp-json\/wp\/v2\/pages"}],"about":[{"href":"https:\/\/onlinelotto365.com\/et\/wp-json\/wp\/v2\/types\/page"}],"author":[{"embeddable":true,"href":"https:\/\/onlinelotto365.com\/et\/wp-json\/wp\/v2\/users\/1"}],"replies":[{"embeddable":true,"href":"https:\/\/onlinelotto365.com\/et\/wp-json\/wp\/v2\/comments?post=4476"}],"version-history":[{"count":0,"href":"https:\/\/onlinelotto365.com\/et\/wp-json\/wp\/v2\/pages\/4476\/revisions"}],"wp:attachment":[{"href":"https:\/\/onlinelotto365.com\/et\/wp-json\/wp\/v2\/media?parent=4476"}],"curies":[{"name":"wp","href":"https:\/\/api.w.org\/{rel}","templated":true}]}}