{"id":5015,"date":"2020-12-03T08:34:43","date_gmt":"2020-12-03T07:34:43","guid":{"rendered":"http:\/\/onlinelotto365.net\/?page_id=5015"},"modified":"2022-11-08T11:23:43","modified_gmt":"2022-11-08T10:23:43","slug":"mangida","status":"publish","type":"page","link":"https:\/\/onlinelotto365.com\/et\/mangida\/","title":{"rendered":"K\u00f5ik, mida sa pead teadma oma v\u00f5imaluste kohta, et m\u00e4ngida parimaid loteriisid internetis"},"content":{"rendered":"<p>Otsid, et alustada loterii m\u00e4ngimist? Kui jah, siis tahad kindlasti tutvuda oma online-v\u00f5imalustega. K\u00f5ik suured lotom\u00e4ngud, peaaegu k\u00f5ikjal maailmas, on teile k\u00e4ttesaadavad internetis m\u00e4ngimiseks. Sa pead lihtsalt teadma, kust otsida ja kuidas alustada. Teie \u00f5nneks on seda tegelikult v\u00e4ga lihtne teha. Sa pead lihtsalt meie veebisaidi j\u00e4rjehoidja ja vaatama tagasi, et saada ajakohastatud teavet. Leiad palju v\u00f5imalusi, et m\u00e4ngida iga loteriim\u00e4ngu, mida n\u00e4ed, mis tahes loetletud riikidest.<\/p>\n<p>Online-variantide juures on suurep\u00e4rane see, et see v\u00f5imaldab teil m\u00e4ngida m\u00e4nge, mis asuvad \u00fcle kogu maailma. Sa ei ole enam piiratud ainult nende m\u00e4ngudega, mida saad m\u00e4ngida oma kohalikus mugavuspoes. Selle asemel saad vaadata, kuidas m\u00e4nge erinevates riikides m\u00e4ngitakse, ja proovida neis oma \u00f5nne.<\/p>\n<p><a href=\"https:\/\/redfoxlotto.com\/play\/mega-millions\/?ref=a8564250a2&amp;medium=ol365\" target=\"_blank\" rel=\"noopener noreferrer\"><img loading=\"lazy\" decoding=\"async\" class=\"aligncenter\" src=\"https:\/\/redfoxlotto.com\/image?size=7&amp;lottery=mega-millions\" alt=\"play mega millions\" width=\"841\" height=\"108\" \/><\/a><\/p>\n<h2>Internetis loteriid m\u00e4ngides on teil rohkem valikuv\u00f5imalusi<\/h2>\n<p>Parim osa online-loteriis m\u00e4ngimisest on see, et igal ajal on saadaval suur jackpot, mida v\u00f5id v\u00f5ita. Kui te piirdute kohaliku loto m\u00e4ngimisega, peate v\u00f5ib-olla kaua ootama, kuni jackpot kasvab nii suureks, et on m\u00f5tet piletidesse raha investeerida.<\/p>\n<p>On selge, et jackpoti suurus on teie otsuse tegemisel oluline. Suurem auhind t\u00e4hendab, et teie matemaatiline v\u00f5iduootus on suurem. Seep\u00e4rast kulutab enamik meie kliente oma loto raha sellele jackpotile, mis on hetkel k\u00f5ige suurem.<\/p>\n<h2>Kuidas t\u00f6\u00f6tab online-loto teenus?<\/h2>\n<p>Kiireim viis hakata internetis lotot m\u00e4ngima on kl\u00f5psata \u00fchel lotonupul v\u00f5i -b\u00e4nneril ja valida oma numbrid, et luua pilet. Soovi korral saate m\u00e4ngida rohkem kui \u00fchte loteriid. Lihtsalt lisage oma ostukorvi nii palju pileteid, kui soovite. Seej\u00e4rel kl\u00f5psake kassasse ja makske. Sa pead looma meie juures konto. \u00c4ra unusta oma kontot kinnitada &#8211; otsi oma postkastis kinnituse e-kirja. Kui seal ei ole e-kirja, leiad selle oma kaustast tundmatute saatjate v\u00f5i v\u00f5ib-olla r\u00e4mpsposti kastist.<\/p>\n<h2>Kas ma saan m\u00e4ngida oma elukohariigist?<\/h2>\n<p>See ei ole t\u00f5esti oluline, kus sa elad. Loto m\u00e4ngimine internetis toimib (peaaegu) k\u00f5ikjalt. Ainsad erandid on see, et me ei saa vastu v\u00f5tta kliente USAst ja Hollandist.<\/p>\n<h2>Kuidas ma saan oma v\u00f5idud k\u00e4tte?<\/h2>\n<p>Meie loteriipileti teenus sisaldab meie abi, kui tegemist on teie v\u00f5itude v\u00e4ljamaksmisega. Selleks on kaks erinevat menetlust:<\/p>\n<ul>\n<li>Alla 2500 euro suurused v\u00f5idud: v\u00f5idetud summa kantakse teie kasutajakontole meie veebisaidil. Sealt saate raha v\u00e4lja maksta n\u00e4iteks oma krediitkaardile v\u00f5i pangakontole.<\/li>\n<li>\u00dcle 2500 euro suurused v\u00f5idud: Suuremate summade v\u00e4ljamaksed teeb otse loterii ise. Anname teile vormi, mille peate t\u00e4itma ja meile tagasi saatma. Vorm sisaldab teie juhiseid v\u00e4ljamaksmiseks, mis v\u00f5ib olla kas panga\u00fclekanne v\u00f5i t\u0161ekk. K\u00f5ik see toimub internetis. Me saadame vormi loteriile ja nad saadavad raha teie pangakontole v\u00f5i saadavad teile t\u0161eki &#8211; vastavalt teie soovile.<\/li>\n<\/ul>\n","protected":false},"excerpt":{"rendered":"<p>Otsid, et alustada loterii m\u00e4ngimist? Kui jah, siis tahad kindlasti tutvuda oma online-v\u00f5imalustega. K\u00f5ik suured lotom\u00e4ngud, peaaegu k\u00f5ikjal maailmas, on teile k\u00e4ttesaadavad internetis m\u00e4ngimiseks. Sa pead lihtsalt teadma, kust otsida ja kuidas alustada. Teie \u00f5nneks on seda tegelikult v\u00e4ga lihtne teha. Sa pead lihtsalt meie veebisaidi j\u00e4rjehoidja ja vaatama tagasi, et saada ajakohastatud teavet. Leiad [&hellip;]<\/p>\n","protected":false},"author":1,"featured_media":0,"parent":0,"menu_order":2,"comment_status":"closed","ping_status":"closed","template":"Play-all.php","meta":{"_et_pb_use_builder":"","_et_pb_old_content":"","_et_gb_content_width":"","exclude_from_search":false,"footnotes":""},"class_list":["post-5015","page","type-page","status-publish","hentry"],"yoast_head":"<!-- This site is optimized with the Yoast SEO plugin v23.4 - https:\/\/yoast.com\/wordpress\/plugins\/seo\/ -->\n<title>Play Lotto Online - rohkem jackpotid loterii f\u00e4nnid \u00fcle kogu maailma<\/title>\n<meta name=\"description\" content=\"Teeme teile v\u00e4lismaiste loteriide m\u00e4ngimise internetis lihtsaks - k\u00f5ik suured jackpotid on siin olemas\" \/>\n<meta name=\"robots\" content=\"index, follow, max-snippet:-1, max-image-preview:large, max-video-preview:-1\" \/>\n<link rel=\"canonical\" href=\"https:\/\/onlinelotto365.com\/et\/mangida\/\" \/>\n<meta property=\"og:locale\" content=\"et_EE\" \/>\n<meta property=\"og:type\" content=\"article\" \/>\n<meta property=\"og:title\" content=\"Play Lotto Online - rohkem jackpotid loterii f\u00e4nnid \u00fcle kogu maailma\" \/>\n<meta property=\"og:description\" content=\"Teeme teile v\u00e4lismaiste loteriide m\u00e4ngimise internetis lihtsaks - k\u00f5ik suured jackpotid on siin olemas\" \/>\n<meta property=\"og:url\" content=\"https:\/\/onlinelotto365.com\/et\/mangida\/\" \/>\n<meta property=\"og:site_name\" content=\"OnlineLotto365\" \/>\n<meta property=\"article:modified_time\" content=\"2022-11-08T10:23:43+00:00\" \/>\n<meta property=\"og:image\" content=\"https:\/\/redfoxlotto.com\/image?size=7&amp;lottery=mega-millions\" \/>\n<meta name=\"twitter:card\" content=\"summary_large_image\" \/>\n<meta name=\"twitter:label1\" content=\"Est. reading time\" \/>\n\t<meta name=\"twitter:data1\" content=\"2 minutit\" \/>\n<script type=\"application\/ld+json\" class=\"yoast-schema-graph\">{\"@context\":\"https:\/\/schema.org\",\"@graph\":[{\"@type\":\"WebPage\",\"@id\":\"https:\/\/onlinelotto365.com\/et\/mangida\/\",\"url\":\"https:\/\/onlinelotto365.com\/et\/mangida\/\",\"name\":\"Play Lotto Online - rohkem jackpotid loterii f\u00e4nnid \u00fcle kogu maailma\",\"isPartOf\":{\"@id\":\"https:\/\/onlinelotto365.com\/et\/#website\"},\"primaryImageOfPage\":{\"@id\":\"https:\/\/onlinelotto365.com\/et\/mangida\/#primaryimage\"},\"image\":{\"@id\":\"https:\/\/onlinelotto365.com\/et\/mangida\/#primaryimage\"},\"thumbnailUrl\":\"https:\/\/redfoxlotto.com\/image?size=7&amp;lottery=mega-millions\",\"datePublished\":\"2020-12-03T07:34:43+00:00\",\"dateModified\":\"2022-11-08T10:23:43+00:00\",\"description\":\"Teeme teile v\u00e4lismaiste loteriide m\u00e4ngimise internetis lihtsaks - k\u00f5ik suured jackpotid on siin olemas\",\"breadcrumb\":{\"@id\":\"https:\/\/onlinelotto365.com\/et\/mangida\/#breadcrumb\"},\"inLanguage\":\"et\",\"potentialAction\":[{\"@type\":\"ReadAction\",\"target\":[\"https:\/\/onlinelotto365.com\/et\/mangida\/\"]}]},{\"@type\":\"ImageObject\",\"inLanguage\":\"et\",\"@id\":\"https:\/\/onlinelotto365.com\/et\/mangida\/#primaryimage\",\"url\":\"https:\/\/redfoxlotto.com\/image?size=7&amp;lottery=mega-millions\",\"contentUrl\":\"https:\/\/redfoxlotto.com\/image?size=7&amp;lottery=mega-millions\"},{\"@type\":\"BreadcrumbList\",\"@id\":\"https:\/\/onlinelotto365.com\/et\/mangida\/#breadcrumb\",\"itemListElement\":[{\"@type\":\"ListItem\",\"position\":1,\"name\":\"Home\",\"item\":\"https:\/\/onlinelotto365.com\/et\/\"},{\"@type\":\"ListItem\",\"position\":2,\"name\":\"K\u00f5ik, mida sa pead teadma oma v\u00f5imaluste kohta, et m\u00e4ngida parimaid loteriisid internetis\"}]},{\"@type\":\"WebSite\",\"@id\":\"https:\/\/onlinelotto365.com\/et\/#website\",\"url\":\"https:\/\/onlinelotto365.com\/et\/\",\"name\":\"OnlineLotto365\",\"description\":\"\",\"potentialAction\":[{\"@type\":\"SearchAction\",\"target\":{\"@type\":\"EntryPoint\",\"urlTemplate\":\"https:\/\/onlinelotto365.com\/et\/?s={search_term_string}\"},\"query-input\":{\"@type\":\"PropertyValueSpecification\",\"valueRequired\":true,\"valueName\":\"search_term_string\"}}],\"inLanguage\":\"et\"}]}<\/script>\n<!-- \/ Yoast SEO plugin. -->","yoast_head_json":{"title":"Play Lotto Online - rohkem jackpotid loterii f\u00e4nnid \u00fcle kogu maailma","description":"Teeme teile v\u00e4lismaiste loteriide m\u00e4ngimise internetis lihtsaks - k\u00f5ik suured jackpotid on siin olemas","robots":{"index":"index","follow":"follow","max-snippet":"max-snippet:-1","max-image-preview":"max-image-preview:large","max-video-preview":"max-video-preview:-1"},"canonical":"https:\/\/onlinelotto365.com\/et\/mangida\/","og_locale":"et_EE","og_type":"article","og_title":"Play Lotto Online - rohkem jackpotid loterii f\u00e4nnid \u00fcle kogu maailma","og_description":"Teeme teile v\u00e4lismaiste loteriide m\u00e4ngimise internetis lihtsaks - k\u00f5ik suured jackpotid on siin olemas","og_url":"https:\/\/onlinelotto365.com\/et\/mangida\/","og_site_name":"OnlineLotto365","article_modified_time":"2022-11-08T10:23:43+00:00","og_image":[{"url":"https:\/\/redfoxlotto.com\/image?size=7&amp;lottery=mega-millions"}],"twitter_card":"summary_large_image","twitter_misc":{"Est. reading time":"2 minutit"},"schema":{"@context":"https:\/\/schema.org","@graph":[{"@type":"WebPage","@id":"https:\/\/onlinelotto365.com\/et\/mangida\/","url":"https:\/\/onlinelotto365.com\/et\/mangida\/","name":"Play Lotto Online - rohkem jackpotid loterii f\u00e4nnid \u00fcle kogu maailma","isPartOf":{"@id":"https:\/\/onlinelotto365.com\/et\/#website"},"primaryImageOfPage":{"@id":"https:\/\/onlinelotto365.com\/et\/mangida\/#primaryimage"},"image":{"@id":"https:\/\/onlinelotto365.com\/et\/mangida\/#primaryimage"},"thumbnailUrl":"https:\/\/redfoxlotto.com\/image?size=7&amp;lottery=mega-millions","datePublished":"2020-12-03T07:34:43+00:00","dateModified":"2022-11-08T10:23:43+00:00","description":"Teeme teile v\u00e4lismaiste loteriide m\u00e4ngimise internetis lihtsaks - k\u00f5ik suured jackpotid on siin olemas","breadcrumb":{"@id":"https:\/\/onlinelotto365.com\/et\/mangida\/#breadcrumb"},"inLanguage":"et","potentialAction":[{"@type":"ReadAction","target":["https:\/\/onlinelotto365.com\/et\/mangida\/"]}]},{"@type":"ImageObject","inLanguage":"et","@id":"https:\/\/onlinelotto365.com\/et\/mangida\/#primaryimage","url":"https:\/\/redfoxlotto.com\/image?size=7&amp;lottery=mega-millions","contentUrl":"https:\/\/redfoxlotto.com\/image?size=7&amp;lottery=mega-millions"},{"@type":"BreadcrumbList","@id":"https:\/\/onlinelotto365.com\/et\/mangida\/#breadcrumb","itemListElement":[{"@type":"ListItem","position":1,"name":"Home","item":"https:\/\/onlinelotto365.com\/et\/"},{"@type":"ListItem","position":2,"name":"K\u00f5ik, mida sa pead teadma oma v\u00f5imaluste kohta, et m\u00e4ngida parimaid loteriisid internetis"}]},{"@type":"WebSite","@id":"https:\/\/onlinelotto365.com\/et\/#website","url":"https:\/\/onlinelotto365.com\/et\/","name":"OnlineLotto365","description":"","potentialAction":[{"@type":"SearchAction","target":{"@type":"EntryPoint","urlTemplate":"https:\/\/onlinelotto365.com\/et\/?s={search_term_string}"},"query-input":{"@type":"PropertyValueSpecification","valueRequired":true,"valueName":"search_term_string"}}],"inLanguage":"et"}]}},"_links":{"self":[{"href":"https:\/\/onlinelotto365.com\/et\/wp-json\/wp\/v2\/pages\/5015","targetHints":{"allow":["GET"]}}],"collection":[{"href":"https:\/\/onlinelotto365.com\/et\/wp-json\/wp\/v2\/pages"}],"about":[{"href":"https:\/\/onlinelotto365.com\/et\/wp-json\/wp\/v2\/types\/page"}],"author":[{"embeddable":true,"href":"https:\/\/onlinelotto365.com\/et\/wp-json\/wp\/v2\/users\/1"}],"replies":[{"embeddable":true,"href":"https:\/\/onlinelotto365.com\/et\/wp-json\/wp\/v2\/comments?post=5015"}],"version-history":[{"count":0,"href":"https:\/\/onlinelotto365.com\/et\/wp-json\/wp\/v2\/pages\/5015\/revisions"}],"wp:attachment":[{"href":"https:\/\/onlinelotto365.com\/et\/wp-json\/wp\/v2\/media?parent=5015"}],"curies":[{"name":"wp","href":"https:\/\/api.w.org\/{rel}","templated":true}]}}