{"id":5573,"date":"2020-12-04T16:58:30","date_gmt":"2020-12-04T15:58:30","guid":{"rendered":"http:\/\/onlinelotto365.net\/?page_id=5573"},"modified":"2021-03-04T09:10:04","modified_gmt":"2021-03-04T08:10:04","slug":"pileteid-ostma","status":"publish","type":"page","link":"https:\/\/onlinelotto365.com\/et\/pileteid-ostma\/","title":{"rendered":"Osta Loto Pileteid Internetis"},"content":{"rendered":"<h2>Me R\u00e4\u00e4gime T\u00f5elisest Asjast: Maailma Suurimad Loteriid<\/h2>\n<p>Siiani oleme me k\u00f5ik olnud limiteeritud ainult mis iganes loto m\u00e4ngimisele, mis on saadaval meie asukohas, olenevalt millises maailma otsas me elame. S\u00f5ltuvalt sellest, kus Sa elad, aeg-ajalt kasvab peav\u00f5it v\u00e4ga suureks, mis toob palju p\u00f5nevust ja meelitab inimesed loterii j\u00e4rjekordadesse, et proovida oma \u00f5nne peav\u00f5idu v\u00f5itmisel.<br \/>\n<a href=\"https:\/\/redfoxlotto.com\/?ref=a8564250a2&amp;medium=ol365\" target=\"_blank\" rel=\"noopener noreferrer\"><img loading=\"lazy\" decoding=\"async\" class=\"aligncenter\" src=\"https:\/\/redfoxlotto.com\/image?size=8&amp;lottery=euromillions\" alt=\"Euromillions\" width=\"720\" height=\"90\" \/><\/a><\/p>\n<p>Selleks, et osta pileteid teistes piirkondades v\u00f5i riikides, pidid Sa f\u00fc\u00fcsiliselt seal asuma ja ostma need piletid oma k\u00e4ega. Kui sa just ei satu neid riike k\u00fclastama, siis pole Sul ilmselt seda v\u00f5imalust, ning isegi kui Sa oled reisil, siis mida Sa teeksid kui juhtud piletiga v\u00f5itma?<\/p>\n<p>Enamus inimesi isegi ei m\u00f5tle loterii pileti ostmise peale internetist v\u00f5i teiste riikide loterii m\u00e4ngimise peale. M\u00f5ned on sellest unistanud, kuid kuni praeguseni pole enamus inimestel olnud v\u00f5imalik seda unistust ellu viia.<\/p>\n<p>Seega on meil r\u00f5\u00f5m teatada, et pakume uut interneti-p\u00f5hist loto pileti teenust, kus Sul on v\u00f5imalik tellida k\u00f5iki maailma suurimaid loto pileteid omaenda kodust. Meie teeme Sinu jaoks k\u00f5ik t\u00f6\u00f6 \u00e4ra.<\/p>\n<h2>Kuidas Loto Piletite Ostmise Protsess Internetist T\u00f6\u00f6tab<\/h2>\n<p>Esimene asi, mida pead tegema, on loomulikult valima mis loteriid kogu maailma populaarseimate lotode seast Sa soovid m\u00e4ngida. Seej\u00e4rel vali mitut interneti piletit soovid osta, ja Sa v\u00f5id valida oma enda numbrid v\u00f5i lasta arvutil valida numbrid Sinu jaoks v\u00e4lja.<\/p>\n<p>Seej\u00e4rel avad oma konto. Sa sisestad k\u00f5ik isiklikud andmed, lisaks oma kasutajatunnuse ja salas\u00f5na loomisele, et saaksid kasutada oma interneti loto lehte igalt poolt kus v\u00f5imalik.<\/p>\n<p><a href=\"https:\/\/redfoxlotto.com\/?ref=A8564250A2&amp;medium=ol365\">Kl\u00f5psa siia, et alustada oma konto loomist kohe praegu!<\/a><\/p>\n<p>Seej\u00e4rel valid oma maksemeetodi, et maksta oma internetip\u00f5histe piletite eest. Enamus inimesi kasutavad krediitkaarti, kuid on ka mitmeid teisi maksemeetode juhul, kui Sul pole krediitkaarti. K\u00f5ik \u00fclekanded on loomulikult t\u00e4iesti turvalised kasutades viimase aja k\u00f5ige uuemat tarkvara, mis t\u00e4hendab, et Sul pole vaja millegi \u00fcle muretseda.<\/p>\n<p>Iga l\u00e4heneva loto jaoks on kell, mis n\u00e4itab kui palju aega on j\u00e4\u00e4nud loosini, et aidata sul valida millisele lotole v\u00f5i lotodele Sa soovid piletit osta..<\/p>\n<h2>Seej\u00e4rel Ostavad Nad Sinu Jaoks Pileti<\/h2>\n<p><img loading=\"lazy\" decoding=\"async\" class=\" wp-image-729 alignright\" src=\"https:\/\/onlinelotto365.com\/wp-content\/uploads\/2020\/11\/online_lottery-52-300x169.jpg\" alt=\"Osta Loterii Pileteid Internetist\" width=\"210\" height=\"119\" \/><\/p>\n<p>Seej\u00e4rel v\u00f5tab see suurep\u00e4rane teenus j\u00e4rgmise sammu ja ostab pileti Sinu jaoks \u00e4ra, millel on Sinu nimi kirjas, mis t\u00e4hendab, et keegi teine ei saa seda sinu eest v\u00e4lja v\u00f5tta. Kui pilet on ostetud, saad teenuselt kinnitusega e-maili, mis kinnitab Sinu numbrid.<\/p>\n<p>Iga loterii tulemused on kohe saidil kirjas, ning kuigi v\u00e4ga l\u00f5bus on ise v\u00f5idunumbreid kontrollida, ei pea Sa seda tingimata tegema kui Sa ei soovi seda teha. Iga kord kui oled v\u00f5itnud, saad Sa oma e-maili kontole teenuselt teate, mis t\u00e4hendab, et Sa ei j\u00e4\u00e4 kunagi ilma oma v\u00f5itudest.<\/p>\n<p>K\u00fcsi oma kohalikult loto m\u00fc\u00fcjalt, kas nad oleksid n\u00f5us seda teenust Sulle osutama. Nad ilmselt arvavad, et Sa oled hulluks l\u00e4inud. See n\u00e4itab just seda, kui tipptasemel see teenusepakkuja on, ja nad aitavad Sind igal sammul.<\/p>\n<h2>V\u00f5idusumma V\u00e4lja V\u00f5tmine<\/h2>\n<p>Olenevalt v\u00f5idusummast, on erinevad viisid kuidas oma v\u00f5itu v\u00e4lja v\u00f5tta. Kui v\u00f5idusumma on alla \u20ac2500 suurune, siis v\u00f5id hoida v\u00f5idusumma oma kontol, et osta rohkem pileteid, v\u00f5i k\u00fcsida, et need saadetaks Su pangakontole. Kui v\u00f5idad suuremaid summasid, siis saadetakse Sulle p\u00e4ringu ankeet, mille pead t\u00e4itma ja tagasi saatma, ning seej\u00e4rel saadetakse raha t\u0161ekina, mille saad kohe oma kontole kanda.<\/p>\n<p>Kui oled v\u00f5itnud \u00fclisuure summa, siis v\u00f5ib loto pakkuja k\u00fcsida, et tuleksid isiklikult sellele j\u00e4rgi. Kuid selliste summade v\u00f5itmisel saab see reis olema ilmselt v\u00e4gagi nauditav. Sinu interneti loto pilet on just v\u00f5itnud peav\u00f5idu ja Sa v\u00f5id samah\u00e4sti alustada oma t\u00e4histamist v\u00e4ikese puhkusega. Tagasi saabudes v\u00f5id Sa sellest teha t\u00e4iskohaga puhkuse ja nautida t\u00e4ielikku puhkust terve elu. Valik on Sinu!<\/p>\n","protected":false},"excerpt":{"rendered":"<p>Me R\u00e4\u00e4gime T\u00f5elisest Asjast: Maailma Suurimad Loteriid Siiani oleme me k\u00f5ik olnud limiteeritud ainult mis iganes loto m\u00e4ngimisele, mis on saadaval meie asukohas, olenevalt millises maailma otsas me elame. S\u00f5ltuvalt sellest, kus Sa elad, aeg-ajalt kasvab peav\u00f5it v\u00e4ga suureks, mis toob palju p\u00f5nevust ja meelitab inimesed loterii j\u00e4rjekordadesse, et proovida oma \u00f5nne peav\u00f5idu v\u00f5itmisel. Selleks, [&hellip;]<\/p>\n","protected":false},"author":1,"featured_media":0,"parent":0,"menu_order":3,"comment_status":"closed","ping_status":"closed","template":"Information.php","meta":{"_et_pb_use_builder":"","_et_pb_old_content":"","_et_gb_content_width":"","exclude_from_search":false,"footnotes":""},"class_list":["post-5573","page","type-page","status-publish","hentry"],"yoast_head":"<!-- This site is optimized with the Yoast SEO plugin v23.4 - https:\/\/yoast.com\/wordpress\/plugins\/seo\/ -->\n<title>Osta Loterii Pileteid Internetist | Interneti Piletiteenus Rahvusvahelistele Loterii \u00dcritustele<\/title>\n<meta name=\"description\" content=\"Loterii piletite ostmine k\u00f5ikide maailma k\u00f5ige populaarsematelt loteriidelt on selle teenusega muutunud l\u00f5busaks ja lihtsaks. Meil on k\u00f5ik vajalik informatsioon, et saaksid alustada.\" \/>\n<meta name=\"robots\" content=\"index, follow, max-snippet:-1, max-image-preview:large, max-video-preview:-1\" \/>\n<link rel=\"canonical\" href=\"https:\/\/onlinelotto365.com\/et\/pileteid-ostma\/\" \/>\n<meta property=\"og:locale\" content=\"et_EE\" \/>\n<meta property=\"og:type\" content=\"article\" \/>\n<meta property=\"og:title\" content=\"Osta Loterii Pileteid Internetist | Interneti Piletiteenus Rahvusvahelistele Loterii \u00dcritustele\" \/>\n<meta property=\"og:description\" content=\"Loterii piletite ostmine k\u00f5ikide maailma k\u00f5ige populaarsematelt loteriidelt on selle teenusega muutunud l\u00f5busaks ja lihtsaks. Meil on k\u00f5ik vajalik informatsioon, et saaksid alustada.\" \/>\n<meta property=\"og:url\" content=\"https:\/\/onlinelotto365.com\/et\/pileteid-ostma\/\" \/>\n<meta property=\"og:site_name\" content=\"OnlineLotto365\" \/>\n<meta property=\"article:modified_time\" content=\"2021-03-04T08:10:04+00:00\" \/>\n<meta property=\"og:image\" content=\"https:\/\/redfoxlotto.com\/image?size=8&amp;lottery=euromillions\" \/>\n<meta name=\"twitter:card\" content=\"summary_large_image\" \/>\n<meta name=\"twitter:label1\" content=\"Est. reading time\" \/>\n\t<meta name=\"twitter:data1\" content=\"3 minutit\" \/>\n<script type=\"application\/ld+json\" class=\"yoast-schema-graph\">{\"@context\":\"https:\/\/schema.org\",\"@graph\":[{\"@type\":\"WebPage\",\"@id\":\"https:\/\/onlinelotto365.com\/et\/pileteid-ostma\/\",\"url\":\"https:\/\/onlinelotto365.com\/et\/pileteid-ostma\/\",\"name\":\"Osta Loterii Pileteid Internetist | Interneti Piletiteenus Rahvusvahelistele Loterii \u00dcritustele\",\"isPartOf\":{\"@id\":\"https:\/\/onlinelotto365.com\/et\/#website\"},\"primaryImageOfPage\":{\"@id\":\"https:\/\/onlinelotto365.com\/et\/pileteid-ostma\/#primaryimage\"},\"image\":{\"@id\":\"https:\/\/onlinelotto365.com\/et\/pileteid-ostma\/#primaryimage\"},\"thumbnailUrl\":\"https:\/\/redfoxlotto.com\/image?size=8&amp;lottery=euromillions\",\"datePublished\":\"2020-12-04T15:58:30+00:00\",\"dateModified\":\"2021-03-04T08:10:04+00:00\",\"description\":\"Loterii piletite ostmine k\u00f5ikide maailma k\u00f5ige populaarsematelt loteriidelt on selle teenusega muutunud l\u00f5busaks ja lihtsaks. Meil on k\u00f5ik vajalik informatsioon, et saaksid alustada.\",\"breadcrumb\":{\"@id\":\"https:\/\/onlinelotto365.com\/et\/pileteid-ostma\/#breadcrumb\"},\"inLanguage\":\"et\",\"potentialAction\":[{\"@type\":\"ReadAction\",\"target\":[\"https:\/\/onlinelotto365.com\/et\/pileteid-ostma\/\"]}]},{\"@type\":\"ImageObject\",\"inLanguage\":\"et\",\"@id\":\"https:\/\/onlinelotto365.com\/et\/pileteid-ostma\/#primaryimage\",\"url\":\"https:\/\/redfoxlotto.com\/image?size=8&amp;lottery=euromillions\",\"contentUrl\":\"https:\/\/redfoxlotto.com\/image?size=8&amp;lottery=euromillions\"},{\"@type\":\"BreadcrumbList\",\"@id\":\"https:\/\/onlinelotto365.com\/et\/pileteid-ostma\/#breadcrumb\",\"itemListElement\":[{\"@type\":\"ListItem\",\"position\":1,\"name\":\"Home\",\"item\":\"https:\/\/onlinelotto365.com\/et\/\"},{\"@type\":\"ListItem\",\"position\":2,\"name\":\"Osta Loto Pileteid Internetis\"}]},{\"@type\":\"WebSite\",\"@id\":\"https:\/\/onlinelotto365.com\/et\/#website\",\"url\":\"https:\/\/onlinelotto365.com\/et\/\",\"name\":\"OnlineLotto365\",\"description\":\"\",\"potentialAction\":[{\"@type\":\"SearchAction\",\"target\":{\"@type\":\"EntryPoint\",\"urlTemplate\":\"https:\/\/onlinelotto365.com\/et\/?s={search_term_string}\"},\"query-input\":{\"@type\":\"PropertyValueSpecification\",\"valueRequired\":true,\"valueName\":\"search_term_string\"}}],\"inLanguage\":\"et\"}]}<\/script>\n<!-- \/ Yoast SEO plugin. -->","yoast_head_json":{"title":"Osta Loterii Pileteid Internetist | Interneti Piletiteenus Rahvusvahelistele Loterii \u00dcritustele","description":"Loterii piletite ostmine k\u00f5ikide maailma k\u00f5ige populaarsematelt loteriidelt on selle teenusega muutunud l\u00f5busaks ja lihtsaks. Meil on k\u00f5ik vajalik informatsioon, et saaksid alustada.","robots":{"index":"index","follow":"follow","max-snippet":"max-snippet:-1","max-image-preview":"max-image-preview:large","max-video-preview":"max-video-preview:-1"},"canonical":"https:\/\/onlinelotto365.com\/et\/pileteid-ostma\/","og_locale":"et_EE","og_type":"article","og_title":"Osta Loterii Pileteid Internetist | Interneti Piletiteenus Rahvusvahelistele Loterii \u00dcritustele","og_description":"Loterii piletite ostmine k\u00f5ikide maailma k\u00f5ige populaarsematelt loteriidelt on selle teenusega muutunud l\u00f5busaks ja lihtsaks. Meil on k\u00f5ik vajalik informatsioon, et saaksid alustada.","og_url":"https:\/\/onlinelotto365.com\/et\/pileteid-ostma\/","og_site_name":"OnlineLotto365","article_modified_time":"2021-03-04T08:10:04+00:00","og_image":[{"url":"https:\/\/redfoxlotto.com\/image?size=8&amp;lottery=euromillions"}],"twitter_card":"summary_large_image","twitter_misc":{"Est. reading time":"3 minutit"},"schema":{"@context":"https:\/\/schema.org","@graph":[{"@type":"WebPage","@id":"https:\/\/onlinelotto365.com\/et\/pileteid-ostma\/","url":"https:\/\/onlinelotto365.com\/et\/pileteid-ostma\/","name":"Osta Loterii Pileteid Internetist | Interneti Piletiteenus Rahvusvahelistele Loterii \u00dcritustele","isPartOf":{"@id":"https:\/\/onlinelotto365.com\/et\/#website"},"primaryImageOfPage":{"@id":"https:\/\/onlinelotto365.com\/et\/pileteid-ostma\/#primaryimage"},"image":{"@id":"https:\/\/onlinelotto365.com\/et\/pileteid-ostma\/#primaryimage"},"thumbnailUrl":"https:\/\/redfoxlotto.com\/image?size=8&amp;lottery=euromillions","datePublished":"2020-12-04T15:58:30+00:00","dateModified":"2021-03-04T08:10:04+00:00","description":"Loterii piletite ostmine k\u00f5ikide maailma k\u00f5ige populaarsematelt loteriidelt on selle teenusega muutunud l\u00f5busaks ja lihtsaks. Meil on k\u00f5ik vajalik informatsioon, et saaksid alustada.","breadcrumb":{"@id":"https:\/\/onlinelotto365.com\/et\/pileteid-ostma\/#breadcrumb"},"inLanguage":"et","potentialAction":[{"@type":"ReadAction","target":["https:\/\/onlinelotto365.com\/et\/pileteid-ostma\/"]}]},{"@type":"ImageObject","inLanguage":"et","@id":"https:\/\/onlinelotto365.com\/et\/pileteid-ostma\/#primaryimage","url":"https:\/\/redfoxlotto.com\/image?size=8&amp;lottery=euromillions","contentUrl":"https:\/\/redfoxlotto.com\/image?size=8&amp;lottery=euromillions"},{"@type":"BreadcrumbList","@id":"https:\/\/onlinelotto365.com\/et\/pileteid-ostma\/#breadcrumb","itemListElement":[{"@type":"ListItem","position":1,"name":"Home","item":"https:\/\/onlinelotto365.com\/et\/"},{"@type":"ListItem","position":2,"name":"Osta Loto Pileteid Internetis"}]},{"@type":"WebSite","@id":"https:\/\/onlinelotto365.com\/et\/#website","url":"https:\/\/onlinelotto365.com\/et\/","name":"OnlineLotto365","description":"","potentialAction":[{"@type":"SearchAction","target":{"@type":"EntryPoint","urlTemplate":"https:\/\/onlinelotto365.com\/et\/?s={search_term_string}"},"query-input":{"@type":"PropertyValueSpecification","valueRequired":true,"valueName":"search_term_string"}}],"inLanguage":"et"}]}},"_links":{"self":[{"href":"https:\/\/onlinelotto365.com\/et\/wp-json\/wp\/v2\/pages\/5573","targetHints":{"allow":["GET"]}}],"collection":[{"href":"https:\/\/onlinelotto365.com\/et\/wp-json\/wp\/v2\/pages"}],"about":[{"href":"https:\/\/onlinelotto365.com\/et\/wp-json\/wp\/v2\/types\/page"}],"author":[{"embeddable":true,"href":"https:\/\/onlinelotto365.com\/et\/wp-json\/wp\/v2\/users\/1"}],"replies":[{"embeddable":true,"href":"https:\/\/onlinelotto365.com\/et\/wp-json\/wp\/v2\/comments?post=5573"}],"version-history":[{"count":0,"href":"https:\/\/onlinelotto365.com\/et\/wp-json\/wp\/v2\/pages\/5573\/revisions"}],"wp:attachment":[{"href":"https:\/\/onlinelotto365.com\/et\/wp-json\/wp\/v2\/media?parent=5573"}],"curies":[{"name":"wp","href":"https:\/\/api.w.org\/{rel}","templated":true}]}}