{"id":5828,"date":"2020-12-05T09:19:10","date_gmt":"2020-12-05T08:19:10","guid":{"rendered":"http:\/\/onlinelotto365.net\/?page_id=5828"},"modified":"2021-03-04T09:44:14","modified_gmt":"2021-03-04T08:44:14","slug":"voitnud-loosinumbrid","status":"publish","type":"page","link":"https:\/\/onlinelotto365.com\/et\/voitnud-loosinumbrid\/","title":{"rendered":"Tulemused ja v\u00f5idunumbrid"},"content":{"rendered":"<h2>Otsite rahvusvahelisi lototulemusi?<\/h2>\n<p>Siit leiate suurimate rahvusvaheliste loteriide v\u00f5idunumbrid. Me v\u00e4rskendame seda lehte koguaeg, nii et saate ka hiljem vaadata uusimad tulemusi, kui neid vajate. Kui olete m\u00e4nginud m\u00f5nes rahvusvahelises loteriis, loodame, et teie piletil on v\u00f5itnud numbrid! Ja muide &#8211; kas teate, et m\u00e4ngijad on ajaloo jooksul v\u00f5itnud mitu korda loteriis numbritega, mis olid v\u00f5idunumbrid m\u00f5nes teises riigis?<br \/>\n<a href=\"https:\/\/redfoxlotto.com\/?ref=a8564250a2&amp;medium=ol365\" target=\"_blank\" rel=\"noopener noreferrer\"><img loading=\"lazy\" decoding=\"async\" class=\"aligncenter\" src=\"https:\/\/redfoxlotto.com\/image?size=8&amp;lottery=eurojackpot\" alt=\"eurojackpot\" width=\"720\" height=\"90\" \/><\/a><\/p>\n<p>Kuid, mis k\u00f5ige t\u00e4htsam, te ilmselt ei teadnud, et teil on n\u00fc\u00fcd v\u00f5imalus osaleda planeedi mis tahes loteriim\u00e4ngus &#8211; isegi loteriim\u00e4ngudes teistes riikides, kui teie enda riigi omades! Kuis olete huvitatud Powerballist, Mega Millionist, Euromillionist v\u00f5i m\u00f5nest teisest allpool toodud loteriist, v\u00f5ite saada kohe pileteid nendele veebist. Osalemiseks kl\u00f5psake allolevate tulemuste juures oma lemmik loteriim\u00e4ngu k\u00f5rval nuppu &#8220;Play&#8221;. M\u00f5ne minuti p\u00e4rast on teil pilet. Isiklikult soovitame teil vaadata jackpoti suurust ja valida loterii, millel on praegu suurim jackpot!<\/p>\n","protected":false},"excerpt":{"rendered":"<p>Otsite rahvusvahelisi lototulemusi? Siit leiate suurimate rahvusvaheliste loteriide v\u00f5idunumbrid. Me v\u00e4rskendame seda lehte koguaeg, nii et saate ka hiljem vaadata uusimad tulemusi, kui neid vajate. Kui olete m\u00e4nginud m\u00f5nes rahvusvahelises loteriis, loodame, et teie piletil on v\u00f5itnud numbrid! Ja muide &#8211; kas teate, et m\u00e4ngijad on ajaloo jooksul v\u00f5itnud mitu korda loteriis numbritega, mis olid [&hellip;]<\/p>\n","protected":false},"author":1,"featured_media":0,"parent":0,"menu_order":4,"comment_status":"closed","ping_status":"closed","template":"Results.php","meta":{"_et_pb_use_builder":"","_et_pb_old_content":"","_et_gb_content_width":"","exclude_from_search":false,"footnotes":""},"class_list":["post-5828","page","type-page","status-publish","hentry"],"yoast_head":"<!-- This site is optimized with the Yoast SEO plugin v23.4 - https:\/\/yoast.com\/wordpress\/plugins\/seo\/ -->\n<title>Rahvusvaheliste loteriide tulemused ja v\u00f5idunumbrid<\/title>\n<meta name=\"description\" content=\"Selle n\u00e4dala loto tulemused ja suurimate loteriide v\u00f5idunumbrid leiate siit\" \/>\n<meta name=\"robots\" content=\"index, follow, max-snippet:-1, max-image-preview:large, max-video-preview:-1\" \/>\n<link rel=\"canonical\" href=\"https:\/\/onlinelotto365.com\/et\/voitnud-loosinumbrid\/\" \/>\n<meta property=\"og:locale\" content=\"et_EE\" \/>\n<meta property=\"og:type\" content=\"article\" \/>\n<meta property=\"og:title\" content=\"Rahvusvaheliste loteriide tulemused ja v\u00f5idunumbrid\" \/>\n<meta property=\"og:description\" content=\"Selle n\u00e4dala loto tulemused ja suurimate loteriide v\u00f5idunumbrid leiate siit\" \/>\n<meta property=\"og:url\" content=\"https:\/\/onlinelotto365.com\/et\/voitnud-loosinumbrid\/\" \/>\n<meta property=\"og:site_name\" content=\"OnlineLotto365\" \/>\n<meta property=\"article:modified_time\" content=\"2021-03-04T08:44:14+00:00\" \/>\n<meta property=\"og:image\" content=\"https:\/\/redfoxlotto.com\/image?size=8&amp;lottery=eurojackpot\" \/>\n<meta name=\"twitter:card\" content=\"summary_large_image\" \/>\n<meta name=\"twitter:label1\" content=\"Est. reading time\" \/>\n\t<meta name=\"twitter:data1\" content=\"1 minut\" \/>\n<script type=\"application\/ld+json\" class=\"yoast-schema-graph\">{\"@context\":\"https:\/\/schema.org\",\"@graph\":[{\"@type\":\"WebPage\",\"@id\":\"https:\/\/onlinelotto365.com\/et\/voitnud-loosinumbrid\/\",\"url\":\"https:\/\/onlinelotto365.com\/et\/voitnud-loosinumbrid\/\",\"name\":\"Rahvusvaheliste loteriide tulemused ja v\u00f5idunumbrid\",\"isPartOf\":{\"@id\":\"https:\/\/onlinelotto365.com\/et\/#website\"},\"primaryImageOfPage\":{\"@id\":\"https:\/\/onlinelotto365.com\/et\/voitnud-loosinumbrid\/#primaryimage\"},\"image\":{\"@id\":\"https:\/\/onlinelotto365.com\/et\/voitnud-loosinumbrid\/#primaryimage\"},\"thumbnailUrl\":\"https:\/\/redfoxlotto.com\/image?size=8&amp;lottery=eurojackpot\",\"datePublished\":\"2020-12-05T08:19:10+00:00\",\"dateModified\":\"2021-03-04T08:44:14+00:00\",\"description\":\"Selle n\u00e4dala loto tulemused ja suurimate loteriide v\u00f5idunumbrid leiate siit\",\"breadcrumb\":{\"@id\":\"https:\/\/onlinelotto365.com\/et\/voitnud-loosinumbrid\/#breadcrumb\"},\"inLanguage\":\"et\",\"potentialAction\":[{\"@type\":\"ReadAction\",\"target\":[\"https:\/\/onlinelotto365.com\/et\/voitnud-loosinumbrid\/\"]}]},{\"@type\":\"ImageObject\",\"inLanguage\":\"et\",\"@id\":\"https:\/\/onlinelotto365.com\/et\/voitnud-loosinumbrid\/#primaryimage\",\"url\":\"https:\/\/redfoxlotto.com\/image?size=8&amp;lottery=eurojackpot\",\"contentUrl\":\"https:\/\/redfoxlotto.com\/image?size=8&amp;lottery=eurojackpot\"},{\"@type\":\"BreadcrumbList\",\"@id\":\"https:\/\/onlinelotto365.com\/et\/voitnud-loosinumbrid\/#breadcrumb\",\"itemListElement\":[{\"@type\":\"ListItem\",\"position\":1,\"name\":\"Home\",\"item\":\"https:\/\/onlinelotto365.com\/et\/\"},{\"@type\":\"ListItem\",\"position\":2,\"name\":\"Tulemused ja v\u00f5idunumbrid\"}]},{\"@type\":\"WebSite\",\"@id\":\"https:\/\/onlinelotto365.com\/et\/#website\",\"url\":\"https:\/\/onlinelotto365.com\/et\/\",\"name\":\"OnlineLotto365\",\"description\":\"\",\"potentialAction\":[{\"@type\":\"SearchAction\",\"target\":{\"@type\":\"EntryPoint\",\"urlTemplate\":\"https:\/\/onlinelotto365.com\/et\/?s={search_term_string}\"},\"query-input\":{\"@type\":\"PropertyValueSpecification\",\"valueRequired\":true,\"valueName\":\"search_term_string\"}}],\"inLanguage\":\"et\"}]}<\/script>\n<!-- \/ Yoast SEO plugin. -->","yoast_head_json":{"title":"Rahvusvaheliste loteriide tulemused ja v\u00f5idunumbrid","description":"Selle n\u00e4dala loto tulemused ja suurimate loteriide v\u00f5idunumbrid leiate siit","robots":{"index":"index","follow":"follow","max-snippet":"max-snippet:-1","max-image-preview":"max-image-preview:large","max-video-preview":"max-video-preview:-1"},"canonical":"https:\/\/onlinelotto365.com\/et\/voitnud-loosinumbrid\/","og_locale":"et_EE","og_type":"article","og_title":"Rahvusvaheliste loteriide tulemused ja v\u00f5idunumbrid","og_description":"Selle n\u00e4dala loto tulemused ja suurimate loteriide v\u00f5idunumbrid leiate siit","og_url":"https:\/\/onlinelotto365.com\/et\/voitnud-loosinumbrid\/","og_site_name":"OnlineLotto365","article_modified_time":"2021-03-04T08:44:14+00:00","og_image":[{"url":"https:\/\/redfoxlotto.com\/image?size=8&amp;lottery=eurojackpot"}],"twitter_card":"summary_large_image","twitter_misc":{"Est. reading time":"1 minut"},"schema":{"@context":"https:\/\/schema.org","@graph":[{"@type":"WebPage","@id":"https:\/\/onlinelotto365.com\/et\/voitnud-loosinumbrid\/","url":"https:\/\/onlinelotto365.com\/et\/voitnud-loosinumbrid\/","name":"Rahvusvaheliste loteriide tulemused ja v\u00f5idunumbrid","isPartOf":{"@id":"https:\/\/onlinelotto365.com\/et\/#website"},"primaryImageOfPage":{"@id":"https:\/\/onlinelotto365.com\/et\/voitnud-loosinumbrid\/#primaryimage"},"image":{"@id":"https:\/\/onlinelotto365.com\/et\/voitnud-loosinumbrid\/#primaryimage"},"thumbnailUrl":"https:\/\/redfoxlotto.com\/image?size=8&amp;lottery=eurojackpot","datePublished":"2020-12-05T08:19:10+00:00","dateModified":"2021-03-04T08:44:14+00:00","description":"Selle n\u00e4dala loto tulemused ja suurimate loteriide v\u00f5idunumbrid leiate siit","breadcrumb":{"@id":"https:\/\/onlinelotto365.com\/et\/voitnud-loosinumbrid\/#breadcrumb"},"inLanguage":"et","potentialAction":[{"@type":"ReadAction","target":["https:\/\/onlinelotto365.com\/et\/voitnud-loosinumbrid\/"]}]},{"@type":"ImageObject","inLanguage":"et","@id":"https:\/\/onlinelotto365.com\/et\/voitnud-loosinumbrid\/#primaryimage","url":"https:\/\/redfoxlotto.com\/image?size=8&amp;lottery=eurojackpot","contentUrl":"https:\/\/redfoxlotto.com\/image?size=8&amp;lottery=eurojackpot"},{"@type":"BreadcrumbList","@id":"https:\/\/onlinelotto365.com\/et\/voitnud-loosinumbrid\/#breadcrumb","itemListElement":[{"@type":"ListItem","position":1,"name":"Home","item":"https:\/\/onlinelotto365.com\/et\/"},{"@type":"ListItem","position":2,"name":"Tulemused ja v\u00f5idunumbrid"}]},{"@type":"WebSite","@id":"https:\/\/onlinelotto365.com\/et\/#website","url":"https:\/\/onlinelotto365.com\/et\/","name":"OnlineLotto365","description":"","potentialAction":[{"@type":"SearchAction","target":{"@type":"EntryPoint","urlTemplate":"https:\/\/onlinelotto365.com\/et\/?s={search_term_string}"},"query-input":{"@type":"PropertyValueSpecification","valueRequired":true,"valueName":"search_term_string"}}],"inLanguage":"et"}]}},"_links":{"self":[{"href":"https:\/\/onlinelotto365.com\/et\/wp-json\/wp\/v2\/pages\/5828","targetHints":{"allow":["GET"]}}],"collection":[{"href":"https:\/\/onlinelotto365.com\/et\/wp-json\/wp\/v2\/pages"}],"about":[{"href":"https:\/\/onlinelotto365.com\/et\/wp-json\/wp\/v2\/types\/page"}],"author":[{"embeddable":true,"href":"https:\/\/onlinelotto365.com\/et\/wp-json\/wp\/v2\/users\/1"}],"replies":[{"embeddable":true,"href":"https:\/\/onlinelotto365.com\/et\/wp-json\/wp\/v2\/comments?post=5828"}],"version-history":[{"count":0,"href":"https:\/\/onlinelotto365.com\/et\/wp-json\/wp\/v2\/pages\/5828\/revisions"}],"wp:attachment":[{"href":"https:\/\/onlinelotto365.com\/et\/wp-json\/wp\/v2\/media?parent=5828"}],"curies":[{"name":"wp","href":"https:\/\/api.w.org\/{rel}","templated":true}]}}