{"id":58304,"date":"2021-03-10T09:17:27","date_gmt":"2021-03-10T08:17:27","guid":{"rendered":"https:\/\/onlinelotto365.com\/?page_id=58304"},"modified":"2021-03-10T09:24:24","modified_gmt":"2021-03-10T08:24:24","slug":"mega-millions","status":"publish","type":"page","link":"https:\/\/onlinelotto365.com\/et\/mangida\/mega-millions\/","title":{"rendered":"Mega Millions internetis"},"content":{"rendered":"<h2>Mega Millions kohta<\/h2>\n<p>See on t\u00f5en\u00e4oliselt maailma k\u00f5ige kuulsam loterii. Pakkudes loto entusiastidele Eestist v\u00f5imalust m\u00e4ngida Mega Millions lotot internetis v\u00f5imaldame m\u00e4ngijate unistustel teostuda. Kui Sa elad Eestis, on sul v\u00f5imalus m\u00e4ngida Mega Millions loteriid internetipiletiga. Meie teenus on t\u00e4iesti seaduslik ja me anname Sulle v\u00f5imaluse v\u00f5tta osa sellest mega-loteriist USA-st.<br \/>\n<a href=\"https:\/\/redfoxlotto.com\/play\/mega-millions\/?ref=a8564250a2&amp;medium=ol365\" target=\"_blank\" rel=\"noopener noreferrer\"><img decoding=\"async\" class=\"aligncenter\" src=\"https:\/\/redfoxlotto.com\/image?size=8&amp;lottery=mega-millions\" alt=\"mega millions\" \/><\/a><\/p>\n<ul>\n<li>Riik: USA<\/li>\n<li>P\u00f5hinumbrite vahemik: 70<\/li>\n<li>Sa pead valima nendest: 5<\/li>\n<li>Lisanumbrite vahemik: 25<\/li>\n<li>Sa pead nendest valima: 1<\/li>\n<li>Loosimiste p\u00e4evad, kellaajad : Teisip\u00e4ev, Reede 21:00 EST &#8211; +1 p\u00e4ev 3:00 CET<\/li>\n<li>Mega Millions jackpot algab summast: $ 40 million<\/li>\n<li>Mega Millions jackpoti summa piirang: puudub<\/li>\n<li>V\u00f5imalus v\u00f5ita jackpot: \u00fcks 175711536-st<\/li>\n<li>V\u00f5imaus v\u00f5ita teise koha auhind: \u00fcks 3819816-st<\/li>\n<li>V\u00f5imalus v\u00f5ita \u00fcksk\u00f5ik mis summa: \u00fcks 24,12-st<\/li>\n<li>V\u00f5idu kategooriate arv: 9<\/li>\n<\/ul>\n<h2>Mega Millions parimad omadused<\/h2>\n<p><img loading=\"lazy\" decoding=\"async\" class=\"alignright wp-image-1026\" src=\"https:\/\/onlinelotto365.com\/wp-content\/uploads\/2020\/11\/online_lottery-85.jpg\" alt=\"m\u00e4ngi mega millions internetis\" width=\"189\" height=\"162\" \/><\/p>\n<p>Mega Millions peamine t\u00f5mbenumber on loomulikult jackpot-ide suurus. Mega Millions jackpot pole kunagi alla $40 miljoni. Iga kord kui keegi v\u00f5idab jackpot-i, algab see uuesti kasvama miinimum summast $40 miljonit. Kahe loosimisega n\u00e4dalas kasvab Mega Millions jackpot \u00fcsna kiiresti. USA-s m\u00e4ngivad miljonid inimesed Mega Millions loteriid iga n\u00e4dal ja paljud inimesed muudest riikidest nagu Eesti m\u00e4ngivad samuti Mega Millions-i internetis.<\/p>\n<p>Seega on normaalne, et Mega Millions jackpot kasvab $10 miljoni v\u00f5rra p\u00e4rast igat loosimist (kui just keegi ei v\u00f5ida jackpoti). See t\u00e4hendab umbes $20 miljonit n\u00e4dalas, sest n\u00e4dalas toimub kaks loosimist.<\/p>\n<p>Ja kord kui jackpot on k\u00fc\u00fcndinud \u00fcle $100 miljoni, siis ostetakse veelgi enam pileteid loto poodidest ja internetis m\u00e4ngijatele. Paljudel juhtudel on jackpot k\u00fc\u00fcndinud summadeni $400 miljonit ja veel enam. Ja alates sellest hetkest on tavaline, et igan\u00e4dalane jackpot-i summa kasvab $100 miljoni v\u00f5rra t\u00e4nu plahvatslikult pileti m\u00fc\u00fcgi arvule. Praegune rekord jackpot on $1500 miljonit (jah, $1,5 miljardit!).<\/p>\n<h2>Kuidas kontrollida Mega Millions tulemusi<\/h2>\n<p>Kui Sa elad Eestis v\u00f5i mistahes mujal riigis v\u00e4ljaspool Ameerikat, siis pole Sul t\u00f5en\u00e4oliselt v\u00f5imalik saada v\u00f5idunumbreid teada oma kohalikust raadiost v\u00f5i televiisori kanalitest. Sa v\u00f5id k\u00fclastada Mega Millions ametlikku kodulehte, kuid Sinu jaoks on olemas ka lihtsam lahendus. Tule lihtsalt meie veebisaidile tagasi ja vaata tulemuste lehek\u00fclge. Me avaldame k\u00f5ikide loteriide tulemused seal.<\/p>\n<p>Me saadame Sulle samuti e-kirja v\u00f5idu m\u00e4rguandega &#8211; kui Sa oled m\u00e4nginud internetis ja Sul on oma konto all pilet Mega Millions-i jaoks.<\/p>\n<p>Samuti v\u00f5id kinnitada oma isiklikke loteriitulemusi oma m\u00e4ngija konto alt. Kord kui Sa oled m\u00e4nginud Mega Millions loteriid internetis meie saidi kaudu, siis salvestatakse pilet v\u00f5i piletid sinu kontol. Ja p\u00e4rast loosimist v\u00f5id siia tagasi tulla ja koheselt v\u00f5rrelda oma Mega Millions piletit hiljutiste v\u00f5idunumbritega.<\/p>\n<h2>Sa m\u00e4ngisid Mega Millions loteriid internetis ja v\u00f5itsid &#8211; mis j\u00e4rgmiseks juhtub?<\/h2>\n<p><img loading=\"lazy\" decoding=\"async\" class=\"alignright size-full wp-image-1103\" src=\"https:\/\/onlinelotto365.com\/wp-content\/uploads\/2020\/11\/online_lottery-93.jpg\" alt=\"mega millions Eesti \" width=\"212\" height=\"142\" \/><\/p>\n<p>Kui Sa v\u00f5itsid suurema v\u00f5idusumma, siis saadab meie tugimeeskond Sulle s\u00f5numi juhistega, kuidas edasi toimida. J\u00e4rgmisena pead t\u00e4itma meie poolt saadetud ankeedi. Meie teenuse meeskond saadab Sinu ankeedi loteriikomisjonile. Ankeedil on samuti Sinu panga konto v\u00f5i Eesti f\u00fc\u00fcsilise aadressi informatsioon (v\u00f5i kus iganes Sa elad) ning Sinu poolt eelistatud makse meetod on samuti selles ankeedis olemas. M\u00f5ne p\u00e4eva jooksul saad k\u00e4tte oma raha viisil, mille oled valinud makse meetodiks.<\/p>\n<p>Ja kui sa v\u00f5idad v\u00e4iksema v\u00f5idusumma (t\u00e4psemalt \u00f6eldes kuni \u20ac2500), siis makstakse v\u00f5idusumma sinu m\u00e4ngija kontole koheselt &#8211; lihtsalt kontrolli oma m\u00e4ngija konto saldot. Sa v\u00f5id seej\u00e4rel ise otsustada, kas j\u00e4tad summa sinna ja kasutad seda j\u00e4rgmiste loteriide m\u00e4ngimiseks internetis (v\u00f5i Mega Millions-i jaoks), v\u00f5i alustada v\u00e4ljav\u00f5tmist.<\/p>\n","protected":false},"excerpt":{"rendered":"<p>Mega Millions kohta See on t\u00f5en\u00e4oliselt maailma k\u00f5ige kuulsam loterii. Pakkudes loto entusiastidele Eestist v\u00f5imalust m\u00e4ngida Mega Millions lotot internetis v\u00f5imaldame m\u00e4ngijate unistustel teostuda. Kui Sa elad Eestis, on sul v\u00f5imalus m\u00e4ngida Mega Millions loteriid internetipiletiga. Meie teenus on t\u00e4iesti seaduslik ja me anname Sulle v\u00f5imaluse v\u00f5tta osa sellest mega-loteriist USA-st. Riik: USA P\u00f5hinumbrite vahemik: [&hellip;]<\/p>\n","protected":false},"author":1,"featured_media":0,"parent":5015,"menu_order":2,"comment_status":"closed","ping_status":"closed","template":"megamillion.php","meta":{"_et_pb_use_builder":"","_et_pb_old_content":"","_et_gb_content_width":"","exclude_from_search":false,"footnotes":""},"class_list":["post-58304","page","type-page","status-publish","hentry"],"yoast_head":"<!-- This site is optimized with the Yoast SEO plugin v23.4 - https:\/\/yoast.com\/wordpress\/plugins\/seo\/ -->\n<title>M\u00e4ngi Mega Millions USA Internetis | Kuidas saavad Eesti elanikud seaduslikult Mega Millions-ist osa v\u00f5tta<\/title>\n<meta name=\"description\" content=\"N\u00fc\u00fcd Saad Ka Sina M\u00e4ngida Mega Millions-it - meie interneti teenus v\u00f5imaldab sul osta Mega Millions pileteid Eestist\" \/>\n<meta name=\"robots\" content=\"index, follow, max-snippet:-1, max-image-preview:large, max-video-preview:-1\" \/>\n<link rel=\"canonical\" href=\"https:\/\/onlinelotto365.com\/et\/mangida\/mega-millions\/\" \/>\n<meta property=\"og:locale\" content=\"et_EE\" \/>\n<meta property=\"og:type\" content=\"article\" \/>\n<meta property=\"og:title\" content=\"M\u00e4ngi Mega Millions USA Internetis | Kuidas saavad Eesti elanikud seaduslikult Mega Millions-ist osa v\u00f5tta\" \/>\n<meta property=\"og:description\" content=\"N\u00fc\u00fcd Saad Ka Sina M\u00e4ngida Mega Millions-it - meie interneti teenus v\u00f5imaldab sul osta Mega Millions pileteid Eestist\" \/>\n<meta property=\"og:url\" content=\"https:\/\/onlinelotto365.com\/et\/mangida\/mega-millions\/\" \/>\n<meta property=\"og:site_name\" content=\"OnlineLotto365\" \/>\n<meta property=\"article:modified_time\" content=\"2021-03-10T08:24:24+00:00\" \/>\n<meta property=\"og:image\" content=\"https:\/\/redfoxlotto.com\/image?size=8&amp;lottery=mega-millions\" \/>\n<meta name=\"twitter:card\" content=\"summary_large_image\" \/>\n<meta name=\"twitter:label1\" content=\"Est. reading time\" \/>\n\t<meta name=\"twitter:data1\" content=\"3 minutit\" \/>\n<script type=\"application\/ld+json\" class=\"yoast-schema-graph\">{\"@context\":\"https:\/\/schema.org\",\"@graph\":[{\"@type\":\"WebPage\",\"@id\":\"https:\/\/onlinelotto365.com\/et\/mangida\/mega-millions\/\",\"url\":\"https:\/\/onlinelotto365.com\/et\/mangida\/mega-millions\/\",\"name\":\"M\u00e4ngi Mega Millions USA Internetis | Kuidas saavad Eesti elanikud seaduslikult Mega Millions-ist osa v\u00f5tta\",\"isPartOf\":{\"@id\":\"https:\/\/onlinelotto365.com\/et\/#website\"},\"primaryImageOfPage\":{\"@id\":\"https:\/\/onlinelotto365.com\/et\/mangida\/mega-millions\/#primaryimage\"},\"image\":{\"@id\":\"https:\/\/onlinelotto365.com\/et\/mangida\/mega-millions\/#primaryimage\"},\"thumbnailUrl\":\"https:\/\/redfoxlotto.com\/image?size=8&amp;lottery=mega-millions\",\"datePublished\":\"2021-03-10T08:17:27+00:00\",\"dateModified\":\"2021-03-10T08:24:24+00:00\",\"description\":\"N\u00fc\u00fcd Saad Ka Sina M\u00e4ngida Mega Millions-it - meie interneti teenus v\u00f5imaldab sul osta Mega Millions pileteid Eestist\",\"breadcrumb\":{\"@id\":\"https:\/\/onlinelotto365.com\/et\/mangida\/mega-millions\/#breadcrumb\"},\"inLanguage\":\"et\",\"potentialAction\":[{\"@type\":\"ReadAction\",\"target\":[\"https:\/\/onlinelotto365.com\/et\/mangida\/mega-millions\/\"]}]},{\"@type\":\"ImageObject\",\"inLanguage\":\"et\",\"@id\":\"https:\/\/onlinelotto365.com\/et\/mangida\/mega-millions\/#primaryimage\",\"url\":\"https:\/\/redfoxlotto.com\/image?size=8&amp;lottery=mega-millions\",\"contentUrl\":\"https:\/\/redfoxlotto.com\/image?size=8&amp;lottery=mega-millions\"},{\"@type\":\"BreadcrumbList\",\"@id\":\"https:\/\/onlinelotto365.com\/et\/mangida\/mega-millions\/#breadcrumb\",\"itemListElement\":[{\"@type\":\"ListItem\",\"position\":1,\"name\":\"Home\",\"item\":\"https:\/\/onlinelotto365.com\/et\/\"},{\"@type\":\"ListItem\",\"position\":2,\"name\":\"K\u00f5ik, mida sa pead teadma oma v\u00f5imaluste kohta, et m\u00e4ngida parimaid loteriisid internetis\",\"item\":\"https:\/\/onlinelotto365.com\/et\/mangida\/\"},{\"@type\":\"ListItem\",\"position\":3,\"name\":\"Mega Millions internetis\"}]},{\"@type\":\"WebSite\",\"@id\":\"https:\/\/onlinelotto365.com\/et\/#website\",\"url\":\"https:\/\/onlinelotto365.com\/et\/\",\"name\":\"OnlineLotto365\",\"description\":\"\",\"potentialAction\":[{\"@type\":\"SearchAction\",\"target\":{\"@type\":\"EntryPoint\",\"urlTemplate\":\"https:\/\/onlinelotto365.com\/et\/?s={search_term_string}\"},\"query-input\":{\"@type\":\"PropertyValueSpecification\",\"valueRequired\":true,\"valueName\":\"search_term_string\"}}],\"inLanguage\":\"et\"}]}<\/script>\n<!-- \/ Yoast SEO plugin. -->","yoast_head_json":{"title":"M\u00e4ngi Mega Millions USA Internetis | Kuidas saavad Eesti elanikud seaduslikult Mega Millions-ist osa v\u00f5tta","description":"N\u00fc\u00fcd Saad Ka Sina M\u00e4ngida Mega Millions-it - meie interneti teenus v\u00f5imaldab sul osta Mega Millions pileteid Eestist","robots":{"index":"index","follow":"follow","max-snippet":"max-snippet:-1","max-image-preview":"max-image-preview:large","max-video-preview":"max-video-preview:-1"},"canonical":"https:\/\/onlinelotto365.com\/et\/mangida\/mega-millions\/","og_locale":"et_EE","og_type":"article","og_title":"M\u00e4ngi Mega Millions USA Internetis | Kuidas saavad Eesti elanikud seaduslikult Mega Millions-ist osa v\u00f5tta","og_description":"N\u00fc\u00fcd Saad Ka Sina M\u00e4ngida Mega Millions-it - meie interneti teenus v\u00f5imaldab sul osta Mega Millions pileteid Eestist","og_url":"https:\/\/onlinelotto365.com\/et\/mangida\/mega-millions\/","og_site_name":"OnlineLotto365","article_modified_time":"2021-03-10T08:24:24+00:00","og_image":[{"url":"https:\/\/redfoxlotto.com\/image?size=8&amp;lottery=mega-millions"}],"twitter_card":"summary_large_image","twitter_misc":{"Est. reading time":"3 minutit"},"schema":{"@context":"https:\/\/schema.org","@graph":[{"@type":"WebPage","@id":"https:\/\/onlinelotto365.com\/et\/mangida\/mega-millions\/","url":"https:\/\/onlinelotto365.com\/et\/mangida\/mega-millions\/","name":"M\u00e4ngi Mega Millions USA Internetis | Kuidas saavad Eesti elanikud seaduslikult Mega Millions-ist osa v\u00f5tta","isPartOf":{"@id":"https:\/\/onlinelotto365.com\/et\/#website"},"primaryImageOfPage":{"@id":"https:\/\/onlinelotto365.com\/et\/mangida\/mega-millions\/#primaryimage"},"image":{"@id":"https:\/\/onlinelotto365.com\/et\/mangida\/mega-millions\/#primaryimage"},"thumbnailUrl":"https:\/\/redfoxlotto.com\/image?size=8&amp;lottery=mega-millions","datePublished":"2021-03-10T08:17:27+00:00","dateModified":"2021-03-10T08:24:24+00:00","description":"N\u00fc\u00fcd Saad Ka Sina M\u00e4ngida Mega Millions-it - meie interneti teenus v\u00f5imaldab sul osta Mega Millions pileteid Eestist","breadcrumb":{"@id":"https:\/\/onlinelotto365.com\/et\/mangida\/mega-millions\/#breadcrumb"},"inLanguage":"et","potentialAction":[{"@type":"ReadAction","target":["https:\/\/onlinelotto365.com\/et\/mangida\/mega-millions\/"]}]},{"@type":"ImageObject","inLanguage":"et","@id":"https:\/\/onlinelotto365.com\/et\/mangida\/mega-millions\/#primaryimage","url":"https:\/\/redfoxlotto.com\/image?size=8&amp;lottery=mega-millions","contentUrl":"https:\/\/redfoxlotto.com\/image?size=8&amp;lottery=mega-millions"},{"@type":"BreadcrumbList","@id":"https:\/\/onlinelotto365.com\/et\/mangida\/mega-millions\/#breadcrumb","itemListElement":[{"@type":"ListItem","position":1,"name":"Home","item":"https:\/\/onlinelotto365.com\/et\/"},{"@type":"ListItem","position":2,"name":"K\u00f5ik, mida sa pead teadma oma v\u00f5imaluste kohta, et m\u00e4ngida parimaid loteriisid internetis","item":"https:\/\/onlinelotto365.com\/et\/mangida\/"},{"@type":"ListItem","position":3,"name":"Mega Millions internetis"}]},{"@type":"WebSite","@id":"https:\/\/onlinelotto365.com\/et\/#website","url":"https:\/\/onlinelotto365.com\/et\/","name":"OnlineLotto365","description":"","potentialAction":[{"@type":"SearchAction","target":{"@type":"EntryPoint","urlTemplate":"https:\/\/onlinelotto365.com\/et\/?s={search_term_string}"},"query-input":{"@type":"PropertyValueSpecification","valueRequired":true,"valueName":"search_term_string"}}],"inLanguage":"et"}]}},"_links":{"self":[{"href":"https:\/\/onlinelotto365.com\/et\/wp-json\/wp\/v2\/pages\/58304","targetHints":{"allow":["GET"]}}],"collection":[{"href":"https:\/\/onlinelotto365.com\/et\/wp-json\/wp\/v2\/pages"}],"about":[{"href":"https:\/\/onlinelotto365.com\/et\/wp-json\/wp\/v2\/types\/page"}],"author":[{"embeddable":true,"href":"https:\/\/onlinelotto365.com\/et\/wp-json\/wp\/v2\/users\/1"}],"replies":[{"embeddable":true,"href":"https:\/\/onlinelotto365.com\/et\/wp-json\/wp\/v2\/comments?post=58304"}],"version-history":[{"count":0,"href":"https:\/\/onlinelotto365.com\/et\/wp-json\/wp\/v2\/pages\/58304\/revisions"}],"up":[{"embeddable":true,"href":"https:\/\/onlinelotto365.com\/et\/wp-json\/wp\/v2\/pages\/5015"}],"wp:attachment":[{"href":"https:\/\/onlinelotto365.com\/et\/wp-json\/wp\/v2\/media?parent=58304"}],"curies":[{"name":"wp","href":"https:\/\/api.w.org\/{rel}","templated":true}]}}