{"id":79085,"date":"2022-11-01T11:26:16","date_gmt":"2022-11-01T10:26:16","guid":{"rendered":"https:\/\/onlinelotto365.com\/?page_id=79085"},"modified":"2022-11-09T12:48:16","modified_gmt":"2022-11-09T11:48:16","slug":"mon-wed-lotto","status":"publish","type":"page","link":"https:\/\/onlinelotto365.com\/et\/mangida\/mon-wed-lotto\/","title":{"rendered":"M\u00e4ngib Mon &#038; Wed Lotto Austraalia on ainult \u00fcks v\u00f5imalus loterii f\u00e4nnid Eestist"},"content":{"rendered":"<h2>Kuidas m\u00e4ngida Mon &amp; Wed Lotto Austraalia online<\/h2>\n<p>Kui oled Eestis, ei pea olema raske m\u00e4ngida Mon &amp; Wed Lotto Austraalias internetis. K\u00f5ik, mida sa pead tegema, on v\u00e4lja m\u00f5elda, kuidas sa seda teed ja kuidas sa saad j\u00e4rgmisel loosimisel soovitud piletid k\u00e4tte. Me saame teid selles aidata.<\/p>\n<p>Meie s\u00fcsteem hoolitseb selle eest, et oled kogu aeg \u00f5igel teel. K\u00f5ik, mida sa pead tegema, on luua oma konto, valida soovitud piletid ja numbrid ning seej\u00e4rel maksta nende eest oma eelistatud makseviisiga. Just nii, ja oledki valmis ning ootad j\u00e4rgmist loosimist, et saaksid oma pileteid kontrollida.<\/p>\n<p>Kui olete valmis neid esimesi pileteid v\u00e4lja valima, peate lihtsalt valima \u00f5ige m\u00e4ngu. Antud juhul r\u00e4\u00e4gime Mon &amp; Wed Lotto Australia. Niisiis, valige \u00f5ige m\u00e4ng ja alustage numbrite valimist.<br \/>\nV\u00f5i vali kiirvalik, kus arvuti valib sinu eest juhuslikud numbrid. Saate neid numbreid isegi veel muuta, kui muudate oma meelt, nii et saate iga loosimise puhul soovitud numbrid.<\/p>\n<p>Kui olete oma Mon &amp; Wed Lotto Australia numbrid v\u00e4lja valinud, saate valida piletid teiste m\u00e4ngude jaoks, mida soovite m\u00e4ngida, ja kontrollida. Kassaprotsess on turvaline ja kindel ning tagab ka selle, et just teie ostate piletid. Peate oma konto kinnitama (ja looma) ning seej\u00e4rel saate hakata ostma mis tahes pileteid, mida soovite.<\/p>\n<p>Lihtsalt looge konto oma isiklike andmetega ja kl\u00f5psake meie poolt saadetud e-kirjas olevale lingile. See v\u00f5ib olla teie r\u00e4mpsposti kaustas, kui te ei ole meid veel oma aadressiraamatusse lisanud, seega j\u00e4lgige seda kindlasti. Sealt edasi on teie konto valmis ja te saate hakata ostma mis tahes pileteid.<br \/>\n<a href=\"https:\/\/redfoxlotto.com\/play\/monday-wednesday-lotto-au\/?ref=a8564250a2&amp;medium=ol365\" target=\"_blank\" rel=\"noopener noreferrer\"><img decoding=\"async\" class=\"aligncenter\" src=\"https:\/\/redfoxlotto.com\/image?size=8&amp;lottery=monday-wednesday-lotto-au\" alt=\"Mon &amp;; Wed Lotto Austraalia\" \/><\/a><\/p>\n<h2>Mon &amp; Wed Lotto Austraalia kohta<\/h2>\n<ul>\n<li>Riik: Austraalia<\/li>\n<li>Peamised numbrid vahemikus: 45<\/li>\n<li>Sa pead valima: 6<\/li>\n<li>P\u00e4evad, loosimise tunnid: Esmasp\u00e4ev, kolmap\u00e4ev, 21:30 GMT+11 &#8211; 10:30 CET<\/li>\n<li>Jackpot algab kell: AU$ 2,5 miljonit<\/li>\n<li>Jackpoti \u00fclempiir: fikseeritud jackpot<\/li>\n<li>T\u00f5en\u00e4osus v\u00f5ita jackpot: 1:8145060<\/li>\n<li>V\u00f5imalus v\u00f5ita teine auhind: 1:678755<\/li>\n<li>V\u00f5imalus v\u00f5ita mis tahes auhind: 1:85,44<\/li>\n<li>Auhinnakategooriate arv: 6<\/li>\n<\/ul>\n<h2>Mon &amp; Wed Lotto Austraalia parimad omadused<\/h2>\n<p>Kaks korda n\u00e4dalas v\u00e4lja loositud Mon &amp; Wed Lotto Australia annab teile v\u00f5imaluse saada osa miljonite auhindadest. Ja k\u00f5ik, mida sa pead tegema, on anda sellele v\u00f5imalus ja saada end Division 1 auhinnafondis. Kunagi ei tea, mida v\u00f5id v\u00f5ita.<\/p>\n<h2>Kuidas kontrollida Mon &amp; Wed Lotto Austraalia tulemusi<\/h2>\n<p>Kui tegemist on tulemuste kontrollimisega, v\u00f5ite olla \u00fcllatunud, milliseid kohti te saate k\u00fclastada. Loterii veebisaidilt saate vaadata numbreid kohe p\u00e4rast loosimist. Samuti saate p\u00e4rast loosimist vaadata kohalikke ajalehti ja telejaamu.<br \/>\nAga kui soovite oma tulemusi kiiresti ja lihtsalt saada, siis peaksite kontrollima meie veebisaiti, kust te oma piletid ostsite. Sealt leiad mitte ainult v\u00f5idunumbrid, vaid ka v\u00f5rdluse oma numbritega.<\/p>\n<h2>M\u00e4ngisid Mon &amp; Wed Lotto Australia online ja v\u00f5itsid &#8211; mis saab edasi?<\/h2>\n<p>Vaata v\u00f5idunumbreid, oma numbreid ja seda, kui palju sa m\u00e4ngust v\u00f5itsid. Kui oled v\u00f5itnud v\u00e4hem kui 2500 eurot, ei pea sa midagi tegema. Raha on juba sinu kontol.<br \/>\nJa kui see on sinu kontol, pead sa selle vaid v\u00e4lja v\u00f5tma (kui see on \u00fcle 10 euro) v\u00f5i kulutama selle veel m\u00f5ne lotopileti peale. Sa v\u00f5id j\u00e4tta selle oma kontole kulutamiseks nii kauaks kui soovid, nii et see on alati olemas.<br \/>\nKui sul on aga \u00f5nne ja v\u00f5idad \u00fcle 2500 euro, saad meie tugimeeskonnalt s\u00f5numi. Nad aitavad sul v\u00e4lja m\u00f5elda j\u00e4rgmised sammud, sealhulgas t\u00e4idad v\u00f5idu k\u00e4ttesaamiseks n\u00f5ude vormi. Ja siis kantakse sinu raha otse sinu pangakontole v\u00f5i saadetakse sulle t\u0161ekiga.<\/p>\n","protected":false},"excerpt":{"rendered":"<p>Kuidas m\u00e4ngida Mon &amp; Wed Lotto Austraalia online Kui oled Eestis, ei pea olema raske m\u00e4ngida Mon &amp; Wed Lotto Austraalias internetis. K\u00f5ik, mida sa pead tegema, on v\u00e4lja m\u00f5elda, kuidas sa seda teed ja kuidas sa saad j\u00e4rgmisel loosimisel soovitud piletid k\u00e4tte. Me saame teid selles aidata. Meie s\u00fcsteem hoolitseb selle eest, et oled [&hellip;]<\/p>\n","protected":false},"author":1,"featured_media":0,"parent":5015,"menu_order":16,"comment_status":"closed","ping_status":"closed","template":"template-rightsidebar.php","meta":{"_et_pb_use_builder":"","_et_pb_old_content":"","_et_gb_content_width":"","exclude_from_search":false,"footnotes":""},"class_list":["post-79085","page","type-page","status-publish","hentry"],"yoast_head":"<!-- This site is optimized with the Yoast SEO plugin v23.4 - https:\/\/yoast.com\/wordpress\/plugins\/seo\/ -->\n<title>Osalege Mon &amp; Wed Lotto Austraalia isegi Eestist<\/title>\n<meta name=\"description\" content=\"Otsid m\u00e4ngida Austraalia Won &amp; Wed loto? Hangi piletid siit!\" \/>\n<meta name=\"robots\" content=\"index, follow, max-snippet:-1, max-image-preview:large, max-video-preview:-1\" \/>\n<link rel=\"canonical\" href=\"https:\/\/onlinelotto365.com\/et\/mangida\/mon-wed-lotto\/\" \/>\n<meta property=\"og:locale\" content=\"et_EE\" \/>\n<meta property=\"og:type\" content=\"article\" \/>\n<meta property=\"og:title\" content=\"Osalege Mon &amp; Wed Lotto Austraalia isegi Eestist\" \/>\n<meta property=\"og:description\" content=\"Otsid m\u00e4ngida Austraalia Won &amp; Wed loto? Hangi piletid siit!\" \/>\n<meta property=\"og:url\" content=\"https:\/\/onlinelotto365.com\/et\/mangida\/mon-wed-lotto\/\" \/>\n<meta property=\"og:site_name\" content=\"OnlineLotto365\" \/>\n<meta property=\"article:modified_time\" content=\"2022-11-09T11:48:16+00:00\" \/>\n<meta property=\"og:image\" content=\"https:\/\/redfoxlotto.com\/image?size=8&amp;lottery=monday-wednesday-lotto-au\" \/>\n<meta name=\"twitter:card\" content=\"summary_large_image\" \/>\n<meta name=\"twitter:label1\" content=\"Est. reading time\" \/>\n\t<meta name=\"twitter:data1\" content=\"3 minutit\" \/>\n<script type=\"application\/ld+json\" class=\"yoast-schema-graph\">{\"@context\":\"https:\/\/schema.org\",\"@graph\":[{\"@type\":\"WebPage\",\"@id\":\"https:\/\/onlinelotto365.com\/et\/mangida\/mon-wed-lotto\/\",\"url\":\"https:\/\/onlinelotto365.com\/et\/mangida\/mon-wed-lotto\/\",\"name\":\"Osalege Mon & Wed Lotto Austraalia isegi Eestist\",\"isPartOf\":{\"@id\":\"https:\/\/onlinelotto365.com\/et\/#website\"},\"primaryImageOfPage\":{\"@id\":\"https:\/\/onlinelotto365.com\/et\/mangida\/mon-wed-lotto\/#primaryimage\"},\"image\":{\"@id\":\"https:\/\/onlinelotto365.com\/et\/mangida\/mon-wed-lotto\/#primaryimage\"},\"thumbnailUrl\":\"https:\/\/redfoxlotto.com\/image?size=8&amp;lottery=monday-wednesday-lotto-au\",\"datePublished\":\"2022-11-01T10:26:16+00:00\",\"dateModified\":\"2022-11-09T11:48:16+00:00\",\"description\":\"Otsid m\u00e4ngida Austraalia Won & Wed loto? Hangi piletid siit!\",\"breadcrumb\":{\"@id\":\"https:\/\/onlinelotto365.com\/et\/mangida\/mon-wed-lotto\/#breadcrumb\"},\"inLanguage\":\"et\",\"potentialAction\":[{\"@type\":\"ReadAction\",\"target\":[\"https:\/\/onlinelotto365.com\/et\/mangida\/mon-wed-lotto\/\"]}]},{\"@type\":\"ImageObject\",\"inLanguage\":\"et\",\"@id\":\"https:\/\/onlinelotto365.com\/et\/mangida\/mon-wed-lotto\/#primaryimage\",\"url\":\"https:\/\/redfoxlotto.com\/image?size=8&amp;lottery=monday-wednesday-lotto-au\",\"contentUrl\":\"https:\/\/redfoxlotto.com\/image?size=8&amp;lottery=monday-wednesday-lotto-au\"},{\"@type\":\"BreadcrumbList\",\"@id\":\"https:\/\/onlinelotto365.com\/et\/mangida\/mon-wed-lotto\/#breadcrumb\",\"itemListElement\":[{\"@type\":\"ListItem\",\"position\":1,\"name\":\"Home\",\"item\":\"https:\/\/onlinelotto365.com\/et\/\"},{\"@type\":\"ListItem\",\"position\":2,\"name\":\"K\u00f5ik, mida sa pead teadma oma v\u00f5imaluste kohta, et m\u00e4ngida parimaid loteriisid internetis\",\"item\":\"https:\/\/onlinelotto365.com\/et\/mangida\/\"},{\"@type\":\"ListItem\",\"position\":3,\"name\":\"M\u00e4ngib Mon &#038; Wed Lotto Austraalia on ainult \u00fcks v\u00f5imalus loterii f\u00e4nnid Eestist\"}]},{\"@type\":\"WebSite\",\"@id\":\"https:\/\/onlinelotto365.com\/et\/#website\",\"url\":\"https:\/\/onlinelotto365.com\/et\/\",\"name\":\"OnlineLotto365\",\"description\":\"\",\"potentialAction\":[{\"@type\":\"SearchAction\",\"target\":{\"@type\":\"EntryPoint\",\"urlTemplate\":\"https:\/\/onlinelotto365.com\/et\/?s={search_term_string}\"},\"query-input\":{\"@type\":\"PropertyValueSpecification\",\"valueRequired\":true,\"valueName\":\"search_term_string\"}}],\"inLanguage\":\"et\"}]}<\/script>\n<!-- \/ Yoast SEO plugin. -->","yoast_head_json":{"title":"Osalege Mon & Wed Lotto Austraalia isegi Eestist","description":"Otsid m\u00e4ngida Austraalia Won & Wed loto? Hangi piletid siit!","robots":{"index":"index","follow":"follow","max-snippet":"max-snippet:-1","max-image-preview":"max-image-preview:large","max-video-preview":"max-video-preview:-1"},"canonical":"https:\/\/onlinelotto365.com\/et\/mangida\/mon-wed-lotto\/","og_locale":"et_EE","og_type":"article","og_title":"Osalege Mon & Wed Lotto Austraalia isegi Eestist","og_description":"Otsid m\u00e4ngida Austraalia Won & Wed loto? Hangi piletid siit!","og_url":"https:\/\/onlinelotto365.com\/et\/mangida\/mon-wed-lotto\/","og_site_name":"OnlineLotto365","article_modified_time":"2022-11-09T11:48:16+00:00","og_image":[{"url":"https:\/\/redfoxlotto.com\/image?size=8&amp;lottery=monday-wednesday-lotto-au"}],"twitter_card":"summary_large_image","twitter_misc":{"Est. reading time":"3 minutit"},"schema":{"@context":"https:\/\/schema.org","@graph":[{"@type":"WebPage","@id":"https:\/\/onlinelotto365.com\/et\/mangida\/mon-wed-lotto\/","url":"https:\/\/onlinelotto365.com\/et\/mangida\/mon-wed-lotto\/","name":"Osalege Mon & Wed Lotto Austraalia isegi Eestist","isPartOf":{"@id":"https:\/\/onlinelotto365.com\/et\/#website"},"primaryImageOfPage":{"@id":"https:\/\/onlinelotto365.com\/et\/mangida\/mon-wed-lotto\/#primaryimage"},"image":{"@id":"https:\/\/onlinelotto365.com\/et\/mangida\/mon-wed-lotto\/#primaryimage"},"thumbnailUrl":"https:\/\/redfoxlotto.com\/image?size=8&amp;lottery=monday-wednesday-lotto-au","datePublished":"2022-11-01T10:26:16+00:00","dateModified":"2022-11-09T11:48:16+00:00","description":"Otsid m\u00e4ngida Austraalia Won & Wed loto? Hangi piletid siit!","breadcrumb":{"@id":"https:\/\/onlinelotto365.com\/et\/mangida\/mon-wed-lotto\/#breadcrumb"},"inLanguage":"et","potentialAction":[{"@type":"ReadAction","target":["https:\/\/onlinelotto365.com\/et\/mangida\/mon-wed-lotto\/"]}]},{"@type":"ImageObject","inLanguage":"et","@id":"https:\/\/onlinelotto365.com\/et\/mangida\/mon-wed-lotto\/#primaryimage","url":"https:\/\/redfoxlotto.com\/image?size=8&amp;lottery=monday-wednesday-lotto-au","contentUrl":"https:\/\/redfoxlotto.com\/image?size=8&amp;lottery=monday-wednesday-lotto-au"},{"@type":"BreadcrumbList","@id":"https:\/\/onlinelotto365.com\/et\/mangida\/mon-wed-lotto\/#breadcrumb","itemListElement":[{"@type":"ListItem","position":1,"name":"Home","item":"https:\/\/onlinelotto365.com\/et\/"},{"@type":"ListItem","position":2,"name":"K\u00f5ik, mida sa pead teadma oma v\u00f5imaluste kohta, et m\u00e4ngida parimaid loteriisid internetis","item":"https:\/\/onlinelotto365.com\/et\/mangida\/"},{"@type":"ListItem","position":3,"name":"M\u00e4ngib Mon &#038; Wed Lotto Austraalia on ainult \u00fcks v\u00f5imalus loterii f\u00e4nnid Eestist"}]},{"@type":"WebSite","@id":"https:\/\/onlinelotto365.com\/et\/#website","url":"https:\/\/onlinelotto365.com\/et\/","name":"OnlineLotto365","description":"","potentialAction":[{"@type":"SearchAction","target":{"@type":"EntryPoint","urlTemplate":"https:\/\/onlinelotto365.com\/et\/?s={search_term_string}"},"query-input":{"@type":"PropertyValueSpecification","valueRequired":true,"valueName":"search_term_string"}}],"inLanguage":"et"}]}},"_links":{"self":[{"href":"https:\/\/onlinelotto365.com\/et\/wp-json\/wp\/v2\/pages\/79085","targetHints":{"allow":["GET"]}}],"collection":[{"href":"https:\/\/onlinelotto365.com\/et\/wp-json\/wp\/v2\/pages"}],"about":[{"href":"https:\/\/onlinelotto365.com\/et\/wp-json\/wp\/v2\/types\/page"}],"author":[{"embeddable":true,"href":"https:\/\/onlinelotto365.com\/et\/wp-json\/wp\/v2\/users\/1"}],"replies":[{"embeddable":true,"href":"https:\/\/onlinelotto365.com\/et\/wp-json\/wp\/v2\/comments?post=79085"}],"version-history":[{"count":0,"href":"https:\/\/onlinelotto365.com\/et\/wp-json\/wp\/v2\/pages\/79085\/revisions"}],"up":[{"embeddable":true,"href":"https:\/\/onlinelotto365.com\/et\/wp-json\/wp\/v2\/pages\/5015"}],"wp:attachment":[{"href":"https:\/\/onlinelotto365.com\/et\/wp-json\/wp\/v2\/media?parent=79085"}],"curies":[{"name":"wp","href":"https:\/\/api.w.org\/{rel}","templated":true}]}}