{"id":79169,"date":"2022-11-02T07:48:09","date_gmt":"2022-11-02T06:48:09","guid":{"rendered":"https:\/\/onlinelotto365.com\/?page_id=79169"},"modified":"2022-11-02T07:48:09","modified_gmt":"2022-11-02T06:48:09","slug":"bonoloto","status":"publish","type":"page","link":"https:\/\/onlinelotto365.com\/et\/mangida\/bonoloto\/","title":{"rendered":"Bonoloto n\u00fc\u00fcd k\u00f5ikjal saadaval"},"content":{"rendered":"<h2>Kuidas m\u00e4ngida BonoLoto online<\/h2>\n<p>BonoLoto m\u00e4ngimine on lihtsam, kui te arvate. K\u00f5ik, mida sa pead tegema, on teada, kust alustada ja kust osta pileteid. Ja parim koht, kus sa saad t\u00e4pselt seda teha, on meie ja m\u00f5ned lihtsad sammud.<\/p>\n<p>Meie s\u00fcsteem hoolitseb selle eest, et sinu eest hoolitsetakse algusest l\u00f5puni. K\u00f5ik, mida pead tegema, on luua t\u00e4iesti tasuta konto ja oledki juba teel. Sul on v\u00f5imalik valida k\u00f5igi meie pakutavate erinevate lotom\u00e4ngude vahel ning valida soovitud piletid ja konkreetsed numbrid. Seej\u00e4rel saate maksta oma eelistatud makseviisiga ja olete valmis.<\/p>\n<p>K\u00f5ik, mida pead tegema, on vaadata erinevaid loto m\u00e4nge, mis meil saadaval on, ja valida \u00f5ige (BonoLoto). Sealt valite v\u00e4lja numbrid, mida soovite m\u00e4ngida. Kui valite liiga palju v\u00f5i liiga v\u00e4he, ei ole see oluline, meie s\u00fcsteem hoiatab teid, mida peate tegema, et saaksite oma piletit parandada. V\u00f5i v\u00f5id valida, kas arvuti m\u00e4\u00e4rab sulle numbrid juhuslikult.<\/p>\n<p>Kui oled saanud soovitud BonoLoto piletid, v\u00f5id valida, kas lisada pileteid ka teistest m\u00e4ngudest. See saab olema super lihtne ja v\u00f5tab vaid m\u00f5ned minutid. Ootad, kuni sinu kinnitav e-kiri tuleb meile saadetud e-kirjaga, ja kl\u00f5psad lingile. See on k\u00f5ik, mis vaja ja teie konto ongi loodud. Nii saate j\u00e4tkata piletite ostmist.<\/p>\n<p><a href=\"https:\/\/redfoxlotto.com\/play\/bonoloto\/?ref=a8564250a2&amp;medium=ol365\" target=\"_blank\" rel=\"noopener noreferrer\"><img decoding=\"async\" class=\"aligncenter\" src=\"https:\/\/redfoxlotto.com\/image?size=8&amp;lottery=bonoloto\" alt=\"Bono Lotto\" \/><\/a><\/p>\n<p>Kindluse m\u00f5ttes j\u00e4lgige, et kinnitamislink satuks nii oma tavalisse e-postkasti kui ka r\u00e4mpsposti kausta. Kui meid ei ole teie aadressiraamatus, ei pruugi te n\u00e4ha e-kirja oma tavalise konto kaustas.<\/p>\n<h2>BonoLoto kohta<\/h2>\n<ul>\n<li>Riik: Hispaania<\/li>\n<li>Peamised numbrid vahemikus: 49<\/li>\n<li>Sa pead valima: 6<\/li>\n<li>P\u00e4evad, loosimisaeg: iga p\u00e4ev, v\u00e4lja arvatud p\u00fchap\u00e4eviti, 21:30 CET &#8211; 21:30 CET<\/li>\n<li>Jackpot algab: \u20ac400.000<\/li>\n<li>Jackpoti \u00fclempiir: ei ole<\/li>\n<li>T\u00f5en\u00e4osus v\u00f5ita jackpot: 1:13983816<\/li>\n<li>T\u00f5en\u00e4osus v\u00f5ita teine auhind: 1:2330636<\/li>\n<li>V\u00f5imalus v\u00f5ita mis tahes auhind: 1:8,43<\/li>\n<li>Auhinnakategooriate arv: 6<\/li>\n<\/ul>\n<p>&nbsp;<\/p>\n<h2>BonoLoto parimad omadused<\/h2>\n<p>BonoLoto on tegutsenud juba \u00fcsna pikka aega ja selle aja jooksul on v\u00e4lja antud terve hulk auhindu. Veelgi parem on see, et igal n\u00e4dalal on neli erinevat loosimist ja algselt loodi see taskukohaseks v\u00f5imaluseks. See on seda ikka veel ja sa v\u00f5id v\u00f5ita 55% tulude kogupreemiast.<\/p>\n<h2>Kuidas kontrollida BonoLoto tulemusi<\/h2>\n<p>Kas oled valmis vaatama, millised on BonoLoto v\u00f5idunumbrid? Noh, see on tegelikult \u00fcsna lihtne, sest k\u00f5ik, mida sa pead tegema, on minna BonoLoto ametlikule veebisaidile. V\u00f5i v\u00f5id valida, kas vaadata oma kohalikke ajalehti ja telekanalid. Need kohad teatavad k\u00f5ik v\u00f5idunumbrid.<br \/>\nKuid parim koht on kindlasti see, kust sa oma pileti ostsid, mis on siin. Saate n\u00e4ha nii v\u00f5idunumbreid kui ka oma numbreid ja nende v\u00f5rdlust. Nii n\u00e4ed kohe ka oma v\u00f5itu. <img loading=\"lazy\" decoding=\"async\" class=\"alignright wp-image-3656\" src=\"https:\/\/onlinelotto365.com\/wp-content\/uploads\/2020\/11\/online_lottery-16-300x200.jpg\" alt=\"m\u00e4ngida bonoloto online\" width=\"215\" height=\"143\" srcset=\"https:\/\/onlinelotto365.com\/wp-content\/uploads\/2020\/11\/online_lottery-16-300x200.jpg 300w, https:\/\/onlinelotto365.com\/wp-content\/uploads\/2020\/11\/online_lottery-16.jpg 320w\" sizes=\"auto, (max-width: 215px) 100vw, 215px\" \/><\/p>\n<h2>Sa m\u00e4ngisid BonoLoto online ja v\u00f5itsid &#8211; mis saab edasi?<\/h2>\n<p>Kui sa v\u00f5idad v\u00e4hem kui 2500 eurot, ei pea sa midagi tegema. Seda seet\u00f5ttu, et me n\u00f5uame raha sinu eest ja kanname selle otse sinu kontole. See on sinu jaoks olemas, et kasutada seda, kuidas ja millal iganes sa seda soovid. V\u00f5i v\u00f5id selle v\u00e4lja v\u00f5tta oma tavalisele pangakontole, kui sul on v\u00e4hemalt 10 eurot.<br \/>\nKui oled v\u00f5itnud \u00fcle 2500 euro, pead ootama, kuni meie klienditoe meeskond kuuleb sinust, sest sinu v\u00f5idu k\u00e4ttesaamiseks on vaja veidi rohkem teha. \u00d5nneks aitame sind selle protsessiga ja saad kohe alustada, et saaksid oma raha saata t\u0161ekiga v\u00f5i otse oma kontole.<\/p>\n","protected":false},"excerpt":{"rendered":"<p>Kuidas m\u00e4ngida BonoLoto online BonoLoto m\u00e4ngimine on lihtsam, kui te arvate. K\u00f5ik, mida sa pead tegema, on teada, kust alustada ja kust osta pileteid. Ja parim koht, kus sa saad t\u00e4pselt seda teha, on meie ja m\u00f5ned lihtsad sammud. Meie s\u00fcsteem hoolitseb selle eest, et sinu eest hoolitsetakse algusest l\u00f5puni. K\u00f5ik, mida pead tegema, on [&hellip;]<\/p>\n","protected":false},"author":1,"featured_media":0,"parent":5015,"menu_order":8,"comment_status":"closed","ping_status":"closed","template":"","meta":{"_et_pb_use_builder":"","_et_pb_old_content":"","_et_gb_content_width":"","exclude_from_search":false,"footnotes":""},"class_list":["post-79169","page","type-page","status-publish","hentry"],"yoast_head":"<!-- This site is optimized with the Yoast SEO plugin v23.4 - https:\/\/yoast.com\/wordpress\/plugins\/seo\/ -->\n<title>Kuidas m\u00e4ngida BonoLoto, kui elad Eestis<\/title>\n<meta name=\"description\" content=\"Telli seaduslikult pileteid Bonoloto m\u00e4ngimiseks siin meie kodulehel\" \/>\n<meta name=\"robots\" content=\"index, follow, max-snippet:-1, max-image-preview:large, max-video-preview:-1\" \/>\n<link rel=\"canonical\" href=\"https:\/\/onlinelotto365.com\/et\/mangida\/bonoloto\/\" \/>\n<meta property=\"og:locale\" content=\"et_EE\" \/>\n<meta property=\"og:type\" content=\"article\" \/>\n<meta property=\"og:title\" content=\"Kuidas m\u00e4ngida BonoLoto, kui elad Eestis\" \/>\n<meta property=\"og:description\" content=\"Telli seaduslikult pileteid Bonoloto m\u00e4ngimiseks siin meie kodulehel\" \/>\n<meta property=\"og:url\" content=\"https:\/\/onlinelotto365.com\/et\/mangida\/bonoloto\/\" \/>\n<meta property=\"og:site_name\" content=\"OnlineLotto365\" \/>\n<meta property=\"og:image\" content=\"https:\/\/redfoxlotto.com\/image?size=8&amp;lottery=bonoloto\" \/>\n<meta name=\"twitter:card\" content=\"summary_large_image\" \/>\n<meta name=\"twitter:label1\" content=\"Est. reading time\" \/>\n\t<meta name=\"twitter:data1\" content=\"3 minutit\" \/>\n<script type=\"application\/ld+json\" class=\"yoast-schema-graph\">{\"@context\":\"https:\/\/schema.org\",\"@graph\":[{\"@type\":\"WebPage\",\"@id\":\"https:\/\/onlinelotto365.com\/et\/mangida\/bonoloto\/\",\"url\":\"https:\/\/onlinelotto365.com\/et\/mangida\/bonoloto\/\",\"name\":\"Kuidas m\u00e4ngida BonoLoto, kui elad Eestis\",\"isPartOf\":{\"@id\":\"https:\/\/onlinelotto365.com\/et\/#website\"},\"primaryImageOfPage\":{\"@id\":\"https:\/\/onlinelotto365.com\/et\/mangida\/bonoloto\/#primaryimage\"},\"image\":{\"@id\":\"https:\/\/onlinelotto365.com\/et\/mangida\/bonoloto\/#primaryimage\"},\"thumbnailUrl\":\"https:\/\/redfoxlotto.com\/image?size=8&amp;lottery=bonoloto\",\"datePublished\":\"2022-11-02T06:48:09+00:00\",\"dateModified\":\"2022-11-02T06:48:09+00:00\",\"description\":\"Telli seaduslikult pileteid Bonoloto m\u00e4ngimiseks siin meie kodulehel\",\"breadcrumb\":{\"@id\":\"https:\/\/onlinelotto365.com\/et\/mangida\/bonoloto\/#breadcrumb\"},\"inLanguage\":\"et\",\"potentialAction\":[{\"@type\":\"ReadAction\",\"target\":[\"https:\/\/onlinelotto365.com\/et\/mangida\/bonoloto\/\"]}]},{\"@type\":\"ImageObject\",\"inLanguage\":\"et\",\"@id\":\"https:\/\/onlinelotto365.com\/et\/mangida\/bonoloto\/#primaryimage\",\"url\":\"https:\/\/redfoxlotto.com\/image?size=8&amp;lottery=bonoloto\",\"contentUrl\":\"https:\/\/redfoxlotto.com\/image?size=8&amp;lottery=bonoloto\"},{\"@type\":\"BreadcrumbList\",\"@id\":\"https:\/\/onlinelotto365.com\/et\/mangida\/bonoloto\/#breadcrumb\",\"itemListElement\":[{\"@type\":\"ListItem\",\"position\":1,\"name\":\"Home\",\"item\":\"https:\/\/onlinelotto365.com\/et\/\"},{\"@type\":\"ListItem\",\"position\":2,\"name\":\"K\u00f5ik, mida sa pead teadma oma v\u00f5imaluste kohta, et m\u00e4ngida parimaid loteriisid internetis\",\"item\":\"https:\/\/onlinelotto365.com\/et\/mangida\/\"},{\"@type\":\"ListItem\",\"position\":3,\"name\":\"Bonoloto n\u00fc\u00fcd k\u00f5ikjal saadaval\"}]},{\"@type\":\"WebSite\",\"@id\":\"https:\/\/onlinelotto365.com\/et\/#website\",\"url\":\"https:\/\/onlinelotto365.com\/et\/\",\"name\":\"OnlineLotto365\",\"description\":\"\",\"potentialAction\":[{\"@type\":\"SearchAction\",\"target\":{\"@type\":\"EntryPoint\",\"urlTemplate\":\"https:\/\/onlinelotto365.com\/et\/?s={search_term_string}\"},\"query-input\":{\"@type\":\"PropertyValueSpecification\",\"valueRequired\":true,\"valueName\":\"search_term_string\"}}],\"inLanguage\":\"et\"}]}<\/script>\n<!-- \/ Yoast SEO plugin. -->","yoast_head_json":{"title":"Kuidas m\u00e4ngida BonoLoto, kui elad Eestis","description":"Telli seaduslikult pileteid Bonoloto m\u00e4ngimiseks siin meie kodulehel","robots":{"index":"index","follow":"follow","max-snippet":"max-snippet:-1","max-image-preview":"max-image-preview:large","max-video-preview":"max-video-preview:-1"},"canonical":"https:\/\/onlinelotto365.com\/et\/mangida\/bonoloto\/","og_locale":"et_EE","og_type":"article","og_title":"Kuidas m\u00e4ngida BonoLoto, kui elad Eestis","og_description":"Telli seaduslikult pileteid Bonoloto m\u00e4ngimiseks siin meie kodulehel","og_url":"https:\/\/onlinelotto365.com\/et\/mangida\/bonoloto\/","og_site_name":"OnlineLotto365","og_image":[{"url":"https:\/\/redfoxlotto.com\/image?size=8&amp;lottery=bonoloto"}],"twitter_card":"summary_large_image","twitter_misc":{"Est. reading time":"3 minutit"},"schema":{"@context":"https:\/\/schema.org","@graph":[{"@type":"WebPage","@id":"https:\/\/onlinelotto365.com\/et\/mangida\/bonoloto\/","url":"https:\/\/onlinelotto365.com\/et\/mangida\/bonoloto\/","name":"Kuidas m\u00e4ngida BonoLoto, kui elad Eestis","isPartOf":{"@id":"https:\/\/onlinelotto365.com\/et\/#website"},"primaryImageOfPage":{"@id":"https:\/\/onlinelotto365.com\/et\/mangida\/bonoloto\/#primaryimage"},"image":{"@id":"https:\/\/onlinelotto365.com\/et\/mangida\/bonoloto\/#primaryimage"},"thumbnailUrl":"https:\/\/redfoxlotto.com\/image?size=8&amp;lottery=bonoloto","datePublished":"2022-11-02T06:48:09+00:00","dateModified":"2022-11-02T06:48:09+00:00","description":"Telli seaduslikult pileteid Bonoloto m\u00e4ngimiseks siin meie kodulehel","breadcrumb":{"@id":"https:\/\/onlinelotto365.com\/et\/mangida\/bonoloto\/#breadcrumb"},"inLanguage":"et","potentialAction":[{"@type":"ReadAction","target":["https:\/\/onlinelotto365.com\/et\/mangida\/bonoloto\/"]}]},{"@type":"ImageObject","inLanguage":"et","@id":"https:\/\/onlinelotto365.com\/et\/mangida\/bonoloto\/#primaryimage","url":"https:\/\/redfoxlotto.com\/image?size=8&amp;lottery=bonoloto","contentUrl":"https:\/\/redfoxlotto.com\/image?size=8&amp;lottery=bonoloto"},{"@type":"BreadcrumbList","@id":"https:\/\/onlinelotto365.com\/et\/mangida\/bonoloto\/#breadcrumb","itemListElement":[{"@type":"ListItem","position":1,"name":"Home","item":"https:\/\/onlinelotto365.com\/et\/"},{"@type":"ListItem","position":2,"name":"K\u00f5ik, mida sa pead teadma oma v\u00f5imaluste kohta, et m\u00e4ngida parimaid loteriisid internetis","item":"https:\/\/onlinelotto365.com\/et\/mangida\/"},{"@type":"ListItem","position":3,"name":"Bonoloto n\u00fc\u00fcd k\u00f5ikjal saadaval"}]},{"@type":"WebSite","@id":"https:\/\/onlinelotto365.com\/et\/#website","url":"https:\/\/onlinelotto365.com\/et\/","name":"OnlineLotto365","description":"","potentialAction":[{"@type":"SearchAction","target":{"@type":"EntryPoint","urlTemplate":"https:\/\/onlinelotto365.com\/et\/?s={search_term_string}"},"query-input":{"@type":"PropertyValueSpecification","valueRequired":true,"valueName":"search_term_string"}}],"inLanguage":"et"}]}},"_links":{"self":[{"href":"https:\/\/onlinelotto365.com\/et\/wp-json\/wp\/v2\/pages\/79169","targetHints":{"allow":["GET"]}}],"collection":[{"href":"https:\/\/onlinelotto365.com\/et\/wp-json\/wp\/v2\/pages"}],"about":[{"href":"https:\/\/onlinelotto365.com\/et\/wp-json\/wp\/v2\/types\/page"}],"author":[{"embeddable":true,"href":"https:\/\/onlinelotto365.com\/et\/wp-json\/wp\/v2\/users\/1"}],"replies":[{"embeddable":true,"href":"https:\/\/onlinelotto365.com\/et\/wp-json\/wp\/v2\/comments?post=79169"}],"version-history":[{"count":0,"href":"https:\/\/onlinelotto365.com\/et\/wp-json\/wp\/v2\/pages\/79169\/revisions"}],"up":[{"embeddable":true,"href":"https:\/\/onlinelotto365.com\/et\/wp-json\/wp\/v2\/pages\/5015"}],"wp:attachment":[{"href":"https:\/\/onlinelotto365.com\/et\/wp-json\/wp\/v2\/media?parent=79169"}],"curies":[{"name":"wp","href":"https:\/\/api.w.org\/{rel}","templated":true}]}}