{"id":79203,"date":"2022-11-02T10:36:05","date_gmt":"2022-11-02T09:36:05","guid":{"rendered":"https:\/\/onlinelotto365.com\/?page_id=79203"},"modified":"2022-11-02T10:36:05","modified_gmt":"2022-11-02T09:36:05","slug":"saksa-loto","status":"publish","type":"page","link":"https:\/\/onlinelotto365.com\/et\/mangida\/saksa-loto\/","title":{"rendered":"Osalege Saksa Lotto teistest riikidest"},"content":{"rendered":"<p>Saksa loto on \u00fcks maailma k\u00f5ige kauem kestnud loteriid, mida on korraldatud juba \u00fcle 50 aasta. V\u00f5ite kihla vedada, et kogu see kogemus on neile v\u00e4ga kasulik ning nad on \u00fcks suuremaid Euroopa riike, kes hoiab oma riiklikku loteriid EuroMillions&#8217;i loteriiga liitumise asemel. Seega on sakslased oma Saksa loto \u00fcle uhked, nagu nad peaksidki olema.<\/p>\n<p>Kui te aga elate Eestis ja soovite niikuinii m\u00e4ngida Saksa Lottot v\u00f5i mis tahes muud suurt loteriid \u00fcle maailma, siis ei takista teid enam miski seda tegemast. K\u00f5ik, mida t\u00e4nap\u00e4eval teha tuleb, on piletite ostmine internetist. Kui olete Eestist, siis saate endiselt isegi Saksa Loto pileteid osta ka internetis.<\/p>\n<p>Loomulikult pead sa teadma, kust sa sel viisil oma loteriipileteid osta saad, ja siinkohal tuleme meie appi. Me oleme seda online loteriipiletite teenust juba m\u00f5nda aega pakkunud. See on suurim asi, mis loterii m\u00e4ngimisega on juhtunud alates loteriide leiutamisest, nagu te v\u00f5ite ette kujutada.<\/p>\n<p><a href=\"https:\/\/redfoxlotto.com\/play\/lotto-6aus49\/?ref=a8564250a2&amp;medium=ol365\" target=\"_blank\" rel=\"noopener noreferrer\"><img decoding=\"async\" class=\"aligncenter\" src=\"https:\/\/redfoxlotto.com\/image?size=8&amp;lottery=lotto-6aus49\" alt=\"Saksa 6aus49\" \/><\/a><\/p>\n<h2>Enam ei ole te piiratud ainult oma piirkonna loteriiga<\/h2>\n<p>Kui te olete nagu enamik loteriim\u00e4ngijaid, siis soovite m\u00e4ngida suuri loteriisid ja kui teil on v\u00f5imalus valida, siis soovite m\u00e4ngida rohkem kui \u00fchte. Kuni viimase ajani ei ole see siiski olnud v\u00f5imalik. Inimesed k\u00fcll imestasid, miks see ei olnud, n\u00e4iteks miks saab internetis osta peaaegu k\u00f5ike, v\u00e4lja arvatud loteriipileteid?<\/p>\n<p>Selleks oli vaja inimeste v\u00f5rgustikku, kes oleks pandud pakkumisi meie klientide jaoks tegema, mis t\u00e4hendas, et tuli minna ja osta pileteid k\u00f5igile, paljudes eri riikides. See h\u00f5lmas ka klientide kogemuste haldamist alates m\u00fc\u00fcgikohast ja sellise suurep\u00e4rase teeninduse pakkumist, mida inimesed ootavad.<br \/>\n<img loading=\"lazy\" decoding=\"async\" class=\" wp-image-1543 alignright\" src=\"https:\/\/onlinelotto365.com\/wp-content\/uploads\/2020\/11\/online_lottery-135.jpg\" alt=\"m\u00e4ngida saksa loto online\" width=\"305\" height=\"204\" \/><\/p>\n<h2>Saksamaa Lotto kohta<\/h2>\n<ul>\n<li>Riik: Saksamaa<\/li>\n<li>Peamine numbrivalik: 49<\/li>\n<li>Teie valik: 6<\/li>\n<li>Lisanumbrid: ei ole<\/li>\n<li>Teie valite: \u00fckski<\/li>\n<li>Loosimise p\u00e4evad, tunnid: Kesk-Euroopa aja j\u00e4rgi, 20:25 Kesk-Euroopa aja j\u00e4rgi, 20:25 Kesk-Euroopa aja j\u00e4rgi.<\/li>\n<li>Minimaalne jackpot: 1 miljon eurot<\/li>\n<li>Maksimaalne jackpoti \u00fclempiir: \u00fclempiir puudub<\/li>\n<li>T\u00f5en\u00e4osus v\u00f5ita jackpot: 1:125.854.344<\/li>\n<li>T\u00f5en\u00e4osus 2: 1:13.983.816<\/li>\n<li>T\u00f5en\u00e4osus v\u00f5ita \u00fcksk\u00f5ik millisel tasemel: 1:31<\/li>\n<li>Auhinnaklasside arv: 9<\/li>\n<\/ul>\n<p>K\u00f5ik loteriid, mida me teile k\u00e4ttesaadavaks teeme, on k\u00f5ik esmaklassilised suured loteriid, sealhulgas Saksa Lotto. Saksa loto m\u00e4ngimiseks valite 6 numbrit v\u00f5imalikust 49-st koos boonusnumbriga vahemikus 1-9.\u00a0Kui teil \u00f5nnestub tabada k\u00f5ik 6 numbrit pluss boonusnumber, siis teete peagi reisi Saksamaale, et saada mitu miljonit eurot v\u00f5i rohkem.<\/p>\n<p>Arvestades v\u00e4iksemat pallide arvu trumlis v\u00f5rreldes paljude teiste suurte loteriidega, on teie v\u00f5imalused v\u00f5ita jackpot Saksa lotos kindlasti suuremad. Loomulikult pakub Saksa loto, nagu k\u00f5ik loteriid, lisaks jackpotile ka muid auhindu ning lisaks jackpotile on kokku 7 lisaauhinda. Kui teil \u00f5nnestub sobitada juba 3 numbrit, siis saate raha.<\/p>\n<h2>Lase meil olla sinu teejuht Saksa loto ja selle j\u00e4rel.<\/h2>\n<p>Arvestades, kui populaarsed on loteriid kogu maailmas, on ligip\u00e4\u00e4s k\u00f5igile headele loteriidele loterii m\u00e4ngijate unistus. Miks m\u00e4ngida vaid \u00fchte, kui selle asemel saate m\u00e4ngida nii palju kui soovite? Miks peaksite leppima \u00fche v\u00f5i kahe loosimisega n\u00e4dalas, kui v\u00f5ite soovi korral osaleda k\u00fcmnetes? Miks peaksite poes k\u00e4ima, kui saate osta k\u00f5ik soovitud loteriipiletid internetist?<\/p>\n<h2>M\u00e4ngisite Saksa loto internetis ja v\u00f5itsite &#8211; mis saab edasi?<\/h2>\n<p>Me aitame teid igal sammul, alates ostu kinnituse saatmisest e-kirjaga, alates sellest, et teid teavitatakse e-posti teel iga kord, kui olete v\u00f5itnud, kuni selleni, et aitame teil v\u00f5itnud raha sisse maksta. See k\u00f5ik on uskumatult lihtne.<\/p>\n","protected":false},"excerpt":{"rendered":"<p>Saksa loto on \u00fcks maailma k\u00f5ige kauem kestnud loteriid, mida on korraldatud juba \u00fcle 50 aasta. V\u00f5ite kihla vedada, et kogu see kogemus on neile v\u00e4ga kasulik ning nad on \u00fcks suuremaid Euroopa riike, kes hoiab oma riiklikku loteriid EuroMillions&#8217;i loteriiga liitumise asemel. Seega on sakslased oma Saksa loto \u00fcle uhked, nagu nad peaksidki olema. [&hellip;]<\/p>\n","protected":false},"author":1,"featured_media":0,"parent":5015,"menu_order":11,"comment_status":"closed","ping_status":"closed","template":"lotto-german.php","meta":{"_et_pb_use_builder":"","_et_pb_old_content":"","_et_gb_content_width":"","exclude_from_search":false,"footnotes":""},"class_list":["post-79203","page","type-page","status-publish","hentry"],"yoast_head":"<!-- This site is optimized with the Yoast SEO plugin v23.4 - https:\/\/yoast.com\/wordpress\/plugins\/seo\/ -->\n<title>M\u00e4ngi Saksa Lottot internetis Eestist | Kas ma v\u00f5in osaleda Saksa Lottos, kui ma elan Eestis?<\/title>\n<meta name=\"description\" content=\"M\u00e4ngi Saksa Lottot siin - meie online piletiteenus teeb selle v\u00f5imalikuks ka Eestist.\" \/>\n<meta name=\"robots\" content=\"index, follow, max-snippet:-1, max-image-preview:large, max-video-preview:-1\" \/>\n<link rel=\"canonical\" href=\"https:\/\/onlinelotto365.com\/et\/mangida\/saksa-loto\/\" \/>\n<meta property=\"og:locale\" content=\"et_EE\" \/>\n<meta property=\"og:type\" content=\"article\" \/>\n<meta property=\"og:title\" content=\"M\u00e4ngi Saksa Lottot internetis Eestist | Kas ma v\u00f5in osaleda Saksa Lottos, kui ma elan Eestis?\" \/>\n<meta property=\"og:description\" content=\"M\u00e4ngi Saksa Lottot siin - meie online piletiteenus teeb selle v\u00f5imalikuks ka Eestist.\" \/>\n<meta property=\"og:url\" content=\"https:\/\/onlinelotto365.com\/et\/mangida\/saksa-loto\/\" \/>\n<meta property=\"og:site_name\" content=\"OnlineLotto365\" \/>\n<meta property=\"og:image\" content=\"https:\/\/redfoxlotto.com\/image?size=8&amp;lottery=lotto-6aus49\" \/>\n<meta name=\"twitter:card\" content=\"summary_large_image\" \/>\n<meta name=\"twitter:label1\" content=\"Est. reading time\" \/>\n\t<meta name=\"twitter:data1\" content=\"3 minutit\" \/>\n<script type=\"application\/ld+json\" class=\"yoast-schema-graph\">{\"@context\":\"https:\/\/schema.org\",\"@graph\":[{\"@type\":\"WebPage\",\"@id\":\"https:\/\/onlinelotto365.com\/et\/mangida\/saksa-loto\/\",\"url\":\"https:\/\/onlinelotto365.com\/et\/mangida\/saksa-loto\/\",\"name\":\"M\u00e4ngi Saksa Lottot internetis Eestist | Kas ma v\u00f5in osaleda Saksa Lottos, kui ma elan Eestis?\",\"isPartOf\":{\"@id\":\"https:\/\/onlinelotto365.com\/et\/#website\"},\"primaryImageOfPage\":{\"@id\":\"https:\/\/onlinelotto365.com\/et\/mangida\/saksa-loto\/#primaryimage\"},\"image\":{\"@id\":\"https:\/\/onlinelotto365.com\/et\/mangida\/saksa-loto\/#primaryimage\"},\"thumbnailUrl\":\"https:\/\/redfoxlotto.com\/image?size=8&amp;lottery=lotto-6aus49\",\"datePublished\":\"2022-11-02T09:36:05+00:00\",\"dateModified\":\"2022-11-02T09:36:05+00:00\",\"description\":\"M\u00e4ngi Saksa Lottot siin - meie online piletiteenus teeb selle v\u00f5imalikuks ka Eestist.\",\"breadcrumb\":{\"@id\":\"https:\/\/onlinelotto365.com\/et\/mangida\/saksa-loto\/#breadcrumb\"},\"inLanguage\":\"et\",\"potentialAction\":[{\"@type\":\"ReadAction\",\"target\":[\"https:\/\/onlinelotto365.com\/et\/mangida\/saksa-loto\/\"]}]},{\"@type\":\"ImageObject\",\"inLanguage\":\"et\",\"@id\":\"https:\/\/onlinelotto365.com\/et\/mangida\/saksa-loto\/#primaryimage\",\"url\":\"https:\/\/redfoxlotto.com\/image?size=8&amp;lottery=lotto-6aus49\",\"contentUrl\":\"https:\/\/redfoxlotto.com\/image?size=8&amp;lottery=lotto-6aus49\"},{\"@type\":\"BreadcrumbList\",\"@id\":\"https:\/\/onlinelotto365.com\/et\/mangida\/saksa-loto\/#breadcrumb\",\"itemListElement\":[{\"@type\":\"ListItem\",\"position\":1,\"name\":\"Home\",\"item\":\"https:\/\/onlinelotto365.com\/et\/\"},{\"@type\":\"ListItem\",\"position\":2,\"name\":\"K\u00f5ik, mida sa pead teadma oma v\u00f5imaluste kohta, et m\u00e4ngida parimaid loteriisid internetis\",\"item\":\"https:\/\/onlinelotto365.com\/et\/mangida\/\"},{\"@type\":\"ListItem\",\"position\":3,\"name\":\"Osalege Saksa Lotto teistest riikidest\"}]},{\"@type\":\"WebSite\",\"@id\":\"https:\/\/onlinelotto365.com\/et\/#website\",\"url\":\"https:\/\/onlinelotto365.com\/et\/\",\"name\":\"OnlineLotto365\",\"description\":\"\",\"potentialAction\":[{\"@type\":\"SearchAction\",\"target\":{\"@type\":\"EntryPoint\",\"urlTemplate\":\"https:\/\/onlinelotto365.com\/et\/?s={search_term_string}\"},\"query-input\":{\"@type\":\"PropertyValueSpecification\",\"valueRequired\":true,\"valueName\":\"search_term_string\"}}],\"inLanguage\":\"et\"}]}<\/script>\n<!-- \/ Yoast SEO plugin. -->","yoast_head_json":{"title":"M\u00e4ngi Saksa Lottot internetis Eestist | Kas ma v\u00f5in osaleda Saksa Lottos, kui ma elan Eestis?","description":"M\u00e4ngi Saksa Lottot siin - meie online piletiteenus teeb selle v\u00f5imalikuks ka Eestist.","robots":{"index":"index","follow":"follow","max-snippet":"max-snippet:-1","max-image-preview":"max-image-preview:large","max-video-preview":"max-video-preview:-1"},"canonical":"https:\/\/onlinelotto365.com\/et\/mangida\/saksa-loto\/","og_locale":"et_EE","og_type":"article","og_title":"M\u00e4ngi Saksa Lottot internetis Eestist | Kas ma v\u00f5in osaleda Saksa Lottos, kui ma elan Eestis?","og_description":"M\u00e4ngi Saksa Lottot siin - meie online piletiteenus teeb selle v\u00f5imalikuks ka Eestist.","og_url":"https:\/\/onlinelotto365.com\/et\/mangida\/saksa-loto\/","og_site_name":"OnlineLotto365","og_image":[{"url":"https:\/\/redfoxlotto.com\/image?size=8&amp;lottery=lotto-6aus49"}],"twitter_card":"summary_large_image","twitter_misc":{"Est. reading time":"3 minutit"},"schema":{"@context":"https:\/\/schema.org","@graph":[{"@type":"WebPage","@id":"https:\/\/onlinelotto365.com\/et\/mangida\/saksa-loto\/","url":"https:\/\/onlinelotto365.com\/et\/mangida\/saksa-loto\/","name":"M\u00e4ngi Saksa Lottot internetis Eestist | Kas ma v\u00f5in osaleda Saksa Lottos, kui ma elan Eestis?","isPartOf":{"@id":"https:\/\/onlinelotto365.com\/et\/#website"},"primaryImageOfPage":{"@id":"https:\/\/onlinelotto365.com\/et\/mangida\/saksa-loto\/#primaryimage"},"image":{"@id":"https:\/\/onlinelotto365.com\/et\/mangida\/saksa-loto\/#primaryimage"},"thumbnailUrl":"https:\/\/redfoxlotto.com\/image?size=8&amp;lottery=lotto-6aus49","datePublished":"2022-11-02T09:36:05+00:00","dateModified":"2022-11-02T09:36:05+00:00","description":"M\u00e4ngi Saksa Lottot siin - meie online piletiteenus teeb selle v\u00f5imalikuks ka Eestist.","breadcrumb":{"@id":"https:\/\/onlinelotto365.com\/et\/mangida\/saksa-loto\/#breadcrumb"},"inLanguage":"et","potentialAction":[{"@type":"ReadAction","target":["https:\/\/onlinelotto365.com\/et\/mangida\/saksa-loto\/"]}]},{"@type":"ImageObject","inLanguage":"et","@id":"https:\/\/onlinelotto365.com\/et\/mangida\/saksa-loto\/#primaryimage","url":"https:\/\/redfoxlotto.com\/image?size=8&amp;lottery=lotto-6aus49","contentUrl":"https:\/\/redfoxlotto.com\/image?size=8&amp;lottery=lotto-6aus49"},{"@type":"BreadcrumbList","@id":"https:\/\/onlinelotto365.com\/et\/mangida\/saksa-loto\/#breadcrumb","itemListElement":[{"@type":"ListItem","position":1,"name":"Home","item":"https:\/\/onlinelotto365.com\/et\/"},{"@type":"ListItem","position":2,"name":"K\u00f5ik, mida sa pead teadma oma v\u00f5imaluste kohta, et m\u00e4ngida parimaid loteriisid internetis","item":"https:\/\/onlinelotto365.com\/et\/mangida\/"},{"@type":"ListItem","position":3,"name":"Osalege Saksa Lotto teistest riikidest"}]},{"@type":"WebSite","@id":"https:\/\/onlinelotto365.com\/et\/#website","url":"https:\/\/onlinelotto365.com\/et\/","name":"OnlineLotto365","description":"","potentialAction":[{"@type":"SearchAction","target":{"@type":"EntryPoint","urlTemplate":"https:\/\/onlinelotto365.com\/et\/?s={search_term_string}"},"query-input":{"@type":"PropertyValueSpecification","valueRequired":true,"valueName":"search_term_string"}}],"inLanguage":"et"}]}},"_links":{"self":[{"href":"https:\/\/onlinelotto365.com\/et\/wp-json\/wp\/v2\/pages\/79203","targetHints":{"allow":["GET"]}}],"collection":[{"href":"https:\/\/onlinelotto365.com\/et\/wp-json\/wp\/v2\/pages"}],"about":[{"href":"https:\/\/onlinelotto365.com\/et\/wp-json\/wp\/v2\/types\/page"}],"author":[{"embeddable":true,"href":"https:\/\/onlinelotto365.com\/et\/wp-json\/wp\/v2\/users\/1"}],"replies":[{"embeddable":true,"href":"https:\/\/onlinelotto365.com\/et\/wp-json\/wp\/v2\/comments?post=79203"}],"version-history":[{"count":0,"href":"https:\/\/onlinelotto365.com\/et\/wp-json\/wp\/v2\/pages\/79203\/revisions"}],"up":[{"embeddable":true,"href":"https:\/\/onlinelotto365.com\/et\/wp-json\/wp\/v2\/pages\/5015"}],"wp:attachment":[{"href":"https:\/\/onlinelotto365.com\/et\/wp-json\/wp\/v2\/media?parent=79203"}],"curies":[{"name":"wp","href":"https:\/\/api.w.org\/{rel}","templated":true}]}}