{"id":79239,"date":"2022-11-02T14:48:12","date_gmt":"2022-11-02T13:48:12","guid":{"rendered":"https:\/\/onlinelotto365.com\/?page_id=79239"},"modified":"2022-11-02T14:48:25","modified_gmt":"2022-11-02T13:48:25","slug":"la-primitiva","status":"publish","type":"page","link":"https:\/\/onlinelotto365.com\/et\/mangida\/la-primitiva\/","title":{"rendered":"Kuidas m\u00e4ngida Hispaania La Primitiva loterii"},"content":{"rendered":"<h2>La Primitiva kohta<\/h2>\n<p>See Hispaaniast p\u00e4rit loterii on tuntud ka kui El Gordo, kuigi see on eksitav. Tegelikult on El Gordo hoopis La Primitiva loteriide j\u00f5uluv\u00e4ljaande h\u00fc\u00fcdnimi. Kui La Primitiva&#8217;t saab m\u00e4ngida aastaringselt, siis El Gordo&#8217;t pakutakse ainult j\u00f5ulude ajal. La Primitiva&#8217;t saavad Eesti elanikud m\u00e4ngida internetis meie veebilehe kaudu.<\/p>\n<p>La Primitiva loositakse kaks korda n\u00e4dalas. V\u00f5imalus v\u00f5ita jackpot on suhteliselt suur, sest lisanumbrid puuduvad.<\/p>\n<p><a href=\"https:\/\/redfoxlotto.com\/play\/la-primitiva\/?ref=a8564250a2&amp;medium=ol365\" target=\"_blank\" rel=\"noopener noreferrer\"><img decoding=\"async\" class=\"aligncenter\" src=\"https:\/\/redfoxlotto.com\/image?size=8&amp;lottery=la-primitiva\" alt=\"La Primitiva\" \/><\/a><\/p>\n<p>&nbsp;<\/p>\n<p>&nbsp;<\/p>\n<ul>\n<li>Riik: Hispaania<\/li>\n<li>Peamised numbrid: 49<\/li>\n<li>Te peate valima: 6<\/li>\n<li>Lisanumbrite vahemik:<\/li>\n<li>Te peate valima: 1<\/li>\n<li>P\u00e4evad, loosimise tunnid: Neljap\u00e4ev, laup\u00e4ev, 21:30 Kesk-Euroopa aja j\u00e4rgi &#8211; 21:30 Kesk-Euroopa aja j\u00e4rgi<\/li>\n<li>Jackpot algab: 2 miljonit eurot<\/li>\n<li>Jackpoti \u00fclempiir: ei ole<\/li>\n<li>T\u00f5en\u00e4osus v\u00f5ita jackpot: 1:15537573<\/li>\n<li>T\u00f5en\u00e4osus v\u00f5ita teine auhind: 1:542008<\/li>\n<li>V\u00f5imalus v\u00f5ita mis tahes auhind: 1:8,43<\/li>\n<li>Auhinnakategooriate arv: 9<\/li>\n<\/ul>\n<p>&nbsp;<\/p>\n<h2>La Primitiva parimad omadused<\/h2>\n<p>Nagu juba mainitud, t\u00e4hendab asjaolu, et sa pead m\u00e4ngima ainult 6 numbrit 49-st ja mitte \u00fchtegi lisanumbrit, et su t\u00f5en\u00e4osus v\u00f5ita jackpot on tegelikult \u00fcsna hea.<\/p>\n<h2>Kuidas kontrollida La Primitiva tulemusi<\/h2>\n<p>Kui olete ostnud oma pileti internetist Eestist v\u00f5i m\u00f5nest muust riigist v\u00e4ljaspool Hispaaniat, v\u00f5ib v\u00f5idunumbrite ja auhinnasummade leidmine olla keeruline. Kuid siin meie veebisaidil avaldame tulemused kohe p\u00e4rast La Primitiva loterii numbrite loosimist. Saate isegi vaadata oma piletit oma m\u00e4ngijakontol, kus n\u00e4ete kohe, millised numbrid teie loteriipiletilt vastavad loosimise tulemustele.<\/p>\n<p><img loading=\"lazy\" decoding=\"async\" class=\"alignright size-full wp-image-905\" src=\"https:\/\/onlinelotto365.com\/wp-content\/uploads\/2020\/11\/online_lottery-71.jpg\" alt=\"m\u00e4ngida la primitiva\" width=\"302\" height=\"100\" \/><\/p>\n<h2>Sa m\u00e4ngisid La Primitiva online ja v\u00f5itsid &#8211; mis saab edasi?<\/h2>\n<p>Kui sinu pilet on v\u00f5itnud alla 2500 euro suuruse auhinna, j\u00f5uab see auhinnasumma sinu m\u00e4ngijakontole kohe p\u00e4rast loosimist. Kui v\u00f5itsite suurema auhinna, v\u00f5tke palun \u00fchendust meie teenindusmeeskonnaga. Nad aitavad teil korraldada makse, kas otse teie pangakontole v\u00f5i t\u0161ekiga.<\/p>\n","protected":false},"excerpt":{"rendered":"<p>La Primitiva kohta See Hispaaniast p\u00e4rit loterii on tuntud ka kui El Gordo, kuigi see on eksitav. Tegelikult on El Gordo hoopis La Primitiva loteriide j\u00f5uluv\u00e4ljaande h\u00fc\u00fcdnimi. Kui La Primitiva&#8217;t saab m\u00e4ngida aastaringselt, siis El Gordo&#8217;t pakutakse ainult j\u00f5ulude ajal. La Primitiva&#8217;t saavad Eesti elanikud m\u00e4ngida internetis meie veebilehe kaudu. La Primitiva loositakse kaks korda [&hellip;]<\/p>\n","protected":false},"author":1,"featured_media":0,"parent":5015,"menu_order":7,"comment_status":"closed","ping_status":"closed","template":"la-primitiva.php","meta":{"_et_pb_use_builder":"","_et_pb_old_content":"","_et_gb_content_width":"","exclude_from_search":false,"footnotes":""},"class_list":["post-79239","page","type-page","status-publish","hentry"],"yoast_head":"<!-- This site is optimized with the Yoast SEO plugin v23.4 - https:\/\/yoast.com\/wordpress\/plugins\/seo\/ -->\n<title>M\u00e4ngi La Primitiva Hispaania online | La Primitiva Eestist<\/title>\n<meta name=\"description\" content=\"Hispaania La Primitiva loteriid saab n\u00fc\u00fcd m\u00e4ngida internetis Eestist.\" \/>\n<meta name=\"robots\" content=\"index, follow, max-snippet:-1, max-image-preview:large, max-video-preview:-1\" \/>\n<link rel=\"canonical\" href=\"https:\/\/onlinelotto365.com\/et\/mangida\/la-primitiva\/\" \/>\n<meta property=\"og:locale\" content=\"et_EE\" \/>\n<meta property=\"og:type\" content=\"article\" \/>\n<meta property=\"og:title\" content=\"M\u00e4ngi La Primitiva Hispaania online | La Primitiva Eestist\" \/>\n<meta property=\"og:description\" content=\"Hispaania La Primitiva loteriid saab n\u00fc\u00fcd m\u00e4ngida internetis Eestist.\" \/>\n<meta property=\"og:url\" content=\"https:\/\/onlinelotto365.com\/et\/mangida\/la-primitiva\/\" \/>\n<meta property=\"og:site_name\" content=\"OnlineLotto365\" \/>\n<meta property=\"article:modified_time\" content=\"2022-11-02T13:48:25+00:00\" \/>\n<meta property=\"og:image\" content=\"https:\/\/redfoxlotto.com\/image?size=8&amp;lottery=la-primitiva\" \/>\n<meta name=\"twitter:card\" content=\"summary_large_image\" \/>\n<meta name=\"twitter:label1\" content=\"Est. reading time\" \/>\n\t<meta name=\"twitter:data1\" content=\"2 minutit\" \/>\n<script type=\"application\/ld+json\" class=\"yoast-schema-graph\">{\"@context\":\"https:\/\/schema.org\",\"@graph\":[{\"@type\":\"WebPage\",\"@id\":\"https:\/\/onlinelotto365.com\/et\/mangida\/la-primitiva\/\",\"url\":\"https:\/\/onlinelotto365.com\/et\/mangida\/la-primitiva\/\",\"name\":\"M\u00e4ngi La Primitiva Hispaania online | La Primitiva Eestist\",\"isPartOf\":{\"@id\":\"https:\/\/onlinelotto365.com\/et\/#website\"},\"primaryImageOfPage\":{\"@id\":\"https:\/\/onlinelotto365.com\/et\/mangida\/la-primitiva\/#primaryimage\"},\"image\":{\"@id\":\"https:\/\/onlinelotto365.com\/et\/mangida\/la-primitiva\/#primaryimage\"},\"thumbnailUrl\":\"https:\/\/redfoxlotto.com\/image?size=8&amp;lottery=la-primitiva\",\"datePublished\":\"2022-11-02T13:48:12+00:00\",\"dateModified\":\"2022-11-02T13:48:25+00:00\",\"description\":\"Hispaania La Primitiva loteriid saab n\u00fc\u00fcd m\u00e4ngida internetis Eestist.\",\"breadcrumb\":{\"@id\":\"https:\/\/onlinelotto365.com\/et\/mangida\/la-primitiva\/#breadcrumb\"},\"inLanguage\":\"et\",\"potentialAction\":[{\"@type\":\"ReadAction\",\"target\":[\"https:\/\/onlinelotto365.com\/et\/mangida\/la-primitiva\/\"]}]},{\"@type\":\"ImageObject\",\"inLanguage\":\"et\",\"@id\":\"https:\/\/onlinelotto365.com\/et\/mangida\/la-primitiva\/#primaryimage\",\"url\":\"https:\/\/redfoxlotto.com\/image?size=8&amp;lottery=la-primitiva\",\"contentUrl\":\"https:\/\/redfoxlotto.com\/image?size=8&amp;lottery=la-primitiva\"},{\"@type\":\"BreadcrumbList\",\"@id\":\"https:\/\/onlinelotto365.com\/et\/mangida\/la-primitiva\/#breadcrumb\",\"itemListElement\":[{\"@type\":\"ListItem\",\"position\":1,\"name\":\"Home\",\"item\":\"https:\/\/onlinelotto365.com\/et\/\"},{\"@type\":\"ListItem\",\"position\":2,\"name\":\"K\u00f5ik, mida sa pead teadma oma v\u00f5imaluste kohta, et m\u00e4ngida parimaid loteriisid internetis\",\"item\":\"https:\/\/onlinelotto365.com\/et\/mangida\/\"},{\"@type\":\"ListItem\",\"position\":3,\"name\":\"Kuidas m\u00e4ngida Hispaania La Primitiva loterii\"}]},{\"@type\":\"WebSite\",\"@id\":\"https:\/\/onlinelotto365.com\/et\/#website\",\"url\":\"https:\/\/onlinelotto365.com\/et\/\",\"name\":\"OnlineLotto365\",\"description\":\"\",\"potentialAction\":[{\"@type\":\"SearchAction\",\"target\":{\"@type\":\"EntryPoint\",\"urlTemplate\":\"https:\/\/onlinelotto365.com\/et\/?s={search_term_string}\"},\"query-input\":{\"@type\":\"PropertyValueSpecification\",\"valueRequired\":true,\"valueName\":\"search_term_string\"}}],\"inLanguage\":\"et\"}]}<\/script>\n<!-- \/ Yoast SEO plugin. -->","yoast_head_json":{"title":"M\u00e4ngi La Primitiva Hispaania online | La Primitiva Eestist","description":"Hispaania La Primitiva loteriid saab n\u00fc\u00fcd m\u00e4ngida internetis Eestist.","robots":{"index":"index","follow":"follow","max-snippet":"max-snippet:-1","max-image-preview":"max-image-preview:large","max-video-preview":"max-video-preview:-1"},"canonical":"https:\/\/onlinelotto365.com\/et\/mangida\/la-primitiva\/","og_locale":"et_EE","og_type":"article","og_title":"M\u00e4ngi La Primitiva Hispaania online | La Primitiva Eestist","og_description":"Hispaania La Primitiva loteriid saab n\u00fc\u00fcd m\u00e4ngida internetis Eestist.","og_url":"https:\/\/onlinelotto365.com\/et\/mangida\/la-primitiva\/","og_site_name":"OnlineLotto365","article_modified_time":"2022-11-02T13:48:25+00:00","og_image":[{"url":"https:\/\/redfoxlotto.com\/image?size=8&amp;lottery=la-primitiva"}],"twitter_card":"summary_large_image","twitter_misc":{"Est. reading time":"2 minutit"},"schema":{"@context":"https:\/\/schema.org","@graph":[{"@type":"WebPage","@id":"https:\/\/onlinelotto365.com\/et\/mangida\/la-primitiva\/","url":"https:\/\/onlinelotto365.com\/et\/mangida\/la-primitiva\/","name":"M\u00e4ngi La Primitiva Hispaania online | La Primitiva Eestist","isPartOf":{"@id":"https:\/\/onlinelotto365.com\/et\/#website"},"primaryImageOfPage":{"@id":"https:\/\/onlinelotto365.com\/et\/mangida\/la-primitiva\/#primaryimage"},"image":{"@id":"https:\/\/onlinelotto365.com\/et\/mangida\/la-primitiva\/#primaryimage"},"thumbnailUrl":"https:\/\/redfoxlotto.com\/image?size=8&amp;lottery=la-primitiva","datePublished":"2022-11-02T13:48:12+00:00","dateModified":"2022-11-02T13:48:25+00:00","description":"Hispaania La Primitiva loteriid saab n\u00fc\u00fcd m\u00e4ngida internetis Eestist.","breadcrumb":{"@id":"https:\/\/onlinelotto365.com\/et\/mangida\/la-primitiva\/#breadcrumb"},"inLanguage":"et","potentialAction":[{"@type":"ReadAction","target":["https:\/\/onlinelotto365.com\/et\/mangida\/la-primitiva\/"]}]},{"@type":"ImageObject","inLanguage":"et","@id":"https:\/\/onlinelotto365.com\/et\/mangida\/la-primitiva\/#primaryimage","url":"https:\/\/redfoxlotto.com\/image?size=8&amp;lottery=la-primitiva","contentUrl":"https:\/\/redfoxlotto.com\/image?size=8&amp;lottery=la-primitiva"},{"@type":"BreadcrumbList","@id":"https:\/\/onlinelotto365.com\/et\/mangida\/la-primitiva\/#breadcrumb","itemListElement":[{"@type":"ListItem","position":1,"name":"Home","item":"https:\/\/onlinelotto365.com\/et\/"},{"@type":"ListItem","position":2,"name":"K\u00f5ik, mida sa pead teadma oma v\u00f5imaluste kohta, et m\u00e4ngida parimaid loteriisid internetis","item":"https:\/\/onlinelotto365.com\/et\/mangida\/"},{"@type":"ListItem","position":3,"name":"Kuidas m\u00e4ngida Hispaania La Primitiva loterii"}]},{"@type":"WebSite","@id":"https:\/\/onlinelotto365.com\/et\/#website","url":"https:\/\/onlinelotto365.com\/et\/","name":"OnlineLotto365","description":"","potentialAction":[{"@type":"SearchAction","target":{"@type":"EntryPoint","urlTemplate":"https:\/\/onlinelotto365.com\/et\/?s={search_term_string}"},"query-input":{"@type":"PropertyValueSpecification","valueRequired":true,"valueName":"search_term_string"}}],"inLanguage":"et"}]}},"_links":{"self":[{"href":"https:\/\/onlinelotto365.com\/et\/wp-json\/wp\/v2\/pages\/79239","targetHints":{"allow":["GET"]}}],"collection":[{"href":"https:\/\/onlinelotto365.com\/et\/wp-json\/wp\/v2\/pages"}],"about":[{"href":"https:\/\/onlinelotto365.com\/et\/wp-json\/wp\/v2\/types\/page"}],"author":[{"embeddable":true,"href":"https:\/\/onlinelotto365.com\/et\/wp-json\/wp\/v2\/users\/1"}],"replies":[{"embeddable":true,"href":"https:\/\/onlinelotto365.com\/et\/wp-json\/wp\/v2\/comments?post=79239"}],"version-history":[{"count":0,"href":"https:\/\/onlinelotto365.com\/et\/wp-json\/wp\/v2\/pages\/79239\/revisions"}],"up":[{"embeddable":true,"href":"https:\/\/onlinelotto365.com\/et\/wp-json\/wp\/v2\/pages\/5015"}],"wp:attachment":[{"href":"https:\/\/onlinelotto365.com\/et\/wp-json\/wp\/v2\/media?parent=79239"}],"curies":[{"name":"wp","href":"https:\/\/api.w.org\/{rel}","templated":true}]}}