{"id":79280,"date":"2022-11-03T09:43:44","date_gmt":"2022-11-03T08:43:44","guid":{"rendered":"https:\/\/onlinelotto365.com\/?page_id=79280"},"modified":"2022-11-03T09:43:55","modified_gmt":"2022-11-03T08:43:55","slug":"saturday-lotto-australia","status":"publish","type":"page","link":"https:\/\/onlinelotto365.com\/et\/mangida\/saturday-lotto-australia\/","title":{"rendered":"M\u00e4ngib laup\u00e4ev Lotto Austraalia on ainult \u00fcks v\u00f5imalus loterii f\u00e4nnid Eestist"},"content":{"rendered":"<h2>Kuidas m\u00e4ngida laup\u00e4eval Lotto Austraalia online<\/h2>\n<p>Kui elate Eestis v\u00f5i mujal, siis ei ole laup\u00e4evalotto Austraalia m\u00e4ngimine nii keeruline, kui v\u00f5ite arvata. Lisaks on sul v\u00f5imalusi saada soovitud pileteid, ilma et peaksid selle peale palju aega kulutama, mis v\u00f5iks olla parem kui see?<\/p>\n<p>Noh, asjaolu, et me aitame teid selle k\u00e4igus, on kindlasti ka suur eelis. Saate valida k\u00f5ik soovitud v\u00f5imalused, luua oma konto, osta piletid ja k\u00f5ik muu, mida vajate, oma eelistatud makseviisiga hetkega. Ja me hoolitseme selle eest, et need piletid oleksid sinu jaoks valmis, kui loosimine saabub.<\/p>\n<p>K\u00f5ik, mida pead tegema, on vaadata erinevaid loto v\u00f5imalusi ja valida Saturday Lotto Australia. Kui teete seda, saate v\u00f5imaluse valida oma numbrid igale piletile, mida soovite.<br \/>\n\u00c4rge muretsege, et valite v\u00e4lja vale arvu numbreid, sest s\u00fcsteem juhendab teid, et saada just \u00f5ige kogus. Ja kui sa ei ole soovitud numbrites nii kindel, v\u00f5id lihtsalt valida kiirvaliku, et arvuti saaks sinu eest numbrid valida.<\/p>\n<p>Kui oled oma piletid k\u00e4tte saanud, saad valida, kas lisada veel pileteid, valida pileteid teise m\u00e4ngu jaoks v\u00f5i lihtsalt lisada oma tellimusele ja valmistuda ostu sooritamiseks. Kassaprotsessi eesm\u00e4rk on olla v\u00f5imalikult lihtne, et saaksid piletite eest tasuda ja kohe edasi minna. K\u00f5ik, mida peate tegema, on konto loomine.<\/p>\n<p>Konto loomine on imelihtne, sest me ei vaja palju teavet. Ja siis saadame teile kinnituse e-kirja, et saaksite oma konto l\u00f5plikult vormistada. Pidage meeles, et see v\u00f5ib sattuda teie r\u00e4mpsposti kausta (mis t\u00e4hendab, et peate meid lisama oma aadressiraamatusse) ja sellega on teil konto ja v\u00f5imalus osta rohkem pileteid, millal iganes soovite.<\/p>\n<p><a href=\"https:\/\/redfoxlotto.com\/play\/saturday-lotto-au\/?ref=a8564250a2&amp;medium=ol365\" target=\"_blank\" rel=\"noopener noreferrer\"><img decoding=\"async\" class=\"aligncenter\" src=\"https:\/\/redfoxlotto.com\/image?size=8&amp;lottery=saturday-lotto-au\" alt=\"Laup\u00e4evane loto Austraalia\" \/><\/a><\/p>\n<h2>Umbes laup\u00e4evane Lotto Austraalia<\/h2>\n<ul>\n<li>Riik: Austraalia<\/li>\n<li>Peamine numbrite valik: 45<\/li>\n<li>Sa pead valima: 6<\/li>\n<li>P\u00e4evad, loosimise tunnid: Laup\u00e4ev, 21:30 GMT+11 &#8211; 10:30 CET<\/li>\n<li>Jackpot algab kell: AU$ 5 miljonit<\/li>\n<li>Jackpot on piiratud: AU$ 150 miljonit<\/li>\n<li>V\u00f5imalus v\u00f5ita jackpot: 1:8145060<\/li>\n<li>V\u00f5imalus v\u00f5ita teine auhind: 1:678755<\/li>\n<li>V\u00f5imalus v\u00f5ita mis tahes auhind: 1:85,44<\/li>\n<li>Auhinnakategooriate arv: 6<\/li>\n<\/ul>\n<p>&nbsp;<\/p>\n<h2>Austraalia laup\u00e4evase loto parimad omadused<\/h2>\n<p>Saturday Lotto Australia annab palju v\u00f5iduv\u00f5imalusi ja mitme miljoni suurused jackpotid. Veelgi parem on see, et igas loosimises on sadu tuhandeid v\u00f5itjaid. Sa v\u00f5id v\u00f5ita v\u00e4ikese auhinna, mis on v\u00e4iksem kui 10 dollarit, v\u00f5i v\u00f5id v\u00f5ita suuri auhindu, mis on sadu tuhandeid dollareid. K\u00f5ik, mida sa pead tegema, on \u00f5igete numbrite valimine.<\/p>\n<h2>Kuidas kontrollida laup\u00e4evase Lotto Austraalia tulemusi<\/h2>\n<p>Kui on aeg kontrollida laup\u00e4evase Lotto Austraalia tulemusi, on teil mitu erinevat v\u00f5imalust. Esimene on vaadata loterii ametlikul veebisaidil. Nad avaldavad v\u00f5idunumbrid alati p\u00e4rast nende loosimist.<br \/>\nKuid v\u00f5ite vaadata ka kohalikke ajalehti ja telekanaleid, kui elate kohapeal. K\u00f5ige lihtsam ja parem viis kontrollimiseks on muidugi tulla tagasi meie veebisaidile ja logida oma kontole. Sealt saad n\u00e4ha viimaseid v\u00f5idunumbreid ning v\u00f5rrelda neid oma numbritega.<\/p>\n<h2>Sa m\u00e4ngisid laup\u00e4eval internetis Austraalia loto ja v\u00f5itsid &#8211; mis saab edasi?<\/h2>\n<p>Kas sa v\u00f5itsid viimasel loosimisel midagi? Kui jah, siis tahad teada, kui palju ja see m\u00f5jutab seda, kuidas sa oma raha k\u00e4tte saad. K\u00f5ik alla 2500 euro suurused summad saab kanda otse teie kontole ja see on. See t\u00e4hendab, et saad sellega teha, mida iganes soovid, alates selle v\u00e4ljav\u00f5tmisest (kui see on \u00fcle 10 euro) kuni m\u00f5ne pileti ostmiseni selleks v\u00f5i m\u00f5neks muuks m\u00e4nguks, mida soovid.<br \/>\nTeisest k\u00fcljest, kui sul on olnud \u00f5nne v\u00f5ita \u00fcle 2500 euro, aitame sind oma v\u00f5idu k\u00e4ttesaamise protsessis, mis n\u00f5uab veidi rohkem vaeva. Selle protsessi jaoks pead sa t\u00e4itma loteriikomisjonile taotluse vormi ja otsustama, kas soovid, et su raha saadetakse sulle panga\u00fclekandega v\u00f5i t\u0161ekiga. See on t\u00e4ielikult sinu otsustada.<\/p>\n","protected":false},"excerpt":{"rendered":"<p>Kuidas m\u00e4ngida laup\u00e4eval Lotto Austraalia online Kui elate Eestis v\u00f5i mujal, siis ei ole laup\u00e4evalotto Austraalia m\u00e4ngimine nii keeruline, kui v\u00f5ite arvata. Lisaks on sul v\u00f5imalusi saada soovitud pileteid, ilma et peaksid selle peale palju aega kulutama, mis v\u00f5iks olla parem kui see? Noh, asjaolu, et me aitame teid selle k\u00e4igus, on kindlasti ka suur [&hellip;]<\/p>\n","protected":false},"author":1,"featured_media":0,"parent":5015,"menu_order":15,"comment_status":"closed","ping_status":"closed","template":"saturday-lotto.php","meta":{"_et_pb_use_builder":"","_et_pb_old_content":"","_et_gb_content_width":"","exclude_from_search":false,"footnotes":""},"class_list":["post-79280","page","type-page","status-publish","hentry"],"yoast_head":"<!-- This site is optimized with the Yoast SEO plugin v23.4 - https:\/\/yoast.com\/wordpress\/plugins\/seo\/ -->\n<title>Meie teenus v\u00f5imaldab teil m\u00e4ngida laup\u00e4eval Lotto Austraalia online Eestist<\/title>\n<meta name=\"description\" content=\"Ka Austraalias on olemas laup\u00e4evaloto - m\u00e4ngi seda n\u00fc\u00fcd internetis\" \/>\n<meta name=\"robots\" content=\"index, follow, max-snippet:-1, max-image-preview:large, max-video-preview:-1\" \/>\n<link rel=\"canonical\" href=\"https:\/\/onlinelotto365.com\/et\/mangida\/saturday-lotto-australia\/\" \/>\n<meta property=\"og:locale\" content=\"et_EE\" \/>\n<meta property=\"og:type\" content=\"article\" \/>\n<meta property=\"og:title\" content=\"Meie teenus v\u00f5imaldab teil m\u00e4ngida laup\u00e4eval Lotto Austraalia online Eestist\" \/>\n<meta property=\"og:description\" content=\"Ka Austraalias on olemas laup\u00e4evaloto - m\u00e4ngi seda n\u00fc\u00fcd internetis\" \/>\n<meta property=\"og:url\" content=\"https:\/\/onlinelotto365.com\/et\/mangida\/saturday-lotto-australia\/\" \/>\n<meta property=\"og:site_name\" content=\"OnlineLotto365\" \/>\n<meta property=\"article:modified_time\" content=\"2022-11-03T08:43:55+00:00\" \/>\n<meta property=\"og:image\" content=\"https:\/\/redfoxlotto.com\/image?size=8&amp;lottery=saturday-lotto-au\" \/>\n<meta name=\"twitter:card\" content=\"summary_large_image\" \/>\n<meta name=\"twitter:label1\" content=\"Est. reading time\" \/>\n\t<meta name=\"twitter:data1\" content=\"3 minutit\" \/>\n<script type=\"application\/ld+json\" class=\"yoast-schema-graph\">{\"@context\":\"https:\/\/schema.org\",\"@graph\":[{\"@type\":\"WebPage\",\"@id\":\"https:\/\/onlinelotto365.com\/et\/mangida\/saturday-lotto-australia\/\",\"url\":\"https:\/\/onlinelotto365.com\/et\/mangida\/saturday-lotto-australia\/\",\"name\":\"Meie teenus v\u00f5imaldab teil m\u00e4ngida laup\u00e4eval Lotto Austraalia online Eestist\",\"isPartOf\":{\"@id\":\"https:\/\/onlinelotto365.com\/et\/#website\"},\"primaryImageOfPage\":{\"@id\":\"https:\/\/onlinelotto365.com\/et\/mangida\/saturday-lotto-australia\/#primaryimage\"},\"image\":{\"@id\":\"https:\/\/onlinelotto365.com\/et\/mangida\/saturday-lotto-australia\/#primaryimage\"},\"thumbnailUrl\":\"https:\/\/redfoxlotto.com\/image?size=8&amp;lottery=saturday-lotto-au\",\"datePublished\":\"2022-11-03T08:43:44+00:00\",\"dateModified\":\"2022-11-03T08:43:55+00:00\",\"description\":\"Ka Austraalias on olemas laup\u00e4evaloto - m\u00e4ngi seda n\u00fc\u00fcd internetis\",\"breadcrumb\":{\"@id\":\"https:\/\/onlinelotto365.com\/et\/mangida\/saturday-lotto-australia\/#breadcrumb\"},\"inLanguage\":\"et\",\"potentialAction\":[{\"@type\":\"ReadAction\",\"target\":[\"https:\/\/onlinelotto365.com\/et\/mangida\/saturday-lotto-australia\/\"]}]},{\"@type\":\"ImageObject\",\"inLanguage\":\"et\",\"@id\":\"https:\/\/onlinelotto365.com\/et\/mangida\/saturday-lotto-australia\/#primaryimage\",\"url\":\"https:\/\/redfoxlotto.com\/image?size=8&amp;lottery=saturday-lotto-au\",\"contentUrl\":\"https:\/\/redfoxlotto.com\/image?size=8&amp;lottery=saturday-lotto-au\"},{\"@type\":\"BreadcrumbList\",\"@id\":\"https:\/\/onlinelotto365.com\/et\/mangida\/saturday-lotto-australia\/#breadcrumb\",\"itemListElement\":[{\"@type\":\"ListItem\",\"position\":1,\"name\":\"Home\",\"item\":\"https:\/\/onlinelotto365.com\/et\/\"},{\"@type\":\"ListItem\",\"position\":2,\"name\":\"K\u00f5ik, mida sa pead teadma oma v\u00f5imaluste kohta, et m\u00e4ngida parimaid loteriisid internetis\",\"item\":\"https:\/\/onlinelotto365.com\/et\/mangida\/\"},{\"@type\":\"ListItem\",\"position\":3,\"name\":\"M\u00e4ngib laup\u00e4ev Lotto Austraalia on ainult \u00fcks v\u00f5imalus loterii f\u00e4nnid Eestist\"}]},{\"@type\":\"WebSite\",\"@id\":\"https:\/\/onlinelotto365.com\/et\/#website\",\"url\":\"https:\/\/onlinelotto365.com\/et\/\",\"name\":\"OnlineLotto365\",\"description\":\"\",\"potentialAction\":[{\"@type\":\"SearchAction\",\"target\":{\"@type\":\"EntryPoint\",\"urlTemplate\":\"https:\/\/onlinelotto365.com\/et\/?s={search_term_string}\"},\"query-input\":{\"@type\":\"PropertyValueSpecification\",\"valueRequired\":true,\"valueName\":\"search_term_string\"}}],\"inLanguage\":\"et\"}]}<\/script>\n<!-- \/ Yoast SEO plugin. -->","yoast_head_json":{"title":"Meie teenus v\u00f5imaldab teil m\u00e4ngida laup\u00e4eval Lotto Austraalia online Eestist","description":"Ka Austraalias on olemas laup\u00e4evaloto - m\u00e4ngi seda n\u00fc\u00fcd internetis","robots":{"index":"index","follow":"follow","max-snippet":"max-snippet:-1","max-image-preview":"max-image-preview:large","max-video-preview":"max-video-preview:-1"},"canonical":"https:\/\/onlinelotto365.com\/et\/mangida\/saturday-lotto-australia\/","og_locale":"et_EE","og_type":"article","og_title":"Meie teenus v\u00f5imaldab teil m\u00e4ngida laup\u00e4eval Lotto Austraalia online Eestist","og_description":"Ka Austraalias on olemas laup\u00e4evaloto - m\u00e4ngi seda n\u00fc\u00fcd internetis","og_url":"https:\/\/onlinelotto365.com\/et\/mangida\/saturday-lotto-australia\/","og_site_name":"OnlineLotto365","article_modified_time":"2022-11-03T08:43:55+00:00","og_image":[{"url":"https:\/\/redfoxlotto.com\/image?size=8&amp;lottery=saturday-lotto-au"}],"twitter_card":"summary_large_image","twitter_misc":{"Est. reading time":"3 minutit"},"schema":{"@context":"https:\/\/schema.org","@graph":[{"@type":"WebPage","@id":"https:\/\/onlinelotto365.com\/et\/mangida\/saturday-lotto-australia\/","url":"https:\/\/onlinelotto365.com\/et\/mangida\/saturday-lotto-australia\/","name":"Meie teenus v\u00f5imaldab teil m\u00e4ngida laup\u00e4eval Lotto Austraalia online Eestist","isPartOf":{"@id":"https:\/\/onlinelotto365.com\/et\/#website"},"primaryImageOfPage":{"@id":"https:\/\/onlinelotto365.com\/et\/mangida\/saturday-lotto-australia\/#primaryimage"},"image":{"@id":"https:\/\/onlinelotto365.com\/et\/mangida\/saturday-lotto-australia\/#primaryimage"},"thumbnailUrl":"https:\/\/redfoxlotto.com\/image?size=8&amp;lottery=saturday-lotto-au","datePublished":"2022-11-03T08:43:44+00:00","dateModified":"2022-11-03T08:43:55+00:00","description":"Ka Austraalias on olemas laup\u00e4evaloto - m\u00e4ngi seda n\u00fc\u00fcd internetis","breadcrumb":{"@id":"https:\/\/onlinelotto365.com\/et\/mangida\/saturday-lotto-australia\/#breadcrumb"},"inLanguage":"et","potentialAction":[{"@type":"ReadAction","target":["https:\/\/onlinelotto365.com\/et\/mangida\/saturday-lotto-australia\/"]}]},{"@type":"ImageObject","inLanguage":"et","@id":"https:\/\/onlinelotto365.com\/et\/mangida\/saturday-lotto-australia\/#primaryimage","url":"https:\/\/redfoxlotto.com\/image?size=8&amp;lottery=saturday-lotto-au","contentUrl":"https:\/\/redfoxlotto.com\/image?size=8&amp;lottery=saturday-lotto-au"},{"@type":"BreadcrumbList","@id":"https:\/\/onlinelotto365.com\/et\/mangida\/saturday-lotto-australia\/#breadcrumb","itemListElement":[{"@type":"ListItem","position":1,"name":"Home","item":"https:\/\/onlinelotto365.com\/et\/"},{"@type":"ListItem","position":2,"name":"K\u00f5ik, mida sa pead teadma oma v\u00f5imaluste kohta, et m\u00e4ngida parimaid loteriisid internetis","item":"https:\/\/onlinelotto365.com\/et\/mangida\/"},{"@type":"ListItem","position":3,"name":"M\u00e4ngib laup\u00e4ev Lotto Austraalia on ainult \u00fcks v\u00f5imalus loterii f\u00e4nnid Eestist"}]},{"@type":"WebSite","@id":"https:\/\/onlinelotto365.com\/et\/#website","url":"https:\/\/onlinelotto365.com\/et\/","name":"OnlineLotto365","description":"","potentialAction":[{"@type":"SearchAction","target":{"@type":"EntryPoint","urlTemplate":"https:\/\/onlinelotto365.com\/et\/?s={search_term_string}"},"query-input":{"@type":"PropertyValueSpecification","valueRequired":true,"valueName":"search_term_string"}}],"inLanguage":"et"}]}},"_links":{"self":[{"href":"https:\/\/onlinelotto365.com\/et\/wp-json\/wp\/v2\/pages\/79280","targetHints":{"allow":["GET"]}}],"collection":[{"href":"https:\/\/onlinelotto365.com\/et\/wp-json\/wp\/v2\/pages"}],"about":[{"href":"https:\/\/onlinelotto365.com\/et\/wp-json\/wp\/v2\/types\/page"}],"author":[{"embeddable":true,"href":"https:\/\/onlinelotto365.com\/et\/wp-json\/wp\/v2\/users\/1"}],"replies":[{"embeddable":true,"href":"https:\/\/onlinelotto365.com\/et\/wp-json\/wp\/v2\/comments?post=79280"}],"version-history":[{"count":0,"href":"https:\/\/onlinelotto365.com\/et\/wp-json\/wp\/v2\/pages\/79280\/revisions"}],"up":[{"embeddable":true,"href":"https:\/\/onlinelotto365.com\/et\/wp-json\/wp\/v2\/pages\/5015"}],"wp:attachment":[{"href":"https:\/\/onlinelotto365.com\/et\/wp-json\/wp\/v2\/media?parent=79280"}],"curies":[{"name":"wp","href":"https:\/\/api.w.org\/{rel}","templated":true}]}}