{"id":79322,"date":"2022-11-03T11:35:56","date_gmt":"2022-11-03T10:35:56","guid":{"rendered":"https:\/\/onlinelotto365.com\/?page_id=79322"},"modified":"2022-11-03T11:36:07","modified_gmt":"2022-11-03T10:36:07","slug":"oz-loto","status":"publish","type":"page","link":"https:\/\/onlinelotto365.com\/et\/mangida\/oz-loto\/","title":{"rendered":"Oz Lotto m\u00e4ngimine on ainult \u00fcks v\u00f5imalus Eesti loterii f\u00e4nnidele"},"content":{"rendered":"<h2>Kuidas m\u00e4ngida Oz Lotto online<\/h2>\n<p>Olenemata sellest, kas elate Eestis v\u00f5i mitte, saate Oz Lottot m\u00e4ngida internetis h\u00f5lpsasti. Sest k\u00f5ik, mida pead tegema, on leida meie veebisaidil \u00f5ige lehek\u00fclg, kl\u00f5psata paaril nupul ja enne kui sa seda m\u00e4rkad, on sul soovitud piletid olemas.<\/p>\n<p>Veelgi parem on see, et sa lihtsalt lood t\u00e4iesti tasuta konto, valid soovitud piletid ja numbrid, valid sulle sobivaima maksev\u00f5imaluse ja oledki valmis. See on t\u00f5esti nii lihtne.<\/p>\n<p>Kui oled valmis alustama, tuleb sul k\u00f5igepealt valida soovitud loto. Antud juhul vaatate Oz Lotto. Kui oled sees, siis vali lihtsalt v\u00e4lja numbrid, mida soovid m\u00e4ngida. Sa ei pea isegi muretsema, et valisid numbrid valesti, sest s\u00fcsteem annab sulle teada, mida sa vajad.<\/p>\n<p>See t\u00e4hendab ka numbrite hulka. Lisaks saad valida kiirvaliku, et arvuti valiks suvaliselt oma numbrid ja seej\u00e4rel neid numbreid ka redigeerida.<br \/>\nKui olete saanud Oz Lotto jaoks soovitud piletid, saate valida, kas soovite lisada veelgi rohkem pileteid, valida v\u00e4lja teise m\u00e4ngu ja lisada need piletid v\u00f5i lihtsalt lisada oma piletid ostutellimusesse. Kassasse ja makske oma eelistatud makseviisiga ning k\u00f5ik ongi valmis. Kuigi muidugi peate looma konto, et kogu kassaprotsessi l\u00e4bida.<\/p>\n<p>Konto loomine on lihtne ning saadame sulle kohe kinnituse ja lingi e-kirja. Nii saad kohe pileteid ostma hakata, ilma et peaksid ootama. Veendu vaid, et kontrollid oma postkasti ja r\u00e4mpsposti kausta, sest ilma kinnitamiseta ei saa sa pileteid k\u00e4tte. Sa oled kohe valmis minema.<\/p>\n<p><a href=\"https:\/\/redfoxlotto.com\/play\/oz-lotto\/?ref=a8564250a2&amp;medium=ol365\" target=\"_blank\" rel=\"noopener noreferrer\"><img decoding=\"async\" class=\"aligncenter\" src=\"https:\/\/redfoxlotto.com\/image?size=8&amp;lottery=oz-lotto\" alt=\"Oz Lotto\" \/><\/a><\/p>\n<h2>Oz Lotto kohta<\/h2>\n<ul>\n<li>Riik: Austraalia<\/li>\n<li>Peamine numbrite valik: 45<\/li>\n<li>Sa pead valima: 7<\/li>\n<li>P\u00e4evad, loosimise tunnid: Teisip\u00e4ev, 21:30 GMT+11 &#8211; 10:30 CET<\/li>\n<li>Jackpot algab kell: AU$ 2 miljonit<\/li>\n<li>Jackpoti \u00fclempiir: ei ole<\/li>\n<li>T\u00f5en\u00e4osus v\u00f5ita jackpot: 1:45379620<\/li>\n<li>V\u00f5imalus v\u00f5ita teine auhind: 1:3241401<\/li>\n<li>V\u00f5imalus v\u00f5ita mis tahes auhind: 1:54,59<\/li>\n<li>Auhinnakategooriate arv: 7<\/li>\n<\/ul>\n<h2>Oz Lotto parimad omadused<\/h2>\n<p>Oz Lotto annab teile v\u00f5imaluse v\u00f5ita seitsmes erinevas divisjonis, mis suurendab teie v\u00f5imalusi suure auhinna v\u00f5itmiseks. Mitte ainult see, vaid kui v\u00f5idate 1. divisjonis, on teil garanteeritud 2 miljoni dollari suurune auhind, sageli ka palju suurem. See t\u00e4hendab, et teil ei ole probleemi midagi suurt v\u00f5ita v\u00f5i v\u00e4hemalt saada osa \u00fchest suurest auhinnav\u00f5imalusest.<\/p>\n<h2>Kuidas kontrollida Oz Lotto tulemusi<\/h2>\n<p>Oz Lotto v\u00f5idunumbrite kontrollimiseks on palju v\u00f5imalusi. Esimene on minna ametlikule veebisaidile v\u00f5i kontrollida kohalikke loteriisid oma ajalehe v\u00f5i lemmikuudiste kanali kaudu. Kuid see toimib ainult siis, kui m\u00e4ng on kohalik. Ja parim viis, kuidas saate oma loto numbreid teada, on tulla otse meie veebilehele.<br \/>\nL\u00f5ppude l\u00f5puks ostsite oma piletid siit, nii et miks mitte? Saate otse oma kontole sisse logida ja v\u00f5rrelda oma numbreid v\u00f5idunumbritega, et n\u00e4ha, kui palju te v\u00f5itsite.<\/p>\n<h2>Sa oled Oz Lotto v\u00f5itja! &#8211; Mida n\u00fc\u00fcd?<\/h2>\n<p>Esimene asi, mida sa tahad teada, on see, kui palju sa saad. L\u00f5ppude l\u00f5puks tahavad ju k\u00f5ik teada oma v\u00f5idu kohta, eks? Kui oled v\u00f5itnud v\u00e4hem kui 2500 eurot, ei pea sa midagi tegema. Me hoolitseme auhinna k\u00e4ttesaamise eest ja paneme selle otse sinu online-kontole. Sealt saad valida, kas v\u00f5tta selle v\u00e4lja, osta uusi pileteid v\u00f5i midagi muud, mida soovid, kui sa oled \u00fcle 10 euro, see t\u00e4hendab.<br \/>\n<img loading=\"lazy\" decoding=\"async\" class=\"alignright wp-image-3635\" src=\"https:\/\/onlinelotto365.com\/wp-content\/uploads\/2020\/11\/online_lottery-123-300x300.jpg\" alt=\"m\u00e4ngi oz loto online\" width=\"228\" height=\"228\" srcset=\"https:\/\/onlinelotto365.com\/wp-content\/uploads\/2020\/11\/online_lottery-123-300x300.jpg 300w, https:\/\/onlinelotto365.com\/wp-content\/uploads\/2020\/11\/online_lottery-123-100x100.jpg 100w, https:\/\/onlinelotto365.com\/wp-content\/uploads\/2020\/11\/online_lottery-123-150x150.jpg 150w, https:\/\/onlinelotto365.com\/wp-content\/uploads\/2020\/11\/online_lottery-123.jpg 320w\" sizes=\"auto, (max-width: 228px) 100vw, 228px\" \/><\/p>\n<p>Kui oled v\u00f5itnud \u00fcle 2500 euro, siis on protsessiga seotud veidi rohkem, kuid \u00e4ra muretse, sest me aitame sind selle k\u00f5igega l\u00e4bi. V\u00f5tame sinuga \u00fchendust ja saadame sulle koopia n\u00f5udeavalduse vormist, mis tuleb saata loteriikomisjonile. Kui oled selle t\u00e4itnud, saad oma v\u00f5idud k\u00e4tte vastavalt sellele, mida sa paberil esitasid. Saate t\u0161eki v\u00f5i panga\u00fclekande.<\/p>\n","protected":false},"excerpt":{"rendered":"<p>Kuidas m\u00e4ngida Oz Lotto online Olenemata sellest, kas elate Eestis v\u00f5i mitte, saate Oz Lottot m\u00e4ngida internetis h\u00f5lpsasti. Sest k\u00f5ik, mida pead tegema, on leida meie veebisaidil \u00f5ige lehek\u00fclg, kl\u00f5psata paaril nupul ja enne kui sa seda m\u00e4rkad, on sul soovitud piletid olemas. Veelgi parem on see, et sa lihtsalt lood t\u00e4iesti tasuta konto, valid [&hellip;]<\/p>\n","protected":false},"author":1,"featured_media":0,"parent":5015,"menu_order":14,"comment_status":"closed","ping_status":"closed","template":"template-rightsidebar.php","meta":{"_et_pb_use_builder":"","_et_pb_old_content":"","_et_gb_content_width":"","exclude_from_search":false,"footnotes":""},"class_list":["post-79322","page","type-page","status-publish","hentry"],"yoast_head":"<!-- This site is optimized with the Yoast SEO plugin v23.4 - https:\/\/yoast.com\/wordpress\/plugins\/seo\/ -->\n<title>M\u00e4ngi Oz Lotto siinsamas - planeedi suurimad loteriid, mis on saadaval internetis Eestist<\/title>\n<meta name=\"description\" content=\"M\u00e4ngi paljusid rahvusvahelisi loteriisid internetis, sealhulgas OzLotto\" \/>\n<meta name=\"robots\" content=\"index, follow, max-snippet:-1, max-image-preview:large, max-video-preview:-1\" \/>\n<link rel=\"canonical\" href=\"https:\/\/onlinelotto365.com\/et\/mangida\/oz-loto\/\" \/>\n<meta property=\"og:locale\" content=\"et_EE\" \/>\n<meta property=\"og:type\" content=\"article\" \/>\n<meta property=\"og:title\" content=\"M\u00e4ngi Oz Lotto siinsamas - planeedi suurimad loteriid, mis on saadaval internetis Eestist\" \/>\n<meta property=\"og:description\" content=\"M\u00e4ngi paljusid rahvusvahelisi loteriisid internetis, sealhulgas OzLotto\" \/>\n<meta property=\"og:url\" content=\"https:\/\/onlinelotto365.com\/et\/mangida\/oz-loto\/\" \/>\n<meta property=\"og:site_name\" content=\"OnlineLotto365\" \/>\n<meta property=\"article:modified_time\" content=\"2022-11-03T10:36:07+00:00\" \/>\n<meta property=\"og:image\" content=\"https:\/\/redfoxlotto.com\/image?size=8&amp;lottery=oz-lotto\" \/>\n<meta name=\"twitter:card\" content=\"summary_large_image\" \/>\n<meta name=\"twitter:label1\" content=\"Est. reading time\" \/>\n\t<meta name=\"twitter:data1\" content=\"3 minutit\" \/>\n<script type=\"application\/ld+json\" class=\"yoast-schema-graph\">{\"@context\":\"https:\/\/schema.org\",\"@graph\":[{\"@type\":\"WebPage\",\"@id\":\"https:\/\/onlinelotto365.com\/et\/mangida\/oz-loto\/\",\"url\":\"https:\/\/onlinelotto365.com\/et\/mangida\/oz-loto\/\",\"name\":\"M\u00e4ngi Oz Lotto siinsamas - planeedi suurimad loteriid, mis on saadaval internetis Eestist\",\"isPartOf\":{\"@id\":\"https:\/\/onlinelotto365.com\/et\/#website\"},\"primaryImageOfPage\":{\"@id\":\"https:\/\/onlinelotto365.com\/et\/mangida\/oz-loto\/#primaryimage\"},\"image\":{\"@id\":\"https:\/\/onlinelotto365.com\/et\/mangida\/oz-loto\/#primaryimage\"},\"thumbnailUrl\":\"https:\/\/redfoxlotto.com\/image?size=8&amp;lottery=oz-lotto\",\"datePublished\":\"2022-11-03T10:35:56+00:00\",\"dateModified\":\"2022-11-03T10:36:07+00:00\",\"description\":\"M\u00e4ngi paljusid rahvusvahelisi loteriisid internetis, sealhulgas OzLotto\",\"breadcrumb\":{\"@id\":\"https:\/\/onlinelotto365.com\/et\/mangida\/oz-loto\/#breadcrumb\"},\"inLanguage\":\"et\",\"potentialAction\":[{\"@type\":\"ReadAction\",\"target\":[\"https:\/\/onlinelotto365.com\/et\/mangida\/oz-loto\/\"]}]},{\"@type\":\"ImageObject\",\"inLanguage\":\"et\",\"@id\":\"https:\/\/onlinelotto365.com\/et\/mangida\/oz-loto\/#primaryimage\",\"url\":\"https:\/\/redfoxlotto.com\/image?size=8&amp;lottery=oz-lotto\",\"contentUrl\":\"https:\/\/redfoxlotto.com\/image?size=8&amp;lottery=oz-lotto\"},{\"@type\":\"BreadcrumbList\",\"@id\":\"https:\/\/onlinelotto365.com\/et\/mangida\/oz-loto\/#breadcrumb\",\"itemListElement\":[{\"@type\":\"ListItem\",\"position\":1,\"name\":\"Home\",\"item\":\"https:\/\/onlinelotto365.com\/et\/\"},{\"@type\":\"ListItem\",\"position\":2,\"name\":\"K\u00f5ik, mida sa pead teadma oma v\u00f5imaluste kohta, et m\u00e4ngida parimaid loteriisid internetis\",\"item\":\"https:\/\/onlinelotto365.com\/et\/mangida\/\"},{\"@type\":\"ListItem\",\"position\":3,\"name\":\"Oz Lotto m\u00e4ngimine on ainult \u00fcks v\u00f5imalus Eesti loterii f\u00e4nnidele\"}]},{\"@type\":\"WebSite\",\"@id\":\"https:\/\/onlinelotto365.com\/et\/#website\",\"url\":\"https:\/\/onlinelotto365.com\/et\/\",\"name\":\"OnlineLotto365\",\"description\":\"\",\"potentialAction\":[{\"@type\":\"SearchAction\",\"target\":{\"@type\":\"EntryPoint\",\"urlTemplate\":\"https:\/\/onlinelotto365.com\/et\/?s={search_term_string}\"},\"query-input\":{\"@type\":\"PropertyValueSpecification\",\"valueRequired\":true,\"valueName\":\"search_term_string\"}}],\"inLanguage\":\"et\"}]}<\/script>\n<!-- \/ Yoast SEO plugin. -->","yoast_head_json":{"title":"M\u00e4ngi Oz Lotto siinsamas - planeedi suurimad loteriid, mis on saadaval internetis Eestist","description":"M\u00e4ngi paljusid rahvusvahelisi loteriisid internetis, sealhulgas OzLotto","robots":{"index":"index","follow":"follow","max-snippet":"max-snippet:-1","max-image-preview":"max-image-preview:large","max-video-preview":"max-video-preview:-1"},"canonical":"https:\/\/onlinelotto365.com\/et\/mangida\/oz-loto\/","og_locale":"et_EE","og_type":"article","og_title":"M\u00e4ngi Oz Lotto siinsamas - planeedi suurimad loteriid, mis on saadaval internetis Eestist","og_description":"M\u00e4ngi paljusid rahvusvahelisi loteriisid internetis, sealhulgas OzLotto","og_url":"https:\/\/onlinelotto365.com\/et\/mangida\/oz-loto\/","og_site_name":"OnlineLotto365","article_modified_time":"2022-11-03T10:36:07+00:00","og_image":[{"url":"https:\/\/redfoxlotto.com\/image?size=8&amp;lottery=oz-lotto"}],"twitter_card":"summary_large_image","twitter_misc":{"Est. reading time":"3 minutit"},"schema":{"@context":"https:\/\/schema.org","@graph":[{"@type":"WebPage","@id":"https:\/\/onlinelotto365.com\/et\/mangida\/oz-loto\/","url":"https:\/\/onlinelotto365.com\/et\/mangida\/oz-loto\/","name":"M\u00e4ngi Oz Lotto siinsamas - planeedi suurimad loteriid, mis on saadaval internetis Eestist","isPartOf":{"@id":"https:\/\/onlinelotto365.com\/et\/#website"},"primaryImageOfPage":{"@id":"https:\/\/onlinelotto365.com\/et\/mangida\/oz-loto\/#primaryimage"},"image":{"@id":"https:\/\/onlinelotto365.com\/et\/mangida\/oz-loto\/#primaryimage"},"thumbnailUrl":"https:\/\/redfoxlotto.com\/image?size=8&amp;lottery=oz-lotto","datePublished":"2022-11-03T10:35:56+00:00","dateModified":"2022-11-03T10:36:07+00:00","description":"M\u00e4ngi paljusid rahvusvahelisi loteriisid internetis, sealhulgas OzLotto","breadcrumb":{"@id":"https:\/\/onlinelotto365.com\/et\/mangida\/oz-loto\/#breadcrumb"},"inLanguage":"et","potentialAction":[{"@type":"ReadAction","target":["https:\/\/onlinelotto365.com\/et\/mangida\/oz-loto\/"]}]},{"@type":"ImageObject","inLanguage":"et","@id":"https:\/\/onlinelotto365.com\/et\/mangida\/oz-loto\/#primaryimage","url":"https:\/\/redfoxlotto.com\/image?size=8&amp;lottery=oz-lotto","contentUrl":"https:\/\/redfoxlotto.com\/image?size=8&amp;lottery=oz-lotto"},{"@type":"BreadcrumbList","@id":"https:\/\/onlinelotto365.com\/et\/mangida\/oz-loto\/#breadcrumb","itemListElement":[{"@type":"ListItem","position":1,"name":"Home","item":"https:\/\/onlinelotto365.com\/et\/"},{"@type":"ListItem","position":2,"name":"K\u00f5ik, mida sa pead teadma oma v\u00f5imaluste kohta, et m\u00e4ngida parimaid loteriisid internetis","item":"https:\/\/onlinelotto365.com\/et\/mangida\/"},{"@type":"ListItem","position":3,"name":"Oz Lotto m\u00e4ngimine on ainult \u00fcks v\u00f5imalus Eesti loterii f\u00e4nnidele"}]},{"@type":"WebSite","@id":"https:\/\/onlinelotto365.com\/et\/#website","url":"https:\/\/onlinelotto365.com\/et\/","name":"OnlineLotto365","description":"","potentialAction":[{"@type":"SearchAction","target":{"@type":"EntryPoint","urlTemplate":"https:\/\/onlinelotto365.com\/et\/?s={search_term_string}"},"query-input":{"@type":"PropertyValueSpecification","valueRequired":true,"valueName":"search_term_string"}}],"inLanguage":"et"}]}},"_links":{"self":[{"href":"https:\/\/onlinelotto365.com\/et\/wp-json\/wp\/v2\/pages\/79322","targetHints":{"allow":["GET"]}}],"collection":[{"href":"https:\/\/onlinelotto365.com\/et\/wp-json\/wp\/v2\/pages"}],"about":[{"href":"https:\/\/onlinelotto365.com\/et\/wp-json\/wp\/v2\/types\/page"}],"author":[{"embeddable":true,"href":"https:\/\/onlinelotto365.com\/et\/wp-json\/wp\/v2\/users\/1"}],"replies":[{"embeddable":true,"href":"https:\/\/onlinelotto365.com\/et\/wp-json\/wp\/v2\/comments?post=79322"}],"version-history":[{"count":0,"href":"https:\/\/onlinelotto365.com\/et\/wp-json\/wp\/v2\/pages\/79322\/revisions"}],"up":[{"embeddable":true,"href":"https:\/\/onlinelotto365.com\/et\/wp-json\/wp\/v2\/pages\/5015"}],"wp:attachment":[{"href":"https:\/\/onlinelotto365.com\/et\/wp-json\/wp\/v2\/media?parent=79322"}],"curies":[{"name":"wp","href":"https:\/\/api.w.org\/{rel}","templated":true}]}}