{"id":79364,"date":"2022-11-03T14:43:19","date_gmt":"2022-11-03T13:43:19","guid":{"rendered":"https:\/\/onlinelotto365.com\/?page_id=79364"},"modified":"2022-11-03T14:44:49","modified_gmt":"2022-11-03T13:44:49","slug":"powerball-australia","status":"publish","type":"page","link":"https:\/\/onlinelotto365.com\/et\/mangida\/powerball-australia\/","title":{"rendered":"Powerball Austraalia &#8211; te ei ole enam piiratud oma Eesti loteriidega"},"content":{"rendered":"<h2>Kuidas m\u00e4ngida Powerballi Austraalias internetis<\/h2>\n<p>Tegelikult on \u00fcsna lihtne m\u00e4ngida Powerballi Austraalias internetis, isegi kui olete Eestis . Ja see on ka \u00fcsna mugav, sest sa oled juba siin, kus saad oma piletid vaid paari hiireklikiga k\u00e4tte.<\/p>\n<p>Teie eest hoolitsetakse igal sammul, kus peate vaid looma tasuta konto, tegema oma valikud, valima \u00fche nende arvukatest mugavatest maksev\u00f5imalustest ja meie teeme k\u00f5ik \u00fclej\u00e4\u00e4nud.<\/p>\n<p>Veenduge, et kl\u00f5psate \u00f5igel loteriil, nimelt Powerball Australia. Seej\u00e4rel valite oma numbrid. Kui proovite valida liiga palju numbreid v\u00f5i ei ole valinud piisavalt palju numbreid, palub s\u00fcsteem teil valida v\u00e4hem v\u00f5i rohkem numbreid. Mida te samuti saate teha, on vajutada kiirvaliku nupule ja sait valib teie jaoks juhuslikult m\u00f5ned numbrid. Kui need numbrid ei meeldi, saate neid siiski k\u00e4sitsi muuta.<\/p>\n<p>On ka meetod, mida paljud m\u00e4ngijad armastavad kasutada &#8211; kiirvaliku funktsioon. V\u00f5i v\u00f5id kasutada m\u00f5nda oma lemmiknumbrit k\u00e4sitsi ja lasta juhusnumbrite generaatoril \u00fclej\u00e4\u00e4nud numbrid sinu eest valida.<\/p>\n<p>P\u00e4rast seda saate valida teise loterii, m\u00e4ngida rohkem lotopileteid ja lisada need oma tellimusesse. Seej\u00e4rel kl\u00f5psake, et kontrollida ja turvaliselt maksta oma piletite eest. Sel ajal tuleb teil luua meie juures konto. Loomulikult v\u00f5ite ka k\u00f5igepealt konto luua ja seej\u00e4rel alustada piletite tellimist.<\/p>\n<p>P\u00e4rast konto loomist saadame teile e-kirja, kus on link, millele peate kl\u00f5psama. Palun kontrollige kindlasti oma r\u00e4mpsposti kausta seda e-kirja. Ole m\u00f5istlik m\u00e4rkida meie e-posti aadress usaldusv\u00e4\u00e4rseks saatjaks. See tagab, et olulised s\u00f5numid, nagu v\u00f5iduteated, j\u00f5uavad ka tegelikult sinuni.<br \/>\n<a href=\"https:\/\/redfoxlotto.com\/play\/powerball-au\/?ref=a8564250a2&amp;medium=ol365\" target=\"_blank\" rel=\"noopener noreferrer\"><img decoding=\"async\" class=\"aligncenter\" src=\"https:\/\/redfoxlotto.com\/image?size=8&amp;lottery=powerball-au\" alt=\"Powerball Austraalia\" \/><\/a><\/p>\n<h2>Powerball Austraalia kohta<\/h2>\n<ul>\n<li>Riik: Austraalia<\/li>\n<li>Peamised numbrid: 35<\/li>\n<li>Sa pead valima: 7<\/li>\n<li>Lisanumbrite valik: 20<\/li>\n<li>Sa pead valima: 1<\/li>\n<li>P\u00e4evad, loosimise tunnid: Neljap\u00e4ev, 21:30 GMT+11, 10:30 CET<\/li>\n<li>Jackpot algab kell: AU$ 3 miljonit<\/li>\n<li>Jackpot on piiratud: AU$ 150 miljonit<\/li>\n<li>V\u00f5imalus v\u00f5ita jackpot: 1:134.490.400<\/li>\n<li>V\u00f5imalus v\u00f5ita teine auhind: 1:7.078.443<\/li>\n<li>V\u00f5imalus v\u00f5ita mis tahes auhind: 1:24,87<\/li>\n<li>Auhinnakategooriate arv: 7<\/li>\n<\/ul>\n<h2>Kuidas kontrollida Powerball Austraalia tulemusi<\/h2>\n<p>Tulemuste kontrollimiseks saate kasutada mitut meetodit. Leiad need loterii ametlikul veebisaidil. M\u00f5nede loteriide puhul v\u00f5ite leida v\u00f5idunumbrid oma kohalikust ajalehes v\u00f5i telekanal v\u00f5ib neid edastada. Kuid k\u00f5ige lihtsam viis on tulla tagasi meie veebilehele ja vaadata viimaseid v\u00f5idunumbreid siin. Kui olete oma kontole sisse loginud, saate v\u00f5rrelda m\u00e4ngitud numbreid loosimise numbritega. Ja n\u00e4ed kohe, kui palju sa v\u00f5itsid.<\/p>\n<h2>Sa m\u00e4ngisid Powerballi Austraalias internetis ja v\u00f5itsid &#8211; mis saab edasi?<\/h2>\n<p>K\u00f5igepealt peaksid kontrollima, kui palju sa v\u00f5itsid. Kui v\u00f5it on v\u00e4iksem kui 2500 eurot, leiad, et summa on krediteeritud sinu m\u00e4ngijakontole. On sinu valik, kas kasutada seda t\u00e4iendavate piletite ostmiseks v\u00f5i, kui soovid seda, v\u00f5id selle v\u00e4lja v\u00f5tta. Pane t\u00e4hele, et v\u00e4ljav\u00f5tmisv\u00f5imalus on n\u00e4htav ainult siis, kui sinu konto saldo on v\u00e4hemalt 10 eurot.<br \/>\n<img loading=\"lazy\" decoding=\"async\" class=\"alignright wp-image-1653\" src=\"https:\/\/onlinelotto365.com\/wp-content\/uploads\/2020\/11\/online_lottery-145-300x143.jpg\" alt=\"m\u00e4ngida powerball austraalia online\" width=\"413\" height=\"197\" \/><\/p>\n<p>\u00dcle 2500 euro suuruste v\u00f5itude puhul v\u00f5tab meie klienditoe teiega \u00fchendust. Peate t\u00e4itma n\u00f5udeavalduse vormi, mille saadame seej\u00e4rel loteriikomisjonile. Seej\u00e4rel saate oma v\u00f5idud kas panga\u00fclekande v\u00f5i t\u0161eki teel, s\u00f5ltuvalt teie soovist.<\/p>\n","protected":false},"excerpt":{"rendered":"<p>Kuidas m\u00e4ngida Powerballi Austraalias internetis Tegelikult on \u00fcsna lihtne m\u00e4ngida Powerballi Austraalias internetis, isegi kui olete Eestis . Ja see on ka \u00fcsna mugav, sest sa oled juba siin, kus saad oma piletid vaid paari hiireklikiga k\u00e4tte. Teie eest hoolitsetakse igal sammul, kus peate vaid looma tasuta konto, tegema oma valikud, valima \u00fche nende arvukatest [&hellip;]<\/p>\n","protected":false},"author":1,"featured_media":0,"parent":5015,"menu_order":13,"comment_status":"closed","ping_status":"closed","template":"powerball-au.php","meta":{"_et_pb_use_builder":"","_et_pb_old_content":"","_et_gb_content_width":"","exclude_from_search":false,"footnotes":""},"class_list":["post-79364","page","type-page","status-publish","hentry"],"yoast_head":"<!-- This site is optimized with the Yoast SEO plugin v23.4 - https:\/\/yoast.com\/wordpress\/plugins\/seo\/ -->\n<title>Play Powerball Australia online Eestist | Kas ma v\u00f5in osaleda Powerball Austraalias, kui ma elan Eestis?<\/title>\n<meta name=\"description\" content=\"M\u00e4ngi Powerball Austraalias siinsamas - suurimad loteriid, planeedi suurimad loteriid, saadaval internetis Eestist\" \/>\n<meta name=\"robots\" content=\"index, follow, max-snippet:-1, max-image-preview:large, max-video-preview:-1\" \/>\n<link rel=\"canonical\" href=\"https:\/\/onlinelotto365.com\/et\/mangida\/powerball-australia\/\" \/>\n<meta property=\"og:locale\" content=\"et_EE\" \/>\n<meta property=\"og:type\" content=\"article\" \/>\n<meta property=\"og:title\" content=\"Play Powerball Australia online Eestist | Kas ma v\u00f5in osaleda Powerball Austraalias, kui ma elan Eestis?\" \/>\n<meta property=\"og:description\" content=\"M\u00e4ngi Powerball Austraalias siinsamas - suurimad loteriid, planeedi suurimad loteriid, saadaval internetis Eestist\" \/>\n<meta property=\"og:url\" content=\"https:\/\/onlinelotto365.com\/et\/mangida\/powerball-australia\/\" \/>\n<meta property=\"og:site_name\" content=\"OnlineLotto365\" \/>\n<meta property=\"article:modified_time\" content=\"2022-11-03T13:44:49+00:00\" \/>\n<meta property=\"og:image\" content=\"https:\/\/redfoxlotto.com\/image?size=8&amp;lottery=powerball-au\" \/>\n<meta name=\"twitter:card\" content=\"summary_large_image\" \/>\n<meta name=\"twitter:label1\" content=\"Est. reading time\" \/>\n\t<meta name=\"twitter:data1\" content=\"3 minutit\" \/>\n<script type=\"application\/ld+json\" class=\"yoast-schema-graph\">{\"@context\":\"https:\/\/schema.org\",\"@graph\":[{\"@type\":\"WebPage\",\"@id\":\"https:\/\/onlinelotto365.com\/et\/mangida\/powerball-australia\/\",\"url\":\"https:\/\/onlinelotto365.com\/et\/mangida\/powerball-australia\/\",\"name\":\"Play Powerball Australia online Eestist | Kas ma v\u00f5in osaleda Powerball Austraalias, kui ma elan Eestis?\",\"isPartOf\":{\"@id\":\"https:\/\/onlinelotto365.com\/et\/#website\"},\"primaryImageOfPage\":{\"@id\":\"https:\/\/onlinelotto365.com\/et\/mangida\/powerball-australia\/#primaryimage\"},\"image\":{\"@id\":\"https:\/\/onlinelotto365.com\/et\/mangida\/powerball-australia\/#primaryimage\"},\"thumbnailUrl\":\"https:\/\/redfoxlotto.com\/image?size=8&amp;lottery=powerball-au\",\"datePublished\":\"2022-11-03T13:43:19+00:00\",\"dateModified\":\"2022-11-03T13:44:49+00:00\",\"description\":\"M\u00e4ngi Powerball Austraalias siinsamas - suurimad loteriid, planeedi suurimad loteriid, saadaval internetis Eestist\",\"breadcrumb\":{\"@id\":\"https:\/\/onlinelotto365.com\/et\/mangida\/powerball-australia\/#breadcrumb\"},\"inLanguage\":\"et\",\"potentialAction\":[{\"@type\":\"ReadAction\",\"target\":[\"https:\/\/onlinelotto365.com\/et\/mangida\/powerball-australia\/\"]}]},{\"@type\":\"ImageObject\",\"inLanguage\":\"et\",\"@id\":\"https:\/\/onlinelotto365.com\/et\/mangida\/powerball-australia\/#primaryimage\",\"url\":\"https:\/\/redfoxlotto.com\/image?size=8&amp;lottery=powerball-au\",\"contentUrl\":\"https:\/\/redfoxlotto.com\/image?size=8&amp;lottery=powerball-au\"},{\"@type\":\"BreadcrumbList\",\"@id\":\"https:\/\/onlinelotto365.com\/et\/mangida\/powerball-australia\/#breadcrumb\",\"itemListElement\":[{\"@type\":\"ListItem\",\"position\":1,\"name\":\"Home\",\"item\":\"https:\/\/onlinelotto365.com\/et\/\"},{\"@type\":\"ListItem\",\"position\":2,\"name\":\"K\u00f5ik, mida sa pead teadma oma v\u00f5imaluste kohta, et m\u00e4ngida parimaid loteriisid internetis\",\"item\":\"https:\/\/onlinelotto365.com\/et\/mangida\/\"},{\"@type\":\"ListItem\",\"position\":3,\"name\":\"Powerball Austraalia &#8211; te ei ole enam piiratud oma Eesti loteriidega\"}]},{\"@type\":\"WebSite\",\"@id\":\"https:\/\/onlinelotto365.com\/et\/#website\",\"url\":\"https:\/\/onlinelotto365.com\/et\/\",\"name\":\"OnlineLotto365\",\"description\":\"\",\"potentialAction\":[{\"@type\":\"SearchAction\",\"target\":{\"@type\":\"EntryPoint\",\"urlTemplate\":\"https:\/\/onlinelotto365.com\/et\/?s={search_term_string}\"},\"query-input\":{\"@type\":\"PropertyValueSpecification\",\"valueRequired\":true,\"valueName\":\"search_term_string\"}}],\"inLanguage\":\"et\"}]}<\/script>\n<!-- \/ Yoast SEO plugin. -->","yoast_head_json":{"title":"Play Powerball Australia online Eestist | Kas ma v\u00f5in osaleda Powerball Austraalias, kui ma elan Eestis?","description":"M\u00e4ngi Powerball Austraalias siinsamas - suurimad loteriid, planeedi suurimad loteriid, saadaval internetis Eestist","robots":{"index":"index","follow":"follow","max-snippet":"max-snippet:-1","max-image-preview":"max-image-preview:large","max-video-preview":"max-video-preview:-1"},"canonical":"https:\/\/onlinelotto365.com\/et\/mangida\/powerball-australia\/","og_locale":"et_EE","og_type":"article","og_title":"Play Powerball Australia online Eestist | Kas ma v\u00f5in osaleda Powerball Austraalias, kui ma elan Eestis?","og_description":"M\u00e4ngi Powerball Austraalias siinsamas - suurimad loteriid, planeedi suurimad loteriid, saadaval internetis Eestist","og_url":"https:\/\/onlinelotto365.com\/et\/mangida\/powerball-australia\/","og_site_name":"OnlineLotto365","article_modified_time":"2022-11-03T13:44:49+00:00","og_image":[{"url":"https:\/\/redfoxlotto.com\/image?size=8&amp;lottery=powerball-au"}],"twitter_card":"summary_large_image","twitter_misc":{"Est. reading time":"3 minutit"},"schema":{"@context":"https:\/\/schema.org","@graph":[{"@type":"WebPage","@id":"https:\/\/onlinelotto365.com\/et\/mangida\/powerball-australia\/","url":"https:\/\/onlinelotto365.com\/et\/mangida\/powerball-australia\/","name":"Play Powerball Australia online Eestist | Kas ma v\u00f5in osaleda Powerball Austraalias, kui ma elan Eestis?","isPartOf":{"@id":"https:\/\/onlinelotto365.com\/et\/#website"},"primaryImageOfPage":{"@id":"https:\/\/onlinelotto365.com\/et\/mangida\/powerball-australia\/#primaryimage"},"image":{"@id":"https:\/\/onlinelotto365.com\/et\/mangida\/powerball-australia\/#primaryimage"},"thumbnailUrl":"https:\/\/redfoxlotto.com\/image?size=8&amp;lottery=powerball-au","datePublished":"2022-11-03T13:43:19+00:00","dateModified":"2022-11-03T13:44:49+00:00","description":"M\u00e4ngi Powerball Austraalias siinsamas - suurimad loteriid, planeedi suurimad loteriid, saadaval internetis Eestist","breadcrumb":{"@id":"https:\/\/onlinelotto365.com\/et\/mangida\/powerball-australia\/#breadcrumb"},"inLanguage":"et","potentialAction":[{"@type":"ReadAction","target":["https:\/\/onlinelotto365.com\/et\/mangida\/powerball-australia\/"]}]},{"@type":"ImageObject","inLanguage":"et","@id":"https:\/\/onlinelotto365.com\/et\/mangida\/powerball-australia\/#primaryimage","url":"https:\/\/redfoxlotto.com\/image?size=8&amp;lottery=powerball-au","contentUrl":"https:\/\/redfoxlotto.com\/image?size=8&amp;lottery=powerball-au"},{"@type":"BreadcrumbList","@id":"https:\/\/onlinelotto365.com\/et\/mangida\/powerball-australia\/#breadcrumb","itemListElement":[{"@type":"ListItem","position":1,"name":"Home","item":"https:\/\/onlinelotto365.com\/et\/"},{"@type":"ListItem","position":2,"name":"K\u00f5ik, mida sa pead teadma oma v\u00f5imaluste kohta, et m\u00e4ngida parimaid loteriisid internetis","item":"https:\/\/onlinelotto365.com\/et\/mangida\/"},{"@type":"ListItem","position":3,"name":"Powerball Austraalia &#8211; te ei ole enam piiratud oma Eesti loteriidega"}]},{"@type":"WebSite","@id":"https:\/\/onlinelotto365.com\/et\/#website","url":"https:\/\/onlinelotto365.com\/et\/","name":"OnlineLotto365","description":"","potentialAction":[{"@type":"SearchAction","target":{"@type":"EntryPoint","urlTemplate":"https:\/\/onlinelotto365.com\/et\/?s={search_term_string}"},"query-input":{"@type":"PropertyValueSpecification","valueRequired":true,"valueName":"search_term_string"}}],"inLanguage":"et"}]}},"_links":{"self":[{"href":"https:\/\/onlinelotto365.com\/et\/wp-json\/wp\/v2\/pages\/79364","targetHints":{"allow":["GET"]}}],"collection":[{"href":"https:\/\/onlinelotto365.com\/et\/wp-json\/wp\/v2\/pages"}],"about":[{"href":"https:\/\/onlinelotto365.com\/et\/wp-json\/wp\/v2\/types\/page"}],"author":[{"embeddable":true,"href":"https:\/\/onlinelotto365.com\/et\/wp-json\/wp\/v2\/users\/1"}],"replies":[{"embeddable":true,"href":"https:\/\/onlinelotto365.com\/et\/wp-json\/wp\/v2\/comments?post=79364"}],"version-history":[{"count":0,"href":"https:\/\/onlinelotto365.com\/et\/wp-json\/wp\/v2\/pages\/79364\/revisions"}],"up":[{"embeddable":true,"href":"https:\/\/onlinelotto365.com\/et\/wp-json\/wp\/v2\/pages\/5015"}],"wp:attachment":[{"href":"https:\/\/onlinelotto365.com\/et\/wp-json\/wp\/v2\/media?parent=79364"}],"curies":[{"name":"wp","href":"https:\/\/api.w.org\/{rel}","templated":true}]}}