{"id":79407,"date":"2022-11-04T08:12:31","date_gmt":"2022-11-04T07:12:31","guid":{"rendered":"https:\/\/onlinelotto365.com\/?page_id=79407"},"modified":"2022-11-04T08:12:43","modified_gmt":"2022-11-04T07:12:43","slug":"mega-sena","status":"publish","type":"page","link":"https:\/\/onlinelotto365.com\/et\/mangida\/mega-sena\/","title":{"rendered":"Kuidas saavad Eesti elanikud Mega-Sena&#8217;t internetis m\u00e4ngida?"},"content":{"rendered":"<p>Meie teenus v\u00f5imaldab teil praegu osta loteriipileteid 15 erinevasse suurde loteriisse \u00fcle kogu maailma. Oleme uhked, et pakume oma m\u00e4ngijatele v\u00f5imalust m\u00e4ngida Brasiilia Mega Sena loteriid internetis. Nagu k\u00f5igi suurte loteriide puhul, pidite varem elama riigis v\u00f5i piirkonnas, kus antud loteriid korraldati, ja s\u00f5itma piletite ostmiseks sealsesse loto jaem\u00fc\u00fcjasse.<\/p>\n<p>N\u00fc\u00fcd ei ole see aga enam nii, sest n\u00fc\u00fcd saad neid m\u00e4ngida ka Eestist ja osta mis tahes loteriipileteid otse veebist, ja nii palju kui tahad ja nii paljudele erinevatele loteriidele kui tahad, otse oma arvutist.<\/p>\n<p>Nii et n\u00fc\u00fcd, kui see uus p\u00e4ev on loterii m\u00e4ngimise maailmas k\u00e4tte j\u00f5udnud, on m\u00e4ngijad r\u00e4\u00e4kinud ja nad on palunud suurt valikut erinevaid loteriisid. Nii et me toome teile parima sellest koju. Nende hulgas on Mega-Sena Lotto, Brasiilia suurim loterii.<\/p>\n<p><a href=\"https:\/\/redfoxlotto.com\/play\/mega-sena\/?ref=a8564250a2&amp;medium=ol365\" target=\"_blank\" rel=\"noopener noreferrer\"><img decoding=\"async\" class=\"aligncenter\" src=\"https:\/\/redfoxlotto.com\/image?size=8&amp;lottery=mega-sena\" alt=\"mega-sena\" \/><\/a><\/p>\n<h2>Mega-Sena kohta<\/h2>\n<ul>\n<li>Riik: Brasiilia<\/li>\n<li>Peamine numbrite valik: 60<\/li>\n<li>Sinu valik: 6<\/li>\n<li>Lisanumbrid: ei ole<\/li>\n<li>Teie valite: \u00fckski<\/li>\n<li>Loosimise p\u00e4evad, tunnid: Kolmap\u00e4ev, laup\u00e4ev, 20:00 GMT -3, 24:00 CET<\/li>\n<li>Minimaalne jackpot: R$ 2 miljonit<\/li>\n<li>Maksimaalne jackpot: \u00fclempiir puudub<\/li>\n<li>T\u00f5en\u00e4osus v\u00f5ita jackpot: 1:50.063.860<\/li>\n<li>T\u00f5en\u00e4osus 2: 1:15.451.809<\/li>\n<li>T\u00f5en\u00e4osus v\u00f5ita \u00fcksk\u00f5ik millisel tasemel: 1:2297,56<\/li>\n<li>Auhinnaklasside arv: 3<\/li>\n<\/ul>\n<p>Mega-Sena loosimised toimuvad kolmap\u00e4eviti ja laup\u00e4eviti, mis lisab kaks lisav\u00f5imalust v\u00f5ita k\u00f5igi teiste loteriide seas, mida te praegu m\u00e4ngite. Anname teile suure valiku, mille hulgast valida, ja k\u00f5ik tasub m\u00e4ngida, sealhulgas Mega-Sena.<\/p>\n<p>Mega-Sena loto m\u00e4ngimiseks valivad m\u00e4ngijad 6 numbrit vahemikus 1 kuni 60. K\u00f5igi 6 numbri kokkulangemisega v\u00f5idad jackpot&#8217;i, mis on alati v\u00e4hemalt mitu miljonit dollarit ja sageli ka palju suurem.<br \/>\nMega-Sena on siiski ainulaadne v\u00f5rreldes k\u00f5igi teiste loteriidega maailmas, sest neil ei ole lihtsalt 60 palli, millel on erinevad numbrid. Seal on kaks erinevat trumlit \u00fcks 0-st 5 ja teine 0-st 9-ni. Seej\u00e4rel t\u00f5mmatakse numbrid \u00fckshaaval v\u00e4lja.<\/p>\n<p>N\u00e4iteks kui nad t\u00f5mbavad esimesest trumlist 2 ja seej\u00e4rel teisest trumlist 9, siis on loositud number 29. Kui \u00fchekohaline number on t\u00f5mmatud, siis seda ei panda tagasi trumlisse. Seega teame n\u00fc\u00fcd, et t\u00f5mmatakse t\u00e4pselt \u00fcks \u00fchekohaline number, v\u00e4lja arvatud juhul, kui t\u00f5mmatakse 00, mida loetakse 60, \u00fcks algab 1, \u00fcks algab 2 ja nii edasi. Nii et see on huvitav twist ja teeb tegelikult v\u00f5itmise lihtsamaks, kui te j\u00e4rgite seda strateegiat.<\/p>\n<p>K\u00f5ikide 6 numbri kokkulangevusega v\u00f5idate jackpoti, kusjuures 4 v\u00f5i 5 numbri kokkulangevusega saate teisej\u00e4rgulise auhinna. Nagu sageli riiklike loteriide puhul, l\u00e4heb Mega-Sena lotoga teenitud kasum sotsiaalprogrammide toetamiseks ja tegelikult toetub Brasiilia rahvas suuresti nendele annetustele. Nii et kuigi me ei pruugi olla Brasiiliast p\u00e4rit ja seega ei saa sellest otseselt kasu, on tore teada, et Mega-Sena m\u00e4ngimisega teeme kindlasti ka midagi head lisaks kogu l\u00f5butsemisele, mida me sellega teeme.<\/p>\n<h2>Loteriid on maailma lemmik hasartm\u00e4ngude vorm.<\/h2>\n<p>Ei ole v\u00e4ga raske aru saada, miks loteriid on olnud maailma k\u00f5ige populaarsem hasartm\u00e4nguvorm. Asi pole isegi selles, et see on nii kergesti k\u00e4ttesaadav, kuigi see aitab kindlasti kaasa. Tegelik p\u00f5hjus on p\u00f5nevus, mida pakub v\u00f5imalus v\u00f5ita hiiglaslikke rahasummasid.<\/p>\n<p>Tundub ka, et meie isu nende tohutute jackpotide j\u00e4rele on t\u00f5epoolest \u00fcsna suur. Kui te olete kunagi olnud tunnistajaks sellele elevusele, mis tekib, kui jackpotid kasvavad tohutute summadeni, ja sellele, kui palju rohkem pileteid nende jaoks m\u00fc\u00fcakse, koos nendega kaasnevate palju pikemate j\u00e4rjekordadega, siis teate, et see k\u00f5ik on t\u00f5si.<\/p>\n<p>Miks ei peaks inimesed siiski vaimustuma sellest, et neil on v\u00f5imalus v\u00f5ita piisavalt raha, et kindlustada endale eluaegne luksus ja k\u00fcllus? Valdavale enamusele meist on see ainus v\u00f5imalus, mis meil kunagi sellise elustiili jaoks on. Tavalised inimesed nagu meiegi v\u00f5idavad siiski neid hiiglaslikke summasid ja kunagi ei tea, kas ja millal v\u00f5ib sinu kord tulla.<br \/>\n<img loading=\"lazy\" decoding=\"async\" class=\"size-medium wp-image-1136 alignright\" src=\"https:\/\/onlinelotto365.com\/wp-content\/uploads\/2020\/11\/online_lottery-96-300x212.jpg\" alt=\"m\u00e4ngida mega-sena online\" width=\"300\" height=\"212\" \/><\/p>\n<p>Juba ainu\u00fcksi m\u00e4ngimine pakub inimestele palju r\u00f5\u00f5mu, sest kuigi sinu v\u00f5imalused v\u00f5ita sel moel palju raha on v\u00e4ga v\u00e4ikesed, on v\u00f5imalus siiski olemas. Kui sa ei m\u00e4ngi, noh, siis ei saa sa unistada ja sa ei naudi m\u00f5tteid sellest, et see k\u00f5ik v\u00f5ib sinuga juhtuda.<\/p>\n<p>Loomulikult ei pea sa loteriides raha v\u00f5itmiseks jackpotit v\u00f5itma ja m\u00e4ngijad v\u00f5idavad kogu aeg v\u00e4iksemaid auhindu. M\u00f5ned neist v\u00e4iksematest auhindadest ei olegi tegelikult nii v\u00e4ikesed. Loteriides m\u00e4ngides on palju erinevaid v\u00f5imalusi raha v\u00f5ita ja iga kord, kui sa raha sisse maksad, on see alati v\u00e4ga tore.<\/p>\n","protected":false},"excerpt":{"rendered":"<p>Meie teenus v\u00f5imaldab teil praegu osta loteriipileteid 15 erinevasse suurde loteriisse \u00fcle kogu maailma. Oleme uhked, et pakume oma m\u00e4ngijatele v\u00f5imalust m\u00e4ngida Brasiilia Mega Sena loteriid internetis. Nagu k\u00f5igi suurte loteriide puhul, pidite varem elama riigis v\u00f5i piirkonnas, kus antud loteriid korraldati, ja s\u00f5itma piletite ostmiseks sealsesse loto jaem\u00fc\u00fcjasse. N\u00fc\u00fcd ei ole see aga enam [&hellip;]<\/p>\n","protected":false},"author":1,"featured_media":0,"parent":5015,"menu_order":12,"comment_status":"closed","ping_status":"closed","template":"megasena.php","meta":{"_et_pb_use_builder":"","_et_pb_old_content":"","_et_gb_content_width":"","exclude_from_search":false,"footnotes":""},"class_list":["post-79407","page","type-page","status-publish","hentry"],"yoast_head":"<!-- This site is optimized with the Yoast SEO plugin v23.4 - https:\/\/yoast.com\/wordpress\/plugins\/seo\/ -->\n<title>Mega-Sena online m\u00e4ngimine Eestist | Kas ma saan osaleda Mega-Sena m\u00e4ngus, kui ma elan Eestis?<\/title>\n<meta name=\"description\" content=\"Meie online piletiteenus teeb Mega-Sena m\u00e4ngimise internetis lihtsaks.\" \/>\n<meta name=\"robots\" content=\"index, follow, max-snippet:-1, max-image-preview:large, max-video-preview:-1\" \/>\n<link rel=\"canonical\" href=\"https:\/\/onlinelotto365.com\/et\/mangida\/mega-sena\/\" \/>\n<meta property=\"og:locale\" content=\"et_EE\" \/>\n<meta property=\"og:type\" content=\"article\" \/>\n<meta property=\"og:title\" content=\"Mega-Sena online m\u00e4ngimine Eestist | Kas ma saan osaleda Mega-Sena m\u00e4ngus, kui ma elan Eestis?\" \/>\n<meta property=\"og:description\" content=\"Meie online piletiteenus teeb Mega-Sena m\u00e4ngimise internetis lihtsaks.\" \/>\n<meta property=\"og:url\" content=\"https:\/\/onlinelotto365.com\/et\/mangida\/mega-sena\/\" \/>\n<meta property=\"og:site_name\" content=\"OnlineLotto365\" \/>\n<meta property=\"article:modified_time\" content=\"2022-11-04T07:12:43+00:00\" \/>\n<meta property=\"og:image\" content=\"https:\/\/redfoxlotto.com\/image?size=8&amp;lottery=mega-sena\" \/>\n<meta name=\"twitter:card\" content=\"summary_large_image\" \/>\n<meta name=\"twitter:label1\" content=\"Est. reading time\" \/>\n\t<meta name=\"twitter:data1\" content=\"4 minutit\" \/>\n<script type=\"application\/ld+json\" class=\"yoast-schema-graph\">{\"@context\":\"https:\/\/schema.org\",\"@graph\":[{\"@type\":\"WebPage\",\"@id\":\"https:\/\/onlinelotto365.com\/et\/mangida\/mega-sena\/\",\"url\":\"https:\/\/onlinelotto365.com\/et\/mangida\/mega-sena\/\",\"name\":\"Mega-Sena online m\u00e4ngimine Eestist | Kas ma saan osaleda Mega-Sena m\u00e4ngus, kui ma elan Eestis?\",\"isPartOf\":{\"@id\":\"https:\/\/onlinelotto365.com\/et\/#website\"},\"primaryImageOfPage\":{\"@id\":\"https:\/\/onlinelotto365.com\/et\/mangida\/mega-sena\/#primaryimage\"},\"image\":{\"@id\":\"https:\/\/onlinelotto365.com\/et\/mangida\/mega-sena\/#primaryimage\"},\"thumbnailUrl\":\"https:\/\/redfoxlotto.com\/image?size=8&amp;lottery=mega-sena\",\"datePublished\":\"2022-11-04T07:12:31+00:00\",\"dateModified\":\"2022-11-04T07:12:43+00:00\",\"description\":\"Meie online piletiteenus teeb Mega-Sena m\u00e4ngimise internetis lihtsaks.\",\"breadcrumb\":{\"@id\":\"https:\/\/onlinelotto365.com\/et\/mangida\/mega-sena\/#breadcrumb\"},\"inLanguage\":\"et\",\"potentialAction\":[{\"@type\":\"ReadAction\",\"target\":[\"https:\/\/onlinelotto365.com\/et\/mangida\/mega-sena\/\"]}]},{\"@type\":\"ImageObject\",\"inLanguage\":\"et\",\"@id\":\"https:\/\/onlinelotto365.com\/et\/mangida\/mega-sena\/#primaryimage\",\"url\":\"https:\/\/redfoxlotto.com\/image?size=8&amp;lottery=mega-sena\",\"contentUrl\":\"https:\/\/redfoxlotto.com\/image?size=8&amp;lottery=mega-sena\"},{\"@type\":\"BreadcrumbList\",\"@id\":\"https:\/\/onlinelotto365.com\/et\/mangida\/mega-sena\/#breadcrumb\",\"itemListElement\":[{\"@type\":\"ListItem\",\"position\":1,\"name\":\"Home\",\"item\":\"https:\/\/onlinelotto365.com\/et\/\"},{\"@type\":\"ListItem\",\"position\":2,\"name\":\"K\u00f5ik, mida sa pead teadma oma v\u00f5imaluste kohta, et m\u00e4ngida parimaid loteriisid internetis\",\"item\":\"https:\/\/onlinelotto365.com\/et\/mangida\/\"},{\"@type\":\"ListItem\",\"position\":3,\"name\":\"Kuidas saavad Eesti elanikud Mega-Sena&#8217;t internetis m\u00e4ngida?\"}]},{\"@type\":\"WebSite\",\"@id\":\"https:\/\/onlinelotto365.com\/et\/#website\",\"url\":\"https:\/\/onlinelotto365.com\/et\/\",\"name\":\"OnlineLotto365\",\"description\":\"\",\"potentialAction\":[{\"@type\":\"SearchAction\",\"target\":{\"@type\":\"EntryPoint\",\"urlTemplate\":\"https:\/\/onlinelotto365.com\/et\/?s={search_term_string}\"},\"query-input\":{\"@type\":\"PropertyValueSpecification\",\"valueRequired\":true,\"valueName\":\"search_term_string\"}}],\"inLanguage\":\"et\"}]}<\/script>\n<!-- \/ Yoast SEO plugin. -->","yoast_head_json":{"title":"Mega-Sena online m\u00e4ngimine Eestist | Kas ma saan osaleda Mega-Sena m\u00e4ngus, kui ma elan Eestis?","description":"Meie online piletiteenus teeb Mega-Sena m\u00e4ngimise internetis lihtsaks.","robots":{"index":"index","follow":"follow","max-snippet":"max-snippet:-1","max-image-preview":"max-image-preview:large","max-video-preview":"max-video-preview:-1"},"canonical":"https:\/\/onlinelotto365.com\/et\/mangida\/mega-sena\/","og_locale":"et_EE","og_type":"article","og_title":"Mega-Sena online m\u00e4ngimine Eestist | Kas ma saan osaleda Mega-Sena m\u00e4ngus, kui ma elan Eestis?","og_description":"Meie online piletiteenus teeb Mega-Sena m\u00e4ngimise internetis lihtsaks.","og_url":"https:\/\/onlinelotto365.com\/et\/mangida\/mega-sena\/","og_site_name":"OnlineLotto365","article_modified_time":"2022-11-04T07:12:43+00:00","og_image":[{"url":"https:\/\/redfoxlotto.com\/image?size=8&amp;lottery=mega-sena"}],"twitter_card":"summary_large_image","twitter_misc":{"Est. reading time":"4 minutit"},"schema":{"@context":"https:\/\/schema.org","@graph":[{"@type":"WebPage","@id":"https:\/\/onlinelotto365.com\/et\/mangida\/mega-sena\/","url":"https:\/\/onlinelotto365.com\/et\/mangida\/mega-sena\/","name":"Mega-Sena online m\u00e4ngimine Eestist | Kas ma saan osaleda Mega-Sena m\u00e4ngus, kui ma elan Eestis?","isPartOf":{"@id":"https:\/\/onlinelotto365.com\/et\/#website"},"primaryImageOfPage":{"@id":"https:\/\/onlinelotto365.com\/et\/mangida\/mega-sena\/#primaryimage"},"image":{"@id":"https:\/\/onlinelotto365.com\/et\/mangida\/mega-sena\/#primaryimage"},"thumbnailUrl":"https:\/\/redfoxlotto.com\/image?size=8&amp;lottery=mega-sena","datePublished":"2022-11-04T07:12:31+00:00","dateModified":"2022-11-04T07:12:43+00:00","description":"Meie online piletiteenus teeb Mega-Sena m\u00e4ngimise internetis lihtsaks.","breadcrumb":{"@id":"https:\/\/onlinelotto365.com\/et\/mangida\/mega-sena\/#breadcrumb"},"inLanguage":"et","potentialAction":[{"@type":"ReadAction","target":["https:\/\/onlinelotto365.com\/et\/mangida\/mega-sena\/"]}]},{"@type":"ImageObject","inLanguage":"et","@id":"https:\/\/onlinelotto365.com\/et\/mangida\/mega-sena\/#primaryimage","url":"https:\/\/redfoxlotto.com\/image?size=8&amp;lottery=mega-sena","contentUrl":"https:\/\/redfoxlotto.com\/image?size=8&amp;lottery=mega-sena"},{"@type":"BreadcrumbList","@id":"https:\/\/onlinelotto365.com\/et\/mangida\/mega-sena\/#breadcrumb","itemListElement":[{"@type":"ListItem","position":1,"name":"Home","item":"https:\/\/onlinelotto365.com\/et\/"},{"@type":"ListItem","position":2,"name":"K\u00f5ik, mida sa pead teadma oma v\u00f5imaluste kohta, et m\u00e4ngida parimaid loteriisid internetis","item":"https:\/\/onlinelotto365.com\/et\/mangida\/"},{"@type":"ListItem","position":3,"name":"Kuidas saavad Eesti elanikud Mega-Sena&#8217;t internetis m\u00e4ngida?"}]},{"@type":"WebSite","@id":"https:\/\/onlinelotto365.com\/et\/#website","url":"https:\/\/onlinelotto365.com\/et\/","name":"OnlineLotto365","description":"","potentialAction":[{"@type":"SearchAction","target":{"@type":"EntryPoint","urlTemplate":"https:\/\/onlinelotto365.com\/et\/?s={search_term_string}"},"query-input":{"@type":"PropertyValueSpecification","valueRequired":true,"valueName":"search_term_string"}}],"inLanguage":"et"}]}},"_links":{"self":[{"href":"https:\/\/onlinelotto365.com\/et\/wp-json\/wp\/v2\/pages\/79407","targetHints":{"allow":["GET"]}}],"collection":[{"href":"https:\/\/onlinelotto365.com\/et\/wp-json\/wp\/v2\/pages"}],"about":[{"href":"https:\/\/onlinelotto365.com\/et\/wp-json\/wp\/v2\/types\/page"}],"author":[{"embeddable":true,"href":"https:\/\/onlinelotto365.com\/et\/wp-json\/wp\/v2\/users\/1"}],"replies":[{"embeddable":true,"href":"https:\/\/onlinelotto365.com\/et\/wp-json\/wp\/v2\/comments?post=79407"}],"version-history":[{"count":0,"href":"https:\/\/onlinelotto365.com\/et\/wp-json\/wp\/v2\/pages\/79407\/revisions"}],"up":[{"embeddable":true,"href":"https:\/\/onlinelotto365.com\/et\/wp-json\/wp\/v2\/pages\/5015"}],"wp:attachment":[{"href":"https:\/\/onlinelotto365.com\/et\/wp-json\/wp\/v2\/media?parent=79407"}],"curies":[{"name":"wp","href":"https:\/\/api.w.org\/{rel}","templated":true}]}}