{"id":79440,"date":"2022-11-04T10:26:51","date_gmt":"2022-11-04T09:26:51","guid":{"rendered":"https:\/\/onlinelotto365.com\/?page_id=79440"},"modified":"2022-11-04T10:26:51","modified_gmt":"2022-11-04T09:26:51","slug":"set-for-life","status":"publish","type":"page","link":"https:\/\/onlinelotto365.com\/et\/mangida\/set-for-life\/","title":{"rendered":"Kas on v\u00f5imalik m\u00e4ngida Set for life loto internetis?"},"content":{"rendered":"<p>Kas teadsid, et Set for Life loterii v\u00f5ib anda sulle v\u00f5imaluse v\u00f5ita 10 000 naelsterlingit iga kuu? Kui olete huvitatud oma \u00f5nne proovimisest loteriis, siis on Set for Life suurep\u00e4rane v\u00f5imalus alustada. Set for Life&#8217;i loterii on tuntud kui ainus m\u00e4ng, mis v\u00f5imaldab teil m\u00e4ngida numbreid seitsmes j\u00e4rjestikuses p\u00e4evases loosimises. See t\u00e4hendab lihtsalt seda, et sul on igal n\u00e4dalap\u00e4eval palju v\u00f5imalusi jackpotit v\u00f5ita.<\/p>\n<p>Siin teeme teile Set for Life&#8217;i kohta rohkem teada ja m\u00f5istame, miks paljud inimesed j\u00e4tkavad selle loterii m\u00e4ngimist.<\/p>\n<p>Set for Life&#8217;i korraldas National Lottery ja see teenis tiitli, et see on \u00dchendkuningriigi esimene annuiteetloteriam\u00e4ng. Loterii annab m\u00e4ngijatele v\u00f5imaluse v\u00f5ita igakuine 10 000 naelsterlingi suurune makse 30 aasta jooksul.<\/p>\n<p>Ja kuigi tegemist on \u00dchendkuningriigi loteriiga, saab Set for life&#8217;i m\u00e4ngida ka Eestist veebis. Meie globaalsete loteriide internetipiletite teenus v\u00f5imaldab m\u00e4ngijatel \u00fcle kogu maailma osaleda parimatel ja suurima jackpotiga loteriides.<\/p>\n<p><a href=\"https:\/\/redfoxlotto.com\/play\/set-for-life-uk\/?ref=a8564250a2&amp;medium=ol365\" target=\"_blank\" rel=\"noopener noreferrer\"><img decoding=\"async\" class=\"aligncenter\" src=\"https:\/\/redfoxlotto.com\/image?size=8&amp;lottery=set-for-life-uk\" alt=\"&quot;Set\" \/><\/a><\/p>\n<p>&nbsp;<\/p>\n<h2>Set for life&#8217;i loto kohta<\/h2>\n<ul>\n<li>Riik: El life life&#8217;i m\u00e4ngimine, mis on seotud eluturniiriga: \u00dchendkuningriik<\/li>\n<li>Peamine numbrivalik: 45<\/li>\n<li>Teie valik: 5<\/li>\n<li>Lisanumbrite vahemik: 10<\/li>\n<li>Teie valite: 1<\/li>\n<li>Loosige p\u00e4evad, tunnid: Esmasp\u00e4ev, neljap\u00e4ev, 20:00 GMT, 21:00 CET<\/li>\n<li>Minimaalne jackpot: ei ole<\/li>\n<li>Maksimaalne jackpot: ei ole<\/li>\n<li>T\u00f5en\u00e4osus v\u00f5ita jackpot: 1:15.339.390<\/li>\n<li>T\u00f5en\u00e4osus 2: 1:1.704.377<\/li>\n<li>T\u00f5en\u00e4osus v\u00f5ita \u00fcksk\u00f5ik millisel tasemel: 1:12,4<\/li>\n<li>Auhinnaklasside arv: 8<\/li>\n<\/ul>\n<p>Nagu teised \u00dchendkuningriigi loteriid, on ka Set for Life loosimism\u00e4ng. Kui m\u00e4ngite loteriid, peate valima viis numbrit arvutusvahemikust 1 kuni 47, sealhulgas &#8220;elupalli&#8221; numbri vahemikus 1 &#8211; 10. Kui teie viis numbrit ja elupalli number on valitud, on teil v\u00f5imalus v\u00f5ita iga kuu kokku 10 000 naelsterlingi suurune jackpot.<\/p>\n<h2>Set for Life Draw<\/h2>\n<p>Set for Life&#8217;i loterii toimub igal esmasp\u00e4eval ja neljap\u00e4eval ning \u00dchendkuningriigis saavad m\u00e4ngijad osta lotopileteid oma kohalikust loto kauplusest. Loosimine l\u00f5peb igal \u00f5htul kell 21.00 EAST. Set for Life&#8217;i viimased tulemused on tavaliselt saadaval loosimise p\u00e4eval, mis on kell 21:45 GMT. Pange t\u00e4hele, et iga m\u00e4ngu dividendid uuendatakse vahetult p\u00e4rast loosimist. Samuti on dividendide uuendused tavaliselt avalikkusele k\u00e4ttesaadavad hommikul p\u00e4rast loto loosimist.<\/p>\n<h2>Kuidas v\u00f5ita Set for Life loterii<\/h2>\n<p>Set for Life&#8217;i loterii esimene auhind pakub igakuist v\u00e4ljamakset 10 000 naelsterlingit ja igal loosimisel on neljal m\u00e4ngijal v\u00f5imalus v\u00f5ita see auhind. Selleks, et v\u00f5ita jackpoti auhind, peavad teie numbrid vastama kaheksale v\u00f5idunumbrile \u00fche komplekti ajal. See t\u00e4hendab, et Set for Life&#8217;i loteriis on kokku kaheksa auhinnakategooriat. Teil on v\u00f5imalus v\u00f5ita auhind nelja v\u00f5idunumbriga, sealhulgas \u00fcks boonusnumber igas komplektis.<br \/>\n<img loading=\"lazy\" decoding=\"async\" class=\"size-full wp-image-1477 alignright\" src=\"https:\/\/onlinelotto365.com\/wp-content\/uploads\/2020\/11\/online_lottery-128.jpg\" alt=\"m\u00e4ngida set for life loto\" width=\"212\" height=\"142\" \/><\/p>\n<p>Set for Life pakub soodsaid v\u00f5imalusi jackpoti v\u00f5itmiseks. N\u00e4iteks teised auhinnad, mis n\u00f5uavad \u00fche v\u00f5i mitme numbri kokkulangemist, annavad sulle 1:12 v\u00f5iduv\u00f5imaluse, mis oleks isegi vaid 5 naelsterlingi.<\/p>\n<p>Seega, kui tunned oma \u00f5nne, tasub Set for Life&#8217;i piletile minna! Anname sulle laia valiku rahvusvahelisi loteriisid, mida saad m\u00e4ngida Eestist, jackpotid sadade miljonite v\u00f5itudega.<\/p>\n","protected":false},"excerpt":{"rendered":"<p>Kas teadsid, et Set for Life loterii v\u00f5ib anda sulle v\u00f5imaluse v\u00f5ita 10 000 naelsterlingit iga kuu? Kui olete huvitatud oma \u00f5nne proovimisest loteriis, siis on Set for Life suurep\u00e4rane v\u00f5imalus alustada. Set for Life&#8217;i loterii on tuntud kui ainus m\u00e4ng, mis v\u00f5imaldab teil m\u00e4ngida numbreid seitsmes j\u00e4rjestikuses p\u00e4evases loosimises. See t\u00e4hendab lihtsalt seda, et [&hellip;]<\/p>\n","protected":false},"author":1,"featured_media":0,"parent":5015,"menu_order":10,"comment_status":"closed","ping_status":"closed","template":"set-for-life.php","meta":{"_et_pb_use_builder":"","_et_pb_old_content":"","_et_gb_content_width":"","exclude_from_search":false,"footnotes":""},"class_list":["post-79440","page","type-page","status-publish","hentry"],"yoast_head":"<!-- This site is optimized with the Yoast SEO plugin v23.4 - https:\/\/yoast.com\/wordpress\/plugins\/seo\/ -->\n<title>Kuidas m\u00e4ngida Set for life loto online Eestist<\/title>\n<meta name=\"description\" content=\"Osta Set for life loto pileteid internetis, kui asud Eestis.\" \/>\n<meta name=\"robots\" content=\"index, follow, max-snippet:-1, max-image-preview:large, max-video-preview:-1\" \/>\n<link rel=\"canonical\" href=\"https:\/\/onlinelotto365.com\/et\/mangida\/set-for-life\/\" \/>\n<meta property=\"og:locale\" content=\"et_EE\" \/>\n<meta property=\"og:type\" content=\"article\" \/>\n<meta property=\"og:title\" content=\"Kuidas m\u00e4ngida Set for life loto online Eestist\" \/>\n<meta property=\"og:description\" content=\"Osta Set for life loto pileteid internetis, kui asud Eestis.\" \/>\n<meta property=\"og:url\" content=\"https:\/\/onlinelotto365.com\/et\/mangida\/set-for-life\/\" \/>\n<meta property=\"og:site_name\" content=\"OnlineLotto365\" \/>\n<meta property=\"og:image\" content=\"https:\/\/redfoxlotto.com\/image?size=8&amp;lottery=set-for-life-uk\" \/>\n<meta name=\"twitter:card\" content=\"summary_large_image\" \/>\n<meta name=\"twitter:label1\" content=\"Est. reading time\" \/>\n\t<meta name=\"twitter:data1\" content=\"3 minutit\" \/>\n<script type=\"application\/ld+json\" class=\"yoast-schema-graph\">{\"@context\":\"https:\/\/schema.org\",\"@graph\":[{\"@type\":\"WebPage\",\"@id\":\"https:\/\/onlinelotto365.com\/et\/mangida\/set-for-life\/\",\"url\":\"https:\/\/onlinelotto365.com\/et\/mangida\/set-for-life\/\",\"name\":\"Kuidas m\u00e4ngida Set for life loto online Eestist\",\"isPartOf\":{\"@id\":\"https:\/\/onlinelotto365.com\/et\/#website\"},\"primaryImageOfPage\":{\"@id\":\"https:\/\/onlinelotto365.com\/et\/mangida\/set-for-life\/#primaryimage\"},\"image\":{\"@id\":\"https:\/\/onlinelotto365.com\/et\/mangida\/set-for-life\/#primaryimage\"},\"thumbnailUrl\":\"https:\/\/redfoxlotto.com\/image?size=8&amp;lottery=set-for-life-uk\",\"datePublished\":\"2022-11-04T09:26:51+00:00\",\"dateModified\":\"2022-11-04T09:26:51+00:00\",\"description\":\"Osta Set for life loto pileteid internetis, kui asud Eestis.\",\"breadcrumb\":{\"@id\":\"https:\/\/onlinelotto365.com\/et\/mangida\/set-for-life\/#breadcrumb\"},\"inLanguage\":\"et\",\"potentialAction\":[{\"@type\":\"ReadAction\",\"target\":[\"https:\/\/onlinelotto365.com\/et\/mangida\/set-for-life\/\"]}]},{\"@type\":\"ImageObject\",\"inLanguage\":\"et\",\"@id\":\"https:\/\/onlinelotto365.com\/et\/mangida\/set-for-life\/#primaryimage\",\"url\":\"https:\/\/redfoxlotto.com\/image?size=8&amp;lottery=set-for-life-uk\",\"contentUrl\":\"https:\/\/redfoxlotto.com\/image?size=8&amp;lottery=set-for-life-uk\"},{\"@type\":\"BreadcrumbList\",\"@id\":\"https:\/\/onlinelotto365.com\/et\/mangida\/set-for-life\/#breadcrumb\",\"itemListElement\":[{\"@type\":\"ListItem\",\"position\":1,\"name\":\"Home\",\"item\":\"https:\/\/onlinelotto365.com\/et\/\"},{\"@type\":\"ListItem\",\"position\":2,\"name\":\"K\u00f5ik, mida sa pead teadma oma v\u00f5imaluste kohta, et m\u00e4ngida parimaid loteriisid internetis\",\"item\":\"https:\/\/onlinelotto365.com\/et\/mangida\/\"},{\"@type\":\"ListItem\",\"position\":3,\"name\":\"Kas on v\u00f5imalik m\u00e4ngida Set for life loto internetis?\"}]},{\"@type\":\"WebSite\",\"@id\":\"https:\/\/onlinelotto365.com\/et\/#website\",\"url\":\"https:\/\/onlinelotto365.com\/et\/\",\"name\":\"OnlineLotto365\",\"description\":\"\",\"potentialAction\":[{\"@type\":\"SearchAction\",\"target\":{\"@type\":\"EntryPoint\",\"urlTemplate\":\"https:\/\/onlinelotto365.com\/et\/?s={search_term_string}\"},\"query-input\":{\"@type\":\"PropertyValueSpecification\",\"valueRequired\":true,\"valueName\":\"search_term_string\"}}],\"inLanguage\":\"et\"}]}<\/script>\n<!-- \/ Yoast SEO plugin. -->","yoast_head_json":{"title":"Kuidas m\u00e4ngida Set for life loto online Eestist","description":"Osta Set for life loto pileteid internetis, kui asud Eestis.","robots":{"index":"index","follow":"follow","max-snippet":"max-snippet:-1","max-image-preview":"max-image-preview:large","max-video-preview":"max-video-preview:-1"},"canonical":"https:\/\/onlinelotto365.com\/et\/mangida\/set-for-life\/","og_locale":"et_EE","og_type":"article","og_title":"Kuidas m\u00e4ngida Set for life loto online Eestist","og_description":"Osta Set for life loto pileteid internetis, kui asud Eestis.","og_url":"https:\/\/onlinelotto365.com\/et\/mangida\/set-for-life\/","og_site_name":"OnlineLotto365","og_image":[{"url":"https:\/\/redfoxlotto.com\/image?size=8&amp;lottery=set-for-life-uk"}],"twitter_card":"summary_large_image","twitter_misc":{"Est. reading time":"3 minutit"},"schema":{"@context":"https:\/\/schema.org","@graph":[{"@type":"WebPage","@id":"https:\/\/onlinelotto365.com\/et\/mangida\/set-for-life\/","url":"https:\/\/onlinelotto365.com\/et\/mangida\/set-for-life\/","name":"Kuidas m\u00e4ngida Set for life loto online Eestist","isPartOf":{"@id":"https:\/\/onlinelotto365.com\/et\/#website"},"primaryImageOfPage":{"@id":"https:\/\/onlinelotto365.com\/et\/mangida\/set-for-life\/#primaryimage"},"image":{"@id":"https:\/\/onlinelotto365.com\/et\/mangida\/set-for-life\/#primaryimage"},"thumbnailUrl":"https:\/\/redfoxlotto.com\/image?size=8&amp;lottery=set-for-life-uk","datePublished":"2022-11-04T09:26:51+00:00","dateModified":"2022-11-04T09:26:51+00:00","description":"Osta Set for life loto pileteid internetis, kui asud Eestis.","breadcrumb":{"@id":"https:\/\/onlinelotto365.com\/et\/mangida\/set-for-life\/#breadcrumb"},"inLanguage":"et","potentialAction":[{"@type":"ReadAction","target":["https:\/\/onlinelotto365.com\/et\/mangida\/set-for-life\/"]}]},{"@type":"ImageObject","inLanguage":"et","@id":"https:\/\/onlinelotto365.com\/et\/mangida\/set-for-life\/#primaryimage","url":"https:\/\/redfoxlotto.com\/image?size=8&amp;lottery=set-for-life-uk","contentUrl":"https:\/\/redfoxlotto.com\/image?size=8&amp;lottery=set-for-life-uk"},{"@type":"BreadcrumbList","@id":"https:\/\/onlinelotto365.com\/et\/mangida\/set-for-life\/#breadcrumb","itemListElement":[{"@type":"ListItem","position":1,"name":"Home","item":"https:\/\/onlinelotto365.com\/et\/"},{"@type":"ListItem","position":2,"name":"K\u00f5ik, mida sa pead teadma oma v\u00f5imaluste kohta, et m\u00e4ngida parimaid loteriisid internetis","item":"https:\/\/onlinelotto365.com\/et\/mangida\/"},{"@type":"ListItem","position":3,"name":"Kas on v\u00f5imalik m\u00e4ngida Set for life loto internetis?"}]},{"@type":"WebSite","@id":"https:\/\/onlinelotto365.com\/et\/#website","url":"https:\/\/onlinelotto365.com\/et\/","name":"OnlineLotto365","description":"","potentialAction":[{"@type":"SearchAction","target":{"@type":"EntryPoint","urlTemplate":"https:\/\/onlinelotto365.com\/et\/?s={search_term_string}"},"query-input":{"@type":"PropertyValueSpecification","valueRequired":true,"valueName":"search_term_string"}}],"inLanguage":"et"}]}},"_links":{"self":[{"href":"https:\/\/onlinelotto365.com\/et\/wp-json\/wp\/v2\/pages\/79440","targetHints":{"allow":["GET"]}}],"collection":[{"href":"https:\/\/onlinelotto365.com\/et\/wp-json\/wp\/v2\/pages"}],"about":[{"href":"https:\/\/onlinelotto365.com\/et\/wp-json\/wp\/v2\/types\/page"}],"author":[{"embeddable":true,"href":"https:\/\/onlinelotto365.com\/et\/wp-json\/wp\/v2\/users\/1"}],"replies":[{"embeddable":true,"href":"https:\/\/onlinelotto365.com\/et\/wp-json\/wp\/v2\/comments?post=79440"}],"version-history":[{"count":0,"href":"https:\/\/onlinelotto365.com\/et\/wp-json\/wp\/v2\/pages\/79440\/revisions"}],"up":[{"embeddable":true,"href":"https:\/\/onlinelotto365.com\/et\/wp-json\/wp\/v2\/pages\/5015"}],"wp:attachment":[{"href":"https:\/\/onlinelotto365.com\/et\/wp-json\/wp\/v2\/media?parent=79440"}],"curies":[{"name":"wp","href":"https:\/\/api.w.org\/{rel}","templated":true}]}}