{"id":79473,"date":"2022-11-04T12:03:20","date_gmt":"2022-11-04T11:03:20","guid":{"rendered":"https:\/\/onlinelotto365.com\/?page_id=79473"},"modified":"2022-11-04T12:03:50","modified_gmt":"2022-11-04T11:03:50","slug":"uk-loto","status":"publish","type":"page","link":"https:\/\/onlinelotto365.com\/et\/mangida\/uk-loto\/","title":{"rendered":"Kuidas saavad Eesti Vabariigi elanikud m\u00e4ngida \u00dchendkuningriigi loteriid internetis?"},"content":{"rendered":"<h2>\u00dchendkuningriigi loterii kohta<\/h2>\n<p>Kuue numbri valimisega 59-st ja ilma lisanumbriteta on v\u00f5idu t\u00f5en\u00e4osus v\u00f5rreldes Powerballi v\u00f5i Mega Millionsiga ok. Kui tabate 6 numbrist 5 \u00f5igesti, saate garanteeritud 2,5 miljonit Briti naela, ja kui tabate k\u00f5ik kuus numbrit, olete jackpoti v\u00f5itja. Kui te ei ela \u00dchendkuningriigis, on meie teenuse kaudu online m\u00e4ngimine teie ainus v\u00f5imalus osaleda.<\/p>\n<ul>\n<li>Riik: UK<\/li>\n<li>Peamine numbrite valik: 59<\/li>\n<li>Teie valik: 6<\/li>\n<li>Lisanumbrid: ei ole<\/li>\n<li>Teie valite: \u00fckski<\/li>\n<li>Loosimise p\u00e4evad, tunnid: Kolmap\u00e4ev, laup\u00e4ev 19:30 UTC, 19:30 CET<\/li>\n<li>Minimaalne jackpot: 2,5 miljonit naelsterlingit<\/li>\n<li>Maksimaalne jackpot: 22 miljonit GBP<\/li>\n<li>T\u00f5en\u00e4osus v\u00f5ita jackpot: 1:45.057.474<\/li>\n<li>T\u00f5en\u00e4osus 2: 1:7.509.579<\/li>\n<li>T\u00f5en\u00e4osus v\u00f5ita \u00fcksk\u00f5ik millisel tasemel: 1:9,27<\/li>\n<li>Auhinnaklasside arv: 6<\/li>\n<\/ul>\n<p>&nbsp;<\/p>\n<h2>Miks on \u00dchendkuningriigi loteriide jackpotid tavaliselt \u00fcsna madalad?<\/h2>\n<p><a href=\"https:\/\/redfoxlotto.com\/play\/lotto-uk\/?ref=a8564250a2&amp;medium=ol365\" target=\"_blank\" rel=\"noopener noreferrer\"><img loading=\"lazy\" decoding=\"async\" class=\"aligncenter\" src=\"https:\/\/redfoxlotto.com\/image?size=8&amp;lottery=lotto-uk\" alt=\"\u00dchendkuningriigi loterii\" width=\"720\" height=\"90\" \/><\/a><\/p>\n<p>Noh, selle lihtsa asjaolu t\u00f5ttu, et \u00dchendkuningriigi loterii jackpotit saab veeretada ainult 5 korda. P\u00e4rast seda v\u00f5ib jackpot v\u00f5ita, kui on lihtsalt 5 v\u00e4lja<br \/>\nkuuest numbrist oma lotopiletil. Seda reeglit arvestades oleks m\u00f5istlik seda loteriid m\u00e4ngida iga kord, kui jackpot ei ole viis korda j\u00e4rjest v\u00f5itnud. Sel juhul on teil palju paremad v\u00f5imalused peaauhinna v\u00f5itmiseks. See peaauhind peaks olema piisavalt suur, et panna teid olukorda, kus te ei pea \u00fclej\u00e4\u00e4nud elu jooksul raha p\u00e4rast muretsema.<\/p>\n<p>Siiski on suur t\u00f5en\u00e4osus, et p\u00e4rast viiest kordusest tuleb jackpot jagada mitme v\u00f5itja vahel. Madalamate koefitsientide ja suurema arvu m\u00e4ngivate inimeste t\u00f5ttu v\u00f5ib teise auhinnaklassi v\u00f5itjaid olla rohkem kui \u00fcks.<\/p>\n<h2>Sa ei taha jackpotit jagada?<\/h2>\n<p>On \u00fcks loteriistrateegia, et v\u00e4ltida peaauhinna jagamist: valige selline numbrikombinatsioon, mis tundub v\u00e4hem t\u00f5en\u00e4oline, et ka teised m\u00e4ngijad valivad selle. N\u00e4iteks kasuta v\u00e4hem numbreid vahemikus 1 ja 31 (liiga paljud m\u00e4ngijad kasutavad s\u00fcnnikuup\u00e4evi oma \u00f5nnenumbritena) v\u00f5i kasuta 3 numbrit vahemikus 30 ja 40 ning 3 numbrit vahemikus 50 ja 56. Kasutage oma kujutlusv\u00f5imet, et v\u00e4lja m\u00f5elda rohkem &#8220;paarituid&#8221; numbreid.<\/p>\n","protected":false},"excerpt":{"rendered":"<p>\u00dchendkuningriigi loterii kohta Kuue numbri valimisega 59-st ja ilma lisanumbriteta on v\u00f5idu t\u00f5en\u00e4osus v\u00f5rreldes Powerballi v\u00f5i Mega Millionsiga ok. Kui tabate 6 numbrist 5 \u00f5igesti, saate garanteeritud 2,5 miljonit Briti naela, ja kui tabate k\u00f5ik kuus numbrit, olete jackpoti v\u00f5itja. Kui te ei ela \u00dchendkuningriigis, on meie teenuse kaudu online m\u00e4ngimine teie ainus v\u00f5imalus osaleda. [&hellip;]<\/p>\n","protected":false},"author":1,"featured_media":0,"parent":5015,"menu_order":9,"comment_status":"closed","ping_status":"closed","template":"lotto-uk.php","meta":{"_et_pb_use_builder":"","_et_pb_old_content":"","_et_gb_content_width":"","exclude_from_search":false,"footnotes":""},"class_list":["post-79473","page","type-page","status-publish","hentry"],"yoast_head":"<!-- This site is optimized with the Yoast SEO plugin v23.4 - https:\/\/yoast.com\/wordpress\/plugins\/seo\/ -->\n<title>M\u00e4ngi \u00dchendkuningriigi Lototeriat internetis Eestist | Kas ma v\u00f5in osaleda \u00dchendkuningriigi loteriis, kui ma elan Eestis | Kas ma v\u00f5in osaleda \u00dchendkuningriigi loteriis, kui ma elan Eestis<\/title>\n<meta name=\"description\" content=\"Osalemine UK Lottery teistest riikidest nagu Eesti on n\u00fc\u00fcd lihtne meie online teenuse abil\" \/>\n<meta name=\"robots\" content=\"index, follow, max-snippet:-1, max-image-preview:large, max-video-preview:-1\" \/>\n<link rel=\"canonical\" href=\"https:\/\/onlinelotto365.com\/et\/mangida\/uk-loto\/\" \/>\n<meta property=\"og:locale\" content=\"et_EE\" \/>\n<meta property=\"og:type\" content=\"article\" \/>\n<meta property=\"og:title\" content=\"M\u00e4ngi \u00dchendkuningriigi Lototeriat internetis Eestist | Kas ma v\u00f5in osaleda \u00dchendkuningriigi loteriis, kui ma elan Eestis | Kas ma v\u00f5in osaleda \u00dchendkuningriigi loteriis, kui ma elan Eestis\" \/>\n<meta property=\"og:description\" content=\"Osalemine UK Lottery teistest riikidest nagu Eesti on n\u00fc\u00fcd lihtne meie online teenuse abil\" \/>\n<meta property=\"og:url\" content=\"https:\/\/onlinelotto365.com\/et\/mangida\/uk-loto\/\" \/>\n<meta property=\"og:site_name\" content=\"OnlineLotto365\" \/>\n<meta property=\"article:modified_time\" content=\"2022-11-04T11:03:50+00:00\" \/>\n<meta property=\"og:image\" content=\"https:\/\/redfoxlotto.com\/image?size=8&amp;lottery=lotto-uk\" \/>\n<meta name=\"twitter:card\" content=\"summary_large_image\" \/>\n<meta name=\"twitter:label1\" content=\"Est. reading time\" \/>\n\t<meta name=\"twitter:data1\" content=\"2 minutit\" \/>\n<script type=\"application\/ld+json\" class=\"yoast-schema-graph\">{\"@context\":\"https:\/\/schema.org\",\"@graph\":[{\"@type\":\"WebPage\",\"@id\":\"https:\/\/onlinelotto365.com\/et\/mangida\/uk-loto\/\",\"url\":\"https:\/\/onlinelotto365.com\/et\/mangida\/uk-loto\/\",\"name\":\"M\u00e4ngi \u00dchendkuningriigi Lototeriat internetis Eestist | Kas ma v\u00f5in osaleda \u00dchendkuningriigi loteriis, kui ma elan Eestis | Kas ma v\u00f5in osaleda \u00dchendkuningriigi loteriis, kui ma elan Eestis\",\"isPartOf\":{\"@id\":\"https:\/\/onlinelotto365.com\/et\/#website\"},\"primaryImageOfPage\":{\"@id\":\"https:\/\/onlinelotto365.com\/et\/mangida\/uk-loto\/#primaryimage\"},\"image\":{\"@id\":\"https:\/\/onlinelotto365.com\/et\/mangida\/uk-loto\/#primaryimage\"},\"thumbnailUrl\":\"https:\/\/redfoxlotto.com\/image?size=8&amp;lottery=lotto-uk\",\"datePublished\":\"2022-11-04T11:03:20+00:00\",\"dateModified\":\"2022-11-04T11:03:50+00:00\",\"description\":\"Osalemine UK Lottery teistest riikidest nagu Eesti on n\u00fc\u00fcd lihtne meie online teenuse abil\",\"breadcrumb\":{\"@id\":\"https:\/\/onlinelotto365.com\/et\/mangida\/uk-loto\/#breadcrumb\"},\"inLanguage\":\"et\",\"potentialAction\":[{\"@type\":\"ReadAction\",\"target\":[\"https:\/\/onlinelotto365.com\/et\/mangida\/uk-loto\/\"]}]},{\"@type\":\"ImageObject\",\"inLanguage\":\"et\",\"@id\":\"https:\/\/onlinelotto365.com\/et\/mangida\/uk-loto\/#primaryimage\",\"url\":\"https:\/\/redfoxlotto.com\/image?size=8&amp;lottery=lotto-uk\",\"contentUrl\":\"https:\/\/redfoxlotto.com\/image?size=8&amp;lottery=lotto-uk\"},{\"@type\":\"BreadcrumbList\",\"@id\":\"https:\/\/onlinelotto365.com\/et\/mangida\/uk-loto\/#breadcrumb\",\"itemListElement\":[{\"@type\":\"ListItem\",\"position\":1,\"name\":\"Home\",\"item\":\"https:\/\/onlinelotto365.com\/et\/\"},{\"@type\":\"ListItem\",\"position\":2,\"name\":\"K\u00f5ik, mida sa pead teadma oma v\u00f5imaluste kohta, et m\u00e4ngida parimaid loteriisid internetis\",\"item\":\"https:\/\/onlinelotto365.com\/et\/mangida\/\"},{\"@type\":\"ListItem\",\"position\":3,\"name\":\"Kuidas saavad Eesti Vabariigi elanikud m\u00e4ngida \u00dchendkuningriigi loteriid internetis?\"}]},{\"@type\":\"WebSite\",\"@id\":\"https:\/\/onlinelotto365.com\/et\/#website\",\"url\":\"https:\/\/onlinelotto365.com\/et\/\",\"name\":\"OnlineLotto365\",\"description\":\"\",\"potentialAction\":[{\"@type\":\"SearchAction\",\"target\":{\"@type\":\"EntryPoint\",\"urlTemplate\":\"https:\/\/onlinelotto365.com\/et\/?s={search_term_string}\"},\"query-input\":{\"@type\":\"PropertyValueSpecification\",\"valueRequired\":true,\"valueName\":\"search_term_string\"}}],\"inLanguage\":\"et\"}]}<\/script>\n<!-- \/ Yoast SEO plugin. -->","yoast_head_json":{"title":"M\u00e4ngi \u00dchendkuningriigi Lototeriat internetis Eestist | Kas ma v\u00f5in osaleda \u00dchendkuningriigi loteriis, kui ma elan Eestis | Kas ma v\u00f5in osaleda \u00dchendkuningriigi loteriis, kui ma elan Eestis","description":"Osalemine UK Lottery teistest riikidest nagu Eesti on n\u00fc\u00fcd lihtne meie online teenuse abil","robots":{"index":"index","follow":"follow","max-snippet":"max-snippet:-1","max-image-preview":"max-image-preview:large","max-video-preview":"max-video-preview:-1"},"canonical":"https:\/\/onlinelotto365.com\/et\/mangida\/uk-loto\/","og_locale":"et_EE","og_type":"article","og_title":"M\u00e4ngi \u00dchendkuningriigi Lototeriat internetis Eestist | Kas ma v\u00f5in osaleda \u00dchendkuningriigi loteriis, kui ma elan Eestis | Kas ma v\u00f5in osaleda \u00dchendkuningriigi loteriis, kui ma elan Eestis","og_description":"Osalemine UK Lottery teistest riikidest nagu Eesti on n\u00fc\u00fcd lihtne meie online teenuse abil","og_url":"https:\/\/onlinelotto365.com\/et\/mangida\/uk-loto\/","og_site_name":"OnlineLotto365","article_modified_time":"2022-11-04T11:03:50+00:00","og_image":[{"url":"https:\/\/redfoxlotto.com\/image?size=8&amp;lottery=lotto-uk"}],"twitter_card":"summary_large_image","twitter_misc":{"Est. reading time":"2 minutit"},"schema":{"@context":"https:\/\/schema.org","@graph":[{"@type":"WebPage","@id":"https:\/\/onlinelotto365.com\/et\/mangida\/uk-loto\/","url":"https:\/\/onlinelotto365.com\/et\/mangida\/uk-loto\/","name":"M\u00e4ngi \u00dchendkuningriigi Lototeriat internetis Eestist | Kas ma v\u00f5in osaleda \u00dchendkuningriigi loteriis, kui ma elan Eestis | Kas ma v\u00f5in osaleda \u00dchendkuningriigi loteriis, kui ma elan Eestis","isPartOf":{"@id":"https:\/\/onlinelotto365.com\/et\/#website"},"primaryImageOfPage":{"@id":"https:\/\/onlinelotto365.com\/et\/mangida\/uk-loto\/#primaryimage"},"image":{"@id":"https:\/\/onlinelotto365.com\/et\/mangida\/uk-loto\/#primaryimage"},"thumbnailUrl":"https:\/\/redfoxlotto.com\/image?size=8&amp;lottery=lotto-uk","datePublished":"2022-11-04T11:03:20+00:00","dateModified":"2022-11-04T11:03:50+00:00","description":"Osalemine UK Lottery teistest riikidest nagu Eesti on n\u00fc\u00fcd lihtne meie online teenuse abil","breadcrumb":{"@id":"https:\/\/onlinelotto365.com\/et\/mangida\/uk-loto\/#breadcrumb"},"inLanguage":"et","potentialAction":[{"@type":"ReadAction","target":["https:\/\/onlinelotto365.com\/et\/mangida\/uk-loto\/"]}]},{"@type":"ImageObject","inLanguage":"et","@id":"https:\/\/onlinelotto365.com\/et\/mangida\/uk-loto\/#primaryimage","url":"https:\/\/redfoxlotto.com\/image?size=8&amp;lottery=lotto-uk","contentUrl":"https:\/\/redfoxlotto.com\/image?size=8&amp;lottery=lotto-uk"},{"@type":"BreadcrumbList","@id":"https:\/\/onlinelotto365.com\/et\/mangida\/uk-loto\/#breadcrumb","itemListElement":[{"@type":"ListItem","position":1,"name":"Home","item":"https:\/\/onlinelotto365.com\/et\/"},{"@type":"ListItem","position":2,"name":"K\u00f5ik, mida sa pead teadma oma v\u00f5imaluste kohta, et m\u00e4ngida parimaid loteriisid internetis","item":"https:\/\/onlinelotto365.com\/et\/mangida\/"},{"@type":"ListItem","position":3,"name":"Kuidas saavad Eesti Vabariigi elanikud m\u00e4ngida \u00dchendkuningriigi loteriid internetis?"}]},{"@type":"WebSite","@id":"https:\/\/onlinelotto365.com\/et\/#website","url":"https:\/\/onlinelotto365.com\/et\/","name":"OnlineLotto365","description":"","potentialAction":[{"@type":"SearchAction","target":{"@type":"EntryPoint","urlTemplate":"https:\/\/onlinelotto365.com\/et\/?s={search_term_string}"},"query-input":{"@type":"PropertyValueSpecification","valueRequired":true,"valueName":"search_term_string"}}],"inLanguage":"et"}]}},"_links":{"self":[{"href":"https:\/\/onlinelotto365.com\/et\/wp-json\/wp\/v2\/pages\/79473","targetHints":{"allow":["GET"]}}],"collection":[{"href":"https:\/\/onlinelotto365.com\/et\/wp-json\/wp\/v2\/pages"}],"about":[{"href":"https:\/\/onlinelotto365.com\/et\/wp-json\/wp\/v2\/types\/page"}],"author":[{"embeddable":true,"href":"https:\/\/onlinelotto365.com\/et\/wp-json\/wp\/v2\/users\/1"}],"replies":[{"embeddable":true,"href":"https:\/\/onlinelotto365.com\/et\/wp-json\/wp\/v2\/comments?post=79473"}],"version-history":[{"count":0,"href":"https:\/\/onlinelotto365.com\/et\/wp-json\/wp\/v2\/pages\/79473\/revisions"}],"up":[{"embeddable":true,"href":"https:\/\/onlinelotto365.com\/et\/wp-json\/wp\/v2\/pages\/5015"}],"wp:attachment":[{"href":"https:\/\/onlinelotto365.com\/et\/wp-json\/wp\/v2\/media?parent=79473"}],"curies":[{"name":"wp","href":"https:\/\/api.w.org\/{rel}","templated":true}]}}