{"id":79506,"date":"2022-11-07T07:59:42","date_gmt":"2022-11-07T06:59:42","guid":{"rendered":"https:\/\/onlinelotto365.com\/?page_id=79506"},"modified":"2024-07-07T08:49:58","modified_gmt":"2024-07-07T07:49:58","slug":"superenalotto","status":"publish","type":"page","link":"https:\/\/onlinelotto365.com\/et\/mangida\/superenalotto\/","title":{"rendered":"Hankige oma Superenalotto piletid k\u00f5ikjalt"},"content":{"rendered":"<p>Aastaid on inimesed igatsetud m\u00e4ngida loteriid teistes maailma osades. V\u00e4ljakutse ei ole siinkohal tegelikult olnud erinevate loteriide soovimatus rahvusvahelisi loteriim\u00e4ngijaid vastu v\u00f5tta. Asi on olnud selles, et sa pead f\u00fc\u00fcsiliselt viibima selles riigis v\u00f5i piirkonnas, kus loterii toimub, et saaksid korralikult m\u00e4ngida.<\/p>\n<p>K\u00f5igepealt peate k\u00fclastama loto jaem\u00fc\u00fcjat, kes m\u00fc\u00fcb seda loto, mille pileteid soovite osta. See t\u00e4hendab, et peate olema riigis mitte ainult \u00fcks kord, vaid iga kord, kui soovite pileteid osta. Seega t\u00e4hendab see, et peate tegema reisi Eestist Itaaliasse, et osta lotopileteid kolmele loosimisele, mida Superenalotto igal n\u00e4dalal korraldab.<\/p>\n<p>Seega peate kas sinna kolima v\u00f5i palgata Itaalias kellegi, kes seda teie eest teeks. Seda me lihtsalt ei ole v\u00f5imelised tegema. Kui te juba seal olete, siis peaksite palkama inimesed k\u00f5igis teistes riikides, kus on suured loteriid, et nad teie eest teie pakkumisi teeksid. See l\u00e4heks maksma terve varanduse.<\/p>\n<p>Kuid n\u00fc\u00fcd on suurep\u00e4rane alternatiiv &#8211; m\u00e4ngige lihtsalt internetis siin meie saidil!<\/p>\n<p><a href=\"https:\/\/redfoxlotto.com\/play\/superenalotto\/?ref=a8564250a2&amp;medium=ol365\" target=\"_blank\" rel=\"noopener noreferrer\"><img decoding=\"async\" class=\"aligncenter\" src=\"https:\/\/redfoxlotto.com\/image?size=8&amp;lottery=superenalotto\" alt=\"superenalotto\" \/><\/a><\/p>\n<h2>Meil on k\u00f5ik teie loto vajadused kaetud<\/h2>\n<p>Meil on k\u00f5ik selgeks tehtud, kuidas teid lisaks k\u00f5igile teistele maailma suurtele loteriidele ka Superenalotto m\u00e4ngus osalema panna. Te lihtsalt ostate meilt internetis ja Eestist mis tahes loteriipileteid, mida soovite, ja meie teeme teie eest k\u00f5ik muu.<\/p>\n<p>Meie ostame piletid teie eest ja erinevalt tavalistest loteriipiletitest, mida saab lunastada see, kelle k\u00e4es need on, hoiame neid teie eest. Seej\u00e4rel j\u00e4lgime teie eest loosimisi, nii et te ei pea seda tegema, kui te seda ei soovi, ja teavitame teid iga kord, kui te v\u00f5idate.<\/p>\n<h2>Rohkem infot Superenalotto kohta<\/h2>\n<ul>\n<li>Loterii toimub kus: Itaalia<\/li>\n<li>Mitu p\u00f5hinumbrit, mille hulgast valida: 90<\/li>\n<li>Te peate valima: 6<\/li>\n<li>Mitu lisanumbrit tuleb valida: mitte \u00fchtegi<\/li>\n<li>Te peate valima: \u00fckski<\/li>\n<li>Loosimise p\u00e4evad, tunnid: Teisip\u00e4ev, neljap\u00e4ev, laup\u00e4ev, 19:00 GMT, 21:00 CET<\/li>\n<li>Minimaalne jackpot: 2 miljonit eurot<\/li>\n<li>Maksimaalne jackpoti summa: ei ole<\/li>\n<li>V\u00f5imalik numbrikombinatsioon jackpoti v\u00f5itmiseks: 1: 622.614.630<\/li>\n<li>V\u00f5imalik numbrikombinatsioon 2. taseme v\u00f5idu saamiseks: 1:103.769.105<\/li>\n<li>T\u00f5en\u00e4osus v\u00f5ita \u00fcksk\u00f5ik millisel tasemel: 1:20,58<\/li>\n<li>Mitu auhinnatasandit: v<\/li>\n<\/ul>\n<p>Superenalotto m\u00e4ngimiseks valite 6 numbrit 90 v\u00f5imalikust numbrist. Samuti peate valima 90 numbri hulgast ka nn Jolly numbri.<\/p>\n<p>Jackpoti v\u00f5itmiseks peate k\u00f5ik 6 tavanumbrit kokku sobima. Kui teil on 5 numbrit pluss Jolly number, saate teise auhinna. 5 numbrit ilma Jolly numbrita annab sulle kolmanda koha, 4 \u00f5iget numbrit annab sulle neljanda koha ja vaid 3 numbrit annab sulle samuti v\u00e4ljamakse.<\/p>\n<p>Loosimised toimuvad 3 korda n\u00e4dalas, teisip\u00e4eviti, neljap\u00e4eviti ja laup\u00e4eviti kell 20.00 Itaalia aja j\u00e4rgi. Pakume teile lisaks k\u00f5ikidele teistele suurtele loteriidele, mille pileteid nad pakuvad internetis, ka jooksvat tagasiarvestust Superenalotto j\u00e4rgmise loosimiseni, nii et te teate alati, kui palju aega teil veel on.<br \/>\n<img loading=\"lazy\" decoding=\"async\" class=\" wp-image-1334 alignright\" src=\"https:\/\/onlinelotto365.com\/wp-content\/uploads\/2020\/11\/online_lottery-115.jpg\" alt=\"osta superenalotto pileteid internetis\" width=\"452\" height=\"172\" \/><\/p>\n<h2>Superenalotto online m\u00e4ngimise eelised<\/h2>\n<p>Paljudele \u00fclemaailmsetele loteriim\u00e4ngijatele meeldib valida mitu loteriid, mida m\u00e4ngida, eriti kuna iga\u00fcks neist pakub regulaarselt suuri jackpoteid. Tegelikult on seda parem, mida rohkemates loosimistes sa osaled.<\/p>\n<p>Nii et kuigi Superenalotto jackpotid ei pruugi olla v\u00f5rreldavad m\u00f5ne suurema loteriiga, n\u00e4iteks EuroMillions, Powerball v\u00f5i Mega Millions, tahad sa ikkagi ka neid m\u00e4ngida. Superenalotto ei ole siiski v\u00e4ike kartul, sest t\u00fc\u00fcpilised jackpotid ulatuvad sageli k\u00fcmnetesse miljonitesse eurodesse. Seega on Superenalotto pakutavate 3 lisaloosiga n\u00e4dalas 3 lisaloosi n\u00e4dalas rohkem l\u00f5bu kui siis, kui te ei m\u00e4ngi.<\/p>\n<p>Nii et 3 lisav\u00f5imalusega v\u00f5ita suur auhind, ei ole raske m\u00f5ista, miks nii paljudele Eesti inimestele see loterii meeldib. Arvestades, et pileteid saab n\u00fc\u00fcd mugavalt osta veebist, ei ole tegelikult \u00fchtegi head p\u00f5hjust mitte m\u00e4ngida. Oma raha laialijagamine rohkematele loteriidele ongi see, mis lisab oluliselt p\u00f5nevust, mida sa n\u00fc\u00fcd loteriid m\u00e4ngides saad.<\/p>\n<p>Nii et kui sa oled valmis rohkem l\u00f5bu m\u00e4ngima loteriid, ja ma tean, et sa oled, siis v\u00f5id kohe alustada.<\/p>\n<h2>Kuidas ma saan raha, kui ma v\u00f5in Superenalotto internetis v\u00f5ita?<\/h2>\n<p>Pakume teile kogu abi, mida vajate oma piletite lunastamiseks, alates v\u00e4iksemate auhindade k\u00e4ttesaamisest ja nende kohesest kandmisest teie kontole meie juures, kuni suuremate auhindade v\u00f5i isegi jackpotite jaoks vajalike vormide k\u00e4ttesaamise ja saatmiseni. Nii et siin ei ole vaja muretseda, sest tegemist on t\u00e4isteenust pakkuva tehinguga, kus meie kliendid nii Eestist kui ka mujalt saavad esmaklassilist teenindust ja kohtlemist.<\/p>\n","protected":false},"excerpt":{"rendered":"<p>Aastaid on inimesed igatsetud m\u00e4ngida loteriid teistes maailma osades. V\u00e4ljakutse ei ole siinkohal tegelikult olnud erinevate loteriide soovimatus rahvusvahelisi loteriim\u00e4ngijaid vastu v\u00f5tta. Asi on olnud selles, et sa pead f\u00fc\u00fcsiliselt viibima selles riigis v\u00f5i piirkonnas, kus loterii toimub, et saaksid korralikult m\u00e4ngida. K\u00f5igepealt peate k\u00fclastama loto jaem\u00fc\u00fcjat, kes m\u00fc\u00fcb seda loto, mille pileteid soovite osta. [&hellip;]<\/p>\n","protected":false},"author":1,"featured_media":0,"parent":5015,"menu_order":5,"comment_status":"closed","ping_status":"closed","template":"superenalotto.php","meta":{"_et_pb_use_builder":"","_et_pb_old_content":"","_et_gb_content_width":"","exclude_from_search":false,"footnotes":""},"class_list":["post-79506","page","type-page","status-publish","hentry"],"yoast_head":"<!-- This site is optimized with the Yoast SEO plugin v23.4 - https:\/\/yoast.com\/wordpress\/plugins\/seo\/ -->\n<title>Play Superenalotto Italy online Eestist | Kuidas osta Superenalotto pileteid internetis<\/title>\n<meta name=\"description\" content=\"Seda Itaalia loto jackpotit saab n\u00fc\u00fcd v\u00f5ita iga\u00fcks, k\u00f5ikjalt - m\u00e4ngi n\u00fc\u00fcd Superenalotto online piletit\" \/>\n<meta name=\"robots\" content=\"index, follow, max-snippet:-1, max-image-preview:large, max-video-preview:-1\" \/>\n<link rel=\"canonical\" href=\"https:\/\/onlinelotto365.com\/et\/mangida\/superenalotto\/\" \/>\n<meta property=\"og:locale\" content=\"et_EE\" \/>\n<meta property=\"og:type\" content=\"article\" \/>\n<meta property=\"og:title\" content=\"Play Superenalotto Italy online Eestist | Kuidas osta Superenalotto pileteid internetis\" \/>\n<meta property=\"og:description\" content=\"Seda Itaalia loto jackpotit saab n\u00fc\u00fcd v\u00f5ita iga\u00fcks, k\u00f5ikjalt - m\u00e4ngi n\u00fc\u00fcd Superenalotto online piletit\" \/>\n<meta property=\"og:url\" content=\"https:\/\/onlinelotto365.com\/et\/mangida\/superenalotto\/\" \/>\n<meta property=\"og:site_name\" content=\"OnlineLotto365\" \/>\n<meta property=\"article:modified_time\" content=\"2024-07-07T07:49:58+00:00\" \/>\n<meta property=\"og:image\" content=\"https:\/\/redfoxlotto.com\/image?size=8&amp;lottery=superenalotto\" \/>\n<meta name=\"twitter:card\" content=\"summary_large_image\" \/>\n<meta name=\"twitter:label1\" content=\"Est. reading time\" \/>\n\t<meta name=\"twitter:data1\" content=\"4 minutit\" \/>\n<script type=\"application\/ld+json\" class=\"yoast-schema-graph\">{\"@context\":\"https:\/\/schema.org\",\"@graph\":[{\"@type\":\"WebPage\",\"@id\":\"https:\/\/onlinelotto365.com\/et\/mangida\/superenalotto\/\",\"url\":\"https:\/\/onlinelotto365.com\/et\/mangida\/superenalotto\/\",\"name\":\"Play Superenalotto Italy online Eestist | Kuidas osta Superenalotto pileteid internetis\",\"isPartOf\":{\"@id\":\"https:\/\/onlinelotto365.com\/et\/#website\"},\"primaryImageOfPage\":{\"@id\":\"https:\/\/onlinelotto365.com\/et\/mangida\/superenalotto\/#primaryimage\"},\"image\":{\"@id\":\"https:\/\/onlinelotto365.com\/et\/mangida\/superenalotto\/#primaryimage\"},\"thumbnailUrl\":\"https:\/\/redfoxlotto.com\/image?size=8&amp;lottery=superenalotto\",\"datePublished\":\"2022-11-07T06:59:42+00:00\",\"dateModified\":\"2024-07-07T07:49:58+00:00\",\"description\":\"Seda Itaalia loto jackpotit saab n\u00fc\u00fcd v\u00f5ita iga\u00fcks, k\u00f5ikjalt - m\u00e4ngi n\u00fc\u00fcd Superenalotto online piletit\",\"breadcrumb\":{\"@id\":\"https:\/\/onlinelotto365.com\/et\/mangida\/superenalotto\/#breadcrumb\"},\"inLanguage\":\"et\",\"potentialAction\":[{\"@type\":\"ReadAction\",\"target\":[\"https:\/\/onlinelotto365.com\/et\/mangida\/superenalotto\/\"]}]},{\"@type\":\"ImageObject\",\"inLanguage\":\"et\",\"@id\":\"https:\/\/onlinelotto365.com\/et\/mangida\/superenalotto\/#primaryimage\",\"url\":\"https:\/\/redfoxlotto.com\/image?size=8&amp;lottery=superenalotto\",\"contentUrl\":\"https:\/\/redfoxlotto.com\/image?size=8&amp;lottery=superenalotto\"},{\"@type\":\"BreadcrumbList\",\"@id\":\"https:\/\/onlinelotto365.com\/et\/mangida\/superenalotto\/#breadcrumb\",\"itemListElement\":[{\"@type\":\"ListItem\",\"position\":1,\"name\":\"Home\",\"item\":\"https:\/\/onlinelotto365.com\/et\/\"},{\"@type\":\"ListItem\",\"position\":2,\"name\":\"K\u00f5ik, mida sa pead teadma oma v\u00f5imaluste kohta, et m\u00e4ngida parimaid loteriisid internetis\",\"item\":\"https:\/\/onlinelotto365.com\/et\/mangida\/\"},{\"@type\":\"ListItem\",\"position\":3,\"name\":\"Hankige oma Superenalotto piletid k\u00f5ikjalt\"}]},{\"@type\":\"WebSite\",\"@id\":\"https:\/\/onlinelotto365.com\/et\/#website\",\"url\":\"https:\/\/onlinelotto365.com\/et\/\",\"name\":\"OnlineLotto365\",\"description\":\"\",\"potentialAction\":[{\"@type\":\"SearchAction\",\"target\":{\"@type\":\"EntryPoint\",\"urlTemplate\":\"https:\/\/onlinelotto365.com\/et\/?s={search_term_string}\"},\"query-input\":{\"@type\":\"PropertyValueSpecification\",\"valueRequired\":true,\"valueName\":\"search_term_string\"}}],\"inLanguage\":\"et\"}]}<\/script>\n<!-- \/ Yoast SEO plugin. -->","yoast_head_json":{"title":"Play Superenalotto Italy online Eestist | Kuidas osta Superenalotto pileteid internetis","description":"Seda Itaalia loto jackpotit saab n\u00fc\u00fcd v\u00f5ita iga\u00fcks, k\u00f5ikjalt - m\u00e4ngi n\u00fc\u00fcd Superenalotto online piletit","robots":{"index":"index","follow":"follow","max-snippet":"max-snippet:-1","max-image-preview":"max-image-preview:large","max-video-preview":"max-video-preview:-1"},"canonical":"https:\/\/onlinelotto365.com\/et\/mangida\/superenalotto\/","og_locale":"et_EE","og_type":"article","og_title":"Play Superenalotto Italy online Eestist | Kuidas osta Superenalotto pileteid internetis","og_description":"Seda Itaalia loto jackpotit saab n\u00fc\u00fcd v\u00f5ita iga\u00fcks, k\u00f5ikjalt - m\u00e4ngi n\u00fc\u00fcd Superenalotto online piletit","og_url":"https:\/\/onlinelotto365.com\/et\/mangida\/superenalotto\/","og_site_name":"OnlineLotto365","article_modified_time":"2024-07-07T07:49:58+00:00","og_image":[{"url":"https:\/\/redfoxlotto.com\/image?size=8&amp;lottery=superenalotto"}],"twitter_card":"summary_large_image","twitter_misc":{"Est. reading time":"4 minutit"},"schema":{"@context":"https:\/\/schema.org","@graph":[{"@type":"WebPage","@id":"https:\/\/onlinelotto365.com\/et\/mangida\/superenalotto\/","url":"https:\/\/onlinelotto365.com\/et\/mangida\/superenalotto\/","name":"Play Superenalotto Italy online Eestist | Kuidas osta Superenalotto pileteid internetis","isPartOf":{"@id":"https:\/\/onlinelotto365.com\/et\/#website"},"primaryImageOfPage":{"@id":"https:\/\/onlinelotto365.com\/et\/mangida\/superenalotto\/#primaryimage"},"image":{"@id":"https:\/\/onlinelotto365.com\/et\/mangida\/superenalotto\/#primaryimage"},"thumbnailUrl":"https:\/\/redfoxlotto.com\/image?size=8&amp;lottery=superenalotto","datePublished":"2022-11-07T06:59:42+00:00","dateModified":"2024-07-07T07:49:58+00:00","description":"Seda Itaalia loto jackpotit saab n\u00fc\u00fcd v\u00f5ita iga\u00fcks, k\u00f5ikjalt - m\u00e4ngi n\u00fc\u00fcd Superenalotto online piletit","breadcrumb":{"@id":"https:\/\/onlinelotto365.com\/et\/mangida\/superenalotto\/#breadcrumb"},"inLanguage":"et","potentialAction":[{"@type":"ReadAction","target":["https:\/\/onlinelotto365.com\/et\/mangida\/superenalotto\/"]}]},{"@type":"ImageObject","inLanguage":"et","@id":"https:\/\/onlinelotto365.com\/et\/mangida\/superenalotto\/#primaryimage","url":"https:\/\/redfoxlotto.com\/image?size=8&amp;lottery=superenalotto","contentUrl":"https:\/\/redfoxlotto.com\/image?size=8&amp;lottery=superenalotto"},{"@type":"BreadcrumbList","@id":"https:\/\/onlinelotto365.com\/et\/mangida\/superenalotto\/#breadcrumb","itemListElement":[{"@type":"ListItem","position":1,"name":"Home","item":"https:\/\/onlinelotto365.com\/et\/"},{"@type":"ListItem","position":2,"name":"K\u00f5ik, mida sa pead teadma oma v\u00f5imaluste kohta, et m\u00e4ngida parimaid loteriisid internetis","item":"https:\/\/onlinelotto365.com\/et\/mangida\/"},{"@type":"ListItem","position":3,"name":"Hankige oma Superenalotto piletid k\u00f5ikjalt"}]},{"@type":"WebSite","@id":"https:\/\/onlinelotto365.com\/et\/#website","url":"https:\/\/onlinelotto365.com\/et\/","name":"OnlineLotto365","description":"","potentialAction":[{"@type":"SearchAction","target":{"@type":"EntryPoint","urlTemplate":"https:\/\/onlinelotto365.com\/et\/?s={search_term_string}"},"query-input":{"@type":"PropertyValueSpecification","valueRequired":true,"valueName":"search_term_string"}}],"inLanguage":"et"}]}},"_links":{"self":[{"href":"https:\/\/onlinelotto365.com\/et\/wp-json\/wp\/v2\/pages\/79506","targetHints":{"allow":["GET"]}}],"collection":[{"href":"https:\/\/onlinelotto365.com\/et\/wp-json\/wp\/v2\/pages"}],"about":[{"href":"https:\/\/onlinelotto365.com\/et\/wp-json\/wp\/v2\/types\/page"}],"author":[{"embeddable":true,"href":"https:\/\/onlinelotto365.com\/et\/wp-json\/wp\/v2\/users\/1"}],"replies":[{"embeddable":true,"href":"https:\/\/onlinelotto365.com\/et\/wp-json\/wp\/v2\/comments?post=79506"}],"version-history":[{"count":0,"href":"https:\/\/onlinelotto365.com\/et\/wp-json\/wp\/v2\/pages\/79506\/revisions"}],"up":[{"embeddable":true,"href":"https:\/\/onlinelotto365.com\/et\/wp-json\/wp\/v2\/pages\/5015"}],"wp:attachment":[{"href":"https:\/\/onlinelotto365.com\/et\/wp-json\/wp\/v2\/media?parent=79506"}],"curies":[{"name":"wp","href":"https:\/\/api.w.org\/{rel}","templated":true}]}}