{"id":80065,"date":"2022-11-14T13:45:06","date_gmt":"2022-11-14T12:45:06","guid":{"rendered":"https:\/\/onlinelotto365.com\/?page_id=80065"},"modified":"2022-11-14T13:45:06","modified_gmt":"2022-11-14T12:45:06","slug":"superenalotto","status":"publish","type":"page","link":"https:\/\/onlinelotto365.com\/et\/voitnud-loosinumbrid\/superenalotto\/","title":{"rendered":"Vaata Superenalotto v\u00f5idunumbreid siit"},"content":{"rendered":"<p>Pakume oma veebilehel palju erinevaid rahvusvahelisi loteriim\u00e4nge, kuid soovime tagada, et tulemuste leidmine ei oleks probleemiks. Muidugi, sa v\u00f5id vaadata tulemusi telekast, kui sul on piisavalt \u00f5nne, et leida loosimise tulemused uudistest. V\u00f5i v\u00f5id neid leida ajalehtedest, kui elad piirkonnas, kus m\u00e4ngud on kohalikud. Kuid ka see v\u00f5ib olla keeruline.<br \/>\n<a href=\"https:\/\/redfoxlotto.com\/play\/superenalotto\/?ref=a8564250a2&amp;medium=ol365\" target=\"_blank\" rel=\"noopener noreferrer\"><img decoding=\"async\" class=\"aligncenter\" src=\"https:\/\/redfoxlotto.com\/image?size=8&amp;lottery=superenalotto\" alt=\"superenalotto\" \/><\/a><br \/>\nV\u00f5ite vaadata ka Superenalotto veebisaiti, et leida loosimise otse\u00fclekanne, kui seda pakutakse. See v\u00f5ib olla l\u00f5bus nende m\u00e4ngude puhul, mis seda pakuvad, ja v\u00f5ib anda teile p\u00f5neva hetke, kui vaatate, kas teie numbrid on need, mis on v\u00f5itnud, kuid mitte k\u00f5ik loteriim\u00e4ngud ei paku tegelikult seda v\u00f5imalust.<\/p>\n<p>P\u00e4rast loosimist v\u00f5ite m\u00f5nikord leida Superenalotto v\u00f5idunumbrid ja loosimised YouTube&#8217;ist, kui teate, kuidas seda uurida ja kust otsida. Kuid see v\u00f5ib v\u00f5tta aega.<\/p>\n<p>Parim viis on lihtsalt minna meie loterii tulemuste lehele ja vaadata k\u00f5iki numbreid iga erineva lotom\u00e4ngu kohta. See h\u00f5lmab ka Superenalotot ja palju muud.<\/p>\n<h2>Kuidas teada saada, kas teie internetipilet on v\u00f5itnud<\/h2>\n<p>Need, kes ostsid meie saidilt Superenalotto pileti, saavad h\u00f5lpsasti kontrollida oma kontot, et teada saada, millised on v\u00f5idunumbrid. See saab olema palju lihtsam, kui te arvate, ja mis k\u00f5ige parem, te ei pea isegi numbreid v\u00f5rdlema.<\/p>\n<p>Me hoolitseme selle osa eest sinu eest. Tegelikult n\u00e4itame sulle, millised numbrid sul on, mis vastavad v\u00f5idunumbritele, t\u00f5stes need esile. Seej\u00e4rel paneme v\u00f5idetud raha kuni 2500 eurot otse sinu kontole. Sa ei pea muretsema selle taotlemise v\u00f5i millegi kontrollimise p\u00e4rast. Meie teeme seda k\u00f5ike, et sa saaksid oma v\u00f5itu nautida.<\/p>\n<h2>Superenalotto tulemuste arhiiv<\/h2>\n<p>Iga meie veebisaidi lehek\u00fclg, mis n\u00e4itab Superenalotto v\u00f5idunumbreid, n\u00e4itab sulle ka, kuidas saad minna tagasi eelmiste tulemuste juurde, et kontrollida varasemaid loosimisi. See v\u00f5ib aidata teil valida \u00f5igeid numbreid, mida soovite m\u00e4ngida, kui tuleb j\u00e4rgmise loosimise aeg. See on \u00fcks populaarsemaid viise numbrite valimiseks.<\/p>\n<h2>Minu pilet on v\u00f5itnud, mis saab edasi?<\/h2>\n<p><img loading=\"lazy\" decoding=\"async\" class=\"alignright size-full wp-image-3634\" src=\"https:\/\/onlinelotto365.com\/wp-content\/uploads\/2020\/11\/online_lottery-136.jpg\" alt=\"superenalotto v\u00f5idunumbrid\" width=\"297\" height=\"101\" \/><br \/>\nIga auhind, mis on v\u00e4iksem kui 2500 eurot, kantakse kohe sinu m\u00e4ngijakontole. Nii saad selle v\u00e4lja v\u00f5tta (mis tahes summa \u00fcle 10 euro) v\u00f5i kasutada seda t\u00e4iendavate piletite ostmiseks. Pea lihtsalt meeles, et saad raha v\u00e4lja v\u00f5tta krediit- v\u00f5i deebetkaardile v\u00f5i pangakontole. \u00dcksk\u00f5ik, millise kontoga soovid raha v\u00e4lja v\u00f5tta, pead sa olema juba kasutanud ka raha sissemaksmiseks. Nii aitame teid kaitsta ja j\u00e4rgime ka rahapesuvastaseid ja muid eeskirju.<\/p>\n","protected":false},"excerpt":{"rendered":"<p>Pakume oma veebilehel palju erinevaid rahvusvahelisi loteriim\u00e4nge, kuid soovime tagada, et tulemuste leidmine ei oleks probleemiks. Muidugi, sa v\u00f5id vaadata tulemusi telekast, kui sul on piisavalt \u00f5nne, et leida loosimise tulemused uudistest. V\u00f5i v\u00f5id neid leida ajalehtedest, kui elad piirkonnas, kus m\u00e4ngud on kohalikud. Kuid ka see v\u00f5ib olla keeruline. V\u00f5ite vaadata ka Superenalotto veebisaiti, [&hellip;]<\/p>\n","protected":false},"author":1,"featured_media":0,"parent":5828,"menu_order":5,"comment_status":"closed","ping_status":"closed","template":"superenalotto-results.php","meta":{"_et_pb_use_builder":"","_et_pb_old_content":"","_et_gb_content_width":"","exclude_from_search":false,"footnotes":""},"class_list":["post-80065","page","type-page","status-publish","hentry"],"yoast_head":"<!-- This site is optimized with the Yoast SEO plugin v23.4 - https:\/\/yoast.com\/wordpress\/plugins\/seo\/ -->\n<title>Viimased Superenalotto v\u00f5idunumbrid<\/title>\n<meta name=\"description\" content=\"Tahad teada Superenalotto v\u00f5idunumbreid? Leia tulemused ja muud siin!\" \/>\n<meta name=\"robots\" content=\"index, follow, max-snippet:-1, max-image-preview:large, max-video-preview:-1\" \/>\n<link rel=\"canonical\" href=\"https:\/\/onlinelotto365.com\/et\/voitnud-loosinumbrid\/superenalotto\/\" \/>\n<meta property=\"og:locale\" content=\"et_EE\" \/>\n<meta property=\"og:type\" content=\"article\" \/>\n<meta property=\"og:title\" content=\"Viimased Superenalotto v\u00f5idunumbrid\" \/>\n<meta property=\"og:description\" content=\"Tahad teada Superenalotto v\u00f5idunumbreid? Leia tulemused ja muud siin!\" \/>\n<meta property=\"og:url\" content=\"https:\/\/onlinelotto365.com\/et\/voitnud-loosinumbrid\/superenalotto\/\" \/>\n<meta property=\"og:site_name\" content=\"OnlineLotto365\" \/>\n<meta property=\"og:image\" content=\"https:\/\/redfoxlotto.com\/image?size=8&amp;lottery=superenalotto\" \/>\n<meta name=\"twitter:card\" content=\"summary_large_image\" \/>\n<meta name=\"twitter:label1\" content=\"Est. reading time\" \/>\n\t<meta name=\"twitter:data1\" content=\"2 minutit\" \/>\n<script type=\"application\/ld+json\" class=\"yoast-schema-graph\">{\"@context\":\"https:\/\/schema.org\",\"@graph\":[{\"@type\":\"WebPage\",\"@id\":\"https:\/\/onlinelotto365.com\/et\/voitnud-loosinumbrid\/superenalotto\/\",\"url\":\"https:\/\/onlinelotto365.com\/et\/voitnud-loosinumbrid\/superenalotto\/\",\"name\":\"Viimased Superenalotto v\u00f5idunumbrid\",\"isPartOf\":{\"@id\":\"https:\/\/onlinelotto365.com\/et\/#website\"},\"primaryImageOfPage\":{\"@id\":\"https:\/\/onlinelotto365.com\/et\/voitnud-loosinumbrid\/superenalotto\/#primaryimage\"},\"image\":{\"@id\":\"https:\/\/onlinelotto365.com\/et\/voitnud-loosinumbrid\/superenalotto\/#primaryimage\"},\"thumbnailUrl\":\"https:\/\/redfoxlotto.com\/image?size=8&amp;lottery=superenalotto\",\"datePublished\":\"2022-11-14T12:45:06+00:00\",\"dateModified\":\"2022-11-14T12:45:06+00:00\",\"description\":\"Tahad teada Superenalotto v\u00f5idunumbreid? Leia tulemused ja muud siin!\",\"breadcrumb\":{\"@id\":\"https:\/\/onlinelotto365.com\/et\/voitnud-loosinumbrid\/superenalotto\/#breadcrumb\"},\"inLanguage\":\"et\",\"potentialAction\":[{\"@type\":\"ReadAction\",\"target\":[\"https:\/\/onlinelotto365.com\/et\/voitnud-loosinumbrid\/superenalotto\/\"]}]},{\"@type\":\"ImageObject\",\"inLanguage\":\"et\",\"@id\":\"https:\/\/onlinelotto365.com\/et\/voitnud-loosinumbrid\/superenalotto\/#primaryimage\",\"url\":\"https:\/\/redfoxlotto.com\/image?size=8&amp;lottery=superenalotto\",\"contentUrl\":\"https:\/\/redfoxlotto.com\/image?size=8&amp;lottery=superenalotto\"},{\"@type\":\"BreadcrumbList\",\"@id\":\"https:\/\/onlinelotto365.com\/et\/voitnud-loosinumbrid\/superenalotto\/#breadcrumb\",\"itemListElement\":[{\"@type\":\"ListItem\",\"position\":1,\"name\":\"Home\",\"item\":\"https:\/\/onlinelotto365.com\/et\/\"},{\"@type\":\"ListItem\",\"position\":2,\"name\":\"Tulemused ja v\u00f5idunumbrid\",\"item\":\"https:\/\/onlinelotto365.com\/et\/voitnud-loosinumbrid\/\"},{\"@type\":\"ListItem\",\"position\":3,\"name\":\"Vaata Superenalotto v\u00f5idunumbreid siit\"}]},{\"@type\":\"WebSite\",\"@id\":\"https:\/\/onlinelotto365.com\/et\/#website\",\"url\":\"https:\/\/onlinelotto365.com\/et\/\",\"name\":\"OnlineLotto365\",\"description\":\"\",\"potentialAction\":[{\"@type\":\"SearchAction\",\"target\":{\"@type\":\"EntryPoint\",\"urlTemplate\":\"https:\/\/onlinelotto365.com\/et\/?s={search_term_string}\"},\"query-input\":{\"@type\":\"PropertyValueSpecification\",\"valueRequired\":true,\"valueName\":\"search_term_string\"}}],\"inLanguage\":\"et\"}]}<\/script>\n<!-- \/ Yoast SEO plugin. -->","yoast_head_json":{"title":"Viimased Superenalotto v\u00f5idunumbrid","description":"Tahad teada Superenalotto v\u00f5idunumbreid? Leia tulemused ja muud siin!","robots":{"index":"index","follow":"follow","max-snippet":"max-snippet:-1","max-image-preview":"max-image-preview:large","max-video-preview":"max-video-preview:-1"},"canonical":"https:\/\/onlinelotto365.com\/et\/voitnud-loosinumbrid\/superenalotto\/","og_locale":"et_EE","og_type":"article","og_title":"Viimased Superenalotto v\u00f5idunumbrid","og_description":"Tahad teada Superenalotto v\u00f5idunumbreid? Leia tulemused ja muud siin!","og_url":"https:\/\/onlinelotto365.com\/et\/voitnud-loosinumbrid\/superenalotto\/","og_site_name":"OnlineLotto365","og_image":[{"url":"https:\/\/redfoxlotto.com\/image?size=8&amp;lottery=superenalotto"}],"twitter_card":"summary_large_image","twitter_misc":{"Est. reading time":"2 minutit"},"schema":{"@context":"https:\/\/schema.org","@graph":[{"@type":"WebPage","@id":"https:\/\/onlinelotto365.com\/et\/voitnud-loosinumbrid\/superenalotto\/","url":"https:\/\/onlinelotto365.com\/et\/voitnud-loosinumbrid\/superenalotto\/","name":"Viimased Superenalotto v\u00f5idunumbrid","isPartOf":{"@id":"https:\/\/onlinelotto365.com\/et\/#website"},"primaryImageOfPage":{"@id":"https:\/\/onlinelotto365.com\/et\/voitnud-loosinumbrid\/superenalotto\/#primaryimage"},"image":{"@id":"https:\/\/onlinelotto365.com\/et\/voitnud-loosinumbrid\/superenalotto\/#primaryimage"},"thumbnailUrl":"https:\/\/redfoxlotto.com\/image?size=8&amp;lottery=superenalotto","datePublished":"2022-11-14T12:45:06+00:00","dateModified":"2022-11-14T12:45:06+00:00","description":"Tahad teada Superenalotto v\u00f5idunumbreid? Leia tulemused ja muud siin!","breadcrumb":{"@id":"https:\/\/onlinelotto365.com\/et\/voitnud-loosinumbrid\/superenalotto\/#breadcrumb"},"inLanguage":"et","potentialAction":[{"@type":"ReadAction","target":["https:\/\/onlinelotto365.com\/et\/voitnud-loosinumbrid\/superenalotto\/"]}]},{"@type":"ImageObject","inLanguage":"et","@id":"https:\/\/onlinelotto365.com\/et\/voitnud-loosinumbrid\/superenalotto\/#primaryimage","url":"https:\/\/redfoxlotto.com\/image?size=8&amp;lottery=superenalotto","contentUrl":"https:\/\/redfoxlotto.com\/image?size=8&amp;lottery=superenalotto"},{"@type":"BreadcrumbList","@id":"https:\/\/onlinelotto365.com\/et\/voitnud-loosinumbrid\/superenalotto\/#breadcrumb","itemListElement":[{"@type":"ListItem","position":1,"name":"Home","item":"https:\/\/onlinelotto365.com\/et\/"},{"@type":"ListItem","position":2,"name":"Tulemused ja v\u00f5idunumbrid","item":"https:\/\/onlinelotto365.com\/et\/voitnud-loosinumbrid\/"},{"@type":"ListItem","position":3,"name":"Vaata Superenalotto v\u00f5idunumbreid siit"}]},{"@type":"WebSite","@id":"https:\/\/onlinelotto365.com\/et\/#website","url":"https:\/\/onlinelotto365.com\/et\/","name":"OnlineLotto365","description":"","potentialAction":[{"@type":"SearchAction","target":{"@type":"EntryPoint","urlTemplate":"https:\/\/onlinelotto365.com\/et\/?s={search_term_string}"},"query-input":{"@type":"PropertyValueSpecification","valueRequired":true,"valueName":"search_term_string"}}],"inLanguage":"et"}]}},"_links":{"self":[{"href":"https:\/\/onlinelotto365.com\/et\/wp-json\/wp\/v2\/pages\/80065","targetHints":{"allow":["GET"]}}],"collection":[{"href":"https:\/\/onlinelotto365.com\/et\/wp-json\/wp\/v2\/pages"}],"about":[{"href":"https:\/\/onlinelotto365.com\/et\/wp-json\/wp\/v2\/types\/page"}],"author":[{"embeddable":true,"href":"https:\/\/onlinelotto365.com\/et\/wp-json\/wp\/v2\/users\/1"}],"replies":[{"embeddable":true,"href":"https:\/\/onlinelotto365.com\/et\/wp-json\/wp\/v2\/comments?post=80065"}],"version-history":[{"count":0,"href":"https:\/\/onlinelotto365.com\/et\/wp-json\/wp\/v2\/pages\/80065\/revisions"}],"up":[{"embeddable":true,"href":"https:\/\/onlinelotto365.com\/et\/wp-json\/wp\/v2\/pages\/5828"}],"wp:attachment":[{"href":"https:\/\/onlinelotto365.com\/et\/wp-json\/wp\/v2\/media?parent=80065"}],"curies":[{"name":"wp","href":"https:\/\/api.w.org\/{rel}","templated":true}]}}