{"id":80097,"date":"2022-11-14T14:35:21","date_gmt":"2022-11-14T13:35:21","guid":{"rendered":"https:\/\/onlinelotto365.com\/?page_id=80097"},"modified":"2022-11-14T14:35:21","modified_gmt":"2022-11-14T13:35:21","slug":"euromillions","status":"publish","type":"page","link":"https:\/\/onlinelotto365.com\/et\/voitnud-loosinumbrid\/euromillions\/","title":{"rendered":"Vaata Euromillions v\u00f5idu numbrid"},"content":{"rendered":"<p>Me teame, et meie veebisaidil on palju rahvusvahelisi loteriim\u00e4nge ja see v\u00f5ib teid veidi segadusse ajada. Kuid see ei pea olema nii segane, kui te arvate. Ja samuti ei pea sulle olema nii raske leida soovitud m\u00e4ngu v\u00f5idunumbreid. Aga v\u00f5ib-olla oled m\u00f5elnud, et vaatad mujal j\u00e4rele. Ajaleht ja televiisor on paar v\u00f5imalust, kuid kui sa ei ole kohalik, v\u00f5ib olla raske leida tulemusi kummaski neist kohtadest.<br \/>\n<a href=\"https:\/\/redfoxlotto.com\/play\/euromillions\/?ref=a8564250a2&amp;medium=ol365\" target=\"_blank\" rel=\"noopener noreferrer\"><img decoding=\"async\" class=\"aligncenter\" src=\"https:\/\/redfoxlotto.com\/image?size=8&amp;lottery=euromillions\" alt=\"euromillions\" \/><\/a><\/p>\n<p>V\u00f5ite valida ka EuroMillions&#8217;i loterii ametliku veebisaidi. See on \u00fcks parimaid kohti tulemuste saamiseks, sest need on k\u00e4ttesaadavad faktid ja te v\u00f5ite isegi vaadata loosimise otse\u00fclekannet. See v\u00f5ib olla l\u00f5bus ja p\u00f5nev vaadata seda loosimist otse\u00fclekandes, eriti kui sa oled see, kes v\u00f5idab ja saad j\u00e4lgida oma numbrite tulekut. Kuid see v\u00f5ib v\u00f5tta palju aega ja k\u00f5iki loteriim\u00e4nge ei edastata tegelikult reaalajas.<\/p>\n<p>Kui loterii on v\u00e4lja loositud, on teine v\u00f5imalus vaadata YouTube&#8217;i, et n\u00e4ha, kas sa saad video loosimisest v\u00f5i kellegi teise numbrite avalikustamisest p\u00e4rast seda.<\/p>\n<p>Parim viis v\u00f5idunumbrite leidmiseks on siiski vaadata meie veebisaiti ja kontrollida tulemusi. See k\u00f5ik on saadaval meie loterii tulemuste lehel, mis n\u00e4itab teile iga lotom\u00e4ngu v\u00f5idunumbreid, mida saate osta meie veebisaidil.<\/p>\n<h2>Kuidas teada saada, kas teie veebipilet on v\u00f5itnud<\/h2>\n<p>Veelgi parem on see, et kui olete tegelikult ostnud selle m\u00e4ngu pileti, ei pea te isegi muretsema tulemuste lehele mineku p\u00e4rast. Saate lihtsalt minna otse oma kontole ja lehele, kus on teie piletid.<\/p>\n<p>Sealt saad n\u00e4ha v\u00f5itnud numbreid ja oma numbreid v\u00f5rrelda. Ja me t\u00f5stame esile numbrid, mis vastavad, nii et sa ei j\u00e4ta neid vahele. Lisaks hoolitseme selle eest, et sa saaksid oma numbrite v\u00f5idud k\u00e4tte, kui sul on midagi alla 2500 euro. Kui see on \u00fcle, siis pead vaid t\u00e4itma vormi ja me aitame sul ikkagi k\u00f5ik korda saata.<\/p>\n<h2>EuroMillions tulemuste arhiiv<\/h2>\n<p>Meil on mitu ala, kus saad vaadata EuroMillions&#8217;i viimaseid v\u00f5idunumbreid ja teiste m\u00e4ngude tulemusi, kuid meil on ka v\u00f5imalusi vaadata ka vanu v\u00f5idunumbreid. Kui soovite veenduda, et valite netim\u00e4ngu jaoks \u00f5igeid numbreid, v\u00f5ib vanemate m\u00e4ngude vaatamine olla hea v\u00f5imalus selle valiku tegemiseks.<\/p>\n<h2>Minu pilet on v\u00f5itnud, mis saab edasi?<\/h2>\n<p><img loading=\"lazy\" decoding=\"async\" class=\"alignright wp-image-3645\" src=\"https:\/\/onlinelotto365.com\/wp-content\/uploads\/2020\/11\/online_lottery-129-300x300.jpg\" alt=\"Euromillions v\u00f5idunumbrid\" width=\"210\" height=\"210\" srcset=\"https:\/\/onlinelotto365.com\/wp-content\/uploads\/2020\/11\/online_lottery-129-300x300.jpg 300w, https:\/\/onlinelotto365.com\/wp-content\/uploads\/2020\/11\/online_lottery-129-100x100.jpg 100w, https:\/\/onlinelotto365.com\/wp-content\/uploads\/2020\/11\/online_lottery-129-150x150.jpg 150w, https:\/\/onlinelotto365.com\/wp-content\/uploads\/2020\/11\/online_lottery-129.jpg 320w\" sizes=\"auto, (max-width: 210px) 100vw, 210px\" \/><br \/>\nMe juba mainisime, et k\u00f5ik v\u00f5idetud auhinnad, mis on v\u00e4iksemad kui 2500 eurot, kannab meie klienditeenindus sinu kontole. Kui raha on sinu kontol, saad selle v\u00e4lja v\u00f5tta, kasutada v\u00f5i mida iganes muud, mida soovid. See muudab m\u00e4ngimise j\u00e4tkamise v\u00f5i raha kasutamise selleks, milleks iganes sa soovid, lihtsaks.<br \/>\nMitte ainult seda, vaid sa saad raha v\u00e4lja v\u00f5tta mis tahes kontolt, mida oled juba kasutanud ostmiseks v\u00f5i lisaraha sissemaksmiseks oma kontole. See h\u00f5lmab pangakontosid, krediitkaarte ja muud.<\/p>\n","protected":false},"excerpt":{"rendered":"<p>Me teame, et meie veebisaidil on palju rahvusvahelisi loteriim\u00e4nge ja see v\u00f5ib teid veidi segadusse ajada. Kuid see ei pea olema nii segane, kui te arvate. Ja samuti ei pea sulle olema nii raske leida soovitud m\u00e4ngu v\u00f5idunumbreid. Aga v\u00f5ib-olla oled m\u00f5elnud, et vaatad mujal j\u00e4rele. Ajaleht ja televiisor on paar v\u00f5imalust, kuid kui sa [&hellip;]<\/p>\n","protected":false},"author":1,"featured_media":0,"parent":5828,"menu_order":3,"comment_status":"closed","ping_status":"closed","template":"euromillions-results.php","meta":{"_et_pb_use_builder":"","_et_pb_old_content":"","_et_gb_content_width":"","exclude_from_search":false,"footnotes":""},"class_list":["post-80097","page","type-page","status-publish","hentry"],"yoast_head":"<!-- This site is optimized with the Yoast SEO plugin v23.4 - https:\/\/yoast.com\/wordpress\/plugins\/seo\/ -->\n<title>Euromillions v\u00f5idunumbrid | Vaata Euromillions&#039;i viimaseid auhindu ja tulemusi<\/title>\n<meta name=\"description\" content=\"V\u00f5rdle oma Euromillions piletit v\u00f5idunumbritega - vaata k\u00f5iki loterii tulemusi siit\" \/>\n<meta name=\"robots\" content=\"index, follow, max-snippet:-1, max-image-preview:large, max-video-preview:-1\" \/>\n<link rel=\"canonical\" href=\"https:\/\/onlinelotto365.com\/et\/voitnud-loosinumbrid\/euromillions\/\" \/>\n<meta property=\"og:locale\" content=\"et_EE\" \/>\n<meta property=\"og:type\" content=\"article\" \/>\n<meta property=\"og:title\" content=\"Euromillions v\u00f5idunumbrid | Vaata Euromillions&#039;i viimaseid auhindu ja tulemusi\" \/>\n<meta property=\"og:description\" content=\"V\u00f5rdle oma Euromillions piletit v\u00f5idunumbritega - vaata k\u00f5iki loterii tulemusi siit\" \/>\n<meta property=\"og:url\" content=\"https:\/\/onlinelotto365.com\/et\/voitnud-loosinumbrid\/euromillions\/\" \/>\n<meta property=\"og:site_name\" content=\"OnlineLotto365\" \/>\n<meta property=\"og:image\" content=\"https:\/\/redfoxlotto.com\/image?size=8&amp;lottery=euromillions\" \/>\n<meta name=\"twitter:card\" content=\"summary_large_image\" \/>\n<meta name=\"twitter:label1\" content=\"Est. reading time\" \/>\n\t<meta name=\"twitter:data1\" content=\"3 minutit\" \/>\n<script type=\"application\/ld+json\" class=\"yoast-schema-graph\">{\"@context\":\"https:\/\/schema.org\",\"@graph\":[{\"@type\":\"WebPage\",\"@id\":\"https:\/\/onlinelotto365.com\/et\/voitnud-loosinumbrid\/euromillions\/\",\"url\":\"https:\/\/onlinelotto365.com\/et\/voitnud-loosinumbrid\/euromillions\/\",\"name\":\"Euromillions v\u00f5idunumbrid | Vaata Euromillions'i viimaseid auhindu ja tulemusi\",\"isPartOf\":{\"@id\":\"https:\/\/onlinelotto365.com\/et\/#website\"},\"primaryImageOfPage\":{\"@id\":\"https:\/\/onlinelotto365.com\/et\/voitnud-loosinumbrid\/euromillions\/#primaryimage\"},\"image\":{\"@id\":\"https:\/\/onlinelotto365.com\/et\/voitnud-loosinumbrid\/euromillions\/#primaryimage\"},\"thumbnailUrl\":\"https:\/\/redfoxlotto.com\/image?size=8&amp;lottery=euromillions\",\"datePublished\":\"2022-11-14T13:35:21+00:00\",\"dateModified\":\"2022-11-14T13:35:21+00:00\",\"description\":\"V\u00f5rdle oma Euromillions piletit v\u00f5idunumbritega - vaata k\u00f5iki loterii tulemusi siit\",\"breadcrumb\":{\"@id\":\"https:\/\/onlinelotto365.com\/et\/voitnud-loosinumbrid\/euromillions\/#breadcrumb\"},\"inLanguage\":\"et\",\"potentialAction\":[{\"@type\":\"ReadAction\",\"target\":[\"https:\/\/onlinelotto365.com\/et\/voitnud-loosinumbrid\/euromillions\/\"]}]},{\"@type\":\"ImageObject\",\"inLanguage\":\"et\",\"@id\":\"https:\/\/onlinelotto365.com\/et\/voitnud-loosinumbrid\/euromillions\/#primaryimage\",\"url\":\"https:\/\/redfoxlotto.com\/image?size=8&amp;lottery=euromillions\",\"contentUrl\":\"https:\/\/redfoxlotto.com\/image?size=8&amp;lottery=euromillions\"},{\"@type\":\"BreadcrumbList\",\"@id\":\"https:\/\/onlinelotto365.com\/et\/voitnud-loosinumbrid\/euromillions\/#breadcrumb\",\"itemListElement\":[{\"@type\":\"ListItem\",\"position\":1,\"name\":\"Home\",\"item\":\"https:\/\/onlinelotto365.com\/et\/\"},{\"@type\":\"ListItem\",\"position\":2,\"name\":\"Tulemused ja v\u00f5idunumbrid\",\"item\":\"https:\/\/onlinelotto365.com\/et\/voitnud-loosinumbrid\/\"},{\"@type\":\"ListItem\",\"position\":3,\"name\":\"Vaata Euromillions v\u00f5idu numbrid\"}]},{\"@type\":\"WebSite\",\"@id\":\"https:\/\/onlinelotto365.com\/et\/#website\",\"url\":\"https:\/\/onlinelotto365.com\/et\/\",\"name\":\"OnlineLotto365\",\"description\":\"\",\"potentialAction\":[{\"@type\":\"SearchAction\",\"target\":{\"@type\":\"EntryPoint\",\"urlTemplate\":\"https:\/\/onlinelotto365.com\/et\/?s={search_term_string}\"},\"query-input\":{\"@type\":\"PropertyValueSpecification\",\"valueRequired\":true,\"valueName\":\"search_term_string\"}}],\"inLanguage\":\"et\"}]}<\/script>\n<!-- \/ Yoast SEO plugin. -->","yoast_head_json":{"title":"Euromillions v\u00f5idunumbrid | Vaata Euromillions'i viimaseid auhindu ja tulemusi","description":"V\u00f5rdle oma Euromillions piletit v\u00f5idunumbritega - vaata k\u00f5iki loterii tulemusi siit","robots":{"index":"index","follow":"follow","max-snippet":"max-snippet:-1","max-image-preview":"max-image-preview:large","max-video-preview":"max-video-preview:-1"},"canonical":"https:\/\/onlinelotto365.com\/et\/voitnud-loosinumbrid\/euromillions\/","og_locale":"et_EE","og_type":"article","og_title":"Euromillions v\u00f5idunumbrid | Vaata Euromillions'i viimaseid auhindu ja tulemusi","og_description":"V\u00f5rdle oma Euromillions piletit v\u00f5idunumbritega - vaata k\u00f5iki loterii tulemusi siit","og_url":"https:\/\/onlinelotto365.com\/et\/voitnud-loosinumbrid\/euromillions\/","og_site_name":"OnlineLotto365","og_image":[{"url":"https:\/\/redfoxlotto.com\/image?size=8&amp;lottery=euromillions"}],"twitter_card":"summary_large_image","twitter_misc":{"Est. reading time":"3 minutit"},"schema":{"@context":"https:\/\/schema.org","@graph":[{"@type":"WebPage","@id":"https:\/\/onlinelotto365.com\/et\/voitnud-loosinumbrid\/euromillions\/","url":"https:\/\/onlinelotto365.com\/et\/voitnud-loosinumbrid\/euromillions\/","name":"Euromillions v\u00f5idunumbrid | Vaata Euromillions'i viimaseid auhindu ja tulemusi","isPartOf":{"@id":"https:\/\/onlinelotto365.com\/et\/#website"},"primaryImageOfPage":{"@id":"https:\/\/onlinelotto365.com\/et\/voitnud-loosinumbrid\/euromillions\/#primaryimage"},"image":{"@id":"https:\/\/onlinelotto365.com\/et\/voitnud-loosinumbrid\/euromillions\/#primaryimage"},"thumbnailUrl":"https:\/\/redfoxlotto.com\/image?size=8&amp;lottery=euromillions","datePublished":"2022-11-14T13:35:21+00:00","dateModified":"2022-11-14T13:35:21+00:00","description":"V\u00f5rdle oma Euromillions piletit v\u00f5idunumbritega - vaata k\u00f5iki loterii tulemusi siit","breadcrumb":{"@id":"https:\/\/onlinelotto365.com\/et\/voitnud-loosinumbrid\/euromillions\/#breadcrumb"},"inLanguage":"et","potentialAction":[{"@type":"ReadAction","target":["https:\/\/onlinelotto365.com\/et\/voitnud-loosinumbrid\/euromillions\/"]}]},{"@type":"ImageObject","inLanguage":"et","@id":"https:\/\/onlinelotto365.com\/et\/voitnud-loosinumbrid\/euromillions\/#primaryimage","url":"https:\/\/redfoxlotto.com\/image?size=8&amp;lottery=euromillions","contentUrl":"https:\/\/redfoxlotto.com\/image?size=8&amp;lottery=euromillions"},{"@type":"BreadcrumbList","@id":"https:\/\/onlinelotto365.com\/et\/voitnud-loosinumbrid\/euromillions\/#breadcrumb","itemListElement":[{"@type":"ListItem","position":1,"name":"Home","item":"https:\/\/onlinelotto365.com\/et\/"},{"@type":"ListItem","position":2,"name":"Tulemused ja v\u00f5idunumbrid","item":"https:\/\/onlinelotto365.com\/et\/voitnud-loosinumbrid\/"},{"@type":"ListItem","position":3,"name":"Vaata Euromillions v\u00f5idu numbrid"}]},{"@type":"WebSite","@id":"https:\/\/onlinelotto365.com\/et\/#website","url":"https:\/\/onlinelotto365.com\/et\/","name":"OnlineLotto365","description":"","potentialAction":[{"@type":"SearchAction","target":{"@type":"EntryPoint","urlTemplate":"https:\/\/onlinelotto365.com\/et\/?s={search_term_string}"},"query-input":{"@type":"PropertyValueSpecification","valueRequired":true,"valueName":"search_term_string"}}],"inLanguage":"et"}]}},"_links":{"self":[{"href":"https:\/\/onlinelotto365.com\/et\/wp-json\/wp\/v2\/pages\/80097","targetHints":{"allow":["GET"]}}],"collection":[{"href":"https:\/\/onlinelotto365.com\/et\/wp-json\/wp\/v2\/pages"}],"about":[{"href":"https:\/\/onlinelotto365.com\/et\/wp-json\/wp\/v2\/types\/page"}],"author":[{"embeddable":true,"href":"https:\/\/onlinelotto365.com\/et\/wp-json\/wp\/v2\/users\/1"}],"replies":[{"embeddable":true,"href":"https:\/\/onlinelotto365.com\/et\/wp-json\/wp\/v2\/comments?post=80097"}],"version-history":[{"count":0,"href":"https:\/\/onlinelotto365.com\/et\/wp-json\/wp\/v2\/pages\/80097\/revisions"}],"up":[{"embeddable":true,"href":"https:\/\/onlinelotto365.com\/et\/wp-json\/wp\/v2\/pages\/5828"}],"wp:attachment":[{"href":"https:\/\/onlinelotto365.com\/et\/wp-json\/wp\/v2\/media?parent=80097"}],"curies":[{"name":"wp","href":"https:\/\/api.w.org\/{rel}","templated":true}]}}