{"id":80161,"date":"2022-11-15T08:15:58","date_gmt":"2022-11-15T07:15:58","guid":{"rendered":"https:\/\/onlinelotto365.com\/?page_id=80161"},"modified":"2022-11-15T08:15:58","modified_gmt":"2022-11-15T07:15:58","slug":"powerball","status":"publish","type":"page","link":"https:\/\/onlinelotto365.com\/et\/voitnud-loosinumbrid\/powerball\/","title":{"rendered":"Power loterii tulemused"},"content":{"rendered":"<h2>Vaata Powerballi v\u00f5idunumbreid siit<\/h2>\n<p>Powerballi v\u00f5idunumbrite leidmine on lihtne, kui elad USAs. Eriti siis, kui jackpot on v\u00e4ga suur, edastatakse tulemusi uudistes ja avaldatakse igas ajalehes.<br \/>\n<a href=\"https:\/\/redfoxlotto.com\/play\/powerball\/?ref=a8564250a2&amp;medium=ol365\" target=\"_blank\" rel=\"noopener noreferrer\"><img decoding=\"async\" class=\"aligncenter\" src=\"https:\/\/redfoxlotto.com\/image?size=8&amp;lottery=powerball\" alt=\"Powerball\" \/><\/a><br \/>\nAga kui sa ei ela USAs, siis kust sa Powerballi v\u00f5idunumbrid k\u00e4tte saad? Kuidas leida tulemusi ja n\u00e4ha, kui palju sa oled v\u00f5itnud?<\/p>\n<h2>Kuidas teada saada, kas teie internetipilet on v\u00f5itnud<\/h2>\n<p>Noh, kui ostsid internetipileti, on see tegelikult \u00fcsna lihtne. Mine tagasi meie veebilehele, logi sisse oma kasutajanime ja parooliga ning seej\u00e4rel mine sinna, kus sinu ostetud pilet digitaalselt salvestatud on. Numbrid, mida sa m\u00e4ngisid, on erineva v\u00e4rviga esile t\u00f5stetud, kui need vastavad loositud numbritele sellel loosimisp\u00e4eval, mille jaoks sa oma pileti ostsid.<\/p>\n<p>Loomulikult saate avada ka meie tulemuste \u00fclevaate lehe ja v\u00f5rrelda nii loosimise tulemusi oma piletiga. M\u00f5nele meie kliendile meeldib oma online-piletid v\u00e4lja printida ja seej\u00e4rel m\u00e4rkida v\u00e4ljatr\u00fckile v\u00f5idunumbrid, et n\u00e4ha, kas nad on v\u00f5itnud.<\/p>\n<h2>Powerballi tulemuste arhiiv<\/h2>\n<p>Meie loterii tulemuste \u00fclevaatelehek\u00fclg v\u00f5imaldab teil ka vaadata eelmiste n\u00e4dalate v\u00f5idunumbreid. See v\u00f5ib aidata teil oma \u00f5nnenumbrite valimise strateegiat. N\u00e4iteks v\u00f5id proovida leida numbreid, mis on juba ammu \u00fcleval, ja seej\u00e4rel koostada loteriipileti, kasutades ainult neid numbreid.<\/p>\n<p>V\u00f5i v\u00f5ite valida oma Powerballi v\u00f5idunumbrid, selgitades v\u00e4lja, millised numbrid on tulnud sagedamini kui teised numbrid. Paljud m\u00e4ngijad kasutavad nende kahe meetodi kombinatsiooni, et valida oma isiklikud loterii numbrid.<\/p>\n<p>Kui te ei suuda otsustada, milliseid numbreid valida v\u00f5idupileti jaoks, kuidas oleks selle meetodiga: Vaadake m\u00f5ne teise loteriiv\u00f5istluse varasemaid v\u00f5idunumbreid, mille numbrivahemik on sarnane loteriiga, mida te kavatsete m\u00e4ngida. Leidke nendes varasemates tulemustes teile meeldiv v\u00f5idukombinatsioon, seej\u00e4rel kasutage neid vanemaid v\u00f5idunumbreid uue Powerballi pileti m\u00e4ngimiseks.<\/p>\n<h2>Minu pilet on v\u00f5itnud, mis saab edasi?<\/h2>\n<p><img loading=\"lazy\" decoding=\"async\" class=\"size-full wp-image-50704 alignright\" src=\"https:\/\/onlinelotto365.com\/wp-content\/uploads\/2021\/01\/online_lottery-136.jpg\" alt=\"loterii tulemused\" width=\"297\" height=\"101\" \/><br \/>\nNoh, \u00f5nnitlused, hea meel! Loomulikult on meil alati hea meel, kui \u00fchel meie kliendil on Powerballi v\u00f5idupilet. Olenemata sellest, kas tegemist on v\u00e4iksema v\u00f5i suurema v\u00f5iduga, me hoolitseme teie eest v\u00e4ljamaksete eest, loomulikult tasuta!<\/p>\n<p>Kuni 2500 euro suurune v\u00f5it &#8211; v\u00f5idetud summa kantakse teie saldole meie veebilehel. V\u00f5ta see sealt v\u00e4lja v\u00f5i v\u00f5ta saldo, et osta rohkem pileteid.<\/p>\n<p>V\u00f5idud \u00fcle 2500 euro &#8211; meie klienditeenindus aitab sulle raha v\u00e4lja maksta. P\u00e4rast seda, kui olete esitanud m\u00f5ned andmed oma isikusamasuse ja eelistatud makseviisi (panga\u00fclekanne v\u00f5i t\u0161ekk) kohta, saate makse otse teie valitud viisil.<\/p>\n","protected":false},"excerpt":{"rendered":"<p>Vaata Powerballi v\u00f5idunumbreid siit Powerballi v\u00f5idunumbrite leidmine on lihtne, kui elad USAs. Eriti siis, kui jackpot on v\u00e4ga suur, edastatakse tulemusi uudistes ja avaldatakse igas ajalehes. Aga kui sa ei ela USAs, siis kust sa Powerballi v\u00f5idunumbrid k\u00e4tte saad? Kuidas leida tulemusi ja n\u00e4ha, kui palju sa oled v\u00f5itnud? Kuidas teada saada, kas teie internetipilet [&hellip;]<\/p>\n","protected":false},"author":1,"featured_media":0,"parent":5828,"menu_order":1,"comment_status":"closed","ping_status":"closed","template":"powerball-usa-info.php","meta":{"_et_pb_use_builder":"","_et_pb_old_content":"","_et_gb_content_width":"","exclude_from_search":false,"footnotes":""},"class_list":["post-80161","page","type-page","status-publish","hentry"],"yoast_head":"<!-- This site is optimized with the Yoast SEO plugin v23.4 - https:\/\/yoast.com\/wordpress\/plugins\/seo\/ -->\n<title>Powerball v\u00f5idunumbrid | Powerball USA tulemuste ja v\u00f5itude kontrollimine<\/title>\n<meta name=\"description\" content=\"Tahad n\u00e4ha, kas sinu Powerball pilet on v\u00f5itja? Kontrollige v\u00f5idu numbreid meie veebisaidil!\" \/>\n<meta name=\"robots\" content=\"index, follow, max-snippet:-1, max-image-preview:large, max-video-preview:-1\" \/>\n<link rel=\"canonical\" href=\"https:\/\/onlinelotto365.com\/et\/voitnud-loosinumbrid\/powerball\/\" \/>\n<meta property=\"og:locale\" content=\"et_EE\" \/>\n<meta property=\"og:type\" content=\"article\" \/>\n<meta property=\"og:title\" content=\"Powerball v\u00f5idunumbrid | Powerball USA tulemuste ja v\u00f5itude kontrollimine\" \/>\n<meta property=\"og:description\" content=\"Tahad n\u00e4ha, kas sinu Powerball pilet on v\u00f5itja? Kontrollige v\u00f5idu numbreid meie veebisaidil!\" \/>\n<meta property=\"og:url\" content=\"https:\/\/onlinelotto365.com\/et\/voitnud-loosinumbrid\/powerball\/\" \/>\n<meta property=\"og:site_name\" content=\"OnlineLotto365\" \/>\n<meta property=\"og:image\" content=\"https:\/\/redfoxlotto.com\/image?size=8&amp;lottery=powerball\" \/>\n<meta name=\"twitter:card\" content=\"summary_large_image\" \/>\n<meta name=\"twitter:label1\" content=\"Est. reading time\" \/>\n\t<meta name=\"twitter:data1\" content=\"2 minutit\" \/>\n<script type=\"application\/ld+json\" class=\"yoast-schema-graph\">{\"@context\":\"https:\/\/schema.org\",\"@graph\":[{\"@type\":\"WebPage\",\"@id\":\"https:\/\/onlinelotto365.com\/et\/voitnud-loosinumbrid\/powerball\/\",\"url\":\"https:\/\/onlinelotto365.com\/et\/voitnud-loosinumbrid\/powerball\/\",\"name\":\"Powerball v\u00f5idunumbrid | Powerball USA tulemuste ja v\u00f5itude kontrollimine\",\"isPartOf\":{\"@id\":\"https:\/\/onlinelotto365.com\/et\/#website\"},\"primaryImageOfPage\":{\"@id\":\"https:\/\/onlinelotto365.com\/et\/voitnud-loosinumbrid\/powerball\/#primaryimage\"},\"image\":{\"@id\":\"https:\/\/onlinelotto365.com\/et\/voitnud-loosinumbrid\/powerball\/#primaryimage\"},\"thumbnailUrl\":\"https:\/\/redfoxlotto.com\/image?size=8&amp;lottery=powerball\",\"datePublished\":\"2022-11-15T07:15:58+00:00\",\"dateModified\":\"2022-11-15T07:15:58+00:00\",\"description\":\"Tahad n\u00e4ha, kas sinu Powerball pilet on v\u00f5itja? Kontrollige v\u00f5idu numbreid meie veebisaidil!\",\"breadcrumb\":{\"@id\":\"https:\/\/onlinelotto365.com\/et\/voitnud-loosinumbrid\/powerball\/#breadcrumb\"},\"inLanguage\":\"et\",\"potentialAction\":[{\"@type\":\"ReadAction\",\"target\":[\"https:\/\/onlinelotto365.com\/et\/voitnud-loosinumbrid\/powerball\/\"]}]},{\"@type\":\"ImageObject\",\"inLanguage\":\"et\",\"@id\":\"https:\/\/onlinelotto365.com\/et\/voitnud-loosinumbrid\/powerball\/#primaryimage\",\"url\":\"https:\/\/redfoxlotto.com\/image?size=8&amp;lottery=powerball\",\"contentUrl\":\"https:\/\/redfoxlotto.com\/image?size=8&amp;lottery=powerball\"},{\"@type\":\"BreadcrumbList\",\"@id\":\"https:\/\/onlinelotto365.com\/et\/voitnud-loosinumbrid\/powerball\/#breadcrumb\",\"itemListElement\":[{\"@type\":\"ListItem\",\"position\":1,\"name\":\"Home\",\"item\":\"https:\/\/onlinelotto365.com\/et\/\"},{\"@type\":\"ListItem\",\"position\":2,\"name\":\"Tulemused ja v\u00f5idunumbrid\",\"item\":\"https:\/\/onlinelotto365.com\/et\/voitnud-loosinumbrid\/\"},{\"@type\":\"ListItem\",\"position\":3,\"name\":\"Power loterii tulemused\"}]},{\"@type\":\"WebSite\",\"@id\":\"https:\/\/onlinelotto365.com\/et\/#website\",\"url\":\"https:\/\/onlinelotto365.com\/et\/\",\"name\":\"OnlineLotto365\",\"description\":\"\",\"potentialAction\":[{\"@type\":\"SearchAction\",\"target\":{\"@type\":\"EntryPoint\",\"urlTemplate\":\"https:\/\/onlinelotto365.com\/et\/?s={search_term_string}\"},\"query-input\":{\"@type\":\"PropertyValueSpecification\",\"valueRequired\":true,\"valueName\":\"search_term_string\"}}],\"inLanguage\":\"et\"}]}<\/script>\n<!-- \/ Yoast SEO plugin. -->","yoast_head_json":{"title":"Powerball v\u00f5idunumbrid | Powerball USA tulemuste ja v\u00f5itude kontrollimine","description":"Tahad n\u00e4ha, kas sinu Powerball pilet on v\u00f5itja? Kontrollige v\u00f5idu numbreid meie veebisaidil!","robots":{"index":"index","follow":"follow","max-snippet":"max-snippet:-1","max-image-preview":"max-image-preview:large","max-video-preview":"max-video-preview:-1"},"canonical":"https:\/\/onlinelotto365.com\/et\/voitnud-loosinumbrid\/powerball\/","og_locale":"et_EE","og_type":"article","og_title":"Powerball v\u00f5idunumbrid | Powerball USA tulemuste ja v\u00f5itude kontrollimine","og_description":"Tahad n\u00e4ha, kas sinu Powerball pilet on v\u00f5itja? Kontrollige v\u00f5idu numbreid meie veebisaidil!","og_url":"https:\/\/onlinelotto365.com\/et\/voitnud-loosinumbrid\/powerball\/","og_site_name":"OnlineLotto365","og_image":[{"url":"https:\/\/redfoxlotto.com\/image?size=8&amp;lottery=powerball"}],"twitter_card":"summary_large_image","twitter_misc":{"Est. reading time":"2 minutit"},"schema":{"@context":"https:\/\/schema.org","@graph":[{"@type":"WebPage","@id":"https:\/\/onlinelotto365.com\/et\/voitnud-loosinumbrid\/powerball\/","url":"https:\/\/onlinelotto365.com\/et\/voitnud-loosinumbrid\/powerball\/","name":"Powerball v\u00f5idunumbrid | Powerball USA tulemuste ja v\u00f5itude kontrollimine","isPartOf":{"@id":"https:\/\/onlinelotto365.com\/et\/#website"},"primaryImageOfPage":{"@id":"https:\/\/onlinelotto365.com\/et\/voitnud-loosinumbrid\/powerball\/#primaryimage"},"image":{"@id":"https:\/\/onlinelotto365.com\/et\/voitnud-loosinumbrid\/powerball\/#primaryimage"},"thumbnailUrl":"https:\/\/redfoxlotto.com\/image?size=8&amp;lottery=powerball","datePublished":"2022-11-15T07:15:58+00:00","dateModified":"2022-11-15T07:15:58+00:00","description":"Tahad n\u00e4ha, kas sinu Powerball pilet on v\u00f5itja? Kontrollige v\u00f5idu numbreid meie veebisaidil!","breadcrumb":{"@id":"https:\/\/onlinelotto365.com\/et\/voitnud-loosinumbrid\/powerball\/#breadcrumb"},"inLanguage":"et","potentialAction":[{"@type":"ReadAction","target":["https:\/\/onlinelotto365.com\/et\/voitnud-loosinumbrid\/powerball\/"]}]},{"@type":"ImageObject","inLanguage":"et","@id":"https:\/\/onlinelotto365.com\/et\/voitnud-loosinumbrid\/powerball\/#primaryimage","url":"https:\/\/redfoxlotto.com\/image?size=8&amp;lottery=powerball","contentUrl":"https:\/\/redfoxlotto.com\/image?size=8&amp;lottery=powerball"},{"@type":"BreadcrumbList","@id":"https:\/\/onlinelotto365.com\/et\/voitnud-loosinumbrid\/powerball\/#breadcrumb","itemListElement":[{"@type":"ListItem","position":1,"name":"Home","item":"https:\/\/onlinelotto365.com\/et\/"},{"@type":"ListItem","position":2,"name":"Tulemused ja v\u00f5idunumbrid","item":"https:\/\/onlinelotto365.com\/et\/voitnud-loosinumbrid\/"},{"@type":"ListItem","position":3,"name":"Power loterii tulemused"}]},{"@type":"WebSite","@id":"https:\/\/onlinelotto365.com\/et\/#website","url":"https:\/\/onlinelotto365.com\/et\/","name":"OnlineLotto365","description":"","potentialAction":[{"@type":"SearchAction","target":{"@type":"EntryPoint","urlTemplate":"https:\/\/onlinelotto365.com\/et\/?s={search_term_string}"},"query-input":{"@type":"PropertyValueSpecification","valueRequired":true,"valueName":"search_term_string"}}],"inLanguage":"et"}]}},"_links":{"self":[{"href":"https:\/\/onlinelotto365.com\/et\/wp-json\/wp\/v2\/pages\/80161","targetHints":{"allow":["GET"]}}],"collection":[{"href":"https:\/\/onlinelotto365.com\/et\/wp-json\/wp\/v2\/pages"}],"about":[{"href":"https:\/\/onlinelotto365.com\/et\/wp-json\/wp\/v2\/types\/page"}],"author":[{"embeddable":true,"href":"https:\/\/onlinelotto365.com\/et\/wp-json\/wp\/v2\/users\/1"}],"replies":[{"embeddable":true,"href":"https:\/\/onlinelotto365.com\/et\/wp-json\/wp\/v2\/comments?post=80161"}],"version-history":[{"count":0,"href":"https:\/\/onlinelotto365.com\/et\/wp-json\/wp\/v2\/pages\/80161\/revisions"}],"up":[{"embeddable":true,"href":"https:\/\/onlinelotto365.com\/et\/wp-json\/wp\/v2\/pages\/5828"}],"wp:attachment":[{"href":"https:\/\/onlinelotto365.com\/et\/wp-json\/wp\/v2\/media?parent=80161"}],"curies":[{"name":"wp","href":"https:\/\/api.w.org\/{rel}","templated":true}]}}