{"id":80190,"date":"2022-11-15T09:33:01","date_gmt":"2022-11-15T08:33:01","guid":{"rendered":"https:\/\/onlinelotto365.com\/?page_id=80190"},"modified":"2022-11-15T09:33:01","modified_gmt":"2022-11-15T08:33:01","slug":"eurojackpot","status":"publish","type":"page","link":"https:\/\/onlinelotto365.com\/et\/pileteid-ostma\/eurojackpot\/","title":{"rendered":"Kuidas osta Eurojackpoti pileteid internetis"},"content":{"rendered":"<p>Kui te ei tea, kuidas osta Eurojackpoti pileteid internetis, oleme kirjeldanud protsessi lihtsate sammudega. Kuid tegelikult juhendab meie veebisait teid kogu protsessi jooksul. Oleme p\u00fc\u00fcdnud hoida seda nii lihtsana kui v\u00f5imalik.<br \/>\n<a href=\"https:\/\/redfoxlotto.com\/play\/eurojackpot\/?ref=a8564250a2&amp;medium=ol365\" target=\"_blank\" rel=\"noopener noreferrer\"><img decoding=\"async\" class=\"aligncenter\" src=\"https:\/\/redfoxlotto.com\/image?size=8&amp;lottery=eurojackpot\" alt=\"eurojackpot\" \/><\/a><\/p>\n<ul>\n<li>Kui olete Eurojackpot&#8217;i lehel, valige oma numbrid v\u00f5i laske arvutil valida numbrid teie eest.<\/li>\n<li>Soovi korral saate oma tellimusele lisada rohkem loteriid ja rohkem pileteid<\/li>\n<li>Kl\u00f5psake nupule &#8220;maksa n\u00fc\u00fcd&#8221;.<\/li>\n<li>Registreerige oma konto meie veebilehel (kui olete seda juba teinud, v\u00f5ite selle sammu vahele j\u00e4tta ja lihtsalt oma olemasolevasse kontosse sisse logida).<\/li>\n<li>Kui registreerite uue konto, kontrollige palun oma e-postkasti, et saada kinnituslinki sisaldav s\u00f5num.<\/li>\n<li>Kui te ei leia seda e-kirja, vaadake palun oma r\u00e4mpsposti kasti, see v\u00f5ib olla sinna sattunud.<\/li>\n<li>Kl\u00f5psake ostukorvi s\u00fcmbolile<\/li>\n<li>Valige makseviis, kl\u00f5psake maksmiseks ja j\u00e4rgige maksejuhiseid.<\/li>\n<\/ul>\n<h2>Kuidas maksta Eurojackpoti pileti eest internetis<\/h2>\n<p>Meie klientidele on saadaval mitmeid turvalisi makseviise. Valige teile sobiv meetod.<\/p>\n<p>Saate pileteid osta internetis ja nende eest tasuda kahel viisil:<\/p>\n<ul>\n<li>Makske oma tellimuse eest otse<\/li>\n<li>Hoiustage raha oma m\u00e4ngijakontole, seej\u00e4rel kasutage oma saldot loteriipiletite ostmiseks<\/li>\n<\/ul>\n<p>Kui kasutate teist meetodit, veenduge, et teie saldo on suurem kui piletitellimuse summa.<\/p>\n<h2>Rohkem infot Eurojackpot&#8217;i kohta<\/h2>\n<ul>\n<li>Riik: mitmesugused Euroopa riigid<\/li>\n<li>Peamine numbrite valik: 50<\/li>\n<li>Teie valik: 5<\/li>\n<li>Lisanumbrite vahemik: 10<\/li>\n<li>Teie valite: 2<\/li>\n<li>Loosimise p\u00e4evad, tunnid: Kesk-Euroopa aja j\u00e4rgi, 21:00 Kesk-Euroopa aja j\u00e4rgi, 21:00 Kesk-Euroopa aja j\u00e4rgi.<\/li>\n<li>Minimaalne jackpot: 10 miljonit eurot<\/li>\n<li>Maksimaalne jackpot: 90 miljonit eurot<\/li>\n<li>T\u00f5en\u00e4osus v\u00f5ita jackpot: 1:135.600.640<\/li>\n<li>T\u00f5en\u00e4osus 2: 1:2.118.760<\/li>\n<li>T\u00f5en\u00e4osus v\u00f5ita \u00fcksk\u00f5ik millisel tasemel: 1:26,39<\/li>\n<li>Auhinnaklasside arv: 12<\/li>\n<\/ul>\n<h2>Eurojackpoti piletite ostmise eelised internetis<\/h2>\n<ul>\n<li>osta piletid mugavalt oma kodust<\/li>\n<li>suurem valik loteriid<\/li>\n<li>parandate oma v\u00f5iduv\u00f5imalusi, valides suurima jackpotiga loteriid<\/li>\n<li>v\u00f5imalus k\u00f5igepealt raha hoiustada ja seej\u00e4rel maksta oma saldoga<\/li>\n<li>ei kaota enam kunagi piletit<\/li>\n<li>saate teateid, kui v\u00f5idate<\/li>\n<li>kiire valiku v\u00f5imalus koos juhuslike numbrite generaatoriga<\/li>\n<\/ul>\n<h2>Kas Eurojackpoti piletite ostmine internetis on seaduslik?<\/h2>\n<p>Te ei pea muretsema selle p\u00e4rast, kas lotopiletite ostmine internetis v\u00f5i traditsioonilisel viisil on teie elukohariigis seaduslik. Samal ajal ei pea te muretsema selle p\u00e4rast, kas meie teenuse kasutamine on seaduslik, kui tegemist on selle riigi eeskirjadega, kus loteriid korraldatakse. Meie teenus on loodud nii, et teile makstakse garanteeritult raha, isegi kui te v\u00f5idate jackpot&#8217;i.<\/p>\n<p>Meie teenuse kasutamiseks peate olema v\u00e4hemalt 18-aastane.<\/p>\n<h2>Kuidas mulle makstakse, kui ma v\u00f5in Eurojackpot&#8217;i internetis v\u00f5ita?<\/h2>\n<p><img loading=\"lazy\" decoding=\"async\" class=\"alignright wp-image-1246\" src=\"https:\/\/onlinelotto365.com\/wp-content\/uploads\/2020\/11\/online_lottery-106.jpg\" alt=\"osta eurojackpot online\" width=\"302\" height=\"181\" \/><br \/>\nV\u00f5itude v\u00e4ljamaksmine on meie klientidele pakutava teenuse oluline osa. Teile on oluline teada, et me ei arvesta teie loteriiv\u00f5itudest mingit komisjonitasu. Ainult \u00fches olukorras v\u00f5ib olla v\u00e4ga v\u00e4ike tasu, ja see on siis, kui otsustate saada raha panga\u00fclekandega. See on umbes see, mida pank meilt n\u00f5uab, ja me r\u00e4\u00e4gime siinkohal umbes 5 dollarist \u00fclekande kohta, kui tegemist on rahvusvahelise \u00fclekandega.<\/p>\n<p>V\u00e4ljamakse puhul on kaks erinevat olukorda:<\/p>\n<ul>\n<li>Sa v\u00f5idad kuni 2500 euro suuruse summa. Sellisel juhul kantakse v\u00f5idetud summa teie m\u00e4ngukontole meil.<\/li>\n<li>Sa v\u00f5idad summa, mis on suurem kui 2500 eurot. Sellisel juhul saadame teile e-kirja, mille peate t\u00e4itma. Teie otsustate, kuidas soovite raha v\u00e4lja maksta. Sellisel juhul on ainsad v\u00f5imalused panga\u00fclekanne ja t\u0161ekk. Me t\u00f6\u00f6tleme taotluse sinu eest ja m\u00f5ne p\u00e4eva p\u00e4rast on raha sinu pangakontol v\u00f5i saadetakse sulle t\u0161ekk.<\/li>\n<\/ul>\n","protected":false},"excerpt":{"rendered":"<p>Kui te ei tea, kuidas osta Eurojackpoti pileteid internetis, oleme kirjeldanud protsessi lihtsate sammudega. Kuid tegelikult juhendab meie veebisait teid kogu protsessi jooksul. Oleme p\u00fc\u00fcdnud hoida seda nii lihtsana kui v\u00f5imalik. Kui olete Eurojackpot&#8217;i lehel, valige oma numbrid v\u00f5i laske arvutil valida numbrid teie eest. Soovi korral saate oma tellimusele lisada rohkem loteriid ja rohkem [&hellip;]<\/p>\n","protected":false},"author":1,"featured_media":0,"parent":5573,"menu_order":4,"comment_status":"closed","ping_status":"closed","template":"eurojackpot-info.php","meta":{"_et_pb_use_builder":"","_et_pb_old_content":"","_et_gb_content_width":"","exclude_from_search":false,"footnotes":""},"class_list":["post-80190","page","type-page","status-publish","hentry"],"yoast_head":"<!-- This site is optimized with the Yoast SEO plugin v23.4 - https:\/\/yoast.com\/wordpress\/plugins\/seo\/ -->\n<title>Osta pileteid Eurojackpotile online Eestist| Eurojackpot info, kuidas osta pileteid | Eurojackpot info, kuidas osta pileteid<\/title>\n<meta name=\"description\" content=\"Elad Eestis, aga tahad osta pileteid Eurojackpotile? Osta neid online siit!\" \/>\n<meta name=\"robots\" content=\"index, follow, max-snippet:-1, max-image-preview:large, max-video-preview:-1\" \/>\n<link rel=\"canonical\" href=\"https:\/\/onlinelotto365.com\/et\/pileteid-ostma\/eurojackpot\/\" \/>\n<meta property=\"og:locale\" content=\"et_EE\" \/>\n<meta property=\"og:type\" content=\"article\" \/>\n<meta property=\"og:title\" content=\"Osta pileteid Eurojackpotile online Eestist| Eurojackpot info, kuidas osta pileteid | Eurojackpot info, kuidas osta pileteid\" \/>\n<meta property=\"og:description\" content=\"Elad Eestis, aga tahad osta pileteid Eurojackpotile? Osta neid online siit!\" \/>\n<meta property=\"og:url\" content=\"https:\/\/onlinelotto365.com\/et\/pileteid-ostma\/eurojackpot\/\" \/>\n<meta property=\"og:site_name\" content=\"OnlineLotto365\" \/>\n<meta property=\"og:image\" content=\"https:\/\/redfoxlotto.com\/image?size=8&amp;lottery=eurojackpot\" \/>\n<meta name=\"twitter:card\" content=\"summary_large_image\" \/>\n<meta name=\"twitter:label1\" content=\"Est. reading time\" \/>\n\t<meta name=\"twitter:data1\" content=\"3 minutit\" \/>\n<script type=\"application\/ld+json\" class=\"yoast-schema-graph\">{\"@context\":\"https:\/\/schema.org\",\"@graph\":[{\"@type\":\"WebPage\",\"@id\":\"https:\/\/onlinelotto365.com\/et\/pileteid-ostma\/eurojackpot\/\",\"url\":\"https:\/\/onlinelotto365.com\/et\/pileteid-ostma\/eurojackpot\/\",\"name\":\"Osta pileteid Eurojackpotile online Eestist| Eurojackpot info, kuidas osta pileteid | Eurojackpot info, kuidas osta pileteid\",\"isPartOf\":{\"@id\":\"https:\/\/onlinelotto365.com\/et\/#website\"},\"primaryImageOfPage\":{\"@id\":\"https:\/\/onlinelotto365.com\/et\/pileteid-ostma\/eurojackpot\/#primaryimage\"},\"image\":{\"@id\":\"https:\/\/onlinelotto365.com\/et\/pileteid-ostma\/eurojackpot\/#primaryimage\"},\"thumbnailUrl\":\"https:\/\/redfoxlotto.com\/image?size=8&amp;lottery=eurojackpot\",\"datePublished\":\"2022-11-15T08:33:01+00:00\",\"dateModified\":\"2022-11-15T08:33:01+00:00\",\"description\":\"Elad Eestis, aga tahad osta pileteid Eurojackpotile? Osta neid online siit!\",\"breadcrumb\":{\"@id\":\"https:\/\/onlinelotto365.com\/et\/pileteid-ostma\/eurojackpot\/#breadcrumb\"},\"inLanguage\":\"et\",\"potentialAction\":[{\"@type\":\"ReadAction\",\"target\":[\"https:\/\/onlinelotto365.com\/et\/pileteid-ostma\/eurojackpot\/\"]}]},{\"@type\":\"ImageObject\",\"inLanguage\":\"et\",\"@id\":\"https:\/\/onlinelotto365.com\/et\/pileteid-ostma\/eurojackpot\/#primaryimage\",\"url\":\"https:\/\/redfoxlotto.com\/image?size=8&amp;lottery=eurojackpot\",\"contentUrl\":\"https:\/\/redfoxlotto.com\/image?size=8&amp;lottery=eurojackpot\"},{\"@type\":\"BreadcrumbList\",\"@id\":\"https:\/\/onlinelotto365.com\/et\/pileteid-ostma\/eurojackpot\/#breadcrumb\",\"itemListElement\":[{\"@type\":\"ListItem\",\"position\":1,\"name\":\"Home\",\"item\":\"https:\/\/onlinelotto365.com\/et\/\"},{\"@type\":\"ListItem\",\"position\":2,\"name\":\"Osta Loto Pileteid Internetis\",\"item\":\"https:\/\/onlinelotto365.com\/et\/pileteid-ostma\/\"},{\"@type\":\"ListItem\",\"position\":3,\"name\":\"Kuidas osta Eurojackpoti pileteid internetis\"}]},{\"@type\":\"WebSite\",\"@id\":\"https:\/\/onlinelotto365.com\/et\/#website\",\"url\":\"https:\/\/onlinelotto365.com\/et\/\",\"name\":\"OnlineLotto365\",\"description\":\"\",\"potentialAction\":[{\"@type\":\"SearchAction\",\"target\":{\"@type\":\"EntryPoint\",\"urlTemplate\":\"https:\/\/onlinelotto365.com\/et\/?s={search_term_string}\"},\"query-input\":{\"@type\":\"PropertyValueSpecification\",\"valueRequired\":true,\"valueName\":\"search_term_string\"}}],\"inLanguage\":\"et\"}]}<\/script>\n<!-- \/ Yoast SEO plugin. -->","yoast_head_json":{"title":"Osta pileteid Eurojackpotile online Eestist| Eurojackpot info, kuidas osta pileteid | Eurojackpot info, kuidas osta pileteid","description":"Elad Eestis, aga tahad osta pileteid Eurojackpotile? Osta neid online siit!","robots":{"index":"index","follow":"follow","max-snippet":"max-snippet:-1","max-image-preview":"max-image-preview:large","max-video-preview":"max-video-preview:-1"},"canonical":"https:\/\/onlinelotto365.com\/et\/pileteid-ostma\/eurojackpot\/","og_locale":"et_EE","og_type":"article","og_title":"Osta pileteid Eurojackpotile online Eestist| Eurojackpot info, kuidas osta pileteid | Eurojackpot info, kuidas osta pileteid","og_description":"Elad Eestis, aga tahad osta pileteid Eurojackpotile? Osta neid online siit!","og_url":"https:\/\/onlinelotto365.com\/et\/pileteid-ostma\/eurojackpot\/","og_site_name":"OnlineLotto365","og_image":[{"url":"https:\/\/redfoxlotto.com\/image?size=8&amp;lottery=eurojackpot"}],"twitter_card":"summary_large_image","twitter_misc":{"Est. reading time":"3 minutit"},"schema":{"@context":"https:\/\/schema.org","@graph":[{"@type":"WebPage","@id":"https:\/\/onlinelotto365.com\/et\/pileteid-ostma\/eurojackpot\/","url":"https:\/\/onlinelotto365.com\/et\/pileteid-ostma\/eurojackpot\/","name":"Osta pileteid Eurojackpotile online Eestist| Eurojackpot info, kuidas osta pileteid | Eurojackpot info, kuidas osta pileteid","isPartOf":{"@id":"https:\/\/onlinelotto365.com\/et\/#website"},"primaryImageOfPage":{"@id":"https:\/\/onlinelotto365.com\/et\/pileteid-ostma\/eurojackpot\/#primaryimage"},"image":{"@id":"https:\/\/onlinelotto365.com\/et\/pileteid-ostma\/eurojackpot\/#primaryimage"},"thumbnailUrl":"https:\/\/redfoxlotto.com\/image?size=8&amp;lottery=eurojackpot","datePublished":"2022-11-15T08:33:01+00:00","dateModified":"2022-11-15T08:33:01+00:00","description":"Elad Eestis, aga tahad osta pileteid Eurojackpotile? Osta neid online siit!","breadcrumb":{"@id":"https:\/\/onlinelotto365.com\/et\/pileteid-ostma\/eurojackpot\/#breadcrumb"},"inLanguage":"et","potentialAction":[{"@type":"ReadAction","target":["https:\/\/onlinelotto365.com\/et\/pileteid-ostma\/eurojackpot\/"]}]},{"@type":"ImageObject","inLanguage":"et","@id":"https:\/\/onlinelotto365.com\/et\/pileteid-ostma\/eurojackpot\/#primaryimage","url":"https:\/\/redfoxlotto.com\/image?size=8&amp;lottery=eurojackpot","contentUrl":"https:\/\/redfoxlotto.com\/image?size=8&amp;lottery=eurojackpot"},{"@type":"BreadcrumbList","@id":"https:\/\/onlinelotto365.com\/et\/pileteid-ostma\/eurojackpot\/#breadcrumb","itemListElement":[{"@type":"ListItem","position":1,"name":"Home","item":"https:\/\/onlinelotto365.com\/et\/"},{"@type":"ListItem","position":2,"name":"Osta Loto Pileteid Internetis","item":"https:\/\/onlinelotto365.com\/et\/pileteid-ostma\/"},{"@type":"ListItem","position":3,"name":"Kuidas osta Eurojackpoti pileteid internetis"}]},{"@type":"WebSite","@id":"https:\/\/onlinelotto365.com\/et\/#website","url":"https:\/\/onlinelotto365.com\/et\/","name":"OnlineLotto365","description":"","potentialAction":[{"@type":"SearchAction","target":{"@type":"EntryPoint","urlTemplate":"https:\/\/onlinelotto365.com\/et\/?s={search_term_string}"},"query-input":{"@type":"PropertyValueSpecification","valueRequired":true,"valueName":"search_term_string"}}],"inLanguage":"et"}]}},"_links":{"self":[{"href":"https:\/\/onlinelotto365.com\/et\/wp-json\/wp\/v2\/pages\/80190","targetHints":{"allow":["GET"]}}],"collection":[{"href":"https:\/\/onlinelotto365.com\/et\/wp-json\/wp\/v2\/pages"}],"about":[{"href":"https:\/\/onlinelotto365.com\/et\/wp-json\/wp\/v2\/types\/page"}],"author":[{"embeddable":true,"href":"https:\/\/onlinelotto365.com\/et\/wp-json\/wp\/v2\/users\/1"}],"replies":[{"embeddable":true,"href":"https:\/\/onlinelotto365.com\/et\/wp-json\/wp\/v2\/comments?post=80190"}],"version-history":[{"count":0,"href":"https:\/\/onlinelotto365.com\/et\/wp-json\/wp\/v2\/pages\/80190\/revisions"}],"up":[{"embeddable":true,"href":"https:\/\/onlinelotto365.com\/et\/wp-json\/wp\/v2\/pages\/5573"}],"wp:attachment":[{"href":"https:\/\/onlinelotto365.com\/et\/wp-json\/wp\/v2\/media?parent=80190"}],"curies":[{"name":"wp","href":"https:\/\/api.w.org\/{rel}","templated":true}]}}