{"id":80210,"date":"2022-11-15T11:07:42","date_gmt":"2022-11-15T10:07:42","guid":{"rendered":"https:\/\/onlinelotto365.com\/?page_id=80210"},"modified":"2022-11-15T11:07:42","modified_gmt":"2022-11-15T10:07:42","slug":"superenalotto","status":"publish","type":"page","link":"https:\/\/onlinelotto365.com\/et\/pileteid-ostma\/superenalotto\/","title":{"rendered":"Kuidas osta Superenalotto pileteid internetis"},"content":{"rendered":"<p>Oled huvitatud Superenalotto piletite ostmisest Eestist, kuid ei tea, kuidas seda teha? Noh, siis oled \u00f5iges kohas, sest meie hoolitseme selle eest. K\u00f5ik, mida sa pead tegema, on j\u00e4rgida lihtsaid samme, mida me allpool arutame, ja sa saad oma piletid kiiresti k\u00e4tte.<br \/>\n<a href=\"https:\/\/redfoxlotto.com\/play\/superenalotto\/?ref=a8564250a2&amp;medium=ol365\" target=\"_blank\" rel=\"noopener noreferrer\"><img decoding=\"async\" class=\"aligncenter\" src=\"https:\/\/redfoxlotto.com\/image?size=8&amp;lottery=superenalotto\" alt=\"superenalotto\" \/><\/a><\/p>\n<ul>\n<li>Valige loterii m\u00e4ng, mille jaoks soovite pileteid osta, ja valige numbrid, mida soovite m\u00e4ngida, v\u00f5i valige kiirvaliku v\u00f5imalus, et lasta arvutil teie eest valida.<\/li>\n<li>Lisage lisapileteid v\u00f5i t\u00e4iendavaid loteriisid, et luua oma tellimus<\/li>\n<li>Valige v\u00f5imalus maksta kohe<\/li>\n<li>Looge meil konto v\u00f5i logige oma kontole sisse, et osta pileteid<\/li>\n<li>Need, kes peavad konto registreerima, peavad otsima oma e-kirjast kinnituslinki, et veenduda, et nende konto on t\u00e4ielikult loodud<\/li>\n<li>Pidage meeles, et link v\u00f5ib sattuda teie r\u00e4mpsposti kausta, kui meie e-posti aadress ei ole lisatud teie aadressiraamatusse, seega kontrollige seda kindlasti kaks korda.<\/li>\n<li>Valige ekraani \u00fclaosas olev makse ikoon<\/li>\n<li>Valige oma makseviis ja j\u00e4rgige juhiseid, et makseprotsess l\u00f5pule viia.<\/li>\n<\/ul>\n<h2>Kuidas maksta oma Superenalotto pileti eest internetis<\/h2>\n<p>Me teeme oma Superenalotto pileti eest tasumise Eestist v\u00e4lja<br \/>\nv\u00f5imalikult lihtsaks, pakkudes laias valikus erinevaid makseviise. Sa lihtsalt valid selle, mida sa eelistad, ja oled hetkega teel.<\/p>\n<p>Kui oled valmis oma pileteid veebist ostma, pead lihtsalt valima j\u00e4rgmiste v\u00f5imaluste vahel:<\/p>\n<ul>\n<li>Kasuta eelistatud makseviisi, et maksta piletite eest otse<\/li>\n<li>Pange raha oma kontole ja kasutage seda raha piletite ostmiseks<\/li>\n<\/ul>\n<p>Veendu vaid, et kui valid sellise makseviisi, siis kannad oma kontole rohkem raha kui piletite ostmiseks vajalik summa.<\/p>\n<h2>Rohkem infot Superenalotto kohta<\/h2>\n<ul>\n<li>Riik: Itaalia<\/li>\n<li>Peamised numbrid: 90<\/li>\n<li>Teie valite: 6<\/li>\n<li>Loosimise p\u00e4evad, tunnid: Teisip\u00e4ev, neljap\u00e4ev, laup\u00e4ev, 19:00 GMT, 21:00 CET<\/li>\n<li>Minimaalne jackpot: 2 miljonit eurot<\/li>\n<li>Maksimaalne jackpot: ei ole<\/li>\n<li>T\u00f5en\u00e4osus v\u00f5ita jackpot: 1:622614630<\/li>\n<li>T\u00f5en\u00e4osus 2: 1:103769105<\/li>\n<li>T\u00f5en\u00e4osus v\u00f5ita \u00fcksk\u00f5ik millisel tasemel: 1:20,58<\/li>\n<li>Auhinnaklasside arv: 6<\/li>\n<\/ul>\n<h2>Superenalotto piletite ostmise eelised internetis<\/h2>\n<ul>\n<li>Piletite ostmine toimub sealt, kus teil on k\u00f5ige mugavam, sealhulgas Eestist<\/li>\n<li>Valida mitme erineva loterii vahel<\/li>\n<li>Saate parimad v\u00f5imalused v\u00f5ita loteriid, millel on parimad jackpotid<\/li>\n<li>Lisa raha oma kontole, et maksta otse piletite eest<\/li>\n<li>Ei muretse pileti kaotamise p\u00e4rast<\/li>\n<li>Kohene teade, kui v\u00f5idad<\/li>\n<li>Juhuslik numbrigeneraator kiireks piletivalikuks<\/li>\n<\/ul>\n<h2>Kas Superenalotto piletite ostmine internetis on seaduslik?<\/h2>\n<p>Mis siis, kui olete mures, kas loto piletite ostmine internetis on seaduslik? V\u00f5i isegi traditsioonilisel viisil? Kui teie elukohariigis kehtivad ranged seadused, v\u00f5ite olla mures, kuid te ei pea seda olema. Seda seet\u00f5ttu, et meie teenus j\u00e4rgib eeskirju ja tagab, et saate oma v\u00f5idud k\u00e4tte, olenemata sellest, kui palju te v\u00f5idate v\u00f5i kus te elate. Teenuse kasutamiseks peate olema lihtsalt 18-aastane.<\/p>\n<h2>Kuidas ma saan raha, kui ma v\u00f5in Superenalotto internetis v\u00f5ita?<\/h2>\n<p><img loading=\"lazy\" decoding=\"async\" class=\"alignright size-medium wp-image-3615\" src=\"https:\/\/onlinelotto365.com\/wp-content\/uploads\/2020\/11\/online_lottery-52-300x169.jpg\" alt=\"m\u00e4ngida superenalotto online UK\" width=\"300\" height=\"169\" srcset=\"https:\/\/onlinelotto365.com\/wp-content\/uploads\/2020\/11\/online_lottery-52-300x169.jpg 300w, https:\/\/onlinelotto365.com\/wp-content\/uploads\/2020\/11\/online_lottery-52.jpg 462w\" sizes=\"auto, (max-width: 300px) 100vw, 300px\" \/><br \/>\nKui sa v\u00f5idad, on maksmise protsess lihtne, sest sa pead tegema v\u00e4ga v\u00e4he. Ja sa ei pea muretsema ka selle p\u00e4rast, et sa v\u00f5idust midagi kaotad. Me ei v\u00f5ta v\u00f5idu korral komisjonitasu ja me ei v\u00f5ta teilt mingeid tasusid, kui te ei soovi pangalingi teostamist. Sellisel juhul, kui pank v\u00f5tab meilt \u00fclekande eest tasu, siis anname need tasud edasi ja sinu v\u00f5idust v\u00f5idakse maha v\u00f5tta v\u00e4ike summa.<\/p>\n<p><strong>Muul juhul peaksite teadma kahte asja:<\/strong><\/p>\n<ul>\n<li>Alla 2500 euro suurused v\u00f5idetud summad kantakse kohe otse sinu m\u00e4ngijakontole, nii et saad neid kasutada nii, nagu soovid.<\/li>\n<li>Summad, mis on \u00fcle 2500 euro, vajavad t\u00e4iendavat sammu. Meie klienditeenindus v\u00f5tab sinuga \u00fchendust ja esitab sulle vormi, mille pead t\u00e4itma loteriikomisjoni jaoks. Vormile m\u00e4rgitakse \u00fcksikasjalikult, kuidas soovite, et teie makseid tehtaks, ja teil on v\u00f5imalik saada panga\u00fclekanne v\u00f5i t\u0161ekk v\u00f5itnud summa kohta.<\/li>\n<\/ul>\n","protected":false},"excerpt":{"rendered":"<p>Oled huvitatud Superenalotto piletite ostmisest Eestist, kuid ei tea, kuidas seda teha? Noh, siis oled \u00f5iges kohas, sest meie hoolitseme selle eest. K\u00f5ik, mida sa pead tegema, on j\u00e4rgida lihtsaid samme, mida me allpool arutame, ja sa saad oma piletid kiiresti k\u00e4tte. Valige loterii m\u00e4ng, mille jaoks soovite pileteid osta, ja valige numbrid, mida soovite [&hellip;]<\/p>\n","protected":false},"author":1,"featured_media":0,"parent":5573,"menu_order":5,"comment_status":"closed","ping_status":"closed","template":"superenalotto-info.php","meta":{"_et_pb_use_builder":"","_et_pb_old_content":"","_et_gb_content_width":"","exclude_from_search":false,"footnotes":""},"class_list":["post-80210","page","type-page","status-publish","hentry"],"yoast_head":"<!-- This site is optimized with the Yoast SEO plugin v23.4 - https:\/\/yoast.com\/wordpress\/plugins\/seo\/ -->\n<title>Superenalotto piletite ostmisest internetis Eestist<\/title>\n<meta name=\"description\" content=\"Uuri, kuidas osta Superenalotto pileteid k\u00f5ikjalt, ka Eestist, osta.\" \/>\n<meta name=\"robots\" content=\"index, follow, max-snippet:-1, max-image-preview:large, max-video-preview:-1\" \/>\n<link rel=\"canonical\" href=\"https:\/\/onlinelotto365.com\/et\/pileteid-ostma\/superenalotto\/\" \/>\n<meta property=\"og:locale\" content=\"et_EE\" \/>\n<meta property=\"og:type\" content=\"article\" \/>\n<meta property=\"og:title\" content=\"Superenalotto piletite ostmisest internetis Eestist\" \/>\n<meta property=\"og:description\" content=\"Uuri, kuidas osta Superenalotto pileteid k\u00f5ikjalt, ka Eestist, osta.\" \/>\n<meta property=\"og:url\" content=\"https:\/\/onlinelotto365.com\/et\/pileteid-ostma\/superenalotto\/\" \/>\n<meta property=\"og:site_name\" content=\"OnlineLotto365\" \/>\n<meta property=\"og:image\" content=\"https:\/\/redfoxlotto.com\/image?size=8&amp;lottery=superenalotto\" \/>\n<meta name=\"twitter:card\" content=\"summary_large_image\" \/>\n<meta name=\"twitter:label1\" content=\"Est. reading time\" \/>\n\t<meta name=\"twitter:data1\" content=\"3 minutit\" \/>\n<script type=\"application\/ld+json\" class=\"yoast-schema-graph\">{\"@context\":\"https:\/\/schema.org\",\"@graph\":[{\"@type\":\"WebPage\",\"@id\":\"https:\/\/onlinelotto365.com\/et\/pileteid-ostma\/superenalotto\/\",\"url\":\"https:\/\/onlinelotto365.com\/et\/pileteid-ostma\/superenalotto\/\",\"name\":\"Superenalotto piletite ostmisest internetis Eestist\",\"isPartOf\":{\"@id\":\"https:\/\/onlinelotto365.com\/et\/#website\"},\"primaryImageOfPage\":{\"@id\":\"https:\/\/onlinelotto365.com\/et\/pileteid-ostma\/superenalotto\/#primaryimage\"},\"image\":{\"@id\":\"https:\/\/onlinelotto365.com\/et\/pileteid-ostma\/superenalotto\/#primaryimage\"},\"thumbnailUrl\":\"https:\/\/redfoxlotto.com\/image?size=8&amp;lottery=superenalotto\",\"datePublished\":\"2022-11-15T10:07:42+00:00\",\"dateModified\":\"2022-11-15T10:07:42+00:00\",\"description\":\"Uuri, kuidas osta Superenalotto pileteid k\u00f5ikjalt, ka Eestist, osta.\",\"breadcrumb\":{\"@id\":\"https:\/\/onlinelotto365.com\/et\/pileteid-ostma\/superenalotto\/#breadcrumb\"},\"inLanguage\":\"et\",\"potentialAction\":[{\"@type\":\"ReadAction\",\"target\":[\"https:\/\/onlinelotto365.com\/et\/pileteid-ostma\/superenalotto\/\"]}]},{\"@type\":\"ImageObject\",\"inLanguage\":\"et\",\"@id\":\"https:\/\/onlinelotto365.com\/et\/pileteid-ostma\/superenalotto\/#primaryimage\",\"url\":\"https:\/\/redfoxlotto.com\/image?size=8&amp;lottery=superenalotto\",\"contentUrl\":\"https:\/\/redfoxlotto.com\/image?size=8&amp;lottery=superenalotto\"},{\"@type\":\"BreadcrumbList\",\"@id\":\"https:\/\/onlinelotto365.com\/et\/pileteid-ostma\/superenalotto\/#breadcrumb\",\"itemListElement\":[{\"@type\":\"ListItem\",\"position\":1,\"name\":\"Home\",\"item\":\"https:\/\/onlinelotto365.com\/et\/\"},{\"@type\":\"ListItem\",\"position\":2,\"name\":\"Osta Loto Pileteid Internetis\",\"item\":\"https:\/\/onlinelotto365.com\/et\/pileteid-ostma\/\"},{\"@type\":\"ListItem\",\"position\":3,\"name\":\"Kuidas osta Superenalotto pileteid internetis\"}]},{\"@type\":\"WebSite\",\"@id\":\"https:\/\/onlinelotto365.com\/et\/#website\",\"url\":\"https:\/\/onlinelotto365.com\/et\/\",\"name\":\"OnlineLotto365\",\"description\":\"\",\"potentialAction\":[{\"@type\":\"SearchAction\",\"target\":{\"@type\":\"EntryPoint\",\"urlTemplate\":\"https:\/\/onlinelotto365.com\/et\/?s={search_term_string}\"},\"query-input\":{\"@type\":\"PropertyValueSpecification\",\"valueRequired\":true,\"valueName\":\"search_term_string\"}}],\"inLanguage\":\"et\"}]}<\/script>\n<!-- \/ Yoast SEO plugin. -->","yoast_head_json":{"title":"Superenalotto piletite ostmisest internetis Eestist","description":"Uuri, kuidas osta Superenalotto pileteid k\u00f5ikjalt, ka Eestist, osta.","robots":{"index":"index","follow":"follow","max-snippet":"max-snippet:-1","max-image-preview":"max-image-preview:large","max-video-preview":"max-video-preview:-1"},"canonical":"https:\/\/onlinelotto365.com\/et\/pileteid-ostma\/superenalotto\/","og_locale":"et_EE","og_type":"article","og_title":"Superenalotto piletite ostmisest internetis Eestist","og_description":"Uuri, kuidas osta Superenalotto pileteid k\u00f5ikjalt, ka Eestist, osta.","og_url":"https:\/\/onlinelotto365.com\/et\/pileteid-ostma\/superenalotto\/","og_site_name":"OnlineLotto365","og_image":[{"url":"https:\/\/redfoxlotto.com\/image?size=8&amp;lottery=superenalotto"}],"twitter_card":"summary_large_image","twitter_misc":{"Est. reading time":"3 minutit"},"schema":{"@context":"https:\/\/schema.org","@graph":[{"@type":"WebPage","@id":"https:\/\/onlinelotto365.com\/et\/pileteid-ostma\/superenalotto\/","url":"https:\/\/onlinelotto365.com\/et\/pileteid-ostma\/superenalotto\/","name":"Superenalotto piletite ostmisest internetis Eestist","isPartOf":{"@id":"https:\/\/onlinelotto365.com\/et\/#website"},"primaryImageOfPage":{"@id":"https:\/\/onlinelotto365.com\/et\/pileteid-ostma\/superenalotto\/#primaryimage"},"image":{"@id":"https:\/\/onlinelotto365.com\/et\/pileteid-ostma\/superenalotto\/#primaryimage"},"thumbnailUrl":"https:\/\/redfoxlotto.com\/image?size=8&amp;lottery=superenalotto","datePublished":"2022-11-15T10:07:42+00:00","dateModified":"2022-11-15T10:07:42+00:00","description":"Uuri, kuidas osta Superenalotto pileteid k\u00f5ikjalt, ka Eestist, osta.","breadcrumb":{"@id":"https:\/\/onlinelotto365.com\/et\/pileteid-ostma\/superenalotto\/#breadcrumb"},"inLanguage":"et","potentialAction":[{"@type":"ReadAction","target":["https:\/\/onlinelotto365.com\/et\/pileteid-ostma\/superenalotto\/"]}]},{"@type":"ImageObject","inLanguage":"et","@id":"https:\/\/onlinelotto365.com\/et\/pileteid-ostma\/superenalotto\/#primaryimage","url":"https:\/\/redfoxlotto.com\/image?size=8&amp;lottery=superenalotto","contentUrl":"https:\/\/redfoxlotto.com\/image?size=8&amp;lottery=superenalotto"},{"@type":"BreadcrumbList","@id":"https:\/\/onlinelotto365.com\/et\/pileteid-ostma\/superenalotto\/#breadcrumb","itemListElement":[{"@type":"ListItem","position":1,"name":"Home","item":"https:\/\/onlinelotto365.com\/et\/"},{"@type":"ListItem","position":2,"name":"Osta Loto Pileteid Internetis","item":"https:\/\/onlinelotto365.com\/et\/pileteid-ostma\/"},{"@type":"ListItem","position":3,"name":"Kuidas osta Superenalotto pileteid internetis"}]},{"@type":"WebSite","@id":"https:\/\/onlinelotto365.com\/et\/#website","url":"https:\/\/onlinelotto365.com\/et\/","name":"OnlineLotto365","description":"","potentialAction":[{"@type":"SearchAction","target":{"@type":"EntryPoint","urlTemplate":"https:\/\/onlinelotto365.com\/et\/?s={search_term_string}"},"query-input":{"@type":"PropertyValueSpecification","valueRequired":true,"valueName":"search_term_string"}}],"inLanguage":"et"}]}},"_links":{"self":[{"href":"https:\/\/onlinelotto365.com\/et\/wp-json\/wp\/v2\/pages\/80210","targetHints":{"allow":["GET"]}}],"collection":[{"href":"https:\/\/onlinelotto365.com\/et\/wp-json\/wp\/v2\/pages"}],"about":[{"href":"https:\/\/onlinelotto365.com\/et\/wp-json\/wp\/v2\/types\/page"}],"author":[{"embeddable":true,"href":"https:\/\/onlinelotto365.com\/et\/wp-json\/wp\/v2\/users\/1"}],"replies":[{"embeddable":true,"href":"https:\/\/onlinelotto365.com\/et\/wp-json\/wp\/v2\/comments?post=80210"}],"version-history":[{"count":0,"href":"https:\/\/onlinelotto365.com\/et\/wp-json\/wp\/v2\/pages\/80210\/revisions"}],"up":[{"embeddable":true,"href":"https:\/\/onlinelotto365.com\/et\/wp-json\/wp\/v2\/pages\/5573"}],"wp:attachment":[{"href":"https:\/\/onlinelotto365.com\/et\/wp-json\/wp\/v2\/media?parent=80210"}],"curies":[{"name":"wp","href":"https:\/\/api.w.org\/{rel}","templated":true}]}}