{"id":80243,"date":"2022-11-15T13:40:08","date_gmt":"2022-11-15T12:40:08","guid":{"rendered":"https:\/\/onlinelotto365.com\/?page_id=80243"},"modified":"2022-11-15T13:40:08","modified_gmt":"2022-11-15T12:40:08","slug":"el-gordo","status":"publish","type":"page","link":"https:\/\/onlinelotto365.com\/et\/pileteid-ostma\/el-gordo\/","title":{"rendered":"Kuidas osta El Gordo pileteid internetis"},"content":{"rendered":"<p>Oled huvitatud El Gordo piletite ostmisest internetist, kui elad Eestis? No siis ei taha sa seda artiklit vahele j\u00e4tta, sest me juhatame sind otse l\u00e4bi selle protsessi, et sa saaksid soovitud piletid k\u00e4tte ilma probleemideta ja ilma, et peaksid reisima ka riiki, kus seda m\u00e4ngu tavaliselt m\u00e4ngitakse.<br \/>\n<a href=\"https:\/\/redfoxlotto.com\/play\/el-gordo-primitiva\/?ref=a8564250a2&amp;medium=ol365\" target=\"_blank\" rel=\"noopener noreferrer\"><img decoding=\"async\" class=\"aligncenter\" src=\"https:\/\/redfoxlotto.com\/image?size=8&amp;lottery=el-gordo-primitiva\" alt=\"el gordo\" \/><\/a><\/p>\n<ul>\n<li>Vaadake selle loterii pealehte, mida soovite m\u00e4ngida, ja valige numbrid, mida soovite oma piletitel n\u00e4ha.<\/li>\n<li>Lisage veel rohkem pileteid samale m\u00e4ngule v\u00f5i teistele m\u00e4ngudele, mida soovite m\u00e4ngida, nii et teil oleks t\u00e4ielik tellimus.<\/li>\n<li>Valige v\u00f5imalus maksta kohe<\/li>\n<li>Mine l\u00e4bi oma konto registreerimisprotsessi, kui sa pole meilt kunagi varem ostnud, v\u00f5i logi sisse oma olemasolevasse kontosse, kui sul on juba konto olemas.<\/li>\n<li>Kontrollige oma e-kirja, et saada kinnituslink kontode jaoks, mis vajavad kinnitamist ja registreerimist<\/li>\n<li>Kui e-kiri ei ilmu teie postkasti, vaadake kindlasti oma r\u00e4mpsposti kausta, et veenduda, et see sinna ei sattunud.<\/li>\n<li>Kl\u00f5psake ostukorvi, et tellimuse eest tasuda<\/li>\n<li>Valige soovitud maksev\u00f5imalus ja j\u00e4rgige maksejuhiseid.<\/li>\n<\/ul>\n<h2>Kuidas maksta El Gordo pileti eest internetis<\/h2>\n<p>Piletite eest tasumine on lihtne ja kiire, sest me tahame, et meie kliendid Eestist saaksid valida endale soovitud piletid, kui nad neid soovivad.<br \/>\nSaate valida, kas soovite oma piletite eest tasuda, tehes \u00fchte j\u00e4rgmistest toimingutest:<\/p>\n<ul>\n<li>Sisestage makseviis, et sooritada ostu otse<\/li>\n<li>Lisage raha oma kontole, et teha makse otse sealt<\/li>\n<\/ul>\n<p>Veenduge, et lisate oma m\u00e4ngijakontole rohkem kui piisavalt raha, kui kavatsete ostu teha otse siit.<\/p>\n<h2>Rohkem infot El Gordo kohta<\/h2>\n<ul>\n<li>Riik: El Gordo, mis ei ole veel olemas: Hispaania<\/li>\n<li>Peamised numbrid vahemikus: 54<\/li>\n<li>Teie valite: 5<\/li>\n<li>Lisanumbrid: ei ole<\/li>\n<li>Teie valite: \u00fckski<\/li>\n<li>Loosimise p\u00e4evad, tunnid: Kesk-Euroopa aja j\u00e4rgi, 21:30 Kesk-Euroopa aja j\u00e4rgi, 21:30 Kesk-Euroopa aja j\u00e4rgi.<\/li>\n<li>Minimaalne jackpot: 4 miljonit eurot<\/li>\n<li>Maksimaalne jackpot: ei ole<\/li>\n<li>T\u00f5en\u00e4osus v\u00f5ita jackpot: 1:31625100<\/li>\n<li>T\u00f5en\u00e4osus 2: 1:3513900<\/li>\n<li>T\u00f5en\u00e4osus v\u00f5ita \u00fcksk\u00f5ik millisel tasemel: 1:6,16<\/li>\n<li>Auhinnaklasside arv: 9<\/li>\n<\/ul>\n<h2>El Gordo piletite ostmise eelised internetis<\/h2>\n<ul>\n<li>Saate soovitud piletid kodust lahkumata<\/li>\n<li>Valige veelgi rohkemate loteriim\u00e4ngude vahel<\/li>\n<li>Saate veelgi parema v\u00f5iduv\u00f5imaluse, valides parima jackpotiga loteriim\u00e4ngud<\/li>\n<li>Lisa raha oma kontole ja maksa piletite eest oma loteriisaldoga<\/li>\n<li>J\u00e4lgige oma pileteid h\u00f5lpsasti<\/li>\n<li>Saage kohene teade v\u00f5itnud piletite kohta<\/li>\n<li>Laske arvutil valida piletite numbrid, mida kasutate<\/li>\n<\/ul>\n<h2>Kas El Gordo piletite ostmine internetis on seaduslik?<\/h2>\n<p>Pole vaja muretseda, kas piletid ja nende ostmine internetis v\u00f5i traditsioonilisel viisil on Eestis seaduslik. Meie s\u00fcsteem teeb k\u00f5ike seaduslikult ja vastavalt eeskirjadele. R\u00e4\u00e4kimata sellest, et sa saad oma makse ja v\u00f5idud k\u00e4tte, \u00fcksk\u00f5ik mis ka ei juhtuks. Me hoolitseme selle eest, et see kantakse sinu kontole v\u00f5imalikult kiiresti.<br \/>\nK\u00f5ik, mida pead tegema, on 18-aastane, et kasutada meie veebisaiti.<\/p>\n<h2>Kuidas ma saan raha, kui ma v\u00f5in El Gordo internetis v\u00f5ita?<\/h2>\n<p><img loading=\"lazy\" decoding=\"async\" class=\"alignright wp-image-3585\" src=\"https:\/\/onlinelotto365.com\/wp-content\/uploads\/2020\/11\/online_lottery-106.jpg\" alt=\"m\u00e4ngida el gordo online Eesti\" width=\"282\" height=\"169\" \/><br \/>\nMe teame, et raha saamine on sinu jaoks \u00e4\u00e4rmiselt oluline, mist\u00f5ttu panustame sellesse protsessi palju aega ja vaeva. Me hoolitseme selle eest, et sa saaksid k\u00f5ik oma v\u00f5idud k\u00e4tte, ilma et me ise v\u00f5taksime tasu v\u00f5i komisjonitasu. Ainus kord, kui sa meile midagi maksad, on see, kui valid makseviisiks panga\u00fclekande. M\u00f5nes piirkonnas v\u00f5ib see n\u00f5uda pangalt tasu Eestisse \u00fclekandmise eest ja me anname selle v\u00e4ikese tasu samuti teile edasi.<\/p>\n<p><strong>Muul juhul toimub makse \u00fchel kahest viisist:<\/strong><\/p>\n<ul>\n<li>Kui v\u00f5idad v\u00e4hem kui 2500 eurot, siis maksame selle automaatselt otse sinu kontole, nii et sa ei pea midagi muud tegema.<\/li>\n<li>Kui v\u00f5idad rohkem kui 2500 eurot, siis pead ootama meie tugimeeskonna e-kirja, et saaksid t\u00e4ita n\u00f5udeavalduse vormi. See v\u00f5imaldab teil saada oma v\u00f5idud otse panga\u00fclekandega v\u00f5i teile saadetava t\u0161eki kaudu.<\/li>\n<\/ul>\n","protected":false},"excerpt":{"rendered":"<p>Oled huvitatud El Gordo piletite ostmisest internetist, kui elad Eestis? No siis ei taha sa seda artiklit vahele j\u00e4tta, sest me juhatame sind otse l\u00e4bi selle protsessi, et sa saaksid soovitud piletid k\u00e4tte ilma probleemideta ja ilma, et peaksid reisima ka riiki, kus seda m\u00e4ngu tavaliselt m\u00e4ngitakse. Vaadake selle loterii pealehte, mida soovite m\u00e4ngida, ja [&hellip;]<\/p>\n","protected":false},"author":1,"featured_media":0,"parent":5573,"menu_order":6,"comment_status":"closed","ping_status":"closed","template":"el-gordo-info.php","meta":{"_et_pb_use_builder":"","_et_pb_old_content":"","_et_gb_content_width":"","exclude_from_search":false,"footnotes":""},"class_list":["post-80243","page","type-page","status-publish","hentry"],"yoast_head":"<!-- This site is optimized with the Yoast SEO plugin v23.4 - https:\/\/yoast.com\/wordpress\/plugins\/seo\/ -->\n<title>El Gordo Eestist - kuidas osta pileteid internetis<\/title>\n<meta name=\"description\" content=\"See Hispaania loterii on n\u00fc\u00fcd saadaval Eestist - osta pileteid online\" \/>\n<meta name=\"robots\" content=\"index, follow, max-snippet:-1, max-image-preview:large, max-video-preview:-1\" \/>\n<link rel=\"canonical\" href=\"https:\/\/onlinelotto365.com\/et\/pileteid-ostma\/el-gordo\/\" \/>\n<meta property=\"og:locale\" content=\"et_EE\" \/>\n<meta property=\"og:type\" content=\"article\" \/>\n<meta property=\"og:title\" content=\"El Gordo Eestist - kuidas osta pileteid internetis\" \/>\n<meta property=\"og:description\" content=\"See Hispaania loterii on n\u00fc\u00fcd saadaval Eestist - osta pileteid online\" \/>\n<meta property=\"og:url\" content=\"https:\/\/onlinelotto365.com\/et\/pileteid-ostma\/el-gordo\/\" \/>\n<meta property=\"og:site_name\" content=\"OnlineLotto365\" \/>\n<meta property=\"og:image\" content=\"https:\/\/redfoxlotto.com\/image?size=8&amp;lottery=el-gordo-primitiva\" \/>\n<meta name=\"twitter:card\" content=\"summary_large_image\" \/>\n<meta name=\"twitter:label1\" content=\"Est. reading time\" \/>\n\t<meta name=\"twitter:data1\" content=\"3 minutit\" \/>\n<script type=\"application\/ld+json\" class=\"yoast-schema-graph\">{\"@context\":\"https:\/\/schema.org\",\"@graph\":[{\"@type\":\"WebPage\",\"@id\":\"https:\/\/onlinelotto365.com\/et\/pileteid-ostma\/el-gordo\/\",\"url\":\"https:\/\/onlinelotto365.com\/et\/pileteid-ostma\/el-gordo\/\",\"name\":\"El Gordo Eestist - kuidas osta pileteid internetis\",\"isPartOf\":{\"@id\":\"https:\/\/onlinelotto365.com\/et\/#website\"},\"primaryImageOfPage\":{\"@id\":\"https:\/\/onlinelotto365.com\/et\/pileteid-ostma\/el-gordo\/#primaryimage\"},\"image\":{\"@id\":\"https:\/\/onlinelotto365.com\/et\/pileteid-ostma\/el-gordo\/#primaryimage\"},\"thumbnailUrl\":\"https:\/\/redfoxlotto.com\/image?size=8&amp;lottery=el-gordo-primitiva\",\"datePublished\":\"2022-11-15T12:40:08+00:00\",\"dateModified\":\"2022-11-15T12:40:08+00:00\",\"description\":\"See Hispaania loterii on n\u00fc\u00fcd saadaval Eestist - osta pileteid online\",\"breadcrumb\":{\"@id\":\"https:\/\/onlinelotto365.com\/et\/pileteid-ostma\/el-gordo\/#breadcrumb\"},\"inLanguage\":\"et\",\"potentialAction\":[{\"@type\":\"ReadAction\",\"target\":[\"https:\/\/onlinelotto365.com\/et\/pileteid-ostma\/el-gordo\/\"]}]},{\"@type\":\"ImageObject\",\"inLanguage\":\"et\",\"@id\":\"https:\/\/onlinelotto365.com\/et\/pileteid-ostma\/el-gordo\/#primaryimage\",\"url\":\"https:\/\/redfoxlotto.com\/image?size=8&amp;lottery=el-gordo-primitiva\",\"contentUrl\":\"https:\/\/redfoxlotto.com\/image?size=8&amp;lottery=el-gordo-primitiva\"},{\"@type\":\"BreadcrumbList\",\"@id\":\"https:\/\/onlinelotto365.com\/et\/pileteid-ostma\/el-gordo\/#breadcrumb\",\"itemListElement\":[{\"@type\":\"ListItem\",\"position\":1,\"name\":\"Home\",\"item\":\"https:\/\/onlinelotto365.com\/et\/\"},{\"@type\":\"ListItem\",\"position\":2,\"name\":\"Osta Loto Pileteid Internetis\",\"item\":\"https:\/\/onlinelotto365.com\/et\/pileteid-ostma\/\"},{\"@type\":\"ListItem\",\"position\":3,\"name\":\"Kuidas osta El Gordo pileteid internetis\"}]},{\"@type\":\"WebSite\",\"@id\":\"https:\/\/onlinelotto365.com\/et\/#website\",\"url\":\"https:\/\/onlinelotto365.com\/et\/\",\"name\":\"OnlineLotto365\",\"description\":\"\",\"potentialAction\":[{\"@type\":\"SearchAction\",\"target\":{\"@type\":\"EntryPoint\",\"urlTemplate\":\"https:\/\/onlinelotto365.com\/et\/?s={search_term_string}\"},\"query-input\":{\"@type\":\"PropertyValueSpecification\",\"valueRequired\":true,\"valueName\":\"search_term_string\"}}],\"inLanguage\":\"et\"}]}<\/script>\n<!-- \/ Yoast SEO plugin. -->","yoast_head_json":{"title":"El Gordo Eestist - kuidas osta pileteid internetis","description":"See Hispaania loterii on n\u00fc\u00fcd saadaval Eestist - osta pileteid online","robots":{"index":"index","follow":"follow","max-snippet":"max-snippet:-1","max-image-preview":"max-image-preview:large","max-video-preview":"max-video-preview:-1"},"canonical":"https:\/\/onlinelotto365.com\/et\/pileteid-ostma\/el-gordo\/","og_locale":"et_EE","og_type":"article","og_title":"El Gordo Eestist - kuidas osta pileteid internetis","og_description":"See Hispaania loterii on n\u00fc\u00fcd saadaval Eestist - osta pileteid online","og_url":"https:\/\/onlinelotto365.com\/et\/pileteid-ostma\/el-gordo\/","og_site_name":"OnlineLotto365","og_image":[{"url":"https:\/\/redfoxlotto.com\/image?size=8&amp;lottery=el-gordo-primitiva"}],"twitter_card":"summary_large_image","twitter_misc":{"Est. reading time":"3 minutit"},"schema":{"@context":"https:\/\/schema.org","@graph":[{"@type":"WebPage","@id":"https:\/\/onlinelotto365.com\/et\/pileteid-ostma\/el-gordo\/","url":"https:\/\/onlinelotto365.com\/et\/pileteid-ostma\/el-gordo\/","name":"El Gordo Eestist - kuidas osta pileteid internetis","isPartOf":{"@id":"https:\/\/onlinelotto365.com\/et\/#website"},"primaryImageOfPage":{"@id":"https:\/\/onlinelotto365.com\/et\/pileteid-ostma\/el-gordo\/#primaryimage"},"image":{"@id":"https:\/\/onlinelotto365.com\/et\/pileteid-ostma\/el-gordo\/#primaryimage"},"thumbnailUrl":"https:\/\/redfoxlotto.com\/image?size=8&amp;lottery=el-gordo-primitiva","datePublished":"2022-11-15T12:40:08+00:00","dateModified":"2022-11-15T12:40:08+00:00","description":"See Hispaania loterii on n\u00fc\u00fcd saadaval Eestist - osta pileteid online","breadcrumb":{"@id":"https:\/\/onlinelotto365.com\/et\/pileteid-ostma\/el-gordo\/#breadcrumb"},"inLanguage":"et","potentialAction":[{"@type":"ReadAction","target":["https:\/\/onlinelotto365.com\/et\/pileteid-ostma\/el-gordo\/"]}]},{"@type":"ImageObject","inLanguage":"et","@id":"https:\/\/onlinelotto365.com\/et\/pileteid-ostma\/el-gordo\/#primaryimage","url":"https:\/\/redfoxlotto.com\/image?size=8&amp;lottery=el-gordo-primitiva","contentUrl":"https:\/\/redfoxlotto.com\/image?size=8&amp;lottery=el-gordo-primitiva"},{"@type":"BreadcrumbList","@id":"https:\/\/onlinelotto365.com\/et\/pileteid-ostma\/el-gordo\/#breadcrumb","itemListElement":[{"@type":"ListItem","position":1,"name":"Home","item":"https:\/\/onlinelotto365.com\/et\/"},{"@type":"ListItem","position":2,"name":"Osta Loto Pileteid Internetis","item":"https:\/\/onlinelotto365.com\/et\/pileteid-ostma\/"},{"@type":"ListItem","position":3,"name":"Kuidas osta El Gordo pileteid internetis"}]},{"@type":"WebSite","@id":"https:\/\/onlinelotto365.com\/et\/#website","url":"https:\/\/onlinelotto365.com\/et\/","name":"OnlineLotto365","description":"","potentialAction":[{"@type":"SearchAction","target":{"@type":"EntryPoint","urlTemplate":"https:\/\/onlinelotto365.com\/et\/?s={search_term_string}"},"query-input":{"@type":"PropertyValueSpecification","valueRequired":true,"valueName":"search_term_string"}}],"inLanguage":"et"}]}},"_links":{"self":[{"href":"https:\/\/onlinelotto365.com\/et\/wp-json\/wp\/v2\/pages\/80243","targetHints":{"allow":["GET"]}}],"collection":[{"href":"https:\/\/onlinelotto365.com\/et\/wp-json\/wp\/v2\/pages"}],"about":[{"href":"https:\/\/onlinelotto365.com\/et\/wp-json\/wp\/v2\/types\/page"}],"author":[{"embeddable":true,"href":"https:\/\/onlinelotto365.com\/et\/wp-json\/wp\/v2\/users\/1"}],"replies":[{"embeddable":true,"href":"https:\/\/onlinelotto365.com\/et\/wp-json\/wp\/v2\/comments?post=80243"}],"version-history":[{"count":0,"href":"https:\/\/onlinelotto365.com\/et\/wp-json\/wp\/v2\/pages\/80243\/revisions"}],"up":[{"embeddable":true,"href":"https:\/\/onlinelotto365.com\/et\/wp-json\/wp\/v2\/pages\/5573"}],"wp:attachment":[{"href":"https:\/\/onlinelotto365.com\/et\/wp-json\/wp\/v2\/media?parent=80243"}],"curies":[{"name":"wp","href":"https:\/\/api.w.org\/{rel}","templated":true}]}}