{"id":80275,"date":"2022-11-16T09:04:50","date_gmt":"2022-11-16T08:04:50","guid":{"rendered":"https:\/\/onlinelotto365.com\/?page_id=80275"},"modified":"2022-11-16T09:04:50","modified_gmt":"2022-11-16T08:04:50","slug":"la-primitiva","status":"publish","type":"page","link":"https:\/\/onlinelotto365.com\/et\/pileteid-ostma\/la-primitiva\/","title":{"rendered":"Kuidas osta La Primitiva pileteid internetis"},"content":{"rendered":"<p>Kui soovite osta La Primitiva pileteid internetist, kuid te ei ole veel p\u00e4ris kindel, kuidas seda teha, siis vaadake kindlasti seda protsessi. See on palju lihtsam, kui sa arvata oskad, Eesti jaoks<br \/>\nloto f\u00e4nnid ja v\u00f5id oodata loosimist kiiremini kui arvata oskad.<br \/>\n<a href=\"https:\/\/redfoxlotto.com\/play\/la-primitiva\/?ref=a8564250a2&amp;medium=ol365\" target=\"_blank\" rel=\"noopener noreferrer\"><img decoding=\"async\" class=\"aligncenter\" src=\"https:\/\/redfoxlotto.com\/image?size=8&amp;lottery=la-primitiva\" alt=\" la primitiva\" \/><\/a><\/p>\n<ul>\n<li>Valige lotom\u00e4ng, mida soovite m\u00e4ngida, ja valige igale piletile numbrid. V\u00f5i lase arvutil valida sinu piletite numbrid sinu eest.<\/li>\n<li>Lisage oma tellimusele nii palju erinevaid pileteid ja loteriim\u00e4nge kui soovite, enne kui olete valmis v\u00e4ljav\u00f5tete tegemiseks<\/li>\n<li>Valige v\u00f5imalus maksta kohe<\/li>\n<li>Registreerige uus konto, kui te ei ole kunagi varem meie juures ostnud, v\u00f5i logige sisse, kui olete juba olemasolev klient<\/li>\n<li>Viige registreerimisprotsess l\u00f5pule, kl\u00f5psates teie e-posti aadressile saadetud kontroll-linkile.<\/li>\n<li>Kontrollige nii oma postkasti kui ka r\u00e4mpsposti kausta, et leida kinnituse e-kiri.<\/li>\n<li>Minge veebisaidil asuvasse ostukorvi<\/li>\n<li>J\u00e4rgige juhiseid, et valida maksev\u00f5imalus ja tasuda piletite eest.<\/li>\n<\/ul>\n<h2>Kuidas maksta La Primitiva pileti eest internetis<\/h2>\n<p>Saate valida mitme erineva maksev\u00f5imaluse vahel, mis on meie kasutajate jaoks v\u00e4ga turvalised. Laseme teil valida k\u00f5ige mugavama v\u00f5imaluse.<br \/>\nValige \u00fcks kahest v\u00f5imalusest, et alustada:<\/p>\n<ul>\n<li>Tehke makse otse krediitkaardiga, pangakontoga v\u00f5i m\u00f5ne muu makseviisiga.<\/li>\n<li>Lisa raha oma kontole ja kasuta seda piletite ostmiseks oma m\u00e4ngijakontolt<\/li>\n<\/ul>\n<p>Need, kes lisavad oma m\u00e4ngijakontole ostu sooritamiseks rohkem kui piisavalt raha, et teha valitud ostu.<\/p>\n<h2>Rohkem infot La Primitiva kohta<\/h2>\n<ul>\n<li>Riik: Hispaania<\/li>\n<li>Peamised numbrid vahemikus: 49<\/li>\n<li>Teie valite: 6<\/li>\n<li>Lisanumbrite vahemik:<\/li>\n<li>Valige: 1<\/li>\n<li>Loosimise p\u00e4evad, tunnid: Neljap\u00e4ev, laup\u00e4ev, 21:30 Kesk-Euroopa aja j\u00e4rgi, 21:30 Kesk-Euroopa aja j\u00e4rgi.<\/li>\n<li>Minimaalne jackpot: 2 miljonit eurot<\/li>\n<li>Maksimaalne jackpot: ei ole<\/li>\n<li>T\u00f5en\u00e4osus v\u00f5ita jackpot: 1:15537573<\/li>\n<li>T\u00f5en\u00e4osus 2: 1:542008<\/li>\n<li>T\u00f5en\u00e4osus v\u00f5ita \u00fcksk\u00f5ik millisel tasandil: 1:8,43<\/li>\n<li>Auhinnaklasside arv: 9<\/li>\n<\/ul>\n<h2>La Primitiva piletite ostmise eelised internetis<\/h2>\n<ul>\n<li>Valige oma piletid kodust lahkumata<\/li>\n<li>Valige veelgi rohkemate loteriivariantide hulgast<\/li>\n<li>Vaadake erinevaid jackpoteid, et n\u00e4ha, kus on v\u00f5imalik k\u00f5ige rohkem v\u00f5ita<\/li>\n<li>Pange raha oma kontole, et maksta piletite eest<\/li>\n<li>Ei pea muretsema piletite kaotamise p\u00e4rast<\/li>\n<li>Saate teate, kui v\u00f5idate<\/li>\n<li>Saate valida juhuslikult genereeritud pileti<\/li>\n<\/ul>\n<h2>Kas La Primitiva piletite ostmine internetis on seaduslik?<\/h2>\n<p>M\u00f5ned inimesed muretsevad selle p\u00e4rast, kas nende elukohariik lubab loteriipileteid internetis osta. V\u00f5i kas nad v\u00f5ivad osta pileteid ka traditsioonilisel viisil. Kuid te ei pea muretsema selle p\u00e4rast, kas meie s\u00fcsteemi kasutamine on seaduslik, sest me hoolitseme selle piirkonna regulatsioonide eest, kus loterii toimub. Nii saate oma v\u00f5idud k\u00e4tte, olenemata sellest, mis toimub ja kui palju te ka ei v\u00f5ida.<br \/>\nSa pead lihtsalt olema v\u00e4hemalt 18-aastane, et kasutada meie teenust.<\/p>\n<h2>Kuidas ma saan raha, kui ma v\u00f5in La Primitiva online v\u00f5ita?<\/h2>\n<p><img loading=\"lazy\" decoding=\"async\" class=\"alignright wp-image-3535\" src=\"https:\/\/onlinelotto365.com\/wp-content\/uploads\/2020\/11\/online_lottery-141-296x300.jpg\" alt=\"la primitiva online\" width=\"164\" height=\"166\" srcset=\"https:\/\/onlinelotto365.com\/wp-content\/uploads\/2020\/11\/online_lottery-141-296x300.jpg 296w, https:\/\/onlinelotto365.com\/wp-content\/uploads\/2020\/11\/online_lottery-141-100x100.jpg 100w, https:\/\/onlinelotto365.com\/wp-content\/uploads\/2020\/11\/online_lottery-141.jpg 491w\" sizes=\"auto, (max-width: 164px) 100vw, 164px\" \/><br \/>\nKui tegemist on raha saamisega, siis teame, kui oluline see sinu jaoks on. Seep\u00e4rast teeme maksmise protsessi nii lihtsaks kui v\u00f5imalik. Ja me teeme seda k\u00f5ike ilma, et v\u00f5taksime sinult mingeid tasusid v\u00f5i komisjonitasusid. V\u00e4hemalt juhul, kui te ei soovi, et makse saadetakse panga\u00fclekandega. Sellisel juhul v\u00f5ib teie pank v\u00f5tta meilt tasu. Kui see juhtub, siis anname selle tasu teile edasi.<br \/>\nK\u00f5ik, mida sa pead tegema, on teada, mis juhtub, kui sa v\u00f5idad:<\/p>\n<ul>\n<li>Kui sa v\u00f5idad v\u00e4hem kui 2500 eurot, ei pea sa midagi tegema, sest me hoolitseme sinu eest. Me hoolitseme selle eest, et sa saad kogu oma raha otse oma m\u00e4ngijakontole.<\/li>\n<li>Kui v\u00f5idad rohkem kui 2500 eurot, saad oma raha t\u0161eki v\u00f5i panga\u00fclekandega. Sellisel juhul pead sa t\u00e4itma n\u00f5udeavalduse vormi, mille meie klienditoe meeskond saadab sulle ja seej\u00e4rel aitame sind \u00fclej\u00e4\u00e4nud asjadega.<\/li>\n<\/ul>\n","protected":false},"excerpt":{"rendered":"<p>Kui soovite osta La Primitiva pileteid internetist, kuid te ei ole veel p\u00e4ris kindel, kuidas seda teha, siis vaadake kindlasti seda protsessi. See on palju lihtsam, kui sa arvata oskad, Eesti jaoks loto f\u00e4nnid ja v\u00f5id oodata loosimist kiiremini kui arvata oskad. Valige lotom\u00e4ng, mida soovite m\u00e4ngida, ja valige igale piletile numbrid. V\u00f5i lase arvutil [&hellip;]<\/p>\n","protected":false},"author":1,"featured_media":0,"parent":5573,"menu_order":7,"comment_status":"closed","ping_status":"closed","template":"la-primitiva-info.php","meta":{"_et_pb_use_builder":"","_et_pb_old_content":"","_et_gb_content_width":"","exclude_from_search":false,"footnotes":""},"class_list":["post-80275","page","type-page","status-publish","hentry"],"yoast_head":"<!-- This site is optimized with the Yoast SEO plugin v23.4 - https:\/\/yoast.com\/wordpress\/plugins\/seo\/ -->\n<title>La Primitiva piletite online teenus | La Primitiva Eestist<\/title>\n<meta name=\"description\" content=\"Uuri, kuidas saab osta pileteid Hispaania La Primitiva loosimisele Eestist\" \/>\n<meta name=\"robots\" content=\"index, follow, max-snippet:-1, max-image-preview:large, max-video-preview:-1\" \/>\n<link rel=\"canonical\" href=\"https:\/\/onlinelotto365.com\/et\/pileteid-ostma\/la-primitiva\/\" \/>\n<meta property=\"og:locale\" content=\"et_EE\" \/>\n<meta property=\"og:type\" content=\"article\" \/>\n<meta property=\"og:title\" content=\"La Primitiva piletite online teenus | La Primitiva Eestist\" \/>\n<meta property=\"og:description\" content=\"Uuri, kuidas saab osta pileteid Hispaania La Primitiva loosimisele Eestist\" \/>\n<meta property=\"og:url\" content=\"https:\/\/onlinelotto365.com\/et\/pileteid-ostma\/la-primitiva\/\" \/>\n<meta property=\"og:site_name\" content=\"OnlineLotto365\" \/>\n<meta property=\"og:image\" content=\"https:\/\/redfoxlotto.com\/image?size=8&amp;lottery=la-primitiva\" \/>\n<meta name=\"twitter:card\" content=\"summary_large_image\" \/>\n<meta name=\"twitter:label1\" content=\"Est. reading time\" \/>\n\t<meta name=\"twitter:data1\" content=\"3 minutit\" \/>\n<script type=\"application\/ld+json\" class=\"yoast-schema-graph\">{\"@context\":\"https:\/\/schema.org\",\"@graph\":[{\"@type\":\"WebPage\",\"@id\":\"https:\/\/onlinelotto365.com\/et\/pileteid-ostma\/la-primitiva\/\",\"url\":\"https:\/\/onlinelotto365.com\/et\/pileteid-ostma\/la-primitiva\/\",\"name\":\"La Primitiva piletite online teenus | La Primitiva Eestist\",\"isPartOf\":{\"@id\":\"https:\/\/onlinelotto365.com\/et\/#website\"},\"primaryImageOfPage\":{\"@id\":\"https:\/\/onlinelotto365.com\/et\/pileteid-ostma\/la-primitiva\/#primaryimage\"},\"image\":{\"@id\":\"https:\/\/onlinelotto365.com\/et\/pileteid-ostma\/la-primitiva\/#primaryimage\"},\"thumbnailUrl\":\"https:\/\/redfoxlotto.com\/image?size=8&amp;lottery=la-primitiva\",\"datePublished\":\"2022-11-16T08:04:50+00:00\",\"dateModified\":\"2022-11-16T08:04:50+00:00\",\"description\":\"Uuri, kuidas saab osta pileteid Hispaania La Primitiva loosimisele Eestist\",\"breadcrumb\":{\"@id\":\"https:\/\/onlinelotto365.com\/et\/pileteid-ostma\/la-primitiva\/#breadcrumb\"},\"inLanguage\":\"et\",\"potentialAction\":[{\"@type\":\"ReadAction\",\"target\":[\"https:\/\/onlinelotto365.com\/et\/pileteid-ostma\/la-primitiva\/\"]}]},{\"@type\":\"ImageObject\",\"inLanguage\":\"et\",\"@id\":\"https:\/\/onlinelotto365.com\/et\/pileteid-ostma\/la-primitiva\/#primaryimage\",\"url\":\"https:\/\/redfoxlotto.com\/image?size=8&amp;lottery=la-primitiva\",\"contentUrl\":\"https:\/\/redfoxlotto.com\/image?size=8&amp;lottery=la-primitiva\"},{\"@type\":\"BreadcrumbList\",\"@id\":\"https:\/\/onlinelotto365.com\/et\/pileteid-ostma\/la-primitiva\/#breadcrumb\",\"itemListElement\":[{\"@type\":\"ListItem\",\"position\":1,\"name\":\"Home\",\"item\":\"https:\/\/onlinelotto365.com\/et\/\"},{\"@type\":\"ListItem\",\"position\":2,\"name\":\"Osta Loto Pileteid Internetis\",\"item\":\"https:\/\/onlinelotto365.com\/et\/pileteid-ostma\/\"},{\"@type\":\"ListItem\",\"position\":3,\"name\":\"Kuidas osta La Primitiva pileteid internetis\"}]},{\"@type\":\"WebSite\",\"@id\":\"https:\/\/onlinelotto365.com\/et\/#website\",\"url\":\"https:\/\/onlinelotto365.com\/et\/\",\"name\":\"OnlineLotto365\",\"description\":\"\",\"potentialAction\":[{\"@type\":\"SearchAction\",\"target\":{\"@type\":\"EntryPoint\",\"urlTemplate\":\"https:\/\/onlinelotto365.com\/et\/?s={search_term_string}\"},\"query-input\":{\"@type\":\"PropertyValueSpecification\",\"valueRequired\":true,\"valueName\":\"search_term_string\"}}],\"inLanguage\":\"et\"}]}<\/script>\n<!-- \/ Yoast SEO plugin. -->","yoast_head_json":{"title":"La Primitiva piletite online teenus | La Primitiva Eestist","description":"Uuri, kuidas saab osta pileteid Hispaania La Primitiva loosimisele Eestist","robots":{"index":"index","follow":"follow","max-snippet":"max-snippet:-1","max-image-preview":"max-image-preview:large","max-video-preview":"max-video-preview:-1"},"canonical":"https:\/\/onlinelotto365.com\/et\/pileteid-ostma\/la-primitiva\/","og_locale":"et_EE","og_type":"article","og_title":"La Primitiva piletite online teenus | La Primitiva Eestist","og_description":"Uuri, kuidas saab osta pileteid Hispaania La Primitiva loosimisele Eestist","og_url":"https:\/\/onlinelotto365.com\/et\/pileteid-ostma\/la-primitiva\/","og_site_name":"OnlineLotto365","og_image":[{"url":"https:\/\/redfoxlotto.com\/image?size=8&amp;lottery=la-primitiva"}],"twitter_card":"summary_large_image","twitter_misc":{"Est. reading time":"3 minutit"},"schema":{"@context":"https:\/\/schema.org","@graph":[{"@type":"WebPage","@id":"https:\/\/onlinelotto365.com\/et\/pileteid-ostma\/la-primitiva\/","url":"https:\/\/onlinelotto365.com\/et\/pileteid-ostma\/la-primitiva\/","name":"La Primitiva piletite online teenus | La Primitiva Eestist","isPartOf":{"@id":"https:\/\/onlinelotto365.com\/et\/#website"},"primaryImageOfPage":{"@id":"https:\/\/onlinelotto365.com\/et\/pileteid-ostma\/la-primitiva\/#primaryimage"},"image":{"@id":"https:\/\/onlinelotto365.com\/et\/pileteid-ostma\/la-primitiva\/#primaryimage"},"thumbnailUrl":"https:\/\/redfoxlotto.com\/image?size=8&amp;lottery=la-primitiva","datePublished":"2022-11-16T08:04:50+00:00","dateModified":"2022-11-16T08:04:50+00:00","description":"Uuri, kuidas saab osta pileteid Hispaania La Primitiva loosimisele Eestist","breadcrumb":{"@id":"https:\/\/onlinelotto365.com\/et\/pileteid-ostma\/la-primitiva\/#breadcrumb"},"inLanguage":"et","potentialAction":[{"@type":"ReadAction","target":["https:\/\/onlinelotto365.com\/et\/pileteid-ostma\/la-primitiva\/"]}]},{"@type":"ImageObject","inLanguage":"et","@id":"https:\/\/onlinelotto365.com\/et\/pileteid-ostma\/la-primitiva\/#primaryimage","url":"https:\/\/redfoxlotto.com\/image?size=8&amp;lottery=la-primitiva","contentUrl":"https:\/\/redfoxlotto.com\/image?size=8&amp;lottery=la-primitiva"},{"@type":"BreadcrumbList","@id":"https:\/\/onlinelotto365.com\/et\/pileteid-ostma\/la-primitiva\/#breadcrumb","itemListElement":[{"@type":"ListItem","position":1,"name":"Home","item":"https:\/\/onlinelotto365.com\/et\/"},{"@type":"ListItem","position":2,"name":"Osta Loto Pileteid Internetis","item":"https:\/\/onlinelotto365.com\/et\/pileteid-ostma\/"},{"@type":"ListItem","position":3,"name":"Kuidas osta La Primitiva pileteid internetis"}]},{"@type":"WebSite","@id":"https:\/\/onlinelotto365.com\/et\/#website","url":"https:\/\/onlinelotto365.com\/et\/","name":"OnlineLotto365","description":"","potentialAction":[{"@type":"SearchAction","target":{"@type":"EntryPoint","urlTemplate":"https:\/\/onlinelotto365.com\/et\/?s={search_term_string}"},"query-input":{"@type":"PropertyValueSpecification","valueRequired":true,"valueName":"search_term_string"}}],"inLanguage":"et"}]}},"_links":{"self":[{"href":"https:\/\/onlinelotto365.com\/et\/wp-json\/wp\/v2\/pages\/80275","targetHints":{"allow":["GET"]}}],"collection":[{"href":"https:\/\/onlinelotto365.com\/et\/wp-json\/wp\/v2\/pages"}],"about":[{"href":"https:\/\/onlinelotto365.com\/et\/wp-json\/wp\/v2\/types\/page"}],"author":[{"embeddable":true,"href":"https:\/\/onlinelotto365.com\/et\/wp-json\/wp\/v2\/users\/1"}],"replies":[{"embeddable":true,"href":"https:\/\/onlinelotto365.com\/et\/wp-json\/wp\/v2\/comments?post=80275"}],"version-history":[{"count":0,"href":"https:\/\/onlinelotto365.com\/et\/wp-json\/wp\/v2\/pages\/80275\/revisions"}],"up":[{"embeddable":true,"href":"https:\/\/onlinelotto365.com\/et\/wp-json\/wp\/v2\/pages\/5573"}],"wp:attachment":[{"href":"https:\/\/onlinelotto365.com\/et\/wp-json\/wp\/v2\/media?parent=80275"}],"curies":[{"name":"wp","href":"https:\/\/api.w.org\/{rel}","templated":true}]}}