{"id":80343,"date":"2022-11-16T15:01:20","date_gmt":"2022-11-16T14:01:20","guid":{"rendered":"https:\/\/onlinelotto365.com\/?page_id=80343"},"modified":"2022-11-16T15:01:20","modified_gmt":"2022-11-16T14:01:20","slug":"uk-loterii","status":"publish","type":"page","link":"https:\/\/onlinelotto365.com\/et\/pileteid-ostma\/uk-loterii\/","title":{"rendered":"Kuidas osta \u00dchendkuningriigi loterii pileteid internetis"},"content":{"rendered":"<p>Kui soovite osta oma lotopileteid UK Lottery Eestis, ei pea te muretsema, sest meil on kogu protsess teie jaoks kiiresti ja h\u00f5lpsasti ette n\u00e4htud. Peate vaid vaatama allpool toodud lihtsaid samme ja olete hetkega valmis.<br \/>\n<a href=\"https:\/\/redfoxlotto.com\/play\/lotto-uk\/?ref=a8564250a2&amp;medium=ol365\" target=\"_blank\" rel=\"noopener noreferrer\"><img decoding=\"async\" class=\"aligncenter\" src=\"https:\/\/redfoxlotto.com\/image?size=8&amp;lottery=lotto-uk\" alt=\"uk loterii\" \/><\/a><\/p>\n<ul>\n<li>Mine \u00f5igele lehele selle loteriim\u00e4ngu jaoks, mida soovid m\u00e4ngida, n\u00e4iteks UK Lottery. Ja seej\u00e4rel valige numbrid, mida soovite oma pileti jaoks.<\/li>\n<li>Valige v\u00e4lja k\u00f5ik t\u00e4iendavad loteriipiletid, mida soovite selle v\u00f5i m\u00f5ne muu loteriim\u00e4ngu jaoks, mida kavatsete m\u00e4ngida<\/li>\n<li>Valige piletite eest maksmise v\u00f5imalus<\/li>\n<li>K\u00e4ige l\u00e4bi konto registreerimise protsess, kui olete uus kasutaja, v\u00f5i logige oma kontole sisse, kui olete juba olemasolev kasutaja<\/li>\n<li>Neile, kes peavad veel registreeruma, saadetakse m\u00f5ne minuti jooksul oma postkasti v\u00f5i r\u00e4mpsposti kausta kinnitav e-kiri.<\/li>\n<li>Kui te ei ole m\u00f5ne minuti jooksul oma e-kirja saanud, kontrollige r\u00e4mpsposti kausta, et veenduda, kas olete selle saanud.<\/li>\n<li>P\u00f6\u00f6rduge tagasi veebisaidile ja valige ostukorv, et piletite eest tasuda.<\/li>\n<li>Valige oma makseviis ja vaadake l\u00e4bi maksejuhised.<\/li>\n<\/ul>\n<h2>Kuidas maksta oma \u00dchendkuningriigi loteriipileti eest internetis<\/h2>\n<p>Pakume oma klientidele Eestist ja mujalt mitmeid erinevaid t\u00e4iesti turvalisi makseviise. Nii saate valida meetodi, mis sobib teile k\u00f5ige paremini.<br \/>\nVali kahe erineva \u00fcldise maksev\u00f5imaluse vahel:<\/p>\n<p>Makske iga tellimuse eest, kasutades oma eelistatud makseviisi<br \/>\nPange raha oma kontole ja kasutage seda soovitud piletite ostmiseks<\/p>\n<p>Veenduge, et kui otsustate raha otse oma kontole lisada, siis tehke sissemakseid rohkem kui piletite jaoks vajalik summa.<\/p>\n<h2>Rohkem infot UK Lottery kohta<\/h2>\n<ul>\n<li>Riik: UK Lottery<\/li>\n<li>Peamised numbrid vahemikus: 59<\/li>\n<li>Teie valik: 6<\/li>\n<li>Lisanumbrid vahemikus:<\/li>\n<li>Te valite:<\/li>\n<li>Loosige p\u00e4evad, tunnid: 19:30 UTC, 19:30 CET<\/li>\n<li>Minimaalne jackpot: 2,5 miljonit GBP<\/li>\n<li>Maksimaalne jackpot: 22 miljonit GBP<\/li>\n<li>T\u00f5en\u00e4osus v\u00f5ita jackpot: 1:45057474<\/li>\n<li>T\u00f5en\u00e4osus 2: 1:7509579<\/li>\n<li>T\u00f5en\u00e4osus v\u00f5ita \u00fcksk\u00f5ik millisel tasemel: 1:9,27<\/li>\n<li>Auhinnaklasside arv: 6<\/li>\n<\/ul>\n<h2>Eelised osta UK Lottery piletid online<\/h2>\n<ul>\n<li>Saate soovitud piletid kodust lahkumata<\/li>\n<li>Valige paljude erinevate loteriim\u00e4ngude hulgast<\/li>\n<li>Saate parima t\u00f5en\u00e4osuse suurele jackpotile, valides erinevate m\u00e4ngude vahel<\/li>\n<li>Lisage raha otse oma maksekontole, et maksta piletite eest<\/li>\n<li>Ei pea enam muretsema piletite kaotamise p\u00e4rast<\/li>\n<li>V\u00f5itude kohta saadetakse teile otse teated<\/li>\n<li>Lihtsad valikuv\u00f5imalused, kui te ei soovi ise numbreid valida<\/li>\n<\/ul>\n<h2>Kas \u00dchendkuningriigi loteriipiletite ostmine internetist on seaduslik?<\/h2>\n<p>\u00dchendkuningriigi Loterii piletite ostmise seaduslikkuse p\u00e4rast Eestist v\u00f5i traditsioonilisemal viisil online ostmisel ei ole mingeid muresid. V\u00f5ite olla kindel, et mis iganes te oma piletid saate ja te ei pea muretsema isegi jackpoti saamise p\u00e4rast.<\/p>\n<p>Me hoolitseme selle eest, et te saaksite raha, ilma et peaksite muretsema selle p\u00e4rast, kas teenus on teie elukohariigi j\u00e4rgi seaduslik. Lihtsalt veenduge, et olete meiega piletite ostmiseks 18-aastane v\u00f5i vanem.<\/p>\n<h2>Kuidas mulle makstakse, kui ma v\u00f5idan \u00dchendkuningriigi loteriis internetis?<\/h2>\n<p><img loading=\"lazy\" decoding=\"async\" class=\"alignright size-medium wp-image-3655\" src=\"https:\/\/onlinelotto365.com\/wp-content\/uploads\/2020\/11\/online_lottery-59-300x182.jpg\" alt=\"m\u00e4ngida uk loterii online\" width=\"300\" height=\"182\" srcset=\"https:\/\/onlinelotto365.com\/wp-content\/uploads\/2020\/11\/online_lottery-59-300x182.jpg 300w, https:\/\/onlinelotto365.com\/wp-content\/uploads\/2020\/11\/online_lottery-59.jpg 320w\" sizes=\"auto, (max-width: 300px) 100vw, 300px\" \/><br \/>\nMe teame, et raha saamine on sinu jaoks \u00fcks t\u00e4htsamaid osi ja seet\u00f5ttu tahame tagada, et maksmise protsess oleks v\u00f5imalikult lihtne. Samuti ei v\u00f5ta me sinu v\u00f5idust mingit komisjonitasu, nii et sa saad k\u00f5ik v\u00f5idetud summad k\u00e4tte. Ainus kord, kui me v\u00f5tame tasu, on siis, kui taotled panga\u00fclekannet ja pank v\u00f5tab meilt tasu. See summa v\u00f5idakse teile edasi kanda.<br \/>\nMuul juhul vaata lihtsalt, mis toimub sinu maksete puhul siin:<\/p>\n<ul>\n<li>Alla 2500 euro suurused maksed kantakse automaatselt sinu kontole. Te ei pea midagi tegema<\/li>\n<li>\u00dcle 2500 euro suuruste maksete puhul on vaja esitada loteriikomisjonile taotlusvorm. Selle saadab teile meie tugimeeskond ja v\u00f5imaldab teil valida, kas raha soovitakse saata t\u0161ekiga v\u00f5i panga\u00fclekandega.<\/li>\n<\/ul>\n","protected":false},"excerpt":{"rendered":"<p>Kui soovite osta oma lotopileteid UK Lottery Eestis, ei pea te muretsema, sest meil on kogu protsess teie jaoks kiiresti ja h\u00f5lpsasti ette n\u00e4htud. Peate vaid vaatama allpool toodud lihtsaid samme ja olete hetkega valmis. Mine \u00f5igele lehele selle loteriim\u00e4ngu jaoks, mida soovid m\u00e4ngida, n\u00e4iteks UK Lottery. Ja seej\u00e4rel valige numbrid, mida soovite oma pileti [&hellip;]<\/p>\n","protected":false},"author":1,"featured_media":0,"parent":5573,"menu_order":9,"comment_status":"closed","ping_status":"closed","template":"lotto-uk-info.php","meta":{"_et_pb_use_builder":"","_et_pb_old_content":"","_et_gb_content_width":"","exclude_from_search":false,"footnotes":""},"class_list":["post-80343","page","type-page","status-publish","hentry"],"yoast_head":"<!-- This site is optimized with the Yoast SEO plugin v23.4 - https:\/\/yoast.com\/wordpress\/plugins\/seo\/ -->\n<title>Osta pileteid UK Lottery online Eestist| UK Lottery info, kuidas osta pileteid<\/title>\n<meta name=\"description\" content=\"Me v\u00f5imaldame loto m\u00e4ngijatele Eestist osta pileteid UK Lottery jaoks\" \/>\n<meta name=\"robots\" content=\"index, follow, max-snippet:-1, max-image-preview:large, max-video-preview:-1\" \/>\n<link rel=\"canonical\" href=\"https:\/\/onlinelotto365.com\/et\/pileteid-ostma\/uk-loterii\/\" \/>\n<meta property=\"og:locale\" content=\"et_EE\" \/>\n<meta property=\"og:type\" content=\"article\" \/>\n<meta property=\"og:title\" content=\"Osta pileteid UK Lottery online Eestist| UK Lottery info, kuidas osta pileteid\" \/>\n<meta property=\"og:description\" content=\"Me v\u00f5imaldame loto m\u00e4ngijatele Eestist osta pileteid UK Lottery jaoks\" \/>\n<meta property=\"og:url\" content=\"https:\/\/onlinelotto365.com\/et\/pileteid-ostma\/uk-loterii\/\" \/>\n<meta property=\"og:site_name\" content=\"OnlineLotto365\" \/>\n<meta property=\"og:image\" content=\"https:\/\/redfoxlotto.com\/image?size=8&amp;lottery=lotto-uk\" \/>\n<meta name=\"twitter:card\" content=\"summary_large_image\" \/>\n<meta name=\"twitter:label1\" content=\"Est. reading time\" \/>\n\t<meta name=\"twitter:data1\" content=\"3 minutit\" \/>\n<script type=\"application\/ld+json\" class=\"yoast-schema-graph\">{\"@context\":\"https:\/\/schema.org\",\"@graph\":[{\"@type\":\"WebPage\",\"@id\":\"https:\/\/onlinelotto365.com\/et\/pileteid-ostma\/uk-loterii\/\",\"url\":\"https:\/\/onlinelotto365.com\/et\/pileteid-ostma\/uk-loterii\/\",\"name\":\"Osta pileteid UK Lottery online Eestist| UK Lottery info, kuidas osta pileteid\",\"isPartOf\":{\"@id\":\"https:\/\/onlinelotto365.com\/et\/#website\"},\"primaryImageOfPage\":{\"@id\":\"https:\/\/onlinelotto365.com\/et\/pileteid-ostma\/uk-loterii\/#primaryimage\"},\"image\":{\"@id\":\"https:\/\/onlinelotto365.com\/et\/pileteid-ostma\/uk-loterii\/#primaryimage\"},\"thumbnailUrl\":\"https:\/\/redfoxlotto.com\/image?size=8&amp;lottery=lotto-uk\",\"datePublished\":\"2022-11-16T14:01:20+00:00\",\"dateModified\":\"2022-11-16T14:01:20+00:00\",\"description\":\"Me v\u00f5imaldame loto m\u00e4ngijatele Eestist osta pileteid UK Lottery jaoks\",\"breadcrumb\":{\"@id\":\"https:\/\/onlinelotto365.com\/et\/pileteid-ostma\/uk-loterii\/#breadcrumb\"},\"inLanguage\":\"et\",\"potentialAction\":[{\"@type\":\"ReadAction\",\"target\":[\"https:\/\/onlinelotto365.com\/et\/pileteid-ostma\/uk-loterii\/\"]}]},{\"@type\":\"ImageObject\",\"inLanguage\":\"et\",\"@id\":\"https:\/\/onlinelotto365.com\/et\/pileteid-ostma\/uk-loterii\/#primaryimage\",\"url\":\"https:\/\/redfoxlotto.com\/image?size=8&amp;lottery=lotto-uk\",\"contentUrl\":\"https:\/\/redfoxlotto.com\/image?size=8&amp;lottery=lotto-uk\"},{\"@type\":\"BreadcrumbList\",\"@id\":\"https:\/\/onlinelotto365.com\/et\/pileteid-ostma\/uk-loterii\/#breadcrumb\",\"itemListElement\":[{\"@type\":\"ListItem\",\"position\":1,\"name\":\"Home\",\"item\":\"https:\/\/onlinelotto365.com\/et\/\"},{\"@type\":\"ListItem\",\"position\":2,\"name\":\"Osta Loto Pileteid Internetis\",\"item\":\"https:\/\/onlinelotto365.com\/et\/pileteid-ostma\/\"},{\"@type\":\"ListItem\",\"position\":3,\"name\":\"Kuidas osta \u00dchendkuningriigi loterii pileteid internetis\"}]},{\"@type\":\"WebSite\",\"@id\":\"https:\/\/onlinelotto365.com\/et\/#website\",\"url\":\"https:\/\/onlinelotto365.com\/et\/\",\"name\":\"OnlineLotto365\",\"description\":\"\",\"potentialAction\":[{\"@type\":\"SearchAction\",\"target\":{\"@type\":\"EntryPoint\",\"urlTemplate\":\"https:\/\/onlinelotto365.com\/et\/?s={search_term_string}\"},\"query-input\":{\"@type\":\"PropertyValueSpecification\",\"valueRequired\":true,\"valueName\":\"search_term_string\"}}],\"inLanguage\":\"et\"}]}<\/script>\n<!-- \/ Yoast SEO plugin. -->","yoast_head_json":{"title":"Osta pileteid UK Lottery online Eestist| UK Lottery info, kuidas osta pileteid","description":"Me v\u00f5imaldame loto m\u00e4ngijatele Eestist osta pileteid UK Lottery jaoks","robots":{"index":"index","follow":"follow","max-snippet":"max-snippet:-1","max-image-preview":"max-image-preview:large","max-video-preview":"max-video-preview:-1"},"canonical":"https:\/\/onlinelotto365.com\/et\/pileteid-ostma\/uk-loterii\/","og_locale":"et_EE","og_type":"article","og_title":"Osta pileteid UK Lottery online Eestist| UK Lottery info, kuidas osta pileteid","og_description":"Me v\u00f5imaldame loto m\u00e4ngijatele Eestist osta pileteid UK Lottery jaoks","og_url":"https:\/\/onlinelotto365.com\/et\/pileteid-ostma\/uk-loterii\/","og_site_name":"OnlineLotto365","og_image":[{"url":"https:\/\/redfoxlotto.com\/image?size=8&amp;lottery=lotto-uk"}],"twitter_card":"summary_large_image","twitter_misc":{"Est. reading time":"3 minutit"},"schema":{"@context":"https:\/\/schema.org","@graph":[{"@type":"WebPage","@id":"https:\/\/onlinelotto365.com\/et\/pileteid-ostma\/uk-loterii\/","url":"https:\/\/onlinelotto365.com\/et\/pileteid-ostma\/uk-loterii\/","name":"Osta pileteid UK Lottery online Eestist| UK Lottery info, kuidas osta pileteid","isPartOf":{"@id":"https:\/\/onlinelotto365.com\/et\/#website"},"primaryImageOfPage":{"@id":"https:\/\/onlinelotto365.com\/et\/pileteid-ostma\/uk-loterii\/#primaryimage"},"image":{"@id":"https:\/\/onlinelotto365.com\/et\/pileteid-ostma\/uk-loterii\/#primaryimage"},"thumbnailUrl":"https:\/\/redfoxlotto.com\/image?size=8&amp;lottery=lotto-uk","datePublished":"2022-11-16T14:01:20+00:00","dateModified":"2022-11-16T14:01:20+00:00","description":"Me v\u00f5imaldame loto m\u00e4ngijatele Eestist osta pileteid UK Lottery jaoks","breadcrumb":{"@id":"https:\/\/onlinelotto365.com\/et\/pileteid-ostma\/uk-loterii\/#breadcrumb"},"inLanguage":"et","potentialAction":[{"@type":"ReadAction","target":["https:\/\/onlinelotto365.com\/et\/pileteid-ostma\/uk-loterii\/"]}]},{"@type":"ImageObject","inLanguage":"et","@id":"https:\/\/onlinelotto365.com\/et\/pileteid-ostma\/uk-loterii\/#primaryimage","url":"https:\/\/redfoxlotto.com\/image?size=8&amp;lottery=lotto-uk","contentUrl":"https:\/\/redfoxlotto.com\/image?size=8&amp;lottery=lotto-uk"},{"@type":"BreadcrumbList","@id":"https:\/\/onlinelotto365.com\/et\/pileteid-ostma\/uk-loterii\/#breadcrumb","itemListElement":[{"@type":"ListItem","position":1,"name":"Home","item":"https:\/\/onlinelotto365.com\/et\/"},{"@type":"ListItem","position":2,"name":"Osta Loto Pileteid Internetis","item":"https:\/\/onlinelotto365.com\/et\/pileteid-ostma\/"},{"@type":"ListItem","position":3,"name":"Kuidas osta \u00dchendkuningriigi loterii pileteid internetis"}]},{"@type":"WebSite","@id":"https:\/\/onlinelotto365.com\/et\/#website","url":"https:\/\/onlinelotto365.com\/et\/","name":"OnlineLotto365","description":"","potentialAction":[{"@type":"SearchAction","target":{"@type":"EntryPoint","urlTemplate":"https:\/\/onlinelotto365.com\/et\/?s={search_term_string}"},"query-input":{"@type":"PropertyValueSpecification","valueRequired":true,"valueName":"search_term_string"}}],"inLanguage":"et"}]}},"_links":{"self":[{"href":"https:\/\/onlinelotto365.com\/et\/wp-json\/wp\/v2\/pages\/80343","targetHints":{"allow":["GET"]}}],"collection":[{"href":"https:\/\/onlinelotto365.com\/et\/wp-json\/wp\/v2\/pages"}],"about":[{"href":"https:\/\/onlinelotto365.com\/et\/wp-json\/wp\/v2\/types\/page"}],"author":[{"embeddable":true,"href":"https:\/\/onlinelotto365.com\/et\/wp-json\/wp\/v2\/users\/1"}],"replies":[{"embeddable":true,"href":"https:\/\/onlinelotto365.com\/et\/wp-json\/wp\/v2\/comments?post=80343"}],"version-history":[{"count":0,"href":"https:\/\/onlinelotto365.com\/et\/wp-json\/wp\/v2\/pages\/80343\/revisions"}],"up":[{"embeddable":true,"href":"https:\/\/onlinelotto365.com\/et\/wp-json\/wp\/v2\/pages\/5573"}],"wp:attachment":[{"href":"https:\/\/onlinelotto365.com\/et\/wp-json\/wp\/v2\/media?parent=80343"}],"curies":[{"name":"wp","href":"https:\/\/api.w.org\/{rel}","templated":true}]}}