{"id":80381,"date":"2022-11-17T09:52:07","date_gmt":"2022-11-17T08:52:07","guid":{"rendered":"https:\/\/onlinelotto365.com\/?page_id=80381"},"modified":"2022-11-17T09:52:07","modified_gmt":"2022-11-17T08:52:07","slug":"set-for-life","status":"publish","type":"page","link":"https:\/\/onlinelotto365.com\/et\/pileteid-ostma\/set-for-life\/","title":{"rendered":"Kuidas osta Set for life pileteid internetis"},"content":{"rendered":"<p>Kui sa tahad n\u00fc\u00fcd oma Set for Life&#8217;i pileteid osta, pead sa teadma, kuidas seda teha. Kui sa elad Eestis, siis on see sinu jaoks lihtne ja sa ilmselt juba tead, kuidas pileteid hankida. Aga kuidas on lood teiste riikide, n\u00e4iteks Austraalia, lotom\u00e4ngijatega? Noh, see on v\u00e4ga lihtne protsess ja me saame sind kiiresti t\u00f6\u00f6le panna. Peate lihtsalt j\u00e4rgima allpool esitatud samme. Sealt edasi saad soovitud piletid j\u00e4rgmiseks loosimiseks.<br \/>\n<a href=\"https:\/\/redfoxlotto.com\/play\/set-for-life-uk\/?ref=a8564250a2&amp;medium=ol365\" target=\"_blank\" rel=\"noopener noreferrer\"><img decoding=\"async\" class=\"aligncenter\" src=\"https:\/\/redfoxlotto.com\/image?size=8&amp;lottery=set-for-life-uk\" alt=\"&quot;Set\" \/><\/a><\/p>\n<ul>\n<li>Mine Set for Life&#8217;i loterii lehele ja vali soovitud arv pileteid ning vali iga pileti jaoks soovitud numbrid<\/li>\n<li>Valige lisapileteid Set for Life&#8217;i v\u00f5i muude lotom\u00e4ngude jaoks, et t\u00e4ita oma ostukorv<\/li>\n<li>Valige v\u00f5imalus maksta kohe<\/li>\n<li>J\u00e4rgige juhiseid oma kontole sisselogimiseks v\u00f5i uue konto loomiseks.<\/li>\n<li>Viige kinnitusprotsess l\u00f5pule, minnes oma kontole ja kl\u00f5psates e-kirjas olevale lingile.<\/li>\n<li>Kontrollige oma r\u00e4mpsposti kausta, kui e-kiri ei ilmu teie postkasti, et veenduda, et olete selle k\u00e4tte saanud.<\/li>\n<li>Kui olete oma konto kinnitanud, minge veebisaidil ostukorvi.<\/li>\n<li>Valige oma eelistatud makseviis ja l\u00e4bige makseprotsess.<\/li>\n<\/ul>\n<h2>Kuidas tasuda oma Set for life pileti eest internetis<\/h2>\n<p>Piletite eest tasumisel leiad, et see ei ole mitte ainult lihtne, vaid ka t\u00e4iesti turvaline ja pakub sulle palju v\u00f5imalusi.<br \/>\nValige oma piletite eest tasumiseks:<\/p>\n<p>Tehes otsest ostu valitud makseviisiga<br \/>\nRaha kandmine oma kontole ja selle abil ostu sooritamine<\/p>\n<p>Veendu, et kui otsustad raha oma kontole panna, siis paned ka veidi lisa, et su maksevalik l\u00e4heks l\u00e4bi.<\/p>\n<h2>Rohkem infot Set for life&#8217;i kohta<\/h2>\n<ul>\n<li>Riik: Eesti<\/li>\n<li>Peamised numbrid vahemikus: 45<\/li>\n<li>Teie valite: 5<\/li>\n<li>Lisanumbrite valik: 10<\/li>\n<li>Teie valite: 1<\/li>\n<li>Loosige p\u00e4evad, tunnid: Esmasp\u00e4ev, neljap\u00e4ev, 20:00 GMT, 21:00 CET<\/li>\n<li>Minimaalne jackpot:<\/li>\n<li>Maksimaalne jackpot:<\/li>\n<li>T\u00f5en\u00e4osus v\u00f5ita jackpot: 1:15339390<\/li>\n<li>T\u00f5en\u00e4osus 2: 1:1704377<\/li>\n<li>T\u00f5en\u00e4osus v\u00f5ita \u00fcksk\u00f5ik millisel tasemel: 1:12,4<\/li>\n<li>Auhinnaklasside arv: 8<\/li>\n<\/ul>\n<h2>Set for life piletite ostmise eelised internetis<\/h2>\n<ul>\n<li>Piletite ostmiseks ei pea kunagi kodust lahkuma<\/li>\n<li>Te ei ole piiratud Austraalia loteriide m\u00e4ngimisega<\/li>\n<li>Valige erinevate loteriide hulgast \u00fcle maailma<\/li>\n<li>Valige k\u00f5rgeima jackpotiga m\u00e4nge, et suurendada oma v\u00f5imalusi<\/li>\n<li>Kasutage oma konto saldot, et osta soovitud pileteid<\/li>\n<li>J\u00e4lgige oma pileteid kogu aeg<\/li>\n<li>Saate teate, kui teie pilet on v\u00f5itnud<\/li>\n<li>\u00c4rge muretsege piletivalikute valimise p\u00e4rast kiirvalikutega<\/li>\n<\/ul>\n<h2>Kas Set for life&#8217;i piletite ostmine veebist on seaduslik?<\/h2>\n<p>Sa ei pea muretsema piletite ostmise seaduslikkuse p\u00e4rast internetis v\u00f5i traditsioonilisel viisil. V\u00f5ite l\u00f5\u00f5gastuda ja usaldada, et me hoolitseme selle eest, et j\u00e4rgida k\u00f5iki selle riigi eeskirju, kust need m\u00e4ngud p\u00e4rit on. K\u00f5ik, mida peate tegema, on pileti ostmine ja me garanteerime, et kui teil on \u00f5igus auhinnale, sealhulgas jackpotile, siis te saate selle.<br \/>\nMeie veebisaidi kasutamiseks peate olema v\u00e4hemalt 18-aastane.<\/p>\n<h2>Kuidas ma saan raha, kui ma v\u00f5idan Set for life online?<\/h2>\n<p>Sa tahad, et sulle makstakse iga sent, mis sulle kuulub, kui sa midagi v\u00f5idad, ja t\u00e4pselt seda me ka teeme. Me hoolitseme selle eest, et sa saaksid alati kogu raha k\u00e4tte ilma komisjonitasuta ja ilma, et sinu v\u00f5idu pealt oleks v\u00f5etud mingeid tasusid.<br \/>\nAinus kord, kui pead midagi maksma, on siis, kui otsustad teha panga\u00fclekande. Kui pank n\u00f5uab meilt raha, mis v\u00f5ib juhtuda rahvusvaheliste \u00fclekannete puhul, siis v\u00f5tame me selle tasu sinu kontolt. See on ainus p\u00f5hjus, miks me sinu v\u00f5idust midagi maha v\u00f5tame.<br \/>\nJa kui sa v\u00f5idad, saad oma raha k\u00e4tte vaid \u00fchel paarist viisist:<\/p>\n<ul>\n<li>Iga alla 2500 euro suurune summa on lihtne, sest meie tugimeeskond kannab raha otse sinu kontole.<\/li>\n<li>Mis tahes summa \u00fcle 2500 euro on sinu jaoks endiselt lihtne, sest meie tugimeeskond aitab sind selle protsessi k\u00e4igus. Saadame sulle n\u00f5udeavalduse vormi, et saaksid selle t\u00e4ita ja meile teada anda, kas soovid raha \u00fclekandmist oma panka v\u00f5i saatmist t\u0161ekina.<\/li>\n<\/ul>\n","protected":false},"excerpt":{"rendered":"<p>Kui sa tahad n\u00fc\u00fcd oma Set for Life&#8217;i pileteid osta, pead sa teadma, kuidas seda teha. Kui sa elad Eestis, siis on see sinu jaoks lihtne ja sa ilmselt juba tead, kuidas pileteid hankida. Aga kuidas on lood teiste riikide, n\u00e4iteks Austraalia, lotom\u00e4ngijatega? Noh, see on v\u00e4ga lihtne protsess ja me saame sind kiiresti t\u00f6\u00f6le [&hellip;]<\/p>\n","protected":false},"author":1,"featured_media":0,"parent":5573,"menu_order":10,"comment_status":"closed","ping_status":"closed","template":"set-for-life-info.php","meta":{"_et_pb_use_builder":"","_et_pb_old_content":"","_et_gb_content_width":"","exclude_from_search":false,"footnotes":""},"class_list":["post-80381","page","type-page","status-publish","hentry"],"yoast_head":"<!-- This site is optimized with the Yoast SEO plugin v23.4 - https:\/\/yoast.com\/wordpress\/plugins\/seo\/ -->\n<title>Osta pileteid Set for life online Austraaliast | Set for life loterii info, kuidas osta pileteid<\/title>\n<meta name=\"description\" content=\"Set for life loterii saab v\u00f5ita Austraaliast - osta pileteid online siit\" \/>\n<meta name=\"robots\" content=\"index, follow, max-snippet:-1, max-image-preview:large, max-video-preview:-1\" \/>\n<link rel=\"canonical\" href=\"https:\/\/onlinelotto365.com\/et\/pileteid-ostma\/set-for-life\/\" \/>\n<meta property=\"og:locale\" content=\"et_EE\" \/>\n<meta property=\"og:type\" content=\"article\" \/>\n<meta property=\"og:title\" content=\"Osta pileteid Set for life online Austraaliast | Set for life loterii info, kuidas osta pileteid\" \/>\n<meta property=\"og:description\" content=\"Set for life loterii saab v\u00f5ita Austraaliast - osta pileteid online siit\" \/>\n<meta property=\"og:url\" content=\"https:\/\/onlinelotto365.com\/et\/pileteid-ostma\/set-for-life\/\" \/>\n<meta property=\"og:site_name\" content=\"OnlineLotto365\" \/>\n<meta property=\"og:image\" content=\"https:\/\/redfoxlotto.com\/image?size=8&amp;lottery=set-for-life-uk\" \/>\n<meta name=\"twitter:card\" content=\"summary_large_image\" \/>\n<meta name=\"twitter:label1\" content=\"Est. reading time\" \/>\n\t<meta name=\"twitter:data1\" content=\"3 minutit\" \/>\n<script type=\"application\/ld+json\" class=\"yoast-schema-graph\">{\"@context\":\"https:\/\/schema.org\",\"@graph\":[{\"@type\":\"WebPage\",\"@id\":\"https:\/\/onlinelotto365.com\/et\/pileteid-ostma\/set-for-life\/\",\"url\":\"https:\/\/onlinelotto365.com\/et\/pileteid-ostma\/set-for-life\/\",\"name\":\"Osta pileteid Set for life online Austraaliast | Set for life loterii info, kuidas osta pileteid\",\"isPartOf\":{\"@id\":\"https:\/\/onlinelotto365.com\/et\/#website\"},\"primaryImageOfPage\":{\"@id\":\"https:\/\/onlinelotto365.com\/et\/pileteid-ostma\/set-for-life\/#primaryimage\"},\"image\":{\"@id\":\"https:\/\/onlinelotto365.com\/et\/pileteid-ostma\/set-for-life\/#primaryimage\"},\"thumbnailUrl\":\"https:\/\/redfoxlotto.com\/image?size=8&amp;lottery=set-for-life-uk\",\"datePublished\":\"2022-11-17T08:52:07+00:00\",\"dateModified\":\"2022-11-17T08:52:07+00:00\",\"description\":\"Set for life loterii saab v\u00f5ita Austraaliast - osta pileteid online siit\",\"breadcrumb\":{\"@id\":\"https:\/\/onlinelotto365.com\/et\/pileteid-ostma\/set-for-life\/#breadcrumb\"},\"inLanguage\":\"et\",\"potentialAction\":[{\"@type\":\"ReadAction\",\"target\":[\"https:\/\/onlinelotto365.com\/et\/pileteid-ostma\/set-for-life\/\"]}]},{\"@type\":\"ImageObject\",\"inLanguage\":\"et\",\"@id\":\"https:\/\/onlinelotto365.com\/et\/pileteid-ostma\/set-for-life\/#primaryimage\",\"url\":\"https:\/\/redfoxlotto.com\/image?size=8&amp;lottery=set-for-life-uk\",\"contentUrl\":\"https:\/\/redfoxlotto.com\/image?size=8&amp;lottery=set-for-life-uk\"},{\"@type\":\"BreadcrumbList\",\"@id\":\"https:\/\/onlinelotto365.com\/et\/pileteid-ostma\/set-for-life\/#breadcrumb\",\"itemListElement\":[{\"@type\":\"ListItem\",\"position\":1,\"name\":\"Home\",\"item\":\"https:\/\/onlinelotto365.com\/et\/\"},{\"@type\":\"ListItem\",\"position\":2,\"name\":\"Osta Loto Pileteid Internetis\",\"item\":\"https:\/\/onlinelotto365.com\/et\/pileteid-ostma\/\"},{\"@type\":\"ListItem\",\"position\":3,\"name\":\"Kuidas osta Set for life pileteid internetis\"}]},{\"@type\":\"WebSite\",\"@id\":\"https:\/\/onlinelotto365.com\/et\/#website\",\"url\":\"https:\/\/onlinelotto365.com\/et\/\",\"name\":\"OnlineLotto365\",\"description\":\"\",\"potentialAction\":[{\"@type\":\"SearchAction\",\"target\":{\"@type\":\"EntryPoint\",\"urlTemplate\":\"https:\/\/onlinelotto365.com\/et\/?s={search_term_string}\"},\"query-input\":{\"@type\":\"PropertyValueSpecification\",\"valueRequired\":true,\"valueName\":\"search_term_string\"}}],\"inLanguage\":\"et\"}]}<\/script>\n<!-- \/ Yoast SEO plugin. -->","yoast_head_json":{"title":"Osta pileteid Set for life online Austraaliast | Set for life loterii info, kuidas osta pileteid","description":"Set for life loterii saab v\u00f5ita Austraaliast - osta pileteid online siit","robots":{"index":"index","follow":"follow","max-snippet":"max-snippet:-1","max-image-preview":"max-image-preview:large","max-video-preview":"max-video-preview:-1"},"canonical":"https:\/\/onlinelotto365.com\/et\/pileteid-ostma\/set-for-life\/","og_locale":"et_EE","og_type":"article","og_title":"Osta pileteid Set for life online Austraaliast | Set for life loterii info, kuidas osta pileteid","og_description":"Set for life loterii saab v\u00f5ita Austraaliast - osta pileteid online siit","og_url":"https:\/\/onlinelotto365.com\/et\/pileteid-ostma\/set-for-life\/","og_site_name":"OnlineLotto365","og_image":[{"url":"https:\/\/redfoxlotto.com\/image?size=8&amp;lottery=set-for-life-uk"}],"twitter_card":"summary_large_image","twitter_misc":{"Est. reading time":"3 minutit"},"schema":{"@context":"https:\/\/schema.org","@graph":[{"@type":"WebPage","@id":"https:\/\/onlinelotto365.com\/et\/pileteid-ostma\/set-for-life\/","url":"https:\/\/onlinelotto365.com\/et\/pileteid-ostma\/set-for-life\/","name":"Osta pileteid Set for life online Austraaliast | Set for life loterii info, kuidas osta pileteid","isPartOf":{"@id":"https:\/\/onlinelotto365.com\/et\/#website"},"primaryImageOfPage":{"@id":"https:\/\/onlinelotto365.com\/et\/pileteid-ostma\/set-for-life\/#primaryimage"},"image":{"@id":"https:\/\/onlinelotto365.com\/et\/pileteid-ostma\/set-for-life\/#primaryimage"},"thumbnailUrl":"https:\/\/redfoxlotto.com\/image?size=8&amp;lottery=set-for-life-uk","datePublished":"2022-11-17T08:52:07+00:00","dateModified":"2022-11-17T08:52:07+00:00","description":"Set for life loterii saab v\u00f5ita Austraaliast - osta pileteid online siit","breadcrumb":{"@id":"https:\/\/onlinelotto365.com\/et\/pileteid-ostma\/set-for-life\/#breadcrumb"},"inLanguage":"et","potentialAction":[{"@type":"ReadAction","target":["https:\/\/onlinelotto365.com\/et\/pileteid-ostma\/set-for-life\/"]}]},{"@type":"ImageObject","inLanguage":"et","@id":"https:\/\/onlinelotto365.com\/et\/pileteid-ostma\/set-for-life\/#primaryimage","url":"https:\/\/redfoxlotto.com\/image?size=8&amp;lottery=set-for-life-uk","contentUrl":"https:\/\/redfoxlotto.com\/image?size=8&amp;lottery=set-for-life-uk"},{"@type":"BreadcrumbList","@id":"https:\/\/onlinelotto365.com\/et\/pileteid-ostma\/set-for-life\/#breadcrumb","itemListElement":[{"@type":"ListItem","position":1,"name":"Home","item":"https:\/\/onlinelotto365.com\/et\/"},{"@type":"ListItem","position":2,"name":"Osta Loto Pileteid Internetis","item":"https:\/\/onlinelotto365.com\/et\/pileteid-ostma\/"},{"@type":"ListItem","position":3,"name":"Kuidas osta Set for life pileteid internetis"}]},{"@type":"WebSite","@id":"https:\/\/onlinelotto365.com\/et\/#website","url":"https:\/\/onlinelotto365.com\/et\/","name":"OnlineLotto365","description":"","potentialAction":[{"@type":"SearchAction","target":{"@type":"EntryPoint","urlTemplate":"https:\/\/onlinelotto365.com\/et\/?s={search_term_string}"},"query-input":{"@type":"PropertyValueSpecification","valueRequired":true,"valueName":"search_term_string"}}],"inLanguage":"et"}]}},"_links":{"self":[{"href":"https:\/\/onlinelotto365.com\/et\/wp-json\/wp\/v2\/pages\/80381","targetHints":{"allow":["GET"]}}],"collection":[{"href":"https:\/\/onlinelotto365.com\/et\/wp-json\/wp\/v2\/pages"}],"about":[{"href":"https:\/\/onlinelotto365.com\/et\/wp-json\/wp\/v2\/types\/page"}],"author":[{"embeddable":true,"href":"https:\/\/onlinelotto365.com\/et\/wp-json\/wp\/v2\/users\/1"}],"replies":[{"embeddable":true,"href":"https:\/\/onlinelotto365.com\/et\/wp-json\/wp\/v2\/comments?post=80381"}],"version-history":[{"count":0,"href":"https:\/\/onlinelotto365.com\/et\/wp-json\/wp\/v2\/pages\/80381\/revisions"}],"up":[{"embeddable":true,"href":"https:\/\/onlinelotto365.com\/et\/wp-json\/wp\/v2\/pages\/5573"}],"wp:attachment":[{"href":"https:\/\/onlinelotto365.com\/et\/wp-json\/wp\/v2\/media?parent=80381"}],"curies":[{"name":"wp","href":"https:\/\/api.w.org\/{rel}","templated":true}]}}