{"id":80431,"date":"2022-11-17T13:59:35","date_gmt":"2022-11-17T12:59:35","guid":{"rendered":"https:\/\/onlinelotto365.com\/?page_id=80431"},"modified":"2022-11-18T07:03:29","modified_gmt":"2022-11-18T06:03:29","slug":"german-lotto","status":"publish","type":"page","link":"https:\/\/onlinelotto365.com\/et\/pileteid-ostma\/german-lotto\/","title":{"rendered":"Kuidas osta online pileteid Saksa Lotto jaoks"},"content":{"rendered":"<p>Kas te ei ole p\u00e4ris kindel, kuidas osta Saksa Lotto pileteid internetis? Noh, siis olete j\u00f5udnud \u00f5igesse kohta, sest me juhatame teid l\u00e4bi \u00fcli\u00fchtse protsessi, et j\u00f5uda Eestis olles piletite soovimisest kuni loosimise ootamiseni, et n\u00e4ha, kas olete midagi suurt v\u00f5itnud.<br \/>\n<a href=\"https:\/\/redfoxlotto.com\/play\/lotto-6aus49\/?ref=a8564250a2&amp;medium=ol365\" target=\"_blank\" rel=\"noopener noreferrer\"><img decoding=\"async\" class=\"aligncenter\" src=\"https:\/\/redfoxlotto.com\/image?size=8&amp;lottery=lotto-6aus49\" alt=\"Saksa Lotto 6aus49\" \/><\/a><\/p>\n<ul>\n<li>Mine selle lotom\u00e4ngu veebilehele, mida soovid m\u00e4ngida, ja vali v\u00e4lja soovitud piletite arv ja numbrid, mida soovid m\u00e4ngida.<\/li>\n<li>Hankige nii palju pileteid, kui soovite selle m\u00e4ngu ja mis tahes muude m\u00e4ngude jaoks<\/li>\n<li>Vajutage nupule, et maksta n\u00fc\u00fcd<\/li>\n<li>Logige oma praegusele kontole sisse, et makseid sooritada, v\u00f5i looge uus konto ja l\u00f5petage registreerimisprotsess.<\/li>\n<li>Need, kes peavad looma konto, peavad selle ka oma e-posti kontolt kinnitama<\/li>\n<li>Vaadake kindlasti nii oma postkastis kui ka r\u00e4mpsposti kaustas, et n\u00e4ha, kas e-kiri on sinna saadetud ja kl\u00f5psake lingile<\/li>\n<li>Kui olete oma konto kinnitanud, minge ostukorvi, et osta oma tooteid<\/li>\n<li>K\u00e4ige l\u00e4bi maksmise protsess vastavalt esitatud juhistele<\/li>\n<\/ul>\n<h2>Kuidas tasuda oma Saksa loto pileti eest internetis<\/h2>\n<p>Kui on aeg piletite eest tasuda, saate valida mitme erineva t\u00e4iesti turvalise maksev\u00f5imaluse vahel.<br \/>\nK\u00f5ik need v\u00f5imalused kuuluvad \u00fchte kahest erinevast kategooriast:<\/p>\n<p>Makske oma piletite eest, esitades ostu ajal makseviisi<br \/>\nMakske oma piletite eest, lisades raha oma m\u00e4ngijakontole ja kasutades seda ostu sooritamiseks<\/p>\n<p>Veenduge, et kui lisate raha oma m\u00e4ngukontole, siis lisate seda piisavalt, et see kataks rohkem kui praeguse tehingu maksumuse, et see kiidetaks heaks.<\/p>\n<h2>Rohkem infot Saksa Lotto kohta<\/h2>\n<ul>\n<li>Riik: Saksamaa<\/li>\n<li>Peamine numbrivahemik: 49<\/li>\n<li>Teie valik: 6<\/li>\n<li>Lisanumber valitakse teile automaatselt<\/li>\n<li>Loosimise p\u00e4evad, tunnid: 20:25 Kesk-Euroopa aja j\u00e4rgi, 20:25 Kesk-Euroopa aja j\u00e4rgi.<\/li>\n<li>Minimaalne jackpot: 1 miljon eurot<\/li>\n<li>Maksimaalne jackpot: p\u00e4rast 12 loosimist<\/li>\n<li>T\u00f5en\u00e4osus v\u00f5ita jackpot: 1:125854344<\/li>\n<li>T\u00f5en\u00e4osus 2: 1:13983816<\/li>\n<li>T\u00f5en\u00e4osus v\u00f5ita \u00fcksk\u00f5ik millisel tasandil: 1:31<\/li>\n<li>Auhinnaklasside arv: 9<\/li>\n<\/ul>\n<h2>Saksa loto piletite ostmise eelised internetis<\/h2>\n<ul>\n<li>Saate pileteid mugavalt kodus olles<\/li>\n<li>Saate k\u00f5ik soovitud loteriim\u00e4ngud<\/li>\n<li>Saate paremad v\u00f5imalused parimatele jackpotidele, valides oma m\u00e4nge \u00f5igesti<\/li>\n<li>Saate lihtsad maksev\u00f5imalused, lisades raha ostmiseks otse oma m\u00e4ngijakontole<\/li>\n<li>Saate h\u00f5lpsasti salvestada k\u00f5ik oma lotopiletid<\/li>\n<li>Saage kohene teade v\u00f5itude kohta<\/li>\n<li>Saa lihtsad valiku v\u00f5imalused, et sa ei peaks ise numbreid valima<\/li>\n<\/ul>\n<h2>Kas Saksa loto piletite ostmine internetis on seaduslik?<\/h2>\n<p>Kui olete mures piletite ostmise p\u00e4rast internetis, sest olete Eestis<br \/>\nja te ei tea reegleid, ei pea te muretsema. Me saame aidata teil osa murest maha v\u00f5tta, sest me hoolitseme selle eest, et j\u00e4rgitaks k\u00f5iki eeskirju, mis kehtivad selle riigi kohta, kust loterii p\u00e4rineb.<br \/>\nSee aitab sul end kindlamalt tunda ja tagab, et v\u00f5idetud raha l\u00e4heb garanteeritult otse sulle.<br \/>\nAinus reegel on, et m\u00e4ngimiseks peate olema 18-aastane v\u00f5i vanem.<\/p>\n<h2>Kuidas ma saan raha, kui ma v\u00f5in Saksa loto internetis v\u00f5ita?<\/h2>\n<p><img loading=\"lazy\" decoding=\"async\" class=\"alignright wp-image-3633\" src=\"https:\/\/onlinelotto365.com\/wp-content\/uploads\/2020\/11\/online_lottery-41-300x102.jpg\" alt=\"saksa loto online uk\" width=\"376\" height=\"128\" srcset=\"https:\/\/onlinelotto365.com\/wp-content\/uploads\/2020\/11\/online_lottery-41-300x102.jpg 300w, https:\/\/onlinelotto365.com\/wp-content\/uploads\/2020\/11\/online_lottery-41.jpg 593w\" sizes=\"auto, (max-width: 376px) 100vw, 376px\" \/><br \/>\nV\u00f5itude k\u00e4ttesaamisel teame juba, et sa ei taha ohverdada. Sa tahad saada kogu raha, millele sul on \u00f5igus, ja me saame sind selles aidata. Tegelikult saame sind kohe t\u00f6\u00f6le panna, sest me ei v\u00f5ta sinu v\u00f5idust komisjonitasu.<\/p>\n<p>Samuti ei v\u00f5ta me sinult mingeid tasusid. See on \u00f5ige, kui te ei soovi, et teie raha kantakse teie panka, siis me ei v\u00f5ta teilt tasu millegi eest, mida me teeme. Kui valite \u00fclekande, siis v\u00f5tame tasu, sest teie pank v\u00f5tab tasu.<\/p>\n<p><strong>Mis juhtub, kui sa v\u00f5idad:<\/strong><\/p>\n<ul>\n<li>Nende puhul, kes v\u00f5idavad v\u00e4hem kui 2500 eurot, ei pea te midagi tegema. Me hoolitseme k\u00f5ige eest, pannes raha teie kontole.<\/li>\n<li>Nende puhul, kes v\u00f5idavad \u00fcle 2500 euro, saad meie tugimeeskonnalt n\u00f5udeavalduse vormi. Sellel vormil saate otsustada, kas soovite, et teile makstakse v\u00e4lja t\u0161ekiga v\u00f5i panga\u00fclekandega. Seej\u00e4rel v\u00f5id lihtsalt maha istuda ja oodata, et raha j\u00f5uab sinuni m\u00f5ne p\u00e4eva jooksul.<\/li>\n<\/ul>\n","protected":false},"excerpt":{"rendered":"<p>Kas te ei ole p\u00e4ris kindel, kuidas osta Saksa Lotto pileteid internetis? Noh, siis olete j\u00f5udnud \u00f5igesse kohta, sest me juhatame teid l\u00e4bi \u00fcli\u00fchtse protsessi, et j\u00f5uda Eestis olles piletite soovimisest kuni loosimise ootamiseni, et n\u00e4ha, kas olete midagi suurt v\u00f5itnud. Mine selle lotom\u00e4ngu veebilehele, mida soovid m\u00e4ngida, ja vali v\u00e4lja soovitud piletite arv ja [&hellip;]<\/p>\n","protected":false},"author":1,"featured_media":0,"parent":5573,"menu_order":11,"comment_status":"closed","ping_status":"closed","template":"lotto-german-info.php","meta":{"_et_pb_use_builder":"","_et_pb_old_content":"","_et_gb_content_width":"","exclude_from_search":false,"footnotes":""},"class_list":["post-80431","page","type-page","status-publish","hentry"],"yoast_head":"<!-- This site is optimized with the Yoast SEO plugin v23.4 - https:\/\/yoast.com\/wordpress\/plugins\/seo\/ -->\n<title>N\u00fc\u00fcd osta Saksa Lotto pileteid internetis Eestist<\/title>\n<meta name=\"description\" content=\"Kui elate Eestis, saate endiselt osta Saksa loto pileteid internetis\" \/>\n<meta name=\"robots\" content=\"index, follow, max-snippet:-1, max-image-preview:large, max-video-preview:-1\" \/>\n<link rel=\"canonical\" href=\"https:\/\/onlinelotto365.com\/et\/pileteid-ostma\/german-lotto\/\" \/>\n<meta property=\"og:locale\" content=\"et_EE\" \/>\n<meta property=\"og:type\" content=\"article\" \/>\n<meta property=\"og:title\" content=\"N\u00fc\u00fcd osta Saksa Lotto pileteid internetis Eestist\" \/>\n<meta property=\"og:description\" content=\"Kui elate Eestis, saate endiselt osta Saksa loto pileteid internetis\" \/>\n<meta property=\"og:url\" content=\"https:\/\/onlinelotto365.com\/et\/pileteid-ostma\/german-lotto\/\" \/>\n<meta property=\"og:site_name\" content=\"OnlineLotto365\" \/>\n<meta property=\"article:modified_time\" content=\"2022-11-18T06:03:29+00:00\" \/>\n<meta property=\"og:image\" content=\"https:\/\/redfoxlotto.com\/image?size=8&amp;lottery=lotto-6aus49\" \/>\n<meta name=\"twitter:card\" content=\"summary_large_image\" \/>\n<meta name=\"twitter:label1\" content=\"Est. reading time\" \/>\n\t<meta name=\"twitter:data1\" content=\"3 minutit\" \/>\n<script type=\"application\/ld+json\" class=\"yoast-schema-graph\">{\"@context\":\"https:\/\/schema.org\",\"@graph\":[{\"@type\":\"WebPage\",\"@id\":\"https:\/\/onlinelotto365.com\/et\/pileteid-ostma\/german-lotto\/\",\"url\":\"https:\/\/onlinelotto365.com\/et\/pileteid-ostma\/german-lotto\/\",\"name\":\"N\u00fc\u00fcd osta Saksa Lotto pileteid internetis Eestist\",\"isPartOf\":{\"@id\":\"https:\/\/onlinelotto365.com\/et\/#website\"},\"primaryImageOfPage\":{\"@id\":\"https:\/\/onlinelotto365.com\/et\/pileteid-ostma\/german-lotto\/#primaryimage\"},\"image\":{\"@id\":\"https:\/\/onlinelotto365.com\/et\/pileteid-ostma\/german-lotto\/#primaryimage\"},\"thumbnailUrl\":\"https:\/\/redfoxlotto.com\/image?size=8&amp;lottery=lotto-6aus49\",\"datePublished\":\"2022-11-17T12:59:35+00:00\",\"dateModified\":\"2022-11-18T06:03:29+00:00\",\"description\":\"Kui elate Eestis, saate endiselt osta Saksa loto pileteid internetis\",\"breadcrumb\":{\"@id\":\"https:\/\/onlinelotto365.com\/et\/pileteid-ostma\/german-lotto\/#breadcrumb\"},\"inLanguage\":\"et\",\"potentialAction\":[{\"@type\":\"ReadAction\",\"target\":[\"https:\/\/onlinelotto365.com\/et\/pileteid-ostma\/german-lotto\/\"]}]},{\"@type\":\"ImageObject\",\"inLanguage\":\"et\",\"@id\":\"https:\/\/onlinelotto365.com\/et\/pileteid-ostma\/german-lotto\/#primaryimage\",\"url\":\"https:\/\/redfoxlotto.com\/image?size=8&amp;lottery=lotto-6aus49\",\"contentUrl\":\"https:\/\/redfoxlotto.com\/image?size=8&amp;lottery=lotto-6aus49\"},{\"@type\":\"BreadcrumbList\",\"@id\":\"https:\/\/onlinelotto365.com\/et\/pileteid-ostma\/german-lotto\/#breadcrumb\",\"itemListElement\":[{\"@type\":\"ListItem\",\"position\":1,\"name\":\"Home\",\"item\":\"https:\/\/onlinelotto365.com\/et\/\"},{\"@type\":\"ListItem\",\"position\":2,\"name\":\"Osta Loto Pileteid Internetis\",\"item\":\"https:\/\/onlinelotto365.com\/et\/pileteid-ostma\/\"},{\"@type\":\"ListItem\",\"position\":3,\"name\":\"Kuidas osta online pileteid Saksa Lotto jaoks\"}]},{\"@type\":\"WebSite\",\"@id\":\"https:\/\/onlinelotto365.com\/et\/#website\",\"url\":\"https:\/\/onlinelotto365.com\/et\/\",\"name\":\"OnlineLotto365\",\"description\":\"\",\"potentialAction\":[{\"@type\":\"SearchAction\",\"target\":{\"@type\":\"EntryPoint\",\"urlTemplate\":\"https:\/\/onlinelotto365.com\/et\/?s={search_term_string}\"},\"query-input\":{\"@type\":\"PropertyValueSpecification\",\"valueRequired\":true,\"valueName\":\"search_term_string\"}}],\"inLanguage\":\"et\"}]}<\/script>\n<!-- \/ Yoast SEO plugin. -->","yoast_head_json":{"title":"N\u00fc\u00fcd osta Saksa Lotto pileteid internetis Eestist","description":"Kui elate Eestis, saate endiselt osta Saksa loto pileteid internetis","robots":{"index":"index","follow":"follow","max-snippet":"max-snippet:-1","max-image-preview":"max-image-preview:large","max-video-preview":"max-video-preview:-1"},"canonical":"https:\/\/onlinelotto365.com\/et\/pileteid-ostma\/german-lotto\/","og_locale":"et_EE","og_type":"article","og_title":"N\u00fc\u00fcd osta Saksa Lotto pileteid internetis Eestist","og_description":"Kui elate Eestis, saate endiselt osta Saksa loto pileteid internetis","og_url":"https:\/\/onlinelotto365.com\/et\/pileteid-ostma\/german-lotto\/","og_site_name":"OnlineLotto365","article_modified_time":"2022-11-18T06:03:29+00:00","og_image":[{"url":"https:\/\/redfoxlotto.com\/image?size=8&amp;lottery=lotto-6aus49"}],"twitter_card":"summary_large_image","twitter_misc":{"Est. reading time":"3 minutit"},"schema":{"@context":"https:\/\/schema.org","@graph":[{"@type":"WebPage","@id":"https:\/\/onlinelotto365.com\/et\/pileteid-ostma\/german-lotto\/","url":"https:\/\/onlinelotto365.com\/et\/pileteid-ostma\/german-lotto\/","name":"N\u00fc\u00fcd osta Saksa Lotto pileteid internetis Eestist","isPartOf":{"@id":"https:\/\/onlinelotto365.com\/et\/#website"},"primaryImageOfPage":{"@id":"https:\/\/onlinelotto365.com\/et\/pileteid-ostma\/german-lotto\/#primaryimage"},"image":{"@id":"https:\/\/onlinelotto365.com\/et\/pileteid-ostma\/german-lotto\/#primaryimage"},"thumbnailUrl":"https:\/\/redfoxlotto.com\/image?size=8&amp;lottery=lotto-6aus49","datePublished":"2022-11-17T12:59:35+00:00","dateModified":"2022-11-18T06:03:29+00:00","description":"Kui elate Eestis, saate endiselt osta Saksa loto pileteid internetis","breadcrumb":{"@id":"https:\/\/onlinelotto365.com\/et\/pileteid-ostma\/german-lotto\/#breadcrumb"},"inLanguage":"et","potentialAction":[{"@type":"ReadAction","target":["https:\/\/onlinelotto365.com\/et\/pileteid-ostma\/german-lotto\/"]}]},{"@type":"ImageObject","inLanguage":"et","@id":"https:\/\/onlinelotto365.com\/et\/pileteid-ostma\/german-lotto\/#primaryimage","url":"https:\/\/redfoxlotto.com\/image?size=8&amp;lottery=lotto-6aus49","contentUrl":"https:\/\/redfoxlotto.com\/image?size=8&amp;lottery=lotto-6aus49"},{"@type":"BreadcrumbList","@id":"https:\/\/onlinelotto365.com\/et\/pileteid-ostma\/german-lotto\/#breadcrumb","itemListElement":[{"@type":"ListItem","position":1,"name":"Home","item":"https:\/\/onlinelotto365.com\/et\/"},{"@type":"ListItem","position":2,"name":"Osta Loto Pileteid Internetis","item":"https:\/\/onlinelotto365.com\/et\/pileteid-ostma\/"},{"@type":"ListItem","position":3,"name":"Kuidas osta online pileteid Saksa Lotto jaoks"}]},{"@type":"WebSite","@id":"https:\/\/onlinelotto365.com\/et\/#website","url":"https:\/\/onlinelotto365.com\/et\/","name":"OnlineLotto365","description":"","potentialAction":[{"@type":"SearchAction","target":{"@type":"EntryPoint","urlTemplate":"https:\/\/onlinelotto365.com\/et\/?s={search_term_string}"},"query-input":{"@type":"PropertyValueSpecification","valueRequired":true,"valueName":"search_term_string"}}],"inLanguage":"et"}]}},"_links":{"self":[{"href":"https:\/\/onlinelotto365.com\/et\/wp-json\/wp\/v2\/pages\/80431","targetHints":{"allow":["GET"]}}],"collection":[{"href":"https:\/\/onlinelotto365.com\/et\/wp-json\/wp\/v2\/pages"}],"about":[{"href":"https:\/\/onlinelotto365.com\/et\/wp-json\/wp\/v2\/types\/page"}],"author":[{"embeddable":true,"href":"https:\/\/onlinelotto365.com\/et\/wp-json\/wp\/v2\/users\/1"}],"replies":[{"embeddable":true,"href":"https:\/\/onlinelotto365.com\/et\/wp-json\/wp\/v2\/comments?post=80431"}],"version-history":[{"count":0,"href":"https:\/\/onlinelotto365.com\/et\/wp-json\/wp\/v2\/pages\/80431\/revisions"}],"up":[{"embeddable":true,"href":"https:\/\/onlinelotto365.com\/et\/wp-json\/wp\/v2\/pages\/5573"}],"wp:attachment":[{"href":"https:\/\/onlinelotto365.com\/et\/wp-json\/wp\/v2\/media?parent=80431"}],"curies":[{"name":"wp","href":"https:\/\/api.w.org\/{rel}","templated":true}]}}