{"id":80462,"date":"2022-11-18T10:04:02","date_gmt":"2022-11-18T09:04:02","guid":{"rendered":"https:\/\/onlinelotto365.com\/?page_id=80462"},"modified":"2022-11-18T10:04:02","modified_gmt":"2022-11-18T09:04:02","slug":"mega-sena","status":"publish","type":"page","link":"https:\/\/onlinelotto365.com\/et\/pileteid-ostma\/mega-sena\/","title":{"rendered":"Kuidas osta Mega-Sena Brasiilia pileteid internetis"},"content":{"rendered":"<p>Kas sa tahad teada, kuidas sa saad Mega-Sena pileteid, kuigi elad Eestis v\u00f5i m\u00f5nes muus riigis v\u00e4ljaspool Brasiiliat? No siis loe veidi edasi, sest me saame sind kogu protsessiga aidata ja veenduda, et oled teel, et saada piletid, mida soovid k\u00f5ikidele m\u00e4ngudele, mida soovid m\u00e4ngida.<br \/>\n<a href=\"https:\/\/redfoxlotto.com\/play\/mega-sena\/?ref=a8564250a2&amp;medium=ol365\" target=\"_blank\" rel=\"noopener noreferrer\"><img decoding=\"async\" class=\"aligncenter\" src=\"https:\/\/redfoxlotto.com\/image?size=8&amp;lottery=mega-sena\" alt=\"mega-sena\" \/><\/a><\/p>\n<ul>\n<li>K\u00f5ik, mida sa pead tegema, et alustada, on valida m\u00e4ng, mida sa tahad m\u00e4ngida, ja valida v\u00e4lja piletinumbrid, mida soovid selle m\u00e4ngu jaoks.<\/li>\n<li>Lisage nii palju pileteid, kui soovite selle m\u00e4ngu v\u00f5i mis tahes muu m\u00e4ngu jaoks, mida soovite m\u00e4ngida.<\/li>\n<li>Vajutage nupule, et alustada kassaprotsessi.<\/li>\n<li>Logige sisse oma praegusesse kontosse v\u00f5i looge uus konto, et osta pileteid.<\/li>\n<li>Kui peate looma uue konto, peate l\u00e4bima registreerimisprotsessi. Teie e-kirjale saadetakse kontrolllink.<\/li>\n<li>Kui e-kiri ei ilmu teie postkasti, siis vaadake r\u00e4mpsposti kausta, et veenduda, et see on k\u00e4tte saadud.<\/li>\n<li>Kui olete oma konto kinnitanud, minge veebisaidil ostukorvi.<\/li>\n<li>J\u00e4rgige juhiseid, et maksta piletite eest valitud makseviisi abil.<\/li>\n<\/ul>\n<h2>Kuidas maksta Mega-Sena pileti eest internetis<\/h2>\n<p>Piletite eest turvaliselt tasumine on teile oluline ja me teeme selle v\u00f5imalikult lihtsaks, pakkudes teile palju erinevaid otsemakse v\u00f5imalusi ning ka teiseseid v\u00f5imalusi piletite ostmiseks. Peate lihtsalt alustama \u00fchega kahest allpool olevast valikust.<\/p>\n<p>Makske otse, kasutades oma lemmik makseviisi<br \/>\nLisage raha oma m\u00e4ngijakontole, et saaksite pileteid osta otse kontolt.<\/p>\n<p>Veenduge, et lisate oma m\u00e4ngijakontole veidi lisa, kui valite selle meetodi. Nii saab sinu konto saldo ostu eest tasuda.<\/p>\n<h2>Rohkem infot Mega-Sena kohta<\/h2>\n<ul>\n<li>Riik: Brasiilia<\/li>\n<li>Peamised numbrid vahemikus: 60<\/li>\n<li>Sinu valik: 6<\/li>\n<li>Loosimise p\u00e4evad, tunnid: Kolmap\u00e4ev, laup\u00e4ev, 20:00 GMT -3, 24:00 CET<\/li>\n<li>Minimaalne jackpot: R$ 2 miljonit<\/li>\n<li>Maksimaalne jackpot: ei ole<\/li>\n<li>T\u00f5en\u00e4osus v\u00f5ita jackpot: 1:50063860<\/li>\n<li>T\u00f5en\u00e4osus 2: 1:15451809<\/li>\n<li>T\u00f5en\u00e4osus v\u00f5ita \u00fcksk\u00f5ik millisel tasemel: 1:2297,56<\/li>\n<li>Auhinnaklasside arv: 3<\/li>\n<\/ul>\n<h2>Mega-Sena piletite ostmise eelised internetis<\/h2>\n<ul>\n<li>Ei ole vaja reisida &#8211; osta piletid lihtsalt kodust.<\/li>\n<li>Valige erinevate loteriim\u00e4ngude vahel<\/li>\n<li>Saate parima t\u00f5en\u00e4osusega v\u00f5ita k\u00f5rge jackpotiga m\u00e4nge<\/li>\n<li>Pane raha otse oma kontole, et seda ostmiseks kasutada<\/li>\n<li>J\u00e4lgige oma pileteid h\u00f5lpsasti<\/li>\n<li>Saate teateid, kui te oma piletite pealt v\u00f5idate<\/li>\n<li>Kasutage kiirvaliku v\u00f5imalust, et saada pileteid ilma numbreid valimata<\/li>\n<\/ul>\n<h2>Kas Mega-Sena piletite ostmine veebist on seaduslik?<\/h2>\n<p>Paljud inimesed muretsevad selle p\u00e4rast, kas nad v\u00f5ivad osta Mega-Sena lotopileteid internetis, sest Eesti on nende elukohariik. V\u00f5i ehk elavad nad m\u00f5nes teises riigis, kuid mitte Brasiilias. Me aitame teil m\u00f5ningaid muresid lahendada, hoolitsedes selle eest, et k\u00f5ik, mida me teeme, p\u00f5hineks selle riigi eeskirjadel, kus loteriid korraldatakse. See muudab piletite ostmise lihtsamaks ja teeb protsessi mugavaks. Lisaks on tagatud, et saate kogu v\u00f5idetud raha, sealhulgas jackpot&#8217;i.<\/p>\n<h2>Kuidas ma saan raha, kui ma v\u00f5in Mega-Sena internetis v\u00f5ita?<\/h2>\n<p><img loading=\"lazy\" decoding=\"async\" class=\"alignright wp-image-3660\" src=\"https:\/\/onlinelotto365.com\/wp-content\/uploads\/2020\/11\/online_lottery-133-300x212.jpg\" alt=\"mega-sena online Eesti\" width=\"177\" height=\"125\" srcset=\"https:\/\/onlinelotto365.com\/wp-content\/uploads\/2020\/11\/online_lottery-133-300x212.jpg 300w, https:\/\/onlinelotto365.com\/wp-content\/uploads\/2020\/11\/online_lottery-133.jpg 320w\" sizes=\"auto, (max-width: 177px) 100vw, 177px\" \/><br \/>\nKui tegemist on maksete tegemisega v\u00f5itjatele, siis teeme seda k\u00f5ige paremini, andes sulle iga sendi. Sa ei pea meile maksma komisjonitasu \u00fchegi v\u00f5idetud summa eest, olgu see siis v\u00e4ike auhind v\u00f5i isegi jackpot. Samuti ei pea sa meile maksma mingeid tasusid, kui sa ei vali panga\u00fclekannet.<br \/>\nK\u00f5igi teiste makseviiside puhul saad kogu v\u00f5idetud raha k\u00e4tte. Panga\u00fclekannete puhul saame pangalt m\u00f5nikord tasu ja see tasu v\u00f5etakse \u00fclekande k\u00e4igus sinu v\u00f5idust maha.<\/p>\n<p><strong>Kui sa v\u00f5idad, peaksid aga teadma, milline protsess toimub, et saada raha k\u00e4tte:<\/strong><\/p>\n<ul>\n<li>K\u00f5ik, kes v\u00f5idavad alla 2500 euro, saavad raha otse oma kontole, ilma et nad peaksid midagi tegema.<\/li>\n<li>K\u00f5igil, kes v\u00f5idavad \u00fcle 2500 euro, palutakse aga meie tugimeeskonnal t\u00e4ita n\u00f5udeavaldus. See v\u00f5imaldab teil saada oma raha \u00fchel kahest viisist. Saate valida, kas saada t\u0161ekk kogu summa kohta v\u00f5i lasta teha panga\u00fclekanne. M\u00f5lemal juhul saad oma raha m\u00f5ne p\u00e4eva jooksul \u00fcle mis tahes riiki, sealhulgas Eestisse.<\/li>\n<\/ul>\n","protected":false},"excerpt":{"rendered":"<p>Kas sa tahad teada, kuidas sa saad Mega-Sena pileteid, kuigi elad Eestis v\u00f5i m\u00f5nes muus riigis v\u00e4ljaspool Brasiiliat? No siis loe veidi edasi, sest me saame sind kogu protsessiga aidata ja veenduda, et oled teel, et saada piletid, mida soovid k\u00f5ikidele m\u00e4ngudele, mida soovid m\u00e4ngida. K\u00f5ik, mida sa pead tegema, et alustada, on valida m\u00e4ng, [&hellip;]<\/p>\n","protected":false},"author":1,"featured_media":0,"parent":5573,"menu_order":12,"comment_status":"closed","ping_status":"closed","template":"megasena-info.php","meta":{"_et_pb_use_builder":"","_et_pb_old_content":"","_et_gb_content_width":"","exclude_from_search":false,"footnotes":""},"class_list":["post-80462","page","type-page","status-publish","hentry"],"yoast_head":"<!-- This site is optimized with the Yoast SEO plugin v23.4 - https:\/\/yoast.com\/wordpress\/plugins\/seo\/ -->\n<title>Osta Mega-Sena pileteid online Eestist | Mega-Sena kohta ja kuidas pileteid saada<\/title>\n<meta name=\"description\" content=\"See on suurep\u00e4rane loterii Brasiiliast - ja n\u00fc\u00fcd saab pileteid osta online\" \/>\n<meta name=\"robots\" content=\"index, follow, max-snippet:-1, max-image-preview:large, max-video-preview:-1\" \/>\n<link rel=\"canonical\" href=\"https:\/\/onlinelotto365.com\/et\/pileteid-ostma\/mega-sena\/\" \/>\n<meta property=\"og:locale\" content=\"et_EE\" \/>\n<meta property=\"og:type\" content=\"article\" \/>\n<meta property=\"og:title\" content=\"Osta Mega-Sena pileteid online Eestist | Mega-Sena kohta ja kuidas pileteid saada\" \/>\n<meta property=\"og:description\" content=\"See on suurep\u00e4rane loterii Brasiiliast - ja n\u00fc\u00fcd saab pileteid osta online\" \/>\n<meta property=\"og:url\" content=\"https:\/\/onlinelotto365.com\/et\/pileteid-ostma\/mega-sena\/\" \/>\n<meta property=\"og:site_name\" content=\"OnlineLotto365\" \/>\n<meta property=\"og:image\" content=\"https:\/\/redfoxlotto.com\/image?size=8&amp;lottery=mega-sena\" \/>\n<meta name=\"twitter:card\" content=\"summary_large_image\" \/>\n<meta name=\"twitter:label1\" content=\"Est. reading time\" \/>\n\t<meta name=\"twitter:data1\" content=\"3 minutit\" \/>\n<script type=\"application\/ld+json\" class=\"yoast-schema-graph\">{\"@context\":\"https:\/\/schema.org\",\"@graph\":[{\"@type\":\"WebPage\",\"@id\":\"https:\/\/onlinelotto365.com\/et\/pileteid-ostma\/mega-sena\/\",\"url\":\"https:\/\/onlinelotto365.com\/et\/pileteid-ostma\/mega-sena\/\",\"name\":\"Osta Mega-Sena pileteid online Eestist | Mega-Sena kohta ja kuidas pileteid saada\",\"isPartOf\":{\"@id\":\"https:\/\/onlinelotto365.com\/et\/#website\"},\"primaryImageOfPage\":{\"@id\":\"https:\/\/onlinelotto365.com\/et\/pileteid-ostma\/mega-sena\/#primaryimage\"},\"image\":{\"@id\":\"https:\/\/onlinelotto365.com\/et\/pileteid-ostma\/mega-sena\/#primaryimage\"},\"thumbnailUrl\":\"https:\/\/redfoxlotto.com\/image?size=8&amp;lottery=mega-sena\",\"datePublished\":\"2022-11-18T09:04:02+00:00\",\"dateModified\":\"2022-11-18T09:04:02+00:00\",\"description\":\"See on suurep\u00e4rane loterii Brasiiliast - ja n\u00fc\u00fcd saab pileteid osta online\",\"breadcrumb\":{\"@id\":\"https:\/\/onlinelotto365.com\/et\/pileteid-ostma\/mega-sena\/#breadcrumb\"},\"inLanguage\":\"et\",\"potentialAction\":[{\"@type\":\"ReadAction\",\"target\":[\"https:\/\/onlinelotto365.com\/et\/pileteid-ostma\/mega-sena\/\"]}]},{\"@type\":\"ImageObject\",\"inLanguage\":\"et\",\"@id\":\"https:\/\/onlinelotto365.com\/et\/pileteid-ostma\/mega-sena\/#primaryimage\",\"url\":\"https:\/\/redfoxlotto.com\/image?size=8&amp;lottery=mega-sena\",\"contentUrl\":\"https:\/\/redfoxlotto.com\/image?size=8&amp;lottery=mega-sena\"},{\"@type\":\"BreadcrumbList\",\"@id\":\"https:\/\/onlinelotto365.com\/et\/pileteid-ostma\/mega-sena\/#breadcrumb\",\"itemListElement\":[{\"@type\":\"ListItem\",\"position\":1,\"name\":\"Home\",\"item\":\"https:\/\/onlinelotto365.com\/et\/\"},{\"@type\":\"ListItem\",\"position\":2,\"name\":\"Osta Loto Pileteid Internetis\",\"item\":\"https:\/\/onlinelotto365.com\/et\/pileteid-ostma\/\"},{\"@type\":\"ListItem\",\"position\":3,\"name\":\"Kuidas osta Mega-Sena Brasiilia pileteid internetis\"}]},{\"@type\":\"WebSite\",\"@id\":\"https:\/\/onlinelotto365.com\/et\/#website\",\"url\":\"https:\/\/onlinelotto365.com\/et\/\",\"name\":\"OnlineLotto365\",\"description\":\"\",\"potentialAction\":[{\"@type\":\"SearchAction\",\"target\":{\"@type\":\"EntryPoint\",\"urlTemplate\":\"https:\/\/onlinelotto365.com\/et\/?s={search_term_string}\"},\"query-input\":{\"@type\":\"PropertyValueSpecification\",\"valueRequired\":true,\"valueName\":\"search_term_string\"}}],\"inLanguage\":\"et\"}]}<\/script>\n<!-- \/ Yoast SEO plugin. -->","yoast_head_json":{"title":"Osta Mega-Sena pileteid online Eestist | Mega-Sena kohta ja kuidas pileteid saada","description":"See on suurep\u00e4rane loterii Brasiiliast - ja n\u00fc\u00fcd saab pileteid osta online","robots":{"index":"index","follow":"follow","max-snippet":"max-snippet:-1","max-image-preview":"max-image-preview:large","max-video-preview":"max-video-preview:-1"},"canonical":"https:\/\/onlinelotto365.com\/et\/pileteid-ostma\/mega-sena\/","og_locale":"et_EE","og_type":"article","og_title":"Osta Mega-Sena pileteid online Eestist | Mega-Sena kohta ja kuidas pileteid saada","og_description":"See on suurep\u00e4rane loterii Brasiiliast - ja n\u00fc\u00fcd saab pileteid osta online","og_url":"https:\/\/onlinelotto365.com\/et\/pileteid-ostma\/mega-sena\/","og_site_name":"OnlineLotto365","og_image":[{"url":"https:\/\/redfoxlotto.com\/image?size=8&amp;lottery=mega-sena"}],"twitter_card":"summary_large_image","twitter_misc":{"Est. reading time":"3 minutit"},"schema":{"@context":"https:\/\/schema.org","@graph":[{"@type":"WebPage","@id":"https:\/\/onlinelotto365.com\/et\/pileteid-ostma\/mega-sena\/","url":"https:\/\/onlinelotto365.com\/et\/pileteid-ostma\/mega-sena\/","name":"Osta Mega-Sena pileteid online Eestist | Mega-Sena kohta ja kuidas pileteid saada","isPartOf":{"@id":"https:\/\/onlinelotto365.com\/et\/#website"},"primaryImageOfPage":{"@id":"https:\/\/onlinelotto365.com\/et\/pileteid-ostma\/mega-sena\/#primaryimage"},"image":{"@id":"https:\/\/onlinelotto365.com\/et\/pileteid-ostma\/mega-sena\/#primaryimage"},"thumbnailUrl":"https:\/\/redfoxlotto.com\/image?size=8&amp;lottery=mega-sena","datePublished":"2022-11-18T09:04:02+00:00","dateModified":"2022-11-18T09:04:02+00:00","description":"See on suurep\u00e4rane loterii Brasiiliast - ja n\u00fc\u00fcd saab pileteid osta online","breadcrumb":{"@id":"https:\/\/onlinelotto365.com\/et\/pileteid-ostma\/mega-sena\/#breadcrumb"},"inLanguage":"et","potentialAction":[{"@type":"ReadAction","target":["https:\/\/onlinelotto365.com\/et\/pileteid-ostma\/mega-sena\/"]}]},{"@type":"ImageObject","inLanguage":"et","@id":"https:\/\/onlinelotto365.com\/et\/pileteid-ostma\/mega-sena\/#primaryimage","url":"https:\/\/redfoxlotto.com\/image?size=8&amp;lottery=mega-sena","contentUrl":"https:\/\/redfoxlotto.com\/image?size=8&amp;lottery=mega-sena"},{"@type":"BreadcrumbList","@id":"https:\/\/onlinelotto365.com\/et\/pileteid-ostma\/mega-sena\/#breadcrumb","itemListElement":[{"@type":"ListItem","position":1,"name":"Home","item":"https:\/\/onlinelotto365.com\/et\/"},{"@type":"ListItem","position":2,"name":"Osta Loto Pileteid Internetis","item":"https:\/\/onlinelotto365.com\/et\/pileteid-ostma\/"},{"@type":"ListItem","position":3,"name":"Kuidas osta Mega-Sena Brasiilia pileteid internetis"}]},{"@type":"WebSite","@id":"https:\/\/onlinelotto365.com\/et\/#website","url":"https:\/\/onlinelotto365.com\/et\/","name":"OnlineLotto365","description":"","potentialAction":[{"@type":"SearchAction","target":{"@type":"EntryPoint","urlTemplate":"https:\/\/onlinelotto365.com\/et\/?s={search_term_string}"},"query-input":{"@type":"PropertyValueSpecification","valueRequired":true,"valueName":"search_term_string"}}],"inLanguage":"et"}]}},"_links":{"self":[{"href":"https:\/\/onlinelotto365.com\/et\/wp-json\/wp\/v2\/pages\/80462","targetHints":{"allow":["GET"]}}],"collection":[{"href":"https:\/\/onlinelotto365.com\/et\/wp-json\/wp\/v2\/pages"}],"about":[{"href":"https:\/\/onlinelotto365.com\/et\/wp-json\/wp\/v2\/types\/page"}],"author":[{"embeddable":true,"href":"https:\/\/onlinelotto365.com\/et\/wp-json\/wp\/v2\/users\/1"}],"replies":[{"embeddable":true,"href":"https:\/\/onlinelotto365.com\/et\/wp-json\/wp\/v2\/comments?post=80462"}],"version-history":[{"count":0,"href":"https:\/\/onlinelotto365.com\/et\/wp-json\/wp\/v2\/pages\/80462\/revisions"}],"up":[{"embeddable":true,"href":"https:\/\/onlinelotto365.com\/et\/wp-json\/wp\/v2\/pages\/5573"}],"wp:attachment":[{"href":"https:\/\/onlinelotto365.com\/et\/wp-json\/wp\/v2\/media?parent=80462"}],"curies":[{"name":"wp","href":"https:\/\/api.w.org\/{rel}","templated":true}]}}