{"id":80495,"date":"2022-11-18T13:00:14","date_gmt":"2022-11-18T12:00:14","guid":{"rendered":"https:\/\/onlinelotto365.com\/?page_id=80495"},"modified":"2022-11-18T13:00:14","modified_gmt":"2022-11-18T12:00:14","slug":"powerball-australia","status":"publish","type":"page","link":"https:\/\/onlinelotto365.com\/et\/pileteid-ostma\/powerball-australia\/","title":{"rendered":"Kuidas osta Powerball Austraalia pileteid internetis"},"content":{"rendered":"<p>Kas soovite teada, kuidas saate osta oma Powerball Austraalia pileteid internetist? Oleme meie Eesti ja teiste riikide klientide jaoks jaotanud selle paari lihtsa sammu peale, nii et saate kohe alustada protsessi. Ja seda saab teha palju kiiremini ja lihtsamalt, kui te ehk arvate.<br \/>\n<a href=\"https:\/\/redfoxlotto.com\/play\/powerball-au\/?ref=a8564250a2&amp;medium=ol365\" target=\"_blank\" rel=\"noopener noreferrer\"><img decoding=\"async\" class=\"aligncenter\" src=\"https:\/\/redfoxlotto.com\/image?size=8&amp;lottery=powerball-au\" alt=\"Powerball Austraalia\" \/><\/a><\/p>\n<ul>\n<li>Mine Powerball Australia lehele ja vali v\u00e4lja soovitud piletid ja nende piletite numbrid v\u00f5i lase arvutil sinu eest valida.<\/li>\n<li>Lisa oma tellimusele nii palju pileteid ja m\u00e4nge, kui soovid, enne kui oled valmis.<\/li>\n<li>Vajuta nupule, et maksta kohe<\/li>\n<li>Loo meie veebisaidil konto v\u00f5i logi sisse oma praegusesse kontosse, kui sul on juba konto olemas.<\/li>\n<li>Neile, kes peavad konto looma, peate selle registreerima oma e-posti aadressiga.<\/li>\n<li>Kontrollige oma r\u00e4mpsposti kausta ja ka oma tavalist postkasti, et saada kinnitav e-kiri.<\/li>\n<li>Minge oma ostukorvi, et ostu l\u00f5pule viia<\/li>\n<li>Valige makseviis, mida soovite kasutada, ja l\u00e4bige makseprotsess<\/li>\n<\/ul>\n<h2>Kuidas maksta oma Powerball Austraalia pileti eest internetis<\/h2>\n<p>Saate valida mitme erineva maksev\u00f5imaluse vahel, mis on k\u00f5ik sama turvalised, nagu te ootaksite, kui ostate midagi Eestist veebist.<br \/>\nOsta oma piletid:<\/p>\n<p>Makstes tellimuse eest otse oma eelistatud makseviisiga<br \/>\nPannes raha oma m\u00e4ngijakontole ja kasutades seda piletite ostmiseks<\/p>\n<p>Pea meeles, et kui valid selle v\u00f5imaluse, pead oma m\u00e4ngijakontole rohkem kui piisavalt raha sisse maksma, et osta soovitud piletid.<\/p>\n<h2>Rohkem infot Powerball Austraalia kohta<\/h2>\n<ul>\n<li>Riik: Austraalia<\/li>\n<li>Peamised numbrid: 35<\/li>\n<li>Teie valik: 7<\/li>\n<li>Lisanumbrid: 20<\/li>\n<li>Teie valite: 1<\/li>\n<li>Loosimise p\u00e4evad, tunnid: Neljap\u00e4ev, 21:30 GMT+11, 10:30 CET<\/li>\n<li>Minimaalne jackpot: AU$ 3 miljonit<\/li>\n<li>Maksimaalne jackpot: AU$ 150 miljonit<\/li>\n<li>T\u00f5en\u00e4osus v\u00f5ita jackpot: 1:134490400<\/li>\n<li>T\u00f5en\u00e4osus 2: 1:7078443<\/li>\n<li>T\u00f5en\u00e4osus v\u00f5ita \u00fcksk\u00f5ik millisel tasandil: 1:24,87<\/li>\n<li>Auhinnaklasside arv: 7<\/li>\n<\/ul>\n<h2>Powerball Austraalia piletite ostmise eelised internetis<\/h2>\n<ul>\n<li>Saate soovitud piletid, ilma et peaksite kodust lahkuma.<\/li>\n<li>Osta pileteid paljude erinevate loteriide jaoks<\/li>\n<li>Saate parema v\u00f5imaluse v\u00f5ita suur jackpot, valides parimad valikud<\/li>\n<li>Pange raha oma kontole ja kasutage seda piletite ostmiseks<\/li>\n<li>\u00c4rge muretsege piletite kaotamise p\u00e4rast<\/li>\n<li>Teavitused, kui teie pilet on v\u00f5itja<\/li>\n<li>Valige numbrigeneraatoriga juhuslikke pileteid<\/li>\n<\/ul>\n<h2>Kas Eestis on seaduslik osta Powerball Australia pileteid internetis?<\/h2>\n<p>Ei ole vaja muretseda piletite ostmise p\u00e4rast internetis v\u00f5i traditsioonilisel viisil, kui tegemist on teie elukohariigi eeskirjadega. Me hoolitseme selle riigi m\u00e4\u00e4ruste j\u00e4rgimise eest, kus loterii toimub, et saaksite oma v\u00f5idud k\u00e4tte. Isegi kui v\u00f5idate jackpoti, ei ole teil probleemi raha k\u00e4tte saada.<br \/>\nIga\u00fcks, kes meie teenust kasutab, peab olema v\u00e4hemalt 18-aastane.<\/p>\n<h2>Kuidas ma saan raha, kui ma v\u00f5in Powerball Australia v\u00f5rgus v\u00f5ita?<\/h2>\n<p><img loading=\"lazy\" decoding=\"async\" class=\"alignright wp-image-3631\" src=\"https:\/\/onlinelotto365.com\/wp-content\/uploads\/2020\/11\/online_lottery-40-300x200.jpg\" alt=\"powerball austraalia online\" width=\"252\" height=\"168\" srcset=\"https:\/\/onlinelotto365.com\/wp-content\/uploads\/2020\/11\/online_lottery-40-300x200.jpg 300w, https:\/\/onlinelotto365.com\/wp-content\/uploads\/2020\/11\/online_lottery-40.jpg 424w\" sizes=\"auto, (max-width: 252px) 100vw, 252px\" \/><br \/>\nMe teame, et sa tahad oma v\u00f5idud v\u00f5imalikult kiiresti k\u00e4tte saada ja kindlasti ei taha sa sellest v\u00f5idust kellelegi teisele raha maksta. Seep\u00e4rast ei v\u00f5ta me kunagi teie v\u00f5itudest komisjonitasu. Kui sa v\u00f5idad, saad sa raha. Ainus kord, kui me v\u00f5tame tasu, on siis, kui otsustate raha \u00fclekandmise teel oma panka, mis v\u00f5taks meilt tasu, mis kantakse edasi teile.<br \/>\nKui sa v\u00f5idad raha, siis pead seda lihtsalt meeles pidama:<\/p>\n<ul>\n<li>Alla 2500 euro suurused summad makstakse automaatselt sinu m\u00e4ngijakontole, ilma et sa peaksid midagi tegema.<\/li>\n<li>\u00dcle 2500 euro suurused summad makstakse v\u00e4lja t\u0161ekiga v\u00f5i panga\u00fclekandega ja selleks tuleb sul t\u00e4ita vorm, mille saadab sulle klienditoe meeskond. Nii saad raha arveldada loteriikomisjoni kaudu.<\/li>\n<\/ul>\n","protected":false},"excerpt":{"rendered":"<p>Kas soovite teada, kuidas saate osta oma Powerball Austraalia pileteid internetist? Oleme meie Eesti ja teiste riikide klientide jaoks jaotanud selle paari lihtsa sammu peale, nii et saate kohe alustada protsessi. Ja seda saab teha palju kiiremini ja lihtsamalt, kui te ehk arvate. Mine Powerball Australia lehele ja vali v\u00e4lja soovitud piletid ja nende piletite [&hellip;]<\/p>\n","protected":false},"author":1,"featured_media":0,"parent":5573,"menu_order":13,"comment_status":"closed","ping_status":"closed","template":"powerball-au-info.php","meta":{"_et_pb_use_builder":"","_et_pb_old_content":"","_et_gb_content_width":"","exclude_from_search":false,"footnotes":""},"class_list":["post-80495","page","type-page","status-publish","hentry"],"yoast_head":"<!-- This site is optimized with the Yoast SEO plugin v23.4 - https:\/\/yoast.com\/wordpress\/plugins\/seo\/ -->\n<title>Osta Powerball Austraalia pileteid Eestist online teenuse kaudu<\/title>\n<meta name=\"description\" content=\"Osta Powerball Austraalia pileteid internetis - me teeme selle v\u00f5imalikuks Eesti m\u00e4ngijatele\" \/>\n<meta name=\"robots\" content=\"index, follow, max-snippet:-1, max-image-preview:large, max-video-preview:-1\" \/>\n<link rel=\"canonical\" href=\"https:\/\/onlinelotto365.com\/et\/pileteid-ostma\/powerball-australia\/\" \/>\n<meta property=\"og:locale\" content=\"et_EE\" \/>\n<meta property=\"og:type\" content=\"article\" \/>\n<meta property=\"og:title\" content=\"Osta Powerball Austraalia pileteid Eestist online teenuse kaudu\" \/>\n<meta property=\"og:description\" content=\"Osta Powerball Austraalia pileteid internetis - me teeme selle v\u00f5imalikuks Eesti m\u00e4ngijatele\" \/>\n<meta property=\"og:url\" content=\"https:\/\/onlinelotto365.com\/et\/pileteid-ostma\/powerball-australia\/\" \/>\n<meta property=\"og:site_name\" content=\"OnlineLotto365\" \/>\n<meta property=\"og:image\" content=\"https:\/\/redfoxlotto.com\/image?size=8&amp;lottery=powerball-au\" \/>\n<meta name=\"twitter:card\" content=\"summary_large_image\" \/>\n<meta name=\"twitter:label1\" content=\"Est. reading time\" \/>\n\t<meta name=\"twitter:data1\" content=\"3 minutit\" \/>\n<script type=\"application\/ld+json\" class=\"yoast-schema-graph\">{\"@context\":\"https:\/\/schema.org\",\"@graph\":[{\"@type\":\"WebPage\",\"@id\":\"https:\/\/onlinelotto365.com\/et\/pileteid-ostma\/powerball-australia\/\",\"url\":\"https:\/\/onlinelotto365.com\/et\/pileteid-ostma\/powerball-australia\/\",\"name\":\"Osta Powerball Austraalia pileteid Eestist online teenuse kaudu\",\"isPartOf\":{\"@id\":\"https:\/\/onlinelotto365.com\/et\/#website\"},\"primaryImageOfPage\":{\"@id\":\"https:\/\/onlinelotto365.com\/et\/pileteid-ostma\/powerball-australia\/#primaryimage\"},\"image\":{\"@id\":\"https:\/\/onlinelotto365.com\/et\/pileteid-ostma\/powerball-australia\/#primaryimage\"},\"thumbnailUrl\":\"https:\/\/redfoxlotto.com\/image?size=8&amp;lottery=powerball-au\",\"datePublished\":\"2022-11-18T12:00:14+00:00\",\"dateModified\":\"2022-11-18T12:00:14+00:00\",\"description\":\"Osta Powerball Austraalia pileteid internetis - me teeme selle v\u00f5imalikuks Eesti m\u00e4ngijatele\",\"breadcrumb\":{\"@id\":\"https:\/\/onlinelotto365.com\/et\/pileteid-ostma\/powerball-australia\/#breadcrumb\"},\"inLanguage\":\"et\",\"potentialAction\":[{\"@type\":\"ReadAction\",\"target\":[\"https:\/\/onlinelotto365.com\/et\/pileteid-ostma\/powerball-australia\/\"]}]},{\"@type\":\"ImageObject\",\"inLanguage\":\"et\",\"@id\":\"https:\/\/onlinelotto365.com\/et\/pileteid-ostma\/powerball-australia\/#primaryimage\",\"url\":\"https:\/\/redfoxlotto.com\/image?size=8&amp;lottery=powerball-au\",\"contentUrl\":\"https:\/\/redfoxlotto.com\/image?size=8&amp;lottery=powerball-au\"},{\"@type\":\"BreadcrumbList\",\"@id\":\"https:\/\/onlinelotto365.com\/et\/pileteid-ostma\/powerball-australia\/#breadcrumb\",\"itemListElement\":[{\"@type\":\"ListItem\",\"position\":1,\"name\":\"Home\",\"item\":\"https:\/\/onlinelotto365.com\/et\/\"},{\"@type\":\"ListItem\",\"position\":2,\"name\":\"Osta Loto Pileteid Internetis\",\"item\":\"https:\/\/onlinelotto365.com\/et\/pileteid-ostma\/\"},{\"@type\":\"ListItem\",\"position\":3,\"name\":\"Kuidas osta Powerball Austraalia pileteid internetis\"}]},{\"@type\":\"WebSite\",\"@id\":\"https:\/\/onlinelotto365.com\/et\/#website\",\"url\":\"https:\/\/onlinelotto365.com\/et\/\",\"name\":\"OnlineLotto365\",\"description\":\"\",\"potentialAction\":[{\"@type\":\"SearchAction\",\"target\":{\"@type\":\"EntryPoint\",\"urlTemplate\":\"https:\/\/onlinelotto365.com\/et\/?s={search_term_string}\"},\"query-input\":{\"@type\":\"PropertyValueSpecification\",\"valueRequired\":true,\"valueName\":\"search_term_string\"}}],\"inLanguage\":\"et\"}]}<\/script>\n<!-- \/ Yoast SEO plugin. -->","yoast_head_json":{"title":"Osta Powerball Austraalia pileteid Eestist online teenuse kaudu","description":"Osta Powerball Austraalia pileteid internetis - me teeme selle v\u00f5imalikuks Eesti m\u00e4ngijatele","robots":{"index":"index","follow":"follow","max-snippet":"max-snippet:-1","max-image-preview":"max-image-preview:large","max-video-preview":"max-video-preview:-1"},"canonical":"https:\/\/onlinelotto365.com\/et\/pileteid-ostma\/powerball-australia\/","og_locale":"et_EE","og_type":"article","og_title":"Osta Powerball Austraalia pileteid Eestist online teenuse kaudu","og_description":"Osta Powerball Austraalia pileteid internetis - me teeme selle v\u00f5imalikuks Eesti m\u00e4ngijatele","og_url":"https:\/\/onlinelotto365.com\/et\/pileteid-ostma\/powerball-australia\/","og_site_name":"OnlineLotto365","og_image":[{"url":"https:\/\/redfoxlotto.com\/image?size=8&amp;lottery=powerball-au"}],"twitter_card":"summary_large_image","twitter_misc":{"Est. reading time":"3 minutit"},"schema":{"@context":"https:\/\/schema.org","@graph":[{"@type":"WebPage","@id":"https:\/\/onlinelotto365.com\/et\/pileteid-ostma\/powerball-australia\/","url":"https:\/\/onlinelotto365.com\/et\/pileteid-ostma\/powerball-australia\/","name":"Osta Powerball Austraalia pileteid Eestist online teenuse kaudu","isPartOf":{"@id":"https:\/\/onlinelotto365.com\/et\/#website"},"primaryImageOfPage":{"@id":"https:\/\/onlinelotto365.com\/et\/pileteid-ostma\/powerball-australia\/#primaryimage"},"image":{"@id":"https:\/\/onlinelotto365.com\/et\/pileteid-ostma\/powerball-australia\/#primaryimage"},"thumbnailUrl":"https:\/\/redfoxlotto.com\/image?size=8&amp;lottery=powerball-au","datePublished":"2022-11-18T12:00:14+00:00","dateModified":"2022-11-18T12:00:14+00:00","description":"Osta Powerball Austraalia pileteid internetis - me teeme selle v\u00f5imalikuks Eesti m\u00e4ngijatele","breadcrumb":{"@id":"https:\/\/onlinelotto365.com\/et\/pileteid-ostma\/powerball-australia\/#breadcrumb"},"inLanguage":"et","potentialAction":[{"@type":"ReadAction","target":["https:\/\/onlinelotto365.com\/et\/pileteid-ostma\/powerball-australia\/"]}]},{"@type":"ImageObject","inLanguage":"et","@id":"https:\/\/onlinelotto365.com\/et\/pileteid-ostma\/powerball-australia\/#primaryimage","url":"https:\/\/redfoxlotto.com\/image?size=8&amp;lottery=powerball-au","contentUrl":"https:\/\/redfoxlotto.com\/image?size=8&amp;lottery=powerball-au"},{"@type":"BreadcrumbList","@id":"https:\/\/onlinelotto365.com\/et\/pileteid-ostma\/powerball-australia\/#breadcrumb","itemListElement":[{"@type":"ListItem","position":1,"name":"Home","item":"https:\/\/onlinelotto365.com\/et\/"},{"@type":"ListItem","position":2,"name":"Osta Loto Pileteid Internetis","item":"https:\/\/onlinelotto365.com\/et\/pileteid-ostma\/"},{"@type":"ListItem","position":3,"name":"Kuidas osta Powerball Austraalia pileteid internetis"}]},{"@type":"WebSite","@id":"https:\/\/onlinelotto365.com\/et\/#website","url":"https:\/\/onlinelotto365.com\/et\/","name":"OnlineLotto365","description":"","potentialAction":[{"@type":"SearchAction","target":{"@type":"EntryPoint","urlTemplate":"https:\/\/onlinelotto365.com\/et\/?s={search_term_string}"},"query-input":{"@type":"PropertyValueSpecification","valueRequired":true,"valueName":"search_term_string"}}],"inLanguage":"et"}]}},"_links":{"self":[{"href":"https:\/\/onlinelotto365.com\/et\/wp-json\/wp\/v2\/pages\/80495","targetHints":{"allow":["GET"]}}],"collection":[{"href":"https:\/\/onlinelotto365.com\/et\/wp-json\/wp\/v2\/pages"}],"about":[{"href":"https:\/\/onlinelotto365.com\/et\/wp-json\/wp\/v2\/types\/page"}],"author":[{"embeddable":true,"href":"https:\/\/onlinelotto365.com\/et\/wp-json\/wp\/v2\/users\/1"}],"replies":[{"embeddable":true,"href":"https:\/\/onlinelotto365.com\/et\/wp-json\/wp\/v2\/comments?post=80495"}],"version-history":[{"count":0,"href":"https:\/\/onlinelotto365.com\/et\/wp-json\/wp\/v2\/pages\/80495\/revisions"}],"up":[{"embeddable":true,"href":"https:\/\/onlinelotto365.com\/et\/wp-json\/wp\/v2\/pages\/5573"}],"wp:attachment":[{"href":"https:\/\/onlinelotto365.com\/et\/wp-json\/wp\/v2\/media?parent=80495"}],"curies":[{"name":"wp","href":"https:\/\/api.w.org\/{rel}","templated":true}]}}