{"id":80535,"date":"2022-11-21T10:56:38","date_gmt":"2022-11-21T09:56:38","guid":{"rendered":"https:\/\/onlinelotto365.com\/?page_id=80535"},"modified":"2022-11-21T10:56:38","modified_gmt":"2022-11-21T09:56:38","slug":"oz-lotto","status":"publish","type":"page","link":"https:\/\/onlinelotto365.com\/et\/pileteid-ostma\/oz-lotto\/","title":{"rendered":"Kuidas osta Oz Lotto pileteid internetis"},"content":{"rendered":"<p>Teil on \u00f5nne, sest me oleme l\u00e4bi vaadanud, mida te peate tegema, et saada oma Oz Lotto piletid siinsamas ja ka Eestist. Saate h\u00f5lpsasti osta internetis, kui j\u00e4rgite lihtsalt neid lihtsaid samme, mis me teile ette n\u00e4gime.<br \/>\n<a href=\"https:\/\/redfoxlotto.com\/play\/oz-lotto\/?ref=a8564250a2&amp;medium=ol365\" target=\"_blank\" rel=\"noopener noreferrer\"><img decoding=\"async\" class=\"aligncenter\" src=\"https:\/\/redfoxlotto.com\/image?size=8&amp;lottery=oz-lotto\" alt=\"Oz Lotto\" \/><\/a><\/p>\n<ul>\n<li>Mine selle loterii lehele, mida sa m\u00e4ngida soovid, ja vali v\u00e4lja numbrid, mida soovid. V\u00f5i lase arvutil sinu eest numbrid v\u00e4lja valida.<\/li>\n<li>Lisage pileteid veelgi rohkemate loteriide ja ka selle m\u00e4ngu jaoks<\/li>\n<li>Maksa kohe oma piletite eest<\/li>\n<li>Registreeri uus konto v\u00f5i logi sisse oma olemasolevale kontole, et l\u00e4bida makseprotsess<\/li>\n<li>Kontode puhul, mis vajavad registreerimist, veenduge, et te kontrolliksite oma e-kirja, et saada kinnituslinki, et alustada<\/li>\n<li>Vaadake oma r\u00e4mpsposti kaustast, kui te ei saanud e-kirja oma tavalisse postkasti, ja kl\u00f5psake kinnitamiseks lingile.<\/li>\n<li>Minge oma ostukorvi, et osta piletid<\/li>\n<li>Minge l\u00e4bi makseprotsessi, et saada oma piletid<\/li>\n<\/ul>\n<h2>Kuidas maksta Oz Lotto pileti eest internetis<\/h2>\n<p>Oz Lotto piletite eest tasumisel saate valida mitme erineva t\u00e4iesti turvalise v\u00f5imaluse vahel.<br \/>\nK\u00f5ik need sobivad kahte erinevasse kategooriasse:<\/p>\n<p>Maksa tellimuse eest \u00fcksk\u00f5ik millise valitud makseviisiga<br \/>\npange raha oma praegusele m\u00e4ngijakontole ja kasutage seda raha ostu sooritamiseks<\/p>\n<p>Veenduge, et panete rohkem raha, kui teil on vaja ostu sooritamiseks, kui kavatsete kasutada oma m\u00e4ngijakontot.<\/p>\n<h2>Rohkem infot Oz Lotto kohta<\/h2>\n<ul>\n<li>Riik: Austraalia<\/li>\n<li>Peamine numbrite valik: 45<\/li>\n<li>Teie valik: 7<\/li>\n<li>Loosimise p\u00e4evad, tunnid: Teisip\u00e4ev, 21:30 GMT+11, 10:30 CET<\/li>\n<li>Minimaalne jackpot: AU$ 2 miljonit<\/li>\n<li>Maksimaalne jackpot: ei ole<\/li>\n<li>T\u00f5en\u00e4osus v\u00f5ita jackpot: 1:45379620<\/li>\n<li>T\u00f5en\u00e4osus 2: 1:3241401<\/li>\n<li>T\u00f5en\u00e4osus v\u00f5ita \u00fcksk\u00f5ik millisel tasemel: 1:54,59<\/li>\n<li>Auhinnaklasside arv: 7<\/li>\n<\/ul>\n<h2>Oz Lotto piletite ostmise eelised internetis<\/h2>\n<ul>\n<li>Te ei pea oma piletite valimiseks kodust lahkuma.<\/li>\n<li>Saate valida paljude erinevate v\u00f5imaluste vahel<\/li>\n<li>Vaadake jackpoti summasid, et otsustada, millist loteriid soovite osta<\/li>\n<li>Lisate raha otse oma m\u00e4ngijakontole ja kasutate seda piletite ostmiseks<\/li>\n<li>Ei pea kunagi muretsema piletite kaotamise p\u00e4rast<\/li>\n<li>Saate teateid, kui midagi v\u00f5idate<\/li>\n<li>Kasutage kiirvaliku v\u00f5imalust, et saada pileteid ilma ise numbreid valimata<\/li>\n<\/ul>\n<h2>Kas Oz Lotto piletite ostmine internetis on seaduslik?<\/h2>\n<p>Te v\u00f5ite olla ebakindel, kas teie elukohariik lubab osta loteriipileteid internetis v\u00f5i isegi traditsioonilisel viisil. Noh, te ei pea muretsema, olgu siis Eestis v\u00f5i mujal, sest me hoolitseme selle eest, kui tegemist on selle riigi regulatsioonidega, kus m\u00e4ngu m\u00e4ngitakse. Te ei pea muretsema selle p\u00e4rast, kas meie pakutava teenuse kasutamine on seaduslik, kui olete v\u00e4hemalt 18-aastane. Me hoolitseme selle eest, et sulle makstakse igal juhul.<\/p>\n<h2>Kuidas ma saan raha, kui ma v\u00f5in Oz Lotto internetis v\u00f5ita?<\/h2>\n<p><img loading=\"lazy\" decoding=\"async\" class=\"alignright wp-image-3659\" src=\"https:\/\/onlinelotto365.com\/wp-content\/uploads\/2020\/11\/online_lottery-4-300x300.jpg\" alt=\"Oz Lotto \u00dchendkuningriigist\" width=\"246\" height=\"246\" srcset=\"https:\/\/onlinelotto365.com\/wp-content\/uploads\/2020\/11\/online_lottery-4-300x300.jpg 300w, https:\/\/onlinelotto365.com\/wp-content\/uploads\/2020\/11\/online_lottery-4-100x100.jpg 100w, https:\/\/onlinelotto365.com\/wp-content\/uploads\/2020\/11\/online_lottery-4-150x150.jpg 150w, https:\/\/onlinelotto365.com\/wp-content\/uploads\/2020\/11\/online_lottery-4.jpg 320w\" sizes=\"auto, (max-width: 246px) 100vw, 246px\" \/><br \/>\nMaksed on oluline osa protsessist, kui tegemist on teie loteriim\u00e4nguga. Me tahame tagada, et sa saaksid kogu oma raha k\u00e4tte ja seep\u00e4rast hoolitseme selle eest, et sinult ei v\u00f5idu korral ei v\u00f5eta komisjonitasu.<\/p>\n<p>Samuti ei v\u00f5eta sinult mingeid tasusid, v\u00e4lja arvatud juhul, kui otsustad, et saad raha oma kontole panga\u00fclekandega. Sellisel juhul v\u00f5idakse sinult n\u00f5uda tasu, mille suurus on see, mida pank \u00fclekande eest n\u00f5uab.<\/p>\n<p><strong>Muul juhul pidage seda meeles:<\/strong><\/p>\n<ul>\n<li>Kui sa v\u00f5idad v\u00e4hem kui 2500 eurot, kantakse raha automaatselt sinu kontole. Sa ei pea \u00fcldse millegi p\u00e4rast muretsema<\/li>\n<li>Kui v\u00f5idad rohkem kui 2500 eurot, tuleb raha k\u00e4ia l\u00e4bi n\u00f5uetekohaste kanalite. See t\u00e4hendab, et saad meilt e-kirja loteriikomisjonile n\u00f5udeavalduse t\u00e4itmise kohta. Seej\u00e4rel kantakse raha teie pangakontole v\u00f5i saadetakse see t\u0161ekiga otse teile.<\/li>\n<\/ul>\n","protected":false},"excerpt":{"rendered":"<p>Teil on \u00f5nne, sest me oleme l\u00e4bi vaadanud, mida te peate tegema, et saada oma Oz Lotto piletid siinsamas ja ka Eestist. Saate h\u00f5lpsasti osta internetis, kui j\u00e4rgite lihtsalt neid lihtsaid samme, mis me teile ette n\u00e4gime. Mine selle loterii lehele, mida sa m\u00e4ngida soovid, ja vali v\u00e4lja numbrid, mida soovid. V\u00f5i lase arvutil sinu [&hellip;]<\/p>\n","protected":false},"author":1,"featured_media":0,"parent":5573,"menu_order":14,"comment_status":"closed","ping_status":"closed","template":"template-rightsidebar.php","meta":{"_et_pb_use_builder":"","_et_pb_old_content":"","_et_gb_content_width":"","exclude_from_search":false,"footnotes":""},"class_list":["post-80535","page","type-page","status-publish","hentry"],"yoast_head":"<!-- This site is optimized with the Yoast SEO plugin v23.4 - https:\/\/yoast.com\/wordpress\/plugins\/seo\/ -->\n<title>Oz Lotto online piletite hankimine Eestist<\/title>\n<meta name=\"description\" content=\"Austraalia Oz Lotto piletite hankimine Eestist\" \/>\n<meta name=\"robots\" content=\"index, follow, max-snippet:-1, max-image-preview:large, max-video-preview:-1\" \/>\n<link rel=\"canonical\" href=\"https:\/\/onlinelotto365.com\/et\/pileteid-ostma\/oz-lotto\/\" \/>\n<meta property=\"og:locale\" content=\"et_EE\" \/>\n<meta property=\"og:type\" content=\"article\" \/>\n<meta property=\"og:title\" content=\"Oz Lotto online piletite hankimine Eestist\" \/>\n<meta property=\"og:description\" content=\"Austraalia Oz Lotto piletite hankimine Eestist\" \/>\n<meta property=\"og:url\" content=\"https:\/\/onlinelotto365.com\/et\/pileteid-ostma\/oz-lotto\/\" \/>\n<meta property=\"og:site_name\" content=\"OnlineLotto365\" \/>\n<meta property=\"og:image\" content=\"https:\/\/redfoxlotto.com\/image?size=8&amp;lottery=oz-lotto\" \/>\n<meta name=\"twitter:card\" content=\"summary_large_image\" \/>\n<meta name=\"twitter:label1\" content=\"Est. reading time\" \/>\n\t<meta name=\"twitter:data1\" content=\"3 minutit\" \/>\n<script type=\"application\/ld+json\" class=\"yoast-schema-graph\">{\"@context\":\"https:\/\/schema.org\",\"@graph\":[{\"@type\":\"WebPage\",\"@id\":\"https:\/\/onlinelotto365.com\/et\/pileteid-ostma\/oz-lotto\/\",\"url\":\"https:\/\/onlinelotto365.com\/et\/pileteid-ostma\/oz-lotto\/\",\"name\":\"Oz Lotto online piletite hankimine Eestist\",\"isPartOf\":{\"@id\":\"https:\/\/onlinelotto365.com\/et\/#website\"},\"primaryImageOfPage\":{\"@id\":\"https:\/\/onlinelotto365.com\/et\/pileteid-ostma\/oz-lotto\/#primaryimage\"},\"image\":{\"@id\":\"https:\/\/onlinelotto365.com\/et\/pileteid-ostma\/oz-lotto\/#primaryimage\"},\"thumbnailUrl\":\"https:\/\/redfoxlotto.com\/image?size=8&amp;lottery=oz-lotto\",\"datePublished\":\"2022-11-21T09:56:38+00:00\",\"dateModified\":\"2022-11-21T09:56:38+00:00\",\"description\":\"Austraalia Oz Lotto piletite hankimine Eestist\",\"breadcrumb\":{\"@id\":\"https:\/\/onlinelotto365.com\/et\/pileteid-ostma\/oz-lotto\/#breadcrumb\"},\"inLanguage\":\"et\",\"potentialAction\":[{\"@type\":\"ReadAction\",\"target\":[\"https:\/\/onlinelotto365.com\/et\/pileteid-ostma\/oz-lotto\/\"]}]},{\"@type\":\"ImageObject\",\"inLanguage\":\"et\",\"@id\":\"https:\/\/onlinelotto365.com\/et\/pileteid-ostma\/oz-lotto\/#primaryimage\",\"url\":\"https:\/\/redfoxlotto.com\/image?size=8&amp;lottery=oz-lotto\",\"contentUrl\":\"https:\/\/redfoxlotto.com\/image?size=8&amp;lottery=oz-lotto\"},{\"@type\":\"BreadcrumbList\",\"@id\":\"https:\/\/onlinelotto365.com\/et\/pileteid-ostma\/oz-lotto\/#breadcrumb\",\"itemListElement\":[{\"@type\":\"ListItem\",\"position\":1,\"name\":\"Home\",\"item\":\"https:\/\/onlinelotto365.com\/et\/\"},{\"@type\":\"ListItem\",\"position\":2,\"name\":\"Osta Loto Pileteid Internetis\",\"item\":\"https:\/\/onlinelotto365.com\/et\/pileteid-ostma\/\"},{\"@type\":\"ListItem\",\"position\":3,\"name\":\"Kuidas osta Oz Lotto pileteid internetis\"}]},{\"@type\":\"WebSite\",\"@id\":\"https:\/\/onlinelotto365.com\/et\/#website\",\"url\":\"https:\/\/onlinelotto365.com\/et\/\",\"name\":\"OnlineLotto365\",\"description\":\"\",\"potentialAction\":[{\"@type\":\"SearchAction\",\"target\":{\"@type\":\"EntryPoint\",\"urlTemplate\":\"https:\/\/onlinelotto365.com\/et\/?s={search_term_string}\"},\"query-input\":{\"@type\":\"PropertyValueSpecification\",\"valueRequired\":true,\"valueName\":\"search_term_string\"}}],\"inLanguage\":\"et\"}]}<\/script>\n<!-- \/ Yoast SEO plugin. -->","yoast_head_json":{"title":"Oz Lotto online piletite hankimine Eestist","description":"Austraalia Oz Lotto piletite hankimine Eestist","robots":{"index":"index","follow":"follow","max-snippet":"max-snippet:-1","max-image-preview":"max-image-preview:large","max-video-preview":"max-video-preview:-1"},"canonical":"https:\/\/onlinelotto365.com\/et\/pileteid-ostma\/oz-lotto\/","og_locale":"et_EE","og_type":"article","og_title":"Oz Lotto online piletite hankimine Eestist","og_description":"Austraalia Oz Lotto piletite hankimine Eestist","og_url":"https:\/\/onlinelotto365.com\/et\/pileteid-ostma\/oz-lotto\/","og_site_name":"OnlineLotto365","og_image":[{"url":"https:\/\/redfoxlotto.com\/image?size=8&amp;lottery=oz-lotto"}],"twitter_card":"summary_large_image","twitter_misc":{"Est. reading time":"3 minutit"},"schema":{"@context":"https:\/\/schema.org","@graph":[{"@type":"WebPage","@id":"https:\/\/onlinelotto365.com\/et\/pileteid-ostma\/oz-lotto\/","url":"https:\/\/onlinelotto365.com\/et\/pileteid-ostma\/oz-lotto\/","name":"Oz Lotto online piletite hankimine Eestist","isPartOf":{"@id":"https:\/\/onlinelotto365.com\/et\/#website"},"primaryImageOfPage":{"@id":"https:\/\/onlinelotto365.com\/et\/pileteid-ostma\/oz-lotto\/#primaryimage"},"image":{"@id":"https:\/\/onlinelotto365.com\/et\/pileteid-ostma\/oz-lotto\/#primaryimage"},"thumbnailUrl":"https:\/\/redfoxlotto.com\/image?size=8&amp;lottery=oz-lotto","datePublished":"2022-11-21T09:56:38+00:00","dateModified":"2022-11-21T09:56:38+00:00","description":"Austraalia Oz Lotto piletite hankimine Eestist","breadcrumb":{"@id":"https:\/\/onlinelotto365.com\/et\/pileteid-ostma\/oz-lotto\/#breadcrumb"},"inLanguage":"et","potentialAction":[{"@type":"ReadAction","target":["https:\/\/onlinelotto365.com\/et\/pileteid-ostma\/oz-lotto\/"]}]},{"@type":"ImageObject","inLanguage":"et","@id":"https:\/\/onlinelotto365.com\/et\/pileteid-ostma\/oz-lotto\/#primaryimage","url":"https:\/\/redfoxlotto.com\/image?size=8&amp;lottery=oz-lotto","contentUrl":"https:\/\/redfoxlotto.com\/image?size=8&amp;lottery=oz-lotto"},{"@type":"BreadcrumbList","@id":"https:\/\/onlinelotto365.com\/et\/pileteid-ostma\/oz-lotto\/#breadcrumb","itemListElement":[{"@type":"ListItem","position":1,"name":"Home","item":"https:\/\/onlinelotto365.com\/et\/"},{"@type":"ListItem","position":2,"name":"Osta Loto Pileteid Internetis","item":"https:\/\/onlinelotto365.com\/et\/pileteid-ostma\/"},{"@type":"ListItem","position":3,"name":"Kuidas osta Oz Lotto pileteid internetis"}]},{"@type":"WebSite","@id":"https:\/\/onlinelotto365.com\/et\/#website","url":"https:\/\/onlinelotto365.com\/et\/","name":"OnlineLotto365","description":"","potentialAction":[{"@type":"SearchAction","target":{"@type":"EntryPoint","urlTemplate":"https:\/\/onlinelotto365.com\/et\/?s={search_term_string}"},"query-input":{"@type":"PropertyValueSpecification","valueRequired":true,"valueName":"search_term_string"}}],"inLanguage":"et"}]}},"_links":{"self":[{"href":"https:\/\/onlinelotto365.com\/et\/wp-json\/wp\/v2\/pages\/80535","targetHints":{"allow":["GET"]}}],"collection":[{"href":"https:\/\/onlinelotto365.com\/et\/wp-json\/wp\/v2\/pages"}],"about":[{"href":"https:\/\/onlinelotto365.com\/et\/wp-json\/wp\/v2\/types\/page"}],"author":[{"embeddable":true,"href":"https:\/\/onlinelotto365.com\/et\/wp-json\/wp\/v2\/users\/1"}],"replies":[{"embeddable":true,"href":"https:\/\/onlinelotto365.com\/et\/wp-json\/wp\/v2\/comments?post=80535"}],"version-history":[{"count":0,"href":"https:\/\/onlinelotto365.com\/et\/wp-json\/wp\/v2\/pages\/80535\/revisions"}],"up":[{"embeddable":true,"href":"https:\/\/onlinelotto365.com\/et\/wp-json\/wp\/v2\/pages\/5573"}],"wp:attachment":[{"href":"https:\/\/onlinelotto365.com\/et\/wp-json\/wp\/v2\/media?parent=80535"}],"curies":[{"name":"wp","href":"https:\/\/api.w.org\/{rel}","templated":true}]}}