{"id":80568,"date":"2022-11-21T13:17:35","date_gmt":"2022-11-21T12:17:35","guid":{"rendered":"https:\/\/onlinelotto365.com\/?page_id=80568"},"modified":"2022-11-21T13:17:35","modified_gmt":"2022-11-21T12:17:35","slug":"saturday-lotto-australia","status":"publish","type":"page","link":"https:\/\/onlinelotto365.com\/et\/pileteid-ostma\/saturday-lotto-australia\/","title":{"rendered":"Kuidas osta laup\u00e4eval Lotto Austraalia pileteid internetis"},"content":{"rendered":"<p>Kui te ei olnud p\u00e4ris kindel, kuidas osta laup\u00e4eval Lotto Austraalia pileteid internetis, siis tahate vaadata seda samm-sammult juhendit, mis on m\u00f5eldud selleks, et aidata teil kiiresti selleni j\u00f5uda. Sa ei pea millegi p\u00e4rast muretsema, sest me aitame sind edasi.<br \/>\n<a href=\"https:\/\/redfoxlotto.com\/play\/saturday-lotto-au\/?ref=a8564250a2&amp;medium=ol365\" target=\"_blank\" rel=\"noopener noreferrer\"><img decoding=\"async\" class=\"aligncenter\" src=\"https:\/\/redfoxlotto.com\/image?size=8&amp;lottery=saturday-lotto-au\" alt=\"Laup\u00e4ev Lotto Austraalia\" \/><\/a><\/p>\n<ul>\n<li>Mine laup\u00e4evase Lotto Austraalia lehele ja vali v\u00e4lja numbrid, mida soovid igal piletil m\u00e4ngida.<\/li>\n<li>Lisage rohkem pileteid samale m\u00e4ngule v\u00f5i erinevatele m\u00e4ngudele<\/li>\n<li>Minge n\u00fc\u00fcd maksmise v\u00f5imalusele<\/li>\n<li>Logige sisse oma praegusele kontole v\u00f5i valige uue konto registreerimise v\u00f5imalus ja j\u00e4rgige juhiseid<\/li>\n<li>Uute kontode puhul kontrollige kindlasti oma e-postkasti, et saada kinnitusmeil koos kinnituslingiga.<\/li>\n<li>Kontrollige oma r\u00e4mpsposti kausta, kui te ei n\u00e4e kinnituskirja ja kl\u00f5psake lingil.<\/li>\n<li>Minge oma ostukorvi<\/li>\n<li>Valige maksev\u00f5imalus, mida soovite kasutada, ja l\u00e4bige makseprotsess.<\/li>\n<\/ul>\n<h2>Kuidas maksta oma laup\u00e4evase Lotto Austraalia pileti eest internetis<\/h2>\n<p>Saate kasutada \u00fchte paljudest erinevatest turvalistest maksev\u00f5imalustest, kui olete valmis ostma oma j\u00e4rgmisi loteriipileteid meiega Eestist.<br \/>\nValige nende erinevate v\u00f5imaluste hulgast:<\/p>\n<p>Makske tellimuse eest otse oma eelistatud makseviisi kaudu<br \/>\nPange raha oma kontole ja kasutage seda piletite ostmiseks<\/p>\n<p>Kui otsustate raha oma kontole panna, lisage kindlasti rohkem kui piisavalt raha ostmiseks.<\/p>\n<h2>Rohkem infot laup\u00e4evase Lotto Austraalia kohta<\/h2>\n<ul>\n<li>Riik: Austraalia<\/li>\n<li>Peamine numbrite valik: 45<\/li>\n<li>Teie valik: 6<\/li>\n<li>Loosimise p\u00e4evad, tunnid: Laup\u00e4ev, 21:30 GMT+11, 10:30 CET<\/li>\n<li>Minimaalne jackpot: AU$ 5 miljonit<\/li>\n<li>Maksimaalne jackpot: AU$ 150 miljonit<\/li>\n<li>T\u00f5en\u00e4osus v\u00f5ita jackpot: 1:8145060<\/li>\n<li>T\u00f5en\u00e4osus 2: 1:678755<\/li>\n<li>T\u00f5en\u00e4osus v\u00f5ita \u00fcksk\u00f5ik millisel tasandil: 1:85,44<\/li>\n<li>Auhinnaklasside arv: 6<\/li>\n<\/ul>\n<h2>Austraalia laup\u00e4evase loto piletite ostmise eelised internetis<\/h2>\n<ul>\n<li>Saate soovitud piletid ja ei pea kunagi uksest v\u00e4lja minema.<\/li>\n<li>Valige paljude erinevate loteriim\u00e4ngude hulgast<\/li>\n<li>Saate suurema v\u00f5iduv\u00f5imaluse, kui valite suurimad jackpotid<\/li>\n<li>Pange oma raha kontole ja seej\u00e4rel makske piletite eest<\/li>\n<li>J\u00e4lgige oma pileteid h\u00f5lpsasti<\/li>\n<li>Saage iga kord v\u00f5iduteateid<\/li>\n<li>Kasutage kiirvalikut, et saada pileteid ilma numbreid valimata<\/li>\n<\/ul>\n<h2>Kas laup\u00e4evase Lotto Austraalia piletite ostmine internetis on seaduslik?<\/h2>\n<p>Te v\u00f5ite olla n\u00e4rvis, kas loteriipiletite ostmine sel viisil, kui olete Eesti elanik, kas see on teie elukohariigis tegelikult seaduslik. Noh, te ei pea muretsema, sest me hoolitseme selle eest, et k\u00f5ik oleks seaduslik vastavalt riigile, kust piletid ostetakse, sealhulgas ka sellele, millises riigis on loterii asukoht. Te ei pea muretsema millegi muu p\u00e4rast kui selle p\u00e4rast, et te oleksite piletite ostmiseks piisavalt vanad. Meie veebisaidi kasutamiseks peate olema 18-aastane.<\/p>\n<h2>Kuidas mulle makstakse, kui ma v\u00f5in laup\u00e4eval Lotto Austraalia internetis v\u00f5ita?<\/h2>\n<p><img loading=\"lazy\" decoding=\"async\" class=\"alignright wp-image-3694\" src=\"https:\/\/onlinelotto365.com\/wp-content\/uploads\/2020\/11\/online_lottery-11-300x300.jpeg\" alt=\"osta pileteid laup\u00e4evane loto online\" width=\"187\" height=\"187\" srcset=\"https:\/\/onlinelotto365.com\/wp-content\/uploads\/2020\/11\/online_lottery-11-300x300.jpeg 300w, https:\/\/onlinelotto365.com\/wp-content\/uploads\/2020\/11\/online_lottery-11-100x100.jpeg 100w, https:\/\/onlinelotto365.com\/wp-content\/uploads\/2020\/11\/online_lottery-11-150x150.jpeg 150w, https:\/\/onlinelotto365.com\/wp-content\/uploads\/2020\/11\/online_lottery-11.jpeg 480w\" sizes=\"auto, (max-width: 187px) 100vw, 187px\" \/><br \/>\nMe teame, et te ei taha, et keegi v\u00f5taks osa teie v\u00f5idust, ja seep\u00e4rast hoolitseme selle eest, et me seda ei teeks. Sa ei maksa meile kunagi komisjonitasu, kui sa v\u00f5idad oma lemmikloteriim\u00e4ngud. Ja sa ei pea muretsema ka selle p\u00e4rast, et sa v\u00f5idudelt meile komisjonitasu maksaksid.<\/p>\n<p>Ainus kord, kui sa maksad kunagi tasu, on siis, kui otsustad oma loteriiv\u00f5idu hoiustada panga\u00fclekande kaudu, n\u00e4iteks Eesti panka. Need \u00fclekanded v\u00f5ivad m\u00f5nikord maksta meile tasu, kuna pangad v\u00f5tavad rahvusvaheliste \u00fclekannete eest tasu. See tasu v\u00f5idakse teile edasi kanda ja v\u00f5tta teie saadud v\u00f5idust maha.<br \/>\n<strong>V\u00e4ljamakse saamisel pead lihtsalt meeles pidama:<\/strong><\/p>\n<ul>\n<li>Alla 2500 euro suurused maksed pannakse sinu kontole. Sa ei pea midagi tegema, sest me teeme seda k\u00f5ike sinu eest.<\/li>\n<li>\u00dcle 2500 euro suurused maksed makstakse v\u00e4lja panga\u00fclekandega v\u00f5i t\u0161ekiga. Meie tugimeeskond v\u00f5tab sinuga \u00fchendust, et t\u00e4ita vorm, mis annab meile teada, kuidas raha sinuni toimetada. Seej\u00e4rel peate lihtsalt ootama paar p\u00e4eva, kuni see kohale j\u00f5uab.<\/li>\n<\/ul>\n","protected":false},"excerpt":{"rendered":"<p>Kui te ei olnud p\u00e4ris kindel, kuidas osta laup\u00e4eval Lotto Austraalia pileteid internetis, siis tahate vaadata seda samm-sammult juhendit, mis on m\u00f5eldud selleks, et aidata teil kiiresti selleni j\u00f5uda. Sa ei pea millegi p\u00e4rast muretsema, sest me aitame sind edasi. Mine laup\u00e4evase Lotto Austraalia lehele ja vali v\u00e4lja numbrid, mida soovid igal piletil m\u00e4ngida. Lisage [&hellip;]<\/p>\n","protected":false},"author":1,"featured_media":0,"parent":5573,"menu_order":15,"comment_status":"closed","ping_status":"closed","template":"saturday-lotto-info.php","meta":{"_et_pb_use_builder":"","_et_pb_old_content":"","_et_gb_content_width":"","exclude_from_search":false,"footnotes":""},"class_list":["post-80568","page","type-page","status-publish","hentry"],"yoast_head":"<!-- This site is optimized with the Yoast SEO plugin v23.4 - https:\/\/yoast.com\/wordpress\/plugins\/seo\/ -->\n<title>Kuidas saada laup\u00e4evase Lotto Austraalia pileteid, kui olete Eesti elanik<\/title>\n<meta name=\"description\" content=\"Eesti elanikud saavad n\u00fc\u00fcd osta pileteid laup\u00e4evase loto Austraalia jaoks\" \/>\n<meta name=\"robots\" content=\"index, follow, max-snippet:-1, max-image-preview:large, max-video-preview:-1\" \/>\n<link rel=\"canonical\" href=\"https:\/\/onlinelotto365.com\/et\/pileteid-ostma\/saturday-lotto-australia\/\" \/>\n<meta property=\"og:locale\" content=\"et_EE\" \/>\n<meta property=\"og:type\" content=\"article\" \/>\n<meta property=\"og:title\" content=\"Kuidas saada laup\u00e4evase Lotto Austraalia pileteid, kui olete Eesti elanik\" \/>\n<meta property=\"og:description\" content=\"Eesti elanikud saavad n\u00fc\u00fcd osta pileteid laup\u00e4evase loto Austraalia jaoks\" \/>\n<meta property=\"og:url\" content=\"https:\/\/onlinelotto365.com\/et\/pileteid-ostma\/saturday-lotto-australia\/\" \/>\n<meta property=\"og:site_name\" content=\"OnlineLotto365\" \/>\n<meta property=\"og:image\" content=\"https:\/\/redfoxlotto.com\/image?size=8&amp;lottery=saturday-lotto-au\" \/>\n<meta name=\"twitter:card\" content=\"summary_large_image\" \/>\n<meta name=\"twitter:label1\" content=\"Est. reading time\" \/>\n\t<meta name=\"twitter:data1\" content=\"3 minutit\" \/>\n<script type=\"application\/ld+json\" class=\"yoast-schema-graph\">{\"@context\":\"https:\/\/schema.org\",\"@graph\":[{\"@type\":\"WebPage\",\"@id\":\"https:\/\/onlinelotto365.com\/et\/pileteid-ostma\/saturday-lotto-australia\/\",\"url\":\"https:\/\/onlinelotto365.com\/et\/pileteid-ostma\/saturday-lotto-australia\/\",\"name\":\"Kuidas saada laup\u00e4evase Lotto Austraalia pileteid, kui olete Eesti elanik\",\"isPartOf\":{\"@id\":\"https:\/\/onlinelotto365.com\/et\/#website\"},\"primaryImageOfPage\":{\"@id\":\"https:\/\/onlinelotto365.com\/et\/pileteid-ostma\/saturday-lotto-australia\/#primaryimage\"},\"image\":{\"@id\":\"https:\/\/onlinelotto365.com\/et\/pileteid-ostma\/saturday-lotto-australia\/#primaryimage\"},\"thumbnailUrl\":\"https:\/\/redfoxlotto.com\/image?size=8&amp;lottery=saturday-lotto-au\",\"datePublished\":\"2022-11-21T12:17:35+00:00\",\"dateModified\":\"2022-11-21T12:17:35+00:00\",\"description\":\"Eesti elanikud saavad n\u00fc\u00fcd osta pileteid laup\u00e4evase loto Austraalia jaoks\",\"breadcrumb\":{\"@id\":\"https:\/\/onlinelotto365.com\/et\/pileteid-ostma\/saturday-lotto-australia\/#breadcrumb\"},\"inLanguage\":\"et\",\"potentialAction\":[{\"@type\":\"ReadAction\",\"target\":[\"https:\/\/onlinelotto365.com\/et\/pileteid-ostma\/saturday-lotto-australia\/\"]}]},{\"@type\":\"ImageObject\",\"inLanguage\":\"et\",\"@id\":\"https:\/\/onlinelotto365.com\/et\/pileteid-ostma\/saturday-lotto-australia\/#primaryimage\",\"url\":\"https:\/\/redfoxlotto.com\/image?size=8&amp;lottery=saturday-lotto-au\",\"contentUrl\":\"https:\/\/redfoxlotto.com\/image?size=8&amp;lottery=saturday-lotto-au\"},{\"@type\":\"BreadcrumbList\",\"@id\":\"https:\/\/onlinelotto365.com\/et\/pileteid-ostma\/saturday-lotto-australia\/#breadcrumb\",\"itemListElement\":[{\"@type\":\"ListItem\",\"position\":1,\"name\":\"Home\",\"item\":\"https:\/\/onlinelotto365.com\/et\/\"},{\"@type\":\"ListItem\",\"position\":2,\"name\":\"Osta Loto Pileteid Internetis\",\"item\":\"https:\/\/onlinelotto365.com\/et\/pileteid-ostma\/\"},{\"@type\":\"ListItem\",\"position\":3,\"name\":\"Kuidas osta laup\u00e4eval Lotto Austraalia pileteid internetis\"}]},{\"@type\":\"WebSite\",\"@id\":\"https:\/\/onlinelotto365.com\/et\/#website\",\"url\":\"https:\/\/onlinelotto365.com\/et\/\",\"name\":\"OnlineLotto365\",\"description\":\"\",\"potentialAction\":[{\"@type\":\"SearchAction\",\"target\":{\"@type\":\"EntryPoint\",\"urlTemplate\":\"https:\/\/onlinelotto365.com\/et\/?s={search_term_string}\"},\"query-input\":{\"@type\":\"PropertyValueSpecification\",\"valueRequired\":true,\"valueName\":\"search_term_string\"}}],\"inLanguage\":\"et\"}]}<\/script>\n<!-- \/ Yoast SEO plugin. -->","yoast_head_json":{"title":"Kuidas saada laup\u00e4evase Lotto Austraalia pileteid, kui olete Eesti elanik","description":"Eesti elanikud saavad n\u00fc\u00fcd osta pileteid laup\u00e4evase loto Austraalia jaoks","robots":{"index":"index","follow":"follow","max-snippet":"max-snippet:-1","max-image-preview":"max-image-preview:large","max-video-preview":"max-video-preview:-1"},"canonical":"https:\/\/onlinelotto365.com\/et\/pileteid-ostma\/saturday-lotto-australia\/","og_locale":"et_EE","og_type":"article","og_title":"Kuidas saada laup\u00e4evase Lotto Austraalia pileteid, kui olete Eesti elanik","og_description":"Eesti elanikud saavad n\u00fc\u00fcd osta pileteid laup\u00e4evase loto Austraalia jaoks","og_url":"https:\/\/onlinelotto365.com\/et\/pileteid-ostma\/saturday-lotto-australia\/","og_site_name":"OnlineLotto365","og_image":[{"url":"https:\/\/redfoxlotto.com\/image?size=8&amp;lottery=saturday-lotto-au"}],"twitter_card":"summary_large_image","twitter_misc":{"Est. reading time":"3 minutit"},"schema":{"@context":"https:\/\/schema.org","@graph":[{"@type":"WebPage","@id":"https:\/\/onlinelotto365.com\/et\/pileteid-ostma\/saturday-lotto-australia\/","url":"https:\/\/onlinelotto365.com\/et\/pileteid-ostma\/saturday-lotto-australia\/","name":"Kuidas saada laup\u00e4evase Lotto Austraalia pileteid, kui olete Eesti elanik","isPartOf":{"@id":"https:\/\/onlinelotto365.com\/et\/#website"},"primaryImageOfPage":{"@id":"https:\/\/onlinelotto365.com\/et\/pileteid-ostma\/saturday-lotto-australia\/#primaryimage"},"image":{"@id":"https:\/\/onlinelotto365.com\/et\/pileteid-ostma\/saturday-lotto-australia\/#primaryimage"},"thumbnailUrl":"https:\/\/redfoxlotto.com\/image?size=8&amp;lottery=saturday-lotto-au","datePublished":"2022-11-21T12:17:35+00:00","dateModified":"2022-11-21T12:17:35+00:00","description":"Eesti elanikud saavad n\u00fc\u00fcd osta pileteid laup\u00e4evase loto Austraalia jaoks","breadcrumb":{"@id":"https:\/\/onlinelotto365.com\/et\/pileteid-ostma\/saturday-lotto-australia\/#breadcrumb"},"inLanguage":"et","potentialAction":[{"@type":"ReadAction","target":["https:\/\/onlinelotto365.com\/et\/pileteid-ostma\/saturday-lotto-australia\/"]}]},{"@type":"ImageObject","inLanguage":"et","@id":"https:\/\/onlinelotto365.com\/et\/pileteid-ostma\/saturday-lotto-australia\/#primaryimage","url":"https:\/\/redfoxlotto.com\/image?size=8&amp;lottery=saturday-lotto-au","contentUrl":"https:\/\/redfoxlotto.com\/image?size=8&amp;lottery=saturday-lotto-au"},{"@type":"BreadcrumbList","@id":"https:\/\/onlinelotto365.com\/et\/pileteid-ostma\/saturday-lotto-australia\/#breadcrumb","itemListElement":[{"@type":"ListItem","position":1,"name":"Home","item":"https:\/\/onlinelotto365.com\/et\/"},{"@type":"ListItem","position":2,"name":"Osta Loto Pileteid Internetis","item":"https:\/\/onlinelotto365.com\/et\/pileteid-ostma\/"},{"@type":"ListItem","position":3,"name":"Kuidas osta laup\u00e4eval Lotto Austraalia pileteid internetis"}]},{"@type":"WebSite","@id":"https:\/\/onlinelotto365.com\/et\/#website","url":"https:\/\/onlinelotto365.com\/et\/","name":"OnlineLotto365","description":"","potentialAction":[{"@type":"SearchAction","target":{"@type":"EntryPoint","urlTemplate":"https:\/\/onlinelotto365.com\/et\/?s={search_term_string}"},"query-input":{"@type":"PropertyValueSpecification","valueRequired":true,"valueName":"search_term_string"}}],"inLanguage":"et"}]}},"_links":{"self":[{"href":"https:\/\/onlinelotto365.com\/et\/wp-json\/wp\/v2\/pages\/80568","targetHints":{"allow":["GET"]}}],"collection":[{"href":"https:\/\/onlinelotto365.com\/et\/wp-json\/wp\/v2\/pages"}],"about":[{"href":"https:\/\/onlinelotto365.com\/et\/wp-json\/wp\/v2\/types\/page"}],"author":[{"embeddable":true,"href":"https:\/\/onlinelotto365.com\/et\/wp-json\/wp\/v2\/users\/1"}],"replies":[{"embeddable":true,"href":"https:\/\/onlinelotto365.com\/et\/wp-json\/wp\/v2\/comments?post=80568"}],"version-history":[{"count":0,"href":"https:\/\/onlinelotto365.com\/et\/wp-json\/wp\/v2\/pages\/80568\/revisions"}],"up":[{"embeddable":true,"href":"https:\/\/onlinelotto365.com\/et\/wp-json\/wp\/v2\/pages\/5573"}],"wp:attachment":[{"href":"https:\/\/onlinelotto365.com\/et\/wp-json\/wp\/v2\/media?parent=80568"}],"curies":[{"name":"wp","href":"https:\/\/api.w.org\/{rel}","templated":true}]}}